{"id":92390,"date":"2026-02-07T13:32:50","date_gmt":"2026-02-07T13:32:50","guid":{"rendered":"https:\/\/beta.truzzer.com\/sitemap\/"},"modified":"2026-02-13T08:00:32","modified_gmt":"2026-02-13T08:00:32","slug":"sitemap","status":"publish","type":"page","link":"https:\/\/www.truzzer.com\/sv\/sitemap\/","title":{"rendered":"Webbplatskarta"},"content":{"rendered":"<p>&#8221;`html<\/p>\n<div class=\"toc_sitemap\">\n<h3 class=\"toc_sitemap_pages\">Paginas<\/h3>\n<ul class=\"toc_sitemap_pages_list\">\n<li class=\"page_item page-item-1104\"><a href=\"https:\/\/truzzer.com\/sv\/about-truzzer\/\">\u00d6ver truzzer<\/a><\/li>\n<li class=\"page_item page-item-90323 current_page_parent\"><a href=\"https:\/\/truzzer.com\/sv\/blog-2\/\">Blogg<\/a><\/li>\n<li class=\"page_item page-item-7\"><a href=\"https:\/\/truzzer.com\/sv\/varukorg\/\">Winkelwagen<\/a><\/li>\n<li class=\"page_item page-item-8\"><a href=\"https:\/\/truzzer.com\/sv\/kassa\/\">Afrekenen<\/a><\/li>\n<li class=\"page_item page-item-891\"><a href=\"https:\/\/truzzer.com\/sv\/contact\/\">Kontakt<\/a><\/li>\n<li class=\"page_item page-item-493\"><a href=\"https:\/\/truzzer.com\/sv\/facebook\/\">Facebook<\/a><\/li>\n<li class=\"page_item page-item-584\"><a href=\"https:\/\/truzzer.com\/sv\/faq\/\">Vanliga fr\u00e5gor<\/a><\/li>\n<li class=\"page_item page-item-495\"><a href=\"https:\/\/truzzer.com\/sv\/google\/\">Google<\/a><\/li>\n<li class=\"page_item page-item-365\"><a href=\"https:\/\/truzzer.com\/sv\/gx\/\">gx<\/a><\/li>\n<li class=\"page_item page-item-442\"><a href=\"https:\/\/truzzer.com\/sv\/gy\/\">gy<\/a><\/li>\n<li class=\"page_item page-item-57231\"><a href=\"https:\/\/truzzer.com\/sv\/\">Hem<\/a><\/li>\n<li class=\"page_item page-item-484\"><a href=\"https:\/\/truzzer.com\/sv\/instagram\/\">Instagram<\/a><\/li>\n<li class=\"page_item page-item-583\"><a href=\"https:\/\/truzzer.com\/sv\/legal-information\/\">Juridisk information<\/a><\/li>\n<li class=\"page_item page-item-953\"><a href=\"https:\/\/truzzer.com\/sv\/linkedin\/\">LinkedIN<\/a><\/li>\n<li class=\"page_item page-item-9\"><a href=\"https:\/\/truzzer.com\/my-account\/\">Mijn konto<\/a><\/li>\n<li class=\"page_item page-item-580\"><a href=\"https:\/\/truzzer.com\/sv\/payment-methods\/\">Betaalmetoder<\/a><\/li>\n<li class=\"page_item page-item-486\"><a href=\"https:\/\/truzzer.com\/sv\/paypal\/\">PayPal<\/a><\/li>\n<li class=\"page_item page-item-581\"><a href=\"https:\/\/truzzer.com\/sv\/privacy\/\">Sekretess<\/a><\/li>\n<li class=\"page_item page-item-582\"><a href=\"https:\/\/truzzer.com\/sv\/revocation\/\">Herroeping<\/a><\/li>\n<li class=\"page_item page-item-2\"><a href=\"https:\/\/truzzer.com\/sv\/sample-page\/\">Voorbeeldsida<\/a><\/li>\n<li class=\"page_item page-item-6\"><a href=\"https:\/\/truzzer.com\/sv\/butik\/\">Winkel<\/a><\/li>\n<li class=\"page_item page-item-90172\"><a href=\"https:\/\/truzzer.com\/sv\/shop-by-industry\/\">Winkel per gren<\/a><\/li>\n<li class=\"page_item page-item-90641\"><a href=\"https:\/\/truzzer.com\/sv\/sitemap-2\/\">Webbplatskarta<\/a><\/li>\n<li class=\"page_item page-item-317\"><a href=\"https:\/\/truzzer.com\/sv\/template\/\">sjabloon<\/a><\/li>\n<li class=\"page_item page-item-579\"><a href=\"https:\/\/truzzer.com\/sv\/terms-and-conditions\/\">Allm\u00e4nna villkor<\/a><\/li>\n<li class=\"page_item page-item-491\"><a href=\"https:\/\/truzzer.com\/sv\/tiktok\/\">TikTok<\/a><\/li>\n<li class=\"page_item page-item-912\"><a href=\"https:\/\/truzzer.com\/sv\/tripadvisor-reviews\/\">TripAdvisor Recensioner<\/a><\/li>\n<li class=\"page_item page-item-485\"><a href=\"https:\/\/truzzer.com\/sv\/whatsapp\/\">WhatsApp<\/a><\/li>\n<li class=\"page_item page-item-951\"><a href=\"https:\/\/truzzer.com\/sv\/yelp-reviews\/\">Yelp recensioner<\/a><\/li>\n<\/ul>\n<h3 class=\"toc_sitemap_categories\">Categorie\u00ebn<\/h3>\n<ul class=\"toc_sitemap_categories_list\">\n<li class=\"cat-item cat-item-170\"><a href=\"https:\/\/truzzer.com\/category\/alles-over-google-recensies\/\">Allt \u00f6ver Google-recensionerna<\/a>\n<\/li>\n<li class=\"cat-item cat-item-171\"><a href=\"https:\/\/truzzer.com\/category\/allt-om-google-recensioner\/\">Allt om Google-recensioner<\/a>\n<\/li>\n<li class=\"cat-item cat-item-195\"><a href=\"https:\/\/truzzer.com\/category\/alt-om-google-anmeldelser\/\">Alt om Google-omd\u00f6men<\/a>\n<\/li>\n<li class=\"cat-item cat-item-166\"><a href=\"https:\/\/truzzer.com\/category\/google-review-information\/\">Google recensioner<\/a>\n<\/li>\n<li class=\"cat-item cat-item-232\"><a href=\"https:\/\/truzzer.com\/category\/instagram-no\/\">Instagram<\/a>\n<\/li>\n<li class=\"cat-item cat-item-183\"><a href=\"https:\/\/truzzer.com\/category\/instagram-es\/\">Instagram<\/a>\n<\/li>\n<li class=\"cat-item cat-item-234\"><a href=\"https:\/\/truzzer.com\/category\/instagram-pl\/\">Instagram<\/a>\n<\/li>\n<li class=\"cat-item cat-item-184\"><a href=\"https:\/\/truzzer.com\/category\/instagram-it\/\">Instagram<\/a>\n<\/li>\n<li class=\"cat-item cat-item-185\"><a href=\"https:\/\/truzzer.com\/category\/instagram-sv\/\">Instagram<\/a>\n<\/li>\n<li class=\"cat-item cat-item-175\"><a href=\"https:\/\/truzzer.com\/category\/instagram\/\">Instagram<\/a>\n<\/li>\n<li class=\"cat-item cat-item-181\"><a href=\"https:\/\/truzzer.com\/category\/instagram-nl\/\">Instagram<\/a>\n<\/li>\n<li class=\"cat-item cat-item-182\"><a href=\"https:\/\/truzzer.com\/category\/instagram-fr\/\">Instagram<\/a>\n<\/li>\n<li class=\"cat-item cat-item-240\"><a href=\"https:\/\/truzzer.com\/category\/allgemein\/\">Nieuws<\/a>\n<\/li>\n<li class=\"cat-item cat-item-168\"><a href=\"https:\/\/truzzer.com\/category\/todo-sobre-las-opiniones-de-google\/\">F\u00f6r att g\u00f6ra dina \u00e5sikter om Google<\/a>\n<\/li>\n<li class=\"cat-item cat-item-169\"><a href=\"https:\/\/truzzer.com\/category\/tout-sur-les-avis-google\/\">Tout sur les avis Google<\/a>\n<\/li>\n<li class=\"cat-item cat-item-167\"><a href=\"https:\/\/truzzer.com\/category\/tutto-sulle-recensioni-di-google\/\">Alla recensioner av Google<\/a>\n<\/li>\n<li class=\"cat-item cat-item-205\"><a href=\"https:\/\/truzzer.com\/category\/wszystko-o-recenzjach-google\/\">Wszystko o recenzjach Google<\/a>\n<\/li>\n<\/ul>\n<\/div>\n","protected":false},"excerpt":{"rendered":"<p>&#8221;`html Paginas \u00d6ver truzzer Blogg Winkelwagen Afrekenen Kontakt Facebook Vanliga fr\u00e5gor Google gx gy Hem Instagram Juridisk information LinkedIN Mijn<\/p>\n","protected":false},"author":2,"featured_media":0,"parent":0,"menu_order":0,"comment_status":"closed","ping_status":"closed","template":"","meta":{"_acf_changed":false,"_yoast_wpseo_focuskw":"","_yoast_wpseo_title":"","_yoast_wpseo_metadesc":"","footnotes":""},"class_list":["post-92390","page","type-page","status-publish","hentry"],"acf":[],"yoast_head":"<!-- This site is optimized with the Yoast SEO plugin v27.0 - https:\/\/yoast.com\/product\/yoast-seo-wordpress\/ -->\n<title>Webbplatskarta | truzzer<\/title>\n<meta name=\"robots\" content=\"index, follow, max-snippet:-1, max-image-preview:large, max-video-preview:-1\" \/>\n<link rel=\"canonical\" href=\"https:\/\/www.truzzer.com\/sv\/sitemap\/\" \/>\n<meta property=\"og:locale\" content=\"sv_SE\" \/>\n<meta property=\"og:type\" content=\"article\" \/>\n<meta property=\"og:title\" content=\"Webbplatskarta | truzzer\" \/>\n<meta property=\"og:description\" content=\"&#8221;`html Paginas \u00d6ver truzzer Blogg Winkelwagen Afrekenen Kontakt Facebook Vanliga fr\u00e5gor Google gx gy Hem Instagram Juridisk information LinkedIN Mijn\" \/>\n<meta property=\"og:url\" content=\"https:\/\/www.truzzer.com\/sv\/sitemap\/\" \/>\n<meta property=\"og:site_name\" content=\"truzzer\" \/>\n<meta property=\"article:modified_time\" content=\"2026-02-13T08:00:32+00:00\" \/>\n<meta name=\"twitter:card\" content=\"summary_large_image\" \/>\n<script type=\"application\/ld+json\" class=\"yoast-schema-graph\">{\"@context\":\"https:\/\/schema.org\",\"@graph\":[{\"@type\":\"WebPage\",\"@id\":\"https:\/\/www.truzzer.com\/sv\/sitemap\/\",\"url\":\"https:\/\/www.truzzer.com\/sv\/sitemap\/\",\"name\":\"Webbplatskarta | truzzer\",\"isPartOf\":{\"@id\":\"https:\/\/www.truzzer.com\/sv\/#website\"},\"datePublished\":\"2026-02-07T13:32:50+00:00\",\"dateModified\":\"2026-02-13T08:00:32+00:00\",\"breadcrumb\":{\"@id\":\"https:\/\/www.truzzer.com\/sv\/sitemap\/#breadcrumb\"},\"inLanguage\":\"sv-SE\",\"potentialAction\":[{\"@type\":\"ReadAction\",\"target\":[\"https:\/\/www.truzzer.com\/sv\/sitemap\/\"]}]},{\"@type\":\"BreadcrumbList\",\"@id\":\"https:\/\/www.truzzer.com\/sv\/sitemap\/#breadcrumb\",\"itemListElement\":[{\"@type\":\"ListItem\",\"position\":1,\"name\":\"Home\",\"item\":\"https:\/\/www.truzzer.com\/sv\/\"},{\"@type\":\"ListItem\",\"position\":2,\"name\":\"Webbplatskarta\"}]},{\"@type\":\"WebSite\",\"@id\":\"https:\/\/www.truzzer.com\/sv\/#website\",\"url\":\"https:\/\/www.truzzer.com\/sv\/\",\"name\":\"truzzer\",\"description\":\"Experts for customer trust\",\"publisher\":{\"@id\":\"https:\/\/www.truzzer.com\/sv\/#organization\"},\"potentialAction\":[{\"@type\":\"SearchAction\",\"target\":{\"@type\":\"EntryPoint\",\"urlTemplate\":\"https:\/\/www.truzzer.com\/sv\/?s={search_term_string}\"},\"query-input\":{\"@type\":\"PropertyValueSpecification\",\"valueRequired\":true,\"valueName\":\"search_term_string\"}}],\"inLanguage\":\"sv-SE\"},{\"@type\":\"Organization\",\"@id\":\"https:\/\/www.truzzer.com\/sv\/#organization\",\"name\":\"truzzer\",\"url\":\"https:\/\/www.truzzer.com\/sv\/\",\"logo\":{\"@type\":\"ImageObject\",\"inLanguage\":\"sv-SE\",\"@id\":\"https:\/\/www.truzzer.com\/sv\/#\/schema\/logo\/image\/\",\"url\":\"https:\/\/truzzer.com\/wp-content\/uploads\/2026\/01\/truzzer-logo-black-1.svg\",\"contentUrl\":\"https:\/\/truzzer.com\/wp-content\/uploads\/2026\/01\/truzzer-logo-black-1.svg\",\"width\":938,\"height\":199,\"caption\":\"truzzer\"},\"image\":{\"@id\":\"https:\/\/www.truzzer.com\/sv\/#\/schema\/logo\/image\/\"}}]}<\/script>\n<!-- \/ Yoast SEO plugin. -->","yoast_head_json":{"title":"Webbplatskarta | truzzer","robots":{"index":"index","follow":"follow","max-snippet":"max-snippet:-1","max-image-preview":"max-image-preview:large","max-video-preview":"max-video-preview:-1"},"canonical":"https:\/\/www.truzzer.com\/sv\/sitemap\/","og_locale":"sv_SE","og_type":"article","og_title":"Webbplatskarta | truzzer","og_description":"&#8221;`html Paginas \u00d6ver truzzer Blogg Winkelwagen Afrekenen Kontakt Facebook Vanliga fr\u00e5gor Google gx gy Hem Instagram Juridisk information LinkedIN Mijn","og_url":"https:\/\/www.truzzer.com\/sv\/sitemap\/","og_site_name":"truzzer","article_modified_time":"2026-02-13T08:00:32+00:00","twitter_card":"summary_large_image","schema":{"@context":"https:\/\/schema.org","@graph":[{"@type":"WebPage","@id":"https:\/\/www.truzzer.com\/sv\/sitemap\/","url":"https:\/\/www.truzzer.com\/sv\/sitemap\/","name":"Webbplatskarta | truzzer","isPartOf":{"@id":"https:\/\/www.truzzer.com\/sv\/#website"},"datePublished":"2026-02-07T13:32:50+00:00","dateModified":"2026-02-13T08:00:32+00:00","breadcrumb":{"@id":"https:\/\/www.truzzer.com\/sv\/sitemap\/#breadcrumb"},"inLanguage":"sv-SE","potentialAction":[{"@type":"ReadAction","target":["https:\/\/www.truzzer.com\/sv\/sitemap\/"]}]},{"@type":"BreadcrumbList","@id":"https:\/\/www.truzzer.com\/sv\/sitemap\/#breadcrumb","itemListElement":[{"@type":"ListItem","position":1,"name":"Home","item":"https:\/\/www.truzzer.com\/sv\/"},{"@type":"ListItem","position":2,"name":"Webbplatskarta"}]},{"@type":"WebSite","@id":"https:\/\/www.truzzer.com\/sv\/#website","url":"https:\/\/www.truzzer.com\/sv\/","name":"truzzer","description":"Experts for customer trust","publisher":{"@id":"https:\/\/www.truzzer.com\/sv\/#organization"},"potentialAction":[{"@type":"SearchAction","target":{"@type":"EntryPoint","urlTemplate":"https:\/\/www.truzzer.com\/sv\/?s={search_term_string}"},"query-input":{"@type":"PropertyValueSpecification","valueRequired":true,"valueName":"search_term_string"}}],"inLanguage":"sv-SE"},{"@type":"Organization","@id":"https:\/\/www.truzzer.com\/sv\/#organization","name":"truzzer","url":"https:\/\/www.truzzer.com\/sv\/","logo":{"@type":"ImageObject","inLanguage":"sv-SE","@id":"https:\/\/www.truzzer.com\/sv\/#\/schema\/logo\/image\/","url":"https:\/\/truzzer.com\/wp-content\/uploads\/2026\/01\/truzzer-logo-black-1.svg","contentUrl":"https:\/\/truzzer.com\/wp-content\/uploads\/2026\/01\/truzzer-logo-black-1.svg","width":938,"height":199,"caption":"truzzer"},"image":{"@id":"https:\/\/www.truzzer.com\/sv\/#\/schema\/logo\/image\/"}}]}},"_links":{"self":[{"href":"https:\/\/www.truzzer.com\/sv\/wp-json\/wp\/v2\/pages\/92390","targetHints":{"allow":["GET"]}}],"collection":[{"href":"https:\/\/www.truzzer.com\/sv\/wp-json\/wp\/v2\/pages"}],"about":[{"href":"https:\/\/www.truzzer.com\/sv\/wp-json\/wp\/v2\/types\/page"}],"author":[{"embeddable":true,"href":"https:\/\/www.truzzer.com\/sv\/wp-json\/wp\/v2\/users\/2"}],"replies":[{"embeddable":true,"href":"https:\/\/www.truzzer.com\/sv\/wp-json\/wp\/v2\/comments?post=92390"}],"version-history":[{"count":0,"href":"https:\/\/www.truzzer.com\/sv\/wp-json\/wp\/v2\/pages\/92390\/revisions"}],"wp:attachment":[{"href":"https:\/\/www.truzzer.com\/sv\/wp-json\/wp\/v2\/media?parent=92390"}],"curies":[{"name":"wp","href":"https:\/\/api.w.org\/{rel}","templated":true}]}}