{"id":92403,"date":"2026-02-06T10:32:20","date_gmt":"2026-02-06T10:32:20","guid":{"rendered":"https:\/\/beta.truzzer.com\/sitemap-2\/"},"modified":"2026-02-13T08:01:38","modified_gmt":"2026-02-13T08:01:38","slug":"sitemap-2","status":"publish","type":"page","link":"https:\/\/www.truzzer.com\/sv\/sitemap-2\/","title":{"rendered":"Webbplatskarta"},"content":{"rendered":"\n<div class=\"toc_sitemap\"><h3 class=\"toc_sitemap_pages\">Pages<\/h3><ul class=\"toc_sitemap_pages_list\"><li class=\"page_item page-item-101796\"><a href=\"https:\/\/www.truzzer.com\/sv\/revocation\/\">\u00c5terkallande<\/a><\/li>\n<li class=\"page_item page-item-105338\"><a href=\"https:\/\/www.truzzer.com\/sv\/bankingcheck\/\">BankingCheck<\/a><\/li>\n<li class=\"page_item page-item-105330\"><a href=\"https:\/\/www.truzzer.com\/sv\/bestall-klistermarken-for-sociala-medier-online\/\">Best\u00e4ll klisterm\u00e4rken f\u00f6r sociala medier online<\/a><\/li>\n<li class=\"page_item page-item-101802\"><a href=\"https:\/\/www.truzzer.com\/sv\/payment-methods\/\">Betalningsmetoder<\/a><\/li>\n<li class=\"page_item page-item-92383\"><a href=\"https:\/\/www.truzzer.com\/sv\/blog\/\">Blogg<\/a><\/li>\n<li class=\"page_item page-item-92412 current_page_parent\"><a href=\"https:\/\/www.truzzer.com\/sv\/blog-2\/\">Blogg<\/a><\/li>\n<li class=\"page_item page-item-91196\"><a href=\"https:\/\/www.truzzer.com\/sv\/butik\/\">Butik<\/a><\/li>\n<li class=\"page_item page-item-105372\"><a href=\"https:\/\/www.truzzer.com\/sv\/digital-v-card-for-foretag\/\">Digital V-Card F\u00f6r F\u00f6retag<\/a><\/li>\n<li class=\"page_item page-item-100645\"><a href=\"https:\/\/www.truzzer.com\/sv\/sample-page\/\">Exempelsida<\/a><\/li>\n<li class=\"page_item page-item-101823\"><a href=\"https:\/\/www.truzzer.com\/sv\/facebook\/\">Facebook<\/a><\/li>\n<li class=\"page_item page-item-101786\"><a href=\"https:\/\/www.truzzer.com\/sv\/faq\/\">FAQ<\/a><\/li>\n<li class=\"page_item page-item-101815\"><a href=\"https:\/\/www.truzzer.com\/sv\/google\/\">Google<\/a><\/li>\n<li class=\"page_item page-item-105380\"><a href=\"https:\/\/www.truzzer.com\/sv\/google-my-business-profiloptimering\/\">Google My Business-profiloptimering<\/a><\/li>\n<li class=\"page_item page-item-100681\"><a href=\"https:\/\/www.truzzer.com\/sv\/gx\/\">gx<\/a><\/li>\n<li class=\"page_item page-item-100732\"><a href=\"https:\/\/www.truzzer.com\/sv\/gy\/\">gy<\/a><\/li>\n<li class=\"page_item page-item-92530\"><a href=\"https:\/\/www.truzzer.com\/sv\/shop-by-industry\/\">Handla efter bransch<\/a><\/li>\n<li class=\"page_item page-item-92686\"><a href=\"https:\/\/www.truzzer.com\/sv\/\">Hem<\/a><\/li>\n<li class=\"page_item page-item-92369\"><a href=\"https:\/\/www.truzzer.com\/sv\/home\/\">Hem<\/a><\/li>\n<li class=\"page_item page-item-100783\"><a href=\"https:\/\/www.truzzer.com\/sv\/instagram\/\">Instagram<\/a><\/li>\n<li class=\"page_item page-item-101793\"><a href=\"https:\/\/www.truzzer.com\/sv\/legal-information\/\">Juridisk information<\/a><\/li>\n<li class=\"page_item page-item-91198\"><a href=\"https:\/\/www.truzzer.com\/sv\/kassa\/\">Kassa<\/a><\/li>\n<li class=\"page_item page-item-101771\"><a href=\"https:\/\/www.truzzer.com\/sv\/contact\/\">Kontakta<\/a><\/li>\n<li class=\"page_item page-item-101748\"><a href=\"https:\/\/www.truzzer.com\/sv\/linkedin\/\">LinkedIN<\/a><\/li>\n<li class=\"page_item page-item-100657\"><a href=\"https:\/\/www.truzzer.com\/sv\/template\/\">mall<\/a><\/li>\n<li class=\"page_item page-item-91199\"><a href=\"https:\/\/www.truzzer.com\/sv\/mitt-konto\/\">Mitt konto<\/a><\/li>\n<li class=\"page_item page-item-92763\"><a href=\"https:\/\/www.truzzer.com\/sv\/about-truzzer\/\">Om truzzer<\/a><\/li>\n<li class=\"page_item page-item-101842\"><a href=\"https:\/\/www.truzzer.com\/sv\/paypal\/\">PayPal<\/a><\/li>\n<li class=\"page_item page-item-101799\"><a href=\"https:\/\/www.truzzer.com\/sv\/privacy\/\">Privatliv<\/a><\/li>\n<li class=\"page_item page-item-101805\"><a href=\"https:\/\/www.truzzer.com\/sv\/terms-and-conditions\/\">Regler och villkor<\/a><\/li>\n<li class=\"page_item page-item-105364\"><a href=\"https:\/\/www.truzzer.com\/sv\/skapa-google-konto\/\">Skapa Google-konto<\/a><\/li>\n<li class=\"page_item page-item-101829\"><a href=\"https:\/\/www.truzzer.com\/sv\/tiktok\/\">TikTok<\/a><\/li>\n<li class=\"page_item page-item-101764\"><a href=\"https:\/\/www.truzzer.com\/sv\/tripadvisor-reviews\/\">TripAdvisor recensioner<\/a><\/li>\n<li class=\"page_item page-item-91197\"><a href=\"https:\/\/www.truzzer.com\/sv\/varukorg\/\">Varukorg<\/a><\/li>\n<li class=\"page_item page-item-105388\"><a href=\"https:\/\/www.truzzer.com\/sv\/visa-nfc\/\">Visa NFC<\/a><\/li>\n<li class=\"page_item page-item-92390\"><a href=\"https:\/\/www.truzzer.com\/sv\/sitemap\/\">Webbplatskarta<\/a><\/li>\n<li class=\"page_item page-item-92403\"><a href=\"https:\/\/www.truzzer.com\/sv\/sitemap-2\/\">Webbplatskarta<\/a><\/li>\n<li class=\"page_item page-item-101836\"><a href=\"https:\/\/www.truzzer.com\/sv\/whatsapp\/\">WhatsApp<\/a><\/li>\n<li class=\"page_item page-item-92376\"><a href=\"https:\/\/www.truzzer.com\/sv\/winkel-per-branche\/\">Winkel per gren<\/a><\/li>\n<li class=\"page_item page-item-101754\"><a href=\"https:\/\/www.truzzer.com\/sv\/yelp-reviews\/\">Yelp recensioner<\/a><\/li>\n<\/ul><h3 class=\"toc_sitemap_categories\">Categories<\/h3><ul class=\"toc_sitemap_categories_list\"><li class=\"cat-item-none\">Inga kategorier<\/li><\/ul><\/div>\n","protected":false},"excerpt":{"rendered":"","protected":false},"author":1,"featured_media":0,"parent":0,"menu_order":0,"comment_status":"closed","ping_status":"closed","template":"","meta":{"_acf_changed":false,"_yoast_wpseo_focuskw":"","_yoast_wpseo_title":"","_yoast_wpseo_metadesc":"","footnotes":""},"class_list":["post-92403","page","type-page","status-publish","hentry"],"acf":[],"yoast_head":"<!-- This site is optimized with the Yoast SEO plugin v27.0 - https:\/\/yoast.com\/product\/yoast-seo-wordpress\/ -->\n<title>Webbplatskarta | truzzer<\/title>\n<meta name=\"robots\" content=\"index, follow, max-snippet:-1, max-image-preview:large, max-video-preview:-1\" \/>\n<link rel=\"canonical\" href=\"https:\/\/www.truzzer.com\/sv\/sitemap-2\/\" \/>\n<meta property=\"og:locale\" content=\"sv_SE\" \/>\n<meta property=\"og:type\" content=\"article\" \/>\n<meta property=\"og:title\" content=\"Webbplatskarta | truzzer\" \/>\n<meta property=\"og:url\" content=\"https:\/\/www.truzzer.com\/sv\/sitemap-2\/\" \/>\n<meta property=\"og:site_name\" content=\"truzzer\" \/>\n<meta property=\"article:modified_time\" content=\"2026-02-13T08:01:38+00:00\" \/>\n<meta name=\"twitter:card\" content=\"summary_large_image\" \/>\n<script type=\"application\/ld+json\" class=\"yoast-schema-graph\">{\"@context\":\"https:\/\/schema.org\",\"@graph\":[{\"@type\":\"WebPage\",\"@id\":\"https:\/\/www.truzzer.com\/sv\/sitemap-2\/\",\"url\":\"https:\/\/www.truzzer.com\/sv\/sitemap-2\/\",\"name\":\"Webbplatskarta | truzzer\",\"isPartOf\":{\"@id\":\"https:\/\/www.truzzer.com\/sv\/#website\"},\"datePublished\":\"2026-02-06T10:32:20+00:00\",\"dateModified\":\"2026-02-13T08:01:38+00:00\",\"breadcrumb\":{\"@id\":\"https:\/\/www.truzzer.com\/sv\/sitemap-2\/#breadcrumb\"},\"inLanguage\":\"sv-SE\",\"potentialAction\":[{\"@type\":\"ReadAction\",\"target\":[\"https:\/\/www.truzzer.com\/sv\/sitemap-2\/\"]}]},{\"@type\":\"BreadcrumbList\",\"@id\":\"https:\/\/www.truzzer.com\/sv\/sitemap-2\/#breadcrumb\",\"itemListElement\":[{\"@type\":\"ListItem\",\"position\":1,\"name\":\"Home\",\"item\":\"https:\/\/www.truzzer.com\/sv\/\"},{\"@type\":\"ListItem\",\"position\":2,\"name\":\"Webbplatskarta\"}]},{\"@type\":\"WebSite\",\"@id\":\"https:\/\/www.truzzer.com\/sv\/#website\",\"url\":\"https:\/\/www.truzzer.com\/sv\/\",\"name\":\"truzzer\",\"description\":\"Experts for customer trust\",\"publisher\":{\"@id\":\"https:\/\/www.truzzer.com\/sv\/#organization\"},\"potentialAction\":[{\"@type\":\"SearchAction\",\"target\":{\"@type\":\"EntryPoint\",\"urlTemplate\":\"https:\/\/www.truzzer.com\/sv\/?s={search_term_string}\"},\"query-input\":{\"@type\":\"PropertyValueSpecification\",\"valueRequired\":true,\"valueName\":\"search_term_string\"}}],\"inLanguage\":\"sv-SE\"},{\"@type\":\"Organization\",\"@id\":\"https:\/\/www.truzzer.com\/sv\/#organization\",\"name\":\"truzzer\",\"url\":\"https:\/\/www.truzzer.com\/sv\/\",\"logo\":{\"@type\":\"ImageObject\",\"inLanguage\":\"sv-SE\",\"@id\":\"https:\/\/www.truzzer.com\/sv\/#\/schema\/logo\/image\/\",\"url\":\"https:\/\/truzzer.com\/wp-content\/uploads\/2026\/01\/truzzer-logo-black-1.svg\",\"contentUrl\":\"https:\/\/truzzer.com\/wp-content\/uploads\/2026\/01\/truzzer-logo-black-1.svg\",\"width\":938,\"height\":199,\"caption\":\"truzzer\"},\"image\":{\"@id\":\"https:\/\/www.truzzer.com\/sv\/#\/schema\/logo\/image\/\"}}]}<\/script>\n<!-- \/ Yoast SEO plugin. -->","yoast_head_json":{"title":"Webbplatskarta | truzzer","robots":{"index":"index","follow":"follow","max-snippet":"max-snippet:-1","max-image-preview":"max-image-preview:large","max-video-preview":"max-video-preview:-1"},"canonical":"https:\/\/www.truzzer.com\/sv\/sitemap-2\/","og_locale":"sv_SE","og_type":"article","og_title":"Webbplatskarta | truzzer","og_url":"https:\/\/www.truzzer.com\/sv\/sitemap-2\/","og_site_name":"truzzer","article_modified_time":"2026-02-13T08:01:38+00:00","twitter_card":"summary_large_image","schema":{"@context":"https:\/\/schema.org","@graph":[{"@type":"WebPage","@id":"https:\/\/www.truzzer.com\/sv\/sitemap-2\/","url":"https:\/\/www.truzzer.com\/sv\/sitemap-2\/","name":"Webbplatskarta | truzzer","isPartOf":{"@id":"https:\/\/www.truzzer.com\/sv\/#website"},"datePublished":"2026-02-06T10:32:20+00:00","dateModified":"2026-02-13T08:01:38+00:00","breadcrumb":{"@id":"https:\/\/www.truzzer.com\/sv\/sitemap-2\/#breadcrumb"},"inLanguage":"sv-SE","potentialAction":[{"@type":"ReadAction","target":["https:\/\/www.truzzer.com\/sv\/sitemap-2\/"]}]},{"@type":"BreadcrumbList","@id":"https:\/\/www.truzzer.com\/sv\/sitemap-2\/#breadcrumb","itemListElement":[{"@type":"ListItem","position":1,"name":"Home","item":"https:\/\/www.truzzer.com\/sv\/"},{"@type":"ListItem","position":2,"name":"Webbplatskarta"}]},{"@type":"WebSite","@id":"https:\/\/www.truzzer.com\/sv\/#website","url":"https:\/\/www.truzzer.com\/sv\/","name":"truzzer","description":"Experts for customer trust","publisher":{"@id":"https:\/\/www.truzzer.com\/sv\/#organization"},"potentialAction":[{"@type":"SearchAction","target":{"@type":"EntryPoint","urlTemplate":"https:\/\/www.truzzer.com\/sv\/?s={search_term_string}"},"query-input":{"@type":"PropertyValueSpecification","valueRequired":true,"valueName":"search_term_string"}}],"inLanguage":"sv-SE"},{"@type":"Organization","@id":"https:\/\/www.truzzer.com\/sv\/#organization","name":"truzzer","url":"https:\/\/www.truzzer.com\/sv\/","logo":{"@type":"ImageObject","inLanguage":"sv-SE","@id":"https:\/\/www.truzzer.com\/sv\/#\/schema\/logo\/image\/","url":"https:\/\/truzzer.com\/wp-content\/uploads\/2026\/01\/truzzer-logo-black-1.svg","contentUrl":"https:\/\/truzzer.com\/wp-content\/uploads\/2026\/01\/truzzer-logo-black-1.svg","width":938,"height":199,"caption":"truzzer"},"image":{"@id":"https:\/\/www.truzzer.com\/sv\/#\/schema\/logo\/image\/"}}]}},"_links":{"self":[{"href":"https:\/\/www.truzzer.com\/sv\/wp-json\/wp\/v2\/pages\/92403","targetHints":{"allow":["GET"]}}],"collection":[{"href":"https:\/\/www.truzzer.com\/sv\/wp-json\/wp\/v2\/pages"}],"about":[{"href":"https:\/\/www.truzzer.com\/sv\/wp-json\/wp\/v2\/types\/page"}],"author":[{"embeddable":true,"href":"https:\/\/www.truzzer.com\/sv\/wp-json\/wp\/v2\/users\/1"}],"replies":[{"embeddable":true,"href":"https:\/\/www.truzzer.com\/sv\/wp-json\/wp\/v2\/comments?post=92403"}],"version-history":[{"count":0,"href":"https:\/\/www.truzzer.com\/sv\/wp-json\/wp\/v2\/pages\/92403\/revisions"}],"wp:attachment":[{"href":"https:\/\/www.truzzer.com\/sv\/wp-json\/wp\/v2\/media?parent=92403"}],"curies":[{"name":"wp","href":"https:\/\/api.w.org\/{rel}","templated":true}]}}