{"id":101186,"date":"2026-02-01T20:03:47","date_gmt":"2026-02-01T20:03:47","guid":{"rendered":"https:\/\/beta.truzzer.com\/product\/whatsapp-business-card-iconic-with-whatsapp-chat-qr-code\/"},"modified":"2026-02-13T09:45:42","modified_gmt":"2026-02-13T09:45:42","slug":"whatsapp-business-card-iconic-with-whatsapp-chat-qr-code","status":"publish","type":"product","link":"https:\/\/www.truzzer.com\/sv\/produkt\/whatsapp-business-card-iconic-with-whatsapp-chat-qr-code\/","title":{"rendered":"WhatsApp visitkort Iconic med WhatsApp Chat QR kod"},"content":{"rendered":"<h2>G\u00f6r WhatsApp p\u00e5taglig!<\/h2>\n<p>Med truzzer WhatsApp visitkort kan du enkelt uppmuntra dina kunder att kontakta dig via WhatsApp. Du kan enkelt boka tider, utbyta id\u00e9er eller informera kunder om f\u00f6r\u00e4ndringar.<\/p>\n<p>I det praktiska visitkortsformatet g\u00f6r du din WhatsApp-kontakt tillg\u00e4nglig f\u00f6r dina kunder n\u00e4r som helst, var som helst, utan att de beh\u00f6ver spara ditt nummer m\u00f6dosamt f\u00f6rst.<br \/>\nL\u00e4gg truzzer WhatsApp visitkort i dina kunders shoppingv\u00e4skor, ge dem till fakturan eller ge dem direkt till kunden. F\u00e4rdig.<\/p>\n<p>Kunder kan anv\u00e4nda QR-koden f\u00f6r att g\u00e5 direkt till din WhatsApp-chatt.<\/p>\n<p>Du kan enkelt anpassa WhatsApp-visitkorten med din logotyp och anpassa dem till ditt f\u00f6retag.<\/p>\n<p><strong>Meddelande:<\/strong><br \/>\nObservera att din egen WhatsApp-profil kr\u00e4vs s\u00e5 att kunder kan kommunicera med dig via WhatsApp.<\/p>\n<p>&nbsp;<\/p>\n","protected":false},"excerpt":{"rendered":"<p><strong>Kommunicera l\u00e4ttare med dina kunder med WhatsApp-visitkort med QR-kod!<\/strong><\/p>\n<p>G\u00f6r det enkelt f\u00f6r dina kunder att kontakta dig p\u00e5 WhatsApp med de snyggt designade WhatsApp-visitkorten.<br \/>\nPersonifierad med din egen QR-kod, som leder dina kunder direkt till din WhatsApp-chatt, ditt WhatsApp-telefonnummer och din egen logotyp.<br \/>\nVi kommer att l\u00e4nka QR-koden till din WhatsApp-profil \u00e5t dig!<br \/>\nL\u00e4gg till din logotyp med uppladdningsfunktionen och ange ditt telefonnummer.<\/p>\n","protected":false},"featured_media":101187,"comment_status":"open","ping_status":"closed","template":"","meta":{"_acf_changed":false,"_yoast_wpseo_focuskw":"WhatsApp QR-kod Visitkort","_yoast_wpseo_title":"WhatsApp business card Iconic with WhatsApp Cha... | truzzer","_yoast_wpseo_metadesc":"Anslut via WhatsApp med WhatsApp business card Iconic with WhatsApp Chat QR code fr\u00e5n truzzer. Enkel installation, redo att anv\u00e4nda. Best\u00e4ll nu!"},"product_brand":[1702],"product_cat":[544,616,617,953],"product_tag":[],"class_list":{"0":"post-101186","1":"product","2":"type-product","3":"status-publish","4":"has-post-thumbnail","6":"product_brand-whatsapp","7":"product_cat-qr-kod-produkter","8":"product_cat-qr-kod-visitkort","9":"product_cat-qr-kod-visitkort-med-kontaktuppgifter","10":"product_cat-whatsapp-chatt-visitkort-med-qr-kod","11":"pa_industry-byra-konsultverksamhet","12":"pa_industry-lokale-diensten","13":"pa_industry-onroerend-goed","14":"pa_material-karton","15":"pa_placement-balie-receptie","16":"pa_placement-broschyr","17":"pa_placement-portemonnee-personlijk","18":"pa_product-type-visitekaartjes","19":"pa_technology-qr-code","20":"pa_technology-qr-kod","22":"first","23":"instock","24":"taxable","25":"shipping-taxable","26":"purchasable","27":"product-type-simple"},"acf":[],"yoast_head":"<!-- This site is optimized with the Yoast SEO plugin v27.0 - https:\/\/yoast.com\/product\/yoast-seo-wordpress\/ -->\n<title>WhatsApp business card Iconic with WhatsApp Cha... | truzzer<\/title>\n<meta name=\"description\" content=\"Anslut via WhatsApp med WhatsApp business card Iconic with WhatsApp Chat QR code fr\u00e5n truzzer. Enkel installation, redo att anv\u00e4nda. Best\u00e4ll nu!\" \/>\n<meta name=\"robots\" content=\"index, follow, max-snippet:-1, max-image-preview:large, max-video-preview:-1\" \/>\n<link rel=\"canonical\" href=\"https:\/\/www.truzzer.com\/sv\/produkt\/whatsapp-business-card-iconic-with-whatsapp-chat-qr-code\/\" \/>\n<meta property=\"og:locale\" content=\"sv_SE\" \/>\n<meta property=\"og:type\" content=\"article\" \/>\n<meta property=\"og:title\" content=\"WhatsApp business card Iconic with WhatsApp Cha... | truzzer\" \/>\n<meta property=\"og:description\" content=\"Anslut via WhatsApp med WhatsApp business card Iconic with WhatsApp Chat QR code fr\u00e5n truzzer. Enkel installation, redo att anv\u00e4nda. Best\u00e4ll nu!\" \/>\n<meta property=\"og:url\" content=\"https:\/\/www.truzzer.com\/sv\/produkt\/whatsapp-business-card-iconic-with-whatsapp-chat-qr-code\/\" \/>\n<meta property=\"og:site_name\" content=\"truzzer\" \/>\n<meta property=\"article:modified_time\" content=\"2026-02-13T09:45:42+00:00\" \/>\n<meta property=\"og:image\" content=\"https:\/\/www.truzzer.com\/wp-content\/uploads\/2026\/02\/whatsapp-business-card-with-chat-qr-code-iconic-truzzer-3.jpg\" \/>\n\t<meta property=\"og:image:width\" content=\"1200\" \/>\n\t<meta property=\"og:image:height\" content=\"1200\" \/>\n\t<meta property=\"og:image:type\" content=\"image\/jpeg\" \/>\n<meta name=\"twitter:card\" content=\"summary_large_image\" \/>\n<meta name=\"twitter:label1\" content=\"Ber\u00e4knad l\u00e4stid\" \/>\n\t<meta name=\"twitter:data1\" content=\"1 minut\" \/>\n<script type=\"application\/ld+json\" class=\"yoast-schema-graph\">{\"@context\":\"https:\/\/schema.org\",\"@graph\":[{\"@type\":\"WebPage\",\"@id\":\"https:\/\/www.truzzer.com\/sv\/produkt\/whatsapp-business-card-iconic-with-whatsapp-chat-qr-code\/\",\"url\":\"https:\/\/www.truzzer.com\/sv\/produkt\/whatsapp-business-card-iconic-with-whatsapp-chat-qr-code\/\",\"name\":\"WhatsApp business card Iconic with WhatsApp Cha... | truzzer\",\"isPartOf\":{\"@id\":\"https:\/\/www.truzzer.com\/sv\/#website\"},\"primaryImageOfPage\":{\"@id\":\"https:\/\/www.truzzer.com\/sv\/produkt\/whatsapp-business-card-iconic-with-whatsapp-chat-qr-code\/#primaryimage\"},\"image\":{\"@id\":\"https:\/\/www.truzzer.com\/sv\/produkt\/whatsapp-business-card-iconic-with-whatsapp-chat-qr-code\/#primaryimage\"},\"thumbnailUrl\":\"https:\/\/www.truzzer.com\/wp-content\/uploads\/2026\/02\/whatsapp-business-card-with-chat-qr-code-iconic-truzzer-3.jpg\",\"datePublished\":\"2026-02-01T20:03:47+00:00\",\"dateModified\":\"2026-02-13T09:45:42+00:00\",\"description\":\"Anslut via WhatsApp med WhatsApp business card Iconic with WhatsApp Chat QR code fr\u00e5n truzzer. Enkel installation, redo att anv\u00e4nda. Best\u00e4ll nu!\",\"breadcrumb\":{\"@id\":\"https:\/\/www.truzzer.com\/sv\/produkt\/whatsapp-business-card-iconic-with-whatsapp-chat-qr-code\/#breadcrumb\"},\"inLanguage\":\"sv-SE\",\"potentialAction\":[{\"@type\":\"ReadAction\",\"target\":[\"https:\/\/www.truzzer.com\/sv\/produkt\/whatsapp-business-card-iconic-with-whatsapp-chat-qr-code\/\"]}]},{\"@type\":\"ImageObject\",\"inLanguage\":\"sv-SE\",\"@id\":\"https:\/\/www.truzzer.com\/sv\/produkt\/whatsapp-business-card-iconic-with-whatsapp-chat-qr-code\/#primaryimage\",\"url\":\"https:\/\/www.truzzer.com\/wp-content\/uploads\/2026\/02\/whatsapp-business-card-with-chat-qr-code-iconic-truzzer-3.jpg\",\"contentUrl\":\"https:\/\/www.truzzer.com\/wp-content\/uploads\/2026\/02\/whatsapp-business-card-with-chat-qr-code-iconic-truzzer-3.jpg\",\"width\":1200,\"height\":1200},{\"@type\":\"BreadcrumbList\",\"@id\":\"https:\/\/www.truzzer.com\/sv\/produkt\/whatsapp-business-card-iconic-with-whatsapp-chat-qr-code\/#breadcrumb\",\"itemListElement\":[{\"@type\":\"ListItem\",\"position\":1,\"name\":\"Home\",\"item\":\"https:\/\/www.truzzer.com\/sv\/\"},{\"@type\":\"ListItem\",\"position\":2,\"name\":\"Butik\",\"item\":\"https:\/\/www.truzzer.com\/sv\/butik\/\"},{\"@type\":\"ListItem\",\"position\":3,\"name\":\"WhatsApp visitkort Iconic med WhatsApp Chat QR kod\"}]},{\"@type\":\"WebSite\",\"@id\":\"https:\/\/www.truzzer.com\/sv\/#website\",\"url\":\"https:\/\/www.truzzer.com\/sv\/\",\"name\":\"truzzer\",\"description\":\"Experts for customer trust\",\"publisher\":{\"@id\":\"https:\/\/www.truzzer.com\/sv\/#organization\"},\"potentialAction\":[{\"@type\":\"SearchAction\",\"target\":{\"@type\":\"EntryPoint\",\"urlTemplate\":\"https:\/\/www.truzzer.com\/sv\/?s={search_term_string}\"},\"query-input\":{\"@type\":\"PropertyValueSpecification\",\"valueRequired\":true,\"valueName\":\"search_term_string\"}}],\"inLanguage\":\"sv-SE\"},{\"@type\":\"Organization\",\"@id\":\"https:\/\/www.truzzer.com\/sv\/#organization\",\"name\":\"truzzer\",\"url\":\"https:\/\/www.truzzer.com\/sv\/\",\"logo\":{\"@type\":\"ImageObject\",\"inLanguage\":\"sv-SE\",\"@id\":\"https:\/\/www.truzzer.com\/sv\/#\/schema\/logo\/image\/\",\"url\":\"https:\/\/truzzer.com\/wp-content\/uploads\/2026\/01\/truzzer-logo-black-1.svg\",\"contentUrl\":\"https:\/\/truzzer.com\/wp-content\/uploads\/2026\/01\/truzzer-logo-black-1.svg\",\"width\":938,\"height\":199,\"caption\":\"truzzer\"},\"image\":{\"@id\":\"https:\/\/www.truzzer.com\/sv\/#\/schema\/logo\/image\/\"}}]}<\/script>\n<!-- \/ Yoast SEO plugin. -->","yoast_head_json":{"title":"WhatsApp business card Iconic with WhatsApp Cha... | truzzer","description":"Anslut via WhatsApp med WhatsApp business card Iconic with WhatsApp Chat QR code fr\u00e5n truzzer. Enkel installation, redo att anv\u00e4nda. Best\u00e4ll nu!","robots":{"index":"index","follow":"follow","max-snippet":"max-snippet:-1","max-image-preview":"max-image-preview:large","max-video-preview":"max-video-preview:-1"},"canonical":"https:\/\/www.truzzer.com\/sv\/produkt\/whatsapp-business-card-iconic-with-whatsapp-chat-qr-code\/","og_locale":"sv_SE","og_type":"article","og_title":"WhatsApp business card Iconic with WhatsApp Cha... | truzzer","og_description":"Anslut via WhatsApp med WhatsApp business card Iconic with WhatsApp Chat QR code fr\u00e5n truzzer. Enkel installation, redo att anv\u00e4nda. Best\u00e4ll nu!","og_url":"https:\/\/www.truzzer.com\/sv\/produkt\/whatsapp-business-card-iconic-with-whatsapp-chat-qr-code\/","og_site_name":"truzzer","article_modified_time":"2026-02-13T09:45:42+00:00","og_image":[{"width":1200,"height":1200,"url":"https:\/\/www.truzzer.com\/wp-content\/uploads\/2026\/02\/whatsapp-business-card-with-chat-qr-code-iconic-truzzer-3.jpg","type":"image\/jpeg"}],"twitter_card":"summary_large_image","twitter_misc":{"Ber\u00e4knad l\u00e4stid":"1 minut"},"schema":{"@context":"https:\/\/schema.org","@graph":[{"@type":"WebPage","@id":"https:\/\/www.truzzer.com\/sv\/produkt\/whatsapp-business-card-iconic-with-whatsapp-chat-qr-code\/","url":"https:\/\/www.truzzer.com\/sv\/produkt\/whatsapp-business-card-iconic-with-whatsapp-chat-qr-code\/","name":"WhatsApp business card Iconic with WhatsApp Cha... | truzzer","isPartOf":{"@id":"https:\/\/www.truzzer.com\/sv\/#website"},"primaryImageOfPage":{"@id":"https:\/\/www.truzzer.com\/sv\/produkt\/whatsapp-business-card-iconic-with-whatsapp-chat-qr-code\/#primaryimage"},"image":{"@id":"https:\/\/www.truzzer.com\/sv\/produkt\/whatsapp-business-card-iconic-with-whatsapp-chat-qr-code\/#primaryimage"},"thumbnailUrl":"https:\/\/www.truzzer.com\/wp-content\/uploads\/2026\/02\/whatsapp-business-card-with-chat-qr-code-iconic-truzzer-3.jpg","datePublished":"2026-02-01T20:03:47+00:00","dateModified":"2026-02-13T09:45:42+00:00","description":"Anslut via WhatsApp med WhatsApp business card Iconic with WhatsApp Chat QR code fr\u00e5n truzzer. Enkel installation, redo att anv\u00e4nda. Best\u00e4ll nu!","breadcrumb":{"@id":"https:\/\/www.truzzer.com\/sv\/produkt\/whatsapp-business-card-iconic-with-whatsapp-chat-qr-code\/#breadcrumb"},"inLanguage":"sv-SE","potentialAction":[{"@type":"ReadAction","target":["https:\/\/www.truzzer.com\/sv\/produkt\/whatsapp-business-card-iconic-with-whatsapp-chat-qr-code\/"]}]},{"@type":"ImageObject","inLanguage":"sv-SE","@id":"https:\/\/www.truzzer.com\/sv\/produkt\/whatsapp-business-card-iconic-with-whatsapp-chat-qr-code\/#primaryimage","url":"https:\/\/www.truzzer.com\/wp-content\/uploads\/2026\/02\/whatsapp-business-card-with-chat-qr-code-iconic-truzzer-3.jpg","contentUrl":"https:\/\/www.truzzer.com\/wp-content\/uploads\/2026\/02\/whatsapp-business-card-with-chat-qr-code-iconic-truzzer-3.jpg","width":1200,"height":1200},{"@type":"BreadcrumbList","@id":"https:\/\/www.truzzer.com\/sv\/produkt\/whatsapp-business-card-iconic-with-whatsapp-chat-qr-code\/#breadcrumb","itemListElement":[{"@type":"ListItem","position":1,"name":"Home","item":"https:\/\/www.truzzer.com\/sv\/"},{"@type":"ListItem","position":2,"name":"Butik","item":"https:\/\/www.truzzer.com\/sv\/butik\/"},{"@type":"ListItem","position":3,"name":"WhatsApp visitkort Iconic med WhatsApp Chat QR kod"}]},{"@type":"WebSite","@id":"https:\/\/www.truzzer.com\/sv\/#website","url":"https:\/\/www.truzzer.com\/sv\/","name":"truzzer","description":"Experts for customer trust","publisher":{"@id":"https:\/\/www.truzzer.com\/sv\/#organization"},"potentialAction":[{"@type":"SearchAction","target":{"@type":"EntryPoint","urlTemplate":"https:\/\/www.truzzer.com\/sv\/?s={search_term_string}"},"query-input":{"@type":"PropertyValueSpecification","valueRequired":true,"valueName":"search_term_string"}}],"inLanguage":"sv-SE"},{"@type":"Organization","@id":"https:\/\/www.truzzer.com\/sv\/#organization","name":"truzzer","url":"https:\/\/www.truzzer.com\/sv\/","logo":{"@type":"ImageObject","inLanguage":"sv-SE","@id":"https:\/\/www.truzzer.com\/sv\/#\/schema\/logo\/image\/","url":"https:\/\/truzzer.com\/wp-content\/uploads\/2026\/01\/truzzer-logo-black-1.svg","contentUrl":"https:\/\/truzzer.com\/wp-content\/uploads\/2026\/01\/truzzer-logo-black-1.svg","width":938,"height":199,"caption":"truzzer"},"image":{"@id":"https:\/\/www.truzzer.com\/sv\/#\/schema\/logo\/image\/"}}]}},"tiered_pricing_type":"fixed","tiered_pricing_fixed_rules":[],"tiered_pricing_product_settings":{"layout":"default","base_unit_name":{"singular":null,"plural":null},"default_variation":null},"tiered_pricing_minimum_quantity":null,"tiered_pricing_roles_data":[],"tiered_pricing_percentage_rules":[],"tiered_pricing_maximum_quantity":null,"tiered_pricing_quantity_step":null,"_links":{"self":[{"href":"https:\/\/www.truzzer.com\/sv\/wp-json\/wp\/v2\/product\/101186","targetHints":{"allow":["GET"]}}],"collection":[{"href":"https:\/\/www.truzzer.com\/sv\/wp-json\/wp\/v2\/product"}],"about":[{"href":"https:\/\/www.truzzer.com\/sv\/wp-json\/wp\/v2\/types\/product"}],"replies":[{"embeddable":true,"href":"https:\/\/www.truzzer.com\/sv\/wp-json\/wp\/v2\/comments?post=101186"}],"wp:featuredmedia":[{"embeddable":true,"href":"https:\/\/www.truzzer.com\/sv\/wp-json\/wp\/v2\/media\/101187"}],"wp:attachment":[{"href":"https:\/\/www.truzzer.com\/sv\/wp-json\/wp\/v2\/media?parent=101186"}],"wp:term":[{"taxonomy":"product_brand","embeddable":true,"href":"https:\/\/www.truzzer.com\/sv\/wp-json\/wp\/v2\/product_brand?post=101186"},{"taxonomy":"product_cat","embeddable":true,"href":"https:\/\/www.truzzer.com\/sv\/wp-json\/wp\/v2\/product_cat?post=101186"},{"taxonomy":"product_tag","embeddable":true,"href":"https:\/\/www.truzzer.com\/sv\/wp-json\/wp\/v2\/product_tag?post=101186"}],"curies":[{"name":"wp","href":"https:\/\/api.w.org\/{rel}","templated":true}]}}