{"id":101260,"date":"2026-02-01T20:03:11","date_gmt":"2026-02-01T20:03:11","guid":{"rendered":"https:\/\/beta.truzzer.com\/product\/instagram-nfc-sticker-square-with-instagram-qr-code\/"},"modified":"2026-02-13T09:50:48","modified_gmt":"2026-02-13T09:50:48","slug":"instagram-nfc-sticker-square-with-instagram-qr-code","status":"publish","type":"product","link":"https:\/\/www.truzzer.com\/sv\/produkt\/instagram-nfc-sticker-square-with-instagram-qr-code\/","title":{"rendered":"Instagram NFC Klisterm\u00e4rke &#8221;Square&#8221; med Instagram QR-kod"},"content":{"rendered":"<p>Med <strong>truzzer Instagram-klisterm\u00e4rkena<\/strong> med NFC-l\u00e4nk kan du enkelt f\u00e5 nya f\u00f6ljare p\u00e5 Instagram!<\/p>\n<p>I det kvadratiska formatet g\u00f6r du <strong>ditt konto<\/strong> p\u00e5tagligt f\u00f6r dina kunder.<br \/>\nPlacera klisterm\u00e4rkena v\u00e4l synligt i kassan, p\u00e5 ytterd\u00f6rren eller var som helst d\u00e4r dina kunder kan se klisterm\u00e4rkena.<\/p>\n<p>-L\u00e4mplig f\u00f6r inomhus- och utomhusbruk<br \/>\n&#8211; V\u00e4derbest\u00e4ndig<br \/>\n-L\u00e4mplig f\u00f6r alla sl\u00e4ta ytor<br \/>\n-F\u00f6r butiker, d\u00f6rrar eller som bil Instagram klisterm\u00e4rke<br \/>\n-Visar dina kunder att de ocks\u00e5 kan hitta dig p\u00e5 Instagram<br \/>\n&#8211; Individuellt gjord f\u00f6r dig<\/p>\n<p>L\u00e4nken <strong>F\u00f6lj oss p\u00e5 Instagram<\/strong> med NFC leder dina kunder till din profil.<\/p>\n<p>&nbsp;<\/p>\n","protected":false},"excerpt":{"rendered":"<h2>F\u00e5 Instagram f\u00f6ljare med NFC!<\/h2>\n<p><strong>Det har aldrig varit enklare att konvertera kunder till Instagram-f\u00f6ljare!<\/strong><br \/>\nMed de kontaktl\u00f6sa Instagram NFC stativ\/sk\u00e4rmar kan du enkelt vinna nya Instagram f\u00f6ljare direkt p\u00e5 plats.<br \/>\nMed sin coola design v\u00e4cker bordsst\u00e4llet Instagram NFC kundernas intresse och uppmaningen uppmuntrar dina kunder att f\u00f6lja dig p\u00e5 Instagram.<\/p>\n<p>Allt dina kunder beh\u00f6ver g\u00f6ra \u00e4r att h\u00e5lla sin smartphone n\u00e4ra stativet och ett popup-f\u00f6nster \u00f6ppnas p\u00e5 deras mobiltelefon, som leder direkt till din Instagram-profil!<\/p>\n<p>Om kundens smartphone inte har en NFC-funktion finns det en alternativ QR-kod p\u00e5 utst\u00e4llaren, som kan skannas direkt med smartphonekameran <strong>&#8211; i b\u00e5da fallen beh\u00f6vs ingen separat app!<\/strong><\/p>\n<h3><strong>S\u00e5 h\u00e4r hj\u00e4lper NFC-klisterm\u00e4rkena dig att f\u00e5 fler f\u00f6ljare<br \/>\n<\/strong><\/h3>\n<p>&nbsp;<\/p>\n<ul>\n<li>Inga besv\u00e4rliga fr\u00e5gor &amp; Fr\u00e5ga, bara st\u00e4ll p\u00e5 plats. <strong>Uppmaningen<\/strong> uppmuntrar dina kunder att f\u00f6lja dig<\/li>\n<li>Gl\u00f6m inte, eftersom kunderna kommer att bli medvetna om din Instagram-profil<\/li>\n<li>Ingen s\u00f6kning och inga sv\u00e5righeter: <strong>NFC-l\u00e4nken och Instagram QR-koden leder direkt till din profil<\/strong>(vi skapar denna \u00e5t dig)<strong><br \/>\n<\/strong><\/li>\n<li><strong>Gripbar<\/strong>: Klisterm\u00e4rkena g\u00f6r din Instagram-profil p\u00e5taglig.<\/li>\n<li>Ingen extra app kr\u00e4vs.<\/li>\n<li>Blickf\u00e5ng: modern design<\/li>\n<\/ul>\n<p><strong>Vi kommer att skapa och l\u00e4nka NFC-l\u00e4nken och QR-koden till din Instagram-profil \u00e5t dig!<\/strong><strong><br \/>\n<\/strong><\/p>\n","protected":false},"featured_media":101267,"comment_status":"open","ping_status":"closed","template":"","meta":{"_acf_changed":false,"_yoast_wpseo_focuskw":"Instagram QR-kod NFC Tag","_yoast_wpseo_title":"Instagram NFC Sticker \u201dSquare\u201d with Instagram Q... | truzzer","_yoast_wpseo_metadesc":"Fler Instagram-f\u00f6ljare med Instagram NFC Sticker \u201dSquare\u201d with Instagram QR Code fr\u00e5n truzzer. Enkel installation, redo att anv\u00e4nda. Best\u00e4ll nu!"},"product_brand":[1659],"product_cat":[1561,1474,588],"product_tag":[],"class_list":{"0":"post-101260","1":"product","2":"type-product","3":"status-publish","4":"has-post-thumbnail","6":"product_brand-instagram","7":"product_cat-instagram-foljare-klistermarken-med-qr-nfc","8":"product_cat-nfc-klistermarken","9":"product_cat-nfc-produkter","10":"pa_industry-detailhandel","11":"pa_industry-fitness-gym","12":"pa_industry-restaurang-cafe","13":"pa_material-vinyl","14":"pa_placement-balie-receptie","15":"pa_placement-verpakking","16":"pa_placement-window-door","17":"pa_product-type-klistermarke","18":"pa_shape-vierkant","19":"pa_technology-nfc","20":"pa_technology-qr-nfc-2","22":"first","23":"instock","24":"taxable","25":"shipping-taxable","26":"purchasable","27":"product-type-simple"},"acf":[],"yoast_head":"<!-- This site is optimized with the Yoast SEO plugin v27.0 - https:\/\/yoast.com\/product\/yoast-seo-wordpress\/ -->\n<title>Instagram NFC Sticker \u201dSquare\u201d with Instagram Q... | truzzer<\/title>\n<meta name=\"description\" content=\"Fler Instagram-f\u00f6ljare med Instagram NFC Sticker \u201dSquare\u201d with Instagram QR Code fr\u00e5n truzzer. Enkel installation, redo att anv\u00e4nda. Best\u00e4ll nu!\" \/>\n<meta name=\"robots\" content=\"index, follow, max-snippet:-1, max-image-preview:large, max-video-preview:-1\" \/>\n<link rel=\"canonical\" href=\"https:\/\/www.truzzer.com\/sv\/produkt\/instagram-nfc-sticker-square-with-instagram-qr-code\/\" \/>\n<meta property=\"og:locale\" content=\"sv_SE\" \/>\n<meta property=\"og:type\" content=\"article\" \/>\n<meta property=\"og:title\" content=\"Instagram NFC Sticker \u201dSquare\u201d with Instagram Q... | truzzer\" \/>\n<meta property=\"og:description\" content=\"Fler Instagram-f\u00f6ljare med Instagram NFC Sticker \u201dSquare\u201d with Instagram QR Code fr\u00e5n truzzer. Enkel installation, redo att anv\u00e4nda. Best\u00e4ll nu!\" \/>\n<meta property=\"og:url\" content=\"https:\/\/www.truzzer.com\/sv\/produkt\/instagram-nfc-sticker-square-with-instagram-qr-code\/\" \/>\n<meta property=\"og:site_name\" content=\"truzzer\" \/>\n<meta property=\"article:modified_time\" content=\"2026-02-13T09:50:48+00:00\" \/>\n<meta property=\"og:image\" content=\"https:\/\/www.truzzer.com\/wp-content\/uploads\/2026\/02\/folllow-us-on-instagram-nfc-qr-code-sticker-empfehlio-truzzer-border-2-1.jpg\" \/>\n\t<meta property=\"og:image:width\" content=\"1200\" \/>\n\t<meta property=\"og:image:height\" content=\"1200\" \/>\n\t<meta property=\"og:image:type\" content=\"image\/jpeg\" \/>\n<meta name=\"twitter:card\" content=\"summary_large_image\" \/>\n<meta name=\"twitter:label1\" content=\"Ber\u00e4knad l\u00e4stid\" \/>\n\t<meta name=\"twitter:data1\" content=\"1 minut\" \/>\n<script type=\"application\/ld+json\" class=\"yoast-schema-graph\">{\"@context\":\"https:\/\/schema.org\",\"@graph\":[{\"@type\":\"WebPage\",\"@id\":\"https:\/\/www.truzzer.com\/sv\/produkt\/instagram-nfc-sticker-square-with-instagram-qr-code\/\",\"url\":\"https:\/\/www.truzzer.com\/sv\/produkt\/instagram-nfc-sticker-square-with-instagram-qr-code\/\",\"name\":\"Instagram NFC Sticker \u201dSquare\u201d with Instagram Q... | truzzer\",\"isPartOf\":{\"@id\":\"https:\/\/www.truzzer.com\/sv\/#website\"},\"primaryImageOfPage\":{\"@id\":\"https:\/\/www.truzzer.com\/sv\/produkt\/instagram-nfc-sticker-square-with-instagram-qr-code\/#primaryimage\"},\"image\":{\"@id\":\"https:\/\/www.truzzer.com\/sv\/produkt\/instagram-nfc-sticker-square-with-instagram-qr-code\/#primaryimage\"},\"thumbnailUrl\":\"https:\/\/www.truzzer.com\/wp-content\/uploads\/2026\/02\/folllow-us-on-instagram-nfc-qr-code-sticker-empfehlio-truzzer-border-2-1.jpg\",\"datePublished\":\"2026-02-01T20:03:11+00:00\",\"dateModified\":\"2026-02-13T09:50:48+00:00\",\"description\":\"Fler Instagram-f\u00f6ljare med Instagram NFC Sticker \u201dSquare\u201d with Instagram QR Code fr\u00e5n truzzer. Enkel installation, redo att anv\u00e4nda. Best\u00e4ll nu!\",\"breadcrumb\":{\"@id\":\"https:\/\/www.truzzer.com\/sv\/produkt\/instagram-nfc-sticker-square-with-instagram-qr-code\/#breadcrumb\"},\"inLanguage\":\"sv-SE\",\"potentialAction\":[{\"@type\":\"ReadAction\",\"target\":[\"https:\/\/www.truzzer.com\/sv\/produkt\/instagram-nfc-sticker-square-with-instagram-qr-code\/\"]}]},{\"@type\":\"ImageObject\",\"inLanguage\":\"sv-SE\",\"@id\":\"https:\/\/www.truzzer.com\/sv\/produkt\/instagram-nfc-sticker-square-with-instagram-qr-code\/#primaryimage\",\"url\":\"https:\/\/www.truzzer.com\/wp-content\/uploads\/2026\/02\/folllow-us-on-instagram-nfc-qr-code-sticker-empfehlio-truzzer-border-2-1.jpg\",\"contentUrl\":\"https:\/\/www.truzzer.com\/wp-content\/uploads\/2026\/02\/folllow-us-on-instagram-nfc-qr-code-sticker-empfehlio-truzzer-border-2-1.jpg\",\"width\":1200,\"height\":1200},{\"@type\":\"BreadcrumbList\",\"@id\":\"https:\/\/www.truzzer.com\/sv\/produkt\/instagram-nfc-sticker-square-with-instagram-qr-code\/#breadcrumb\",\"itemListElement\":[{\"@type\":\"ListItem\",\"position\":1,\"name\":\"Home\",\"item\":\"https:\/\/www.truzzer.com\/sv\/\"},{\"@type\":\"ListItem\",\"position\":2,\"name\":\"Butik\",\"item\":\"https:\/\/www.truzzer.com\/sv\/butik\/\"},{\"@type\":\"ListItem\",\"position\":3,\"name\":\"Instagram NFC Klisterm\u00e4rke &#8220;Square&#8221; med Instagram QR-kod\"}]},{\"@type\":\"WebSite\",\"@id\":\"https:\/\/www.truzzer.com\/sv\/#website\",\"url\":\"https:\/\/www.truzzer.com\/sv\/\",\"name\":\"truzzer\",\"description\":\"Experts for customer trust\",\"publisher\":{\"@id\":\"https:\/\/www.truzzer.com\/sv\/#organization\"},\"potentialAction\":[{\"@type\":\"SearchAction\",\"target\":{\"@type\":\"EntryPoint\",\"urlTemplate\":\"https:\/\/www.truzzer.com\/sv\/?s={search_term_string}\"},\"query-input\":{\"@type\":\"PropertyValueSpecification\",\"valueRequired\":true,\"valueName\":\"search_term_string\"}}],\"inLanguage\":\"sv-SE\"},{\"@type\":\"Organization\",\"@id\":\"https:\/\/www.truzzer.com\/sv\/#organization\",\"name\":\"truzzer\",\"url\":\"https:\/\/www.truzzer.com\/sv\/\",\"logo\":{\"@type\":\"ImageObject\",\"inLanguage\":\"sv-SE\",\"@id\":\"https:\/\/www.truzzer.com\/sv\/#\/schema\/logo\/image\/\",\"url\":\"https:\/\/truzzer.com\/wp-content\/uploads\/2026\/01\/truzzer-logo-black-1.svg\",\"contentUrl\":\"https:\/\/truzzer.com\/wp-content\/uploads\/2026\/01\/truzzer-logo-black-1.svg\",\"width\":938,\"height\":199,\"caption\":\"truzzer\"},\"image\":{\"@id\":\"https:\/\/www.truzzer.com\/sv\/#\/schema\/logo\/image\/\"}}]}<\/script>\n<!-- \/ Yoast SEO plugin. -->","yoast_head_json":{"title":"Instagram NFC Sticker \u201dSquare\u201d with Instagram Q... | truzzer","description":"Fler Instagram-f\u00f6ljare med Instagram NFC Sticker \u201dSquare\u201d with Instagram QR Code fr\u00e5n truzzer. Enkel installation, redo att anv\u00e4nda. Best\u00e4ll nu!","robots":{"index":"index","follow":"follow","max-snippet":"max-snippet:-1","max-image-preview":"max-image-preview:large","max-video-preview":"max-video-preview:-1"},"canonical":"https:\/\/www.truzzer.com\/sv\/produkt\/instagram-nfc-sticker-square-with-instagram-qr-code\/","og_locale":"sv_SE","og_type":"article","og_title":"Instagram NFC Sticker \u201dSquare\u201d with Instagram Q... | truzzer","og_description":"Fler Instagram-f\u00f6ljare med Instagram NFC Sticker \u201dSquare\u201d with Instagram QR Code fr\u00e5n truzzer. Enkel installation, redo att anv\u00e4nda. Best\u00e4ll nu!","og_url":"https:\/\/www.truzzer.com\/sv\/produkt\/instagram-nfc-sticker-square-with-instagram-qr-code\/","og_site_name":"truzzer","article_modified_time":"2026-02-13T09:50:48+00:00","og_image":[{"width":1200,"height":1200,"url":"https:\/\/www.truzzer.com\/wp-content\/uploads\/2026\/02\/folllow-us-on-instagram-nfc-qr-code-sticker-empfehlio-truzzer-border-2-1.jpg","type":"image\/jpeg"}],"twitter_card":"summary_large_image","twitter_misc":{"Ber\u00e4knad l\u00e4stid":"1 minut"},"schema":{"@context":"https:\/\/schema.org","@graph":[{"@type":"WebPage","@id":"https:\/\/www.truzzer.com\/sv\/produkt\/instagram-nfc-sticker-square-with-instagram-qr-code\/","url":"https:\/\/www.truzzer.com\/sv\/produkt\/instagram-nfc-sticker-square-with-instagram-qr-code\/","name":"Instagram NFC Sticker \u201dSquare\u201d with Instagram Q... | truzzer","isPartOf":{"@id":"https:\/\/www.truzzer.com\/sv\/#website"},"primaryImageOfPage":{"@id":"https:\/\/www.truzzer.com\/sv\/produkt\/instagram-nfc-sticker-square-with-instagram-qr-code\/#primaryimage"},"image":{"@id":"https:\/\/www.truzzer.com\/sv\/produkt\/instagram-nfc-sticker-square-with-instagram-qr-code\/#primaryimage"},"thumbnailUrl":"https:\/\/www.truzzer.com\/wp-content\/uploads\/2026\/02\/folllow-us-on-instagram-nfc-qr-code-sticker-empfehlio-truzzer-border-2-1.jpg","datePublished":"2026-02-01T20:03:11+00:00","dateModified":"2026-02-13T09:50:48+00:00","description":"Fler Instagram-f\u00f6ljare med Instagram NFC Sticker \u201dSquare\u201d with Instagram QR Code fr\u00e5n truzzer. Enkel installation, redo att anv\u00e4nda. Best\u00e4ll nu!","breadcrumb":{"@id":"https:\/\/www.truzzer.com\/sv\/produkt\/instagram-nfc-sticker-square-with-instagram-qr-code\/#breadcrumb"},"inLanguage":"sv-SE","potentialAction":[{"@type":"ReadAction","target":["https:\/\/www.truzzer.com\/sv\/produkt\/instagram-nfc-sticker-square-with-instagram-qr-code\/"]}]},{"@type":"ImageObject","inLanguage":"sv-SE","@id":"https:\/\/www.truzzer.com\/sv\/produkt\/instagram-nfc-sticker-square-with-instagram-qr-code\/#primaryimage","url":"https:\/\/www.truzzer.com\/wp-content\/uploads\/2026\/02\/folllow-us-on-instagram-nfc-qr-code-sticker-empfehlio-truzzer-border-2-1.jpg","contentUrl":"https:\/\/www.truzzer.com\/wp-content\/uploads\/2026\/02\/folllow-us-on-instagram-nfc-qr-code-sticker-empfehlio-truzzer-border-2-1.jpg","width":1200,"height":1200},{"@type":"BreadcrumbList","@id":"https:\/\/www.truzzer.com\/sv\/produkt\/instagram-nfc-sticker-square-with-instagram-qr-code\/#breadcrumb","itemListElement":[{"@type":"ListItem","position":1,"name":"Home","item":"https:\/\/www.truzzer.com\/sv\/"},{"@type":"ListItem","position":2,"name":"Butik","item":"https:\/\/www.truzzer.com\/sv\/butik\/"},{"@type":"ListItem","position":3,"name":"Instagram NFC Klisterm\u00e4rke &#8220;Square&#8221; med Instagram QR-kod"}]},{"@type":"WebSite","@id":"https:\/\/www.truzzer.com\/sv\/#website","url":"https:\/\/www.truzzer.com\/sv\/","name":"truzzer","description":"Experts for customer trust","publisher":{"@id":"https:\/\/www.truzzer.com\/sv\/#organization"},"potentialAction":[{"@type":"SearchAction","target":{"@type":"EntryPoint","urlTemplate":"https:\/\/www.truzzer.com\/sv\/?s={search_term_string}"},"query-input":{"@type":"PropertyValueSpecification","valueRequired":true,"valueName":"search_term_string"}}],"inLanguage":"sv-SE"},{"@type":"Organization","@id":"https:\/\/www.truzzer.com\/sv\/#organization","name":"truzzer","url":"https:\/\/www.truzzer.com\/sv\/","logo":{"@type":"ImageObject","inLanguage":"sv-SE","@id":"https:\/\/www.truzzer.com\/sv\/#\/schema\/logo\/image\/","url":"https:\/\/truzzer.com\/wp-content\/uploads\/2026\/01\/truzzer-logo-black-1.svg","contentUrl":"https:\/\/truzzer.com\/wp-content\/uploads\/2026\/01\/truzzer-logo-black-1.svg","width":938,"height":199,"caption":"truzzer"},"image":{"@id":"https:\/\/www.truzzer.com\/sv\/#\/schema\/logo\/image\/"}}]}},"tiered_pricing_type":"fixed","tiered_pricing_fixed_rules":[],"tiered_pricing_product_settings":{"layout":"default","base_unit_name":{"singular":null,"plural":null},"default_variation":null},"tiered_pricing_minimum_quantity":null,"tiered_pricing_roles_data":[],"tiered_pricing_percentage_rules":[],"tiered_pricing_maximum_quantity":null,"tiered_pricing_quantity_step":null,"_links":{"self":[{"href":"https:\/\/www.truzzer.com\/sv\/wp-json\/wp\/v2\/product\/101260","targetHints":{"allow":["GET"]}}],"collection":[{"href":"https:\/\/www.truzzer.com\/sv\/wp-json\/wp\/v2\/product"}],"about":[{"href":"https:\/\/www.truzzer.com\/sv\/wp-json\/wp\/v2\/types\/product"}],"replies":[{"embeddable":true,"href":"https:\/\/www.truzzer.com\/sv\/wp-json\/wp\/v2\/comments?post=101260"}],"wp:featuredmedia":[{"embeddable":true,"href":"https:\/\/www.truzzer.com\/sv\/wp-json\/wp\/v2\/media\/101267"}],"wp:attachment":[{"href":"https:\/\/www.truzzer.com\/sv\/wp-json\/wp\/v2\/media?parent=101260"}],"wp:term":[{"taxonomy":"product_brand","embeddable":true,"href":"https:\/\/www.truzzer.com\/sv\/wp-json\/wp\/v2\/product_brand?post=101260"},{"taxonomy":"product_cat","embeddable":true,"href":"https:\/\/www.truzzer.com\/sv\/wp-json\/wp\/v2\/product_cat?post=101260"},{"taxonomy":"product_tag","embeddable":true,"href":"https:\/\/www.truzzer.com\/sv\/wp-json\/wp\/v2\/product_tag?post=101260"}],"curies":[{"name":"wp","href":"https:\/\/api.w.org\/{rel}","templated":true}]}}