{"id":101329,"date":"2026-02-01T20:03:02","date_gmt":"2026-02-01T20:03:02","guid":{"rendered":"https:\/\/beta.truzzer.com\/product\/review-us-on-google-nfc-stand-display\/"},"modified":"2026-02-13T09:52:05","modified_gmt":"2026-02-13T09:52:05","slug":"review-us-on-google-nfc-stand-display","status":"publish","type":"product","link":"https:\/\/www.truzzer.com\/sv\/produkt\/review-us-on-google-nfc-stand-display\/","title":{"rendered":"Recensera oss p\u00e5 Google NFC Stativ \/ Display"},"content":{"rendered":"<p>Att optimera ditt f\u00f6retags onlinen\u00e4rvaro och f\u00f6rb\u00e4ttra dess lokala s\u00f6kmotoroptimering (SEO) \u00e4r avg\u00f6rande steg mot att attrahera fler kunder och \u00f6ka din synlighet. Ett innovativt s\u00e4tt att uppn\u00e5 detta \u00e4r att utnyttja NFC-tekniken f\u00f6r Google-recensioner. Detta tillv\u00e4gag\u00e5ngss\u00e4tt f\u00f6renklar inte bara processen att f\u00e5 recensioner utan p\u00e5verkar ocks\u00e5 avsev\u00e4rt dina lokala SEO-insatser. L\u00e5t oss f\u00f6rdjupa oss i hur NFC Google-recensioner kan f\u00f6r\u00e4ndra ditt f\u00f6retags fotavtryck online.<\/p>\n<h3>\u00a0NFC Technology: Elevating Google Reviews<\/h3>\n<p>Near Field Communication (NFC)-teknik ger en s\u00f6ml\u00f6s brygga mellan fysisk interaktion och digitalt engagemang. Genom att integrera NFC-stativ eller displayer p\u00e5 din f\u00f6retagsplats kan kunderna enkelt komma \u00e5t din Google-recensionssida med ett enkelt tryck p\u00e5 sin smartphone. Denna kontaktl\u00f6sa interaktion handlar inte bara om bekv\u00e4mlighet; det handlar om att skapa en smidig v\u00e4g f\u00f6r kunder att dela med sig av sina erfarenheter.<\/p>\n<h3>Kraften med Google-recensioner i lokal SEO<\/h3>\n<p>Google recensioner spelar en avg\u00f6rande roll i lokal SEO. De p\u00e5verkar hur Google uppfattar ditt f\u00f6retag och p\u00e5verkar din s\u00f6krankning i lokala s\u00f6kningar. En h\u00f6gre volym positiva recensioner f\u00f6rb\u00e4ttrar inte bara din synlighet utan \u00f6kar ocks\u00e5 p\u00e5litligheten bland potentiella kunder. S\u00e5 h\u00e4r gynnar NFC Google recensioner specifikt din lokala SEO:<\/p>\n<ul>\n<li>\u00d6kad recensionsvolym: Med NFC-stativ blir det diskret att uppmana kunder att l\u00e4mna en recension och integreras i deras upplevelse p\u00e5 din plats. Denna enkla \u00e5tkomst kan leda till en h\u00f6gre volym av recensioner, en nyckelfaktor som Google anv\u00e4nder f\u00f6r att ranka f\u00f6retag i lokala s\u00f6kningar.<\/li>\n<li>F\u00f6rb\u00e4ttrat kundengagemang: NFC-tekniken fr\u00e4mjar en direkt form av engagemang och uppmuntrar kunder att interagera med ditt f\u00f6retag p\u00e5 plats. Denna omedelbara feedbackslinga kan leda till mer detaljerade och autentiska recensioner, vilket berikar inneh\u00e5llet som Google indexerar f\u00f6r SEO-\u00e4ndam\u00e5l.<\/li>\n<li>F\u00f6rb\u00e4ttrade f\u00f6rtroendesignaler: Google v\u00e4rdes\u00e4tter autentiska kundinteraktioner. En st\u00e4ndig str\u00f6m av \u00e4kta recensioner signalerar till Google att ditt f\u00f6retag \u00e4r b\u00e5de v\u00e4lrenommerat och relevant, vilket \u00f6kar din lokala SEO-rankning.<\/li>\n<li>S\u00f6kordsrikt inneh\u00e5ll: Kunder inkluderar ofta relevanta s\u00f6kord i sina recensioner utan att ens inse det. Oavsett om det handlar om &#8221;stadens b\u00e4sta kaffe&#8221; eller den &#8221;mest avkopplande spaupplevelsen&#8221; kan dessa o\u00f6nskade s\u00f6kord hj\u00e4lpa till att f\u00f6rb\u00e4ttra din s\u00f6knings synlighet.<\/li>\n<\/ul>\n<h3>Implementera NFC Google-recensioner f\u00f6r SEO-framg\u00e5ng<\/h3>\n<p>F\u00f6r att utnyttja den fulla potentialen hos NFC f\u00f6r att f\u00f6rb\u00e4ttra dina Google-recensioner och, i f\u00f6rl\u00e4ngningen, din lokala SEO, \u00f6verv\u00e4g f\u00f6ljande steg:<\/p>\n<ul>\n<li>Placera NFC-sk\u00e4rmar strategiskt: Oavsett om det \u00e4r vid kassadisken, p\u00e5 matbord eller n\u00e4ra utg\u00e5ngen, se till att dina NFC-po\u00e4ng \u00e4r synliga och tillg\u00e4ngliga f\u00f6r kunderna precis n\u00e4r deras upplevelse av din tj\u00e4nst \u00e4r f\u00e4rskast i minnet.<\/li>\n<li>Utbilda dina kunder: Informera dina kunder kort om NFC-taggarna och uppmuntra dem att l\u00e4mna en recension genom att f\u00f6rklara hur snabbt och enkelt det \u00e4r.<\/li>\n<li>\u00d6vervaka och svara p\u00e5 recensioner: Att engagera sig i recensionerna du f\u00e5r visar inte bara kundens uppskattning utan signalerar ocks\u00e5 till Google att du v\u00e4rdes\u00e4tter kundfeedback, en viktig faktor i SEO.<\/li>\n<li>Utnyttja positiva recensioner inom marknadsf\u00f6ring: Visa upp dina positiva recensioner p\u00e5 din webbplats och i marknadsf\u00f6ring p\u00e5 sociala medier f\u00f6r att bygga upp f\u00f6rtroende och uppmuntra fler kunder att l\u00e4mna feedback.<\/li>\n<\/ul>\n<h3>Sammanfattning<\/h3>\n<p>Att integrera NFC-teknik f\u00f6r att underl\u00e4tta Google-recensioner \u00e4r mer \u00e4n bara en taktik f\u00f6r att samla in feedback fr\u00e5n kunder; det \u00e4r ett strategiskt drag f\u00f6r att \u00f6ka din lokala SEO, f\u00f6rb\u00e4ttra din synlighet online och locka fler kunder till ditt f\u00f6retag. Genom att g\u00f6ra det enklare f\u00f6r kunder att l\u00e4mna recensioner f\u00f6rb\u00e4ttrar du inte bara din tj\u00e4nst med direkt feedback utan bygger ocks\u00e5 en starkare, mer synlig onlinen\u00e4rvaro som kan driva p\u00e5 en betydande tillv\u00e4xt f\u00f6r ditt f\u00f6retag. Omfamna NFC Google-recensioner som en h\u00f6rnsten i din lokala SEO-strategi och se ditt f\u00f6retag ta sig till toppen av lokala s\u00f6kresultat.<\/p>\n","protected":false},"excerpt":{"rendered":"<h2>F\u00e5 Google-recensioner med NFC<\/h2>\n<p>&nbsp;<\/p>\n<h3>F\u00f6rvandla kundupplevelsen med v\u00e5ra NFC-stativ f\u00f6r Google-recensioner<\/h3>\n<p><strong>Maximera dina Google-recensioner utan anstr\u00e4ngning<\/strong> med v\u00e5ra banbrytande NFC-stativ och sk\u00e4rmar. Dessa kontaktl\u00f6sa Google-recensionsf\u00f6rst\u00e4rkare \u00e4r designade f\u00f6r s\u00f6ml\u00f6s interaktion och l\u00e5ter dig f\u00e5 nya recensioner direkt p\u00e5 plats, utan anstr\u00e4ngning.<\/p>\n<h4>Varf\u00f6r v\u00e4lja v\u00e5ra NFC-stativ?<\/h4>\n<ul>\n<li><strong>Anv\u00e4ndarv\u00e4nlighet:<\/strong> Placera helt enkelt NFC-stativet p\u00e5 din plats. Dina kunder n\u00e4rmar sig sin smartphone till montern, och ett popup-f\u00f6nster leder dem direkt till ditt Google-recensionsformul\u00e4r. S\u00e5 enkelt \u00e4r det!<\/li>\n<li><strong>Design som drar till sig uppm\u00e4rksamhet:<\/strong> Med sin eleganta design f\u00e4ngslar betygstabellen Google inte bara dina kunder&#8217; intresse men uppmuntrar dem ocks\u00e5 aktivt att betygs\u00e4tta dig p\u00e5 Google.<\/li>\n<li><strong>Ingen app beh\u00f6vs:<\/strong> Oavsett om det \u00e4r genom NFC-teknik eller den alternativa QR-koden p\u00e5 sk\u00e4rmen, kommer dina kunder inte att beh\u00f6va n\u00e5gon separat app f\u00f6r att l\u00e4mna en recension. Tillg\u00e4nglighet \u00e4r nyckeln.<\/li>\n<li><strong>\u00d6vervinna hinder:<\/strong> Vi eliminerar de st\u00f6rsta hindren f\u00f6r Google-betyg:\n<ul>\n<li>Inga obekv\u00e4ma fr\u00e5gor eller f\u00f6rfr\u00e5gningar; montern fr\u00e5gar efter dig.<\/li>\n<li>Kunder p\u00e5minns p\u00e5 plats, vilket \u00f6kar sannolikheten f\u00f6r att l\u00e4mna en recension.<\/li>\n<li>Direktl\u00e4nk: NFC-l\u00e4nk och Google Review QR-kod leder direkt till ditt granskningsformul\u00e4r \u2013 vi st\u00e4ller in det \u00e5t dig.<\/li>\n<li>Taktilt engagemang: Den fysiska interaktionen med montern g\u00f6r att l\u00e4mna en recension till en p\u00e5taglig handling.<\/li>\n<li>Standout Design: V\u00e5r moderna design s\u00e4kerst\u00e4ller att ditt NFC-stativ inte bara \u00e4r ett verktyg utan en samtalsbit.<\/li>\n<\/ul>\n<\/li>\n<\/ul>\n<h4>V\u00e5rt l\u00f6fte<\/h4>\n<h2>Vi tar hand om allt \u00e5t dig \u2013 fr\u00e5n att skapa till att l\u00e4nka NFC- och QR-koden f\u00f6r direkta recensioner p\u00e5 din Google-profil!<\/h2>\n<p>H\u00f6j din onlinen\u00e4rvaro och locka fler kunder idag. V\u00e5ra NFC-st\u00e4ll \u00e4r mer \u00e4n bara ett s\u00e4tt att samla recensioner; de \u00e4r din nya partner f\u00f6r att bygga ett starkare onlinerykte och \u00f6ka kundn\u00f6jdheten.<\/p>\n<p>Investera i ditt rykte nu och se ditt f\u00f6retag blomstra med positiv feedback fr\u00e5n dina kunder.<\/p>\n","protected":false},"featured_media":101346,"comment_status":"open","ping_status":"closed","template":"","meta":{"_acf_changed":false,"_yoast_wpseo_focuskw":"Google Recension NFC Stand","_yoast_wpseo_title":"Review us on Google NFC Stand \/ Display | truzzer","_yoast_wpseo_metadesc":"Fler 5-stj\u00e4rniga Google-recensioner med Review us on Google NFC Stand \/ Display fr\u00e5n truzzer. Enkel installation, redo att anv\u00e4nda. Best\u00e4ll nu!"},"product_brand":[1657],"product_cat":[1026,1564,803,588,1490],"product_tag":[],"class_list":{"0":"post-101329","1":"product","2":"type-product","3":"status-publish","4":"has-post-thumbnail","6":"product_brand-google","7":"product_cat-google-recension-bordsstall","8":"product_cat-google-recension-bordsstall-med-nfc","9":"product_cat-google-recension-produkter","10":"product_cat-nfc-produkter","11":"product_cat-nfc-stall","12":"pa_industry-hotell","13":"pa_industry-medische-praktijk","14":"pa_industry-restaurang-cafe","15":"pa_material-acrylic","16":"pa_placement-balie-receptie","17":"pa_placement-kassa-pos","18":"pa_placement-tafel","19":"pa_product-type-displayer-och-stativ","20":"pa_technology-nfc","22":"first","23":"instock","24":"sale","25":"taxable","26":"shipping-taxable","27":"purchasable","28":"product-type-variable","29":"has-default-attributes"},"acf":[],"yoast_head":"<!-- This site is optimized with the Yoast SEO plugin v27.0 - https:\/\/yoast.com\/product\/yoast-seo-wordpress\/ -->\n<title>Review us on Google NFC Stand \/ Display | truzzer<\/title>\n<meta name=\"description\" content=\"Fler 5-stj\u00e4rniga Google-recensioner med Review us on Google NFC Stand \/ Display fr\u00e5n truzzer. Enkel installation, redo att anv\u00e4nda. Best\u00e4ll nu!\" \/>\n<meta name=\"robots\" content=\"index, follow, max-snippet:-1, max-image-preview:large, max-video-preview:-1\" \/>\n<link rel=\"canonical\" href=\"https:\/\/www.truzzer.com\/sv\/produkt\/review-us-on-google-nfc-stand-display\/\" \/>\n<meta property=\"og:locale\" content=\"sv_SE\" \/>\n<meta property=\"og:type\" content=\"article\" \/>\n<meta property=\"og:title\" content=\"Review us on Google NFC Stand \/ Display | truzzer\" \/>\n<meta property=\"og:description\" content=\"Fler 5-stj\u00e4rniga Google-recensioner med Review us on Google NFC Stand \/ Display fr\u00e5n truzzer. Enkel installation, redo att anv\u00e4nda. Best\u00e4ll nu!\" \/>\n<meta property=\"og:url\" content=\"https:\/\/www.truzzer.com\/sv\/produkt\/review-us-on-google-nfc-stand-display\/\" \/>\n<meta property=\"og:site_name\" content=\"truzzer\" \/>\n<meta property=\"article:modified_time\" content=\"2026-02-13T09:52:05+00:00\" \/>\n<meta property=\"og:image\" content=\"https:\/\/www.truzzer.com\/wp-content\/uploads\/2026\/02\/google-review-nfc-stand-display-with-qr-code-truzzer-iso-s-2.jpg\" \/>\n\t<meta property=\"og:image:width\" content=\"1200\" \/>\n\t<meta property=\"og:image:height\" content=\"1200\" \/>\n\t<meta property=\"og:image:type\" content=\"image\/jpeg\" \/>\n<meta name=\"twitter:card\" content=\"summary_large_image\" \/>\n<meta name=\"twitter:label1\" content=\"Ber\u00e4knad l\u00e4stid\" \/>\n\t<meta name=\"twitter:data1\" content=\"4 minuter\" \/>\n<script type=\"application\/ld+json\" class=\"yoast-schema-graph\">{\"@context\":\"https:\/\/schema.org\",\"@graph\":[{\"@type\":\"WebPage\",\"@id\":\"https:\/\/www.truzzer.com\/sv\/produkt\/review-us-on-google-nfc-stand-display\/\",\"url\":\"https:\/\/www.truzzer.com\/sv\/produkt\/review-us-on-google-nfc-stand-display\/\",\"name\":\"Review us on Google NFC Stand \/ Display | truzzer\",\"isPartOf\":{\"@id\":\"https:\/\/www.truzzer.com\/sv\/#website\"},\"primaryImageOfPage\":{\"@id\":\"https:\/\/www.truzzer.com\/sv\/produkt\/review-us-on-google-nfc-stand-display\/#primaryimage\"},\"image\":{\"@id\":\"https:\/\/www.truzzer.com\/sv\/produkt\/review-us-on-google-nfc-stand-display\/#primaryimage\"},\"thumbnailUrl\":\"https:\/\/www.truzzer.com\/wp-content\/uploads\/2026\/02\/google-review-nfc-stand-display-with-qr-code-truzzer-iso-s-2.jpg\",\"datePublished\":\"2026-02-01T20:03:02+00:00\",\"dateModified\":\"2026-02-13T09:52:05+00:00\",\"description\":\"Fler 5-stj\u00e4rniga Google-recensioner med Review us on Google NFC Stand \/ Display fr\u00e5n truzzer. Enkel installation, redo att anv\u00e4nda. Best\u00e4ll nu!\",\"breadcrumb\":{\"@id\":\"https:\/\/www.truzzer.com\/sv\/produkt\/review-us-on-google-nfc-stand-display\/#breadcrumb\"},\"inLanguage\":\"sv-SE\",\"potentialAction\":[{\"@type\":\"ReadAction\",\"target\":[\"https:\/\/www.truzzer.com\/sv\/produkt\/review-us-on-google-nfc-stand-display\/\"]}]},{\"@type\":\"ImageObject\",\"inLanguage\":\"sv-SE\",\"@id\":\"https:\/\/www.truzzer.com\/sv\/produkt\/review-us-on-google-nfc-stand-display\/#primaryimage\",\"url\":\"https:\/\/www.truzzer.com\/wp-content\/uploads\/2026\/02\/google-review-nfc-stand-display-with-qr-code-truzzer-iso-s-2.jpg\",\"contentUrl\":\"https:\/\/www.truzzer.com\/wp-content\/uploads\/2026\/02\/google-review-nfc-stand-display-with-qr-code-truzzer-iso-s-2.jpg\",\"width\":1200,\"height\":1200},{\"@type\":\"BreadcrumbList\",\"@id\":\"https:\/\/www.truzzer.com\/sv\/produkt\/review-us-on-google-nfc-stand-display\/#breadcrumb\",\"itemListElement\":[{\"@type\":\"ListItem\",\"position\":1,\"name\":\"Home\",\"item\":\"https:\/\/www.truzzer.com\/sv\/\"},{\"@type\":\"ListItem\",\"position\":2,\"name\":\"Butik\",\"item\":\"https:\/\/www.truzzer.com\/sv\/butik\/\"},{\"@type\":\"ListItem\",\"position\":3,\"name\":\"Recensera oss p\u00e5 Google NFC Stativ \/ Display\"}]},{\"@type\":\"WebSite\",\"@id\":\"https:\/\/www.truzzer.com\/sv\/#website\",\"url\":\"https:\/\/www.truzzer.com\/sv\/\",\"name\":\"truzzer\",\"description\":\"Experts for customer trust\",\"publisher\":{\"@id\":\"https:\/\/www.truzzer.com\/sv\/#organization\"},\"potentialAction\":[{\"@type\":\"SearchAction\",\"target\":{\"@type\":\"EntryPoint\",\"urlTemplate\":\"https:\/\/www.truzzer.com\/sv\/?s={search_term_string}\"},\"query-input\":{\"@type\":\"PropertyValueSpecification\",\"valueRequired\":true,\"valueName\":\"search_term_string\"}}],\"inLanguage\":\"sv-SE\"},{\"@type\":\"Organization\",\"@id\":\"https:\/\/www.truzzer.com\/sv\/#organization\",\"name\":\"truzzer\",\"url\":\"https:\/\/www.truzzer.com\/sv\/\",\"logo\":{\"@type\":\"ImageObject\",\"inLanguage\":\"sv-SE\",\"@id\":\"https:\/\/www.truzzer.com\/sv\/#\/schema\/logo\/image\/\",\"url\":\"https:\/\/truzzer.com\/wp-content\/uploads\/2026\/01\/truzzer-logo-black-1.svg\",\"contentUrl\":\"https:\/\/truzzer.com\/wp-content\/uploads\/2026\/01\/truzzer-logo-black-1.svg\",\"width\":938,\"height\":199,\"caption\":\"truzzer\"},\"image\":{\"@id\":\"https:\/\/www.truzzer.com\/sv\/#\/schema\/logo\/image\/\"}}]}<\/script>\n<!-- \/ Yoast SEO plugin. -->","yoast_head_json":{"title":"Review us on Google NFC Stand \/ Display | truzzer","description":"Fler 5-stj\u00e4rniga Google-recensioner med Review us on Google NFC Stand \/ Display fr\u00e5n truzzer. Enkel installation, redo att anv\u00e4nda. Best\u00e4ll nu!","robots":{"index":"index","follow":"follow","max-snippet":"max-snippet:-1","max-image-preview":"max-image-preview:large","max-video-preview":"max-video-preview:-1"},"canonical":"https:\/\/www.truzzer.com\/sv\/produkt\/review-us-on-google-nfc-stand-display\/","og_locale":"sv_SE","og_type":"article","og_title":"Review us on Google NFC Stand \/ Display | truzzer","og_description":"Fler 5-stj\u00e4rniga Google-recensioner med Review us on Google NFC Stand \/ Display fr\u00e5n truzzer. Enkel installation, redo att anv\u00e4nda. Best\u00e4ll nu!","og_url":"https:\/\/www.truzzer.com\/sv\/produkt\/review-us-on-google-nfc-stand-display\/","og_site_name":"truzzer","article_modified_time":"2026-02-13T09:52:05+00:00","og_image":[{"width":1200,"height":1200,"url":"https:\/\/www.truzzer.com\/wp-content\/uploads\/2026\/02\/google-review-nfc-stand-display-with-qr-code-truzzer-iso-s-2.jpg","type":"image\/jpeg"}],"twitter_card":"summary_large_image","twitter_misc":{"Ber\u00e4knad l\u00e4stid":"4 minuter"},"schema":{"@context":"https:\/\/schema.org","@graph":[{"@type":"WebPage","@id":"https:\/\/www.truzzer.com\/sv\/produkt\/review-us-on-google-nfc-stand-display\/","url":"https:\/\/www.truzzer.com\/sv\/produkt\/review-us-on-google-nfc-stand-display\/","name":"Review us on Google NFC Stand \/ Display | truzzer","isPartOf":{"@id":"https:\/\/www.truzzer.com\/sv\/#website"},"primaryImageOfPage":{"@id":"https:\/\/www.truzzer.com\/sv\/produkt\/review-us-on-google-nfc-stand-display\/#primaryimage"},"image":{"@id":"https:\/\/www.truzzer.com\/sv\/produkt\/review-us-on-google-nfc-stand-display\/#primaryimage"},"thumbnailUrl":"https:\/\/www.truzzer.com\/wp-content\/uploads\/2026\/02\/google-review-nfc-stand-display-with-qr-code-truzzer-iso-s-2.jpg","datePublished":"2026-02-01T20:03:02+00:00","dateModified":"2026-02-13T09:52:05+00:00","description":"Fler 5-stj\u00e4rniga Google-recensioner med Review us on Google NFC Stand \/ Display fr\u00e5n truzzer. Enkel installation, redo att anv\u00e4nda. Best\u00e4ll nu!","breadcrumb":{"@id":"https:\/\/www.truzzer.com\/sv\/produkt\/review-us-on-google-nfc-stand-display\/#breadcrumb"},"inLanguage":"sv-SE","potentialAction":[{"@type":"ReadAction","target":["https:\/\/www.truzzer.com\/sv\/produkt\/review-us-on-google-nfc-stand-display\/"]}]},{"@type":"ImageObject","inLanguage":"sv-SE","@id":"https:\/\/www.truzzer.com\/sv\/produkt\/review-us-on-google-nfc-stand-display\/#primaryimage","url":"https:\/\/www.truzzer.com\/wp-content\/uploads\/2026\/02\/google-review-nfc-stand-display-with-qr-code-truzzer-iso-s-2.jpg","contentUrl":"https:\/\/www.truzzer.com\/wp-content\/uploads\/2026\/02\/google-review-nfc-stand-display-with-qr-code-truzzer-iso-s-2.jpg","width":1200,"height":1200},{"@type":"BreadcrumbList","@id":"https:\/\/www.truzzer.com\/sv\/produkt\/review-us-on-google-nfc-stand-display\/#breadcrumb","itemListElement":[{"@type":"ListItem","position":1,"name":"Home","item":"https:\/\/www.truzzer.com\/sv\/"},{"@type":"ListItem","position":2,"name":"Butik","item":"https:\/\/www.truzzer.com\/sv\/butik\/"},{"@type":"ListItem","position":3,"name":"Recensera oss p\u00e5 Google NFC Stativ \/ Display"}]},{"@type":"WebSite","@id":"https:\/\/www.truzzer.com\/sv\/#website","url":"https:\/\/www.truzzer.com\/sv\/","name":"truzzer","description":"Experts for customer trust","publisher":{"@id":"https:\/\/www.truzzer.com\/sv\/#organization"},"potentialAction":[{"@type":"SearchAction","target":{"@type":"EntryPoint","urlTemplate":"https:\/\/www.truzzer.com\/sv\/?s={search_term_string}"},"query-input":{"@type":"PropertyValueSpecification","valueRequired":true,"valueName":"search_term_string"}}],"inLanguage":"sv-SE"},{"@type":"Organization","@id":"https:\/\/www.truzzer.com\/sv\/#organization","name":"truzzer","url":"https:\/\/www.truzzer.com\/sv\/","logo":{"@type":"ImageObject","inLanguage":"sv-SE","@id":"https:\/\/www.truzzer.com\/sv\/#\/schema\/logo\/image\/","url":"https:\/\/truzzer.com\/wp-content\/uploads\/2026\/01\/truzzer-logo-black-1.svg","contentUrl":"https:\/\/truzzer.com\/wp-content\/uploads\/2026\/01\/truzzer-logo-black-1.svg","width":938,"height":199,"caption":"truzzer"},"image":{"@id":"https:\/\/www.truzzer.com\/sv\/#\/schema\/logo\/image\/"}}]}},"tiered_pricing_type":"fixed","tiered_pricing_fixed_rules":[],"tiered_pricing_product_settings":{"layout":"default","base_unit_name":{"singular":null,"plural":null},"default_variation":null},"tiered_pricing_minimum_quantity":null,"tiered_pricing_roles_data":[],"tiered_pricing_percentage_rules":[],"tiered_pricing_maximum_quantity":null,"tiered_pricing_quantity_step":null,"_links":{"self":[{"href":"https:\/\/www.truzzer.com\/sv\/wp-json\/wp\/v2\/product\/101329","targetHints":{"allow":["GET"]}}],"collection":[{"href":"https:\/\/www.truzzer.com\/sv\/wp-json\/wp\/v2\/product"}],"about":[{"href":"https:\/\/www.truzzer.com\/sv\/wp-json\/wp\/v2\/types\/product"}],"replies":[{"embeddable":true,"href":"https:\/\/www.truzzer.com\/sv\/wp-json\/wp\/v2\/comments?post=101329"}],"wp:featuredmedia":[{"embeddable":true,"href":"https:\/\/www.truzzer.com\/sv\/wp-json\/wp\/v2\/media\/101346"}],"wp:attachment":[{"href":"https:\/\/www.truzzer.com\/sv\/wp-json\/wp\/v2\/media?parent=101329"}],"wp:term":[{"taxonomy":"product_brand","embeddable":true,"href":"https:\/\/www.truzzer.com\/sv\/wp-json\/wp\/v2\/product_brand?post=101329"},{"taxonomy":"product_cat","embeddable":true,"href":"https:\/\/www.truzzer.com\/sv\/wp-json\/wp\/v2\/product_cat?post=101329"},{"taxonomy":"product_tag","embeddable":true,"href":"https:\/\/www.truzzer.com\/sv\/wp-json\/wp\/v2\/product_tag?post=101329"}],"curies":[{"name":"wp","href":"https:\/\/api.w.org\/{rel}","templated":true}]}}