{"id":101537,"date":"2026-02-01T20:02:07","date_gmt":"2026-02-01T20:02:07","guid":{"rendered":"https:\/\/beta.truzzer.com\/product\/wifi-nfc-sticker-square-with-qr-code\/"},"modified":"2026-02-13T09:56:49","modified_gmt":"2026-02-13T09:56:49","slug":"wifi-nfc-sticker-square-with-qr-code","status":"publish","type":"product","link":"https:\/\/www.truzzer.com\/sv\/produkt\/wifi-nfc-sticker-square-with-qr-code\/","title":{"rendered":"WIFI NFC Klisterm\u00e4rke &#8221;Square&#8221; med QR-kod"},"content":{"rendered":"<p>I dagens snabba v\u00e4rld letar f\u00f6retag efter nya och innovativa s\u00e4tt att attrahera och beh\u00e5lla kunder. Ett s\u00e4tt att g\u00f6ra detta \u00e4r att anv\u00e4nda teknik f\u00f6r att f\u00f6rb\u00e4ttra kundupplevelsen. Truzzer WIFI NFC-klisterm\u00e4rken \u00e4r ett bra exempel p\u00e5 hur f\u00f6retag kan utnyttja teknik f\u00f6r att \u00f6ka kundernas engagemang och \u00f6ka f\u00f6rs\u00e4ljningen.<\/p>\n<p>Truzzer WIFI NFC klisterm\u00e4rken \u00e4r sm\u00e5, sj\u00e4lvh\u00e4ftande klisterm\u00e4rken som kan placeras var som helst i ett f\u00f6retag, till exempel p\u00e5 ett bord, en v\u00e4gg eller produktdisplay. De inneh\u00e5ller b\u00e5de WIFI- och NFC-teknologi, vilket g\u00f6r att kunderna snabbt och enkelt kan ansluta till verksamhetens WIFI-n\u00e4tverk eller f\u00e5 tillg\u00e5ng till relevant information om produkter eller tj\u00e4nster. Klisterm\u00e4rkena \u00e4r designade f\u00f6r att vara anv\u00e4ndarv\u00e4nliga och kunder kan helt enkelt trycka p\u00e5 sin NFC-aktiverade smartphone eller skanna QR-koden p\u00e5 dekalen f\u00f6r att ansluta till n\u00e4tverket eller komma \u00e5t informationen.<\/p>\n<p>F\u00f6rdelarna med att anv\u00e4nda Truzzer WIFI NFC klisterm\u00e4rken \u00e4r m\u00e5nga. F\u00f6r det f\u00f6rsta g\u00f6r de det l\u00e4ttare f\u00f6r kunderna att ansluta till f\u00f6retagets WIFI-n\u00e4tverk, vilket \u00e4r en nyckelfaktor f\u00f6r kundn\u00f6jdhet. Kunder f\u00f6rv\u00e4ntar sig idag att f\u00f6retag tillhandah\u00e5ller gratis WIFI, och Truzzer-dekaler g\u00f6r det enkelt f\u00f6r kunder att ansluta utan att beh\u00f6va g\u00e5 igenom en l\u00e5ng process.<\/p>\n<p>Dessutom kan Truzzer WIFI NFC-klisterm\u00e4rken hj\u00e4lpa f\u00f6retag att marknadsf\u00f6ra sina produkter och tj\u00e4nster mer effektivt. Genom att inkludera relevant information om en produkt eller tj\u00e4nst p\u00e5 klisterm\u00e4rket kan f\u00f6retag ge kunderna mer information om vad de erbjuder. Detta kan hj\u00e4lpa kunder att fatta v\u00e4lgrundade k\u00f6pbeslut, vilket kan leda till h\u00f6gre f\u00f6rs\u00e4ljning f\u00f6r f\u00f6retaget.<\/p>\n<p>En annan f\u00f6rdel med Truzzer WIFI NFC klisterm\u00e4rken \u00e4r att de \u00e4r m\u00e5ngsidiga och kan anv\u00e4ndas i en m\u00e4ngd olika inst\u00e4llningar. De kan anv\u00e4ndas p\u00e5 restauranger, kaf\u00e9er, butiker och till och med p\u00e5 kontor. Detta g\u00f6r dem till en fantastisk investering f\u00f6r f\u00f6retag som vill f\u00f6rb\u00e4ttra kundupplevelsen och \u00f6ka f\u00f6rs\u00e4ljningen.<\/p>\n<p>Det \u00e4r ocks\u00e5 v\u00e4rt att notera att klisterm\u00e4rken Truzzer WIFI NFC inneh\u00e5ller en alternativ QR-kod f\u00f6r kunder som inte har NFC-aktiverade smartphones. Detta s\u00e4kerst\u00e4ller att alla kunder kan komma \u00e5t informationen eller ansluta till WIFI-n\u00e4tverket, oavsett vilken typ av smartphone de har.<\/p>\n<p>Sammanfattningsvis \u00e4r Truzzer WIFI NFC klisterm\u00e4rken en utm\u00e4rkt investering f\u00f6r f\u00f6retag som vill f\u00f6rb\u00e4ttra kundupplevelsen och \u00f6ka f\u00f6rs\u00e4ljningen. De \u00e4r l\u00e4tta att anv\u00e4nda, m\u00e5ngsidiga och ger kunderna relevant information om produkter och tj\u00e4nster. Inf\u00f6randet av en alternativ QR-kod s\u00e4kerst\u00e4ller att alla kunder kan komma \u00e5t informationen eller ansluta till WIFI-n\u00e4tverket, oavsett vilken typ av smartphone de har. F\u00f6retag som investerar i Truzzer WIFI NFC-klisterm\u00e4rken kan f\u00f6rv\u00e4nta sig \u00f6kad kundn\u00f6jdhet och f\u00f6rs\u00e4ljning, vilket g\u00f6r dem till ett v\u00e4rdefullt tillskott f\u00f6r alla f\u00f6retag.<\/p>\n","protected":false},"excerpt":{"rendered":"<h2>Uppt\u00e4ck de nya WLAN NFC-klisterm\u00e4rkena!<\/h2>\n<p>Erbjud dina kunder och g\u00e4ster en b\u00e4ttre upplevelse p\u00e5 plats i din butik, praktik, salong eller restaurang genom att ge dem enkel och enkel \u00e5tkomst till din WiFi.<\/p>\n<p>WLAN NFC-klisterm\u00e4rkena ger dina kunder enkel \u00e5tkomst till din WIFI. H\u00e5ll helt enkelt din smartphone mot klisterm\u00e4rket s\u00e5 kan kunderna ansluta till din WiFi. Om kundens smartphone inte har en NFC-funktion finns det en alternativ QR-kod p\u00e5 klisterm\u00e4rket, som kan skannas direkt med smartphonekameran <strong>&#8211; i b\u00e5da fallen beh\u00f6vs ingen separat app!<\/strong><\/p>\n<p><strong><\/strong><\/p>\n<p><strong>S\u00e5 h\u00e4r hj\u00e4lper NFC WLAN-klisterm\u00e4rken dig<\/strong><\/p>\n<p>&nbsp;<\/p>\n<ul>\n<li>Ingen s\u00f6kning och inga sv\u00e5righeter: <strong>NFC-l\u00e4nken och QR-koden kopplar kunder direkt till WLAN <\/strong>(vi skapar QR-koden \u00e5t dig baserat p\u00e5 din information)<\/li>\n<li><strong>R\u00f6rbar<\/strong>: Klisterm\u00e4rkena g\u00f6r din WiFi p\u00e5taglig.<\/li>\n<li>Ingen extra app kr\u00e4vs.<\/li>\n<li>Blickf\u00e5ng: modern design<\/li>\n<li>L\u00e4ngre tid i butik tack vare WIFI<\/li>\n<\/ul>\n<p>&nbsp;<\/p>\n<p><strong>Vi kommer att skapa och l\u00e4nka NFC-l\u00e4nken och QR-koden \u00e5t dig!<\/strong><\/p>\n<p>&nbsp;<\/p>\n<p>&nbsp;<\/p>\n","protected":false},"featured_media":101565,"comment_status":"open","ping_status":"closed","template":"","meta":{"_acf_changed":false,"_yoast_wpseo_focuskw":"WiFi QR-kod NFC Klisterm\u00e4rke","_yoast_wpseo_title":"WIFI NFC Sticker \u201dSquare\u201d with QR Code | truzzer","_yoast_wpseo_metadesc":"Enkel WiFi-\u00e5tkomst f\u00f6r g\u00e4ster med WIFI NFC Sticker \u201dSquare\u201d with QR Code fr\u00e5n truzzer. Enkel installation, redo att anv\u00e4nda. Best\u00e4ll nu!"},"product_brand":[],"product_cat":[1474,588,1576],"product_tag":[],"class_list":{"0":"post-101537","1":"product","2":"type-product","3":"status-publish","4":"has-post-thumbnail","6":"product_cat-nfc-klistermarken","7":"product_cat-nfc-produkter","8":"product_cat-wifi-klistermarken-med-qr-nfc","9":"pa_industry-detailhandel","10":"pa_industry-fitness-gym","11":"pa_industry-restaurang-cafe","12":"pa_material-vinyl","13":"pa_placement-balie-receptie","14":"pa_placement-verpakking","15":"pa_placement-window-door","16":"pa_product-type-klistermarke","17":"pa_shape-vierkant","18":"pa_technology-nfc","19":"pa_technology-qr-nfc-2","21":"first","22":"instock","23":"taxable","24":"shipping-taxable","25":"product-type-simple"},"acf":[],"yoast_head":"<!-- This site is optimized with the Yoast SEO plugin v27.0 - https:\/\/yoast.com\/product\/yoast-seo-wordpress\/ -->\n<title>WIFI NFC Sticker \u201dSquare\u201d with QR Code | truzzer<\/title>\n<meta name=\"description\" content=\"Enkel WiFi-\u00e5tkomst f\u00f6r g\u00e4ster med WIFI NFC Sticker \u201dSquare\u201d with QR Code fr\u00e5n truzzer. Enkel installation, redo att anv\u00e4nda. Best\u00e4ll nu!\" \/>\n<meta name=\"robots\" content=\"index, follow, max-snippet:-1, max-image-preview:large, max-video-preview:-1\" \/>\n<link rel=\"canonical\" href=\"https:\/\/www.truzzer.com\/sv\/produkt\/wifi-nfc-sticker-square-with-qr-code\/\" \/>\n<meta property=\"og:locale\" content=\"sv_SE\" \/>\n<meta property=\"og:type\" content=\"article\" \/>\n<meta property=\"og:title\" content=\"WIFI NFC Sticker \u201dSquare\u201d with QR Code | truzzer\" \/>\n<meta property=\"og:description\" content=\"Enkel WiFi-\u00e5tkomst f\u00f6r g\u00e4ster med WIFI NFC Sticker \u201dSquare\u201d with QR Code fr\u00e5n truzzer. Enkel installation, redo att anv\u00e4nda. Best\u00e4ll nu!\" \/>\n<meta property=\"og:url\" content=\"https:\/\/www.truzzer.com\/sv\/produkt\/wifi-nfc-sticker-square-with-qr-code\/\" \/>\n<meta property=\"og:site_name\" content=\"truzzer\" \/>\n<meta property=\"article:modified_time\" content=\"2026-02-13T09:56:49+00:00\" \/>\n<meta property=\"og:image\" content=\"https:\/\/www.truzzer.com\/wp-content\/uploads\/2026\/02\/nfc-wifi-sticker-wlan-aufkleber-empfehlio-truzzer-social-wave-mit-wlan-qr-code-white-1.jpg\" \/>\n\t<meta property=\"og:image:width\" content=\"1200\" \/>\n\t<meta property=\"og:image:height\" content=\"1200\" \/>\n\t<meta property=\"og:image:type\" content=\"image\/jpeg\" \/>\n<meta name=\"twitter:card\" content=\"summary_large_image\" \/>\n<meta name=\"twitter:label1\" content=\"Ber\u00e4knad l\u00e4stid\" \/>\n\t<meta name=\"twitter:data1\" content=\"3 minuter\" \/>\n<script type=\"application\/ld+json\" class=\"yoast-schema-graph\">{\"@context\":\"https:\/\/schema.org\",\"@graph\":[{\"@type\":\"WebPage\",\"@id\":\"https:\/\/www.truzzer.com\/sv\/produkt\/wifi-nfc-sticker-square-with-qr-code\/\",\"url\":\"https:\/\/www.truzzer.com\/sv\/produkt\/wifi-nfc-sticker-square-with-qr-code\/\",\"name\":\"WIFI NFC Sticker \u201dSquare\u201d with QR Code | truzzer\",\"isPartOf\":{\"@id\":\"https:\/\/www.truzzer.com\/sv\/#website\"},\"primaryImageOfPage\":{\"@id\":\"https:\/\/www.truzzer.com\/sv\/produkt\/wifi-nfc-sticker-square-with-qr-code\/#primaryimage\"},\"image\":{\"@id\":\"https:\/\/www.truzzer.com\/sv\/produkt\/wifi-nfc-sticker-square-with-qr-code\/#primaryimage\"},\"thumbnailUrl\":\"https:\/\/www.truzzer.com\/wp-content\/uploads\/2026\/02\/nfc-wifi-sticker-wlan-aufkleber-empfehlio-truzzer-social-wave-mit-wlan-qr-code-white-1.jpg\",\"datePublished\":\"2026-02-01T20:02:07+00:00\",\"dateModified\":\"2026-02-13T09:56:49+00:00\",\"description\":\"Enkel WiFi-\u00e5tkomst f\u00f6r g\u00e4ster med WIFI NFC Sticker \u201dSquare\u201d with QR Code fr\u00e5n truzzer. Enkel installation, redo att anv\u00e4nda. Best\u00e4ll nu!\",\"breadcrumb\":{\"@id\":\"https:\/\/www.truzzer.com\/sv\/produkt\/wifi-nfc-sticker-square-with-qr-code\/#breadcrumb\"},\"inLanguage\":\"sv-SE\",\"potentialAction\":[{\"@type\":\"ReadAction\",\"target\":[\"https:\/\/www.truzzer.com\/sv\/produkt\/wifi-nfc-sticker-square-with-qr-code\/\"]}]},{\"@type\":\"ImageObject\",\"inLanguage\":\"sv-SE\",\"@id\":\"https:\/\/www.truzzer.com\/sv\/produkt\/wifi-nfc-sticker-square-with-qr-code\/#primaryimage\",\"url\":\"https:\/\/www.truzzer.com\/wp-content\/uploads\/2026\/02\/nfc-wifi-sticker-wlan-aufkleber-empfehlio-truzzer-social-wave-mit-wlan-qr-code-white-1.jpg\",\"contentUrl\":\"https:\/\/www.truzzer.com\/wp-content\/uploads\/2026\/02\/nfc-wifi-sticker-wlan-aufkleber-empfehlio-truzzer-social-wave-mit-wlan-qr-code-white-1.jpg\",\"width\":1200,\"height\":1200},{\"@type\":\"BreadcrumbList\",\"@id\":\"https:\/\/www.truzzer.com\/sv\/produkt\/wifi-nfc-sticker-square-with-qr-code\/#breadcrumb\",\"itemListElement\":[{\"@type\":\"ListItem\",\"position\":1,\"name\":\"Home\",\"item\":\"https:\/\/www.truzzer.com\/sv\/\"},{\"@type\":\"ListItem\",\"position\":2,\"name\":\"Butik\",\"item\":\"https:\/\/www.truzzer.com\/sv\/butik\/\"},{\"@type\":\"ListItem\",\"position\":3,\"name\":\"WIFI NFC Klisterm\u00e4rke &#8220;Square&#8221; med QR-kod\"}]},{\"@type\":\"WebSite\",\"@id\":\"https:\/\/www.truzzer.com\/sv\/#website\",\"url\":\"https:\/\/www.truzzer.com\/sv\/\",\"name\":\"truzzer\",\"description\":\"Experts for customer trust\",\"publisher\":{\"@id\":\"https:\/\/www.truzzer.com\/sv\/#organization\"},\"potentialAction\":[{\"@type\":\"SearchAction\",\"target\":{\"@type\":\"EntryPoint\",\"urlTemplate\":\"https:\/\/www.truzzer.com\/sv\/?s={search_term_string}\"},\"query-input\":{\"@type\":\"PropertyValueSpecification\",\"valueRequired\":true,\"valueName\":\"search_term_string\"}}],\"inLanguage\":\"sv-SE\"},{\"@type\":\"Organization\",\"@id\":\"https:\/\/www.truzzer.com\/sv\/#organization\",\"name\":\"truzzer\",\"url\":\"https:\/\/www.truzzer.com\/sv\/\",\"logo\":{\"@type\":\"ImageObject\",\"inLanguage\":\"sv-SE\",\"@id\":\"https:\/\/www.truzzer.com\/sv\/#\/schema\/logo\/image\/\",\"url\":\"https:\/\/truzzer.com\/wp-content\/uploads\/2026\/01\/truzzer-logo-black-1.svg\",\"contentUrl\":\"https:\/\/truzzer.com\/wp-content\/uploads\/2026\/01\/truzzer-logo-black-1.svg\",\"width\":938,\"height\":199,\"caption\":\"truzzer\"},\"image\":{\"@id\":\"https:\/\/www.truzzer.com\/sv\/#\/schema\/logo\/image\/\"}}]}<\/script>\n<!-- \/ Yoast SEO plugin. -->","yoast_head_json":{"title":"WIFI NFC Sticker \u201dSquare\u201d with QR Code | truzzer","description":"Enkel WiFi-\u00e5tkomst f\u00f6r g\u00e4ster med WIFI NFC Sticker \u201dSquare\u201d with QR Code fr\u00e5n truzzer. Enkel installation, redo att anv\u00e4nda. Best\u00e4ll nu!","robots":{"index":"index","follow":"follow","max-snippet":"max-snippet:-1","max-image-preview":"max-image-preview:large","max-video-preview":"max-video-preview:-1"},"canonical":"https:\/\/www.truzzer.com\/sv\/produkt\/wifi-nfc-sticker-square-with-qr-code\/","og_locale":"sv_SE","og_type":"article","og_title":"WIFI NFC Sticker \u201dSquare\u201d with QR Code | truzzer","og_description":"Enkel WiFi-\u00e5tkomst f\u00f6r g\u00e4ster med WIFI NFC Sticker \u201dSquare\u201d with QR Code fr\u00e5n truzzer. Enkel installation, redo att anv\u00e4nda. Best\u00e4ll nu!","og_url":"https:\/\/www.truzzer.com\/sv\/produkt\/wifi-nfc-sticker-square-with-qr-code\/","og_site_name":"truzzer","article_modified_time":"2026-02-13T09:56:49+00:00","og_image":[{"width":1200,"height":1200,"url":"https:\/\/www.truzzer.com\/wp-content\/uploads\/2026\/02\/nfc-wifi-sticker-wlan-aufkleber-empfehlio-truzzer-social-wave-mit-wlan-qr-code-white-1.jpg","type":"image\/jpeg"}],"twitter_card":"summary_large_image","twitter_misc":{"Ber\u00e4knad l\u00e4stid":"3 minuter"},"schema":{"@context":"https:\/\/schema.org","@graph":[{"@type":"WebPage","@id":"https:\/\/www.truzzer.com\/sv\/produkt\/wifi-nfc-sticker-square-with-qr-code\/","url":"https:\/\/www.truzzer.com\/sv\/produkt\/wifi-nfc-sticker-square-with-qr-code\/","name":"WIFI NFC Sticker \u201dSquare\u201d with QR Code | truzzer","isPartOf":{"@id":"https:\/\/www.truzzer.com\/sv\/#website"},"primaryImageOfPage":{"@id":"https:\/\/www.truzzer.com\/sv\/produkt\/wifi-nfc-sticker-square-with-qr-code\/#primaryimage"},"image":{"@id":"https:\/\/www.truzzer.com\/sv\/produkt\/wifi-nfc-sticker-square-with-qr-code\/#primaryimage"},"thumbnailUrl":"https:\/\/www.truzzer.com\/wp-content\/uploads\/2026\/02\/nfc-wifi-sticker-wlan-aufkleber-empfehlio-truzzer-social-wave-mit-wlan-qr-code-white-1.jpg","datePublished":"2026-02-01T20:02:07+00:00","dateModified":"2026-02-13T09:56:49+00:00","description":"Enkel WiFi-\u00e5tkomst f\u00f6r g\u00e4ster med WIFI NFC Sticker \u201dSquare\u201d with QR Code fr\u00e5n truzzer. Enkel installation, redo att anv\u00e4nda. Best\u00e4ll nu!","breadcrumb":{"@id":"https:\/\/www.truzzer.com\/sv\/produkt\/wifi-nfc-sticker-square-with-qr-code\/#breadcrumb"},"inLanguage":"sv-SE","potentialAction":[{"@type":"ReadAction","target":["https:\/\/www.truzzer.com\/sv\/produkt\/wifi-nfc-sticker-square-with-qr-code\/"]}]},{"@type":"ImageObject","inLanguage":"sv-SE","@id":"https:\/\/www.truzzer.com\/sv\/produkt\/wifi-nfc-sticker-square-with-qr-code\/#primaryimage","url":"https:\/\/www.truzzer.com\/wp-content\/uploads\/2026\/02\/nfc-wifi-sticker-wlan-aufkleber-empfehlio-truzzer-social-wave-mit-wlan-qr-code-white-1.jpg","contentUrl":"https:\/\/www.truzzer.com\/wp-content\/uploads\/2026\/02\/nfc-wifi-sticker-wlan-aufkleber-empfehlio-truzzer-social-wave-mit-wlan-qr-code-white-1.jpg","width":1200,"height":1200},{"@type":"BreadcrumbList","@id":"https:\/\/www.truzzer.com\/sv\/produkt\/wifi-nfc-sticker-square-with-qr-code\/#breadcrumb","itemListElement":[{"@type":"ListItem","position":1,"name":"Home","item":"https:\/\/www.truzzer.com\/sv\/"},{"@type":"ListItem","position":2,"name":"Butik","item":"https:\/\/www.truzzer.com\/sv\/butik\/"},{"@type":"ListItem","position":3,"name":"WIFI NFC Klisterm\u00e4rke &#8220;Square&#8221; med QR-kod"}]},{"@type":"WebSite","@id":"https:\/\/www.truzzer.com\/sv\/#website","url":"https:\/\/www.truzzer.com\/sv\/","name":"truzzer","description":"Experts for customer trust","publisher":{"@id":"https:\/\/www.truzzer.com\/sv\/#organization"},"potentialAction":[{"@type":"SearchAction","target":{"@type":"EntryPoint","urlTemplate":"https:\/\/www.truzzer.com\/sv\/?s={search_term_string}"},"query-input":{"@type":"PropertyValueSpecification","valueRequired":true,"valueName":"search_term_string"}}],"inLanguage":"sv-SE"},{"@type":"Organization","@id":"https:\/\/www.truzzer.com\/sv\/#organization","name":"truzzer","url":"https:\/\/www.truzzer.com\/sv\/","logo":{"@type":"ImageObject","inLanguage":"sv-SE","@id":"https:\/\/www.truzzer.com\/sv\/#\/schema\/logo\/image\/","url":"https:\/\/truzzer.com\/wp-content\/uploads\/2026\/01\/truzzer-logo-black-1.svg","contentUrl":"https:\/\/truzzer.com\/wp-content\/uploads\/2026\/01\/truzzer-logo-black-1.svg","width":938,"height":199,"caption":"truzzer"},"image":{"@id":"https:\/\/www.truzzer.com\/sv\/#\/schema\/logo\/image\/"}}]}},"tiered_pricing_type":"fixed","tiered_pricing_fixed_rules":[],"tiered_pricing_product_settings":{"layout":"default","base_unit_name":{"singular":null,"plural":null},"default_variation":null},"tiered_pricing_minimum_quantity":null,"tiered_pricing_roles_data":[],"tiered_pricing_percentage_rules":[],"tiered_pricing_maximum_quantity":null,"tiered_pricing_quantity_step":null,"_links":{"self":[{"href":"https:\/\/www.truzzer.com\/sv\/wp-json\/wp\/v2\/product\/101537","targetHints":{"allow":["GET"]}}],"collection":[{"href":"https:\/\/www.truzzer.com\/sv\/wp-json\/wp\/v2\/product"}],"about":[{"href":"https:\/\/www.truzzer.com\/sv\/wp-json\/wp\/v2\/types\/product"}],"replies":[{"embeddable":true,"href":"https:\/\/www.truzzer.com\/sv\/wp-json\/wp\/v2\/comments?post=101537"}],"wp:featuredmedia":[{"embeddable":true,"href":"https:\/\/www.truzzer.com\/sv\/wp-json\/wp\/v2\/media\/101565"}],"wp:attachment":[{"href":"https:\/\/www.truzzer.com\/sv\/wp-json\/wp\/v2\/media?parent=101537"}],"wp:term":[{"taxonomy":"product_brand","embeddable":true,"href":"https:\/\/www.truzzer.com\/sv\/wp-json\/wp\/v2\/product_brand?post=101537"},{"taxonomy":"product_cat","embeddable":true,"href":"https:\/\/www.truzzer.com\/sv\/wp-json\/wp\/v2\/product_cat?post=101537"},{"taxonomy":"product_tag","embeddable":true,"href":"https:\/\/www.truzzer.com\/sv\/wp-json\/wp\/v2\/product_tag?post=101537"}],"curies":[{"name":"wp","href":"https:\/\/api.w.org\/{rel}","templated":true}]}}