{"id":101610,"date":"2026-02-01T20:01:49","date_gmt":"2026-02-01T20:01:49","guid":{"rendered":"https:\/\/beta.truzzer.com\/product\/follow-us-on-instagram-nfc-business-card-tap\/"},"modified":"2026-02-13T07:59:47","modified_gmt":"2026-02-13T07:59:47","slug":"follow-us-on-instagram-nfc-business-card-tap","status":"publish","type":"product","link":"https:\/\/www.truzzer.com\/sv\/produkt\/follow-us-on-instagram-nfc-business-card-tap\/","title":{"rendered":"F\u00f6lj oss p\u00e5 Instagram NFC visitkort &#8221;Tap&#8221;"},"content":{"rendered":"<div style=\"width: 1280px\" class=\"wp-video\"><video class=\"wp-video-shortcode\" id=\"video-0-1\" width=\"1280\" height=\"720\" preload=\"metadata\" controls=\"controls\"><a href=\"https:\/\/www.truzzer.de\/wp-content\/uploads\/2023\/05\/ig-card.mp4\">https:\/\/www.truzzer.de\/wp-content\/uploads\/2023\/05\/ig-card.mp4<\/a><\/video><\/div>\n<p>Sociala medier har blivit en viktig del av v\u00e5rt dagliga liv. Instagram \u00e4r en av de mest anv\u00e4nda plattformarna, med \u00f6ver en miljard aktiva anv\u00e4ndare \u00f6ver hela v\u00e4rlden. Att ha en n\u00e4rvaro p\u00e5 Instagram \u00e4r avg\u00f6rande f\u00f6r att f\u00f6retag ska f\u00e5 st\u00f6rre r\u00e4ckvidd och synlighet. Ett s\u00e4tt att uppn\u00e5 detta \u00e4r att anv\u00e4nda rekommenderade F\u00f6lj oss p\u00e5 Instagram NFC-kort.<\/p>\n<p>Dessa NFC-kort \u00e4r ett effektivt s\u00e4tt att f\u00e5 dina kunder att f\u00f6lja ditt Instagram-konto. Korten kan enkelt placeras p\u00e5 bord eller diskar s\u00e5 att kunderna kan se dem. Om en kund har en NFC-aktiverad smartphone kan de helt enkelt h\u00e5lla telefonen mot kortet och de tas direkt till din Instagram-profil utan att beh\u00f6va leta upp den manuellt. Detta \u00e4r ett enkelt och bekv\u00e4mt s\u00e4tt f\u00f6r kunder att f\u00f6lja dig p\u00e5 Instagram.<\/p>\n<p>Men vad h\u00e4nder om kunden inte har en NFC-aktiverad smartphone? inga problem. Varje kort inneh\u00e5ller ocks\u00e5 en QR-kod som kunden helt enkelt kan skanna med sin smartphone f\u00f6r att omdirigeras till din Instagram-profil. Det h\u00e4r \u00e4r ett utm\u00e4rkt alternativ f\u00f6r kunder som inte har en NFC-aktiverad smartphone eller som inte vill anv\u00e4nda NFC-funktionen.<\/p>\n<p>Genom att anv\u00e4nda rekommenderade F\u00f6lj oss p\u00e5 Instagram NFC-kort kan f\u00f6retag snabbt och enkelt f\u00e5 fler f\u00f6ljare p\u00e5 Instagram. Dessa kort erbjuder ett bekv\u00e4mt och effektivt s\u00e4tt att \u00f6ka din n\u00e4rvaro p\u00e5 sociala medier och \u00f6ka din r\u00e4ckvidd. Dessutom \u00e4r de l\u00e4tta att implementera och kr\u00e4ver inga speciella tekniska kunskaper.<\/p>\n<p>Sammantaget \u00e4r att anv\u00e4nda rekommenderade F\u00f6lj oss p\u00e5 Instagram NFC-kort ett utm\u00e4rkt s\u00e4tt f\u00f6r f\u00f6retag att \u00f6ka sin n\u00e4rvaro p\u00e5 sociala medier och f\u00e5 fler f\u00f6ljare p\u00e5 Instagram. Att inf\u00f6rliva NFC-teknik i din marknadsf\u00f6ringsstrategi kan hj\u00e4lpa ditt f\u00f6retag att sticka ut fr\u00e5n konkurrenterna och attrahera fler kunder.<\/p>\n<p>&nbsp;<\/p>\n","protected":false},"excerpt":{"rendered":"<h2>Vinn Instagram-anh\u00e4ngare med NFC-kort!<\/h2>\n<p><strong>Det har aldrig varit enklare att konvertera kunder till Instagram-f\u00f6ljare!<\/strong><br \/>\nMed de kontaktl\u00f6sa Instagram NFC-korten kan du enkelt vinna nya Instagram-f\u00f6ljare direkt p\u00e5 plats.<br \/>\nMed sin coola design v\u00e4cker Instagram NFC-korten kundernas intresse och uppmaningen uppmuntrar dina kunder att f\u00f6lja dig p\u00e5 Instagram.<\/p>\n<p>Allt dina kunder beh\u00f6ver g\u00f6ra \u00e4r att h\u00e5lla sin smartphone n\u00e4ra kortet och ett popup-f\u00f6nster \u00f6ppnas p\u00e5 deras telefon, som leder direkt till din Instagram-profil!<\/p>\n<p>Om kundens smartphone inte har en NFC-funktion finns det en alternativ QR-kod p\u00e5 utst\u00e4llaren, som kan skannas direkt med smartphonekameran <strong>&#8211; i b\u00e5da fallen beh\u00f6vs ingen separat app!<\/strong><\/p>\n<h3><strong>S\u00e5 h\u00e4r hj\u00e4lper NFC-korten dig att f\u00e5 fler f\u00f6ljare<br \/>\n<\/strong><\/h3>\n<p>&nbsp;<\/p>\n<ul>\n<li>Inga besv\u00e4rliga fr\u00e5gor &amp; Beg\u00e4ran. <strong>Uppmaningen<\/strong> uppmuntrar dina kunder att f\u00f6lja dig<\/li>\n<li>Gl\u00f6m inte, eftersom kunderna kommer att bli medvetna om din Instagram-profil<\/li>\n<li>Ingen s\u00f6kning och inga sv\u00e5righeter: <strong>NFC-l\u00e4nken och Instagram QR-koden leder direkt till din profil<\/strong>(vi skapar denna \u00e5t dig)<strong><br \/>\n<\/strong><\/li>\n<li><strong>Tillg\u00e4nglig<\/strong>: NFC-korten g\u00f6r din Instagram-profil p\u00e5taglig.<\/li>\n<li>Ingen extra app kr\u00e4vs.<\/li>\n<li>Blickf\u00e5ng: modern design<\/li>\n<\/ul>\n<p><strong>Vi kommer att skapa och l\u00e4nka NFC-l\u00e4nken och QR-koden till din Instagram-profil \u00e5t dig!<\/strong><strong><br \/>\n<\/strong><\/p>\n","protected":false},"featured_media":101617,"comment_status":"open","ping_status":"closed","template":"","meta":{"_acf_changed":false,"_yoast_wpseo_focuskw":"Instagram QR-kod NFC Tag","_yoast_wpseo_title":"Follow Us On Instagram NFC Business Card \u201dTap\u201d | truzzer","_yoast_wpseo_metadesc":"Fler Instagram-f\u00f6ljare med Follow Us On Instagram NFC Business Card \u201dTap\u201d fr\u00e5n truzzer. Enkel installation, redo att anv\u00e4nda. Best\u00e4ll nu!"},"product_brand":[1659],"product_cat":[1478,588],"product_tag":[],"class_list":{"0":"post-101610","1":"product","2":"type-product","3":"status-publish","4":"has-post-thumbnail","6":"product_brand-instagram","7":"product_cat-instagram-foljare-visitkort-med-nfc","8":"product_cat-nfc-produkter","9":"pa_industry-byra-konsultverksamhet","10":"pa_industry-lokale-diensten","11":"pa_industry-onroerend-goed","12":"pa_material-plastic","13":"pa_placement-balie-receptie","14":"pa_placement-broschyr","15":"pa_placement-portemonnee-personlijk","16":"pa_product-type-visitekaartjes","17":"pa_technology-nfc","19":"first","20":"instock","21":"taxable","22":"shipping-taxable","23":"purchasable","24":"product-type-simple"},"acf":[],"yoast_head":"<!-- This site is optimized with the Yoast SEO plugin v27.0 - https:\/\/yoast.com\/product\/yoast-seo-wordpress\/ -->\n<title>Follow Us On Instagram NFC Business Card \u201dTap\u201d | truzzer<\/title>\n<meta name=\"description\" content=\"Fler Instagram-f\u00f6ljare med Follow Us On Instagram NFC Business Card \u201dTap\u201d fr\u00e5n truzzer. Enkel installation, redo att anv\u00e4nda. Best\u00e4ll nu!\" \/>\n<meta name=\"robots\" content=\"index, follow, max-snippet:-1, max-image-preview:large, max-video-preview:-1\" \/>\n<link rel=\"canonical\" href=\"https:\/\/www.truzzer.com\/sv\/produkt\/follow-us-on-instagram-nfc-business-card-tap\/\" \/>\n<meta property=\"og:locale\" content=\"sv_SE\" \/>\n<meta property=\"og:type\" content=\"article\" \/>\n<meta property=\"og:title\" content=\"Follow Us On Instagram NFC Business Card \u201dTap\u201d | truzzer\" \/>\n<meta property=\"og:description\" content=\"Fler Instagram-f\u00f6ljare med Follow Us On Instagram NFC Business Card \u201dTap\u201d fr\u00e5n truzzer. Enkel installation, redo att anv\u00e4nda. Best\u00e4ll nu!\" \/>\n<meta property=\"og:url\" content=\"https:\/\/www.truzzer.com\/sv\/produkt\/follow-us-on-instagram-nfc-business-card-tap\/\" \/>\n<meta property=\"og:site_name\" content=\"truzzer\" \/>\n<meta property=\"article:modified_time\" content=\"2026-02-13T07:59:47+00:00\" \/>\n<meta property=\"og:image\" content=\"https:\/\/www.truzzer.com\/wp-content\/uploads\/2026\/02\/instagram-nfc-business-card-visitenkarte-smartcard-empfehlio-truzzer-1.jpg\" \/>\n\t<meta property=\"og:image:width\" content=\"1200\" \/>\n\t<meta property=\"og:image:height\" content=\"1200\" \/>\n\t<meta property=\"og:image:type\" content=\"image\/jpeg\" \/>\n<meta name=\"twitter:card\" content=\"summary_large_image\" \/>\n<meta name=\"twitter:label1\" content=\"Ber\u00e4knad l\u00e4stid\" \/>\n\t<meta name=\"twitter:data1\" content=\"2 minuter\" \/>\n<script type=\"application\/ld+json\" class=\"yoast-schema-graph\">{\"@context\":\"https:\/\/schema.org\",\"@graph\":[{\"@type\":\"WebPage\",\"@id\":\"https:\/\/www.truzzer.com\/sv\/produkt\/follow-us-on-instagram-nfc-business-card-tap\/\",\"url\":\"https:\/\/www.truzzer.com\/sv\/produkt\/follow-us-on-instagram-nfc-business-card-tap\/\",\"name\":\"Follow Us On Instagram NFC Business Card \u201dTap\u201d | truzzer\",\"isPartOf\":{\"@id\":\"https:\/\/www.truzzer.com\/sv\/#website\"},\"primaryImageOfPage\":{\"@id\":\"https:\/\/www.truzzer.com\/sv\/produkt\/follow-us-on-instagram-nfc-business-card-tap\/#primaryimage\"},\"image\":{\"@id\":\"https:\/\/www.truzzer.com\/sv\/produkt\/follow-us-on-instagram-nfc-business-card-tap\/#primaryimage\"},\"thumbnailUrl\":\"https:\/\/www.truzzer.com\/wp-content\/uploads\/2026\/02\/instagram-nfc-business-card-visitenkarte-smartcard-empfehlio-truzzer-1.jpg\",\"datePublished\":\"2026-02-01T20:01:49+00:00\",\"dateModified\":\"2026-02-13T07:59:47+00:00\",\"description\":\"Fler Instagram-f\u00f6ljare med Follow Us On Instagram NFC Business Card \u201dTap\u201d fr\u00e5n truzzer. Enkel installation, redo att anv\u00e4nda. Best\u00e4ll nu!\",\"breadcrumb\":{\"@id\":\"https:\/\/www.truzzer.com\/sv\/produkt\/follow-us-on-instagram-nfc-business-card-tap\/#breadcrumb\"},\"inLanguage\":\"sv-SE\",\"potentialAction\":[{\"@type\":\"ReadAction\",\"target\":[\"https:\/\/www.truzzer.com\/sv\/produkt\/follow-us-on-instagram-nfc-business-card-tap\/\"]}]},{\"@type\":\"ImageObject\",\"inLanguage\":\"sv-SE\",\"@id\":\"https:\/\/www.truzzer.com\/sv\/produkt\/follow-us-on-instagram-nfc-business-card-tap\/#primaryimage\",\"url\":\"https:\/\/www.truzzer.com\/wp-content\/uploads\/2026\/02\/instagram-nfc-business-card-visitenkarte-smartcard-empfehlio-truzzer-1.jpg\",\"contentUrl\":\"https:\/\/www.truzzer.com\/wp-content\/uploads\/2026\/02\/instagram-nfc-business-card-visitenkarte-smartcard-empfehlio-truzzer-1.jpg\",\"width\":1200,\"height\":1200},{\"@type\":\"BreadcrumbList\",\"@id\":\"https:\/\/www.truzzer.com\/sv\/produkt\/follow-us-on-instagram-nfc-business-card-tap\/#breadcrumb\",\"itemListElement\":[{\"@type\":\"ListItem\",\"position\":1,\"name\":\"Home\",\"item\":\"https:\/\/www.truzzer.com\/sv\/\"},{\"@type\":\"ListItem\",\"position\":2,\"name\":\"Butik\",\"item\":\"https:\/\/www.truzzer.com\/sv\/butik\/\"},{\"@type\":\"ListItem\",\"position\":3,\"name\":\"F\u00f6lj oss p\u00e5 Instagram NFC visitkort &#8221;Tap&#8221;\"}]},{\"@type\":\"WebSite\",\"@id\":\"https:\/\/www.truzzer.com\/sv\/#website\",\"url\":\"https:\/\/www.truzzer.com\/sv\/\",\"name\":\"truzzer\",\"description\":\"Experts for customer trust\",\"publisher\":{\"@id\":\"https:\/\/www.truzzer.com\/sv\/#organization\"},\"potentialAction\":[{\"@type\":\"SearchAction\",\"target\":{\"@type\":\"EntryPoint\",\"urlTemplate\":\"https:\/\/www.truzzer.com\/sv\/?s={search_term_string}\"},\"query-input\":{\"@type\":\"PropertyValueSpecification\",\"valueRequired\":true,\"valueName\":\"search_term_string\"}}],\"inLanguage\":\"sv-SE\"},{\"@type\":\"Organization\",\"@id\":\"https:\/\/www.truzzer.com\/sv\/#organization\",\"name\":\"truzzer\",\"url\":\"https:\/\/www.truzzer.com\/sv\/\",\"logo\":{\"@type\":\"ImageObject\",\"inLanguage\":\"sv-SE\",\"@id\":\"https:\/\/www.truzzer.com\/sv\/#\/schema\/logo\/image\/\",\"url\":\"https:\/\/truzzer.com\/wp-content\/uploads\/2026\/01\/truzzer-logo-black-1.svg\",\"contentUrl\":\"https:\/\/truzzer.com\/wp-content\/uploads\/2026\/01\/truzzer-logo-black-1.svg\",\"width\":938,\"height\":199,\"caption\":\"truzzer\"},\"image\":{\"@id\":\"https:\/\/www.truzzer.com\/sv\/#\/schema\/logo\/image\/\"}}]}<\/script>\n<!-- \/ Yoast SEO plugin. -->","yoast_head_json":{"title":"Follow Us On Instagram NFC Business Card \u201dTap\u201d | truzzer","description":"Fler Instagram-f\u00f6ljare med Follow Us On Instagram NFC Business Card \u201dTap\u201d fr\u00e5n truzzer. Enkel installation, redo att anv\u00e4nda. Best\u00e4ll nu!","robots":{"index":"index","follow":"follow","max-snippet":"max-snippet:-1","max-image-preview":"max-image-preview:large","max-video-preview":"max-video-preview:-1"},"canonical":"https:\/\/www.truzzer.com\/sv\/produkt\/follow-us-on-instagram-nfc-business-card-tap\/","og_locale":"sv_SE","og_type":"article","og_title":"Follow Us On Instagram NFC Business Card \u201dTap\u201d | truzzer","og_description":"Fler Instagram-f\u00f6ljare med Follow Us On Instagram NFC Business Card \u201dTap\u201d fr\u00e5n truzzer. Enkel installation, redo att anv\u00e4nda. Best\u00e4ll nu!","og_url":"https:\/\/www.truzzer.com\/sv\/produkt\/follow-us-on-instagram-nfc-business-card-tap\/","og_site_name":"truzzer","article_modified_time":"2026-02-13T07:59:47+00:00","og_image":[{"width":1200,"height":1200,"url":"https:\/\/www.truzzer.com\/wp-content\/uploads\/2026\/02\/instagram-nfc-business-card-visitenkarte-smartcard-empfehlio-truzzer-1.jpg","type":"image\/jpeg"}],"twitter_card":"summary_large_image","twitter_misc":{"Ber\u00e4knad l\u00e4stid":"2 minuter"},"schema":{"@context":"https:\/\/schema.org","@graph":[{"@type":"WebPage","@id":"https:\/\/www.truzzer.com\/sv\/produkt\/follow-us-on-instagram-nfc-business-card-tap\/","url":"https:\/\/www.truzzer.com\/sv\/produkt\/follow-us-on-instagram-nfc-business-card-tap\/","name":"Follow Us On Instagram NFC Business Card \u201dTap\u201d | truzzer","isPartOf":{"@id":"https:\/\/www.truzzer.com\/sv\/#website"},"primaryImageOfPage":{"@id":"https:\/\/www.truzzer.com\/sv\/produkt\/follow-us-on-instagram-nfc-business-card-tap\/#primaryimage"},"image":{"@id":"https:\/\/www.truzzer.com\/sv\/produkt\/follow-us-on-instagram-nfc-business-card-tap\/#primaryimage"},"thumbnailUrl":"https:\/\/www.truzzer.com\/wp-content\/uploads\/2026\/02\/instagram-nfc-business-card-visitenkarte-smartcard-empfehlio-truzzer-1.jpg","datePublished":"2026-02-01T20:01:49+00:00","dateModified":"2026-02-13T07:59:47+00:00","description":"Fler Instagram-f\u00f6ljare med Follow Us On Instagram NFC Business Card \u201dTap\u201d fr\u00e5n truzzer. Enkel installation, redo att anv\u00e4nda. Best\u00e4ll nu!","breadcrumb":{"@id":"https:\/\/www.truzzer.com\/sv\/produkt\/follow-us-on-instagram-nfc-business-card-tap\/#breadcrumb"},"inLanguage":"sv-SE","potentialAction":[{"@type":"ReadAction","target":["https:\/\/www.truzzer.com\/sv\/produkt\/follow-us-on-instagram-nfc-business-card-tap\/"]}]},{"@type":"ImageObject","inLanguage":"sv-SE","@id":"https:\/\/www.truzzer.com\/sv\/produkt\/follow-us-on-instagram-nfc-business-card-tap\/#primaryimage","url":"https:\/\/www.truzzer.com\/wp-content\/uploads\/2026\/02\/instagram-nfc-business-card-visitenkarte-smartcard-empfehlio-truzzer-1.jpg","contentUrl":"https:\/\/www.truzzer.com\/wp-content\/uploads\/2026\/02\/instagram-nfc-business-card-visitenkarte-smartcard-empfehlio-truzzer-1.jpg","width":1200,"height":1200},{"@type":"BreadcrumbList","@id":"https:\/\/www.truzzer.com\/sv\/produkt\/follow-us-on-instagram-nfc-business-card-tap\/#breadcrumb","itemListElement":[{"@type":"ListItem","position":1,"name":"Home","item":"https:\/\/www.truzzer.com\/sv\/"},{"@type":"ListItem","position":2,"name":"Butik","item":"https:\/\/www.truzzer.com\/sv\/butik\/"},{"@type":"ListItem","position":3,"name":"F\u00f6lj oss p\u00e5 Instagram NFC visitkort &#8221;Tap&#8221;"}]},{"@type":"WebSite","@id":"https:\/\/www.truzzer.com\/sv\/#website","url":"https:\/\/www.truzzer.com\/sv\/","name":"truzzer","description":"Experts for customer trust","publisher":{"@id":"https:\/\/www.truzzer.com\/sv\/#organization"},"potentialAction":[{"@type":"SearchAction","target":{"@type":"EntryPoint","urlTemplate":"https:\/\/www.truzzer.com\/sv\/?s={search_term_string}"},"query-input":{"@type":"PropertyValueSpecification","valueRequired":true,"valueName":"search_term_string"}}],"inLanguage":"sv-SE"},{"@type":"Organization","@id":"https:\/\/www.truzzer.com\/sv\/#organization","name":"truzzer","url":"https:\/\/www.truzzer.com\/sv\/","logo":{"@type":"ImageObject","inLanguage":"sv-SE","@id":"https:\/\/www.truzzer.com\/sv\/#\/schema\/logo\/image\/","url":"https:\/\/truzzer.com\/wp-content\/uploads\/2026\/01\/truzzer-logo-black-1.svg","contentUrl":"https:\/\/truzzer.com\/wp-content\/uploads\/2026\/01\/truzzer-logo-black-1.svg","width":938,"height":199,"caption":"truzzer"},"image":{"@id":"https:\/\/www.truzzer.com\/sv\/#\/schema\/logo\/image\/"}}]}},"tiered_pricing_type":"fixed","tiered_pricing_fixed_rules":[],"tiered_pricing_product_settings":{"layout":"default","base_unit_name":{"singular":null,"plural":null},"default_variation":null},"tiered_pricing_minimum_quantity":null,"tiered_pricing_roles_data":[],"tiered_pricing_percentage_rules":[],"tiered_pricing_maximum_quantity":null,"tiered_pricing_quantity_step":null,"_links":{"self":[{"href":"https:\/\/www.truzzer.com\/sv\/wp-json\/wp\/v2\/product\/101610","targetHints":{"allow":["GET"]}}],"collection":[{"href":"https:\/\/www.truzzer.com\/sv\/wp-json\/wp\/v2\/product"}],"about":[{"href":"https:\/\/www.truzzer.com\/sv\/wp-json\/wp\/v2\/types\/product"}],"replies":[{"embeddable":true,"href":"https:\/\/www.truzzer.com\/sv\/wp-json\/wp\/v2\/comments?post=101610"}],"wp:featuredmedia":[{"embeddable":true,"href":"https:\/\/www.truzzer.com\/sv\/wp-json\/wp\/v2\/media\/101617"}],"wp:attachment":[{"href":"https:\/\/www.truzzer.com\/sv\/wp-json\/wp\/v2\/media?parent=101610"}],"wp:term":[{"taxonomy":"product_brand","embeddable":true,"href":"https:\/\/www.truzzer.com\/sv\/wp-json\/wp\/v2\/product_brand?post=101610"},{"taxonomy":"product_cat","embeddable":true,"href":"https:\/\/www.truzzer.com\/sv\/wp-json\/wp\/v2\/product_cat?post=101610"},{"taxonomy":"product_tag","embeddable":true,"href":"https:\/\/www.truzzer.com\/sv\/wp-json\/wp\/v2\/product_tag?post=101610"}],"curies":[{"name":"wp","href":"https:\/\/api.w.org\/{rel}","templated":true}]}}