{"id":101667,"date":"2026-02-01T20:01:31","date_gmt":"2026-02-01T20:01:31","guid":{"rendered":"https:\/\/beta.truzzer.com\/product\/google-review-nfc-business-card-tap-with-google-review-qr-code\/"},"modified":"2026-02-13T08:02:16","modified_gmt":"2026-02-13T08:02:16","slug":"google-review-nfc-business-card-tap-with-google-review-qr-code","status":"publish","type":"product","link":"https:\/\/www.truzzer.com\/sv\/produkt\/google-review-nfc-business-card-tap-with-google-review-qr-code\/","title":{"rendered":"Google Review NFC Visitkort &#8221;Tap&#8221; med Google Review QR-kod"},"content":{"rendered":"<h2>F\u00e5 fler Google-recensioner med truzzer:s Google Review NFC QR-kodkort &#8221;Tap&#8221;!<\/h2>\n<p>Med <strong>truzzer Google Review Cards<\/strong> med NFC-l\u00e4nkar kan du snabbt f\u00e5 positiva recensioner fr\u00e5n dina n\u00f6jda kunder precis d\u00e4r du bor.<br \/>\n-V\u00e4derbest\u00e4ndig<br \/>\n-Visar dina kunder att de kan hitta dig p\u00e5 Google ocks\u00e5<br \/>\n&#8211; Skr\u00e4ddarsytt specifikt f\u00f6r dig<\/p>\n","protected":false},"excerpt":{"rendered":"<div class=\"woocommerce-product-details__short-description\">\n<div style=\"width: 1920px\" class=\"wp-video\"><video class=\"wp-video-shortcode\" id=\"video-0-1\" width=\"1920\" height=\"1080\" preload=\"metadata\" controls=\"controls\"><a href=\"https:\/\/www.truzzer.com\/wp-content\/uploads\/2023\/08\/google-version-2-eng.mp4\">https:\/\/www.truzzer.com\/wp-content\/uploads\/2023\/08\/google-version-2-eng.mp4<\/a><\/video><\/div>\n<h2>F\u00e5 fler Google-recensioner med recension NFC-kort<\/h2>\n<p><strong>Det har aldrig varit enklare att f\u00e5 Google-recensioner fr\u00e5n kunder!<\/strong><br \/>\nMed de kontaktl\u00f6sa Google Reviews NFC-korten kan du enkelt f\u00e5 nya Google-recensioner direkt p\u00e5 plats.<br \/>\nDen i\u00f6gonfallande designen av Google Review NFC Cards gnistor kunder&#8217; intresse, och uppmaningen uppmuntrar dem att granska ditt f\u00f6retag p\u00e5 Google.<br \/>\nAllt dina kunder beh\u00f6ver g\u00f6ra \u00e4r att h\u00e5lla sin smartphone n\u00e4ra NFC-korten s\u00e5 \u00f6ppnas ett popup-f\u00f6nster p\u00e5 deras telefon som leder dem direkt till ditt recensionsformul\u00e4r!<\/p>\n<p>Om kunder&#8217; smartphones har inte NFC-funktionalitet, en alternativ QR-kod finns p\u00e5 baksidan av NFC-korten, som kan skannas direkt med smartphonekameran <strong>&#8211; i b\u00e5da fallen kr\u00e4vs ingen separat app!<\/strong><\/p>\n<h3><strong>Hur NFC-kort hj\u00e4lper dig att f\u00e5 fler Google-recensioner<\/strong><\/h3>\n<p>NFC-korten eliminerar de st\u00f6rsta hindren f\u00f6r b\u00e5de dig och dina kunder n\u00e4r det kommer till Google-recensioner:<\/p>\n<ul>\n<li>Inga mer obehagligt att fr\u00e5ga eller v\u00e4dja. <strong>Uppmaningen<\/strong> tar hand om att beg\u00e4ra Google-recensioner \u00e5t dig.<\/li>\n<li>Ingen mer att gl\u00f6mma, eftersom kunderna p\u00e5minns om att l\u00e4mna en Google-recension.<\/li>\n<li>Ingen s\u00f6kning eller sv\u00e5righet: <strong>NFC-l\u00e4nken och Google Review QR-koden leder direkt till ditt granskningsformul\u00e4r<\/strong> (som vi skapar \u00e5t dig)<strong><br \/><\/strong><\/li>\n<li><strong>Tantagligt:<\/strong> NFC-korten g\u00f6r granskningsprocessen mer p\u00e5taglig.<\/li>\n<li>Ingen extra app kr\u00e4vs.<\/li>\n<li>\u00d6gonf\u00e5ngare: Modern design<\/li>\n<\/ul>\n<p><strong>Vi hanterar skapandet och l\u00e4nkningen av NFC-l\u00e4nken och QR-koden f\u00f6r direkta recensioner p\u00e5 din Google-profil!<\/strong><strong><br \/><\/strong><\/p>\n","protected":false},"featured_media":101674,"comment_status":"open","ping_status":"closed","template":"","meta":{"_acf_changed":false,"_yoast_wpseo_focuskw":"Google Recension NFC Kort","_yoast_wpseo_title":"Google Review NFC Business Card \u201dTap\u201d with Goog... | truzzer","_yoast_wpseo_metadesc":"Fler Google-recensioner med Google Review NFC Business Card \u201dTap\u201d with Google Review QR Code fr\u00e5n truzzer. Enkel installation. Best\u00e4ll nu!"},"product_brand":[1657],"product_cat":[803,819,1582,588,589],"product_tag":[],"class_list":{"0":"post-101667","1":"product","2":"type-product","3":"status-publish","4":"has-post-thumbnail","6":"product_brand-google","7":"product_cat-google-recension-produkter","8":"product_cat-google-recension-visitkort","9":"product_cat-google-recension-visitkort-med-qr-nfc","10":"product_cat-nfc-produkter","11":"product_cat-nfc-visitkort","12":"pa_industry-byra-konsultverksamhet","13":"pa_industry-lokale-diensten","14":"pa_industry-onroerend-goed","15":"pa_material-karton","16":"pa_material-plastic","17":"pa_orientation-portrett","18":"pa_placement-balie-receptie","19":"pa_placement-broschyr","20":"pa_placement-portemonnee-personlijk","21":"pa_product-type-visitekaartjes","22":"pa_shape-rechthoek","23":"pa_technology-nfc","24":"pa_technology-qr-nfc","25":"pa_technology-qr-nfc-2","27":"first","28":"instock","29":"taxable","30":"shipping-taxable","31":"purchasable","32":"product-type-simple"},"acf":[],"yoast_head":"<!-- This site is optimized with the Yoast SEO plugin v27.0 - https:\/\/yoast.com\/product\/yoast-seo-wordpress\/ -->\n<title>Google Review NFC Business Card \u201dTap\u201d with Goog... | truzzer<\/title>\n<meta name=\"description\" content=\"Fler Google-recensioner med Google Review NFC Business Card \u201dTap\u201d with Google Review QR Code fr\u00e5n truzzer. Enkel installation. Best\u00e4ll nu!\" \/>\n<meta name=\"robots\" content=\"index, follow, max-snippet:-1, max-image-preview:large, max-video-preview:-1\" \/>\n<link rel=\"canonical\" href=\"https:\/\/www.truzzer.com\/sv\/produkt\/google-review-nfc-business-card-tap-with-google-review-qr-code\/\" \/>\n<meta property=\"og:locale\" content=\"sv_SE\" \/>\n<meta property=\"og:type\" content=\"article\" \/>\n<meta property=\"og:title\" content=\"Google Review NFC Business Card \u201dTap\u201d with Goog... | truzzer\" \/>\n<meta property=\"og:description\" content=\"Fler Google-recensioner med Google Review NFC Business Card \u201dTap\u201d with Google Review QR Code fr\u00e5n truzzer. Enkel installation. Best\u00e4ll nu!\" \/>\n<meta property=\"og:url\" content=\"https:\/\/www.truzzer.com\/sv\/produkt\/google-review-nfc-business-card-tap-with-google-review-qr-code\/\" \/>\n<meta property=\"og:site_name\" content=\"truzzer\" \/>\n<meta property=\"article:modified_time\" content=\"2026-02-13T08:02:16+00:00\" \/>\n<meta property=\"og:image\" content=\"https:\/\/www.truzzer.com\/wp-content\/uploads\/2026\/02\/GOOGLE-NFC-REVIEW-CARD-TRUZZER-FRONT-tap-S-1.jpg\" \/>\n\t<meta property=\"og:image:width\" content=\"1200\" \/>\n\t<meta property=\"og:image:height\" content=\"1200\" \/>\n\t<meta property=\"og:image:type\" content=\"image\/jpeg\" \/>\n<meta name=\"twitter:card\" content=\"summary_large_image\" \/>\n<script type=\"application\/ld+json\" class=\"yoast-schema-graph\">{\"@context\":\"https:\/\/schema.org\",\"@graph\":[{\"@type\":\"WebPage\",\"@id\":\"https:\/\/www.truzzer.com\/sv\/produkt\/google-review-nfc-business-card-tap-with-google-review-qr-code\/\",\"url\":\"https:\/\/www.truzzer.com\/sv\/produkt\/google-review-nfc-business-card-tap-with-google-review-qr-code\/\",\"name\":\"Google Review NFC Business Card \u201dTap\u201d with Goog... | truzzer\",\"isPartOf\":{\"@id\":\"https:\/\/www.truzzer.com\/sv\/#website\"},\"primaryImageOfPage\":{\"@id\":\"https:\/\/www.truzzer.com\/sv\/produkt\/google-review-nfc-business-card-tap-with-google-review-qr-code\/#primaryimage\"},\"image\":{\"@id\":\"https:\/\/www.truzzer.com\/sv\/produkt\/google-review-nfc-business-card-tap-with-google-review-qr-code\/#primaryimage\"},\"thumbnailUrl\":\"https:\/\/www.truzzer.com\/wp-content\/uploads\/2026\/02\/GOOGLE-NFC-REVIEW-CARD-TRUZZER-FRONT-tap-S-1.jpg\",\"datePublished\":\"2026-02-01T20:01:31+00:00\",\"dateModified\":\"2026-02-13T08:02:16+00:00\",\"description\":\"Fler Google-recensioner med Google Review NFC Business Card \u201dTap\u201d with Google Review QR Code fr\u00e5n truzzer. Enkel installation. Best\u00e4ll nu!\",\"breadcrumb\":{\"@id\":\"https:\/\/www.truzzer.com\/sv\/produkt\/google-review-nfc-business-card-tap-with-google-review-qr-code\/#breadcrumb\"},\"inLanguage\":\"sv-SE\",\"potentialAction\":[{\"@type\":\"ReadAction\",\"target\":[\"https:\/\/www.truzzer.com\/sv\/produkt\/google-review-nfc-business-card-tap-with-google-review-qr-code\/\"]}]},{\"@type\":\"ImageObject\",\"inLanguage\":\"sv-SE\",\"@id\":\"https:\/\/www.truzzer.com\/sv\/produkt\/google-review-nfc-business-card-tap-with-google-review-qr-code\/#primaryimage\",\"url\":\"https:\/\/www.truzzer.com\/wp-content\/uploads\/2026\/02\/GOOGLE-NFC-REVIEW-CARD-TRUZZER-FRONT-tap-S-1.jpg\",\"contentUrl\":\"https:\/\/www.truzzer.com\/wp-content\/uploads\/2026\/02\/GOOGLE-NFC-REVIEW-CARD-TRUZZER-FRONT-tap-S-1.jpg\",\"width\":1200,\"height\":1200},{\"@type\":\"BreadcrumbList\",\"@id\":\"https:\/\/www.truzzer.com\/sv\/produkt\/google-review-nfc-business-card-tap-with-google-review-qr-code\/#breadcrumb\",\"itemListElement\":[{\"@type\":\"ListItem\",\"position\":1,\"name\":\"Home\",\"item\":\"https:\/\/www.truzzer.com\/sv\/\"},{\"@type\":\"ListItem\",\"position\":2,\"name\":\"Butik\",\"item\":\"https:\/\/www.truzzer.com\/sv\/butik\/\"},{\"@type\":\"ListItem\",\"position\":3,\"name\":\"Google Review NFC Visitkort &#8221;Tap&#8221; med Google Review QR-kod\"}]},{\"@type\":\"WebSite\",\"@id\":\"https:\/\/www.truzzer.com\/sv\/#website\",\"url\":\"https:\/\/www.truzzer.com\/sv\/\",\"name\":\"truzzer\",\"description\":\"Experts for customer trust\",\"publisher\":{\"@id\":\"https:\/\/www.truzzer.com\/sv\/#organization\"},\"potentialAction\":[{\"@type\":\"SearchAction\",\"target\":{\"@type\":\"EntryPoint\",\"urlTemplate\":\"https:\/\/www.truzzer.com\/sv\/?s={search_term_string}\"},\"query-input\":{\"@type\":\"PropertyValueSpecification\",\"valueRequired\":true,\"valueName\":\"search_term_string\"}}],\"inLanguage\":\"sv-SE\"},{\"@type\":\"Organization\",\"@id\":\"https:\/\/www.truzzer.com\/sv\/#organization\",\"name\":\"truzzer\",\"url\":\"https:\/\/www.truzzer.com\/sv\/\",\"logo\":{\"@type\":\"ImageObject\",\"inLanguage\":\"sv-SE\",\"@id\":\"https:\/\/www.truzzer.com\/sv\/#\/schema\/logo\/image\/\",\"url\":\"https:\/\/truzzer.com\/wp-content\/uploads\/2026\/01\/truzzer-logo-black-1.svg\",\"contentUrl\":\"https:\/\/truzzer.com\/wp-content\/uploads\/2026\/01\/truzzer-logo-black-1.svg\",\"width\":938,\"height\":199,\"caption\":\"truzzer\"},\"image\":{\"@id\":\"https:\/\/www.truzzer.com\/sv\/#\/schema\/logo\/image\/\"}}]}<\/script>\n<!-- \/ Yoast SEO plugin. -->","yoast_head_json":{"title":"Google Review NFC Business Card \u201dTap\u201d with Goog... | truzzer","description":"Fler Google-recensioner med Google Review NFC Business Card \u201dTap\u201d with Google Review QR Code fr\u00e5n truzzer. Enkel installation. Best\u00e4ll nu!","robots":{"index":"index","follow":"follow","max-snippet":"max-snippet:-1","max-image-preview":"max-image-preview:large","max-video-preview":"max-video-preview:-1"},"canonical":"https:\/\/www.truzzer.com\/sv\/produkt\/google-review-nfc-business-card-tap-with-google-review-qr-code\/","og_locale":"sv_SE","og_type":"article","og_title":"Google Review NFC Business Card \u201dTap\u201d with Goog... | truzzer","og_description":"Fler Google-recensioner med Google Review NFC Business Card \u201dTap\u201d with Google Review QR Code fr\u00e5n truzzer. Enkel installation. Best\u00e4ll nu!","og_url":"https:\/\/www.truzzer.com\/sv\/produkt\/google-review-nfc-business-card-tap-with-google-review-qr-code\/","og_site_name":"truzzer","article_modified_time":"2026-02-13T08:02:16+00:00","og_image":[{"width":1200,"height":1200,"url":"https:\/\/www.truzzer.com\/wp-content\/uploads\/2026\/02\/GOOGLE-NFC-REVIEW-CARD-TRUZZER-FRONT-tap-S-1.jpg","type":"image\/jpeg"}],"twitter_card":"summary_large_image","schema":{"@context":"https:\/\/schema.org","@graph":[{"@type":"WebPage","@id":"https:\/\/www.truzzer.com\/sv\/produkt\/google-review-nfc-business-card-tap-with-google-review-qr-code\/","url":"https:\/\/www.truzzer.com\/sv\/produkt\/google-review-nfc-business-card-tap-with-google-review-qr-code\/","name":"Google Review NFC Business Card \u201dTap\u201d with Goog... | truzzer","isPartOf":{"@id":"https:\/\/www.truzzer.com\/sv\/#website"},"primaryImageOfPage":{"@id":"https:\/\/www.truzzer.com\/sv\/produkt\/google-review-nfc-business-card-tap-with-google-review-qr-code\/#primaryimage"},"image":{"@id":"https:\/\/www.truzzer.com\/sv\/produkt\/google-review-nfc-business-card-tap-with-google-review-qr-code\/#primaryimage"},"thumbnailUrl":"https:\/\/www.truzzer.com\/wp-content\/uploads\/2026\/02\/GOOGLE-NFC-REVIEW-CARD-TRUZZER-FRONT-tap-S-1.jpg","datePublished":"2026-02-01T20:01:31+00:00","dateModified":"2026-02-13T08:02:16+00:00","description":"Fler Google-recensioner med Google Review NFC Business Card \u201dTap\u201d with Google Review QR Code fr\u00e5n truzzer. Enkel installation. Best\u00e4ll nu!","breadcrumb":{"@id":"https:\/\/www.truzzer.com\/sv\/produkt\/google-review-nfc-business-card-tap-with-google-review-qr-code\/#breadcrumb"},"inLanguage":"sv-SE","potentialAction":[{"@type":"ReadAction","target":["https:\/\/www.truzzer.com\/sv\/produkt\/google-review-nfc-business-card-tap-with-google-review-qr-code\/"]}]},{"@type":"ImageObject","inLanguage":"sv-SE","@id":"https:\/\/www.truzzer.com\/sv\/produkt\/google-review-nfc-business-card-tap-with-google-review-qr-code\/#primaryimage","url":"https:\/\/www.truzzer.com\/wp-content\/uploads\/2026\/02\/GOOGLE-NFC-REVIEW-CARD-TRUZZER-FRONT-tap-S-1.jpg","contentUrl":"https:\/\/www.truzzer.com\/wp-content\/uploads\/2026\/02\/GOOGLE-NFC-REVIEW-CARD-TRUZZER-FRONT-tap-S-1.jpg","width":1200,"height":1200},{"@type":"BreadcrumbList","@id":"https:\/\/www.truzzer.com\/sv\/produkt\/google-review-nfc-business-card-tap-with-google-review-qr-code\/#breadcrumb","itemListElement":[{"@type":"ListItem","position":1,"name":"Home","item":"https:\/\/www.truzzer.com\/sv\/"},{"@type":"ListItem","position":2,"name":"Butik","item":"https:\/\/www.truzzer.com\/sv\/butik\/"},{"@type":"ListItem","position":3,"name":"Google Review NFC Visitkort &#8221;Tap&#8221; med Google Review QR-kod"}]},{"@type":"WebSite","@id":"https:\/\/www.truzzer.com\/sv\/#website","url":"https:\/\/www.truzzer.com\/sv\/","name":"truzzer","description":"Experts for customer trust","publisher":{"@id":"https:\/\/www.truzzer.com\/sv\/#organization"},"potentialAction":[{"@type":"SearchAction","target":{"@type":"EntryPoint","urlTemplate":"https:\/\/www.truzzer.com\/sv\/?s={search_term_string}"},"query-input":{"@type":"PropertyValueSpecification","valueRequired":true,"valueName":"search_term_string"}}],"inLanguage":"sv-SE"},{"@type":"Organization","@id":"https:\/\/www.truzzer.com\/sv\/#organization","name":"truzzer","url":"https:\/\/www.truzzer.com\/sv\/","logo":{"@type":"ImageObject","inLanguage":"sv-SE","@id":"https:\/\/www.truzzer.com\/sv\/#\/schema\/logo\/image\/","url":"https:\/\/truzzer.com\/wp-content\/uploads\/2026\/01\/truzzer-logo-black-1.svg","contentUrl":"https:\/\/truzzer.com\/wp-content\/uploads\/2026\/01\/truzzer-logo-black-1.svg","width":938,"height":199,"caption":"truzzer"},"image":{"@id":"https:\/\/www.truzzer.com\/sv\/#\/schema\/logo\/image\/"}}]}},"tiered_pricing_type":"fixed","tiered_pricing_fixed_rules":[],"tiered_pricing_product_settings":{"layout":"default","base_unit_name":{"singular":null,"plural":null},"default_variation":null},"tiered_pricing_minimum_quantity":null,"tiered_pricing_roles_data":[],"tiered_pricing_percentage_rules":[],"tiered_pricing_maximum_quantity":null,"tiered_pricing_quantity_step":null,"_links":{"self":[{"href":"https:\/\/www.truzzer.com\/sv\/wp-json\/wp\/v2\/product\/101667","targetHints":{"allow":["GET"]}}],"collection":[{"href":"https:\/\/www.truzzer.com\/sv\/wp-json\/wp\/v2\/product"}],"about":[{"href":"https:\/\/www.truzzer.com\/sv\/wp-json\/wp\/v2\/types\/product"}],"replies":[{"embeddable":true,"href":"https:\/\/www.truzzer.com\/sv\/wp-json\/wp\/v2\/comments?post=101667"}],"wp:featuredmedia":[{"embeddable":true,"href":"https:\/\/www.truzzer.com\/sv\/wp-json\/wp\/v2\/media\/101674"}],"wp:attachment":[{"href":"https:\/\/www.truzzer.com\/sv\/wp-json\/wp\/v2\/media?parent=101667"}],"wp:term":[{"taxonomy":"product_brand","embeddable":true,"href":"https:\/\/www.truzzer.com\/sv\/wp-json\/wp\/v2\/product_brand?post=101667"},{"taxonomy":"product_cat","embeddable":true,"href":"https:\/\/www.truzzer.com\/sv\/wp-json\/wp\/v2\/product_cat?post=101667"},{"taxonomy":"product_tag","embeddable":true,"href":"https:\/\/www.truzzer.com\/sv\/wp-json\/wp\/v2\/product_tag?post=101667"}],"curies":[{"name":"wp","href":"https:\/\/api.w.org\/{rel}","templated":true}]}}