{"id":101714,"date":"2026-02-01T20:01:13","date_gmt":"2026-02-01T20:01:13","guid":{"rendered":"https:\/\/beta.truzzer.com\/product\/tripadvisor-review-nfc-card-tap-with-tripadvisor-review-qr-code\/"},"modified":"2026-02-13T08:04:48","modified_gmt":"2026-02-13T08:04:48","slug":"tripadvisor-review-nfc-card-tap-with-tripadvisor-review-qr-code","status":"publish","type":"product","link":"https:\/\/www.truzzer.com\/sv\/produkt\/tripadvisor-review-nfc-card-tap-with-tripadvisor-review-qr-code\/","title":{"rendered":"TripAdvisor Review NFC-kort &#8221;Tap&#8221; med TripAdvisor Review QR-kod"},"content":{"rendered":"<h2>F\u00e5 fler TripAdvisor-recensioner med truzzer:s TripAdvisor Review NFC QR-kodkort &#8221;Tap&#8221;!<\/h2>\n<p>Med <strong>truzzer TripAdvisor Review Cards<\/strong> med NFC-l\u00e4nkar kan du snabbt f\u00e5 positiva recensioner fr\u00e5n dina n\u00f6jda kunder direkt d\u00e4r du bor.<br \/>\n-V\u00e4derbest\u00e4ndig<br \/>\n-Visar dina kunder att de kan hitta dig p\u00e5 TripAdvisor ocks\u00e5<br \/>\n&#8211; Skr\u00e4ddarsytt specifikt f\u00f6r dig<\/p>\n","protected":false},"excerpt":{"rendered":"<div class=\"woocommerce-product-details__short-description\">\n<h2>F\u00e5 fler TripAdvisor-recensioner med recension NFC-kort<\/h2>\n<p><strong>Det har aldrig varit enklare att f\u00e5 TripAdvisor-recensioner fr\u00e5n kunder!<\/strong><br \/>\nMed de kontaktl\u00f6sa TripAdvisor Reviews NFC-korten kan du enkelt f\u00e5 nya TripAdvisor-recensioner direkt p\u00e5 plats.<br \/>\nDen i\u00f6gonfallande designen av TripAdvisor Review NFC Cards gnistor kunder&#8217; intresse, och uppmaningen uppmuntrar dem att granska ditt f\u00f6retag p\u00e5 TripAdvisor .<br \/>\nAllt dina kunder beh\u00f6ver g\u00f6ra \u00e4r att h\u00e5lla sin smartphone n\u00e4ra NFC-korten s\u00e5 \u00f6ppnas ett popup-f\u00f6nster p\u00e5 deras telefon som leder dem direkt till ditt recensionsformul\u00e4r!<\/p>\n<p>Om kunder&#8217; smartphones har inte NFC-funktionalitet, en alternativ QR-kod finns p\u00e5 baksidan av NFC-korten, som kan skannas direkt med smartphonekameran <strong>&#8211; i b\u00e5da fallen kr\u00e4vs ingen separat app!<\/strong><\/p>\n<h3><strong>Hur NFC-kort hj\u00e4lper dig att f\u00e5 fler TripAdvisor-recensioner<\/strong><\/h3>\n<p>NFC-korten eliminerar de st\u00f6rsta hindren f\u00f6r b\u00e5de dig och dina kunder n\u00e4r det kommer till TripAdvisor-recensioner:<\/p>\n<ul>\n<li>Inga mer obehagligt att fr\u00e5ga eller v\u00e4dja. <strong>Uppmaningen<\/strong> tar hand om att beg\u00e4ra TripAdvisor-recensioner \u00e5t dig.<\/li>\n<li>Ingen mer att gl\u00f6mma, eftersom kunderna p\u00e5minns om att l\u00e4mna en TripAdvisor-recension.<\/li>\n<li>Ingen s\u00f6kning eller sv\u00e5righet: <strong>NFC-l\u00e4nken och TripAdvisor Review QR-koden leder direkt till ditt granskningsformul\u00e4r<\/strong> (som vi skapar \u00e5t dig)<strong><br \/>\n<\/strong><\/li>\n<li><strong>Tantagligt:<\/strong> NFC-korten g\u00f6r granskningsprocessen mer p\u00e5taglig.<\/li>\n<li>Ingen extra app kr\u00e4vs.<\/li>\n<li>\u00d6gonf\u00e5ngare: Modern design<\/li>\n<\/ul>\n<p><strong>Vi hanterar skapandet och l\u00e4nkningen av NFC-l\u00e4nken och QR-koden f\u00f6r direkta recensioner p\u00e5 din TripAdvisor-profil!<\/strong><strong><br \/>\n<\/strong><\/p>\n<\/div>\n","protected":false},"featured_media":101724,"comment_status":"open","ping_status":"closed","template":"","meta":{"_acf_changed":false,"_yoast_wpseo_focuskw":"TripAdvisor Recension NFC Kort","_yoast_wpseo_title":"TripAdvisor Review NFC Card \u201dTap\u201d with TripAdvi... | truzzer","_yoast_wpseo_metadesc":"Fler TripAdvisor-recensioner med TripAdvisor Review NFC Card \u201dTap\u201d with TripAdvisor Review QR Code fr\u00e5n truzzer. Enkel installation. Best\u00e4ll nu!"},"product_brand":[1692],"product_cat":[588,589,1467,1587,1588],"product_tag":[],"class_list":{"0":"post-101714","1":"product","2":"type-product","3":"status-publish","4":"has-post-thumbnail","6":"product_brand-tripadvisor","7":"product_cat-nfc-produkter","8":"product_cat-nfc-visitkort","9":"product_cat-tripadvisor-recensioner-produkter","10":"product_cat-tripadvisor-recensioner-visitkort","11":"product_cat-tripadvisor-recensioner-visitkort-med-qr-nfc","12":"pa_industry-byra-konsultverksamhet","13":"pa_industry-lokale-diensten","14":"pa_industry-onroerend-goed","15":"pa_material-karton","16":"pa_material-plastic","17":"pa_orientation-portrett","18":"pa_placement-balie-receptie","19":"pa_placement-broschyr","20":"pa_placement-portemonnee-personlijk","21":"pa_product-type-visitekaartjes","22":"pa_shape-rechthoek","23":"pa_technology-nfc","24":"pa_technology-qr-nfc","25":"pa_technology-qr-nfc-2","27":"first","28":"instock","29":"taxable","30":"shipping-taxable","31":"purchasable","32":"product-type-simple"},"acf":[],"yoast_head":"<!-- This site is optimized with the Yoast SEO plugin v27.0 - https:\/\/yoast.com\/product\/yoast-seo-wordpress\/ -->\n<title>TripAdvisor Review NFC Card \u201dTap\u201d with TripAdvi... | truzzer<\/title>\n<meta name=\"description\" content=\"Fler TripAdvisor-recensioner med TripAdvisor Review NFC Card \u201dTap\u201d with TripAdvisor Review QR Code fr\u00e5n truzzer. Enkel installation. Best\u00e4ll nu!\" \/>\n<meta name=\"robots\" content=\"index, follow, max-snippet:-1, max-image-preview:large, max-video-preview:-1\" \/>\n<link rel=\"canonical\" href=\"https:\/\/www.truzzer.com\/sv\/produkt\/tripadvisor-review-nfc-card-tap-with-tripadvisor-review-qr-code\/\" \/>\n<meta property=\"og:locale\" content=\"sv_SE\" \/>\n<meta property=\"og:type\" content=\"article\" \/>\n<meta property=\"og:title\" content=\"TripAdvisor Review NFC Card \u201dTap\u201d with TripAdvi... | truzzer\" \/>\n<meta property=\"og:description\" content=\"Fler TripAdvisor-recensioner med TripAdvisor Review NFC Card \u201dTap\u201d with TripAdvisor Review QR Code fr\u00e5n truzzer. Enkel installation. Best\u00e4ll nu!\" \/>\n<meta property=\"og:url\" content=\"https:\/\/www.truzzer.com\/sv\/produkt\/tripadvisor-review-nfc-card-tap-with-tripadvisor-review-qr-code\/\" \/>\n<meta property=\"og:site_name\" content=\"truzzer\" \/>\n<meta property=\"article:modified_time\" content=\"2026-02-13T08:04:48+00:00\" \/>\n<meta property=\"og:image\" content=\"https:\/\/www.truzzer.com\/wp-content\/uploads\/2026\/02\/tripadvisor-review-nfc-card-s-2.jpg\" \/>\n\t<meta property=\"og:image:width\" content=\"1200\" \/>\n\t<meta property=\"og:image:height\" content=\"1200\" \/>\n\t<meta property=\"og:image:type\" content=\"image\/jpeg\" \/>\n<meta name=\"twitter:card\" content=\"summary_large_image\" \/>\n<script type=\"application\/ld+json\" class=\"yoast-schema-graph\">{\"@context\":\"https:\/\/schema.org\",\"@graph\":[{\"@type\":\"WebPage\",\"@id\":\"https:\/\/www.truzzer.com\/sv\/produkt\/tripadvisor-review-nfc-card-tap-with-tripadvisor-review-qr-code\/\",\"url\":\"https:\/\/www.truzzer.com\/sv\/produkt\/tripadvisor-review-nfc-card-tap-with-tripadvisor-review-qr-code\/\",\"name\":\"TripAdvisor Review NFC Card \u201dTap\u201d with TripAdvi... | truzzer\",\"isPartOf\":{\"@id\":\"https:\/\/www.truzzer.com\/sv\/#website\"},\"primaryImageOfPage\":{\"@id\":\"https:\/\/www.truzzer.com\/sv\/produkt\/tripadvisor-review-nfc-card-tap-with-tripadvisor-review-qr-code\/#primaryimage\"},\"image\":{\"@id\":\"https:\/\/www.truzzer.com\/sv\/produkt\/tripadvisor-review-nfc-card-tap-with-tripadvisor-review-qr-code\/#primaryimage\"},\"thumbnailUrl\":\"https:\/\/www.truzzer.com\/wp-content\/uploads\/2026\/02\/tripadvisor-review-nfc-card-s-2.jpg\",\"datePublished\":\"2026-02-01T20:01:13+00:00\",\"dateModified\":\"2026-02-13T08:04:48+00:00\",\"description\":\"Fler TripAdvisor-recensioner med TripAdvisor Review NFC Card \u201dTap\u201d with TripAdvisor Review QR Code fr\u00e5n truzzer. Enkel installation. Best\u00e4ll nu!\",\"breadcrumb\":{\"@id\":\"https:\/\/www.truzzer.com\/sv\/produkt\/tripadvisor-review-nfc-card-tap-with-tripadvisor-review-qr-code\/#breadcrumb\"},\"inLanguage\":\"sv-SE\",\"potentialAction\":[{\"@type\":\"ReadAction\",\"target\":[\"https:\/\/www.truzzer.com\/sv\/produkt\/tripadvisor-review-nfc-card-tap-with-tripadvisor-review-qr-code\/\"]}]},{\"@type\":\"ImageObject\",\"inLanguage\":\"sv-SE\",\"@id\":\"https:\/\/www.truzzer.com\/sv\/produkt\/tripadvisor-review-nfc-card-tap-with-tripadvisor-review-qr-code\/#primaryimage\",\"url\":\"https:\/\/www.truzzer.com\/wp-content\/uploads\/2026\/02\/tripadvisor-review-nfc-card-s-2.jpg\",\"contentUrl\":\"https:\/\/www.truzzer.com\/wp-content\/uploads\/2026\/02\/tripadvisor-review-nfc-card-s-2.jpg\",\"width\":1200,\"height\":1200},{\"@type\":\"BreadcrumbList\",\"@id\":\"https:\/\/www.truzzer.com\/sv\/produkt\/tripadvisor-review-nfc-card-tap-with-tripadvisor-review-qr-code\/#breadcrumb\",\"itemListElement\":[{\"@type\":\"ListItem\",\"position\":1,\"name\":\"Home\",\"item\":\"https:\/\/www.truzzer.com\/sv\/\"},{\"@type\":\"ListItem\",\"position\":2,\"name\":\"Butik\",\"item\":\"https:\/\/www.truzzer.com\/sv\/butik\/\"},{\"@type\":\"ListItem\",\"position\":3,\"name\":\"TripAdvisor Review NFC-kort &#8221;Tap&#8221; med TripAdvisor Review QR-kod\"}]},{\"@type\":\"WebSite\",\"@id\":\"https:\/\/www.truzzer.com\/sv\/#website\",\"url\":\"https:\/\/www.truzzer.com\/sv\/\",\"name\":\"truzzer\",\"description\":\"Experts for customer trust\",\"publisher\":{\"@id\":\"https:\/\/www.truzzer.com\/sv\/#organization\"},\"potentialAction\":[{\"@type\":\"SearchAction\",\"target\":{\"@type\":\"EntryPoint\",\"urlTemplate\":\"https:\/\/www.truzzer.com\/sv\/?s={search_term_string}\"},\"query-input\":{\"@type\":\"PropertyValueSpecification\",\"valueRequired\":true,\"valueName\":\"search_term_string\"}}],\"inLanguage\":\"sv-SE\"},{\"@type\":\"Organization\",\"@id\":\"https:\/\/www.truzzer.com\/sv\/#organization\",\"name\":\"truzzer\",\"url\":\"https:\/\/www.truzzer.com\/sv\/\",\"logo\":{\"@type\":\"ImageObject\",\"inLanguage\":\"sv-SE\",\"@id\":\"https:\/\/www.truzzer.com\/sv\/#\/schema\/logo\/image\/\",\"url\":\"https:\/\/truzzer.com\/wp-content\/uploads\/2026\/01\/truzzer-logo-black-1.svg\",\"contentUrl\":\"https:\/\/truzzer.com\/wp-content\/uploads\/2026\/01\/truzzer-logo-black-1.svg\",\"width\":938,\"height\":199,\"caption\":\"truzzer\"},\"image\":{\"@id\":\"https:\/\/www.truzzer.com\/sv\/#\/schema\/logo\/image\/\"}}]}<\/script>\n<!-- \/ Yoast SEO plugin. -->","yoast_head_json":{"title":"TripAdvisor Review NFC Card \u201dTap\u201d with TripAdvi... | truzzer","description":"Fler TripAdvisor-recensioner med TripAdvisor Review NFC Card \u201dTap\u201d with TripAdvisor Review QR Code fr\u00e5n truzzer. Enkel installation. Best\u00e4ll nu!","robots":{"index":"index","follow":"follow","max-snippet":"max-snippet:-1","max-image-preview":"max-image-preview:large","max-video-preview":"max-video-preview:-1"},"canonical":"https:\/\/www.truzzer.com\/sv\/produkt\/tripadvisor-review-nfc-card-tap-with-tripadvisor-review-qr-code\/","og_locale":"sv_SE","og_type":"article","og_title":"TripAdvisor Review NFC Card \u201dTap\u201d with TripAdvi... | truzzer","og_description":"Fler TripAdvisor-recensioner med TripAdvisor Review NFC Card \u201dTap\u201d with TripAdvisor Review QR Code fr\u00e5n truzzer. Enkel installation. Best\u00e4ll nu!","og_url":"https:\/\/www.truzzer.com\/sv\/produkt\/tripadvisor-review-nfc-card-tap-with-tripadvisor-review-qr-code\/","og_site_name":"truzzer","article_modified_time":"2026-02-13T08:04:48+00:00","og_image":[{"width":1200,"height":1200,"url":"https:\/\/www.truzzer.com\/wp-content\/uploads\/2026\/02\/tripadvisor-review-nfc-card-s-2.jpg","type":"image\/jpeg"}],"twitter_card":"summary_large_image","schema":{"@context":"https:\/\/schema.org","@graph":[{"@type":"WebPage","@id":"https:\/\/www.truzzer.com\/sv\/produkt\/tripadvisor-review-nfc-card-tap-with-tripadvisor-review-qr-code\/","url":"https:\/\/www.truzzer.com\/sv\/produkt\/tripadvisor-review-nfc-card-tap-with-tripadvisor-review-qr-code\/","name":"TripAdvisor Review NFC Card \u201dTap\u201d with TripAdvi... | truzzer","isPartOf":{"@id":"https:\/\/www.truzzer.com\/sv\/#website"},"primaryImageOfPage":{"@id":"https:\/\/www.truzzer.com\/sv\/produkt\/tripadvisor-review-nfc-card-tap-with-tripadvisor-review-qr-code\/#primaryimage"},"image":{"@id":"https:\/\/www.truzzer.com\/sv\/produkt\/tripadvisor-review-nfc-card-tap-with-tripadvisor-review-qr-code\/#primaryimage"},"thumbnailUrl":"https:\/\/www.truzzer.com\/wp-content\/uploads\/2026\/02\/tripadvisor-review-nfc-card-s-2.jpg","datePublished":"2026-02-01T20:01:13+00:00","dateModified":"2026-02-13T08:04:48+00:00","description":"Fler TripAdvisor-recensioner med TripAdvisor Review NFC Card \u201dTap\u201d with TripAdvisor Review QR Code fr\u00e5n truzzer. Enkel installation. Best\u00e4ll nu!","breadcrumb":{"@id":"https:\/\/www.truzzer.com\/sv\/produkt\/tripadvisor-review-nfc-card-tap-with-tripadvisor-review-qr-code\/#breadcrumb"},"inLanguage":"sv-SE","potentialAction":[{"@type":"ReadAction","target":["https:\/\/www.truzzer.com\/sv\/produkt\/tripadvisor-review-nfc-card-tap-with-tripadvisor-review-qr-code\/"]}]},{"@type":"ImageObject","inLanguage":"sv-SE","@id":"https:\/\/www.truzzer.com\/sv\/produkt\/tripadvisor-review-nfc-card-tap-with-tripadvisor-review-qr-code\/#primaryimage","url":"https:\/\/www.truzzer.com\/wp-content\/uploads\/2026\/02\/tripadvisor-review-nfc-card-s-2.jpg","contentUrl":"https:\/\/www.truzzer.com\/wp-content\/uploads\/2026\/02\/tripadvisor-review-nfc-card-s-2.jpg","width":1200,"height":1200},{"@type":"BreadcrumbList","@id":"https:\/\/www.truzzer.com\/sv\/produkt\/tripadvisor-review-nfc-card-tap-with-tripadvisor-review-qr-code\/#breadcrumb","itemListElement":[{"@type":"ListItem","position":1,"name":"Home","item":"https:\/\/www.truzzer.com\/sv\/"},{"@type":"ListItem","position":2,"name":"Butik","item":"https:\/\/www.truzzer.com\/sv\/butik\/"},{"@type":"ListItem","position":3,"name":"TripAdvisor Review NFC-kort &#8221;Tap&#8221; med TripAdvisor Review QR-kod"}]},{"@type":"WebSite","@id":"https:\/\/www.truzzer.com\/sv\/#website","url":"https:\/\/www.truzzer.com\/sv\/","name":"truzzer","description":"Experts for customer trust","publisher":{"@id":"https:\/\/www.truzzer.com\/sv\/#organization"},"potentialAction":[{"@type":"SearchAction","target":{"@type":"EntryPoint","urlTemplate":"https:\/\/www.truzzer.com\/sv\/?s={search_term_string}"},"query-input":{"@type":"PropertyValueSpecification","valueRequired":true,"valueName":"search_term_string"}}],"inLanguage":"sv-SE"},{"@type":"Organization","@id":"https:\/\/www.truzzer.com\/sv\/#organization","name":"truzzer","url":"https:\/\/www.truzzer.com\/sv\/","logo":{"@type":"ImageObject","inLanguage":"sv-SE","@id":"https:\/\/www.truzzer.com\/sv\/#\/schema\/logo\/image\/","url":"https:\/\/truzzer.com\/wp-content\/uploads\/2026\/01\/truzzer-logo-black-1.svg","contentUrl":"https:\/\/truzzer.com\/wp-content\/uploads\/2026\/01\/truzzer-logo-black-1.svg","width":938,"height":199,"caption":"truzzer"},"image":{"@id":"https:\/\/www.truzzer.com\/sv\/#\/schema\/logo\/image\/"}}]}},"tiered_pricing_type":"fixed","tiered_pricing_fixed_rules":[],"tiered_pricing_product_settings":{"layout":"default","base_unit_name":{"singular":null,"plural":null},"default_variation":null},"tiered_pricing_minimum_quantity":null,"tiered_pricing_roles_data":[],"tiered_pricing_percentage_rules":[],"tiered_pricing_maximum_quantity":null,"tiered_pricing_quantity_step":null,"_links":{"self":[{"href":"https:\/\/www.truzzer.com\/sv\/wp-json\/wp\/v2\/product\/101714","targetHints":{"allow":["GET"]}}],"collection":[{"href":"https:\/\/www.truzzer.com\/sv\/wp-json\/wp\/v2\/product"}],"about":[{"href":"https:\/\/www.truzzer.com\/sv\/wp-json\/wp\/v2\/types\/product"}],"replies":[{"embeddable":true,"href":"https:\/\/www.truzzer.com\/sv\/wp-json\/wp\/v2\/comments?post=101714"}],"wp:featuredmedia":[{"embeddable":true,"href":"https:\/\/www.truzzer.com\/sv\/wp-json\/wp\/v2\/media\/101724"}],"wp:attachment":[{"href":"https:\/\/www.truzzer.com\/sv\/wp-json\/wp\/v2\/media?parent=101714"}],"wp:term":[{"taxonomy":"product_brand","embeddable":true,"href":"https:\/\/www.truzzer.com\/sv\/wp-json\/wp\/v2\/product_brand?post=101714"},{"taxonomy":"product_cat","embeddable":true,"href":"https:\/\/www.truzzer.com\/sv\/wp-json\/wp\/v2\/product_cat?post=101714"},{"taxonomy":"product_tag","embeddable":true,"href":"https:\/\/www.truzzer.com\/sv\/wp-json\/wp\/v2\/product_tag?post=101714"}],"curies":[{"name":"wp","href":"https:\/\/api.w.org\/{rel}","templated":true}]}}