{"id":101734,"date":"2026-02-01T20:00:56","date_gmt":"2026-02-01T20:00:56","guid":{"rendered":"https:\/\/beta.truzzer.com\/product\/review-us-on-tripadvisor-nfc-stand-display\/"},"modified":"2026-02-13T08:06:00","modified_gmt":"2026-02-13T08:06:00","slug":"review-us-on-tripadvisor-nfc-stand-display","status":"publish","type":"product","link":"https:\/\/www.truzzer.com\/sv\/produkt\/review-us-on-tripadvisor-nfc-stand-display\/","title":{"rendered":"Recensera oss p\u00e5 TripAdvisor NFC Stativ \/ Display"},"content":{"rendered":"","protected":false},"excerpt":{"rendered":"<h2>F\u00e5 TripAdvisor-recensioner med NFC<\/h2>\n<p><strong>Det har aldrig varit s\u00e5 enkelt att f\u00e5 TripAdvisor-recensioner fr\u00e5n kunder!<\/strong><br \/>\nMed de kontaktl\u00f6sa TripAdvisor recensionerna NFC stativ\/sk\u00e4rmar kan du enkelt vinna nya TripAdvisor recensioner direkt p\u00e5 plats.<br \/>\nMed sin coola design v\u00e4cker Google betygstabellst\u00e5ndaren kundernas intresse och uppmaningen uppmuntrar dina kunder att recensera dig p\u00e5 TripAdvisor .<\/p>\n<p>Allt dina kunder beh\u00f6ver g\u00f6ra \u00e4r att h\u00e5lla sin smartphone n\u00e4ra standee och ett popup-f\u00f6nster \u00f6ppnas p\u00e5 deras telefon, som leder direkt till ditt recensionsformul\u00e4r!<\/p>\n<p>Om kundens smartphone inte har en NFC-funktion finns det en alternativ QR-kod p\u00e5 utst\u00e4llaren, som kan skannas direkt med smartphonekameran <strong>&#8211; i b\u00e5da fallen beh\u00f6vs ingen separat app!<\/strong><\/p>\n<h3><strong>S\u00e5 h\u00e4r hj\u00e4lper NFC-utst\u00e4llare dig att f\u00e5 fler TripAdvisor-betyg<br \/>\n<\/strong><\/h3>\n<p>NFC-sk\u00e4rmarna tar dig och dina kunder de st\u00f6rsta hindren i TripAdvisor-betyget:<\/p>\n<ul>\n<li>Inga besv\u00e4rliga fr\u00e5gor &amp; Fr\u00e5ga, bara st\u00e4ll p\u00e5 plats. <strong>Call-to-action<\/strong> tar \u00f6ver beg\u00e4ran om en TripAdvisor-granskning \u00e5t dig<\/li>\n<li>Gl\u00f6m inte, eftersom kunderna kommer att bli p\u00e5minda om TripAdvisor-betyget.<\/li>\n<li>Ingen s\u00f6kning och inga kr\u00e5ngel: <strong>NFC-l\u00e4nken och TripAdvisor Review QR-koden leder direkt till ditt recensionsformul\u00e4r<\/strong> (vi skapar detta \u00e5t dig)<strong><br \/>\n<\/strong><\/li>\n<li><strong>R\u00f6rbar<\/strong>: Sk\u00e4rmarna g\u00f6r recensionen p\u00e5taglig.<\/li>\n<li>Ingen extra app kr\u00e4vs.<\/li>\n<li>Blickf\u00e5ng: modern design<\/li>\n<\/ul>\n<p><strong>Vi kommer att skapa och l\u00e4nka NFC-l\u00e4nken och QR-koden f\u00f6r direkt utv\u00e4rdering p\u00e5 din TripAdvisor-profil \u00e5t dig!<\/strong><strong><br \/>\n<\/strong><\/p>\n","protected":false},"featured_media":101736,"comment_status":"open","ping_status":"closed","template":"","meta":{"_acf_changed":false,"_yoast_wpseo_focuskw":"TripAdvisor Recension NFC Stand","_yoast_wpseo_title":"Review us on TripAdvisor NFC Stand \/ Display | truzzer","_yoast_wpseo_metadesc":"St\u00e4rk ditt TripAdvisor-rykte med Review us on TripAdvisor NFC Stand \/ Display fr\u00e5n truzzer. Enkel installation, redo att anv\u00e4nda. Best\u00e4ll nu!"},"product_brand":[1692],"product_cat":[588,1591],"product_tag":[],"class_list":{"0":"post-101734","1":"product","2":"type-product","3":"status-publish","4":"has-post-thumbnail","6":"product_brand-tripadvisor","7":"product_cat-nfc-produkter","8":"product_cat-tripadvisor-recensioner-bordsstall-med-nfc","9":"pa_industry-hotell","10":"pa_industry-medische-praktijk","11":"pa_industry-restaurang-cafe","12":"pa_material-acrylic","13":"pa_placement-balie-receptie","14":"pa_placement-kassa-pos","15":"pa_placement-tafel","16":"pa_product-type-displayer-och-stativ","17":"pa_technology-nfc","19":"first","20":"instock","21":"taxable","22":"shipping-taxable","23":"purchasable","24":"product-type-simple"},"acf":[],"yoast_head":"<!-- This site is optimized with the Yoast SEO plugin v27.0 - https:\/\/yoast.com\/product\/yoast-seo-wordpress\/ -->\n<title>Review us on TripAdvisor NFC Stand \/ Display | truzzer<\/title>\n<meta name=\"description\" content=\"St\u00e4rk ditt TripAdvisor-rykte med Review us on TripAdvisor NFC Stand \/ Display fr\u00e5n truzzer. Enkel installation, redo att anv\u00e4nda. Best\u00e4ll nu!\" \/>\n<meta name=\"robots\" content=\"index, follow, max-snippet:-1, max-image-preview:large, max-video-preview:-1\" \/>\n<link rel=\"canonical\" href=\"https:\/\/www.truzzer.com\/sv\/produkt\/review-us-on-tripadvisor-nfc-stand-display\/\" \/>\n<meta property=\"og:locale\" content=\"sv_SE\" \/>\n<meta property=\"og:type\" content=\"article\" \/>\n<meta property=\"og:title\" content=\"Review us on TripAdvisor NFC Stand \/ Display | truzzer\" \/>\n<meta property=\"og:description\" content=\"St\u00e4rk ditt TripAdvisor-rykte med Review us on TripAdvisor NFC Stand \/ Display fr\u00e5n truzzer. Enkel installation, redo att anv\u00e4nda. Best\u00e4ll nu!\" \/>\n<meta property=\"og:url\" content=\"https:\/\/www.truzzer.com\/sv\/produkt\/review-us-on-tripadvisor-nfc-stand-display\/\" \/>\n<meta property=\"og:site_name\" content=\"truzzer\" \/>\n<meta property=\"article:modified_time\" content=\"2026-02-13T08:06:00+00:00\" \/>\n<meta property=\"og:image\" content=\"https:\/\/www.truzzer.com\/wp-content\/uploads\/2026\/02\/review-us-on-tripadvisor-nfc-stand-1.jpg\" \/>\n\t<meta property=\"og:image:width\" content=\"1200\" \/>\n\t<meta property=\"og:image:height\" content=\"1200\" \/>\n\t<meta property=\"og:image:type\" content=\"image\/jpeg\" \/>\n<meta name=\"twitter:card\" content=\"summary_large_image\" \/>\n<script type=\"application\/ld+json\" class=\"yoast-schema-graph\">{\"@context\":\"https:\/\/schema.org\",\"@graph\":[{\"@type\":\"WebPage\",\"@id\":\"https:\/\/www.truzzer.com\/sv\/produkt\/review-us-on-tripadvisor-nfc-stand-display\/\",\"url\":\"https:\/\/www.truzzer.com\/sv\/produkt\/review-us-on-tripadvisor-nfc-stand-display\/\",\"name\":\"Review us on TripAdvisor NFC Stand \/ Display | truzzer\",\"isPartOf\":{\"@id\":\"https:\/\/www.truzzer.com\/sv\/#website\"},\"primaryImageOfPage\":{\"@id\":\"https:\/\/www.truzzer.com\/sv\/produkt\/review-us-on-tripadvisor-nfc-stand-display\/#primaryimage\"},\"image\":{\"@id\":\"https:\/\/www.truzzer.com\/sv\/produkt\/review-us-on-tripadvisor-nfc-stand-display\/#primaryimage\"},\"thumbnailUrl\":\"https:\/\/www.truzzer.com\/wp-content\/uploads\/2026\/02\/review-us-on-tripadvisor-nfc-stand-1.jpg\",\"datePublished\":\"2026-02-01T20:00:56+00:00\",\"dateModified\":\"2026-02-13T08:06:00+00:00\",\"description\":\"St\u00e4rk ditt TripAdvisor-rykte med Review us on TripAdvisor NFC Stand \/ Display fr\u00e5n truzzer. Enkel installation, redo att anv\u00e4nda. Best\u00e4ll nu!\",\"breadcrumb\":{\"@id\":\"https:\/\/www.truzzer.com\/sv\/produkt\/review-us-on-tripadvisor-nfc-stand-display\/#breadcrumb\"},\"inLanguage\":\"sv-SE\",\"potentialAction\":[{\"@type\":\"ReadAction\",\"target\":[\"https:\/\/www.truzzer.com\/sv\/produkt\/review-us-on-tripadvisor-nfc-stand-display\/\"]}]},{\"@type\":\"ImageObject\",\"inLanguage\":\"sv-SE\",\"@id\":\"https:\/\/www.truzzer.com\/sv\/produkt\/review-us-on-tripadvisor-nfc-stand-display\/#primaryimage\",\"url\":\"https:\/\/www.truzzer.com\/wp-content\/uploads\/2026\/02\/review-us-on-tripadvisor-nfc-stand-1.jpg\",\"contentUrl\":\"https:\/\/www.truzzer.com\/wp-content\/uploads\/2026\/02\/review-us-on-tripadvisor-nfc-stand-1.jpg\",\"width\":1200,\"height\":1200},{\"@type\":\"BreadcrumbList\",\"@id\":\"https:\/\/www.truzzer.com\/sv\/produkt\/review-us-on-tripadvisor-nfc-stand-display\/#breadcrumb\",\"itemListElement\":[{\"@type\":\"ListItem\",\"position\":1,\"name\":\"Home\",\"item\":\"https:\/\/www.truzzer.com\/sv\/\"},{\"@type\":\"ListItem\",\"position\":2,\"name\":\"Butik\",\"item\":\"https:\/\/www.truzzer.com\/sv\/butik\/\"},{\"@type\":\"ListItem\",\"position\":3,\"name\":\"Recensera oss p\u00e5 TripAdvisor NFC Stativ \/ Display\"}]},{\"@type\":\"WebSite\",\"@id\":\"https:\/\/www.truzzer.com\/sv\/#website\",\"url\":\"https:\/\/www.truzzer.com\/sv\/\",\"name\":\"truzzer\",\"description\":\"Experts for customer trust\",\"publisher\":{\"@id\":\"https:\/\/www.truzzer.com\/sv\/#organization\"},\"potentialAction\":[{\"@type\":\"SearchAction\",\"target\":{\"@type\":\"EntryPoint\",\"urlTemplate\":\"https:\/\/www.truzzer.com\/sv\/?s={search_term_string}\"},\"query-input\":{\"@type\":\"PropertyValueSpecification\",\"valueRequired\":true,\"valueName\":\"search_term_string\"}}],\"inLanguage\":\"sv-SE\"},{\"@type\":\"Organization\",\"@id\":\"https:\/\/www.truzzer.com\/sv\/#organization\",\"name\":\"truzzer\",\"url\":\"https:\/\/www.truzzer.com\/sv\/\",\"logo\":{\"@type\":\"ImageObject\",\"inLanguage\":\"sv-SE\",\"@id\":\"https:\/\/www.truzzer.com\/sv\/#\/schema\/logo\/image\/\",\"url\":\"https:\/\/truzzer.com\/wp-content\/uploads\/2026\/01\/truzzer-logo-black-1.svg\",\"contentUrl\":\"https:\/\/truzzer.com\/wp-content\/uploads\/2026\/01\/truzzer-logo-black-1.svg\",\"width\":938,\"height\":199,\"caption\":\"truzzer\"},\"image\":{\"@id\":\"https:\/\/www.truzzer.com\/sv\/#\/schema\/logo\/image\/\"}}]}<\/script>\n<!-- \/ Yoast SEO plugin. -->","yoast_head_json":{"title":"Review us on TripAdvisor NFC Stand \/ Display | truzzer","description":"St\u00e4rk ditt TripAdvisor-rykte med Review us on TripAdvisor NFC Stand \/ Display fr\u00e5n truzzer. Enkel installation, redo att anv\u00e4nda. Best\u00e4ll nu!","robots":{"index":"index","follow":"follow","max-snippet":"max-snippet:-1","max-image-preview":"max-image-preview:large","max-video-preview":"max-video-preview:-1"},"canonical":"https:\/\/www.truzzer.com\/sv\/produkt\/review-us-on-tripadvisor-nfc-stand-display\/","og_locale":"sv_SE","og_type":"article","og_title":"Review us on TripAdvisor NFC Stand \/ Display | truzzer","og_description":"St\u00e4rk ditt TripAdvisor-rykte med Review us on TripAdvisor NFC Stand \/ Display fr\u00e5n truzzer. Enkel installation, redo att anv\u00e4nda. Best\u00e4ll nu!","og_url":"https:\/\/www.truzzer.com\/sv\/produkt\/review-us-on-tripadvisor-nfc-stand-display\/","og_site_name":"truzzer","article_modified_time":"2026-02-13T08:06:00+00:00","og_image":[{"width":1200,"height":1200,"url":"https:\/\/www.truzzer.com\/wp-content\/uploads\/2026\/02\/review-us-on-tripadvisor-nfc-stand-1.jpg","type":"image\/jpeg"}],"twitter_card":"summary_large_image","schema":{"@context":"https:\/\/schema.org","@graph":[{"@type":"WebPage","@id":"https:\/\/www.truzzer.com\/sv\/produkt\/review-us-on-tripadvisor-nfc-stand-display\/","url":"https:\/\/www.truzzer.com\/sv\/produkt\/review-us-on-tripadvisor-nfc-stand-display\/","name":"Review us on TripAdvisor NFC Stand \/ Display | truzzer","isPartOf":{"@id":"https:\/\/www.truzzer.com\/sv\/#website"},"primaryImageOfPage":{"@id":"https:\/\/www.truzzer.com\/sv\/produkt\/review-us-on-tripadvisor-nfc-stand-display\/#primaryimage"},"image":{"@id":"https:\/\/www.truzzer.com\/sv\/produkt\/review-us-on-tripadvisor-nfc-stand-display\/#primaryimage"},"thumbnailUrl":"https:\/\/www.truzzer.com\/wp-content\/uploads\/2026\/02\/review-us-on-tripadvisor-nfc-stand-1.jpg","datePublished":"2026-02-01T20:00:56+00:00","dateModified":"2026-02-13T08:06:00+00:00","description":"St\u00e4rk ditt TripAdvisor-rykte med Review us on TripAdvisor NFC Stand \/ Display fr\u00e5n truzzer. Enkel installation, redo att anv\u00e4nda. Best\u00e4ll nu!","breadcrumb":{"@id":"https:\/\/www.truzzer.com\/sv\/produkt\/review-us-on-tripadvisor-nfc-stand-display\/#breadcrumb"},"inLanguage":"sv-SE","potentialAction":[{"@type":"ReadAction","target":["https:\/\/www.truzzer.com\/sv\/produkt\/review-us-on-tripadvisor-nfc-stand-display\/"]}]},{"@type":"ImageObject","inLanguage":"sv-SE","@id":"https:\/\/www.truzzer.com\/sv\/produkt\/review-us-on-tripadvisor-nfc-stand-display\/#primaryimage","url":"https:\/\/www.truzzer.com\/wp-content\/uploads\/2026\/02\/review-us-on-tripadvisor-nfc-stand-1.jpg","contentUrl":"https:\/\/www.truzzer.com\/wp-content\/uploads\/2026\/02\/review-us-on-tripadvisor-nfc-stand-1.jpg","width":1200,"height":1200},{"@type":"BreadcrumbList","@id":"https:\/\/www.truzzer.com\/sv\/produkt\/review-us-on-tripadvisor-nfc-stand-display\/#breadcrumb","itemListElement":[{"@type":"ListItem","position":1,"name":"Home","item":"https:\/\/www.truzzer.com\/sv\/"},{"@type":"ListItem","position":2,"name":"Butik","item":"https:\/\/www.truzzer.com\/sv\/butik\/"},{"@type":"ListItem","position":3,"name":"Recensera oss p\u00e5 TripAdvisor NFC Stativ \/ Display"}]},{"@type":"WebSite","@id":"https:\/\/www.truzzer.com\/sv\/#website","url":"https:\/\/www.truzzer.com\/sv\/","name":"truzzer","description":"Experts for customer trust","publisher":{"@id":"https:\/\/www.truzzer.com\/sv\/#organization"},"potentialAction":[{"@type":"SearchAction","target":{"@type":"EntryPoint","urlTemplate":"https:\/\/www.truzzer.com\/sv\/?s={search_term_string}"},"query-input":{"@type":"PropertyValueSpecification","valueRequired":true,"valueName":"search_term_string"}}],"inLanguage":"sv-SE"},{"@type":"Organization","@id":"https:\/\/www.truzzer.com\/sv\/#organization","name":"truzzer","url":"https:\/\/www.truzzer.com\/sv\/","logo":{"@type":"ImageObject","inLanguage":"sv-SE","@id":"https:\/\/www.truzzer.com\/sv\/#\/schema\/logo\/image\/","url":"https:\/\/truzzer.com\/wp-content\/uploads\/2026\/01\/truzzer-logo-black-1.svg","contentUrl":"https:\/\/truzzer.com\/wp-content\/uploads\/2026\/01\/truzzer-logo-black-1.svg","width":938,"height":199,"caption":"truzzer"},"image":{"@id":"https:\/\/www.truzzer.com\/sv\/#\/schema\/logo\/image\/"}}]}},"tiered_pricing_type":"fixed","tiered_pricing_fixed_rules":[],"tiered_pricing_product_settings":{"layout":"default","base_unit_name":{"singular":null,"plural":null},"default_variation":null},"tiered_pricing_minimum_quantity":null,"tiered_pricing_roles_data":[],"tiered_pricing_percentage_rules":[],"tiered_pricing_maximum_quantity":null,"tiered_pricing_quantity_step":null,"_links":{"self":[{"href":"https:\/\/www.truzzer.com\/sv\/wp-json\/wp\/v2\/product\/101734","targetHints":{"allow":["GET"]}}],"collection":[{"href":"https:\/\/www.truzzer.com\/sv\/wp-json\/wp\/v2\/product"}],"about":[{"href":"https:\/\/www.truzzer.com\/sv\/wp-json\/wp\/v2\/types\/product"}],"replies":[{"embeddable":true,"href":"https:\/\/www.truzzer.com\/sv\/wp-json\/wp\/v2\/comments?post=101734"}],"wp:featuredmedia":[{"embeddable":true,"href":"https:\/\/www.truzzer.com\/sv\/wp-json\/wp\/v2\/media\/101736"}],"wp:attachment":[{"href":"https:\/\/www.truzzer.com\/sv\/wp-json\/wp\/v2\/media?parent=101734"}],"wp:term":[{"taxonomy":"product_brand","embeddable":true,"href":"https:\/\/www.truzzer.com\/sv\/wp-json\/wp\/v2\/product_brand?post=101734"},{"taxonomy":"product_cat","embeddable":true,"href":"https:\/\/www.truzzer.com\/sv\/wp-json\/wp\/v2\/product_cat?post=101734"},{"taxonomy":"product_tag","embeddable":true,"href":"https:\/\/www.truzzer.com\/sv\/wp-json\/wp\/v2\/product_tag?post=101734"}],"curies":[{"name":"wp","href":"https:\/\/api.w.org\/{rel}","templated":true}]}}