{"id":102251,"date":"2026-02-11T10:12:12","date_gmt":"2026-02-11T10:12:12","guid":{"rendered":"https:\/\/beta.truzzer.com\/product\/instagram-tiktok-starter-visittkort-qr-kode\/"},"modified":"2026-02-13T10:35:33","modified_gmt":"2026-02-13T10:35:33","slug":"instagram-tiktok-starter-visittkort-qr-kode","status":"publish","type":"product","link":"https:\/\/www.truzzer.com\/sv\/produkt\/instagram-tiktok-starter-visittkort-qr-kode\/","title":{"rendered":"Instagram &amp; TikTok Startervisitkort &#8211; QR-kod"},"content":{"rendered":"<p>\nInstagram &amp; TikTok Starter Business Card \u00e4r perfekt f\u00f6r alla som aktivt anv\u00e4nder sociala medier.<br \/>\nP\u00e5 framsidan l\u00e4nkar QR-koden direkt till din Instagram-profil; p\u00e5 baksidan tar den kunder till ditt TikTok-konto.\n<\/p>\n<p>\nDetta f\u00f6rvandlar varje offlineinteraktion till f\u00f6ljare, vyer och r\u00e4ckvidd \u2013 utan s\u00f6kning, utan att skriva och inga omv\u00e4gar.\n<\/p>\n<p>\nKlassiskt vertikalt visitkortsformat f\u00f6r maximal vardaglig acceptans.<\/p>\n","protected":false},"excerpt":{"rendered":"<h2>\n  <img decoding=\"async\" class=\"alignnone size-full wp-image-56732\" src=\"https:\/\/truzzer.com\/wp-content\/uploads\/2026\/02\/qrscan-ezgif.com-video-to-webp-converter-1.webp\" alt=\"\" width=\"150\" height>1<br \/>\n<\/h2>\n<p>\nDubbelsidigt startvisitkort:<br \/>\nFram: Instagram \u2022 Baksida: TikTok \u2014 b\u00e5da direkt via QR-kod.<br \/>\nDet perfekta startvisitkortet f\u00f6r r\u00e4ckvidd och social tillv\u00e4xt.\n<\/p>\n<p><strong>Perfekt f\u00f6r f\u00f6retag som vill v\u00e4xa p\u00e5 b\u00e5de Instagram och TikTok samtidigt.<\/strong><\/p>\n<p><strong>H\u00f6jdpunkter:<\/strong><\/p>\n<ul>\n<li>Framsida: Instagram-profil via QR-kod<\/li>\n<li>Baksida: TikTok-profil via QR-kod<\/li>\n<li>Vertikalt, standardformat f\u00f6r visitkort<\/li>\n<li>Fungerar med alla smartphones<\/li>\n<\/ul>\n","protected":false},"featured_media":102252,"comment_status":"open","ping_status":"closed","template":"","meta":{"_acf_changed":false,"_yoast_wpseo_focuskw":"Instagram TikTok Visitkort","_yoast_wpseo_title":"Instagram & TikTok Starter Visittkort \u2013 QR-kode | truzzer","_yoast_wpseo_metadesc":"Fler Instagram-f\u00f6ljare med Instagram & TikTok Starter Visittkort \u2013 QR-kode fr\u00e5n truzzer. Enkel installation, redo att anv\u00e4nda. Best\u00e4ll nu!"},"product_brand":[1659,1680],"product_cat":[833,918,544,616,630,1142,1143],"product_tag":[],"class_list":{"0":"post-102251","1":"product","2":"type-product","3":"status-publish","4":"has-post-thumbnail","6":"product_brand-instagram","7":"product_brand-tiktok","8":"product_cat-instagram-foljare-produkter","9":"product_cat-instagram-foljare-visitkort-med-qr-kod","10":"product_cat-qr-kod-produkter","11":"product_cat-qr-kod-visitkort","12":"product_cat-tiktok-foljare-produkter","13":"product_cat-tiktok-foljare-visitkort","14":"product_cat-tiktok-foljare-visitkort-med-qr-kod","15":"pa_material-karton","16":"pa_orientation-portrett","17":"pa_placement-bon","18":"pa_placement-broschyr","19":"pa_placement-lommebok-personlig","20":"pa_placement-portemonnee-personlijk","21":"pa_product-type-visitekaartjes","22":"pa_shape-rechthoek","23":"pa_technology-qr-kod","25":"first","26":"instock","27":"taxable","28":"shipping-taxable","29":"purchasable","30":"product-type-simple"},"acf":[],"yoast_head":"<!-- This site is optimized with the Yoast SEO plugin v27.0 - https:\/\/yoast.com\/product\/yoast-seo-wordpress\/ -->\n<title>Instagram &amp; TikTok Starter Visittkort \u2013 QR-kode | truzzer<\/title>\n<meta name=\"description\" content=\"Fler Instagram-f\u00f6ljare med Instagram &amp; TikTok Starter Visittkort \u2013 QR-kode fr\u00e5n truzzer. Enkel installation, redo att anv\u00e4nda. Best\u00e4ll nu!\" \/>\n<meta name=\"robots\" content=\"index, follow, max-snippet:-1, max-image-preview:large, max-video-preview:-1\" \/>\n<link rel=\"canonical\" href=\"https:\/\/www.truzzer.com\/sv\/produkt\/instagram-tiktok-starter-visittkort-qr-kode\/\" \/>\n<meta property=\"og:locale\" content=\"sv_SE\" \/>\n<meta property=\"og:type\" content=\"article\" \/>\n<meta property=\"og:title\" content=\"Instagram &amp; TikTok Starter Visittkort \u2013 QR-kode | truzzer\" \/>\n<meta property=\"og:description\" content=\"Fler Instagram-f\u00f6ljare med Instagram &amp; TikTok Starter Visittkort \u2013 QR-kode fr\u00e5n truzzer. Enkel installation, redo att anv\u00e4nda. Best\u00e4ll nu!\" \/>\n<meta property=\"og:url\" content=\"https:\/\/www.truzzer.com\/sv\/produkt\/instagram-tiktok-starter-visittkort-qr-kode\/\" \/>\n<meta property=\"og:site_name\" content=\"truzzer\" \/>\n<meta property=\"article:modified_time\" content=\"2026-02-13T10:35:33+00:00\" \/>\n<meta property=\"og:image\" content=\"https:\/\/www.truzzer.com\/wp-content\/uploads\/2026\/02\/tik-insta-3.jpg\" \/>\n\t<meta property=\"og:image:width\" content=\"1200\" \/>\n\t<meta property=\"og:image:height\" content=\"1200\" \/>\n\t<meta property=\"og:image:type\" content=\"image\/jpeg\" \/>\n<meta name=\"twitter:card\" content=\"summary_large_image\" \/>\n<script type=\"application\/ld+json\" class=\"yoast-schema-graph\">{\"@context\":\"https:\/\/schema.org\",\"@graph\":[{\"@type\":\"WebPage\",\"@id\":\"https:\/\/www.truzzer.com\/sv\/produkt\/instagram-tiktok-starter-visittkort-qr-kode\/\",\"url\":\"https:\/\/www.truzzer.com\/sv\/produkt\/instagram-tiktok-starter-visittkort-qr-kode\/\",\"name\":\"Instagram & TikTok Starter Visittkort \u2013 QR-kode | truzzer\",\"isPartOf\":{\"@id\":\"https:\/\/www.truzzer.com\/sv\/#website\"},\"primaryImageOfPage\":{\"@id\":\"https:\/\/www.truzzer.com\/sv\/produkt\/instagram-tiktok-starter-visittkort-qr-kode\/#primaryimage\"},\"image\":{\"@id\":\"https:\/\/www.truzzer.com\/sv\/produkt\/instagram-tiktok-starter-visittkort-qr-kode\/#primaryimage\"},\"thumbnailUrl\":\"https:\/\/www.truzzer.com\/wp-content\/uploads\/2026\/02\/tik-insta-3.jpg\",\"datePublished\":\"2026-02-11T10:12:12+00:00\",\"dateModified\":\"2026-02-13T10:35:33+00:00\",\"description\":\"Fler Instagram-f\u00f6ljare med Instagram & TikTok Starter Visittkort \u2013 QR-kode fr\u00e5n truzzer. Enkel installation, redo att anv\u00e4nda. Best\u00e4ll nu!\",\"breadcrumb\":{\"@id\":\"https:\/\/www.truzzer.com\/sv\/produkt\/instagram-tiktok-starter-visittkort-qr-kode\/#breadcrumb\"},\"inLanguage\":\"sv-SE\",\"potentialAction\":[{\"@type\":\"ReadAction\",\"target\":[\"https:\/\/www.truzzer.com\/sv\/produkt\/instagram-tiktok-starter-visittkort-qr-kode\/\"]}]},{\"@type\":\"ImageObject\",\"inLanguage\":\"sv-SE\",\"@id\":\"https:\/\/www.truzzer.com\/sv\/produkt\/instagram-tiktok-starter-visittkort-qr-kode\/#primaryimage\",\"url\":\"https:\/\/www.truzzer.com\/wp-content\/uploads\/2026\/02\/tik-insta-3.jpg\",\"contentUrl\":\"https:\/\/www.truzzer.com\/wp-content\/uploads\/2026\/02\/tik-insta-3.jpg\",\"width\":1200,\"height\":1200},{\"@type\":\"BreadcrumbList\",\"@id\":\"https:\/\/www.truzzer.com\/sv\/produkt\/instagram-tiktok-starter-visittkort-qr-kode\/#breadcrumb\",\"itemListElement\":[{\"@type\":\"ListItem\",\"position\":1,\"name\":\"Home\",\"item\":\"https:\/\/www.truzzer.com\/sv\/\"},{\"@type\":\"ListItem\",\"position\":2,\"name\":\"Butik\",\"item\":\"https:\/\/www.truzzer.com\/sv\/butik\/\"},{\"@type\":\"ListItem\",\"position\":3,\"name\":\"Instagram &amp; TikTok Startervisitkort &#8211; QR-kod\"}]},{\"@type\":\"WebSite\",\"@id\":\"https:\/\/www.truzzer.com\/sv\/#website\",\"url\":\"https:\/\/www.truzzer.com\/sv\/\",\"name\":\"truzzer\",\"description\":\"Experts for customer trust\",\"publisher\":{\"@id\":\"https:\/\/www.truzzer.com\/sv\/#organization\"},\"potentialAction\":[{\"@type\":\"SearchAction\",\"target\":{\"@type\":\"EntryPoint\",\"urlTemplate\":\"https:\/\/www.truzzer.com\/sv\/?s={search_term_string}\"},\"query-input\":{\"@type\":\"PropertyValueSpecification\",\"valueRequired\":true,\"valueName\":\"search_term_string\"}}],\"inLanguage\":\"sv-SE\"},{\"@type\":\"Organization\",\"@id\":\"https:\/\/www.truzzer.com\/sv\/#organization\",\"name\":\"truzzer\",\"url\":\"https:\/\/www.truzzer.com\/sv\/\",\"logo\":{\"@type\":\"ImageObject\",\"inLanguage\":\"sv-SE\",\"@id\":\"https:\/\/www.truzzer.com\/sv\/#\/schema\/logo\/image\/\",\"url\":\"https:\/\/truzzer.com\/wp-content\/uploads\/2026\/01\/truzzer-logo-black-1.svg\",\"contentUrl\":\"https:\/\/truzzer.com\/wp-content\/uploads\/2026\/01\/truzzer-logo-black-1.svg\",\"width\":938,\"height\":199,\"caption\":\"truzzer\"},\"image\":{\"@id\":\"https:\/\/www.truzzer.com\/sv\/#\/schema\/logo\/image\/\"}}]}<\/script>\n<!-- \/ Yoast SEO plugin. -->","yoast_head_json":{"title":"Instagram & TikTok Starter Visittkort \u2013 QR-kode | truzzer","description":"Fler Instagram-f\u00f6ljare med Instagram & TikTok Starter Visittkort \u2013 QR-kode fr\u00e5n truzzer. Enkel installation, redo att anv\u00e4nda. Best\u00e4ll nu!","robots":{"index":"index","follow":"follow","max-snippet":"max-snippet:-1","max-image-preview":"max-image-preview:large","max-video-preview":"max-video-preview:-1"},"canonical":"https:\/\/www.truzzer.com\/sv\/produkt\/instagram-tiktok-starter-visittkort-qr-kode\/","og_locale":"sv_SE","og_type":"article","og_title":"Instagram & TikTok Starter Visittkort \u2013 QR-kode | truzzer","og_description":"Fler Instagram-f\u00f6ljare med Instagram & TikTok Starter Visittkort \u2013 QR-kode fr\u00e5n truzzer. Enkel installation, redo att anv\u00e4nda. Best\u00e4ll nu!","og_url":"https:\/\/www.truzzer.com\/sv\/produkt\/instagram-tiktok-starter-visittkort-qr-kode\/","og_site_name":"truzzer","article_modified_time":"2026-02-13T10:35:33+00:00","og_image":[{"width":1200,"height":1200,"url":"https:\/\/www.truzzer.com\/wp-content\/uploads\/2026\/02\/tik-insta-3.jpg","type":"image\/jpeg"}],"twitter_card":"summary_large_image","schema":{"@context":"https:\/\/schema.org","@graph":[{"@type":"WebPage","@id":"https:\/\/www.truzzer.com\/sv\/produkt\/instagram-tiktok-starter-visittkort-qr-kode\/","url":"https:\/\/www.truzzer.com\/sv\/produkt\/instagram-tiktok-starter-visittkort-qr-kode\/","name":"Instagram & TikTok Starter Visittkort \u2013 QR-kode | truzzer","isPartOf":{"@id":"https:\/\/www.truzzer.com\/sv\/#website"},"primaryImageOfPage":{"@id":"https:\/\/www.truzzer.com\/sv\/produkt\/instagram-tiktok-starter-visittkort-qr-kode\/#primaryimage"},"image":{"@id":"https:\/\/www.truzzer.com\/sv\/produkt\/instagram-tiktok-starter-visittkort-qr-kode\/#primaryimage"},"thumbnailUrl":"https:\/\/www.truzzer.com\/wp-content\/uploads\/2026\/02\/tik-insta-3.jpg","datePublished":"2026-02-11T10:12:12+00:00","dateModified":"2026-02-13T10:35:33+00:00","description":"Fler Instagram-f\u00f6ljare med Instagram & TikTok Starter Visittkort \u2013 QR-kode fr\u00e5n truzzer. Enkel installation, redo att anv\u00e4nda. Best\u00e4ll nu!","breadcrumb":{"@id":"https:\/\/www.truzzer.com\/sv\/produkt\/instagram-tiktok-starter-visittkort-qr-kode\/#breadcrumb"},"inLanguage":"sv-SE","potentialAction":[{"@type":"ReadAction","target":["https:\/\/www.truzzer.com\/sv\/produkt\/instagram-tiktok-starter-visittkort-qr-kode\/"]}]},{"@type":"ImageObject","inLanguage":"sv-SE","@id":"https:\/\/www.truzzer.com\/sv\/produkt\/instagram-tiktok-starter-visittkort-qr-kode\/#primaryimage","url":"https:\/\/www.truzzer.com\/wp-content\/uploads\/2026\/02\/tik-insta-3.jpg","contentUrl":"https:\/\/www.truzzer.com\/wp-content\/uploads\/2026\/02\/tik-insta-3.jpg","width":1200,"height":1200},{"@type":"BreadcrumbList","@id":"https:\/\/www.truzzer.com\/sv\/produkt\/instagram-tiktok-starter-visittkort-qr-kode\/#breadcrumb","itemListElement":[{"@type":"ListItem","position":1,"name":"Home","item":"https:\/\/www.truzzer.com\/sv\/"},{"@type":"ListItem","position":2,"name":"Butik","item":"https:\/\/www.truzzer.com\/sv\/butik\/"},{"@type":"ListItem","position":3,"name":"Instagram &amp; TikTok Startervisitkort &#8211; QR-kod"}]},{"@type":"WebSite","@id":"https:\/\/www.truzzer.com\/sv\/#website","url":"https:\/\/www.truzzer.com\/sv\/","name":"truzzer","description":"Experts for customer trust","publisher":{"@id":"https:\/\/www.truzzer.com\/sv\/#organization"},"potentialAction":[{"@type":"SearchAction","target":{"@type":"EntryPoint","urlTemplate":"https:\/\/www.truzzer.com\/sv\/?s={search_term_string}"},"query-input":{"@type":"PropertyValueSpecification","valueRequired":true,"valueName":"search_term_string"}}],"inLanguage":"sv-SE"},{"@type":"Organization","@id":"https:\/\/www.truzzer.com\/sv\/#organization","name":"truzzer","url":"https:\/\/www.truzzer.com\/sv\/","logo":{"@type":"ImageObject","inLanguage":"sv-SE","@id":"https:\/\/www.truzzer.com\/sv\/#\/schema\/logo\/image\/","url":"https:\/\/truzzer.com\/wp-content\/uploads\/2026\/01\/truzzer-logo-black-1.svg","contentUrl":"https:\/\/truzzer.com\/wp-content\/uploads\/2026\/01\/truzzer-logo-black-1.svg","width":938,"height":199,"caption":"truzzer"},"image":{"@id":"https:\/\/www.truzzer.com\/sv\/#\/schema\/logo\/image\/"}}]}},"tiered_pricing_type":"fixed","tiered_pricing_fixed_rules":[],"tiered_pricing_product_settings":{"layout":"default","base_unit_name":{"singular":null,"plural":null},"default_variation":null},"tiered_pricing_minimum_quantity":null,"tiered_pricing_roles_data":[],"tiered_pricing_percentage_rules":[],"tiered_pricing_maximum_quantity":null,"tiered_pricing_quantity_step":null,"_links":{"self":[{"href":"https:\/\/www.truzzer.com\/sv\/wp-json\/wp\/v2\/product\/102251","targetHints":{"allow":["GET"]}}],"collection":[{"href":"https:\/\/www.truzzer.com\/sv\/wp-json\/wp\/v2\/product"}],"about":[{"href":"https:\/\/www.truzzer.com\/sv\/wp-json\/wp\/v2\/types\/product"}],"replies":[{"embeddable":true,"href":"https:\/\/www.truzzer.com\/sv\/wp-json\/wp\/v2\/comments?post=102251"}],"wp:featuredmedia":[{"embeddable":true,"href":"https:\/\/www.truzzer.com\/sv\/wp-json\/wp\/v2\/media\/102252"}],"wp:attachment":[{"href":"https:\/\/www.truzzer.com\/sv\/wp-json\/wp\/v2\/media?parent=102251"}],"wp:term":[{"taxonomy":"product_brand","embeddable":true,"href":"https:\/\/www.truzzer.com\/sv\/wp-json\/wp\/v2\/product_brand?post=102251"},{"taxonomy":"product_cat","embeddable":true,"href":"https:\/\/www.truzzer.com\/sv\/wp-json\/wp\/v2\/product_cat?post=102251"},{"taxonomy":"product_tag","embeddable":true,"href":"https:\/\/www.truzzer.com\/sv\/wp-json\/wp\/v2\/product_tag?post=102251"}],"curies":[{"name":"wp","href":"https:\/\/api.w.org\/{rel}","templated":true}]}}