{"id":102361,"date":"2026-02-11T10:12:31","date_gmt":"2026-02-11T10:12:31","guid":{"rendered":"https:\/\/beta.truzzer.com\/product\/instagram-followmonster-klistremerke-qr-kode-klistremerke-folgermagnet-i-3-storrelser\/"},"modified":"2026-02-13T10:32:58","modified_gmt":"2026-02-13T10:32:58","slug":"instagram-followmonster-klistremerke-qr-kode-klistremerke-folgermagnet-i-3-storrelser","status":"publish","type":"product","link":"https:\/\/www.truzzer.com\/sv\/produkt\/instagram-followmonster-klistremerke-qr-kode-klistremerke-folgermagnet-i-3-storrelser\/","title":{"rendered":"Instagram FollowMonster Sticker | QR kodklisterm\u00e4rke | F\u00f6ljarmagnet i 3 storlekar"},"content":{"rendered":"<p>\nSkaffa det unika <strong>Instagram FollowMonster Sticker<\/strong> \u2013 en f\u00e4rgstark, i\u00f6gonfallande design som guidar kunder, g\u00e4ster och fans direkt till din Instagram-profil.\n<\/p>\n<p>\u2705 <strong>S\u00e5 fungerar det:<\/strong><\/p>\n<ul>\n<li>Det s\u00f6ta FollowMonster pekar direkt p\u00e5 din QR-kod<\/li>\n<li>H\u00e5ll din smartphone \u00f6ver den \u2013 klart!<\/li>\n<li>Ingen app, inget kr\u00e5ngel \u2013 b\u00f6rja generera f\u00f6ljare direkt<\/li>\n<\/ul>\n<p>\u2b50 <strong>Varf\u00f6r f\u00f6lja Monster?<\/strong><\/p>\n<ul>\n<li>En v\u00e4nlig uppm\u00e4rksamhetsf\u00e5ngare med en regnb\u00e5gslook<\/li>\n<li>Fungerar med alla smartphones<\/li>\n<li>L\u00e5ngvarig &amp; v\u00e4derbest\u00e4ndig<\/li>\n<li>Perfekt f\u00f6r butiker, kaf\u00e9er, studior, evenemang &amp; mer<\/li>\n<\/ul>\n<p>\ud83d\udccf <strong>Tillg\u00e4nglig i 3 storlekar:<\/strong><\/p>\n<ul>\n<li><strong>9,5 cm<\/strong> \u2014 perfekt f\u00f6r kassan eller en b\u00e4rbar dator<\/li>\n<li><strong>14,8 cm<\/strong> \u2014 perfekt f\u00f6r d\u00f6rrar och amp; speglar<\/li>\n<li><strong>21 cm<\/strong> \u2014 maximal synlighet f\u00f6r skyltf\u00f6nster &amp; r\u00e4knare<\/li>\n<\/ul>\n<p>\nF\u00f6rvandla din Instagram-profil till en riktig f\u00f6ljmaskin \u2014 med Truzzer:s <strong>FollowMonster-klisterm\u00e4rke<\/strong> \ud83d\udc7e\ud83c\udf08\n<\/p>\n<h3>Steg 1: Kunden skannar QR-koden<\/h3>\n<p>\nF\u00f6r att f\u00f6lja dig skannar kunden helt enkelt QR-koden. Allt de beh\u00f6ver g\u00f6ra \u00e4r att rikta sin smartphonekamera mot klisterm\u00e4rket.\n<\/p>\n<p>\n<img decoding=\"async\" class=\"alignnone wp-image-13588 size-full\" src=\"https:\/\/truzzer.de\/wp-content\/uploads\/2020\/12\/truzzer-so-gehts-instagram-scan-11.jpg\" alt=\"\" width=\"1200\" \/ height=\"7\"\n<\/p>\n<p>\nEfter\u00e5t visas ett popup-f\u00f6nster p\u00e5 sk\u00e4rmen (iPhone) eller en QR-kodikon visas (Android \/ Google smartphones).\n<\/p>\n<h3>Steg 2: Kunden tas direkt till din Instagram-profil<\/h3>\n<p>\nInstagram \u00f6ppnas och kunden kan f\u00f6lja dig direkt &#8211; s\u00e5 enkelt.\n<\/p>\n<p>\n<img decoding=\"async\" class=\"alignleft wp-image-13589 size-full\" src=\"https:\/\/truzzer.de\/wp-content\/uploads\/2020\/12\/truzzer-so-gehts-instagram-scan-1.jpg\" alt=\"\" width=\"1200\" \/>=&#8221;792\n<\/p>\n<p><strong>Obs!<\/strong><\/p>\n<p>\nKom ih\u00e5g att en Instagram-profil kr\u00e4vs f\u00f6r att f\u00e5 f\u00f6ljare.\n<\/p>\n<p>&nbsp;<\/p>\n","protected":false},"excerpt":{"rendered":"<p>Cute FollowMonster + Instagram QR Code = fler f\u00f6ljare p\u00e5 nolltid!<br \/>\nL\u00e5t bara folk skanna det och b\u00f6rja f\u00e5 nya f\u00f6ljare direkt.<\/p>\n<p>\nF\u00e5 det unika <strong>Instagram FollowMonster-klisterm\u00e4rket<\/strong> \u2013 din f\u00e4rgglada, i\u00f6gonfallande uppm\u00e4rksamhetsf\u00e5ngare som guidar kunder, g\u00e4ster och fans direkt till din Instagram-profil.\n<\/p>\n<p>\u2705 <strong>S\u00e5 fungerar det:<\/strong><\/p>\n<ul>\n<li>Det s\u00f6ta FollowMonster pekar direkt p\u00e5 din QR-kod<\/li>\n<li>H\u00e5ll en smartphone \u00f6ver den \u2013 klart!<\/li>\n<li>Ingen app, inget kr\u00e5ngel \u2013 b\u00f6rja generera f\u00f6ljare direkt<\/li>\n<\/ul>\n<p>\u2b50 <strong>Varf\u00f6r f\u00f6lja Monster?<\/strong><\/p>\n<ul>\n<li>En v\u00e4nlig uppm\u00e4rksamhetsf\u00e5ngare med en regnb\u00e5gslook<\/li>\n<li>Fungerar med alla smartphones<\/li>\n<li>L\u00e5ngvarig &amp; v\u00e4derbest\u00e4ndig<\/li>\n<li>Perfekt f\u00f6r butiker, kaf\u00e9er, studior, evenemang &amp; mer<\/li>\n<\/ul>\n<p>\ud83d\udccf <strong>Tillg\u00e4nglig i 3 storlekar:<\/strong><\/p>\n<ul>\n<li><strong>9,5 cm<\/strong> \u2014 perfekt f\u00f6r kassan eller en b\u00e4rbar dator<\/li>\n<li><strong>14,8 cm<\/strong> \u2014 perfekt f\u00f6r d\u00f6rrar och amp; speglar<\/li>\n<li><strong>21 cm<\/strong> \u2014 maximal synlighet f\u00f6r skyltf\u00f6nster &amp; r\u00e4knare<\/li>\n<\/ul>\n<p>\nF\u00f6rvandla din Instagram-profil till en riktig f\u00f6ljmaskin \u2014 med Truzzer:s <strong>FollowMonster-klisterm\u00e4rke<\/strong> \ud83d\udc7e\ud83c\udf08\n<\/p>\n<h3><\/h3>\n","protected":false},"featured_media":102362,"comment_status":"open","ping_status":"closed","template":"","meta":{"_acf_changed":false,"_yoast_wpseo_focuskw":"Instagram QR-kod Klisterm\u00e4rke","_yoast_wpseo_title":"Instagram FollowMonster-klistremerke |QR-kode-k... | truzzer","_yoast_wpseo_metadesc":"Fler Instagram-f\u00f6ljare med Instagram FollowMonster-klistremerke |QR-kode-klistremerke |F\u00f8lgermagnet i 3 st... fr\u00e5n truzzer. Enkel installation. Best\u00e4ll nu!"},"product_brand":[1659],"product_cat":[847,848,833,545,544],"product_tag":[],"class_list":{"0":"post-102361","1":"product","2":"type-product","3":"status-publish","4":"has-post-thumbnail","6":"product_brand-instagram","7":"product_cat-instagram-foljare-klistermarken","8":"product_cat-instagram-foljare-klistermarken-med-qr-kod","9":"product_cat-instagram-foljare-produkter","10":"product_cat-qr-kod-klistermarken","11":"product_cat-qr-kod-produkter","12":"pa_product-type-klistermarke","14":"first","15":"instock","16":"taxable","17":"shipping-taxable","18":"purchasable","19":"product-type-variable","20":"has-default-attributes"},"acf":[],"yoast_head":"<!-- This site is optimized with the Yoast SEO plugin v27.0 - https:\/\/yoast.com\/product\/yoast-seo-wordpress\/ -->\n<title>Instagram FollowMonster-klistremerke |QR-kode-k... | truzzer<\/title>\n<meta name=\"description\" content=\"Fler Instagram-f\u00f6ljare med Instagram FollowMonster-klistremerke |QR-kode-klistremerke |F\u00f8lgermagnet i 3 st... fr\u00e5n truzzer. Enkel installation. Best\u00e4ll nu!\" \/>\n<meta name=\"robots\" content=\"index, follow, max-snippet:-1, max-image-preview:large, max-video-preview:-1\" \/>\n<link rel=\"canonical\" href=\"https:\/\/www.truzzer.com\/sv\/produkt\/instagram-followmonster-klistremerke-qr-kode-klistremerke-folgermagnet-i-3-storrelser\/\" \/>\n<meta property=\"og:locale\" content=\"sv_SE\" \/>\n<meta property=\"og:type\" content=\"article\" \/>\n<meta property=\"og:title\" content=\"Instagram FollowMonster-klistremerke |QR-kode-k... | truzzer\" \/>\n<meta property=\"og:description\" content=\"Fler Instagram-f\u00f6ljare med Instagram FollowMonster-klistremerke |QR-kode-klistremerke |F\u00f8lgermagnet i 3 st... fr\u00e5n truzzer. Enkel installation. Best\u00e4ll nu!\" \/>\n<meta property=\"og:url\" content=\"https:\/\/www.truzzer.com\/sv\/produkt\/instagram-followmonster-klistremerke-qr-kode-klistremerke-folgermagnet-i-3-storrelser\/\" \/>\n<meta property=\"og:site_name\" content=\"truzzer\" \/>\n<meta property=\"article:modified_time\" content=\"2026-02-13T10:32:58+00:00\" \/>\n<meta property=\"og:image\" content=\"https:\/\/www.truzzer.com\/wp-content\/uploads\/2026\/02\/followmonster-simple-3.jpg\" \/>\n\t<meta property=\"og:image:width\" content=\"1200\" \/>\n\t<meta property=\"og:image:height\" content=\"1200\" \/>\n\t<meta property=\"og:image:type\" content=\"image\/jpeg\" \/>\n<meta name=\"twitter:card\" content=\"summary_large_image\" \/>\n<meta name=\"twitter:label1\" content=\"Ber\u00e4knad l\u00e4stid\" \/>\n\t<meta name=\"twitter:data1\" content=\"1 minut\" \/>\n<script type=\"application\/ld+json\" class=\"yoast-schema-graph\">{\"@context\":\"https:\/\/schema.org\",\"@graph\":[{\"@type\":\"WebPage\",\"@id\":\"https:\/\/www.truzzer.com\/sv\/produkt\/instagram-followmonster-klistremerke-qr-kode-klistremerke-folgermagnet-i-3-storrelser\/\",\"url\":\"https:\/\/www.truzzer.com\/sv\/produkt\/instagram-followmonster-klistremerke-qr-kode-klistremerke-folgermagnet-i-3-storrelser\/\",\"name\":\"Instagram FollowMonster-klistremerke |QR-kode-k... | truzzer\",\"isPartOf\":{\"@id\":\"https:\/\/www.truzzer.com\/sv\/#website\"},\"primaryImageOfPage\":{\"@id\":\"https:\/\/www.truzzer.com\/sv\/produkt\/instagram-followmonster-klistremerke-qr-kode-klistremerke-folgermagnet-i-3-storrelser\/#primaryimage\"},\"image\":{\"@id\":\"https:\/\/www.truzzer.com\/sv\/produkt\/instagram-followmonster-klistremerke-qr-kode-klistremerke-folgermagnet-i-3-storrelser\/#primaryimage\"},\"thumbnailUrl\":\"https:\/\/www.truzzer.com\/wp-content\/uploads\/2026\/02\/followmonster-simple-3.jpg\",\"datePublished\":\"2026-02-11T10:12:31+00:00\",\"dateModified\":\"2026-02-13T10:32:58+00:00\",\"description\":\"Fler Instagram-f\u00f6ljare med Instagram FollowMonster-klistremerke |QR-kode-klistremerke |F\u00f8lgermagnet i 3 st... fr\u00e5n truzzer. Enkel installation. Best\u00e4ll nu!\",\"breadcrumb\":{\"@id\":\"https:\/\/www.truzzer.com\/sv\/produkt\/instagram-followmonster-klistremerke-qr-kode-klistremerke-folgermagnet-i-3-storrelser\/#breadcrumb\"},\"inLanguage\":\"sv-SE\",\"potentialAction\":[{\"@type\":\"ReadAction\",\"target\":[\"https:\/\/www.truzzer.com\/sv\/produkt\/instagram-followmonster-klistremerke-qr-kode-klistremerke-folgermagnet-i-3-storrelser\/\"]}]},{\"@type\":\"ImageObject\",\"inLanguage\":\"sv-SE\",\"@id\":\"https:\/\/www.truzzer.com\/sv\/produkt\/instagram-followmonster-klistremerke-qr-kode-klistremerke-folgermagnet-i-3-storrelser\/#primaryimage\",\"url\":\"https:\/\/www.truzzer.com\/wp-content\/uploads\/2026\/02\/followmonster-simple-3.jpg\",\"contentUrl\":\"https:\/\/www.truzzer.com\/wp-content\/uploads\/2026\/02\/followmonster-simple-3.jpg\",\"width\":1200,\"height\":1200},{\"@type\":\"BreadcrumbList\",\"@id\":\"https:\/\/www.truzzer.com\/sv\/produkt\/instagram-followmonster-klistremerke-qr-kode-klistremerke-folgermagnet-i-3-storrelser\/#breadcrumb\",\"itemListElement\":[{\"@type\":\"ListItem\",\"position\":1,\"name\":\"Home\",\"item\":\"https:\/\/www.truzzer.com\/sv\/\"},{\"@type\":\"ListItem\",\"position\":2,\"name\":\"Butik\",\"item\":\"https:\/\/www.truzzer.com\/sv\/butik\/\"},{\"@type\":\"ListItem\",\"position\":3,\"name\":\"Instagram FollowMonster Sticker | QR kodklisterm\u00e4rke | F\u00f6ljarmagnet i 3 storlekar\"}]},{\"@type\":\"WebSite\",\"@id\":\"https:\/\/www.truzzer.com\/sv\/#website\",\"url\":\"https:\/\/www.truzzer.com\/sv\/\",\"name\":\"truzzer\",\"description\":\"Experts for customer trust\",\"publisher\":{\"@id\":\"https:\/\/www.truzzer.com\/sv\/#organization\"},\"potentialAction\":[{\"@type\":\"SearchAction\",\"target\":{\"@type\":\"EntryPoint\",\"urlTemplate\":\"https:\/\/www.truzzer.com\/sv\/?s={search_term_string}\"},\"query-input\":{\"@type\":\"PropertyValueSpecification\",\"valueRequired\":true,\"valueName\":\"search_term_string\"}}],\"inLanguage\":\"sv-SE\"},{\"@type\":\"Organization\",\"@id\":\"https:\/\/www.truzzer.com\/sv\/#organization\",\"name\":\"truzzer\",\"url\":\"https:\/\/www.truzzer.com\/sv\/\",\"logo\":{\"@type\":\"ImageObject\",\"inLanguage\":\"sv-SE\",\"@id\":\"https:\/\/www.truzzer.com\/sv\/#\/schema\/logo\/image\/\",\"url\":\"https:\/\/truzzer.com\/wp-content\/uploads\/2026\/01\/truzzer-logo-black-1.svg\",\"contentUrl\":\"https:\/\/truzzer.com\/wp-content\/uploads\/2026\/01\/truzzer-logo-black-1.svg\",\"width\":938,\"height\":199,\"caption\":\"truzzer\"},\"image\":{\"@id\":\"https:\/\/www.truzzer.com\/sv\/#\/schema\/logo\/image\/\"}}]}<\/script>\n<!-- \/ Yoast SEO plugin. -->","yoast_head_json":{"title":"Instagram FollowMonster-klistremerke |QR-kode-k... | truzzer","description":"Fler Instagram-f\u00f6ljare med Instagram FollowMonster-klistremerke |QR-kode-klistremerke |F\u00f8lgermagnet i 3 st... fr\u00e5n truzzer. Enkel installation. Best\u00e4ll nu!","robots":{"index":"index","follow":"follow","max-snippet":"max-snippet:-1","max-image-preview":"max-image-preview:large","max-video-preview":"max-video-preview:-1"},"canonical":"https:\/\/www.truzzer.com\/sv\/produkt\/instagram-followmonster-klistremerke-qr-kode-klistremerke-folgermagnet-i-3-storrelser\/","og_locale":"sv_SE","og_type":"article","og_title":"Instagram FollowMonster-klistremerke |QR-kode-k... | truzzer","og_description":"Fler Instagram-f\u00f6ljare med Instagram FollowMonster-klistremerke |QR-kode-klistremerke |F\u00f8lgermagnet i 3 st... fr\u00e5n truzzer. Enkel installation. Best\u00e4ll nu!","og_url":"https:\/\/www.truzzer.com\/sv\/produkt\/instagram-followmonster-klistremerke-qr-kode-klistremerke-folgermagnet-i-3-storrelser\/","og_site_name":"truzzer","article_modified_time":"2026-02-13T10:32:58+00:00","og_image":[{"width":1200,"height":1200,"url":"https:\/\/www.truzzer.com\/wp-content\/uploads\/2026\/02\/followmonster-simple-3.jpg","type":"image\/jpeg"}],"twitter_card":"summary_large_image","twitter_misc":{"Ber\u00e4knad l\u00e4stid":"1 minut"},"schema":{"@context":"https:\/\/schema.org","@graph":[{"@type":"WebPage","@id":"https:\/\/www.truzzer.com\/sv\/produkt\/instagram-followmonster-klistremerke-qr-kode-klistremerke-folgermagnet-i-3-storrelser\/","url":"https:\/\/www.truzzer.com\/sv\/produkt\/instagram-followmonster-klistremerke-qr-kode-klistremerke-folgermagnet-i-3-storrelser\/","name":"Instagram FollowMonster-klistremerke |QR-kode-k... | truzzer","isPartOf":{"@id":"https:\/\/www.truzzer.com\/sv\/#website"},"primaryImageOfPage":{"@id":"https:\/\/www.truzzer.com\/sv\/produkt\/instagram-followmonster-klistremerke-qr-kode-klistremerke-folgermagnet-i-3-storrelser\/#primaryimage"},"image":{"@id":"https:\/\/www.truzzer.com\/sv\/produkt\/instagram-followmonster-klistremerke-qr-kode-klistremerke-folgermagnet-i-3-storrelser\/#primaryimage"},"thumbnailUrl":"https:\/\/www.truzzer.com\/wp-content\/uploads\/2026\/02\/followmonster-simple-3.jpg","datePublished":"2026-02-11T10:12:31+00:00","dateModified":"2026-02-13T10:32:58+00:00","description":"Fler Instagram-f\u00f6ljare med Instagram FollowMonster-klistremerke |QR-kode-klistremerke |F\u00f8lgermagnet i 3 st... fr\u00e5n truzzer. Enkel installation. Best\u00e4ll nu!","breadcrumb":{"@id":"https:\/\/www.truzzer.com\/sv\/produkt\/instagram-followmonster-klistremerke-qr-kode-klistremerke-folgermagnet-i-3-storrelser\/#breadcrumb"},"inLanguage":"sv-SE","potentialAction":[{"@type":"ReadAction","target":["https:\/\/www.truzzer.com\/sv\/produkt\/instagram-followmonster-klistremerke-qr-kode-klistremerke-folgermagnet-i-3-storrelser\/"]}]},{"@type":"ImageObject","inLanguage":"sv-SE","@id":"https:\/\/www.truzzer.com\/sv\/produkt\/instagram-followmonster-klistremerke-qr-kode-klistremerke-folgermagnet-i-3-storrelser\/#primaryimage","url":"https:\/\/www.truzzer.com\/wp-content\/uploads\/2026\/02\/followmonster-simple-3.jpg","contentUrl":"https:\/\/www.truzzer.com\/wp-content\/uploads\/2026\/02\/followmonster-simple-3.jpg","width":1200,"height":1200},{"@type":"BreadcrumbList","@id":"https:\/\/www.truzzer.com\/sv\/produkt\/instagram-followmonster-klistremerke-qr-kode-klistremerke-folgermagnet-i-3-storrelser\/#breadcrumb","itemListElement":[{"@type":"ListItem","position":1,"name":"Home","item":"https:\/\/www.truzzer.com\/sv\/"},{"@type":"ListItem","position":2,"name":"Butik","item":"https:\/\/www.truzzer.com\/sv\/butik\/"},{"@type":"ListItem","position":3,"name":"Instagram FollowMonster Sticker | QR kodklisterm\u00e4rke | F\u00f6ljarmagnet i 3 storlekar"}]},{"@type":"WebSite","@id":"https:\/\/www.truzzer.com\/sv\/#website","url":"https:\/\/www.truzzer.com\/sv\/","name":"truzzer","description":"Experts for customer trust","publisher":{"@id":"https:\/\/www.truzzer.com\/sv\/#organization"},"potentialAction":[{"@type":"SearchAction","target":{"@type":"EntryPoint","urlTemplate":"https:\/\/www.truzzer.com\/sv\/?s={search_term_string}"},"query-input":{"@type":"PropertyValueSpecification","valueRequired":true,"valueName":"search_term_string"}}],"inLanguage":"sv-SE"},{"@type":"Organization","@id":"https:\/\/www.truzzer.com\/sv\/#organization","name":"truzzer","url":"https:\/\/www.truzzer.com\/sv\/","logo":{"@type":"ImageObject","inLanguage":"sv-SE","@id":"https:\/\/www.truzzer.com\/sv\/#\/schema\/logo\/image\/","url":"https:\/\/truzzer.com\/wp-content\/uploads\/2026\/01\/truzzer-logo-black-1.svg","contentUrl":"https:\/\/truzzer.com\/wp-content\/uploads\/2026\/01\/truzzer-logo-black-1.svg","width":938,"height":199,"caption":"truzzer"},"image":{"@id":"https:\/\/www.truzzer.com\/sv\/#\/schema\/logo\/image\/"}}]}},"tiered_pricing_type":"fixed","tiered_pricing_fixed_rules":[],"tiered_pricing_product_settings":{"layout":"default","base_unit_name":{"singular":null,"plural":null},"default_variation":null},"tiered_pricing_minimum_quantity":null,"tiered_pricing_roles_data":[],"tiered_pricing_percentage_rules":[],"tiered_pricing_maximum_quantity":null,"tiered_pricing_quantity_step":null,"_links":{"self":[{"href":"https:\/\/www.truzzer.com\/sv\/wp-json\/wp\/v2\/product\/102361","targetHints":{"allow":["GET"]}}],"collection":[{"href":"https:\/\/www.truzzer.com\/sv\/wp-json\/wp\/v2\/product"}],"about":[{"href":"https:\/\/www.truzzer.com\/sv\/wp-json\/wp\/v2\/types\/product"}],"replies":[{"embeddable":true,"href":"https:\/\/www.truzzer.com\/sv\/wp-json\/wp\/v2\/comments?post=102361"}],"wp:featuredmedia":[{"embeddable":true,"href":"https:\/\/www.truzzer.com\/sv\/wp-json\/wp\/v2\/media\/102362"}],"wp:attachment":[{"href":"https:\/\/www.truzzer.com\/sv\/wp-json\/wp\/v2\/media?parent=102361"}],"wp:term":[{"taxonomy":"product_brand","embeddable":true,"href":"https:\/\/www.truzzer.com\/sv\/wp-json\/wp\/v2\/product_brand?post=102361"},{"taxonomy":"product_cat","embeddable":true,"href":"https:\/\/www.truzzer.com\/sv\/wp-json\/wp\/v2\/product_cat?post=102361"},{"taxonomy":"product_tag","embeddable":true,"href":"https:\/\/www.truzzer.com\/sv\/wp-json\/wp\/v2\/product_tag?post=102361"}],"curies":[{"name":"wp","href":"https:\/\/api.w.org\/{rel}","templated":true}]}}