{"id":102471,"date":"2026-02-11T10:12:53","date_gmt":"2026-02-11T10:12:53","guid":{"rendered":"https:\/\/beta.truzzer.com\/product\/instagram-qr-kode-klistremerke-folg-oss-rund-hologram-utgave\/"},"modified":"2026-02-13T10:30:29","modified_gmt":"2026-02-13T10:30:29","slug":"instagram-qr-kode-klistremerke-folg-oss-rund-hologram-utgave","status":"publish","type":"product","link":"https:\/\/www.truzzer.com\/sv\/produkt\/instagram-qr-kode-klistremerke-folg-oss-rund-hologram-utgave\/","title":{"rendered":"Instagram QR koddekal &#8221;F\u00f6lj oss&#8221; \u2013 rund (hologramupplaga)"},"content":{"rendered":"<p>\nMed <strong>Instagram QR Code Sticker &#8221;F\u00f6lj oss&#8221; (Hologram Edition)<\/strong> tar du din marknadsf\u00f6ring p\u00e5 sociala medier till n\u00e4sta niv\u00e5.<br \/>\nDen i\u00f6gonfallande hologramdesignen f\u00e5ngar omedelbart uppm\u00e4rksamhet \u2013 och ser till att ingen kund missar din bildtext.\n<\/p>\n<p>\nVarje klisterm\u00e4rke kommer med en <strong>enskild QR-kod<\/strong> som l\u00e4nkar direkt till din Instagram-profil.<br \/>\nKunder beh\u00f6ver inte l\u00e4ngre s\u00f6ka efter dig \u2013 det r\u00e4cker med en snabb skanning med en smartphonekamera, och de landar p\u00e5 ditt konto direkt.\n<\/p>\n<p><strong>Dina f\u00f6rdelar i korthet:<\/strong><\/p>\n<ul>\n<li>\u2728 <strong>I\u00f6gonfallande hologramdesign<\/strong> \u2013 maximal synlighet, oavsett om det \u00e4r p\u00e5 glas, diskar eller f\u00f6rpackningar.<\/li>\n<li>\ud83d\udcf2 <strong>Direkt QR-kod<\/strong> \u2014 ansluter direkt till din Instagram-profil, inga omv\u00e4gar.<\/li>\n<li>\ud83d\udccd <strong>M\u00e5ngsidig anv\u00e4ndning<\/strong> \u2014 perfekt f\u00f6r butiker, restauranger, barer, salonger, evenemang eller produktf\u00f6rpackningar.<\/li>\n<li>\ud83d\udccf <strong>Tillg\u00e4nglig i 3 storlekar<\/strong> \u2014 9,5 cm, 14,8 cm och 21 cm.<\/li>\n<li>\ud83c\udde9\ud83c\uddea <strong>Tillverkad i Tyskland<\/strong> \u2014 h\u00e5llbar kvalitet, v\u00e4derbest\u00e4ndig &amp; robust.<\/li>\n<\/ul>\n<p>\nDetta g\u00f6r att ditt f\u00f6retag sticker ut \u2013 samtidigt som du p\u00e5 ett smart s\u00e4tt v\u00e4xer din Instagram-gemenskap.\n<\/p>\n<p>\n\u2705 <strong>Ans\u00f6k helt enkelt \u2014 l\u00e5t kunderna skanna \u2014 f\u00e5 f\u00f6ljare.<\/strong>\n<\/p>\n<h3>Steg 1: Kunden skannar QR-koden<\/h3>\n<p>\nF\u00f6r att f\u00f6lja dig skannar kunden helt enkelt QR-koden. Allt de beh\u00f6ver g\u00f6ra \u00e4r att rikta sin smartphonekamera mot klisterm\u00e4rket.\n<\/p>\n<p>\n<img decoding=\"async\" class=\"alignnone wp-image-13588 size-full\" src=\"https:\/\/truzzer.de\/wp-content\/uploads\/2020\/12\/truzzer-so-gehts-instagram-scan-11.jpg\" alt=\"\" width=\"1200\" \/ height=\"7\"\n<\/p>\n<p>\nEfter\u00e5t visas ett popup-f\u00f6nster p\u00e5 sk\u00e4rmen (iPhone) eller en QR-kodikon visas (Android \/ Google smartphones).\n<\/p>\n<h3>Steg 2: Kunden tas direkt till din Instagram-profil<\/h3>\n<p>\nInstagram \u00f6ppnas och kunden kan f\u00f6lja dig direkt &#8211; s\u00e5 enkelt.\n<\/p>\n<p>\n<img decoding=\"async\" class=\"alignleft wp-image-13589 size-full\" src=\"https:\/\/truzzer.de\/wp-content\/uploads\/2020\/12\/truzzer-so-gehts-instagram-scan-1.jpg\" alt=\"\" width=\"1200\" \/>=&#8221;792\n<\/p>\n<p><strong>Obs!<\/strong><\/p>\n<p>\nKom ih\u00e5g att en Instagram-profil kr\u00e4vs f\u00f6r att f\u00e5 f\u00f6ljare.\n<\/p>\n<p>[elfsight_popup id=&#8221;6&#8243;]<\/p>\n","protected":false},"excerpt":{"rendered":"<p>\nMer glans, mer uppm\u00e4rksamhet, fler f\u00f6ljare!<br \/>\nV\u00e5ra runda <strong>Instagram Hologram Stickers<\/strong> \u00e4r ett riktigt blickf\u00e5ng. Med en integrerad QR-kod guidar du dina kunder direkt till din profil \u2014 bara skanna &amp; f\u00f6lj.<br \/>\nIdealisk f\u00f6r: <strong>butiker, d\u00f6rrar, diskar, skyltf\u00f6nster, kassor, f\u00f6rpackningar<\/strong>.\n<\/p>\n<p>\nFinns i <strong>3 storlekar<\/strong>: 9,5 cm, 14,8 cm, 21 cm.<\/p>\n","protected":false},"featured_media":102472,"comment_status":"open","ping_status":"closed","template":"","meta":{"_acf_changed":false,"_yoast_wpseo_focuskw":"Instagram QR-kod Klisterm\u00e4rke","_yoast_wpseo_title":"Instagram QR-kode-klistremerke \u201dF\u00f8lg oss\u201d \u2013 run... | truzzer","_yoast_wpseo_metadesc":"Fler Instagram-f\u00f6ljare med Instagram QR-kode-klistremerke \u201dF\u00f8lg oss\u201d \u2013 rund (hologram-utgave) fr\u00e5n truzzer. Enkel installation. Best\u00e4ll nu!"},"product_brand":[1659],"product_cat":[804,847,848,833],"product_tag":[],"class_list":{"0":"post-102471","1":"product","2":"type-product","3":"status-publish","4":"has-post-thumbnail","6":"product_brand-instagram","7":"product_cat-google-recension-kort","8":"product_cat-instagram-foljare-klistermarken","9":"product_cat-instagram-foljare-klistermarken-med-qr-kod","10":"product_cat-instagram-foljare-produkter","11":"pa_material-vinyl","12":"pa_product-type-klistermarke","13":"pa_shape-rond","14":"pa_technology-qr-kod","16":"first","17":"instock","18":"taxable","19":"shipping-taxable","20":"product-type-simple"},"acf":[],"yoast_head":"<!-- This site is optimized with the Yoast SEO plugin v27.0 - https:\/\/yoast.com\/product\/yoast-seo-wordpress\/ -->\n<title>Instagram QR-kode-klistremerke \u201dF\u00f8lg oss\u201d \u2013 run... | truzzer<\/title>\n<meta name=\"description\" content=\"Fler Instagram-f\u00f6ljare med Instagram QR-kode-klistremerke \u201dF\u00f8lg oss\u201d \u2013 rund (hologram-utgave) fr\u00e5n truzzer. Enkel installation. Best\u00e4ll nu!\" \/>\n<meta name=\"robots\" content=\"index, follow, max-snippet:-1, max-image-preview:large, max-video-preview:-1\" \/>\n<link rel=\"canonical\" href=\"https:\/\/www.truzzer.com\/sv\/produkt\/instagram-qr-kode-klistremerke-folg-oss-rund-hologram-utgave\/\" \/>\n<meta property=\"og:locale\" content=\"sv_SE\" \/>\n<meta property=\"og:type\" content=\"article\" \/>\n<meta property=\"og:title\" content=\"Instagram QR-kode-klistremerke \u201dF\u00f8lg oss\u201d \u2013 run... | truzzer\" \/>\n<meta property=\"og:description\" content=\"Fler Instagram-f\u00f6ljare med Instagram QR-kode-klistremerke \u201dF\u00f8lg oss\u201d \u2013 rund (hologram-utgave) fr\u00e5n truzzer. Enkel installation. Best\u00e4ll nu!\" \/>\n<meta property=\"og:url\" content=\"https:\/\/www.truzzer.com\/sv\/produkt\/instagram-qr-kode-klistremerke-folg-oss-rund-hologram-utgave\/\" \/>\n<meta property=\"og:site_name\" content=\"truzzer\" \/>\n<meta property=\"article:modified_time\" content=\"2026-02-13T10:30:29+00:00\" \/>\n<meta property=\"og:image\" content=\"https:\/\/www.truzzer.com\/wp-content\/uploads\/2026\/02\/holo-sticker-round-color-phone-2.jpg\" \/>\n\t<meta property=\"og:image:width\" content=\"1200\" \/>\n\t<meta property=\"og:image:height\" content=\"1200\" \/>\n\t<meta property=\"og:image:type\" content=\"image\/jpeg\" \/>\n<meta name=\"twitter:card\" content=\"summary_large_image\" \/>\n<meta name=\"twitter:label1\" content=\"Ber\u00e4knad l\u00e4stid\" \/>\n\t<meta name=\"twitter:data1\" content=\"1 minut\" \/>\n<script type=\"application\/ld+json\" class=\"yoast-schema-graph\">{\"@context\":\"https:\/\/schema.org\",\"@graph\":[{\"@type\":\"WebPage\",\"@id\":\"https:\/\/www.truzzer.com\/sv\/produkt\/instagram-qr-kode-klistremerke-folg-oss-rund-hologram-utgave\/\",\"url\":\"https:\/\/www.truzzer.com\/sv\/produkt\/instagram-qr-kode-klistremerke-folg-oss-rund-hologram-utgave\/\",\"name\":\"Instagram QR-kode-klistremerke \u201dF\u00f8lg oss\u201d \u2013 run... | truzzer\",\"isPartOf\":{\"@id\":\"https:\/\/www.truzzer.com\/sv\/#website\"},\"primaryImageOfPage\":{\"@id\":\"https:\/\/www.truzzer.com\/sv\/produkt\/instagram-qr-kode-klistremerke-folg-oss-rund-hologram-utgave\/#primaryimage\"},\"image\":{\"@id\":\"https:\/\/www.truzzer.com\/sv\/produkt\/instagram-qr-kode-klistremerke-folg-oss-rund-hologram-utgave\/#primaryimage\"},\"thumbnailUrl\":\"https:\/\/www.truzzer.com\/wp-content\/uploads\/2026\/02\/holo-sticker-round-color-phone-2.jpg\",\"datePublished\":\"2026-02-11T10:12:53+00:00\",\"dateModified\":\"2026-02-13T10:30:29+00:00\",\"description\":\"Fler Instagram-f\u00f6ljare med Instagram QR-kode-klistremerke \u201dF\u00f8lg oss\u201d \u2013 rund (hologram-utgave) fr\u00e5n truzzer. Enkel installation. Best\u00e4ll nu!\",\"breadcrumb\":{\"@id\":\"https:\/\/www.truzzer.com\/sv\/produkt\/instagram-qr-kode-klistremerke-folg-oss-rund-hologram-utgave\/#breadcrumb\"},\"inLanguage\":\"sv-SE\",\"potentialAction\":[{\"@type\":\"ReadAction\",\"target\":[\"https:\/\/www.truzzer.com\/sv\/produkt\/instagram-qr-kode-klistremerke-folg-oss-rund-hologram-utgave\/\"]}]},{\"@type\":\"ImageObject\",\"inLanguage\":\"sv-SE\",\"@id\":\"https:\/\/www.truzzer.com\/sv\/produkt\/instagram-qr-kode-klistremerke-folg-oss-rund-hologram-utgave\/#primaryimage\",\"url\":\"https:\/\/www.truzzer.com\/wp-content\/uploads\/2026\/02\/holo-sticker-round-color-phone-2.jpg\",\"contentUrl\":\"https:\/\/www.truzzer.com\/wp-content\/uploads\/2026\/02\/holo-sticker-round-color-phone-2.jpg\",\"width\":1200,\"height\":1200},{\"@type\":\"BreadcrumbList\",\"@id\":\"https:\/\/www.truzzer.com\/sv\/produkt\/instagram-qr-kode-klistremerke-folg-oss-rund-hologram-utgave\/#breadcrumb\",\"itemListElement\":[{\"@type\":\"ListItem\",\"position\":1,\"name\":\"Home\",\"item\":\"https:\/\/www.truzzer.com\/sv\/\"},{\"@type\":\"ListItem\",\"position\":2,\"name\":\"Butik\",\"item\":\"https:\/\/www.truzzer.com\/sv\/butik\/\"},{\"@type\":\"ListItem\",\"position\":3,\"name\":\"Instagram QR koddekal &#8221;F\u00f6lj oss&#8221; \u2013 rund (hologramupplaga)\"}]},{\"@type\":\"WebSite\",\"@id\":\"https:\/\/www.truzzer.com\/sv\/#website\",\"url\":\"https:\/\/www.truzzer.com\/sv\/\",\"name\":\"truzzer\",\"description\":\"Experts for customer trust\",\"publisher\":{\"@id\":\"https:\/\/www.truzzer.com\/sv\/#organization\"},\"potentialAction\":[{\"@type\":\"SearchAction\",\"target\":{\"@type\":\"EntryPoint\",\"urlTemplate\":\"https:\/\/www.truzzer.com\/sv\/?s={search_term_string}\"},\"query-input\":{\"@type\":\"PropertyValueSpecification\",\"valueRequired\":true,\"valueName\":\"search_term_string\"}}],\"inLanguage\":\"sv-SE\"},{\"@type\":\"Organization\",\"@id\":\"https:\/\/www.truzzer.com\/sv\/#organization\",\"name\":\"truzzer\",\"url\":\"https:\/\/www.truzzer.com\/sv\/\",\"logo\":{\"@type\":\"ImageObject\",\"inLanguage\":\"sv-SE\",\"@id\":\"https:\/\/www.truzzer.com\/sv\/#\/schema\/logo\/image\/\",\"url\":\"https:\/\/truzzer.com\/wp-content\/uploads\/2026\/01\/truzzer-logo-black-1.svg\",\"contentUrl\":\"https:\/\/truzzer.com\/wp-content\/uploads\/2026\/01\/truzzer-logo-black-1.svg\",\"width\":938,\"height\":199,\"caption\":\"truzzer\"},\"image\":{\"@id\":\"https:\/\/www.truzzer.com\/sv\/#\/schema\/logo\/image\/\"}}]}<\/script>\n<!-- \/ Yoast SEO plugin. -->","yoast_head_json":{"title":"Instagram QR-kode-klistremerke \u201dF\u00f8lg oss\u201d \u2013 run... | truzzer","description":"Fler Instagram-f\u00f6ljare med Instagram QR-kode-klistremerke \u201dF\u00f8lg oss\u201d \u2013 rund (hologram-utgave) fr\u00e5n truzzer. Enkel installation. Best\u00e4ll nu!","robots":{"index":"index","follow":"follow","max-snippet":"max-snippet:-1","max-image-preview":"max-image-preview:large","max-video-preview":"max-video-preview:-1"},"canonical":"https:\/\/www.truzzer.com\/sv\/produkt\/instagram-qr-kode-klistremerke-folg-oss-rund-hologram-utgave\/","og_locale":"sv_SE","og_type":"article","og_title":"Instagram QR-kode-klistremerke \u201dF\u00f8lg oss\u201d \u2013 run... | truzzer","og_description":"Fler Instagram-f\u00f6ljare med Instagram QR-kode-klistremerke \u201dF\u00f8lg oss\u201d \u2013 rund (hologram-utgave) fr\u00e5n truzzer. Enkel installation. Best\u00e4ll nu!","og_url":"https:\/\/www.truzzer.com\/sv\/produkt\/instagram-qr-kode-klistremerke-folg-oss-rund-hologram-utgave\/","og_site_name":"truzzer","article_modified_time":"2026-02-13T10:30:29+00:00","og_image":[{"width":1200,"height":1200,"url":"https:\/\/www.truzzer.com\/wp-content\/uploads\/2026\/02\/holo-sticker-round-color-phone-2.jpg","type":"image\/jpeg"}],"twitter_card":"summary_large_image","twitter_misc":{"Ber\u00e4knad l\u00e4stid":"1 minut"},"schema":{"@context":"https:\/\/schema.org","@graph":[{"@type":"WebPage","@id":"https:\/\/www.truzzer.com\/sv\/produkt\/instagram-qr-kode-klistremerke-folg-oss-rund-hologram-utgave\/","url":"https:\/\/www.truzzer.com\/sv\/produkt\/instagram-qr-kode-klistremerke-folg-oss-rund-hologram-utgave\/","name":"Instagram QR-kode-klistremerke \u201dF\u00f8lg oss\u201d \u2013 run... | truzzer","isPartOf":{"@id":"https:\/\/www.truzzer.com\/sv\/#website"},"primaryImageOfPage":{"@id":"https:\/\/www.truzzer.com\/sv\/produkt\/instagram-qr-kode-klistremerke-folg-oss-rund-hologram-utgave\/#primaryimage"},"image":{"@id":"https:\/\/www.truzzer.com\/sv\/produkt\/instagram-qr-kode-klistremerke-folg-oss-rund-hologram-utgave\/#primaryimage"},"thumbnailUrl":"https:\/\/www.truzzer.com\/wp-content\/uploads\/2026\/02\/holo-sticker-round-color-phone-2.jpg","datePublished":"2026-02-11T10:12:53+00:00","dateModified":"2026-02-13T10:30:29+00:00","description":"Fler Instagram-f\u00f6ljare med Instagram QR-kode-klistremerke \u201dF\u00f8lg oss\u201d \u2013 rund (hologram-utgave) fr\u00e5n truzzer. Enkel installation. Best\u00e4ll nu!","breadcrumb":{"@id":"https:\/\/www.truzzer.com\/sv\/produkt\/instagram-qr-kode-klistremerke-folg-oss-rund-hologram-utgave\/#breadcrumb"},"inLanguage":"sv-SE","potentialAction":[{"@type":"ReadAction","target":["https:\/\/www.truzzer.com\/sv\/produkt\/instagram-qr-kode-klistremerke-folg-oss-rund-hologram-utgave\/"]}]},{"@type":"ImageObject","inLanguage":"sv-SE","@id":"https:\/\/www.truzzer.com\/sv\/produkt\/instagram-qr-kode-klistremerke-folg-oss-rund-hologram-utgave\/#primaryimage","url":"https:\/\/www.truzzer.com\/wp-content\/uploads\/2026\/02\/holo-sticker-round-color-phone-2.jpg","contentUrl":"https:\/\/www.truzzer.com\/wp-content\/uploads\/2026\/02\/holo-sticker-round-color-phone-2.jpg","width":1200,"height":1200},{"@type":"BreadcrumbList","@id":"https:\/\/www.truzzer.com\/sv\/produkt\/instagram-qr-kode-klistremerke-folg-oss-rund-hologram-utgave\/#breadcrumb","itemListElement":[{"@type":"ListItem","position":1,"name":"Home","item":"https:\/\/www.truzzer.com\/sv\/"},{"@type":"ListItem","position":2,"name":"Butik","item":"https:\/\/www.truzzer.com\/sv\/butik\/"},{"@type":"ListItem","position":3,"name":"Instagram QR koddekal &#8221;F\u00f6lj oss&#8221; \u2013 rund (hologramupplaga)"}]},{"@type":"WebSite","@id":"https:\/\/www.truzzer.com\/sv\/#website","url":"https:\/\/www.truzzer.com\/sv\/","name":"truzzer","description":"Experts for customer trust","publisher":{"@id":"https:\/\/www.truzzer.com\/sv\/#organization"},"potentialAction":[{"@type":"SearchAction","target":{"@type":"EntryPoint","urlTemplate":"https:\/\/www.truzzer.com\/sv\/?s={search_term_string}"},"query-input":{"@type":"PropertyValueSpecification","valueRequired":true,"valueName":"search_term_string"}}],"inLanguage":"sv-SE"},{"@type":"Organization","@id":"https:\/\/www.truzzer.com\/sv\/#organization","name":"truzzer","url":"https:\/\/www.truzzer.com\/sv\/","logo":{"@type":"ImageObject","inLanguage":"sv-SE","@id":"https:\/\/www.truzzer.com\/sv\/#\/schema\/logo\/image\/","url":"https:\/\/truzzer.com\/wp-content\/uploads\/2026\/01\/truzzer-logo-black-1.svg","contentUrl":"https:\/\/truzzer.com\/wp-content\/uploads\/2026\/01\/truzzer-logo-black-1.svg","width":938,"height":199,"caption":"truzzer"},"image":{"@id":"https:\/\/www.truzzer.com\/sv\/#\/schema\/logo\/image\/"}}]}},"tiered_pricing_type":"fixed","tiered_pricing_fixed_rules":[],"tiered_pricing_product_settings":{"layout":"default","base_unit_name":{"singular":null,"plural":null},"default_variation":null},"tiered_pricing_minimum_quantity":null,"tiered_pricing_roles_data":[],"tiered_pricing_percentage_rules":[],"tiered_pricing_maximum_quantity":null,"tiered_pricing_quantity_step":null,"_links":{"self":[{"href":"https:\/\/www.truzzer.com\/sv\/wp-json\/wp\/v2\/product\/102471","targetHints":{"allow":["GET"]}}],"collection":[{"href":"https:\/\/www.truzzer.com\/sv\/wp-json\/wp\/v2\/product"}],"about":[{"href":"https:\/\/www.truzzer.com\/sv\/wp-json\/wp\/v2\/types\/product"}],"replies":[{"embeddable":true,"href":"https:\/\/www.truzzer.com\/sv\/wp-json\/wp\/v2\/comments?post=102471"}],"wp:featuredmedia":[{"embeddable":true,"href":"https:\/\/www.truzzer.com\/sv\/wp-json\/wp\/v2\/media\/102472"}],"wp:attachment":[{"href":"https:\/\/www.truzzer.com\/sv\/wp-json\/wp\/v2\/media?parent=102471"}],"wp:term":[{"taxonomy":"product_brand","embeddable":true,"href":"https:\/\/www.truzzer.com\/sv\/wp-json\/wp\/v2\/product_brand?post=102471"},{"taxonomy":"product_cat","embeddable":true,"href":"https:\/\/www.truzzer.com\/sv\/wp-json\/wp\/v2\/product_cat?post=102471"},{"taxonomy":"product_tag","embeddable":true,"href":"https:\/\/www.truzzer.com\/sv\/wp-json\/wp\/v2\/product_tag?post=102471"}],"curies":[{"name":"wp","href":"https:\/\/api.w.org\/{rel}","templated":true}]}}