{"id":102524,"date":"2026-02-11T10:12:42","date_gmt":"2026-02-11T10:12:42","guid":{"rendered":"https:\/\/beta.truzzer.com\/product\/instagram-qr-kode-klistremerke-iconic-hologram-edition\/"},"modified":"2026-02-13T10:31:45","modified_gmt":"2026-02-13T10:31:45","slug":"instagram-qr-kode-klistremerke-iconic-hologram-edition","status":"publish","type":"product","link":"https:\/\/www.truzzer.com\/sv\/produkt\/instagram-qr-kode-klistremerke-iconic-hologram-edition\/","title":{"rendered":"**Instagram QR koddekal &#8221;Iconic&#8221; \u2013 Hologram Edition**"},"content":{"rendered":"<p>\n<strong>Instagram QR Code Sticker &#8221;Iconic&#8221; (Hologram Edition)<\/strong> kombinerar modern design med maximal synlighet.<br \/>\nTack vare sin holografiska effekt reflekterar klisterm\u00e4rket alla regnb\u00e5gens f\u00e4rger beroende p\u00e5 ljuset &#8211; ett riktigt blickf\u00e5ng som sticker ut direkt.\n<\/p>\n<p>\nDin personliga <strong>QR-kod<\/strong> tar kunder direkt till din Instagram-profil.<br \/>\nInget s\u00f6kande, inget skrivande \u2013 en genoms\u00f6kning \u00e4r allt som kr\u00e4vs, och du \u00e4r omedelbart n\u00e4rvarande p\u00e5 din publiks smartphone.\n<\/p>\n<p><strong>F\u00f6rdelar i korthet:<\/strong><\/p>\n<ul>\n<li>\u2728 <strong>Hologramfinish<\/strong> \u2013 en unik look som drar alla \u00f6gon till sig.<\/li>\n<li>\ud83d\udcf2 <strong>Med QR-kod<\/strong> \u2014 direkt tillg\u00e5ng till din Instagram-profil.<\/li>\n<li>\ud83d\udccd <strong>Flexibel placering<\/strong> \u2013 f\u00f6r skyltf\u00f6nster, d\u00f6rrar, speglar, kassautrymmen, produktf\u00f6rpackningar eller evenemang.<\/li>\n<li>\ud83d\udccf <strong>Tillg\u00e4nglig i tre storlekar<\/strong> \u2014 9,5 cm, 14,8 cm, 21 cm.<\/li>\n<li>\ud83c\udde9\ud83c\uddea <strong>Premiumkvalitet<\/strong> \u2014 robust, v\u00e4derbest\u00e4ndig och tillverkad i Tyskland.<\/li>\n<\/ul>\n<p>\nOavsett om det \u00e4r i detaljhandeln, g\u00e4stfriheten, studios eller p\u00e5 evenemang &#8211; detta klisterm\u00e4rke hj\u00e4lper din Instagram-profil att sticka ut.\n<\/p>\n<p>\n\u2705 <strong>Den perfekta blandningen av stil &amp; funktion f\u00f6r ditt f\u00f6retag.<\/strong>\n<\/p>\n<h3>Steg 1: Kunden skannar QR-koden<\/h3>\n<p>\nF\u00f6r att f\u00f6lja dig skannar kunden helt enkelt QR-koden. Allt de beh\u00f6ver g\u00f6ra \u00e4r att rikta sin smartphonekamera mot klisterm\u00e4rket.\n<\/p>\n<p>\n<img decoding=\"async\" class=\"alignnone wp-image-13588 size-full\" src=\"https:\/\/truzzer.de\/wp-content\/uploads\/2020\/12\/truzzer-so-gehts-instagram-scan-11.jpg\" alt=\"\" width=\"1200\" \/ height=\"7\"\n<\/p>\n<p>\nEfter\u00e5t visas ett popup-f\u00f6nster p\u00e5 sk\u00e4rmen (iPhone) eller en QR-kodikon visas (Android \/ Google smartphones).\n<\/p>\n<h3>Steg 2: Kunden tas direkt till din Instagram-profil<\/h3>\n<p>\nInstagram \u00f6ppnas och kunden kan f\u00f6lja dig direkt &#8211; s\u00e5 enkelt.\n<\/p>\n<p>\n<img decoding=\"async\" class=\"alignleft wp-image-13589 size-full\" src=\"https:\/\/truzzer.de\/wp-content\/uploads\/2020\/12\/truzzer-so-gehts-instagram-scan-1.jpg\" alt=\"\" width=\"1200\" \/>=&#8221;792\n<\/p>\n<p><strong>Obs!<\/strong><\/p>\n<p>\nKom ih\u00e5g att en Instagram-profil kr\u00e4vs f\u00f6r att f\u00e5 f\u00f6ljare.<\/p>\n","protected":false},"excerpt":{"rendered":"<p>\nS\u00e4tt din Instagram i rampljuset!<br \/>\nMed <strong>Instagram Iconic Hologram Sticker<\/strong> f\u00e5r du det ultimata blickf\u00e5nget f\u00f6r ditt f\u00f6retag.<br \/>\nDen holografiska designen s\u00e4kerst\u00e4ller maximal uppm\u00e4rksamhet \u2014 och naturligtvis fungerar din QR-kod tillf\u00f6rlitligt.<br \/>\nPerfekt f\u00f6r <strong>skyltf\u00f6nster, d\u00f6rrar, speglar, diskar, f\u00f6rpackningar &amp; evenemang<\/strong>.\n<\/p>\n<p>\nFinns i <strong>3 storlekar<\/strong>: 9,5 cm, 14,8 cm, 21 cm.<\/p>\n","protected":false},"featured_media":102525,"comment_status":"open","ping_status":"closed","template":"","meta":{"_acf_changed":false,"_yoast_wpseo_focuskw":"Instagram QR-kod Klisterm\u00e4rke","_yoast_wpseo_title":"Instagram QR-kode-klistremerke \u201dIconic\u201d \u2013 Holog... | truzzer","_yoast_wpseo_metadesc":"Fler Instagram-f\u00f6ljare med Instagram QR-kode-klistremerke \u201dIconic\u201d \u2013 Hologram Edition fr\u00e5n truzzer. Enkel installation, redo att anv\u00e4nda. Best\u00e4ll nu!"},"product_brand":[1659],"product_cat":[804,847,848,833],"product_tag":[],"class_list":{"0":"post-102524","1":"product","2":"type-product","3":"status-publish","4":"has-post-thumbnail","6":"product_brand-instagram","7":"product_cat-google-recension-kort","8":"product_cat-instagram-foljare-klistermarken","9":"product_cat-instagram-foljare-klistermarken-med-qr-kod","10":"product_cat-instagram-foljare-produkter","11":"pa_material-vinyl","12":"pa_product-type-klistermarke","13":"pa_shape-rond","14":"pa_technology-qr-kod","16":"first","17":"instock","18":"taxable","19":"shipping-taxable","20":"purchasable","21":"product-type-variable","22":"has-default-attributes"},"acf":[],"yoast_head":"<!-- This site is optimized with the Yoast SEO plugin v27.0 - https:\/\/yoast.com\/product\/yoast-seo-wordpress\/ -->\n<title>Instagram QR-kode-klistremerke \u201dIconic\u201d \u2013 Holog... | truzzer<\/title>\n<meta name=\"description\" content=\"Fler Instagram-f\u00f6ljare med Instagram QR-kode-klistremerke \u201dIconic\u201d \u2013 Hologram Edition fr\u00e5n truzzer. Enkel installation, redo att anv\u00e4nda. Best\u00e4ll nu!\" \/>\n<meta name=\"robots\" content=\"index, follow, max-snippet:-1, max-image-preview:large, max-video-preview:-1\" \/>\n<link rel=\"canonical\" href=\"https:\/\/www.truzzer.com\/sv\/produkt\/instagram-qr-kode-klistremerke-iconic-hologram-edition\/\" \/>\n<meta property=\"og:locale\" content=\"sv_SE\" \/>\n<meta property=\"og:type\" content=\"article\" \/>\n<meta property=\"og:title\" content=\"Instagram QR-kode-klistremerke \u201dIconic\u201d \u2013 Holog... | truzzer\" \/>\n<meta property=\"og:description\" content=\"Fler Instagram-f\u00f6ljare med Instagram QR-kode-klistremerke \u201dIconic\u201d \u2013 Hologram Edition fr\u00e5n truzzer. Enkel installation, redo att anv\u00e4nda. Best\u00e4ll nu!\" \/>\n<meta property=\"og:url\" content=\"https:\/\/www.truzzer.com\/sv\/produkt\/instagram-qr-kode-klistremerke-iconic-hologram-edition\/\" \/>\n<meta property=\"og:site_name\" content=\"truzzer\" \/>\n<meta property=\"article:modified_time\" content=\"2026-02-13T10:31:45+00:00\" \/>\n<meta property=\"og:image\" content=\"https:\/\/www.truzzer.com\/wp-content\/uploads\/2026\/02\/holo-sticker-icon-phone-3.jpg\" \/>\n\t<meta property=\"og:image:width\" content=\"1200\" \/>\n\t<meta property=\"og:image:height\" content=\"1200\" \/>\n\t<meta property=\"og:image:type\" content=\"image\/jpeg\" \/>\n<meta name=\"twitter:card\" content=\"summary_large_image\" \/>\n<meta name=\"twitter:label1\" content=\"Ber\u00e4knad l\u00e4stid\" \/>\n\t<meta name=\"twitter:data1\" content=\"1 minut\" \/>\n<script type=\"application\/ld+json\" class=\"yoast-schema-graph\">{\"@context\":\"https:\/\/schema.org\",\"@graph\":[{\"@type\":\"WebPage\",\"@id\":\"https:\/\/www.truzzer.com\/sv\/produkt\/instagram-qr-kode-klistremerke-iconic-hologram-edition\/\",\"url\":\"https:\/\/www.truzzer.com\/sv\/produkt\/instagram-qr-kode-klistremerke-iconic-hologram-edition\/\",\"name\":\"Instagram QR-kode-klistremerke \u201dIconic\u201d \u2013 Holog... | truzzer\",\"isPartOf\":{\"@id\":\"https:\/\/www.truzzer.com\/sv\/#website\"},\"primaryImageOfPage\":{\"@id\":\"https:\/\/www.truzzer.com\/sv\/produkt\/instagram-qr-kode-klistremerke-iconic-hologram-edition\/#primaryimage\"},\"image\":{\"@id\":\"https:\/\/www.truzzer.com\/sv\/produkt\/instagram-qr-kode-klistremerke-iconic-hologram-edition\/#primaryimage\"},\"thumbnailUrl\":\"https:\/\/www.truzzer.com\/wp-content\/uploads\/2026\/02\/holo-sticker-icon-phone-3.jpg\",\"datePublished\":\"2026-02-11T10:12:42+00:00\",\"dateModified\":\"2026-02-13T10:31:45+00:00\",\"description\":\"Fler Instagram-f\u00f6ljare med Instagram QR-kode-klistremerke \u201dIconic\u201d \u2013 Hologram Edition fr\u00e5n truzzer. Enkel installation, redo att anv\u00e4nda. Best\u00e4ll nu!\",\"breadcrumb\":{\"@id\":\"https:\/\/www.truzzer.com\/sv\/produkt\/instagram-qr-kode-klistremerke-iconic-hologram-edition\/#breadcrumb\"},\"inLanguage\":\"sv-SE\",\"potentialAction\":[{\"@type\":\"ReadAction\",\"target\":[\"https:\/\/www.truzzer.com\/sv\/produkt\/instagram-qr-kode-klistremerke-iconic-hologram-edition\/\"]}]},{\"@type\":\"ImageObject\",\"inLanguage\":\"sv-SE\",\"@id\":\"https:\/\/www.truzzer.com\/sv\/produkt\/instagram-qr-kode-klistremerke-iconic-hologram-edition\/#primaryimage\",\"url\":\"https:\/\/www.truzzer.com\/wp-content\/uploads\/2026\/02\/holo-sticker-icon-phone-3.jpg\",\"contentUrl\":\"https:\/\/www.truzzer.com\/wp-content\/uploads\/2026\/02\/holo-sticker-icon-phone-3.jpg\",\"width\":1200,\"height\":1200},{\"@type\":\"BreadcrumbList\",\"@id\":\"https:\/\/www.truzzer.com\/sv\/produkt\/instagram-qr-kode-klistremerke-iconic-hologram-edition\/#breadcrumb\",\"itemListElement\":[{\"@type\":\"ListItem\",\"position\":1,\"name\":\"Home\",\"item\":\"https:\/\/www.truzzer.com\/sv\/\"},{\"@type\":\"ListItem\",\"position\":2,\"name\":\"Butik\",\"item\":\"https:\/\/www.truzzer.com\/sv\/butik\/\"},{\"@type\":\"ListItem\",\"position\":3,\"name\":\"**Instagram QR koddekal &#8221;Iconic&#8221; \u2013 Hologram Edition**\"}]},{\"@type\":\"WebSite\",\"@id\":\"https:\/\/www.truzzer.com\/sv\/#website\",\"url\":\"https:\/\/www.truzzer.com\/sv\/\",\"name\":\"truzzer\",\"description\":\"Experts for customer trust\",\"publisher\":{\"@id\":\"https:\/\/www.truzzer.com\/sv\/#organization\"},\"potentialAction\":[{\"@type\":\"SearchAction\",\"target\":{\"@type\":\"EntryPoint\",\"urlTemplate\":\"https:\/\/www.truzzer.com\/sv\/?s={search_term_string}\"},\"query-input\":{\"@type\":\"PropertyValueSpecification\",\"valueRequired\":true,\"valueName\":\"search_term_string\"}}],\"inLanguage\":\"sv-SE\"},{\"@type\":\"Organization\",\"@id\":\"https:\/\/www.truzzer.com\/sv\/#organization\",\"name\":\"truzzer\",\"url\":\"https:\/\/www.truzzer.com\/sv\/\",\"logo\":{\"@type\":\"ImageObject\",\"inLanguage\":\"sv-SE\",\"@id\":\"https:\/\/www.truzzer.com\/sv\/#\/schema\/logo\/image\/\",\"url\":\"https:\/\/truzzer.com\/wp-content\/uploads\/2026\/01\/truzzer-logo-black-1.svg\",\"contentUrl\":\"https:\/\/truzzer.com\/wp-content\/uploads\/2026\/01\/truzzer-logo-black-1.svg\",\"width\":938,\"height\":199,\"caption\":\"truzzer\"},\"image\":{\"@id\":\"https:\/\/www.truzzer.com\/sv\/#\/schema\/logo\/image\/\"}}]}<\/script>\n<!-- \/ Yoast SEO plugin. -->","yoast_head_json":{"title":"Instagram QR-kode-klistremerke \u201dIconic\u201d \u2013 Holog... | truzzer","description":"Fler Instagram-f\u00f6ljare med Instagram QR-kode-klistremerke \u201dIconic\u201d \u2013 Hologram Edition fr\u00e5n truzzer. Enkel installation, redo att anv\u00e4nda. Best\u00e4ll nu!","robots":{"index":"index","follow":"follow","max-snippet":"max-snippet:-1","max-image-preview":"max-image-preview:large","max-video-preview":"max-video-preview:-1"},"canonical":"https:\/\/www.truzzer.com\/sv\/produkt\/instagram-qr-kode-klistremerke-iconic-hologram-edition\/","og_locale":"sv_SE","og_type":"article","og_title":"Instagram QR-kode-klistremerke \u201dIconic\u201d \u2013 Holog... | truzzer","og_description":"Fler Instagram-f\u00f6ljare med Instagram QR-kode-klistremerke \u201dIconic\u201d \u2013 Hologram Edition fr\u00e5n truzzer. Enkel installation, redo att anv\u00e4nda. Best\u00e4ll nu!","og_url":"https:\/\/www.truzzer.com\/sv\/produkt\/instagram-qr-kode-klistremerke-iconic-hologram-edition\/","og_site_name":"truzzer","article_modified_time":"2026-02-13T10:31:45+00:00","og_image":[{"width":1200,"height":1200,"url":"https:\/\/www.truzzer.com\/wp-content\/uploads\/2026\/02\/holo-sticker-icon-phone-3.jpg","type":"image\/jpeg"}],"twitter_card":"summary_large_image","twitter_misc":{"Ber\u00e4knad l\u00e4stid":"1 minut"},"schema":{"@context":"https:\/\/schema.org","@graph":[{"@type":"WebPage","@id":"https:\/\/www.truzzer.com\/sv\/produkt\/instagram-qr-kode-klistremerke-iconic-hologram-edition\/","url":"https:\/\/www.truzzer.com\/sv\/produkt\/instagram-qr-kode-klistremerke-iconic-hologram-edition\/","name":"Instagram QR-kode-klistremerke \u201dIconic\u201d \u2013 Holog... | truzzer","isPartOf":{"@id":"https:\/\/www.truzzer.com\/sv\/#website"},"primaryImageOfPage":{"@id":"https:\/\/www.truzzer.com\/sv\/produkt\/instagram-qr-kode-klistremerke-iconic-hologram-edition\/#primaryimage"},"image":{"@id":"https:\/\/www.truzzer.com\/sv\/produkt\/instagram-qr-kode-klistremerke-iconic-hologram-edition\/#primaryimage"},"thumbnailUrl":"https:\/\/www.truzzer.com\/wp-content\/uploads\/2026\/02\/holo-sticker-icon-phone-3.jpg","datePublished":"2026-02-11T10:12:42+00:00","dateModified":"2026-02-13T10:31:45+00:00","description":"Fler Instagram-f\u00f6ljare med Instagram QR-kode-klistremerke \u201dIconic\u201d \u2013 Hologram Edition fr\u00e5n truzzer. Enkel installation, redo att anv\u00e4nda. Best\u00e4ll nu!","breadcrumb":{"@id":"https:\/\/www.truzzer.com\/sv\/produkt\/instagram-qr-kode-klistremerke-iconic-hologram-edition\/#breadcrumb"},"inLanguage":"sv-SE","potentialAction":[{"@type":"ReadAction","target":["https:\/\/www.truzzer.com\/sv\/produkt\/instagram-qr-kode-klistremerke-iconic-hologram-edition\/"]}]},{"@type":"ImageObject","inLanguage":"sv-SE","@id":"https:\/\/www.truzzer.com\/sv\/produkt\/instagram-qr-kode-klistremerke-iconic-hologram-edition\/#primaryimage","url":"https:\/\/www.truzzer.com\/wp-content\/uploads\/2026\/02\/holo-sticker-icon-phone-3.jpg","contentUrl":"https:\/\/www.truzzer.com\/wp-content\/uploads\/2026\/02\/holo-sticker-icon-phone-3.jpg","width":1200,"height":1200},{"@type":"BreadcrumbList","@id":"https:\/\/www.truzzer.com\/sv\/produkt\/instagram-qr-kode-klistremerke-iconic-hologram-edition\/#breadcrumb","itemListElement":[{"@type":"ListItem","position":1,"name":"Home","item":"https:\/\/www.truzzer.com\/sv\/"},{"@type":"ListItem","position":2,"name":"Butik","item":"https:\/\/www.truzzer.com\/sv\/butik\/"},{"@type":"ListItem","position":3,"name":"**Instagram QR koddekal &#8221;Iconic&#8221; \u2013 Hologram Edition**"}]},{"@type":"WebSite","@id":"https:\/\/www.truzzer.com\/sv\/#website","url":"https:\/\/www.truzzer.com\/sv\/","name":"truzzer","description":"Experts for customer trust","publisher":{"@id":"https:\/\/www.truzzer.com\/sv\/#organization"},"potentialAction":[{"@type":"SearchAction","target":{"@type":"EntryPoint","urlTemplate":"https:\/\/www.truzzer.com\/sv\/?s={search_term_string}"},"query-input":{"@type":"PropertyValueSpecification","valueRequired":true,"valueName":"search_term_string"}}],"inLanguage":"sv-SE"},{"@type":"Organization","@id":"https:\/\/www.truzzer.com\/sv\/#organization","name":"truzzer","url":"https:\/\/www.truzzer.com\/sv\/","logo":{"@type":"ImageObject","inLanguage":"sv-SE","@id":"https:\/\/www.truzzer.com\/sv\/#\/schema\/logo\/image\/","url":"https:\/\/truzzer.com\/wp-content\/uploads\/2026\/01\/truzzer-logo-black-1.svg","contentUrl":"https:\/\/truzzer.com\/wp-content\/uploads\/2026\/01\/truzzer-logo-black-1.svg","width":938,"height":199,"caption":"truzzer"},"image":{"@id":"https:\/\/www.truzzer.com\/sv\/#\/schema\/logo\/image\/"}}]}},"tiered_pricing_type":"fixed","tiered_pricing_fixed_rules":[],"tiered_pricing_product_settings":{"layout":"default","base_unit_name":{"singular":null,"plural":null},"default_variation":null},"tiered_pricing_minimum_quantity":null,"tiered_pricing_roles_data":[],"tiered_pricing_percentage_rules":[],"tiered_pricing_maximum_quantity":null,"tiered_pricing_quantity_step":null,"_links":{"self":[{"href":"https:\/\/www.truzzer.com\/sv\/wp-json\/wp\/v2\/product\/102524","targetHints":{"allow":["GET"]}}],"collection":[{"href":"https:\/\/www.truzzer.com\/sv\/wp-json\/wp\/v2\/product"}],"about":[{"href":"https:\/\/www.truzzer.com\/sv\/wp-json\/wp\/v2\/types\/product"}],"replies":[{"embeddable":true,"href":"https:\/\/www.truzzer.com\/sv\/wp-json\/wp\/v2\/comments?post=102524"}],"wp:featuredmedia":[{"embeddable":true,"href":"https:\/\/www.truzzer.com\/sv\/wp-json\/wp\/v2\/media\/102525"}],"wp:attachment":[{"href":"https:\/\/www.truzzer.com\/sv\/wp-json\/wp\/v2\/media?parent=102524"}],"wp:term":[{"taxonomy":"product_brand","embeddable":true,"href":"https:\/\/www.truzzer.com\/sv\/wp-json\/wp\/v2\/product_brand?post=102524"},{"taxonomy":"product_cat","embeddable":true,"href":"https:\/\/www.truzzer.com\/sv\/wp-json\/wp\/v2\/product_cat?post=102524"},{"taxonomy":"product_tag","embeddable":true,"href":"https:\/\/www.truzzer.com\/sv\/wp-json\/wp\/v2\/product_tag?post=102524"}],"curies":[{"name":"wp","href":"https:\/\/api.w.org\/{rel}","templated":true}]}}