{"id":102616,"date":"2026-02-11T10:13:14","date_gmt":"2026-02-11T10:13:14","guid":{"rendered":"https:\/\/beta.truzzer.com\/product\/tiktok-follower-qr-code-sticker-label-roll-mer-rekkevidde-med-qr-klistremerker\/"},"modified":"2026-02-13T10:28:04","modified_gmt":"2026-02-13T10:28:04","slug":"tiktok-follower-qr-code-sticker-label-roll-mer-rekkevidde-med-qr-klistremerker","status":"publish","type":"product","link":"https:\/\/www.truzzer.com\/sv\/produkt\/tiktok-follower-qr-code-sticker-label-roll-mer-rekkevidde-med-qr-klistremerker\/","title":{"rendered":"TikTok Follower QR Code Sticker Etikettrulle \u2013 Mer r\u00e4ckvidd med QR Stickers"},"content":{"rendered":"<p>\nMed <strong>Instagram Follower QR Code Label Roll<\/strong> g\u00f6r du det enkelt f\u00f6r kunder och fans att f\u00f6lja dig p\u00e5 Instagram.<br \/>\nVarje klisterm\u00e4rke inneh\u00e5ller en individuell QR-kod som l\u00e4nkar direkt till din Instagram-profil.<br \/>\nDetta hj\u00e4lper dig att f\u00e5 fler f\u00f6ljare, \u00f6ka din r\u00e4ckvidd och st\u00e4rka din community.\n<\/p>\n<p>\nEtiketterna \u00e4r extremt m\u00e5ngsidiga \u2013 perfekta f\u00f6r att <strong>frakta l\u00e5dor, f\u00f6rpackningar, fakturor, butiksdiskar eller evenemang<\/strong>.<br \/>\nBara skala, f\u00e4sta och placera dem d\u00e4r de \u00e4r synliga \u2013 s\u00e5 kan dina kunder hitta och f\u00f6lja dig p\u00e5 Instagram med en snabbskanning.\n<\/p>\n<p><strong>F\u00f6rdelar:<\/strong><\/p>\n<ul>\n<li>N\u00e5 omedelbart fler m\u00e4nniskor och f\u00e5 fler Instagram-f\u00f6ljare<\/li>\n<li>Perfekt f\u00f6r \u00e5terf\u00f6rs\u00e4ljare, restauranger, servicef\u00f6retag &amp; h\u00e4ndelser<\/li>\n<li>L\u00e4mplig f\u00f6r alla sl\u00e4ta ytor<\/li>\n<li>Tillverkad i Tyskland, f\u00f6rstklassig utskriftskvalitet<\/li>\n<li>Finns i tre praktiska storlekar<\/li>\n<\/ul>\n<p>\nMed <strong>Instagram Follower QR Code Labels<\/strong> kopplar du ihop din offlinev\u00e4rld med din onlinegemenskap \u2013 enkelt, modernt och effektivt.<\/p>\n","protected":false},"excerpt":{"rendered":"<p>Perfekt f\u00f6r: f\u00f6rpackningar, fakturor, butiker, restauranger, evenemang.<\/p>\n<ul>\n<li>L\u00e4mplig f\u00f6r alla sl\u00e4ta ytor<\/li>\n<li>Leder direkt till din TikTok-profil<\/li>\n<li>Skanna bara &amp; f\u00f6lj<\/li>\n<li>Skr\u00e4ddarsydda f\u00f6r ditt f\u00f6retag<\/li>\n<li>Tillg\u00e4nglig i tre storlekar<\/li>\n<\/ul>\n","protected":false},"featured_media":102617,"comment_status":"open","ping_status":"closed","template":"","meta":{"_acf_changed":false,"_yoast_wpseo_focuskw":"TikTok QR-kod Klisterm\u00e4rkesrulle","_yoast_wpseo_title":"TikTok Follower QR Code Sticker Label Roll \u2013 Me... | truzzer","_yoast_wpseo_metadesc":"Mer TikTok-r\u00e4ckvidd med TikTok Follower QR Code Sticker Label Roll \u2013 Mer rekkevidde med QR-klistremerker fr\u00e5n truzzer. Enkel installation. Best\u00e4ll nu!"},"product_brand":[1680],"product_cat":[545,1247,630,631],"product_tag":[],"class_list":{"0":"post-102616","1":"product","2":"type-product","3":"status-publish","4":"has-post-thumbnail","6":"product_brand-tiktok","7":"product_cat-qr-kod-klistermarken","8":"product_cat-qr-kod-klistermarkesrullar","9":"product_cat-tiktok-foljare-produkter","10":"product_cat-tiktok-klistermarken","11":"pa_material-vinyl","12":"pa_product-type-sticker-roll","13":"pa_shape-rond","14":"pa_technology-qr-kod","16":"first","17":"instock","18":"taxable","19":"shipping-taxable","20":"purchasable","21":"product-type-variable","22":"has-default-attributes"},"acf":[],"yoast_head":"<!-- This site is optimized with the Yoast SEO plugin v27.0 - https:\/\/yoast.com\/product\/yoast-seo-wordpress\/ -->\n<title>TikTok Follower QR Code Sticker Label Roll \u2013 Me... | truzzer<\/title>\n<meta name=\"description\" content=\"Mer TikTok-r\u00e4ckvidd med TikTok Follower QR Code Sticker Label Roll \u2013 Mer rekkevidde med QR-klistremerker fr\u00e5n truzzer. Enkel installation. Best\u00e4ll nu!\" \/>\n<meta name=\"robots\" content=\"index, follow, max-snippet:-1, max-image-preview:large, max-video-preview:-1\" \/>\n<link rel=\"canonical\" href=\"https:\/\/www.truzzer.com\/sv\/produkt\/tiktok-follower-qr-code-sticker-label-roll-mer-rekkevidde-med-qr-klistremerker\/\" \/>\n<meta property=\"og:locale\" content=\"sv_SE\" \/>\n<meta property=\"og:type\" content=\"article\" \/>\n<meta property=\"og:title\" content=\"TikTok Follower QR Code Sticker Label Roll \u2013 Me... | truzzer\" \/>\n<meta property=\"og:description\" content=\"Mer TikTok-r\u00e4ckvidd med TikTok Follower QR Code Sticker Label Roll \u2013 Mer rekkevidde med QR-klistremerker fr\u00e5n truzzer. Enkel installation. Best\u00e4ll nu!\" \/>\n<meta property=\"og:url\" content=\"https:\/\/www.truzzer.com\/sv\/produkt\/tiktok-follower-qr-code-sticker-label-roll-mer-rekkevidde-med-qr-klistremerker\/\" \/>\n<meta property=\"og:site_name\" content=\"truzzer\" \/>\n<meta property=\"article:modified_time\" content=\"2026-02-13T10:28:04+00:00\" \/>\n<meta property=\"og:image\" content=\"https:\/\/www.truzzer.com\/wp-content\/uploads\/2026\/02\/tiktok-sticker-roll-3-2.jpg\" \/>\n\t<meta property=\"og:image:width\" content=\"1400\" \/>\n\t<meta property=\"og:image:height\" content=\"1400\" \/>\n\t<meta property=\"og:image:type\" content=\"image\/jpeg\" \/>\n<meta name=\"twitter:card\" content=\"summary_large_image\" \/>\n<meta name=\"twitter:label1\" content=\"Ber\u00e4knad l\u00e4stid\" \/>\n\t<meta name=\"twitter:data1\" content=\"1 minut\" \/>\n<script type=\"application\/ld+json\" class=\"yoast-schema-graph\">{\"@context\":\"https:\/\/schema.org\",\"@graph\":[{\"@type\":\"WebPage\",\"@id\":\"https:\/\/www.truzzer.com\/sv\/produkt\/tiktok-follower-qr-code-sticker-label-roll-mer-rekkevidde-med-qr-klistremerker\/\",\"url\":\"https:\/\/www.truzzer.com\/sv\/produkt\/tiktok-follower-qr-code-sticker-label-roll-mer-rekkevidde-med-qr-klistremerker\/\",\"name\":\"TikTok Follower QR Code Sticker Label Roll \u2013 Me... | truzzer\",\"isPartOf\":{\"@id\":\"https:\/\/www.truzzer.com\/sv\/#website\"},\"primaryImageOfPage\":{\"@id\":\"https:\/\/www.truzzer.com\/sv\/produkt\/tiktok-follower-qr-code-sticker-label-roll-mer-rekkevidde-med-qr-klistremerker\/#primaryimage\"},\"image\":{\"@id\":\"https:\/\/www.truzzer.com\/sv\/produkt\/tiktok-follower-qr-code-sticker-label-roll-mer-rekkevidde-med-qr-klistremerker\/#primaryimage\"},\"thumbnailUrl\":\"https:\/\/www.truzzer.com\/wp-content\/uploads\/2026\/02\/tiktok-sticker-roll-3-2.jpg\",\"datePublished\":\"2026-02-11T10:13:14+00:00\",\"dateModified\":\"2026-02-13T10:28:04+00:00\",\"description\":\"Mer TikTok-r\u00e4ckvidd med TikTok Follower QR Code Sticker Label Roll \u2013 Mer rekkevidde med QR-klistremerker fr\u00e5n truzzer. Enkel installation. Best\u00e4ll nu!\",\"breadcrumb\":{\"@id\":\"https:\/\/www.truzzer.com\/sv\/produkt\/tiktok-follower-qr-code-sticker-label-roll-mer-rekkevidde-med-qr-klistremerker\/#breadcrumb\"},\"inLanguage\":\"sv-SE\",\"potentialAction\":[{\"@type\":\"ReadAction\",\"target\":[\"https:\/\/www.truzzer.com\/sv\/produkt\/tiktok-follower-qr-code-sticker-label-roll-mer-rekkevidde-med-qr-klistremerker\/\"]}]},{\"@type\":\"ImageObject\",\"inLanguage\":\"sv-SE\",\"@id\":\"https:\/\/www.truzzer.com\/sv\/produkt\/tiktok-follower-qr-code-sticker-label-roll-mer-rekkevidde-med-qr-klistremerker\/#primaryimage\",\"url\":\"https:\/\/www.truzzer.com\/wp-content\/uploads\/2026\/02\/tiktok-sticker-roll-3-2.jpg\",\"contentUrl\":\"https:\/\/www.truzzer.com\/wp-content\/uploads\/2026\/02\/tiktok-sticker-roll-3-2.jpg\",\"width\":1400,\"height\":1400},{\"@type\":\"BreadcrumbList\",\"@id\":\"https:\/\/www.truzzer.com\/sv\/produkt\/tiktok-follower-qr-code-sticker-label-roll-mer-rekkevidde-med-qr-klistremerker\/#breadcrumb\",\"itemListElement\":[{\"@type\":\"ListItem\",\"position\":1,\"name\":\"Home\",\"item\":\"https:\/\/www.truzzer.com\/sv\/\"},{\"@type\":\"ListItem\",\"position\":2,\"name\":\"Butik\",\"item\":\"https:\/\/www.truzzer.com\/sv\/butik\/\"},{\"@type\":\"ListItem\",\"position\":3,\"name\":\"TikTok Follower QR Code Sticker Etikettrulle \u2013 Mer r\u00e4ckvidd med QR Stickers\"}]},{\"@type\":\"WebSite\",\"@id\":\"https:\/\/www.truzzer.com\/sv\/#website\",\"url\":\"https:\/\/www.truzzer.com\/sv\/\",\"name\":\"truzzer\",\"description\":\"Experts for customer trust\",\"publisher\":{\"@id\":\"https:\/\/www.truzzer.com\/sv\/#organization\"},\"potentialAction\":[{\"@type\":\"SearchAction\",\"target\":{\"@type\":\"EntryPoint\",\"urlTemplate\":\"https:\/\/www.truzzer.com\/sv\/?s={search_term_string}\"},\"query-input\":{\"@type\":\"PropertyValueSpecification\",\"valueRequired\":true,\"valueName\":\"search_term_string\"}}],\"inLanguage\":\"sv-SE\"},{\"@type\":\"Organization\",\"@id\":\"https:\/\/www.truzzer.com\/sv\/#organization\",\"name\":\"truzzer\",\"url\":\"https:\/\/www.truzzer.com\/sv\/\",\"logo\":{\"@type\":\"ImageObject\",\"inLanguage\":\"sv-SE\",\"@id\":\"https:\/\/www.truzzer.com\/sv\/#\/schema\/logo\/image\/\",\"url\":\"https:\/\/truzzer.com\/wp-content\/uploads\/2026\/01\/truzzer-logo-black-1.svg\",\"contentUrl\":\"https:\/\/truzzer.com\/wp-content\/uploads\/2026\/01\/truzzer-logo-black-1.svg\",\"width\":938,\"height\":199,\"caption\":\"truzzer\"},\"image\":{\"@id\":\"https:\/\/www.truzzer.com\/sv\/#\/schema\/logo\/image\/\"}}]}<\/script>\n<!-- \/ Yoast SEO plugin. -->","yoast_head_json":{"title":"TikTok Follower QR Code Sticker Label Roll \u2013 Me... | truzzer","description":"Mer TikTok-r\u00e4ckvidd med TikTok Follower QR Code Sticker Label Roll \u2013 Mer rekkevidde med QR-klistremerker fr\u00e5n truzzer. Enkel installation. Best\u00e4ll nu!","robots":{"index":"index","follow":"follow","max-snippet":"max-snippet:-1","max-image-preview":"max-image-preview:large","max-video-preview":"max-video-preview:-1"},"canonical":"https:\/\/www.truzzer.com\/sv\/produkt\/tiktok-follower-qr-code-sticker-label-roll-mer-rekkevidde-med-qr-klistremerker\/","og_locale":"sv_SE","og_type":"article","og_title":"TikTok Follower QR Code Sticker Label Roll \u2013 Me... | truzzer","og_description":"Mer TikTok-r\u00e4ckvidd med TikTok Follower QR Code Sticker Label Roll \u2013 Mer rekkevidde med QR-klistremerker fr\u00e5n truzzer. Enkel installation. Best\u00e4ll nu!","og_url":"https:\/\/www.truzzer.com\/sv\/produkt\/tiktok-follower-qr-code-sticker-label-roll-mer-rekkevidde-med-qr-klistremerker\/","og_site_name":"truzzer","article_modified_time":"2026-02-13T10:28:04+00:00","og_image":[{"width":1400,"height":1400,"url":"https:\/\/www.truzzer.com\/wp-content\/uploads\/2026\/02\/tiktok-sticker-roll-3-2.jpg","type":"image\/jpeg"}],"twitter_card":"summary_large_image","twitter_misc":{"Ber\u00e4knad l\u00e4stid":"1 minut"},"schema":{"@context":"https:\/\/schema.org","@graph":[{"@type":"WebPage","@id":"https:\/\/www.truzzer.com\/sv\/produkt\/tiktok-follower-qr-code-sticker-label-roll-mer-rekkevidde-med-qr-klistremerker\/","url":"https:\/\/www.truzzer.com\/sv\/produkt\/tiktok-follower-qr-code-sticker-label-roll-mer-rekkevidde-med-qr-klistremerker\/","name":"TikTok Follower QR Code Sticker Label Roll \u2013 Me... | truzzer","isPartOf":{"@id":"https:\/\/www.truzzer.com\/sv\/#website"},"primaryImageOfPage":{"@id":"https:\/\/www.truzzer.com\/sv\/produkt\/tiktok-follower-qr-code-sticker-label-roll-mer-rekkevidde-med-qr-klistremerker\/#primaryimage"},"image":{"@id":"https:\/\/www.truzzer.com\/sv\/produkt\/tiktok-follower-qr-code-sticker-label-roll-mer-rekkevidde-med-qr-klistremerker\/#primaryimage"},"thumbnailUrl":"https:\/\/www.truzzer.com\/wp-content\/uploads\/2026\/02\/tiktok-sticker-roll-3-2.jpg","datePublished":"2026-02-11T10:13:14+00:00","dateModified":"2026-02-13T10:28:04+00:00","description":"Mer TikTok-r\u00e4ckvidd med TikTok Follower QR Code Sticker Label Roll \u2013 Mer rekkevidde med QR-klistremerker fr\u00e5n truzzer. Enkel installation. Best\u00e4ll nu!","breadcrumb":{"@id":"https:\/\/www.truzzer.com\/sv\/produkt\/tiktok-follower-qr-code-sticker-label-roll-mer-rekkevidde-med-qr-klistremerker\/#breadcrumb"},"inLanguage":"sv-SE","potentialAction":[{"@type":"ReadAction","target":["https:\/\/www.truzzer.com\/sv\/produkt\/tiktok-follower-qr-code-sticker-label-roll-mer-rekkevidde-med-qr-klistremerker\/"]}]},{"@type":"ImageObject","inLanguage":"sv-SE","@id":"https:\/\/www.truzzer.com\/sv\/produkt\/tiktok-follower-qr-code-sticker-label-roll-mer-rekkevidde-med-qr-klistremerker\/#primaryimage","url":"https:\/\/www.truzzer.com\/wp-content\/uploads\/2026\/02\/tiktok-sticker-roll-3-2.jpg","contentUrl":"https:\/\/www.truzzer.com\/wp-content\/uploads\/2026\/02\/tiktok-sticker-roll-3-2.jpg","width":1400,"height":1400},{"@type":"BreadcrumbList","@id":"https:\/\/www.truzzer.com\/sv\/produkt\/tiktok-follower-qr-code-sticker-label-roll-mer-rekkevidde-med-qr-klistremerker\/#breadcrumb","itemListElement":[{"@type":"ListItem","position":1,"name":"Home","item":"https:\/\/www.truzzer.com\/sv\/"},{"@type":"ListItem","position":2,"name":"Butik","item":"https:\/\/www.truzzer.com\/sv\/butik\/"},{"@type":"ListItem","position":3,"name":"TikTok Follower QR Code Sticker Etikettrulle \u2013 Mer r\u00e4ckvidd med QR Stickers"}]},{"@type":"WebSite","@id":"https:\/\/www.truzzer.com\/sv\/#website","url":"https:\/\/www.truzzer.com\/sv\/","name":"truzzer","description":"Experts for customer trust","publisher":{"@id":"https:\/\/www.truzzer.com\/sv\/#organization"},"potentialAction":[{"@type":"SearchAction","target":{"@type":"EntryPoint","urlTemplate":"https:\/\/www.truzzer.com\/sv\/?s={search_term_string}"},"query-input":{"@type":"PropertyValueSpecification","valueRequired":true,"valueName":"search_term_string"}}],"inLanguage":"sv-SE"},{"@type":"Organization","@id":"https:\/\/www.truzzer.com\/sv\/#organization","name":"truzzer","url":"https:\/\/www.truzzer.com\/sv\/","logo":{"@type":"ImageObject","inLanguage":"sv-SE","@id":"https:\/\/www.truzzer.com\/sv\/#\/schema\/logo\/image\/","url":"https:\/\/truzzer.com\/wp-content\/uploads\/2026\/01\/truzzer-logo-black-1.svg","contentUrl":"https:\/\/truzzer.com\/wp-content\/uploads\/2026\/01\/truzzer-logo-black-1.svg","width":938,"height":199,"caption":"truzzer"},"image":{"@id":"https:\/\/www.truzzer.com\/sv\/#\/schema\/logo\/image\/"}}]}},"tiered_pricing_type":"fixed","tiered_pricing_fixed_rules":[],"tiered_pricing_product_settings":{"layout":"default","base_unit_name":{"singular":null,"plural":null},"default_variation":null},"tiered_pricing_minimum_quantity":null,"tiered_pricing_roles_data":[],"tiered_pricing_percentage_rules":[],"tiered_pricing_maximum_quantity":null,"tiered_pricing_quantity_step":null,"_links":{"self":[{"href":"https:\/\/www.truzzer.com\/sv\/wp-json\/wp\/v2\/product\/102616","targetHints":{"allow":["GET"]}}],"collection":[{"href":"https:\/\/www.truzzer.com\/sv\/wp-json\/wp\/v2\/product"}],"about":[{"href":"https:\/\/www.truzzer.com\/sv\/wp-json\/wp\/v2\/types\/product"}],"replies":[{"embeddable":true,"href":"https:\/\/www.truzzer.com\/sv\/wp-json\/wp\/v2\/comments?post=102616"}],"wp:featuredmedia":[{"embeddable":true,"href":"https:\/\/www.truzzer.com\/sv\/wp-json\/wp\/v2\/media\/102617"}],"wp:attachment":[{"href":"https:\/\/www.truzzer.com\/sv\/wp-json\/wp\/v2\/media?parent=102616"}],"wp:term":[{"taxonomy":"product_brand","embeddable":true,"href":"https:\/\/www.truzzer.com\/sv\/wp-json\/wp\/v2\/product_brand?post=102616"},{"taxonomy":"product_cat","embeddable":true,"href":"https:\/\/www.truzzer.com\/sv\/wp-json\/wp\/v2\/product_cat?post=102616"},{"taxonomy":"product_tag","embeddable":true,"href":"https:\/\/www.truzzer.com\/sv\/wp-json\/wp\/v2\/product_tag?post=102616"}],"curies":[{"name":"wp","href":"https:\/\/api.w.org\/{rel}","templated":true}]}}