{"id":102678,"date":"2026-02-11T10:14:57","date_gmt":"2026-02-11T10:14:57","guid":{"rendered":"https:\/\/beta.truzzer.com\/product\/google-anmeldelse-qr-kode-visittkorttelefon\/"},"modified":"2026-02-13T10:24:16","modified_gmt":"2026-02-13T10:24:16","slug":"google-anmeldelse-qr-kode-visittkorttelefon","status":"publish","type":"product","link":"https:\/\/www.truzzer.com\/sv\/produkt\/google-anmeldelse-qr-kode-visittkorttelefon\/","title":{"rendered":"Google Recension QR Kod Visitkort Telefon"},"content":{"rendered":"<h2>Google Recension QR Code Visit Card \u2013 PHONE Edition<\/h2>\n<p><strong>Truzzer PHONE Edition<\/strong> \u00e4r det moderna n\u00e4sta generations recensionsvisitkort.<br \/>\nSpeciellt utformad f\u00f6r en enast\u00e5ende <strong>mobil kundupplevelse<\/strong>, tar den ditt f\u00f6retag direkt till dina kunders smartphones med en enda skanning \u2014<br \/>\noch d\u00e4rifr\u00e5n direkt till din <strong>sida f\u00f6r Google-recensioner<\/strong>.<br \/>\nPerfekt f\u00f6r alla som vill presentera sitt varum\u00e4rke som mobilt f\u00f6rst, digitalt och framtidsredo.<\/p>\n<h3>Den smarta l\u00f6sningen f\u00f6r mobilrecensioner<\/h3>\n<p>Med <strong>QR Code Business Card PHONE Edition<\/strong> m\u00f6ter du dina kunder d\u00e4r de redan \u00e4r \u2013 p\u00e5 deras telefoner.<br \/>\nSkanna, granska, gjort.<br \/>\nOavsett om det \u00e4r i butik, p\u00e5 en restaurang, p\u00e5 m\u00e4ssor eller p\u00e5 spr\u00e5ng \u2013 kunder kan l\u00e4mna en recension p\u00e5 n\u00e5gra sekunder, utan att installera en app eller s\u00f6ka efter din annons.<\/p>\n<ul>\n<li><strong>Modern, minimalistisk design<\/strong> i smarttelefonutseende<\/li>\n<li><strong>Omedelbar QR-kod\u00e5tkomst<\/strong> till din Google-recensionssida<\/li>\n<li><strong>Individuellt konfigurerad<\/strong> med ditt f\u00f6retagsnamn och logotyp<\/li>\n<li><strong>Fullst\u00e4ndigt konfigurerat &amp; redo att anv\u00e4ndas<\/strong> direkt<\/li>\n<li><strong>Perfekt f\u00f6r mobila tj\u00e4nsteleverant\u00f6rer, g\u00e4stfrihet, sk\u00f6nhet &amp; evenemang<\/strong><\/li>\n<li><strong>Tillverkad i Tyskland<\/strong> \u2014 h\u00f6g kvalitet, testad och personlig<\/li>\n<\/ul>\n<h3>S\u00e5 fungerar det<\/h3>\n<p>1. Du anger ditt f\u00f6retagsnamn n\u00e4r du g\u00f6r din best\u00e4llning.<br \/>\n2. Vi skapar din individuella <strong>Google recensionsl\u00e4nk<\/strong> och QR-kod.<br \/>\n3. Ditt kort \u00e4r f\u00e4rdigst\u00e4llt och skickas direkt till dig.<\/p>\n<p>Kunder skannar helt enkelt QR-koden med sin smartphonekamera och landar direkt p\u00e5 din recensionssida \u2014<br \/>\ninga omv\u00e4gar, ingen inloggning kr\u00e4vs och inga tekniska hinder.<\/p>\n<h3>Varf\u00f6r PHONE Edition<\/h3>\n<p>PHONE Edition designades speciellt f\u00f6r mobil anv\u00e4ndning.<br \/>\nDen kombinerar det v\u00e4lbekanta utseendet hos ett smartphone-gr\u00e4nssnitt med den <strong>enklaste granskningsprocessen i v\u00e4rlden<\/strong>.<br \/>\nDesignen \u00e4r intuitiv, i\u00f6gonfallande och uppmuntrar aktivt kunder att l\u00e4mna en recension direkt.<\/p>\n<h3>F\u00f6rdelar f\u00f6r ditt f\u00f6retag<\/h3>\n<ul>\n<li>Fler <strong>riktiga 5-stj\u00e4rniga recensioner<\/strong> p\u00e5 kortare tid<\/li>\n<li>St\u00e4rkare <strong>synlighet p\u00e5 Google<\/strong> och f\u00f6rb\u00e4ttrad ranking<\/li>\n<li>St\u00f6rre f\u00f6rtroende fr\u00e5n nya kunder<\/li>\n<li>Mindre anstr\u00e4ngning f\u00f6r ditt team \u2013 kortet g\u00f6r marknadsf\u00f6ringen \u00e5t dig<\/li>\n<\/ul>\n<h3>Varf\u00f6r Truzzer<\/h3>\n<p>Som <strong>marknadsledare och uppfinnare<\/strong> av QR &amp; NFC produkter f\u00f6r Google recensioner,<br \/>\nTruzzer levererar allt klart f\u00f6r anv\u00e4ndning: fr\u00e5n din personliga recensionsl\u00e4nk och design till den slutliga, testade produkten.<br \/>\nV\u00e5ra produkter anv\u00e4nds \u00f6ver hela Tyskland \u2014 fr\u00e5n sm\u00e5 lokala f\u00f6retag till stora kedjor.<\/p>\n<ul>\n<li>Uppfinnare &amp; marknadsledare i Tyskland<\/li>\n<li>Tysk support &amp; personliga inst\u00e4llningar<\/li>\n<li>H\u00f6gsta betyg p\u00e5 Google<\/li>\n<li>Kompatibel med alla smartphones<\/li>\n<li>Ingen prenumeration, ingen app, ingen teknisk kunskap kr\u00e4vs<\/li>\n<\/ul>\n<h3>Tekniska detaljer<\/h3>\n<ul>\n<li>Storlek: kreditkortsformat i en smartphone-inspirerad design<\/li>\n<li>Material: slitstarkt plastkort, valfri matt eller glansig yta<\/li>\n<li>Teknik: QR-kod (valfri NFC-kombination tillg\u00e4nglig)<\/li>\n<li>L\u00e4nkning: direktl\u00e4nk till din Google-recensionsprofil<\/li>\n<li>Anpassning: logotyp, f\u00f6retagsnamn &amp; f\u00e4rgkoncept<\/li>\n<\/ul>\n<h3>Slutsats<\/h3>\n<p><strong>Google Review QR Code Visit Card \u2013 PHONE Edition<\/strong> \u00e4r det perfekta verktyget<br \/>\natt generera recensioner direkt vid f\u00f6rs\u00e4ljningsst\u00e4llet eller i personliga interaktioner.<br \/>\nModern design m\u00f6ter m\u00e4tbar effekt \u2013 f\u00f6r mer r\u00e4ckvidd, f\u00f6rtroende och tillv\u00e4xt.<\/p>\n<hr \/>\n<p><strong>Best\u00e4ll nu \u2014 inklusive QR-kod &amp; fullst\u00e4ndig installation.<\/strong><br \/>\nG\u00f6r v\u00e4gen till din n\u00e4sta 5-stj\u00e4rniga recension lika enkel som en smartphoneskanning.<\/p>\n","protected":false},"excerpt":{"rendered":"<h2>\n  <img decoding=\"async\" class=\"alignnone size-full wp-image-56732\" src=\"https:\/\/truzzer.com\/wp-content\/uploads\/2026\/02\/qrscan-ezgif.com-video-to-webp-converter-1.webp\" alt=\"\" width=\"150\" height>1<br \/>\n<\/h2>\n<h2>F\u00e5 enkelt fler Google-recensioner med Google Review QR Code-visitkort<\/h2>\n<p>Uppt\u00e4ck de nya standardvisitkorten som \u00e4r utformade f\u00f6r att hj\u00e4lpa dig samla in fler Google-recensioner \u2014 i ett rent, modernt utseende som passar s\u00f6ml\u00f6st in i alla f\u00f6retag.<\/p>\n<p>Med v\u00e5ra Google Review QR Code visitkort kan du f\u00e5 fler Google recensioner p\u00e5 nolltid.<\/p>\n<p>Allt dina kunder beh\u00f6ver g\u00f6ra \u00e4r att skanna QR-koden med sin smartphonekamera &#8211; och de kommer att tas direkt till din Google recensionssida.<\/p>\n<p>Ange \u00e4ven din f\u00f6retagsadress och f\u00f6retagsnamn i konfigurationsf\u00e4ltet. Med hj\u00e4lp av denna information skapar vi din individuella recensionsl\u00e4nk \u00e5t dig \u2013 s\u00e5 att du inte beh\u00f6ver oroa dig f\u00f6r n\u00e5gonting.<\/p>\n","protected":false},"featured_media":102780,"comment_status":"closed","ping_status":"closed","template":"","meta":{"_acf_changed":false,"_yoast_wpseo_focuskw":"Google Recension Visitkort","_yoast_wpseo_title":"Google anmeldelse QR-kode visittkorttelefon | truzzer","_yoast_wpseo_metadesc":"Fler 5-stj\u00e4rniga Google-recensioner med Google anmeldelse QR-kode visittkorttelefon fr\u00e5n truzzer. Enkel installation, redo att anv\u00e4nda. Best\u00e4ll nu!"},"product_brand":[1657],"product_cat":[803,819,820,544,616],"product_tag":[],"class_list":{"0":"post-102678","1":"product","2":"type-product","3":"status-publish","4":"has-post-thumbnail","6":"product_brand-google","7":"product_cat-google-recension-produkter","8":"product_cat-google-recension-visitkort","9":"product_cat-google-recension-visitkort-med-qr-kod","10":"product_cat-qr-kod-produkter","11":"product_cat-qr-kod-visitkort","12":"pa_material-karton","13":"pa_orientation-portrett","14":"pa_placement-bon","15":"pa_placement-broschyr","16":"pa_placement-lommebok-personlig","17":"pa_placement-portemonnee-personlijk","18":"pa_product-type-visitekaartjes","19":"pa_shape-rechthoek","20":"pa_technology-qr-kod","22":"first","23":"instock","24":"taxable","25":"shipping-taxable","26":"purchasable","27":"product-type-simple"},"acf":[],"yoast_head":"<!-- This site is optimized with the Yoast SEO plugin v27.0 - https:\/\/yoast.com\/product\/yoast-seo-wordpress\/ -->\n<title>Google anmeldelse QR-kode visittkorttelefon | truzzer<\/title>\n<meta name=\"description\" content=\"Fler 5-stj\u00e4rniga Google-recensioner med Google anmeldelse QR-kode visittkorttelefon fr\u00e5n truzzer. Enkel installation, redo att anv\u00e4nda. Best\u00e4ll nu!\" \/>\n<meta name=\"robots\" content=\"index, follow, max-snippet:-1, max-image-preview:large, max-video-preview:-1\" \/>\n<link rel=\"canonical\" href=\"https:\/\/www.truzzer.com\/sv\/produkt\/google-anmeldelse-qr-kode-visittkorttelefon\/\" \/>\n<meta property=\"og:locale\" content=\"sv_SE\" \/>\n<meta property=\"og:type\" content=\"article\" \/>\n<meta property=\"og:title\" content=\"Google anmeldelse QR-kode visittkorttelefon | truzzer\" \/>\n<meta property=\"og:description\" content=\"Fler 5-stj\u00e4rniga Google-recensioner med Google anmeldelse QR-kode visittkorttelefon fr\u00e5n truzzer. Enkel installation, redo att anv\u00e4nda. Best\u00e4ll nu!\" \/>\n<meta property=\"og:url\" content=\"https:\/\/www.truzzer.com\/sv\/produkt\/google-anmeldelse-qr-kode-visittkorttelefon\/\" \/>\n<meta property=\"og:site_name\" content=\"truzzer\" \/>\n<meta property=\"article:modified_time\" content=\"2026-02-13T10:24:16+00:00\" \/>\n<meta property=\"og:image\" content=\"https:\/\/www.truzzer.com\/wp-content\/uploads\/2026\/02\/Google-Bewertung-QR-Code-VIsitenkarte-Phone-2-empfehlio-3-en.jpg\" \/>\n\t<meta property=\"og:image:width\" content=\"1024\" \/>\n\t<meta property=\"og:image:height\" content=\"1024\" \/>\n\t<meta property=\"og:image:type\" content=\"image\/jpeg\" \/>\n<meta name=\"twitter:card\" content=\"summary_large_image\" \/>\n<meta name=\"twitter:label1\" content=\"Ber\u00e4knad l\u00e4stid\" \/>\n\t<meta name=\"twitter:data1\" content=\"3 minuter\" \/>\n<script type=\"application\/ld+json\" class=\"yoast-schema-graph\">{\"@context\":\"https:\/\/schema.org\",\"@graph\":[{\"@type\":\"WebPage\",\"@id\":\"https:\/\/www.truzzer.com\/sv\/produkt\/google-anmeldelse-qr-kode-visittkorttelefon\/\",\"url\":\"https:\/\/www.truzzer.com\/sv\/produkt\/google-anmeldelse-qr-kode-visittkorttelefon\/\",\"name\":\"Google anmeldelse QR-kode visittkorttelefon | truzzer\",\"isPartOf\":{\"@id\":\"https:\/\/www.truzzer.com\/sv\/#website\"},\"primaryImageOfPage\":{\"@id\":\"https:\/\/www.truzzer.com\/sv\/produkt\/google-anmeldelse-qr-kode-visittkorttelefon\/#primaryimage\"},\"image\":{\"@id\":\"https:\/\/www.truzzer.com\/sv\/produkt\/google-anmeldelse-qr-kode-visittkorttelefon\/#primaryimage\"},\"thumbnailUrl\":\"https:\/\/www.truzzer.com\/wp-content\/uploads\/2026\/02\/Google-Bewertung-QR-Code-VIsitenkarte-Phone-2-empfehlio-3-en.jpg\",\"datePublished\":\"2026-02-11T10:14:57+00:00\",\"dateModified\":\"2026-02-13T10:24:16+00:00\",\"description\":\"Fler 5-stj\u00e4rniga Google-recensioner med Google anmeldelse QR-kode visittkorttelefon fr\u00e5n truzzer. Enkel installation, redo att anv\u00e4nda. Best\u00e4ll nu!\",\"breadcrumb\":{\"@id\":\"https:\/\/www.truzzer.com\/sv\/produkt\/google-anmeldelse-qr-kode-visittkorttelefon\/#breadcrumb\"},\"inLanguage\":\"sv-SE\",\"potentialAction\":[{\"@type\":\"ReadAction\",\"target\":[\"https:\/\/www.truzzer.com\/sv\/produkt\/google-anmeldelse-qr-kode-visittkorttelefon\/\"]}]},{\"@type\":\"ImageObject\",\"inLanguage\":\"sv-SE\",\"@id\":\"https:\/\/www.truzzer.com\/sv\/produkt\/google-anmeldelse-qr-kode-visittkorttelefon\/#primaryimage\",\"url\":\"https:\/\/www.truzzer.com\/wp-content\/uploads\/2026\/02\/Google-Bewertung-QR-Code-VIsitenkarte-Phone-2-empfehlio-3-en.jpg\",\"contentUrl\":\"https:\/\/www.truzzer.com\/wp-content\/uploads\/2026\/02\/Google-Bewertung-QR-Code-VIsitenkarte-Phone-2-empfehlio-3-en.jpg\",\"width\":1024,\"height\":1024},{\"@type\":\"BreadcrumbList\",\"@id\":\"https:\/\/www.truzzer.com\/sv\/produkt\/google-anmeldelse-qr-kode-visittkorttelefon\/#breadcrumb\",\"itemListElement\":[{\"@type\":\"ListItem\",\"position\":1,\"name\":\"Home\",\"item\":\"https:\/\/www.truzzer.com\/sv\/\"},{\"@type\":\"ListItem\",\"position\":2,\"name\":\"Butik\",\"item\":\"https:\/\/www.truzzer.com\/sv\/butik\/\"},{\"@type\":\"ListItem\",\"position\":3,\"name\":\"Google Recension QR Kod Visitkort Telefon\"}]},{\"@type\":\"WebSite\",\"@id\":\"https:\/\/www.truzzer.com\/sv\/#website\",\"url\":\"https:\/\/www.truzzer.com\/sv\/\",\"name\":\"truzzer\",\"description\":\"Experts for customer trust\",\"publisher\":{\"@id\":\"https:\/\/www.truzzer.com\/sv\/#organization\"},\"potentialAction\":[{\"@type\":\"SearchAction\",\"target\":{\"@type\":\"EntryPoint\",\"urlTemplate\":\"https:\/\/www.truzzer.com\/sv\/?s={search_term_string}\"},\"query-input\":{\"@type\":\"PropertyValueSpecification\",\"valueRequired\":true,\"valueName\":\"search_term_string\"}}],\"inLanguage\":\"sv-SE\"},{\"@type\":\"Organization\",\"@id\":\"https:\/\/www.truzzer.com\/sv\/#organization\",\"name\":\"truzzer\",\"url\":\"https:\/\/www.truzzer.com\/sv\/\",\"logo\":{\"@type\":\"ImageObject\",\"inLanguage\":\"sv-SE\",\"@id\":\"https:\/\/www.truzzer.com\/sv\/#\/schema\/logo\/image\/\",\"url\":\"https:\/\/truzzer.com\/wp-content\/uploads\/2026\/01\/truzzer-logo-black-1.svg\",\"contentUrl\":\"https:\/\/truzzer.com\/wp-content\/uploads\/2026\/01\/truzzer-logo-black-1.svg\",\"width\":938,\"height\":199,\"caption\":\"truzzer\"},\"image\":{\"@id\":\"https:\/\/www.truzzer.com\/sv\/#\/schema\/logo\/image\/\"}}]}<\/script>\n<!-- \/ Yoast SEO plugin. -->","yoast_head_json":{"title":"Google anmeldelse QR-kode visittkorttelefon | truzzer","description":"Fler 5-stj\u00e4rniga Google-recensioner med Google anmeldelse QR-kode visittkorttelefon fr\u00e5n truzzer. Enkel installation, redo att anv\u00e4nda. Best\u00e4ll nu!","robots":{"index":"index","follow":"follow","max-snippet":"max-snippet:-1","max-image-preview":"max-image-preview:large","max-video-preview":"max-video-preview:-1"},"canonical":"https:\/\/www.truzzer.com\/sv\/produkt\/google-anmeldelse-qr-kode-visittkorttelefon\/","og_locale":"sv_SE","og_type":"article","og_title":"Google anmeldelse QR-kode visittkorttelefon | truzzer","og_description":"Fler 5-stj\u00e4rniga Google-recensioner med Google anmeldelse QR-kode visittkorttelefon fr\u00e5n truzzer. Enkel installation, redo att anv\u00e4nda. Best\u00e4ll nu!","og_url":"https:\/\/www.truzzer.com\/sv\/produkt\/google-anmeldelse-qr-kode-visittkorttelefon\/","og_site_name":"truzzer","article_modified_time":"2026-02-13T10:24:16+00:00","og_image":[{"width":1024,"height":1024,"url":"https:\/\/www.truzzer.com\/wp-content\/uploads\/2026\/02\/Google-Bewertung-QR-Code-VIsitenkarte-Phone-2-empfehlio-3-en.jpg","type":"image\/jpeg"}],"twitter_card":"summary_large_image","twitter_misc":{"Ber\u00e4knad l\u00e4stid":"3 minuter"},"schema":{"@context":"https:\/\/schema.org","@graph":[{"@type":"WebPage","@id":"https:\/\/www.truzzer.com\/sv\/produkt\/google-anmeldelse-qr-kode-visittkorttelefon\/","url":"https:\/\/www.truzzer.com\/sv\/produkt\/google-anmeldelse-qr-kode-visittkorttelefon\/","name":"Google anmeldelse QR-kode visittkorttelefon | truzzer","isPartOf":{"@id":"https:\/\/www.truzzer.com\/sv\/#website"},"primaryImageOfPage":{"@id":"https:\/\/www.truzzer.com\/sv\/produkt\/google-anmeldelse-qr-kode-visittkorttelefon\/#primaryimage"},"image":{"@id":"https:\/\/www.truzzer.com\/sv\/produkt\/google-anmeldelse-qr-kode-visittkorttelefon\/#primaryimage"},"thumbnailUrl":"https:\/\/www.truzzer.com\/wp-content\/uploads\/2026\/02\/Google-Bewertung-QR-Code-VIsitenkarte-Phone-2-empfehlio-3-en.jpg","datePublished":"2026-02-11T10:14:57+00:00","dateModified":"2026-02-13T10:24:16+00:00","description":"Fler 5-stj\u00e4rniga Google-recensioner med Google anmeldelse QR-kode visittkorttelefon fr\u00e5n truzzer. Enkel installation, redo att anv\u00e4nda. Best\u00e4ll nu!","breadcrumb":{"@id":"https:\/\/www.truzzer.com\/sv\/produkt\/google-anmeldelse-qr-kode-visittkorttelefon\/#breadcrumb"},"inLanguage":"sv-SE","potentialAction":[{"@type":"ReadAction","target":["https:\/\/www.truzzer.com\/sv\/produkt\/google-anmeldelse-qr-kode-visittkorttelefon\/"]}]},{"@type":"ImageObject","inLanguage":"sv-SE","@id":"https:\/\/www.truzzer.com\/sv\/produkt\/google-anmeldelse-qr-kode-visittkorttelefon\/#primaryimage","url":"https:\/\/www.truzzer.com\/wp-content\/uploads\/2026\/02\/Google-Bewertung-QR-Code-VIsitenkarte-Phone-2-empfehlio-3-en.jpg","contentUrl":"https:\/\/www.truzzer.com\/wp-content\/uploads\/2026\/02\/Google-Bewertung-QR-Code-VIsitenkarte-Phone-2-empfehlio-3-en.jpg","width":1024,"height":1024},{"@type":"BreadcrumbList","@id":"https:\/\/www.truzzer.com\/sv\/produkt\/google-anmeldelse-qr-kode-visittkorttelefon\/#breadcrumb","itemListElement":[{"@type":"ListItem","position":1,"name":"Home","item":"https:\/\/www.truzzer.com\/sv\/"},{"@type":"ListItem","position":2,"name":"Butik","item":"https:\/\/www.truzzer.com\/sv\/butik\/"},{"@type":"ListItem","position":3,"name":"Google Recension QR Kod Visitkort Telefon"}]},{"@type":"WebSite","@id":"https:\/\/www.truzzer.com\/sv\/#website","url":"https:\/\/www.truzzer.com\/sv\/","name":"truzzer","description":"Experts for customer trust","publisher":{"@id":"https:\/\/www.truzzer.com\/sv\/#organization"},"potentialAction":[{"@type":"SearchAction","target":{"@type":"EntryPoint","urlTemplate":"https:\/\/www.truzzer.com\/sv\/?s={search_term_string}"},"query-input":{"@type":"PropertyValueSpecification","valueRequired":true,"valueName":"search_term_string"}}],"inLanguage":"sv-SE"},{"@type":"Organization","@id":"https:\/\/www.truzzer.com\/sv\/#organization","name":"truzzer","url":"https:\/\/www.truzzer.com\/sv\/","logo":{"@type":"ImageObject","inLanguage":"sv-SE","@id":"https:\/\/www.truzzer.com\/sv\/#\/schema\/logo\/image\/","url":"https:\/\/truzzer.com\/wp-content\/uploads\/2026\/01\/truzzer-logo-black-1.svg","contentUrl":"https:\/\/truzzer.com\/wp-content\/uploads\/2026\/01\/truzzer-logo-black-1.svg","width":938,"height":199,"caption":"truzzer"},"image":{"@id":"https:\/\/www.truzzer.com\/sv\/#\/schema\/logo\/image\/"}}]}},"tiered_pricing_type":"fixed","tiered_pricing_fixed_rules":[],"tiered_pricing_product_settings":{"layout":"default","base_unit_name":{"singular":null,"plural":null},"default_variation":null},"tiered_pricing_minimum_quantity":null,"tiered_pricing_roles_data":[],"tiered_pricing_percentage_rules":[],"tiered_pricing_maximum_quantity":null,"tiered_pricing_quantity_step":null,"_links":{"self":[{"href":"https:\/\/www.truzzer.com\/sv\/wp-json\/wp\/v2\/product\/102678","targetHints":{"allow":["GET"]}}],"collection":[{"href":"https:\/\/www.truzzer.com\/sv\/wp-json\/wp\/v2\/product"}],"about":[{"href":"https:\/\/www.truzzer.com\/sv\/wp-json\/wp\/v2\/types\/product"}],"replies":[{"embeddable":true,"href":"https:\/\/www.truzzer.com\/sv\/wp-json\/wp\/v2\/comments?post=102678"}],"wp:featuredmedia":[{"embeddable":true,"href":"https:\/\/www.truzzer.com\/sv\/wp-json\/wp\/v2\/media\/102780"}],"wp:attachment":[{"href":"https:\/\/www.truzzer.com\/sv\/wp-json\/wp\/v2\/media?parent=102678"}],"wp:term":[{"taxonomy":"product_brand","embeddable":true,"href":"https:\/\/www.truzzer.com\/sv\/wp-json\/wp\/v2\/product_brand?post=102678"},{"taxonomy":"product_cat","embeddable":true,"href":"https:\/\/www.truzzer.com\/sv\/wp-json\/wp\/v2\/product_cat?post=102678"},{"taxonomy":"product_tag","embeddable":true,"href":"https:\/\/www.truzzer.com\/sv\/wp-json\/wp\/v2\/product_tag?post=102678"}],"curies":[{"name":"wp","href":"https:\/\/api.w.org\/{rel}","templated":true}]}}