{"id":102710,"date":"2026-02-11T10:14:30","date_gmt":"2026-02-11T10:14:30","guid":{"rendered":"https:\/\/beta.truzzer.com\/product\/google-review-qr-code-business-card-standard\/"},"modified":"2026-02-13T10:25:32","modified_gmt":"2026-02-13T10:25:32","slug":"google-review-qr-code-business-card-standard","status":"publish","type":"product","link":"https:\/\/www.truzzer.com\/sv\/produkt\/google-review-qr-code-business-card-standard\/","title":{"rendered":"Google Recension QR kod visitkort standard"},"content":{"rendered":"<h2>Google Granskning QR kod visitkort \u2013 standard<\/h2>\n<p>\n<strong>Truzzer Standard Visit Card<\/strong> \u00e4r det enkla och effektiva intr\u00e4det i v\u00e4rlden av Google-recensioner.<br \/>\nDen kombinerar en modern, professionell design med den direkta kraften hos en <strong>enskild QR-kod<\/strong><br \/>\nsom tar dina kunder direkt till ditt f\u00f6retags Google-recensionssida.<br \/>\nDetta g\u00f6r recensioner till en naturlig del av varje kundinteraktion.\n<\/p>\n<h3>Det enkla s\u00e4ttet att f\u00e5 fler Google-recensioner<\/h3>\n<p>\nMed <strong>Standard QR Code Business Card<\/strong> g\u00f6r du det enkelt f\u00f6r kunder att rekommendera dig.<br \/>\nEn snabb skanning med en smartphone \u00e4r allt som kr\u00e4vs, och de landar direkt p\u00e5 din Google recensionssida \u2014<br \/>\ninget letande, inga omv\u00e4gar, inga tekniska hinder.<br \/>\nDet h\u00e4r kortet \u00e4r idealiskt f\u00f6r alla som vill bygga mer f\u00f6rtroende med en <strong>professionell n\u00e4rvaro<\/strong> samtidigt som de \u00f6kar sin <strong>synlighet online<\/strong>.\n<\/p>\n<ul>\n<li><strong>Ren, professionell design<\/strong> \u2014 perfekt f\u00f6r dagligt bruk<\/li>\n<li><strong>Direkta QR-kod<\/strong> till din Google-f\u00f6retagsprofil<\/li>\n<li><strong>Fullst\u00e4ndigt konfigurerat &amp; redo att anv\u00e4ndas<\/strong> omedelbart<\/li>\n<li><strong>Anpassningsbar<\/strong> med din logotyp och f\u00f6retagsnamn<\/li>\n<li><strong>Tillverkad i Tyskland<\/strong> \u2013 testad, konfigurerad och redo att skickas<\/li>\n<li><strong>Perfekt<\/strong> f\u00f6r aff\u00e4rer, tj\u00e4nster, g\u00e4stfrihet, fitness &amp; detaljhandel<\/li>\n<\/ul>\n<h3>S\u00e5 fungerar det<\/h3>\n<p>\n1. Du anger ditt f\u00f6retagsnamn n\u00e4r du g\u00f6r din best\u00e4llning.<br \/>\n2. Vi genererar din <strong>enskilda recensionsl\u00e4nk<\/strong> och skapar QR-koden.<br \/>\n3. Du f\u00e5r kortet <strong>fullst\u00e4ndigt installerat<\/strong> \u2013 l\u00e4mna bara \u00f6ver det och l\u00e5t kunderna skanna.\n<\/p>\n<p>\nMed en genoms\u00f6kning \u00f6ppnar kunderna ditt f\u00f6retags Google-recensionssida \u2014<br \/>\noch kan dela med sig av sina erfarenheter direkt.\n<\/p>\n<h3>Varf\u00f6r standardversionen<\/h3>\n<p>\nDetta kort \u00e4r avsiktligt utformat f\u00f6r att vara <strong>minimalistiskt och universellt anv\u00e4ndbart<\/strong>.<br \/>\nDet fungerar f\u00f6r alla f\u00f6retag och alla milj\u00f6er \u2013 oavsett om det g\u00e4ller s\u00e4ljsamtal, m\u00f6ten eller kundservice.<br \/>\nFokus ligger p\u00e5 maximal enkelhet och effektivitet.\n<\/p>\n<h3>F\u00f6rdelar f\u00f6r ditt f\u00f6retag<\/h3>\n<ul>\n<li>Fler <strong>\u00e4kta kundrecensioner<\/strong> utan ytterligare verktyg<\/li>\n<li>F\u00f6rb\u00e4ttrad <strong>Google synlighet<\/strong> och rankningar<\/li>\n<li>Mer f\u00f6rtroende genom autentisk kundfeedback<\/li>\n<li>Ingen prenumeration, ingen app, ingen anstr\u00e4ngning<\/li>\n<\/ul>\n<h3>Varf\u00f6r Truzzer<\/h3>\n<p>\nTruzzer \u00e4r <strong>uppfinnaren och marknadsledaren<\/strong> f\u00f6r QR &amp; NFC-produkter byggda f\u00f6r Google-recensioner.<br \/>\nV\u00e5ra produkter anv\u00e4nds redan av tusentals f\u00f6retag och hj\u00e4lper till att generera fler recensioner och bygga f\u00f6rtroende varje dag.<br \/>\nVi tar hand om hela installationen \u00e5t dig \u2013 du f\u00e5r allt redo att g\u00e5.\n<\/p>\n<ul>\n<li>Marknadsledare &amp; uppfinnare i Tyskland<\/li>\n<li>Tysk support &amp; personlig konfiguration<\/li>\n<li>H\u00f6gsta betyg p\u00e5 Google<\/li>\n<li>Kompatibel med alla smartphones<\/li>\n<li>Ingen app, ingen inloggning kr\u00e4vs<\/li>\n<\/ul>\n<h3>Tekniska detaljer<\/h3>\n<ul>\n<li>Format: standardvisitkort<\/li>\n<li>Material: slitstarkt plastkort (matt eller glansigt)<\/li>\n<li>Teknik: QR-kod (valfritt med NFC)<\/li>\n<li>L\u00e4nkning: direkt granskningsl\u00e4nk till din Google-profil<\/li>\n<li>Anpassning: logotyp och f\u00f6retagsnamn valfritt<\/li>\n<\/ul>\n<h3>Slutsats<\/h3>\n<p>\n<strong>Google Review QR Code Visit Card \u2013 Standard<\/strong> \u00e4r det perfekta verktyget f\u00f6r f\u00f6retag<br \/>\nsom aktivt vill \u00f6ka recensioner utan extra teknik eller anstr\u00e4ngning.<br \/>\nEn enkel, bepr\u00f6vad och effektiv l\u00f6sning f\u00f6r mer r\u00e4ckvidd, f\u00f6rtroende och tillv\u00e4xt.\n<\/p>\n<hr>\n<p>\n<strong>Best\u00e4ll nu \u2013 inklusive installation &amp; QR-kod.<\/strong><br \/>\nFler recensioner. Mer synlighet. Mer framg\u00e5ng med Truzzer.<\/p>\n","protected":false},"excerpt":{"rendered":"<h2>\n  <img decoding=\"async\" class=\"alignnone size-full wp-image-56732\" src=\"https:\/\/truzzer.com\/wp-content\/uploads\/2026\/02\/qrscan-ezgif.com-video-to-webp-converter-1.webp\" alt=\"\" width=\"150\" height>1<br \/>\n<\/h2>\n<h2>F\u00e5 enkelt fler Google-recensioner med Google Review QR Code Visit Cards<\/h2>\n<p>\nUppt\u00e4ck v\u00e5ra nya standardvisitkort som \u00e4r designade f\u00f6r att hj\u00e4lpa dig samla in fler Google-recensioner \u2014 med ett rent, modernt utseende som s\u00f6ml\u00f6st passar in i alla f\u00f6retag.\n<\/p>\n<p>\nMed Google Review QR Code visitkort kan du f\u00e5 fler Google recensioner p\u00e5 nolltid.\n<\/p>\n<p>\nAllt dina kunder beh\u00f6ver g\u00f6ra \u00e4r att skanna QR-koden med sin smartphonekamera, s\u00e5 kommer de direkt till din Google recensionssida.\n<\/p>\n<p>\nI konfigurationsf\u00e4ltet anger du helt enkelt ditt f\u00f6retagsnamn och f\u00f6retagsadress. Baserat p\u00e5 denna information skapar vi din individuella recensionsl\u00e4nk \u00e5t dig \u2013 s\u00e5 att du inte beh\u00f6ver oroa dig f\u00f6r n\u00e5gonting.<\/p>\n","protected":false},"featured_media":102787,"comment_status":"open","ping_status":"closed","template":"","meta":{"_acf_changed":false,"_yoast_wpseo_focuskw":"Google Recension Visitkort","_yoast_wpseo_title":"Google Review QR Code Business Card Standard | truzzer","_yoast_wpseo_metadesc":"Fler 5-stj\u00e4rniga Google-recensioner med Google Review QR Code Business Card Standard fr\u00e5n truzzer. Enkel installation, redo att anv\u00e4nda. Best\u00e4ll nu!"},"product_brand":[1657],"product_cat":[803,819,820,544,616,1623],"product_tag":[],"class_list":{"0":"post-102710","1":"product","2":"type-product","3":"status-publish","4":"has-post-thumbnail","6":"product_brand-google","7":"product_cat-google-recension-produkter","8":"product_cat-google-recension-visitkort","9":"product_cat-google-recension-visitkort-med-qr-kod","10":"product_cat-qr-kod-produkter","11":"product_cat-qr-kod-visitkort","12":"product_cat-wifi-produkter","13":"pa_material-karton","14":"pa_orientation-portrett","15":"pa_placement-bon","16":"pa_placement-broschyr","17":"pa_placement-lommebok-personlig","18":"pa_placement-portemonnee-personlijk","19":"pa_product-type-visitekaartjes","20":"pa_shape-rechthoek","21":"pa_technology-qr-kod","23":"first","24":"instock","25":"taxable","26":"shipping-taxable","27":"purchasable","28":"product-type-simple"},"acf":[],"yoast_head":"<!-- This site is optimized with the Yoast SEO plugin v27.0 - https:\/\/yoast.com\/product\/yoast-seo-wordpress\/ -->\n<title>Google Review QR Code Business Card Standard | truzzer<\/title>\n<meta name=\"description\" content=\"Fler 5-stj\u00e4rniga Google-recensioner med Google Review QR Code Business Card Standard fr\u00e5n truzzer. Enkel installation, redo att anv\u00e4nda. Best\u00e4ll nu!\" \/>\n<meta name=\"robots\" content=\"index, follow, max-snippet:-1, max-image-preview:large, max-video-preview:-1\" \/>\n<link rel=\"canonical\" href=\"https:\/\/www.truzzer.com\/sv\/produkt\/google-review-qr-code-business-card-standard\/\" \/>\n<meta property=\"og:locale\" content=\"sv_SE\" \/>\n<meta property=\"og:type\" content=\"article\" \/>\n<meta property=\"og:title\" content=\"Google Review QR Code Business Card Standard | truzzer\" \/>\n<meta property=\"og:description\" content=\"Fler 5-stj\u00e4rniga Google-recensioner med Google Review QR Code Business Card Standard fr\u00e5n truzzer. Enkel installation, redo att anv\u00e4nda. Best\u00e4ll nu!\" \/>\n<meta property=\"og:url\" content=\"https:\/\/www.truzzer.com\/sv\/produkt\/google-review-qr-code-business-card-standard\/\" \/>\n<meta property=\"og:site_name\" content=\"truzzer\" \/>\n<meta property=\"article:modified_time\" content=\"2026-02-13T10:25:32+00:00\" \/>\n<meta property=\"og:image\" content=\"https:\/\/www.truzzer.com\/wp-content\/uploads\/2026\/02\/Google-Bewertung-QR-Code-VIsitenkarte-Standard-2-empfehlio-1-en.jpg\" \/>\n\t<meta property=\"og:image:width\" content=\"1024\" \/>\n\t<meta property=\"og:image:height\" content=\"1024\" \/>\n\t<meta property=\"og:image:type\" content=\"image\/jpeg\" \/>\n<meta name=\"twitter:card\" content=\"summary_large_image\" \/>\n<meta name=\"twitter:label1\" content=\"Ber\u00e4knad l\u00e4stid\" \/>\n\t<meta name=\"twitter:data1\" content=\"2 minuter\" \/>\n<script type=\"application\/ld+json\" class=\"yoast-schema-graph\">{\"@context\":\"https:\/\/schema.org\",\"@graph\":[{\"@type\":\"WebPage\",\"@id\":\"https:\/\/www.truzzer.com\/sv\/produkt\/google-review-qr-code-business-card-standard\/\",\"url\":\"https:\/\/www.truzzer.com\/sv\/produkt\/google-review-qr-code-business-card-standard\/\",\"name\":\"Google Review QR Code Business Card Standard | truzzer\",\"isPartOf\":{\"@id\":\"https:\/\/www.truzzer.com\/sv\/#website\"},\"primaryImageOfPage\":{\"@id\":\"https:\/\/www.truzzer.com\/sv\/produkt\/google-review-qr-code-business-card-standard\/#primaryimage\"},\"image\":{\"@id\":\"https:\/\/www.truzzer.com\/sv\/produkt\/google-review-qr-code-business-card-standard\/#primaryimage\"},\"thumbnailUrl\":\"https:\/\/www.truzzer.com\/wp-content\/uploads\/2026\/02\/Google-Bewertung-QR-Code-VIsitenkarte-Standard-2-empfehlio-1-en.jpg\",\"datePublished\":\"2026-02-11T10:14:30+00:00\",\"dateModified\":\"2026-02-13T10:25:32+00:00\",\"description\":\"Fler 5-stj\u00e4rniga Google-recensioner med Google Review QR Code Business Card Standard fr\u00e5n truzzer. Enkel installation, redo att anv\u00e4nda. Best\u00e4ll nu!\",\"breadcrumb\":{\"@id\":\"https:\/\/www.truzzer.com\/sv\/produkt\/google-review-qr-code-business-card-standard\/#breadcrumb\"},\"inLanguage\":\"sv-SE\",\"potentialAction\":[{\"@type\":\"ReadAction\",\"target\":[\"https:\/\/www.truzzer.com\/sv\/produkt\/google-review-qr-code-business-card-standard\/\"]}]},{\"@type\":\"ImageObject\",\"inLanguage\":\"sv-SE\",\"@id\":\"https:\/\/www.truzzer.com\/sv\/produkt\/google-review-qr-code-business-card-standard\/#primaryimage\",\"url\":\"https:\/\/www.truzzer.com\/wp-content\/uploads\/2026\/02\/Google-Bewertung-QR-Code-VIsitenkarte-Standard-2-empfehlio-1-en.jpg\",\"contentUrl\":\"https:\/\/www.truzzer.com\/wp-content\/uploads\/2026\/02\/Google-Bewertung-QR-Code-VIsitenkarte-Standard-2-empfehlio-1-en.jpg\",\"width\":1024,\"height\":1024},{\"@type\":\"BreadcrumbList\",\"@id\":\"https:\/\/www.truzzer.com\/sv\/produkt\/google-review-qr-code-business-card-standard\/#breadcrumb\",\"itemListElement\":[{\"@type\":\"ListItem\",\"position\":1,\"name\":\"Home\",\"item\":\"https:\/\/www.truzzer.com\/sv\/\"},{\"@type\":\"ListItem\",\"position\":2,\"name\":\"Butik\",\"item\":\"https:\/\/www.truzzer.com\/sv\/butik\/\"},{\"@type\":\"ListItem\",\"position\":3,\"name\":\"Google Recension QR kod visitkort standard\"}]},{\"@type\":\"WebSite\",\"@id\":\"https:\/\/www.truzzer.com\/sv\/#website\",\"url\":\"https:\/\/www.truzzer.com\/sv\/\",\"name\":\"truzzer\",\"description\":\"Experts for customer trust\",\"publisher\":{\"@id\":\"https:\/\/www.truzzer.com\/sv\/#organization\"},\"potentialAction\":[{\"@type\":\"SearchAction\",\"target\":{\"@type\":\"EntryPoint\",\"urlTemplate\":\"https:\/\/www.truzzer.com\/sv\/?s={search_term_string}\"},\"query-input\":{\"@type\":\"PropertyValueSpecification\",\"valueRequired\":true,\"valueName\":\"search_term_string\"}}],\"inLanguage\":\"sv-SE\"},{\"@type\":\"Organization\",\"@id\":\"https:\/\/www.truzzer.com\/sv\/#organization\",\"name\":\"truzzer\",\"url\":\"https:\/\/www.truzzer.com\/sv\/\",\"logo\":{\"@type\":\"ImageObject\",\"inLanguage\":\"sv-SE\",\"@id\":\"https:\/\/www.truzzer.com\/sv\/#\/schema\/logo\/image\/\",\"url\":\"https:\/\/truzzer.com\/wp-content\/uploads\/2026\/01\/truzzer-logo-black-1.svg\",\"contentUrl\":\"https:\/\/truzzer.com\/wp-content\/uploads\/2026\/01\/truzzer-logo-black-1.svg\",\"width\":938,\"height\":199,\"caption\":\"truzzer\"},\"image\":{\"@id\":\"https:\/\/www.truzzer.com\/sv\/#\/schema\/logo\/image\/\"}}]}<\/script>\n<!-- \/ Yoast SEO plugin. -->","yoast_head_json":{"title":"Google Review QR Code Business Card Standard | truzzer","description":"Fler 5-stj\u00e4rniga Google-recensioner med Google Review QR Code Business Card Standard fr\u00e5n truzzer. Enkel installation, redo att anv\u00e4nda. Best\u00e4ll nu!","robots":{"index":"index","follow":"follow","max-snippet":"max-snippet:-1","max-image-preview":"max-image-preview:large","max-video-preview":"max-video-preview:-1"},"canonical":"https:\/\/www.truzzer.com\/sv\/produkt\/google-review-qr-code-business-card-standard\/","og_locale":"sv_SE","og_type":"article","og_title":"Google Review QR Code Business Card Standard | truzzer","og_description":"Fler 5-stj\u00e4rniga Google-recensioner med Google Review QR Code Business Card Standard fr\u00e5n truzzer. Enkel installation, redo att anv\u00e4nda. Best\u00e4ll nu!","og_url":"https:\/\/www.truzzer.com\/sv\/produkt\/google-review-qr-code-business-card-standard\/","og_site_name":"truzzer","article_modified_time":"2026-02-13T10:25:32+00:00","og_image":[{"width":1024,"height":1024,"url":"https:\/\/www.truzzer.com\/wp-content\/uploads\/2026\/02\/Google-Bewertung-QR-Code-VIsitenkarte-Standard-2-empfehlio-1-en.jpg","type":"image\/jpeg"}],"twitter_card":"summary_large_image","twitter_misc":{"Ber\u00e4knad l\u00e4stid":"2 minuter"},"schema":{"@context":"https:\/\/schema.org","@graph":[{"@type":"WebPage","@id":"https:\/\/www.truzzer.com\/sv\/produkt\/google-review-qr-code-business-card-standard\/","url":"https:\/\/www.truzzer.com\/sv\/produkt\/google-review-qr-code-business-card-standard\/","name":"Google Review QR Code Business Card Standard | truzzer","isPartOf":{"@id":"https:\/\/www.truzzer.com\/sv\/#website"},"primaryImageOfPage":{"@id":"https:\/\/www.truzzer.com\/sv\/produkt\/google-review-qr-code-business-card-standard\/#primaryimage"},"image":{"@id":"https:\/\/www.truzzer.com\/sv\/produkt\/google-review-qr-code-business-card-standard\/#primaryimage"},"thumbnailUrl":"https:\/\/www.truzzer.com\/wp-content\/uploads\/2026\/02\/Google-Bewertung-QR-Code-VIsitenkarte-Standard-2-empfehlio-1-en.jpg","datePublished":"2026-02-11T10:14:30+00:00","dateModified":"2026-02-13T10:25:32+00:00","description":"Fler 5-stj\u00e4rniga Google-recensioner med Google Review QR Code Business Card Standard fr\u00e5n truzzer. Enkel installation, redo att anv\u00e4nda. Best\u00e4ll nu!","breadcrumb":{"@id":"https:\/\/www.truzzer.com\/sv\/produkt\/google-review-qr-code-business-card-standard\/#breadcrumb"},"inLanguage":"sv-SE","potentialAction":[{"@type":"ReadAction","target":["https:\/\/www.truzzer.com\/sv\/produkt\/google-review-qr-code-business-card-standard\/"]}]},{"@type":"ImageObject","inLanguage":"sv-SE","@id":"https:\/\/www.truzzer.com\/sv\/produkt\/google-review-qr-code-business-card-standard\/#primaryimage","url":"https:\/\/www.truzzer.com\/wp-content\/uploads\/2026\/02\/Google-Bewertung-QR-Code-VIsitenkarte-Standard-2-empfehlio-1-en.jpg","contentUrl":"https:\/\/www.truzzer.com\/wp-content\/uploads\/2026\/02\/Google-Bewertung-QR-Code-VIsitenkarte-Standard-2-empfehlio-1-en.jpg","width":1024,"height":1024},{"@type":"BreadcrumbList","@id":"https:\/\/www.truzzer.com\/sv\/produkt\/google-review-qr-code-business-card-standard\/#breadcrumb","itemListElement":[{"@type":"ListItem","position":1,"name":"Home","item":"https:\/\/www.truzzer.com\/sv\/"},{"@type":"ListItem","position":2,"name":"Butik","item":"https:\/\/www.truzzer.com\/sv\/butik\/"},{"@type":"ListItem","position":3,"name":"Google Recension QR kod visitkort standard"}]},{"@type":"WebSite","@id":"https:\/\/www.truzzer.com\/sv\/#website","url":"https:\/\/www.truzzer.com\/sv\/","name":"truzzer","description":"Experts for customer trust","publisher":{"@id":"https:\/\/www.truzzer.com\/sv\/#organization"},"potentialAction":[{"@type":"SearchAction","target":{"@type":"EntryPoint","urlTemplate":"https:\/\/www.truzzer.com\/sv\/?s={search_term_string}"},"query-input":{"@type":"PropertyValueSpecification","valueRequired":true,"valueName":"search_term_string"}}],"inLanguage":"sv-SE"},{"@type":"Organization","@id":"https:\/\/www.truzzer.com\/sv\/#organization","name":"truzzer","url":"https:\/\/www.truzzer.com\/sv\/","logo":{"@type":"ImageObject","inLanguage":"sv-SE","@id":"https:\/\/www.truzzer.com\/sv\/#\/schema\/logo\/image\/","url":"https:\/\/truzzer.com\/wp-content\/uploads\/2026\/01\/truzzer-logo-black-1.svg","contentUrl":"https:\/\/truzzer.com\/wp-content\/uploads\/2026\/01\/truzzer-logo-black-1.svg","width":938,"height":199,"caption":"truzzer"},"image":{"@id":"https:\/\/www.truzzer.com\/sv\/#\/schema\/logo\/image\/"}}]}},"tiered_pricing_type":"fixed","tiered_pricing_fixed_rules":[],"tiered_pricing_product_settings":{"layout":"default","base_unit_name":{"singular":null,"plural":null},"default_variation":null},"tiered_pricing_minimum_quantity":null,"tiered_pricing_roles_data":[],"tiered_pricing_percentage_rules":[],"tiered_pricing_maximum_quantity":null,"tiered_pricing_quantity_step":null,"_links":{"self":[{"href":"https:\/\/www.truzzer.com\/sv\/wp-json\/wp\/v2\/product\/102710","targetHints":{"allow":["GET"]}}],"collection":[{"href":"https:\/\/www.truzzer.com\/sv\/wp-json\/wp\/v2\/product"}],"about":[{"href":"https:\/\/www.truzzer.com\/sv\/wp-json\/wp\/v2\/types\/product"}],"replies":[{"embeddable":true,"href":"https:\/\/www.truzzer.com\/sv\/wp-json\/wp\/v2\/comments?post=102710"}],"wp:featuredmedia":[{"embeddable":true,"href":"https:\/\/www.truzzer.com\/sv\/wp-json\/wp\/v2\/media\/102787"}],"wp:attachment":[{"href":"https:\/\/www.truzzer.com\/sv\/wp-json\/wp\/v2\/media?parent=102710"}],"wp:term":[{"taxonomy":"product_brand","embeddable":true,"href":"https:\/\/www.truzzer.com\/sv\/wp-json\/wp\/v2\/product_brand?post=102710"},{"taxonomy":"product_cat","embeddable":true,"href":"https:\/\/www.truzzer.com\/sv\/wp-json\/wp\/v2\/product_cat?post=102710"},{"taxonomy":"product_tag","embeddable":true,"href":"https:\/\/www.truzzer.com\/sv\/wp-json\/wp\/v2\/product_tag?post=102710"}],"curies":[{"name":"wp","href":"https:\/\/api.w.org\/{rel}","templated":true}]}}