{"id":92829,"date":"2026-02-05T11:45:15","date_gmt":"2026-02-05T11:45:15","guid":{"rendered":"https:\/\/beta.truzzer.com\/product\/glafsa-granska-klistermarkefarg-med-recensions-qr-kod\/"},"modified":"2026-02-13T08:32:24","modified_gmt":"2026-02-13T08:32:24","slug":"glafsa-granska-klistermarkefarg-med-recensions-qr-kod","status":"publish","type":"product","link":"https:\/\/www.truzzer.com\/sv\/produkt\/glafsa-granska-klistermarkefarg-med-recensions-qr-kod\/","title":{"rendered":"Gl\u00e4fsa! Granska klisterm\u00e4rkef\u00e4rg med recensions QR-kod"},"content":{"rendered":"<p>med den Truzzer Yelp! Reviews Stickern with QR Code-Link and yourem ownen Logo k\u00f6nnen Sie schnell positive Reviewen von youren zufriedenen Kanden direkt in yourem Business get.<\/p>\n<p>Im praktiska randen Format machen Sie die Yelp! Recension f\u00f6r din Kanden greifbar. Platzieren Sie die Sticker gut sichtbar im Kassenbereich, an der Eingangst\u00fcr eller \u00fcberall dort, wo youre Kanden die Sticker sehen k\u00f6nnen.<\/p>\n<p>Geeignet f\u00f6r den Innen- och Au\u00dfenbereich<\/p>\n<p>Wetterfest<\/p>\n<p>f\u00f6r jede glatte Oberfl\u00e4che geeignet<\/p>\n<p>f\u00f6r EinzelhandelsBusinesse, T\u00fcren eller als Auto-Yelp-Sticker<\/p>\n<p>Zeigt youren Kanden, that sie Sie auch auf Yelp! hittat k\u00f6nnen<\/p>\n<p>sed f\u00f6r Sie angefertigt<\/p>\n<p>Sie k\u00f6nnen die Yelp! RecensionerKlisterm\u00e4rke med din logotyp ganz einfach personalisieren och en din f\u00f6retagare anpassen.<\/p>\n<p>Am Beispiel der Google-Sticker k\u00f6nnen Siehen, wie die Sticker functionieren (identische Funktionalit\u00e4t).<\/p>\n<h3>Schritt 1: Der Kande scannt den QR Code<\/h3>\n<p>Um Ihnen zu folgen, muss der Kande nur den QR Code scan. D\u00e5 m\u00e5ste du anv\u00e4nda kameran f\u00f6r smartphones (inte tillg\u00e4nglig skannerapp) som \u00e4r helt enkelt \u00f6ver produktkvaliteten. <img decoding=\"async\" src=\"https:\/\/www.truzzer.com\/wp-content\/uploads\/2026\/02\/how-to-use-the-product-truzzer-google.jpg.webp\" height=\"933\" width=\"1400\" class=\"alignnone wp-image-22402 size-full\" alt=\"Hand scanning a QR code for Google reviews on a smartphone.\"  > <\/p>\n<p>Ett popup-f\u00f6nster visas p\u00e5 bildschirm (iPhone) eller en QR-kod med angezeigt (Android\/Google-Smartphones).<\/p>\n<h3>Schritt 2: Der Kande gelangt direkt zum Google-Reviewsformular<\/h3>\n<p>Das Reviewsformular \u00f6ffnet sich im Browser des Smartphones, and der Kande kan Sie direkt bewerten.<\/p>\n","protected":false},"excerpt":{"rendered":"<p>Die \u201eBewerten Sie uns auf Yelp!\u201c-Sticker helfen Ihnen, schneller More Yelp-Reviewen von youren Kanden zu get.<\/p>\n<p>Selbstklebend pass sich die \u201eBewerten Sie uns auf Yelp!\u201c-Klisterm\u00e4rke nahtlos in jedes Unternehmen ein and haften auf jeder glatten Oberfl\u00e4che.<\/p>\n<p>Wir erstellen and verlinken den QR Code for die direkt Recension auf yourem Yelp-Profil for Sie!<\/p>\n<p>Diese Informationen entnehmen wir yourer Firmenadresse.<\/p>\n","protected":false},"featured_media":92830,"comment_status":"open","ping_status":"closed","template":"","meta":{"_acf_changed":false,"_yoast_wpseo_focuskw":"Yelp Recension Klisterm\u00e4rke","_yoast_wpseo_title":"Yelp! Review Sticker Color with review QR Code | truzzer","_yoast_wpseo_metadesc":"Fler Yelp-recensioner med Yelp! Review Sticker Color with review QR Code fr\u00e5n truzzer. Enkel installation, redo att anv\u00e4nda. Best\u00e4ll nu!"},"product_brand":[1710],"product_cat":[545,544,547,546],"product_tag":[],"class_list":{"0":"post-92829","1":"product","2":"type-product","3":"status-publish","4":"has-post-thumbnail","6":"product_brand-yelp","7":"product_cat-qr-kod-klistermarken","8":"product_cat-qr-kod-produkter","9":"product_cat-yelp-recension-klistermarken","10":"product_cat-yelp-recensioner","11":"pa_product-type-klistermarke","12":"pa_shape-rond","13":"pa_technology-qr-kod","15":"first","16":"instock","17":"taxable","18":"shipping-taxable","19":"purchasable","20":"product-type-variable","21":"has-default-attributes"},"acf":[],"yoast_head":"<!-- This site is optimized with the Yoast SEO plugin v27.0 - https:\/\/yoast.com\/product\/yoast-seo-wordpress\/ -->\n<title>Yelp! Review Sticker Color with review QR Code | truzzer<\/title>\n<meta name=\"description\" content=\"Fler Yelp-recensioner med Yelp! Review Sticker Color with review QR Code fr\u00e5n truzzer. Enkel installation, redo att anv\u00e4nda. Best\u00e4ll nu!\" \/>\n<meta name=\"robots\" content=\"index, follow, max-snippet:-1, max-image-preview:large, max-video-preview:-1\" \/>\n<link rel=\"canonical\" href=\"https:\/\/www.truzzer.com\/sv\/produkt\/glafsa-granska-klistermarkefarg-med-recensions-qr-kod\/\" \/>\n<meta property=\"og:locale\" content=\"sv_SE\" \/>\n<meta property=\"og:type\" content=\"article\" \/>\n<meta property=\"og:title\" content=\"Yelp! Review Sticker Color with review QR Code | truzzer\" \/>\n<meta property=\"og:description\" content=\"Fler Yelp-recensioner med Yelp! Review Sticker Color with review QR Code fr\u00e5n truzzer. Enkel installation, redo att anv\u00e4nda. Best\u00e4ll nu!\" \/>\n<meta property=\"og:url\" content=\"https:\/\/www.truzzer.com\/sv\/produkt\/glafsa-granska-klistermarkefarg-med-recensions-qr-kod\/\" \/>\n<meta property=\"og:site_name\" content=\"truzzer\" \/>\n<meta property=\"article:modified_time\" content=\"2026-02-13T08:32:24+00:00\" \/>\n<meta property=\"og:image\" content=\"https:\/\/www.truzzer.com\/wp-content\/uploads\/2026\/02\/review-us-on-yelp-sticker-with-review-qr-code-color-truzzer-1-2.jpg\" \/>\n\t<meta property=\"og:image:width\" content=\"1200\" \/>\n\t<meta property=\"og:image:height\" content=\"1200\" \/>\n\t<meta property=\"og:image:type\" content=\"image\/jpeg\" \/>\n<meta name=\"twitter:card\" content=\"summary_large_image\" \/>\n<meta name=\"twitter:label1\" content=\"Ber\u00e4knad l\u00e4stid\" \/>\n\t<meta name=\"twitter:data1\" content=\"1 minut\" \/>\n<script type=\"application\/ld+json\" class=\"yoast-schema-graph\">{\"@context\":\"https:\/\/schema.org\",\"@graph\":[{\"@type\":\"WebPage\",\"@id\":\"https:\/\/www.truzzer.com\/sv\/produkt\/glafsa-granska-klistermarkefarg-med-recensions-qr-kod\/\",\"url\":\"https:\/\/www.truzzer.com\/sv\/produkt\/glafsa-granska-klistermarkefarg-med-recensions-qr-kod\/\",\"name\":\"Yelp! Review Sticker Color with review QR Code | truzzer\",\"isPartOf\":{\"@id\":\"https:\/\/www.truzzer.com\/sv\/#website\"},\"primaryImageOfPage\":{\"@id\":\"https:\/\/www.truzzer.com\/sv\/produkt\/glafsa-granska-klistermarkefarg-med-recensions-qr-kod\/#primaryimage\"},\"image\":{\"@id\":\"https:\/\/www.truzzer.com\/sv\/produkt\/glafsa-granska-klistermarkefarg-med-recensions-qr-kod\/#primaryimage\"},\"thumbnailUrl\":\"https:\/\/www.truzzer.com\/wp-content\/uploads\/2026\/02\/review-us-on-yelp-sticker-with-review-qr-code-color-truzzer-1-2.jpg\",\"datePublished\":\"2026-02-05T11:45:15+00:00\",\"dateModified\":\"2026-02-13T08:32:24+00:00\",\"description\":\"Fler Yelp-recensioner med Yelp! Review Sticker Color with review QR Code fr\u00e5n truzzer. Enkel installation, redo att anv\u00e4nda. Best\u00e4ll nu!\",\"breadcrumb\":{\"@id\":\"https:\/\/www.truzzer.com\/sv\/produkt\/glafsa-granska-klistermarkefarg-med-recensions-qr-kod\/#breadcrumb\"},\"inLanguage\":\"sv-SE\",\"potentialAction\":[{\"@type\":\"ReadAction\",\"target\":[\"https:\/\/www.truzzer.com\/sv\/produkt\/glafsa-granska-klistermarkefarg-med-recensions-qr-kod\/\"]}]},{\"@type\":\"ImageObject\",\"inLanguage\":\"sv-SE\",\"@id\":\"https:\/\/www.truzzer.com\/sv\/produkt\/glafsa-granska-klistermarkefarg-med-recensions-qr-kod\/#primaryimage\",\"url\":\"https:\/\/www.truzzer.com\/wp-content\/uploads\/2026\/02\/review-us-on-yelp-sticker-with-review-qr-code-color-truzzer-1-2.jpg\",\"contentUrl\":\"https:\/\/www.truzzer.com\/wp-content\/uploads\/2026\/02\/review-us-on-yelp-sticker-with-review-qr-code-color-truzzer-1-2.jpg\",\"width\":1200,\"height\":1200},{\"@type\":\"BreadcrumbList\",\"@id\":\"https:\/\/www.truzzer.com\/sv\/produkt\/glafsa-granska-klistermarkefarg-med-recensions-qr-kod\/#breadcrumb\",\"itemListElement\":[{\"@type\":\"ListItem\",\"position\":1,\"name\":\"Home\",\"item\":\"https:\/\/www.truzzer.com\/sv\/\"},{\"@type\":\"ListItem\",\"position\":2,\"name\":\"Butik\",\"item\":\"https:\/\/www.truzzer.com\/sv\/butik\/\"},{\"@type\":\"ListItem\",\"position\":3,\"name\":\"Gl\u00e4fsa! Granska klisterm\u00e4rkef\u00e4rg med recensions QR-kod\"}]},{\"@type\":\"WebSite\",\"@id\":\"https:\/\/www.truzzer.com\/sv\/#website\",\"url\":\"https:\/\/www.truzzer.com\/sv\/\",\"name\":\"truzzer\",\"description\":\"Experts for customer trust\",\"publisher\":{\"@id\":\"https:\/\/www.truzzer.com\/sv\/#organization\"},\"potentialAction\":[{\"@type\":\"SearchAction\",\"target\":{\"@type\":\"EntryPoint\",\"urlTemplate\":\"https:\/\/www.truzzer.com\/sv\/?s={search_term_string}\"},\"query-input\":{\"@type\":\"PropertyValueSpecification\",\"valueRequired\":true,\"valueName\":\"search_term_string\"}}],\"inLanguage\":\"sv-SE\"},{\"@type\":\"Organization\",\"@id\":\"https:\/\/www.truzzer.com\/sv\/#organization\",\"name\":\"truzzer\",\"url\":\"https:\/\/www.truzzer.com\/sv\/\",\"logo\":{\"@type\":\"ImageObject\",\"inLanguage\":\"sv-SE\",\"@id\":\"https:\/\/www.truzzer.com\/sv\/#\/schema\/logo\/image\/\",\"url\":\"https:\/\/truzzer.com\/wp-content\/uploads\/2026\/01\/truzzer-logo-black-1.svg\",\"contentUrl\":\"https:\/\/truzzer.com\/wp-content\/uploads\/2026\/01\/truzzer-logo-black-1.svg\",\"width\":938,\"height\":199,\"caption\":\"truzzer\"},\"image\":{\"@id\":\"https:\/\/www.truzzer.com\/sv\/#\/schema\/logo\/image\/\"}}]}<\/script>\n<!-- \/ Yoast SEO plugin. -->","yoast_head_json":{"title":"Yelp! Review Sticker Color with review QR Code | truzzer","description":"Fler Yelp-recensioner med Yelp! Review Sticker Color with review QR Code fr\u00e5n truzzer. Enkel installation, redo att anv\u00e4nda. Best\u00e4ll nu!","robots":{"index":"index","follow":"follow","max-snippet":"max-snippet:-1","max-image-preview":"max-image-preview:large","max-video-preview":"max-video-preview:-1"},"canonical":"https:\/\/www.truzzer.com\/sv\/produkt\/glafsa-granska-klistermarkefarg-med-recensions-qr-kod\/","og_locale":"sv_SE","og_type":"article","og_title":"Yelp! Review Sticker Color with review QR Code | truzzer","og_description":"Fler Yelp-recensioner med Yelp! Review Sticker Color with review QR Code fr\u00e5n truzzer. Enkel installation, redo att anv\u00e4nda. Best\u00e4ll nu!","og_url":"https:\/\/www.truzzer.com\/sv\/produkt\/glafsa-granska-klistermarkefarg-med-recensions-qr-kod\/","og_site_name":"truzzer","article_modified_time":"2026-02-13T08:32:24+00:00","og_image":[{"width":1200,"height":1200,"url":"https:\/\/www.truzzer.com\/wp-content\/uploads\/2026\/02\/review-us-on-yelp-sticker-with-review-qr-code-color-truzzer-1-2.jpg","type":"image\/jpeg"}],"twitter_card":"summary_large_image","twitter_misc":{"Ber\u00e4knad l\u00e4stid":"1 minut"},"schema":{"@context":"https:\/\/schema.org","@graph":[{"@type":"WebPage","@id":"https:\/\/www.truzzer.com\/sv\/produkt\/glafsa-granska-klistermarkefarg-med-recensions-qr-kod\/","url":"https:\/\/www.truzzer.com\/sv\/produkt\/glafsa-granska-klistermarkefarg-med-recensions-qr-kod\/","name":"Yelp! Review Sticker Color with review QR Code | truzzer","isPartOf":{"@id":"https:\/\/www.truzzer.com\/sv\/#website"},"primaryImageOfPage":{"@id":"https:\/\/www.truzzer.com\/sv\/produkt\/glafsa-granska-klistermarkefarg-med-recensions-qr-kod\/#primaryimage"},"image":{"@id":"https:\/\/www.truzzer.com\/sv\/produkt\/glafsa-granska-klistermarkefarg-med-recensions-qr-kod\/#primaryimage"},"thumbnailUrl":"https:\/\/www.truzzer.com\/wp-content\/uploads\/2026\/02\/review-us-on-yelp-sticker-with-review-qr-code-color-truzzer-1-2.jpg","datePublished":"2026-02-05T11:45:15+00:00","dateModified":"2026-02-13T08:32:24+00:00","description":"Fler Yelp-recensioner med Yelp! Review Sticker Color with review QR Code fr\u00e5n truzzer. Enkel installation, redo att anv\u00e4nda. Best\u00e4ll nu!","breadcrumb":{"@id":"https:\/\/www.truzzer.com\/sv\/produkt\/glafsa-granska-klistermarkefarg-med-recensions-qr-kod\/#breadcrumb"},"inLanguage":"sv-SE","potentialAction":[{"@type":"ReadAction","target":["https:\/\/www.truzzer.com\/sv\/produkt\/glafsa-granska-klistermarkefarg-med-recensions-qr-kod\/"]}]},{"@type":"ImageObject","inLanguage":"sv-SE","@id":"https:\/\/www.truzzer.com\/sv\/produkt\/glafsa-granska-klistermarkefarg-med-recensions-qr-kod\/#primaryimage","url":"https:\/\/www.truzzer.com\/wp-content\/uploads\/2026\/02\/review-us-on-yelp-sticker-with-review-qr-code-color-truzzer-1-2.jpg","contentUrl":"https:\/\/www.truzzer.com\/wp-content\/uploads\/2026\/02\/review-us-on-yelp-sticker-with-review-qr-code-color-truzzer-1-2.jpg","width":1200,"height":1200},{"@type":"BreadcrumbList","@id":"https:\/\/www.truzzer.com\/sv\/produkt\/glafsa-granska-klistermarkefarg-med-recensions-qr-kod\/#breadcrumb","itemListElement":[{"@type":"ListItem","position":1,"name":"Home","item":"https:\/\/www.truzzer.com\/sv\/"},{"@type":"ListItem","position":2,"name":"Butik","item":"https:\/\/www.truzzer.com\/sv\/butik\/"},{"@type":"ListItem","position":3,"name":"Gl\u00e4fsa! Granska klisterm\u00e4rkef\u00e4rg med recensions QR-kod"}]},{"@type":"WebSite","@id":"https:\/\/www.truzzer.com\/sv\/#website","url":"https:\/\/www.truzzer.com\/sv\/","name":"truzzer","description":"Experts for customer trust","publisher":{"@id":"https:\/\/www.truzzer.com\/sv\/#organization"},"potentialAction":[{"@type":"SearchAction","target":{"@type":"EntryPoint","urlTemplate":"https:\/\/www.truzzer.com\/sv\/?s={search_term_string}"},"query-input":{"@type":"PropertyValueSpecification","valueRequired":true,"valueName":"search_term_string"}}],"inLanguage":"sv-SE"},{"@type":"Organization","@id":"https:\/\/www.truzzer.com\/sv\/#organization","name":"truzzer","url":"https:\/\/www.truzzer.com\/sv\/","logo":{"@type":"ImageObject","inLanguage":"sv-SE","@id":"https:\/\/www.truzzer.com\/sv\/#\/schema\/logo\/image\/","url":"https:\/\/truzzer.com\/wp-content\/uploads\/2026\/01\/truzzer-logo-black-1.svg","contentUrl":"https:\/\/truzzer.com\/wp-content\/uploads\/2026\/01\/truzzer-logo-black-1.svg","width":938,"height":199,"caption":"truzzer"},"image":{"@id":"https:\/\/www.truzzer.com\/sv\/#\/schema\/logo\/image\/"}}]}},"tiered_pricing_type":"fixed","tiered_pricing_fixed_rules":[],"tiered_pricing_product_settings":{"layout":"default","base_unit_name":{"singular":null,"plural":null},"default_variation":null},"tiered_pricing_minimum_quantity":null,"tiered_pricing_roles_data":[],"tiered_pricing_percentage_rules":[],"tiered_pricing_maximum_quantity":null,"tiered_pricing_quantity_step":null,"_links":{"self":[{"href":"https:\/\/www.truzzer.com\/sv\/wp-json\/wp\/v2\/product\/92829","targetHints":{"allow":["GET"]}}],"collection":[{"href":"https:\/\/www.truzzer.com\/sv\/wp-json\/wp\/v2\/product"}],"about":[{"href":"https:\/\/www.truzzer.com\/sv\/wp-json\/wp\/v2\/types\/product"}],"replies":[{"embeddable":true,"href":"https:\/\/www.truzzer.com\/sv\/wp-json\/wp\/v2\/comments?post=92829"}],"wp:featuredmedia":[{"embeddable":true,"href":"https:\/\/www.truzzer.com\/sv\/wp-json\/wp\/v2\/media\/92830"}],"wp:attachment":[{"href":"https:\/\/www.truzzer.com\/sv\/wp-json\/wp\/v2\/media?parent=92829"}],"wp:term":[{"taxonomy":"product_brand","embeddable":true,"href":"https:\/\/www.truzzer.com\/sv\/wp-json\/wp\/v2\/product_brand?post=92829"},{"taxonomy":"product_cat","embeddable":true,"href":"https:\/\/www.truzzer.com\/sv\/wp-json\/wp\/v2\/product_cat?post=92829"},{"taxonomy":"product_tag","embeddable":true,"href":"https:\/\/www.truzzer.com\/sv\/wp-json\/wp\/v2\/product_tag?post=92829"}],"curies":[{"name":"wp","href":"https:\/\/api.w.org\/{rel}","templated":true}]}}