{"id":92849,"date":"2026-02-05T11:45:10","date_gmt":"2026-02-05T11:45:10","guid":{"rendered":"https:\/\/beta.truzzer.com\/product\/yelp-recension-nfc-visitkort-tap\/"},"modified":"2026-02-13T08:33:25","modified_gmt":"2026-02-13T08:33:25","slug":"yelp-recension-nfc-visitkort-tap","status":"publish","type":"product","link":"https:\/\/www.truzzer.com\/sv\/produkt\/yelp-recension-nfc-visitkort-tap\/","title":{"rendered":"Yelp Recension NFC Visitkort &#8221;Tap&#8221;"},"content":{"rendered":"<h2>skaffa Sie More Yelp-Reviewen med den Yelp! Recensioner-NFC-QR Code-Cardn &#8221;Tap&#8221; fr\u00e5n truzzer!<\/h2>\n<p>med den <strong>truzzer Yelp! ReviewsCardn<\/strong> with NFC-Links k\u00f6nnen Sie schnell positive Reviewen von youren zufriedenen Kanden direkt an yourem Standort get.  <\/p>\n<p>&#8211; Wetterfest <\/p>\n<p>&#8211; Zeigt youren Kanden, that sie Sie auch auf Yelp! hittat k\u00f6nnen <\/p>\n<p>&#8211; Speziell for Sie ma\u00dfgefertigt<\/p>\n","protected":false},"excerpt":{"rendered":"<div class=\"woocommerce-product-details__short-description\">\n<h2>skaffa Sie More Yelp-Reviewen with den NFC-ReviewsCardn<\/h2>\n<p><strong>Yelp-Reviewen av Kanden f\u00f6r att f\u00e5 krig \u00e4nnu inte enkelt!<\/strong><\/p>\n<p>with den kontaktlosen Yelp-ReviewsCardn k\u00f6nnen Sie m\u00fchelos neue Yelp-Reviewen direkt vor Ort collect.<\/p>\n<p>Das auff\u00e4llige design av Yelp-ReviewsCardn weckt das Interesse der Kanden, and the Call-to-Action \u00e4rmudigt sie, your Unternehmen auf Yelp zu bewerten.<\/p>\n<p>du kan anv\u00e4nda din smartphone n\u00e4r NFC-kortet stannar, och ett popup-f\u00f6nster som \u00e4r sich p\u00e5 ditt hem Handy, det \u00e4r direkt till din recensionsformular!<\/p>\n<p>Falls die Smartphones yourer Kanden keine NFC-Funktion harben, steht auf der bakside der NFC-Cardn a alternative QR Code zur Verf\u00fcgung, der direkt med Smartphone-Kamera kan gescannt kan <strong>&#8211; in beiden F\u00e4llen ist keine separat App erforderlich!<\/strong><\/p>\n<h3><strong>Wie NFC-Cardn Ihnen helfen, More Yelp-Reviewen to get<\/strong><\/h3>\n<p>NFC-Cardn beseitigen die gr\u00f6\u00dften H\u00fcrden sowohl for Sie as auch for youre Kanden by Yelp-Reviewen:<\/p>\n<ul>\n<li>Kin unangenehmes Bitten or Nachfragen More. Den <strong>Call-to-action<\/strong> \u00fcbernimmt die Aufforderung zur Yelp-Review for Sie.<\/li>\n<li>Kein Vergessen More, d\u00e5 Kanden an die Yelp-Review erinnert werden.<\/li>\n<li>Kein Suchen eller Schwierigkeiten: <strong>Der NFC-Link and der Yelp-Reviews-QR Code f\u00fchren direkt zu yourem Reviewsformular<\/strong> (das wir for Sie erstellen).<\/li>\n<li><strong>Greifbar:<\/strong> Die NFC-Cardn machen den Reviewsprozess process greifbarer.<\/li>\n<li>Keine zus\u00e4tzliche App erforderlich.<\/li>\n<li>Blickfang: Mornes design<\/li>\n<\/ul>\n<p><strong>Wir \u00fcbernehmen die Erstellung and Verlinkung des NFC-Links and QR Codes for direct Reviewen auf yourem Yelp-Profil!<\/strong><strong><\/p>\n<p><\/strong><\/p>\n<\/div>\n","protected":false},"featured_media":92850,"comment_status":"open","ping_status":"closed","template":"","meta":{"_acf_changed":false,"_yoast_wpseo_focuskw":"Yelp Recension NFC Kort","_yoast_wpseo_title":"Yelp Review NFC Business Card \u201dTap\u201d | truzzer","_yoast_wpseo_metadesc":"Fler Yelp-recensioner med Yelp Review NFC Business Card \u201dTap\u201d fr\u00e5n truzzer. Enkel installation, redo att anv\u00e4nda. Best\u00e4ll nu!"},"product_brand":[1710],"product_cat":[588,589,587,546],"product_tag":[],"class_list":{"0":"post-92849","1":"product","2":"type-product","3":"status-publish","4":"has-post-thumbnail","6":"product_brand-yelp","7":"product_cat-nfc-produkter","8":"product_cat-nfc-visitkort","9":"product_cat-yelp-recension-visitkort","10":"product_cat-yelp-recensioner","11":"pa_material-plastic","12":"pa_orientation-portrett","13":"pa_product-type-visitekaartjes","14":"pa_shape-rechthoek","15":"pa_technology-nfc","16":"pa_technology-qr-nfc","18":"first","19":"instock","20":"taxable","21":"shipping-taxable","22":"purchasable","23":"product-type-simple"},"acf":[],"yoast_head":"<!-- This site is optimized with the Yoast SEO plugin v27.0 - https:\/\/yoast.com\/product\/yoast-seo-wordpress\/ -->\n<title>Yelp Review NFC Business Card \u201dTap\u201d | truzzer<\/title>\n<meta name=\"description\" content=\"Fler Yelp-recensioner med Yelp Review NFC Business Card \u201dTap\u201d fr\u00e5n truzzer. Enkel installation, redo att anv\u00e4nda. Best\u00e4ll nu!\" \/>\n<meta name=\"robots\" content=\"index, follow, max-snippet:-1, max-image-preview:large, max-video-preview:-1\" \/>\n<link rel=\"canonical\" href=\"https:\/\/www.truzzer.com\/sv\/produkt\/yelp-recension-nfc-visitkort-tap\/\" \/>\n<meta property=\"og:locale\" content=\"sv_SE\" \/>\n<meta property=\"og:type\" content=\"article\" \/>\n<meta property=\"og:title\" content=\"Yelp Review NFC Business Card \u201dTap\u201d | truzzer\" \/>\n<meta property=\"og:description\" content=\"Fler Yelp-recensioner med Yelp Review NFC Business Card \u201dTap\u201d fr\u00e5n truzzer. Enkel installation, redo att anv\u00e4nda. Best\u00e4ll nu!\" \/>\n<meta property=\"og:url\" content=\"https:\/\/www.truzzer.com\/sv\/produkt\/yelp-recension-nfc-visitkort-tap\/\" \/>\n<meta property=\"og:site_name\" content=\"truzzer\" \/>\n<meta property=\"article:modified_time\" content=\"2026-02-13T08:33:25+00:00\" \/>\n<meta property=\"og:image\" content=\"https:\/\/www.truzzer.com\/wp-content\/uploads\/2026\/02\/yelp-nfc-review-card-truzzer-white-s-1.jpg\" \/>\n\t<meta property=\"og:image:width\" content=\"1200\" \/>\n\t<meta property=\"og:image:height\" content=\"1200\" \/>\n\t<meta property=\"og:image:type\" content=\"image\/jpeg\" \/>\n<meta name=\"twitter:card\" content=\"summary_large_image\" \/>\n<script type=\"application\/ld+json\" class=\"yoast-schema-graph\">{\"@context\":\"https:\/\/schema.org\",\"@graph\":[{\"@type\":\"WebPage\",\"@id\":\"https:\/\/www.truzzer.com\/sv\/produkt\/yelp-recension-nfc-visitkort-tap\/\",\"url\":\"https:\/\/www.truzzer.com\/sv\/produkt\/yelp-recension-nfc-visitkort-tap\/\",\"name\":\"Yelp Review NFC Business Card \u201dTap\u201d | truzzer\",\"isPartOf\":{\"@id\":\"https:\/\/www.truzzer.com\/sv\/#website\"},\"primaryImageOfPage\":{\"@id\":\"https:\/\/www.truzzer.com\/sv\/produkt\/yelp-recension-nfc-visitkort-tap\/#primaryimage\"},\"image\":{\"@id\":\"https:\/\/www.truzzer.com\/sv\/produkt\/yelp-recension-nfc-visitkort-tap\/#primaryimage\"},\"thumbnailUrl\":\"https:\/\/www.truzzer.com\/wp-content\/uploads\/2026\/02\/yelp-nfc-review-card-truzzer-white-s-1.jpg\",\"datePublished\":\"2026-02-05T11:45:10+00:00\",\"dateModified\":\"2026-02-13T08:33:25+00:00\",\"description\":\"Fler Yelp-recensioner med Yelp Review NFC Business Card \u201dTap\u201d fr\u00e5n truzzer. Enkel installation, redo att anv\u00e4nda. Best\u00e4ll nu!\",\"breadcrumb\":{\"@id\":\"https:\/\/www.truzzer.com\/sv\/produkt\/yelp-recension-nfc-visitkort-tap\/#breadcrumb\"},\"inLanguage\":\"sv-SE\",\"potentialAction\":[{\"@type\":\"ReadAction\",\"target\":[\"https:\/\/www.truzzer.com\/sv\/produkt\/yelp-recension-nfc-visitkort-tap\/\"]}]},{\"@type\":\"ImageObject\",\"inLanguage\":\"sv-SE\",\"@id\":\"https:\/\/www.truzzer.com\/sv\/produkt\/yelp-recension-nfc-visitkort-tap\/#primaryimage\",\"url\":\"https:\/\/www.truzzer.com\/wp-content\/uploads\/2026\/02\/yelp-nfc-review-card-truzzer-white-s-1.jpg\",\"contentUrl\":\"https:\/\/www.truzzer.com\/wp-content\/uploads\/2026\/02\/yelp-nfc-review-card-truzzer-white-s-1.jpg\",\"width\":1200,\"height\":1200},{\"@type\":\"BreadcrumbList\",\"@id\":\"https:\/\/www.truzzer.com\/sv\/produkt\/yelp-recension-nfc-visitkort-tap\/#breadcrumb\",\"itemListElement\":[{\"@type\":\"ListItem\",\"position\":1,\"name\":\"Home\",\"item\":\"https:\/\/www.truzzer.com\/sv\/\"},{\"@type\":\"ListItem\",\"position\":2,\"name\":\"Butik\",\"item\":\"https:\/\/www.truzzer.com\/sv\/butik\/\"},{\"@type\":\"ListItem\",\"position\":3,\"name\":\"Yelp Recension NFC Visitkort &#8220;Tap&#8221;\"}]},{\"@type\":\"WebSite\",\"@id\":\"https:\/\/www.truzzer.com\/sv\/#website\",\"url\":\"https:\/\/www.truzzer.com\/sv\/\",\"name\":\"truzzer\",\"description\":\"Experts for customer trust\",\"publisher\":{\"@id\":\"https:\/\/www.truzzer.com\/sv\/#organization\"},\"potentialAction\":[{\"@type\":\"SearchAction\",\"target\":{\"@type\":\"EntryPoint\",\"urlTemplate\":\"https:\/\/www.truzzer.com\/sv\/?s={search_term_string}\"},\"query-input\":{\"@type\":\"PropertyValueSpecification\",\"valueRequired\":true,\"valueName\":\"search_term_string\"}}],\"inLanguage\":\"sv-SE\"},{\"@type\":\"Organization\",\"@id\":\"https:\/\/www.truzzer.com\/sv\/#organization\",\"name\":\"truzzer\",\"url\":\"https:\/\/www.truzzer.com\/sv\/\",\"logo\":{\"@type\":\"ImageObject\",\"inLanguage\":\"sv-SE\",\"@id\":\"https:\/\/www.truzzer.com\/sv\/#\/schema\/logo\/image\/\",\"url\":\"https:\/\/truzzer.com\/wp-content\/uploads\/2026\/01\/truzzer-logo-black-1.svg\",\"contentUrl\":\"https:\/\/truzzer.com\/wp-content\/uploads\/2026\/01\/truzzer-logo-black-1.svg\",\"width\":938,\"height\":199,\"caption\":\"truzzer\"},\"image\":{\"@id\":\"https:\/\/www.truzzer.com\/sv\/#\/schema\/logo\/image\/\"}}]}<\/script>\n<!-- \/ Yoast SEO plugin. -->","yoast_head_json":{"title":"Yelp Review NFC Business Card \u201dTap\u201d | truzzer","description":"Fler Yelp-recensioner med Yelp Review NFC Business Card \u201dTap\u201d fr\u00e5n truzzer. Enkel installation, redo att anv\u00e4nda. Best\u00e4ll nu!","robots":{"index":"index","follow":"follow","max-snippet":"max-snippet:-1","max-image-preview":"max-image-preview:large","max-video-preview":"max-video-preview:-1"},"canonical":"https:\/\/www.truzzer.com\/sv\/produkt\/yelp-recension-nfc-visitkort-tap\/","og_locale":"sv_SE","og_type":"article","og_title":"Yelp Review NFC Business Card \u201dTap\u201d | truzzer","og_description":"Fler Yelp-recensioner med Yelp Review NFC Business Card \u201dTap\u201d fr\u00e5n truzzer. Enkel installation, redo att anv\u00e4nda. Best\u00e4ll nu!","og_url":"https:\/\/www.truzzer.com\/sv\/produkt\/yelp-recension-nfc-visitkort-tap\/","og_site_name":"truzzer","article_modified_time":"2026-02-13T08:33:25+00:00","og_image":[{"width":1200,"height":1200,"url":"https:\/\/www.truzzer.com\/wp-content\/uploads\/2026\/02\/yelp-nfc-review-card-truzzer-white-s-1.jpg","type":"image\/jpeg"}],"twitter_card":"summary_large_image","schema":{"@context":"https:\/\/schema.org","@graph":[{"@type":"WebPage","@id":"https:\/\/www.truzzer.com\/sv\/produkt\/yelp-recension-nfc-visitkort-tap\/","url":"https:\/\/www.truzzer.com\/sv\/produkt\/yelp-recension-nfc-visitkort-tap\/","name":"Yelp Review NFC Business Card \u201dTap\u201d | truzzer","isPartOf":{"@id":"https:\/\/www.truzzer.com\/sv\/#website"},"primaryImageOfPage":{"@id":"https:\/\/www.truzzer.com\/sv\/produkt\/yelp-recension-nfc-visitkort-tap\/#primaryimage"},"image":{"@id":"https:\/\/www.truzzer.com\/sv\/produkt\/yelp-recension-nfc-visitkort-tap\/#primaryimage"},"thumbnailUrl":"https:\/\/www.truzzer.com\/wp-content\/uploads\/2026\/02\/yelp-nfc-review-card-truzzer-white-s-1.jpg","datePublished":"2026-02-05T11:45:10+00:00","dateModified":"2026-02-13T08:33:25+00:00","description":"Fler Yelp-recensioner med Yelp Review NFC Business Card \u201dTap\u201d fr\u00e5n truzzer. Enkel installation, redo att anv\u00e4nda. Best\u00e4ll nu!","breadcrumb":{"@id":"https:\/\/www.truzzer.com\/sv\/produkt\/yelp-recension-nfc-visitkort-tap\/#breadcrumb"},"inLanguage":"sv-SE","potentialAction":[{"@type":"ReadAction","target":["https:\/\/www.truzzer.com\/sv\/produkt\/yelp-recension-nfc-visitkort-tap\/"]}]},{"@type":"ImageObject","inLanguage":"sv-SE","@id":"https:\/\/www.truzzer.com\/sv\/produkt\/yelp-recension-nfc-visitkort-tap\/#primaryimage","url":"https:\/\/www.truzzer.com\/wp-content\/uploads\/2026\/02\/yelp-nfc-review-card-truzzer-white-s-1.jpg","contentUrl":"https:\/\/www.truzzer.com\/wp-content\/uploads\/2026\/02\/yelp-nfc-review-card-truzzer-white-s-1.jpg","width":1200,"height":1200},{"@type":"BreadcrumbList","@id":"https:\/\/www.truzzer.com\/sv\/produkt\/yelp-recension-nfc-visitkort-tap\/#breadcrumb","itemListElement":[{"@type":"ListItem","position":1,"name":"Home","item":"https:\/\/www.truzzer.com\/sv\/"},{"@type":"ListItem","position":2,"name":"Butik","item":"https:\/\/www.truzzer.com\/sv\/butik\/"},{"@type":"ListItem","position":3,"name":"Yelp Recension NFC Visitkort &#8220;Tap&#8221;"}]},{"@type":"WebSite","@id":"https:\/\/www.truzzer.com\/sv\/#website","url":"https:\/\/www.truzzer.com\/sv\/","name":"truzzer","description":"Experts for customer trust","publisher":{"@id":"https:\/\/www.truzzer.com\/sv\/#organization"},"potentialAction":[{"@type":"SearchAction","target":{"@type":"EntryPoint","urlTemplate":"https:\/\/www.truzzer.com\/sv\/?s={search_term_string}"},"query-input":{"@type":"PropertyValueSpecification","valueRequired":true,"valueName":"search_term_string"}}],"inLanguage":"sv-SE"},{"@type":"Organization","@id":"https:\/\/www.truzzer.com\/sv\/#organization","name":"truzzer","url":"https:\/\/www.truzzer.com\/sv\/","logo":{"@type":"ImageObject","inLanguage":"sv-SE","@id":"https:\/\/www.truzzer.com\/sv\/#\/schema\/logo\/image\/","url":"https:\/\/truzzer.com\/wp-content\/uploads\/2026\/01\/truzzer-logo-black-1.svg","contentUrl":"https:\/\/truzzer.com\/wp-content\/uploads\/2026\/01\/truzzer-logo-black-1.svg","width":938,"height":199,"caption":"truzzer"},"image":{"@id":"https:\/\/www.truzzer.com\/sv\/#\/schema\/logo\/image\/"}}]}},"tiered_pricing_type":"fixed","tiered_pricing_fixed_rules":[],"tiered_pricing_product_settings":{"layout":"default","base_unit_name":{"singular":null,"plural":null},"default_variation":null},"tiered_pricing_minimum_quantity":null,"tiered_pricing_roles_data":[],"tiered_pricing_percentage_rules":[],"tiered_pricing_maximum_quantity":null,"tiered_pricing_quantity_step":null,"_links":{"self":[{"href":"https:\/\/www.truzzer.com\/sv\/wp-json\/wp\/v2\/product\/92849","targetHints":{"allow":["GET"]}}],"collection":[{"href":"https:\/\/www.truzzer.com\/sv\/wp-json\/wp\/v2\/product"}],"about":[{"href":"https:\/\/www.truzzer.com\/sv\/wp-json\/wp\/v2\/types\/product"}],"replies":[{"embeddable":true,"href":"https:\/\/www.truzzer.com\/sv\/wp-json\/wp\/v2\/comments?post=92849"}],"wp:featuredmedia":[{"embeddable":true,"href":"https:\/\/www.truzzer.com\/sv\/wp-json\/wp\/v2\/media\/92850"}],"wp:attachment":[{"href":"https:\/\/www.truzzer.com\/sv\/wp-json\/wp\/v2\/media?parent=92849"}],"wp:term":[{"taxonomy":"product_brand","embeddable":true,"href":"https:\/\/www.truzzer.com\/sv\/wp-json\/wp\/v2\/product_brand?post=92849"},{"taxonomy":"product_cat","embeddable":true,"href":"https:\/\/www.truzzer.com\/sv\/wp-json\/wp\/v2\/product_cat?post=92849"},{"taxonomy":"product_tag","embeddable":true,"href":"https:\/\/www.truzzer.com\/sv\/wp-json\/wp\/v2\/product_tag?post=92849"}],"curies":[{"name":"wp","href":"https:\/\/api.w.org\/{rel}","templated":true}]}}