{"id":92863,"date":"2026-02-05T11:44:55","date_gmt":"2026-02-05T11:44:55","guid":{"rendered":"https:\/\/beta.truzzer.com\/product\/glafsa-recensera-business-card-clean-med-yelp-recension-qr-code\/"},"modified":"2026-02-13T08:34:28","modified_gmt":"2026-02-13T08:34:28","slug":"glafsa-recensera-business-card-clean-med-yelp-recension-qr-code","status":"publish","type":"product","link":"https:\/\/www.truzzer.com\/sv\/produkt\/glafsa-recensera-business-card-clean-med-yelp-recension-qr-code\/","title":{"rendered":"Gl\u00e4fsa! Recensera Business Card Clean med Yelp recension QR Code"},"content":{"rendered":"<h2>get Sie ganz einfach Mer Yelp-Reviewen von Kanden<\/h2>\n<p>med den truzzer Yelp! Visitkort &#8221;Clean&#8221; k\u00f6nnen Sie schneller positive Recensionen von youren zufriedenen Kanden get och din image sowie youre Reputation Boost.<\/p>\n<p>\u00d6verifiera din SEO-ranking genom att granska din Bindung zu dina f\u00f6retag och f\u00f6rb\u00e4ttra din SEO-ranking.<\/p>\n<p>Jag \u00e4r praktiskt med visitkortsformat som jag har b\u00f6rjat med M\u00f6glichkeit, mer Yelp-Reviewen f\u00f6r att f\u00e5 och die Online-Recension f\u00f6r din Kanden zug\u00e4nglich zu machen.<\/p>\n<p>Geben Sie die truzzer Yelp Visitkort an du \u00e4r Kanden, legen Sie sie in die Einkaufstasche, senden Sie sie with youren Produkten eller platzieren Sie sie auf den Tischen im Restaurant. Fertig.<\/p>\n<p>Der QR Code f\u00fchrt youre Kanden direkt zu yourer Yelp-Review, OHNE dass sie your Unternehmen zuerst suchen m\u00fcssen. S\u00e5 verhindern Sie Abspr\u00fcnge bei der Yelp-Review.<\/p>\n<p>Sie k\u00f6nnen die Yelp-Business Cards \u00e4r helt enkelt med din logotyp personliga och din f\u00f6retags anpassen.<\/p>\n<p>Den &#8221;Bewerten Sie uns auf Yelp&#8221;-Produkten \u00e4r enkla att anv\u00e4nda, som vi inte anv\u00e4nder p\u00e5 Google-ReviewsSticker.<\/p>\n<p>&nbsp;<\/p>\n<p>&nbsp;<\/p>\n<h3>Schritt 1: Der Kande scannt den QR Code<\/h3>\n<p>Um Ihnen zu folgen, muss der Kande nur den QR Code scan. D\u00e5 m\u00e5ste du kameran f\u00f6r smartphones (inte tillg\u00e4nglig skanner-app) \u00e4r enkelt \u00f6ver produktens kvalitet.<\/p>\n<p><img decoding=\"async\" src=\"https:\/\/www.truzzer.com\/wp-content\/uploads\/2026\/02\/how-to-use-the-product-truzzer-google.jpg.webp\" height=\"933\" width=\"1400\" class=\"alignnone wp-image-22402 size-full\" alt=\"Hand scanning a QR code for Google reviews on a smartphone.\"  > <\/p>\n<p>Ein Pop-up visas d\u00e5 p\u00e5 Bildschirm (iPhone) eller en QR-kod med angezeigt (Android\/Google-Smartphones).<\/p>\n<h3>Schritt 2: Der Kande gelangt direkt zum Google-Reviewsformular<\/h3>\n<p>Das Reviewsformular \u00f6ffnet sich im Browser des Smartphones, and der Kande kan Sie direkt bewerten.<\/p>\n<p>Tips:<\/p>\n<p>Bitte beachten Sie, that a Google My Business-Profil erforderlich ist, um Google-Reviewen to get.<\/p>\n<p>&nbsp;<\/p>\n","protected":false},"excerpt":{"rendered":"<p>Machen Sie es youren Kanden leicht, Sie auf Yelp zu bewerten!<\/p>\n<p>med Yelp-Business Cards \u201eClean\u201c med Yelp-Reviews-QR-kod i en enkel reduzierten och ansprechenden design, d\u00e5 du har f\u00f6retagspasset, kan du anv\u00e4nda Yelp-Reviewen \u00fcberall gewinnen.<\/p>\n<p>Im handlichen Visit Cardsformat sind die \u201eBewerten Sie uns auf Yelp\u201c-Business Cards idealiska f\u00f6r jedermann och jedes Unternehmen.<\/p>\n<p>S\u00e5 helfen Ihnen die Yelp-Recensioner-Business Cards<\/p>\n<p>Die visitkort beseitigen die gr\u00f6\u00dften H\u00fcrden for youre Kanden bei der Yelp-Review:<\/p>\n<ul>\n<li>Keine unangenehmen Fragen och Bitten \u2013 einfach \u00fcberreichen. Der Call-to-Action \u00fcbernimmt das for Sie.<\/li>\n<li>Recensionen blev inte mycket viktig, d\u00e5 kan du skriva och Yelp-Reviewen har gjorts.<\/li>\n<li>Kein Suchen och keine Schwierigkeiten: Der QR Code f\u00fchrt direkt zu yourem Reviewsformular.<\/li>\n<li>Greifbar: Die Business Cards machen die Yelp-Review greifbar.<\/li>\n<li>Keine zus\u00e4tzliche App: QR-koden kan enkelt anv\u00e4ndas med smartphone-kameran.<\/li>\n<\/ul>\n<p>Wir erstellen and verlinken den QR Code for die direct Recensera auf yourem Yelp-Profil! Diese Informationen entnehmen wir yourer Firmenadresse.<\/p>\n<p>F\u00f6r att fylla din logotyp \u00f6ver uppladdningsfunktionen och s\u00e4tta dig i kontakt med din logotyp.<\/p>\n","protected":false},"featured_media":92864,"comment_status":"open","ping_status":"closed","template":"","meta":{"_acf_changed":false,"_yoast_wpseo_focuskw":"Yelp Recension Visitkort","_yoast_wpseo_title":"Yelp! Review Business Card Clean with Yelp revi... | truzzer","_yoast_wpseo_metadesc":"Fler Yelp-recensioner med Yelp! Review Business Card Clean with Yelp review QR Code fr\u00e5n truzzer. Enkel installation, redo att anv\u00e4nda. Best\u00e4ll nu!"},"product_brand":[1710],"product_cat":[544,616,617,587,546],"product_tag":[],"class_list":{"0":"post-92863","1":"product","2":"type-product","3":"status-publish","4":"has-post-thumbnail","6":"product_brand-yelp","7":"product_cat-qr-kod-produkter","8":"product_cat-qr-kod-visitkort","9":"product_cat-qr-kod-visitkort-med-kontaktuppgifter","10":"product_cat-yelp-recension-visitkort","11":"product_cat-yelp-recensioner","12":"pa_product-type-visitekaartjes","13":"pa_technology-qr-kod","15":"first","16":"instock","17":"taxable","18":"shipping-taxable","19":"purchasable","20":"product-type-simple"},"acf":[],"yoast_head":"<!-- This site is optimized with the Yoast SEO plugin v27.0 - https:\/\/yoast.com\/product\/yoast-seo-wordpress\/ -->\n<title>Yelp! Review Business Card Clean with Yelp revi... | truzzer<\/title>\n<meta name=\"description\" content=\"Fler Yelp-recensioner med Yelp! Review Business Card Clean with Yelp review QR Code fr\u00e5n truzzer. Enkel installation, redo att anv\u00e4nda. Best\u00e4ll nu!\" \/>\n<meta name=\"robots\" content=\"index, follow, max-snippet:-1, max-image-preview:large, max-video-preview:-1\" \/>\n<link rel=\"canonical\" href=\"https:\/\/www.truzzer.com\/sv\/produkt\/glafsa-recensera-business-card-clean-med-yelp-recension-qr-code\/\" \/>\n<meta property=\"og:locale\" content=\"sv_SE\" \/>\n<meta property=\"og:type\" content=\"article\" \/>\n<meta property=\"og:title\" content=\"Yelp! Review Business Card Clean with Yelp revi... | truzzer\" \/>\n<meta property=\"og:description\" content=\"Fler Yelp-recensioner med Yelp! Review Business Card Clean with Yelp review QR Code fr\u00e5n truzzer. Enkel installation, redo att anv\u00e4nda. Best\u00e4ll nu!\" \/>\n<meta property=\"og:url\" content=\"https:\/\/www.truzzer.com\/sv\/produkt\/glafsa-recensera-business-card-clean-med-yelp-recension-qr-code\/\" \/>\n<meta property=\"og:site_name\" content=\"truzzer\" \/>\n<meta property=\"article:modified_time\" content=\"2026-02-13T08:34:28+00:00\" \/>\n<meta property=\"og:image\" content=\"https:\/\/www.truzzer.com\/wp-content\/uploads\/2026\/02\/review-us-on-yelp-business-card-clean-with-review-qr-code-color-truzzer-2-2.jpg\" \/>\n\t<meta property=\"og:image:width\" content=\"1200\" \/>\n\t<meta property=\"og:image:height\" content=\"1200\" \/>\n\t<meta property=\"og:image:type\" content=\"image\/jpeg\" \/>\n<meta name=\"twitter:card\" content=\"summary_large_image\" \/>\n<meta name=\"twitter:label1\" content=\"Ber\u00e4knad l\u00e4stid\" \/>\n\t<meta name=\"twitter:data1\" content=\"1 minut\" \/>\n<script type=\"application\/ld+json\" class=\"yoast-schema-graph\">{\"@context\":\"https:\/\/schema.org\",\"@graph\":[{\"@type\":\"WebPage\",\"@id\":\"https:\/\/www.truzzer.com\/sv\/produkt\/glafsa-recensera-business-card-clean-med-yelp-recension-qr-code\/\",\"url\":\"https:\/\/www.truzzer.com\/sv\/produkt\/glafsa-recensera-business-card-clean-med-yelp-recension-qr-code\/\",\"name\":\"Yelp! Review Business Card Clean with Yelp revi... | truzzer\",\"isPartOf\":{\"@id\":\"https:\/\/www.truzzer.com\/sv\/#website\"},\"primaryImageOfPage\":{\"@id\":\"https:\/\/www.truzzer.com\/sv\/produkt\/glafsa-recensera-business-card-clean-med-yelp-recension-qr-code\/#primaryimage\"},\"image\":{\"@id\":\"https:\/\/www.truzzer.com\/sv\/produkt\/glafsa-recensera-business-card-clean-med-yelp-recension-qr-code\/#primaryimage\"},\"thumbnailUrl\":\"https:\/\/www.truzzer.com\/wp-content\/uploads\/2026\/02\/review-us-on-yelp-business-card-clean-with-review-qr-code-color-truzzer-2-2.jpg\",\"datePublished\":\"2026-02-05T11:44:55+00:00\",\"dateModified\":\"2026-02-13T08:34:28+00:00\",\"description\":\"Fler Yelp-recensioner med Yelp! Review Business Card Clean with Yelp review QR Code fr\u00e5n truzzer. Enkel installation, redo att anv\u00e4nda. Best\u00e4ll nu!\",\"breadcrumb\":{\"@id\":\"https:\/\/www.truzzer.com\/sv\/produkt\/glafsa-recensera-business-card-clean-med-yelp-recension-qr-code\/#breadcrumb\"},\"inLanguage\":\"sv-SE\",\"potentialAction\":[{\"@type\":\"ReadAction\",\"target\":[\"https:\/\/www.truzzer.com\/sv\/produkt\/glafsa-recensera-business-card-clean-med-yelp-recension-qr-code\/\"]}]},{\"@type\":\"ImageObject\",\"inLanguage\":\"sv-SE\",\"@id\":\"https:\/\/www.truzzer.com\/sv\/produkt\/glafsa-recensera-business-card-clean-med-yelp-recension-qr-code\/#primaryimage\",\"url\":\"https:\/\/www.truzzer.com\/wp-content\/uploads\/2026\/02\/review-us-on-yelp-business-card-clean-with-review-qr-code-color-truzzer-2-2.jpg\",\"contentUrl\":\"https:\/\/www.truzzer.com\/wp-content\/uploads\/2026\/02\/review-us-on-yelp-business-card-clean-with-review-qr-code-color-truzzer-2-2.jpg\",\"width\":1200,\"height\":1200},{\"@type\":\"BreadcrumbList\",\"@id\":\"https:\/\/www.truzzer.com\/sv\/produkt\/glafsa-recensera-business-card-clean-med-yelp-recension-qr-code\/#breadcrumb\",\"itemListElement\":[{\"@type\":\"ListItem\",\"position\":1,\"name\":\"Home\",\"item\":\"https:\/\/www.truzzer.com\/sv\/\"},{\"@type\":\"ListItem\",\"position\":2,\"name\":\"Butik\",\"item\":\"https:\/\/www.truzzer.com\/sv\/butik\/\"},{\"@type\":\"ListItem\",\"position\":3,\"name\":\"Gl\u00e4fsa! Recensera Business Card Clean med Yelp recension QR Code\"}]},{\"@type\":\"WebSite\",\"@id\":\"https:\/\/www.truzzer.com\/sv\/#website\",\"url\":\"https:\/\/www.truzzer.com\/sv\/\",\"name\":\"truzzer\",\"description\":\"Experts for customer trust\",\"publisher\":{\"@id\":\"https:\/\/www.truzzer.com\/sv\/#organization\"},\"potentialAction\":[{\"@type\":\"SearchAction\",\"target\":{\"@type\":\"EntryPoint\",\"urlTemplate\":\"https:\/\/www.truzzer.com\/sv\/?s={search_term_string}\"},\"query-input\":{\"@type\":\"PropertyValueSpecification\",\"valueRequired\":true,\"valueName\":\"search_term_string\"}}],\"inLanguage\":\"sv-SE\"},{\"@type\":\"Organization\",\"@id\":\"https:\/\/www.truzzer.com\/sv\/#organization\",\"name\":\"truzzer\",\"url\":\"https:\/\/www.truzzer.com\/sv\/\",\"logo\":{\"@type\":\"ImageObject\",\"inLanguage\":\"sv-SE\",\"@id\":\"https:\/\/www.truzzer.com\/sv\/#\/schema\/logo\/image\/\",\"url\":\"https:\/\/truzzer.com\/wp-content\/uploads\/2026\/01\/truzzer-logo-black-1.svg\",\"contentUrl\":\"https:\/\/truzzer.com\/wp-content\/uploads\/2026\/01\/truzzer-logo-black-1.svg\",\"width\":938,\"height\":199,\"caption\":\"truzzer\"},\"image\":{\"@id\":\"https:\/\/www.truzzer.com\/sv\/#\/schema\/logo\/image\/\"}}]}<\/script>\n<!-- \/ Yoast SEO plugin. -->","yoast_head_json":{"title":"Yelp! Review Business Card Clean with Yelp revi... | truzzer","description":"Fler Yelp-recensioner med Yelp! Review Business Card Clean with Yelp review QR Code fr\u00e5n truzzer. Enkel installation, redo att anv\u00e4nda. Best\u00e4ll nu!","robots":{"index":"index","follow":"follow","max-snippet":"max-snippet:-1","max-image-preview":"max-image-preview:large","max-video-preview":"max-video-preview:-1"},"canonical":"https:\/\/www.truzzer.com\/sv\/produkt\/glafsa-recensera-business-card-clean-med-yelp-recension-qr-code\/","og_locale":"sv_SE","og_type":"article","og_title":"Yelp! Review Business Card Clean with Yelp revi... | truzzer","og_description":"Fler Yelp-recensioner med Yelp! Review Business Card Clean with Yelp review QR Code fr\u00e5n truzzer. Enkel installation, redo att anv\u00e4nda. Best\u00e4ll nu!","og_url":"https:\/\/www.truzzer.com\/sv\/produkt\/glafsa-recensera-business-card-clean-med-yelp-recension-qr-code\/","og_site_name":"truzzer","article_modified_time":"2026-02-13T08:34:28+00:00","og_image":[{"width":1200,"height":1200,"url":"https:\/\/www.truzzer.com\/wp-content\/uploads\/2026\/02\/review-us-on-yelp-business-card-clean-with-review-qr-code-color-truzzer-2-2.jpg","type":"image\/jpeg"}],"twitter_card":"summary_large_image","twitter_misc":{"Ber\u00e4knad l\u00e4stid":"1 minut"},"schema":{"@context":"https:\/\/schema.org","@graph":[{"@type":"WebPage","@id":"https:\/\/www.truzzer.com\/sv\/produkt\/glafsa-recensera-business-card-clean-med-yelp-recension-qr-code\/","url":"https:\/\/www.truzzer.com\/sv\/produkt\/glafsa-recensera-business-card-clean-med-yelp-recension-qr-code\/","name":"Yelp! Review Business Card Clean with Yelp revi... | truzzer","isPartOf":{"@id":"https:\/\/www.truzzer.com\/sv\/#website"},"primaryImageOfPage":{"@id":"https:\/\/www.truzzer.com\/sv\/produkt\/glafsa-recensera-business-card-clean-med-yelp-recension-qr-code\/#primaryimage"},"image":{"@id":"https:\/\/www.truzzer.com\/sv\/produkt\/glafsa-recensera-business-card-clean-med-yelp-recension-qr-code\/#primaryimage"},"thumbnailUrl":"https:\/\/www.truzzer.com\/wp-content\/uploads\/2026\/02\/review-us-on-yelp-business-card-clean-with-review-qr-code-color-truzzer-2-2.jpg","datePublished":"2026-02-05T11:44:55+00:00","dateModified":"2026-02-13T08:34:28+00:00","description":"Fler Yelp-recensioner med Yelp! Review Business Card Clean with Yelp review QR Code fr\u00e5n truzzer. Enkel installation, redo att anv\u00e4nda. Best\u00e4ll nu!","breadcrumb":{"@id":"https:\/\/www.truzzer.com\/sv\/produkt\/glafsa-recensera-business-card-clean-med-yelp-recension-qr-code\/#breadcrumb"},"inLanguage":"sv-SE","potentialAction":[{"@type":"ReadAction","target":["https:\/\/www.truzzer.com\/sv\/produkt\/glafsa-recensera-business-card-clean-med-yelp-recension-qr-code\/"]}]},{"@type":"ImageObject","inLanguage":"sv-SE","@id":"https:\/\/www.truzzer.com\/sv\/produkt\/glafsa-recensera-business-card-clean-med-yelp-recension-qr-code\/#primaryimage","url":"https:\/\/www.truzzer.com\/wp-content\/uploads\/2026\/02\/review-us-on-yelp-business-card-clean-with-review-qr-code-color-truzzer-2-2.jpg","contentUrl":"https:\/\/www.truzzer.com\/wp-content\/uploads\/2026\/02\/review-us-on-yelp-business-card-clean-with-review-qr-code-color-truzzer-2-2.jpg","width":1200,"height":1200},{"@type":"BreadcrumbList","@id":"https:\/\/www.truzzer.com\/sv\/produkt\/glafsa-recensera-business-card-clean-med-yelp-recension-qr-code\/#breadcrumb","itemListElement":[{"@type":"ListItem","position":1,"name":"Home","item":"https:\/\/www.truzzer.com\/sv\/"},{"@type":"ListItem","position":2,"name":"Butik","item":"https:\/\/www.truzzer.com\/sv\/butik\/"},{"@type":"ListItem","position":3,"name":"Gl\u00e4fsa! Recensera Business Card Clean med Yelp recension QR Code"}]},{"@type":"WebSite","@id":"https:\/\/www.truzzer.com\/sv\/#website","url":"https:\/\/www.truzzer.com\/sv\/","name":"truzzer","description":"Experts for customer trust","publisher":{"@id":"https:\/\/www.truzzer.com\/sv\/#organization"},"potentialAction":[{"@type":"SearchAction","target":{"@type":"EntryPoint","urlTemplate":"https:\/\/www.truzzer.com\/sv\/?s={search_term_string}"},"query-input":{"@type":"PropertyValueSpecification","valueRequired":true,"valueName":"search_term_string"}}],"inLanguage":"sv-SE"},{"@type":"Organization","@id":"https:\/\/www.truzzer.com\/sv\/#organization","name":"truzzer","url":"https:\/\/www.truzzer.com\/sv\/","logo":{"@type":"ImageObject","inLanguage":"sv-SE","@id":"https:\/\/www.truzzer.com\/sv\/#\/schema\/logo\/image\/","url":"https:\/\/truzzer.com\/wp-content\/uploads\/2026\/01\/truzzer-logo-black-1.svg","contentUrl":"https:\/\/truzzer.com\/wp-content\/uploads\/2026\/01\/truzzer-logo-black-1.svg","width":938,"height":199,"caption":"truzzer"},"image":{"@id":"https:\/\/www.truzzer.com\/sv\/#\/schema\/logo\/image\/"}}]}},"tiered_pricing_type":"fixed","tiered_pricing_fixed_rules":[],"tiered_pricing_product_settings":{"layout":"default","base_unit_name":{"singular":null,"plural":null},"default_variation":null},"tiered_pricing_minimum_quantity":null,"tiered_pricing_roles_data":[],"tiered_pricing_percentage_rules":[],"tiered_pricing_maximum_quantity":null,"tiered_pricing_quantity_step":null,"_links":{"self":[{"href":"https:\/\/www.truzzer.com\/sv\/wp-json\/wp\/v2\/product\/92863","targetHints":{"allow":["GET"]}}],"collection":[{"href":"https:\/\/www.truzzer.com\/sv\/wp-json\/wp\/v2\/product"}],"about":[{"href":"https:\/\/www.truzzer.com\/sv\/wp-json\/wp\/v2\/types\/product"}],"replies":[{"embeddable":true,"href":"https:\/\/www.truzzer.com\/sv\/wp-json\/wp\/v2\/comments?post=92863"}],"wp:featuredmedia":[{"embeddable":true,"href":"https:\/\/www.truzzer.com\/sv\/wp-json\/wp\/v2\/media\/92864"}],"wp:attachment":[{"href":"https:\/\/www.truzzer.com\/sv\/wp-json\/wp\/v2\/media?parent=92863"}],"wp:term":[{"taxonomy":"product_brand","embeddable":true,"href":"https:\/\/www.truzzer.com\/sv\/wp-json\/wp\/v2\/product_brand?post=92863"},{"taxonomy":"product_cat","embeddable":true,"href":"https:\/\/www.truzzer.com\/sv\/wp-json\/wp\/v2\/product_cat?post=92863"},{"taxonomy":"product_tag","embeddable":true,"href":"https:\/\/www.truzzer.com\/sv\/wp-json\/wp\/v2\/product_tag?post=92863"}],"curies":[{"name":"wp","href":"https:\/\/api.w.org\/{rel}","templated":true}]}}