{"id":93202,"date":"2026-02-01T20:11:31","date_gmt":"2026-02-01T20:11:31","guid":{"rendered":"https:\/\/beta.truzzer.com\/product\/recensera-oss-pa-google-card-bold\/"},"modified":"2026-02-13T09:52:25","modified_gmt":"2026-02-13T09:52:25","slug":"recensera-oss-pa-google-card-bold","status":"publish","type":"product","link":"https:\/\/www.truzzer.com\/sv\/produkt\/recensera-oss-pa-google-card-bold\/","title":{"rendered":"Recensera oss p\u00e5 Google Card Bold"},"content":{"rendered":"<h2>F\u00e5 helt enkelt fler Google-recensioner fr\u00e5n kunder<\/h2>\n<p>Med truzzer Googles recensionskort kan du snabbare f\u00e5 positiva recensioner fr\u00e5n dina n\u00f6jda kunder och f\u00f6rb\u00e4ttra din image och ditt rykte.<br \/>\nDessutom \u00f6kar du bandet med ditt f\u00f6retag och din SEO-rankning genom de positiva betygen.<\/p>\n<p>I det praktiska och samtidigt sl\u00e5ende vykortsformatet (10,5 cm x 14,8 cm \/ 4,1&#8243; x 5,2&#8243;) g\u00f6r du onlinerecensionen p\u00e5taglig f\u00f6r dina kunder.<br \/>\nL\u00e4gg truzzer Googles recensionskort i dina kunders shoppingp\u00e5sar, ge dem till notan, skicka dem med dina produkter eller l\u00e4gg dem p\u00e5 borden i restaurangen. Gjort.<\/p>\n<p>QR-koden tar kunderna direkt till ditt Google recensionsformul\u00e4r UTAN att beh\u00f6va s\u00f6ka efter dig p\u00e5 Google f\u00f6rst. S\u00e5 minskar du hopp i Google-recensionen.<\/p>\n<p>Du kan enkelt anpassa Googles recensionskort med din logotyp och anpassa dem till ditt f\u00f6retag.<\/p>\n<p>Granska oss p\u00e5 Google-produkterna \u00e4r l\u00e4tta att anv\u00e4nda, som vi skulle vilja visa dig nedan med hj\u00e4lp av exemplet med recensionsdekaler.<\/p>\n<p>&nbsp;<\/p>\n<h3>Steg 1: Kunden skannar QR-koden<\/h3>\n<p>F\u00f6r att f\u00f6lja dig beh\u00f6ver kunden bara skanna QR-koden. Allt du beh\u00f6ver g\u00f6ra \u00e4r att h\u00e5lla smartphonekameran (ingen extra skannerapp beh\u00f6vs) \u00f6ver produkten.<\/p>\n<p><img decoding=\"async\" src=\"https:\/\/www.truzzer.com\/wp-content\/uploads\/2026\/02\/how-to-use-the-product-truzzer-google.jpg.webp\" height=\"933\" width=\"1400\" class=\"alignnone wp-image-22402 size-full\" alt=\"Hand scanning a QR code for Google reviews on a smartphone.\"  > <\/p>\n<p>En popup kommer d\u00e5 att visas p\u00e5 sk\u00e4rmen (iPhone) eller en QR-kod visas (Android \/ Google smartphones).<\/p>\n<h3>Steg 2: Kunden g\u00e5r direkt till Googles recensionsformul\u00e4r<\/h3>\n<p>Granskningsformul\u00e4ret \u00f6ppnas i smartphones webbl\u00e4sare och kunden kan granska dig direkt.<\/p>\n<p>Observera:<br \/>\nObservera att en Google My Business-profil kr\u00e4vs f\u00f6r att f\u00e5 Google-recensioner.<\/p>\n<p>&nbsp;<\/p>\n","protected":false},"excerpt":{"rendered":"<p>G\u00f6r Google-recensionen p\u00e5taglig f\u00f6r dina kunder och hj\u00e4lp dem att enkelt recensera dig p\u00e5 Google med Googles &#8221;Fet&#8221; recensionskort i en reducerad och attraktiv design som passar perfekt in i alla f\u00f6retag.<br \/>\nGe helt enkelt korten till dina kunder, st\u00e4ll ut dem i butiken eller l\u00e4gg dem i din shoppingv\u00e4ska.<br \/>\nDina kunder ser beg\u00e4ran om att granska dig och beh\u00f6ver bara h\u00e5lla smartphonekameran \u00f6ver QR-koden och granska dig direkt.<\/p>\n<p>Korten \u00e4r personliga med din logotyp p\u00e5 fram- och baksidan och QR-koden leder direkt till ditt recensionsformul\u00e4r p\u00e5 Google.<br \/>\nVi kommer att skapa och l\u00e4nka QR-koden f\u00f6r direkt granskning p\u00e5 din Google-profil \u00e5t dig!<br \/>\nVi h\u00e4mtar denna information fr\u00e5n din f\u00f6retagsadress.<\/p>\n<p>Recensionskorten hj\u00e4lper dig om:<\/p>\n<p>Du vill f\u00e5 fler recensioner p\u00e5 Google<\/p>\n<p>Du vill attrahera fler kunder och \u00f6ka din f\u00f6rs\u00e4ljning<\/p>\n<\/p>\n<p>Du kan hitta mer information om hur korten hj\u00e4lper dig h\u00e4r: <a href=\"https:\/\/www.truzzer.com\/product\/google-bewertungskarte-minimal\/#tab-woodmart_custom_tab\"><\/a><\/p>\n","protected":false},"featured_media":93203,"comment_status":"open","ping_status":"closed","template":"","meta":{"_acf_changed":false,"_yoast_wpseo_focuskw":"Google Recension Visitkort","_yoast_wpseo_title":"Review us on Google Card Bold | truzzer","_yoast_wpseo_metadesc":"Fler 5-stj\u00e4rniga Google-recensioner med Review us on Google Card Bold fr\u00e5n truzzer. Enkel installation, redo att anv\u00e4nda. Best\u00e4ll nu!"},"product_brand":[1657],"product_cat":[804,803,805,806,544],"product_tag":[],"class_list":{"0":"post-93202","1":"product","2":"type-product","3":"status-publish","4":"has-post-thumbnail","6":"product_brand-google","7":"product_cat-google-recension-kort","8":"product_cat-google-recension-produkter","9":"product_cat-google-recension-recensionskort-med-qr-kod","10":"product_cat-qr-kod-kort","11":"product_cat-qr-kod-produkter","12":"pa_industry-byra-konsultverksamhet","13":"pa_industry-lokale-diensten","14":"pa_industry-onroerend-goed","15":"pa_material-karton","16":"pa_placement-balie-receptie","17":"pa_placement-broschyr","18":"pa_placement-portemonnee-personlijk","19":"pa_product-type-kaarten","20":"pa_shape-rechthoek","21":"pa_technology-qr-code","22":"pa_technology-qr-kod","24":"first","25":"instock","26":"taxable","27":"shipping-taxable","28":"purchasable","29":"product-type-simple"},"acf":[],"yoast_head":"<!-- This site is optimized with the Yoast SEO plugin v27.0 - https:\/\/yoast.com\/product\/yoast-seo-wordpress\/ -->\n<title>Review us on Google Card Bold | truzzer<\/title>\n<meta name=\"description\" content=\"Fler 5-stj\u00e4rniga Google-recensioner med Review us on Google Card Bold fr\u00e5n truzzer. Enkel installation, redo att anv\u00e4nda. Best\u00e4ll nu!\" \/>\n<meta name=\"robots\" content=\"index, follow, max-snippet:-1, max-image-preview:large, max-video-preview:-1\" \/>\n<link rel=\"canonical\" href=\"https:\/\/www.truzzer.com\/sv\/produkt\/recensera-oss-pa-google-card-bold\/\" \/>\n<meta property=\"og:locale\" content=\"sv_SE\" \/>\n<meta property=\"og:type\" content=\"article\" \/>\n<meta property=\"og:title\" content=\"Review us on Google Card Bold | truzzer\" \/>\n<meta property=\"og:description\" content=\"Fler 5-stj\u00e4rniga Google-recensioner med Review us on Google Card Bold fr\u00e5n truzzer. Enkel installation, redo att anv\u00e4nda. Best\u00e4ll nu!\" \/>\n<meta property=\"og:url\" content=\"https:\/\/www.truzzer.com\/sv\/produkt\/recensera-oss-pa-google-card-bold\/\" \/>\n<meta property=\"og:site_name\" content=\"truzzer\" \/>\n<meta property=\"article:modified_time\" content=\"2026-02-13T09:52:25+00:00\" \/>\n<meta property=\"og:image\" content=\"https:\/\/www.truzzer.com\/wp-content\/uploads\/2026\/02\/review-us-on-google-card-bold-front-qr-code-truzzer-1-von-11-3.jpg\" \/>\n\t<meta property=\"og:image:width\" content=\"1400\" \/>\n\t<meta property=\"og:image:height\" content=\"1400\" \/>\n\t<meta property=\"og:image:type\" content=\"image\/jpeg\" \/>\n<meta name=\"twitter:card\" content=\"summary_large_image\" \/>\n<meta name=\"twitter:label1\" content=\"Ber\u00e4knad l\u00e4stid\" \/>\n\t<meta name=\"twitter:data1\" content=\"1 minut\" \/>\n<script type=\"application\/ld+json\" class=\"yoast-schema-graph\">{\"@context\":\"https:\/\/schema.org\",\"@graph\":[{\"@type\":\"WebPage\",\"@id\":\"https:\/\/www.truzzer.com\/sv\/produkt\/recensera-oss-pa-google-card-bold\/\",\"url\":\"https:\/\/www.truzzer.com\/sv\/produkt\/recensera-oss-pa-google-card-bold\/\",\"name\":\"Review us on Google Card Bold | truzzer\",\"isPartOf\":{\"@id\":\"https:\/\/www.truzzer.com\/sv\/#website\"},\"primaryImageOfPage\":{\"@id\":\"https:\/\/www.truzzer.com\/sv\/produkt\/recensera-oss-pa-google-card-bold\/#primaryimage\"},\"image\":{\"@id\":\"https:\/\/www.truzzer.com\/sv\/produkt\/recensera-oss-pa-google-card-bold\/#primaryimage\"},\"thumbnailUrl\":\"https:\/\/www.truzzer.com\/wp-content\/uploads\/2026\/02\/review-us-on-google-card-bold-front-qr-code-truzzer-1-von-11-3.jpg\",\"datePublished\":\"2026-02-01T20:11:31+00:00\",\"dateModified\":\"2026-02-13T09:52:25+00:00\",\"description\":\"Fler 5-stj\u00e4rniga Google-recensioner med Review us on Google Card Bold fr\u00e5n truzzer. Enkel installation, redo att anv\u00e4nda. Best\u00e4ll nu!\",\"breadcrumb\":{\"@id\":\"https:\/\/www.truzzer.com\/sv\/produkt\/recensera-oss-pa-google-card-bold\/#breadcrumb\"},\"inLanguage\":\"sv-SE\",\"potentialAction\":[{\"@type\":\"ReadAction\",\"target\":[\"https:\/\/www.truzzer.com\/sv\/produkt\/recensera-oss-pa-google-card-bold\/\"]}]},{\"@type\":\"ImageObject\",\"inLanguage\":\"sv-SE\",\"@id\":\"https:\/\/www.truzzer.com\/sv\/produkt\/recensera-oss-pa-google-card-bold\/#primaryimage\",\"url\":\"https:\/\/www.truzzer.com\/wp-content\/uploads\/2026\/02\/review-us-on-google-card-bold-front-qr-code-truzzer-1-von-11-3.jpg\",\"contentUrl\":\"https:\/\/www.truzzer.com\/wp-content\/uploads\/2026\/02\/review-us-on-google-card-bold-front-qr-code-truzzer-1-von-11-3.jpg\",\"width\":1400,\"height\":1400},{\"@type\":\"BreadcrumbList\",\"@id\":\"https:\/\/www.truzzer.com\/sv\/produkt\/recensera-oss-pa-google-card-bold\/#breadcrumb\",\"itemListElement\":[{\"@type\":\"ListItem\",\"position\":1,\"name\":\"Home\",\"item\":\"https:\/\/www.truzzer.com\/sv\/\"},{\"@type\":\"ListItem\",\"position\":2,\"name\":\"Butik\",\"item\":\"https:\/\/www.truzzer.com\/sv\/butik\/\"},{\"@type\":\"ListItem\",\"position\":3,\"name\":\"Recensera oss p\u00e5 Google Card Bold\"}]},{\"@type\":\"WebSite\",\"@id\":\"https:\/\/www.truzzer.com\/sv\/#website\",\"url\":\"https:\/\/www.truzzer.com\/sv\/\",\"name\":\"truzzer\",\"description\":\"Experts for customer trust\",\"publisher\":{\"@id\":\"https:\/\/www.truzzer.com\/sv\/#organization\"},\"potentialAction\":[{\"@type\":\"SearchAction\",\"target\":{\"@type\":\"EntryPoint\",\"urlTemplate\":\"https:\/\/www.truzzer.com\/sv\/?s={search_term_string}\"},\"query-input\":{\"@type\":\"PropertyValueSpecification\",\"valueRequired\":true,\"valueName\":\"search_term_string\"}}],\"inLanguage\":\"sv-SE\"},{\"@type\":\"Organization\",\"@id\":\"https:\/\/www.truzzer.com\/sv\/#organization\",\"name\":\"truzzer\",\"url\":\"https:\/\/www.truzzer.com\/sv\/\",\"logo\":{\"@type\":\"ImageObject\",\"inLanguage\":\"sv-SE\",\"@id\":\"https:\/\/www.truzzer.com\/sv\/#\/schema\/logo\/image\/\",\"url\":\"https:\/\/truzzer.com\/wp-content\/uploads\/2026\/01\/truzzer-logo-black-1.svg\",\"contentUrl\":\"https:\/\/truzzer.com\/wp-content\/uploads\/2026\/01\/truzzer-logo-black-1.svg\",\"width\":938,\"height\":199,\"caption\":\"truzzer\"},\"image\":{\"@id\":\"https:\/\/www.truzzer.com\/sv\/#\/schema\/logo\/image\/\"}}]}<\/script>\n<!-- \/ Yoast SEO plugin. -->","yoast_head_json":{"title":"Review us on Google Card Bold | truzzer","description":"Fler 5-stj\u00e4rniga Google-recensioner med Review us on Google Card Bold fr\u00e5n truzzer. Enkel installation, redo att anv\u00e4nda. Best\u00e4ll nu!","robots":{"index":"index","follow":"follow","max-snippet":"max-snippet:-1","max-image-preview":"max-image-preview:large","max-video-preview":"max-video-preview:-1"},"canonical":"https:\/\/www.truzzer.com\/sv\/produkt\/recensera-oss-pa-google-card-bold\/","og_locale":"sv_SE","og_type":"article","og_title":"Review us on Google Card Bold | truzzer","og_description":"Fler 5-stj\u00e4rniga Google-recensioner med Review us on Google Card Bold fr\u00e5n truzzer. Enkel installation, redo att anv\u00e4nda. Best\u00e4ll nu!","og_url":"https:\/\/www.truzzer.com\/sv\/produkt\/recensera-oss-pa-google-card-bold\/","og_site_name":"truzzer","article_modified_time":"2026-02-13T09:52:25+00:00","og_image":[{"width":1400,"height":1400,"url":"https:\/\/www.truzzer.com\/wp-content\/uploads\/2026\/02\/review-us-on-google-card-bold-front-qr-code-truzzer-1-von-11-3.jpg","type":"image\/jpeg"}],"twitter_card":"summary_large_image","twitter_misc":{"Ber\u00e4knad l\u00e4stid":"1 minut"},"schema":{"@context":"https:\/\/schema.org","@graph":[{"@type":"WebPage","@id":"https:\/\/www.truzzer.com\/sv\/produkt\/recensera-oss-pa-google-card-bold\/","url":"https:\/\/www.truzzer.com\/sv\/produkt\/recensera-oss-pa-google-card-bold\/","name":"Review us on Google Card Bold | truzzer","isPartOf":{"@id":"https:\/\/www.truzzer.com\/sv\/#website"},"primaryImageOfPage":{"@id":"https:\/\/www.truzzer.com\/sv\/produkt\/recensera-oss-pa-google-card-bold\/#primaryimage"},"image":{"@id":"https:\/\/www.truzzer.com\/sv\/produkt\/recensera-oss-pa-google-card-bold\/#primaryimage"},"thumbnailUrl":"https:\/\/www.truzzer.com\/wp-content\/uploads\/2026\/02\/review-us-on-google-card-bold-front-qr-code-truzzer-1-von-11-3.jpg","datePublished":"2026-02-01T20:11:31+00:00","dateModified":"2026-02-13T09:52:25+00:00","description":"Fler 5-stj\u00e4rniga Google-recensioner med Review us on Google Card Bold fr\u00e5n truzzer. Enkel installation, redo att anv\u00e4nda. Best\u00e4ll nu!","breadcrumb":{"@id":"https:\/\/www.truzzer.com\/sv\/produkt\/recensera-oss-pa-google-card-bold\/#breadcrumb"},"inLanguage":"sv-SE","potentialAction":[{"@type":"ReadAction","target":["https:\/\/www.truzzer.com\/sv\/produkt\/recensera-oss-pa-google-card-bold\/"]}]},{"@type":"ImageObject","inLanguage":"sv-SE","@id":"https:\/\/www.truzzer.com\/sv\/produkt\/recensera-oss-pa-google-card-bold\/#primaryimage","url":"https:\/\/www.truzzer.com\/wp-content\/uploads\/2026\/02\/review-us-on-google-card-bold-front-qr-code-truzzer-1-von-11-3.jpg","contentUrl":"https:\/\/www.truzzer.com\/wp-content\/uploads\/2026\/02\/review-us-on-google-card-bold-front-qr-code-truzzer-1-von-11-3.jpg","width":1400,"height":1400},{"@type":"BreadcrumbList","@id":"https:\/\/www.truzzer.com\/sv\/produkt\/recensera-oss-pa-google-card-bold\/#breadcrumb","itemListElement":[{"@type":"ListItem","position":1,"name":"Home","item":"https:\/\/www.truzzer.com\/sv\/"},{"@type":"ListItem","position":2,"name":"Butik","item":"https:\/\/www.truzzer.com\/sv\/butik\/"},{"@type":"ListItem","position":3,"name":"Recensera oss p\u00e5 Google Card Bold"}]},{"@type":"WebSite","@id":"https:\/\/www.truzzer.com\/sv\/#website","url":"https:\/\/www.truzzer.com\/sv\/","name":"truzzer","description":"Experts for customer trust","publisher":{"@id":"https:\/\/www.truzzer.com\/sv\/#organization"},"potentialAction":[{"@type":"SearchAction","target":{"@type":"EntryPoint","urlTemplate":"https:\/\/www.truzzer.com\/sv\/?s={search_term_string}"},"query-input":{"@type":"PropertyValueSpecification","valueRequired":true,"valueName":"search_term_string"}}],"inLanguage":"sv-SE"},{"@type":"Organization","@id":"https:\/\/www.truzzer.com\/sv\/#organization","name":"truzzer","url":"https:\/\/www.truzzer.com\/sv\/","logo":{"@type":"ImageObject","inLanguage":"sv-SE","@id":"https:\/\/www.truzzer.com\/sv\/#\/schema\/logo\/image\/","url":"https:\/\/truzzer.com\/wp-content\/uploads\/2026\/01\/truzzer-logo-black-1.svg","contentUrl":"https:\/\/truzzer.com\/wp-content\/uploads\/2026\/01\/truzzer-logo-black-1.svg","width":938,"height":199,"caption":"truzzer"},"image":{"@id":"https:\/\/www.truzzer.com\/sv\/#\/schema\/logo\/image\/"}}]}},"tiered_pricing_type":"fixed","tiered_pricing_fixed_rules":[],"tiered_pricing_product_settings":{"layout":"default","base_unit_name":{"singular":null,"plural":null},"default_variation":null},"tiered_pricing_minimum_quantity":null,"tiered_pricing_roles_data":[],"tiered_pricing_percentage_rules":[],"tiered_pricing_maximum_quantity":null,"tiered_pricing_quantity_step":null,"_links":{"self":[{"href":"https:\/\/www.truzzer.com\/sv\/wp-json\/wp\/v2\/product\/93202","targetHints":{"allow":["GET"]}}],"collection":[{"href":"https:\/\/www.truzzer.com\/sv\/wp-json\/wp\/v2\/product"}],"about":[{"href":"https:\/\/www.truzzer.com\/sv\/wp-json\/wp\/v2\/types\/product"}],"replies":[{"embeddable":true,"href":"https:\/\/www.truzzer.com\/sv\/wp-json\/wp\/v2\/comments?post=93202"}],"wp:featuredmedia":[{"embeddable":true,"href":"https:\/\/www.truzzer.com\/sv\/wp-json\/wp\/v2\/media\/93203"}],"wp:attachment":[{"href":"https:\/\/www.truzzer.com\/sv\/wp-json\/wp\/v2\/media?parent=93202"}],"wp:term":[{"taxonomy":"product_brand","embeddable":true,"href":"https:\/\/www.truzzer.com\/sv\/wp-json\/wp\/v2\/product_brand?post=93202"},{"taxonomy":"product_cat","embeddable":true,"href":"https:\/\/www.truzzer.com\/sv\/wp-json\/wp\/v2\/product_cat?post=93202"},{"taxonomy":"product_tag","embeddable":true,"href":"https:\/\/www.truzzer.com\/sv\/wp-json\/wp\/v2\/product_tag?post=93202"}],"curies":[{"name":"wp","href":"https:\/\/api.w.org\/{rel}","templated":true}]}}