{"id":93269,"date":"2026-02-01T20:11:05","date_gmt":"2026-02-01T20:11:05","guid":{"rendered":"https:\/\/beta.truzzer.com\/product\/folj-oss-pa-instagram-card-clean\/"},"modified":"2026-02-12T16:09:39","modified_gmt":"2026-02-12T16:09:39","slug":"folj-oss-pa-instagram-card-clean","status":"publish","type":"product","link":"https:\/\/www.truzzer.com\/sv\/produkt\/folj-oss-pa-instagram-card-clean\/","title":{"rendered":"Follow us on Instagram Card &#8221;Clean&#8221;"},"content":{"rendered":"<h2>Simply turn customers into followers<\/h2>\n<p>With the <strong>truzzer Instagram cards<\/strong> you can easily turn your customers into real Instagram followers who are really interested in your offer and your content.<br \/>\nThis way you can bind your target group effectively.<\/p>\n<p>In the handy and at the same time striking DIN A6 postcard format, you make your Instagram profile tangible for your customers.<br \/>\nPut the truzzer Instagram cards in your customers&#8217; shopping bags, give them to the bill, send them with your products or place them on the tables in the restaurant. <strong>Done<\/strong>.<\/p>\n<p>The QR code takes customers directly to your Instagram profile without having to look for you.<\/p>\n<p>You can easily personalize the Instagram cards with your logo and adapt them to your company.<\/p>\n<p>The Follow us on Instagram products are easy to use, which we would like to show you below using the &#8221;Follow us on Instagram stickers&#8221; as an example.<\/p>\n<p>&nbsp;<\/p>\n<h3>Step 1: The customer scans the QR code<\/h3>\n<p>To follow you, the customer only has to scan the QR code. All you have to do is hold the smartphone camera (no extra scanner app necessary) over the product.<\/p>\n<p><img decoding=\"async\" class=\"alignleft wp-image-22262 size-full\" src=\"https:\/\/www.truzzer.com\/wp-content\/uploads\/2026\/02\/how-to-use-the-product-truzzer.jpg.webp\" alt=\"\" width=\"1400\" height=\"933\" \/><\/p>\n<p>A pop-up will then appear on the screen (iPhone) or a QR code will appear (Android \/ Google smartphones).<\/p>\n<h3>Step 2: The customer goes directly to the Instagram profile<\/h3>\n<p>Instagram will then open and the customer can follow you directly. So easyNotice:<br \/>\nPlease note that an Instagram profile is required to get followers.<\/p>\n<p>&nbsp;<\/p>\n","protected":false},"excerpt":{"rendered":"<p>Make it easy for your customers to follow you on Instagram with the &#8220;Color&#8221; Instagram cards in a reduced and attractive design that fits into any company.<br \/>\nWe will link the QR code to your Instagram profile for you!<br \/>\n and enter your Instagram username.<\/p>\n","protected":false},"featured_media":93270,"comment_status":"open","ping_status":"closed","template":"","meta":{"_acf_changed":false,"_yoast_wpseo_focuskw":"Instagram QR-kod Visitkort","_yoast_wpseo_title":"Follow us on Instagram Card \u201dClean\u201d | truzzer","_yoast_wpseo_metadesc":"Fler Instagram-f\u00f6ljare med Follow us on Instagram Card \u201dClean\u201d fr\u00e5n truzzer. Enkel installation, redo att anv\u00e4nda. Best\u00e4ll nu!"},"product_brand":[1659],"product_cat":[833,834,806,544],"product_tag":[],"class_list":{"0":"post-93269","1":"product","2":"type-product","3":"status-publish","4":"has-post-thumbnail","6":"product_brand-instagram","7":"product_cat-instagram-foljare-produkter","8":"product_cat-instagram-qr-kod-kort","9":"product_cat-qr-kod-kort","10":"product_cat-qr-kod-produkter","11":"pa_industry-byra-konsultverksamhet","12":"pa_industry-lokale-diensten","13":"pa_industry-onroerend-goed","14":"pa_material-karton","15":"pa_placement-balie-receptie","16":"pa_placement-broschyr","17":"pa_placement-portemonnee-personlijk","18":"pa_product-type-kaarten","19":"pa_shape-rechthoek","20":"pa_technology-qr-code","21":"pa_technology-qr-kod","23":"first","24":"instock","25":"taxable","26":"shipping-taxable","27":"purchasable","28":"product-type-simple"},"acf":[],"yoast_head":"<!-- This site is optimized with the Yoast SEO plugin v27.0 - https:\/\/yoast.com\/product\/yoast-seo-wordpress\/ -->\n<title>Follow us on Instagram Card \u201dClean\u201d | truzzer<\/title>\n<meta name=\"description\" content=\"Fler Instagram-f\u00f6ljare med Follow us on Instagram Card \u201dClean\u201d fr\u00e5n truzzer. Enkel installation, redo att anv\u00e4nda. Best\u00e4ll nu!\" \/>\n<meta name=\"robots\" content=\"index, follow, max-snippet:-1, max-image-preview:large, max-video-preview:-1\" \/>\n<link rel=\"canonical\" href=\"https:\/\/www.truzzer.com\/sv\/produkt\/folj-oss-pa-instagram-card-clean\/\" \/>\n<meta property=\"og:locale\" content=\"sv_SE\" \/>\n<meta property=\"og:type\" content=\"article\" \/>\n<meta property=\"og:title\" content=\"Follow us on Instagram Card \u201dClean\u201d | truzzer\" \/>\n<meta property=\"og:description\" content=\"Fler Instagram-f\u00f6ljare med Follow us on Instagram Card \u201dClean\u201d fr\u00e5n truzzer. Enkel installation, redo att anv\u00e4nda. Best\u00e4ll nu!\" \/>\n<meta property=\"og:url\" content=\"https:\/\/www.truzzer.com\/sv\/produkt\/folj-oss-pa-instagram-card-clean\/\" \/>\n<meta property=\"og:site_name\" content=\"truzzer\" \/>\n<meta property=\"article:modified_time\" content=\"2026-02-12T16:09:39+00:00\" \/>\n<meta property=\"og:image\" content=\"https:\/\/www.truzzer.com\/wp-content\/uploads\/2026\/02\/instagram-follower-card-clean-front-with-qr-code-4-von-4-4-3.jpg\" \/>\n\t<meta property=\"og:image:width\" content=\"1400\" \/>\n\t<meta property=\"og:image:height\" content=\"1400\" \/>\n\t<meta property=\"og:image:type\" content=\"image\/jpeg\" \/>\n<meta name=\"twitter:card\" content=\"summary_large_image\" \/>\n<meta name=\"twitter:label1\" content=\"Ber\u00e4knad l\u00e4stid\" \/>\n\t<meta name=\"twitter:data1\" content=\"1 minut\" \/>\n<script type=\"application\/ld+json\" class=\"yoast-schema-graph\">{\"@context\":\"https:\/\/schema.org\",\"@graph\":[{\"@type\":\"WebPage\",\"@id\":\"https:\/\/www.truzzer.com\/sv\/produkt\/folj-oss-pa-instagram-card-clean\/\",\"url\":\"https:\/\/www.truzzer.com\/sv\/produkt\/folj-oss-pa-instagram-card-clean\/\",\"name\":\"Follow us on Instagram Card \u201dClean\u201d | truzzer\",\"isPartOf\":{\"@id\":\"https:\/\/www.truzzer.com\/sv\/#website\"},\"primaryImageOfPage\":{\"@id\":\"https:\/\/www.truzzer.com\/sv\/produkt\/folj-oss-pa-instagram-card-clean\/#primaryimage\"},\"image\":{\"@id\":\"https:\/\/www.truzzer.com\/sv\/produkt\/folj-oss-pa-instagram-card-clean\/#primaryimage\"},\"thumbnailUrl\":\"https:\/\/www.truzzer.com\/wp-content\/uploads\/2026\/02\/instagram-follower-card-clean-front-with-qr-code-4-von-4-4-3.jpg\",\"datePublished\":\"2026-02-01T20:11:05+00:00\",\"dateModified\":\"2026-02-12T16:09:39+00:00\",\"description\":\"Fler Instagram-f\u00f6ljare med Follow us on Instagram Card \u201dClean\u201d fr\u00e5n truzzer. Enkel installation, redo att anv\u00e4nda. Best\u00e4ll nu!\",\"breadcrumb\":{\"@id\":\"https:\/\/www.truzzer.com\/sv\/produkt\/folj-oss-pa-instagram-card-clean\/#breadcrumb\"},\"inLanguage\":\"sv-SE\",\"potentialAction\":[{\"@type\":\"ReadAction\",\"target\":[\"https:\/\/www.truzzer.com\/sv\/produkt\/folj-oss-pa-instagram-card-clean\/\"]}]},{\"@type\":\"ImageObject\",\"inLanguage\":\"sv-SE\",\"@id\":\"https:\/\/www.truzzer.com\/sv\/produkt\/folj-oss-pa-instagram-card-clean\/#primaryimage\",\"url\":\"https:\/\/www.truzzer.com\/wp-content\/uploads\/2026\/02\/instagram-follower-card-clean-front-with-qr-code-4-von-4-4-3.jpg\",\"contentUrl\":\"https:\/\/www.truzzer.com\/wp-content\/uploads\/2026\/02\/instagram-follower-card-clean-front-with-qr-code-4-von-4-4-3.jpg\",\"width\":1400,\"height\":1400},{\"@type\":\"BreadcrumbList\",\"@id\":\"https:\/\/www.truzzer.com\/sv\/produkt\/folj-oss-pa-instagram-card-clean\/#breadcrumb\",\"itemListElement\":[{\"@type\":\"ListItem\",\"position\":1,\"name\":\"Home\",\"item\":\"https:\/\/www.truzzer.com\/sv\/\"},{\"@type\":\"ListItem\",\"position\":2,\"name\":\"Butik\",\"item\":\"https:\/\/www.truzzer.com\/sv\/butik\/\"},{\"@type\":\"ListItem\",\"position\":3,\"name\":\"Follow us on Instagram Card &#8220;Clean&#8221;\"}]},{\"@type\":\"WebSite\",\"@id\":\"https:\/\/www.truzzer.com\/sv\/#website\",\"url\":\"https:\/\/www.truzzer.com\/sv\/\",\"name\":\"truzzer\",\"description\":\"Experts for customer trust\",\"publisher\":{\"@id\":\"https:\/\/www.truzzer.com\/sv\/#organization\"},\"potentialAction\":[{\"@type\":\"SearchAction\",\"target\":{\"@type\":\"EntryPoint\",\"urlTemplate\":\"https:\/\/www.truzzer.com\/sv\/?s={search_term_string}\"},\"query-input\":{\"@type\":\"PropertyValueSpecification\",\"valueRequired\":true,\"valueName\":\"search_term_string\"}}],\"inLanguage\":\"sv-SE\"},{\"@type\":\"Organization\",\"@id\":\"https:\/\/www.truzzer.com\/sv\/#organization\",\"name\":\"truzzer\",\"url\":\"https:\/\/www.truzzer.com\/sv\/\",\"logo\":{\"@type\":\"ImageObject\",\"inLanguage\":\"sv-SE\",\"@id\":\"https:\/\/www.truzzer.com\/sv\/#\/schema\/logo\/image\/\",\"url\":\"https:\/\/truzzer.com\/wp-content\/uploads\/2026\/01\/truzzer-logo-black-1.svg\",\"contentUrl\":\"https:\/\/truzzer.com\/wp-content\/uploads\/2026\/01\/truzzer-logo-black-1.svg\",\"width\":938,\"height\":199,\"caption\":\"truzzer\"},\"image\":{\"@id\":\"https:\/\/www.truzzer.com\/sv\/#\/schema\/logo\/image\/\"}}]}<\/script>\n<!-- \/ Yoast SEO plugin. -->","yoast_head_json":{"title":"Follow us on Instagram Card \u201dClean\u201d | truzzer","description":"Fler Instagram-f\u00f6ljare med Follow us on Instagram Card \u201dClean\u201d fr\u00e5n truzzer. Enkel installation, redo att anv\u00e4nda. Best\u00e4ll nu!","robots":{"index":"index","follow":"follow","max-snippet":"max-snippet:-1","max-image-preview":"max-image-preview:large","max-video-preview":"max-video-preview:-1"},"canonical":"https:\/\/www.truzzer.com\/sv\/produkt\/folj-oss-pa-instagram-card-clean\/","og_locale":"sv_SE","og_type":"article","og_title":"Follow us on Instagram Card \u201dClean\u201d | truzzer","og_description":"Fler Instagram-f\u00f6ljare med Follow us on Instagram Card \u201dClean\u201d fr\u00e5n truzzer. Enkel installation, redo att anv\u00e4nda. Best\u00e4ll nu!","og_url":"https:\/\/www.truzzer.com\/sv\/produkt\/folj-oss-pa-instagram-card-clean\/","og_site_name":"truzzer","article_modified_time":"2026-02-12T16:09:39+00:00","og_image":[{"width":1400,"height":1400,"url":"https:\/\/www.truzzer.com\/wp-content\/uploads\/2026\/02\/instagram-follower-card-clean-front-with-qr-code-4-von-4-4-3.jpg","type":"image\/jpeg"}],"twitter_card":"summary_large_image","twitter_misc":{"Ber\u00e4knad l\u00e4stid":"1 minut"},"schema":{"@context":"https:\/\/schema.org","@graph":[{"@type":"WebPage","@id":"https:\/\/www.truzzer.com\/sv\/produkt\/folj-oss-pa-instagram-card-clean\/","url":"https:\/\/www.truzzer.com\/sv\/produkt\/folj-oss-pa-instagram-card-clean\/","name":"Follow us on Instagram Card \u201dClean\u201d | truzzer","isPartOf":{"@id":"https:\/\/www.truzzer.com\/sv\/#website"},"primaryImageOfPage":{"@id":"https:\/\/www.truzzer.com\/sv\/produkt\/folj-oss-pa-instagram-card-clean\/#primaryimage"},"image":{"@id":"https:\/\/www.truzzer.com\/sv\/produkt\/folj-oss-pa-instagram-card-clean\/#primaryimage"},"thumbnailUrl":"https:\/\/www.truzzer.com\/wp-content\/uploads\/2026\/02\/instagram-follower-card-clean-front-with-qr-code-4-von-4-4-3.jpg","datePublished":"2026-02-01T20:11:05+00:00","dateModified":"2026-02-12T16:09:39+00:00","description":"Fler Instagram-f\u00f6ljare med Follow us on Instagram Card \u201dClean\u201d fr\u00e5n truzzer. Enkel installation, redo att anv\u00e4nda. Best\u00e4ll nu!","breadcrumb":{"@id":"https:\/\/www.truzzer.com\/sv\/produkt\/folj-oss-pa-instagram-card-clean\/#breadcrumb"},"inLanguage":"sv-SE","potentialAction":[{"@type":"ReadAction","target":["https:\/\/www.truzzer.com\/sv\/produkt\/folj-oss-pa-instagram-card-clean\/"]}]},{"@type":"ImageObject","inLanguage":"sv-SE","@id":"https:\/\/www.truzzer.com\/sv\/produkt\/folj-oss-pa-instagram-card-clean\/#primaryimage","url":"https:\/\/www.truzzer.com\/wp-content\/uploads\/2026\/02\/instagram-follower-card-clean-front-with-qr-code-4-von-4-4-3.jpg","contentUrl":"https:\/\/www.truzzer.com\/wp-content\/uploads\/2026\/02\/instagram-follower-card-clean-front-with-qr-code-4-von-4-4-3.jpg","width":1400,"height":1400},{"@type":"BreadcrumbList","@id":"https:\/\/www.truzzer.com\/sv\/produkt\/folj-oss-pa-instagram-card-clean\/#breadcrumb","itemListElement":[{"@type":"ListItem","position":1,"name":"Home","item":"https:\/\/www.truzzer.com\/sv\/"},{"@type":"ListItem","position":2,"name":"Butik","item":"https:\/\/www.truzzer.com\/sv\/butik\/"},{"@type":"ListItem","position":3,"name":"Follow us on Instagram Card &#8220;Clean&#8221;"}]},{"@type":"WebSite","@id":"https:\/\/www.truzzer.com\/sv\/#website","url":"https:\/\/www.truzzer.com\/sv\/","name":"truzzer","description":"Experts for customer trust","publisher":{"@id":"https:\/\/www.truzzer.com\/sv\/#organization"},"potentialAction":[{"@type":"SearchAction","target":{"@type":"EntryPoint","urlTemplate":"https:\/\/www.truzzer.com\/sv\/?s={search_term_string}"},"query-input":{"@type":"PropertyValueSpecification","valueRequired":true,"valueName":"search_term_string"}}],"inLanguage":"sv-SE"},{"@type":"Organization","@id":"https:\/\/www.truzzer.com\/sv\/#organization","name":"truzzer","url":"https:\/\/www.truzzer.com\/sv\/","logo":{"@type":"ImageObject","inLanguage":"sv-SE","@id":"https:\/\/www.truzzer.com\/sv\/#\/schema\/logo\/image\/","url":"https:\/\/truzzer.com\/wp-content\/uploads\/2026\/01\/truzzer-logo-black-1.svg","contentUrl":"https:\/\/truzzer.com\/wp-content\/uploads\/2026\/01\/truzzer-logo-black-1.svg","width":938,"height":199,"caption":"truzzer"},"image":{"@id":"https:\/\/www.truzzer.com\/sv\/#\/schema\/logo\/image\/"}}]}},"tiered_pricing_type":"fixed","tiered_pricing_fixed_rules":[],"tiered_pricing_product_settings":{"layout":"default","base_unit_name":{"singular":null,"plural":null},"default_variation":null},"tiered_pricing_minimum_quantity":null,"tiered_pricing_roles_data":[],"tiered_pricing_percentage_rules":[],"tiered_pricing_maximum_quantity":null,"tiered_pricing_quantity_step":null,"_links":{"self":[{"href":"https:\/\/www.truzzer.com\/sv\/wp-json\/wp\/v2\/product\/93269","targetHints":{"allow":["GET"]}}],"collection":[{"href":"https:\/\/www.truzzer.com\/sv\/wp-json\/wp\/v2\/product"}],"about":[{"href":"https:\/\/www.truzzer.com\/sv\/wp-json\/wp\/v2\/types\/product"}],"replies":[{"embeddable":true,"href":"https:\/\/www.truzzer.com\/sv\/wp-json\/wp\/v2\/comments?post=93269"}],"wp:featuredmedia":[{"embeddable":true,"href":"https:\/\/www.truzzer.com\/sv\/wp-json\/wp\/v2\/media\/93270"}],"wp:attachment":[{"href":"https:\/\/www.truzzer.com\/sv\/wp-json\/wp\/v2\/media?parent=93269"}],"wp:term":[{"taxonomy":"product_brand","embeddable":true,"href":"https:\/\/www.truzzer.com\/sv\/wp-json\/wp\/v2\/product_brand?post=93269"},{"taxonomy":"product_cat","embeddable":true,"href":"https:\/\/www.truzzer.com\/sv\/wp-json\/wp\/v2\/product_cat?post=93269"},{"taxonomy":"product_tag","embeddable":true,"href":"https:\/\/www.truzzer.com\/sv\/wp-json\/wp\/v2\/product_tag?post=93269"}],"curies":[{"name":"wp","href":"https:\/\/api.w.org\/{rel}","templated":true}]}}