{"id":93661,"date":"2026-02-01T20:09:09","date_gmt":"2026-02-01T20:09:09","guid":{"rendered":"https:\/\/beta.truzzer.com\/product\/tripadvisor-review-cards\/"},"modified":"2026-02-13T10:01:39","modified_gmt":"2026-02-13T10:01:39","slug":"tripadvisor-review-cards","status":"publish","type":"product","link":"https:\/\/www.truzzer.com\/sv\/produkt\/tripadvisor-review-cards\/","title":{"rendered":"Tripadvisor recensionskort"},"content":{"rendered":"<h2>F\u00e5 enkelt fler Tripadvisor-recensioner fr\u00e5n g\u00e4ster<\/h2>\n<p>Med <strong>truzzer Tripadvisor betygskort<\/strong> kan du f\u00e5 positiva betyg fr\u00e5n dina n\u00f6jda kunder snabbare och f\u00f6rb\u00e4ttra din image och ditt rykte.<br \/>\nDessutom \u00f6kar du bandet med ditt hotell genom de positiva betygen.<\/p>\n<p>I det praktiska och samtidigt sl\u00e5ende vykortsformatet DIN A6 g\u00f6r du onlinebetyget p\u00e5 Tripadvisor p\u00e5tagligt f\u00f6r dina g\u00e4ster.<br \/>\nGe utv\u00e4rderingskorten till notan, l\u00e4gg ut dem p\u00e5 rummen eller i restaurangen p\u00e5 borden. <strong>Klart<\/strong>.<\/p>\n<p>QR-koden tar kunder direkt till din Tripadvisor-recension UTAN att beh\u00f6va s\u00f6ka efter dig p\u00e5 Google f\u00f6rst. S\u00e5 h\u00e4r f\u00f6rhindrar du studsar i Tripadvisor-betyget.<\/p>\n<p>Du kan enkelt anpassa Tripadvisor-recensionskorten med din logotyp och anpassa dem till ditt f\u00f6retag.<\/p>\n<h2>Mer information<\/h2>\n<p>Bes\u00f6ksbranschen \u00e4r en st\u00e4ndigt utvecklande och konkurrensutsatt marknad. F\u00f6r att sticka ut fr\u00e5n konkurrenterna m\u00e5ste hotell och restauranger hitta s\u00e4tt att engagera sig med sina kunder och ge en exceptionell upplevelse. Ett s\u00e4tt att g\u00f6ra detta \u00e4r genom att anv\u00e4nda kodkorten Truzzer TripAdvisor recension QR.<\/p>\n<p>Truzzer TripAdvisor recension QR kodkort \u00e4r ett innovativt marknadsf\u00f6ringsverktyg som l\u00e5ter kunder enkelt l\u00e4mna en recension av sin upplevelse. Dessa kort inneh\u00e5ller en QR-kod som, n\u00e4r den skannas, tar kunden direkt till hotellet eller restaurangens TripAdvisor-sida. D\u00e4rifr\u00e5n kan kunden l\u00e4mna en recension och ge v\u00e4rdefull feedback om sin upplevelse.<\/p>\n<p>S\u00e5, hur kan Truzzer TripAdvisor granska QR-kodkort \u00f6ka den \u00f6vergripande framg\u00e5ngen f\u00f6r hotell och restauranger? Till att b\u00f6rja med \u00e4r recensioner en viktig del av beslutsprocessen f\u00f6r m\u00e5nga kunder. Faktum \u00e4r att en nyligen genomf\u00f6rd unders\u00f6kning visade att 97 % av konsumenterna l\u00e4ser onlinerecensioner innan de fattar ett k\u00f6pbeslut. Genom att g\u00f6ra det enkelt f\u00f6r kunder att l\u00e4mna en recension kan hotell och restauranger \u00f6ka sin onlinen\u00e4rvaro och bygga upp f\u00f6rtroende hos potentiella kunder.<\/p>\n<p>Dessutom kan recensioner ha en direkt inverkan p\u00e5 ett f\u00f6retags s\u00f6kmotorranking. TripAdvisor \u00e4r en popul\u00e4r recensionssajt och s\u00f6kmotorer som Google tar h\u00e4nsyn till antalet och kvaliteten p\u00e5 recensioner ett f\u00f6retag har n\u00e4r de best\u00e4mmer sin s\u00f6kmotorrankning. Genom att uppmuntra kunder att l\u00e4mna recensioner genom att anv\u00e4nda Truzzer TripAdvisor recension QR kodkort kan hotell och restauranger f\u00f6rb\u00e4ttra sin synlighet online och locka fler kunder.<\/p>\n<p>Truzzer TripAdvisor recension QR kodkort ger ocks\u00e5 hotell och restauranger v\u00e4rdefull feedback om deras tj\u00e4nster. Genom att \u00f6vervaka recensioner kan f\u00f6retag identifiera omr\u00e5den d\u00e4r de utm\u00e4rker sig och omr\u00e5den d\u00e4r de beh\u00f6ver f\u00f6rb\u00e4ttras. Denna feedback kan anv\u00e4ndas f\u00f6r att g\u00f6ra n\u00f6dv\u00e4ndiga \u00e4ndringar och ge en \u00e4nnu b\u00e4ttre upplevelse f\u00f6r kunder i framtiden.<\/p>\n<p>\u00c4ntligen, Truzzer TripAdvisor recension QR kodkort \u00e4r ett kostnadseffektivt marknadsf\u00f6ringsverktyg. De \u00e4r l\u00e4tta att distribuera och kan placeras p\u00e5 strategiska platser som hotellrum eller p\u00e5 restaurangbord. Genom att uppmuntra kunder att l\u00e4mna en recension kan hotell och restauranger \u00f6ka sin n\u00e4rvaro online utan att spendera mycket pengar p\u00e5 traditionella marknadsf\u00f6ringsmetoder.<\/p>\n<p>Sammanfattningsvis, Truzzer TripAdvisor recension QR kodkort \u00e4r ett v\u00e4rdefullt verktyg f\u00f6r hotell och restauranger som vill \u00f6ka sin totala framg\u00e5ng. Genom att g\u00f6ra det enkelt f\u00f6r kunder att l\u00e4mna en recension kan f\u00f6retag f\u00f6rb\u00e4ttra sin onlinen\u00e4rvaro, locka fler kunder och ge sina g\u00e4ster en b\u00e4ttre upplevelse. S\u00e5 om du letar efter ett s\u00e4tt att komma f\u00f6re konkurrenterna, \u00f6verv\u00e4g att anv\u00e4nda Truzzer TripAdvisor recension QR kodkort i din marknadsf\u00f6ringsstrategi.<\/p>\n<p><strong>Obs<\/strong>:<br \/>\nObservera att du beh\u00f6ver din egen Tripadvisor-profil f\u00f6r att betygs\u00e4ttas.<\/p>\n","protected":false},"excerpt":{"rendered":"<p>G\u00f6r det enkelt f\u00f6r dina g\u00e4ster att recensera dig p\u00e5 Tripadvisor med Tripadvisor-recensionskorten i en reducerad och snygg design som kan integreras i alla hotell.<br \/>\nVi kommer att l\u00e4nka QR-koden till din Tripadvisor-profil \u00e5t dig!<\/p>\n","protected":false},"featured_media":93662,"comment_status":"open","ping_status":"closed","template":"","meta":{"_acf_changed":false,"_yoast_wpseo_focuskw":"TripAdvisor Recension Visitkort","_yoast_wpseo_title":"Tripadvisor Review Cards | truzzer","_yoast_wpseo_metadesc":"St\u00e4rk ditt TripAdvisor-rykte med Tripadvisor Review Cards fr\u00e5n truzzer. Enkel installation, redo att anv\u00e4nda. Best\u00e4ll nu!"},"product_brand":[1692],"product_cat":[806,544,1072],"product_tag":[],"class_list":{"0":"post-93661","1":"product","2":"type-product","3":"status-publish","4":"has-post-thumbnail","6":"product_brand-tripadvisor","7":"product_cat-qr-kod-kort","8":"product_cat-qr-kod-produkter","9":"product_cat-tripadvisor-recensioner-recensionskort-med-qr-kod","10":"pa_industry-autodealer","11":"pa_industry-detailhandel","12":"pa_industry-schoonheidssalon","13":"pa_material-karton","14":"pa_placement-bon","15":"pa_placement-broschyr","16":"pa_placement-verpakking","17":"pa_product-type-kaarten","18":"pa_shape-rechthoek","19":"pa_technology-qr-code","20":"pa_technology-qr-kod","22":"first","23":"instock","24":"taxable","25":"shipping-taxable","26":"purchasable","27":"product-type-simple"},"acf":[],"yoast_head":"<!-- This site is optimized with the Yoast SEO plugin v27.0 - https:\/\/yoast.com\/product\/yoast-seo-wordpress\/ -->\n<title>Tripadvisor Review Cards | truzzer<\/title>\n<meta name=\"description\" content=\"St\u00e4rk ditt TripAdvisor-rykte med Tripadvisor Review Cards fr\u00e5n truzzer. Enkel installation, redo att anv\u00e4nda. Best\u00e4ll nu!\" \/>\n<meta name=\"robots\" content=\"index, follow, max-snippet:-1, max-image-preview:large, max-video-preview:-1\" \/>\n<link rel=\"canonical\" href=\"https:\/\/www.truzzer.com\/sv\/produkt\/tripadvisor-review-cards\/\" \/>\n<meta property=\"og:locale\" content=\"sv_SE\" \/>\n<meta property=\"og:type\" content=\"article\" \/>\n<meta property=\"og:title\" content=\"Tripadvisor Review Cards | truzzer\" \/>\n<meta property=\"og:description\" content=\"St\u00e4rk ditt TripAdvisor-rykte med Tripadvisor Review Cards fr\u00e5n truzzer. Enkel installation, redo att anv\u00e4nda. Best\u00e4ll nu!\" \/>\n<meta property=\"og:url\" content=\"https:\/\/www.truzzer.com\/sv\/produkt\/tripadvisor-review-cards\/\" \/>\n<meta property=\"og:site_name\" content=\"truzzer\" \/>\n<meta property=\"article:modified_time\" content=\"2026-02-13T10:01:39+00:00\" \/>\n<meta property=\"og:image\" content=\"https:\/\/www.truzzer.com\/wp-content\/uploads\/2026\/02\/review-us-on-tripadvisor-card-with-qr-code-full-front-2.jpg\" \/>\n\t<meta property=\"og:image:width\" content=\"1400\" \/>\n\t<meta property=\"og:image:height\" content=\"1400\" \/>\n\t<meta property=\"og:image:type\" content=\"image\/jpeg\" \/>\n<meta name=\"twitter:card\" content=\"summary_large_image\" \/>\n<meta name=\"twitter:label1\" content=\"Ber\u00e4knad l\u00e4stid\" \/>\n\t<meta name=\"twitter:data1\" content=\"3 minuter\" \/>\n<script type=\"application\/ld+json\" class=\"yoast-schema-graph\">{\"@context\":\"https:\/\/schema.org\",\"@graph\":[{\"@type\":\"WebPage\",\"@id\":\"https:\/\/www.truzzer.com\/sv\/produkt\/tripadvisor-review-cards\/\",\"url\":\"https:\/\/www.truzzer.com\/sv\/produkt\/tripadvisor-review-cards\/\",\"name\":\"Tripadvisor Review Cards | truzzer\",\"isPartOf\":{\"@id\":\"https:\/\/www.truzzer.com\/sv\/#website\"},\"primaryImageOfPage\":{\"@id\":\"https:\/\/www.truzzer.com\/sv\/produkt\/tripadvisor-review-cards\/#primaryimage\"},\"image\":{\"@id\":\"https:\/\/www.truzzer.com\/sv\/produkt\/tripadvisor-review-cards\/#primaryimage\"},\"thumbnailUrl\":\"https:\/\/www.truzzer.com\/wp-content\/uploads\/2026\/02\/review-us-on-tripadvisor-card-with-qr-code-full-front-2.jpg\",\"datePublished\":\"2026-02-01T20:09:09+00:00\",\"dateModified\":\"2026-02-13T10:01:39+00:00\",\"description\":\"St\u00e4rk ditt TripAdvisor-rykte med Tripadvisor Review Cards fr\u00e5n truzzer. Enkel installation, redo att anv\u00e4nda. Best\u00e4ll nu!\",\"breadcrumb\":{\"@id\":\"https:\/\/www.truzzer.com\/sv\/produkt\/tripadvisor-review-cards\/#breadcrumb\"},\"inLanguage\":\"sv-SE\",\"potentialAction\":[{\"@type\":\"ReadAction\",\"target\":[\"https:\/\/www.truzzer.com\/sv\/produkt\/tripadvisor-review-cards\/\"]}]},{\"@type\":\"ImageObject\",\"inLanguage\":\"sv-SE\",\"@id\":\"https:\/\/www.truzzer.com\/sv\/produkt\/tripadvisor-review-cards\/#primaryimage\",\"url\":\"https:\/\/www.truzzer.com\/wp-content\/uploads\/2026\/02\/review-us-on-tripadvisor-card-with-qr-code-full-front-2.jpg\",\"contentUrl\":\"https:\/\/www.truzzer.com\/wp-content\/uploads\/2026\/02\/review-us-on-tripadvisor-card-with-qr-code-full-front-2.jpg\",\"width\":1400,\"height\":1400},{\"@type\":\"BreadcrumbList\",\"@id\":\"https:\/\/www.truzzer.com\/sv\/produkt\/tripadvisor-review-cards\/#breadcrumb\",\"itemListElement\":[{\"@type\":\"ListItem\",\"position\":1,\"name\":\"Home\",\"item\":\"https:\/\/www.truzzer.com\/sv\/\"},{\"@type\":\"ListItem\",\"position\":2,\"name\":\"Butik\",\"item\":\"https:\/\/www.truzzer.com\/sv\/butik\/\"},{\"@type\":\"ListItem\",\"position\":3,\"name\":\"Tripadvisor recensionskort\"}]},{\"@type\":\"WebSite\",\"@id\":\"https:\/\/www.truzzer.com\/sv\/#website\",\"url\":\"https:\/\/www.truzzer.com\/sv\/\",\"name\":\"truzzer\",\"description\":\"Experts for customer trust\",\"publisher\":{\"@id\":\"https:\/\/www.truzzer.com\/sv\/#organization\"},\"potentialAction\":[{\"@type\":\"SearchAction\",\"target\":{\"@type\":\"EntryPoint\",\"urlTemplate\":\"https:\/\/www.truzzer.com\/sv\/?s={search_term_string}\"},\"query-input\":{\"@type\":\"PropertyValueSpecification\",\"valueRequired\":true,\"valueName\":\"search_term_string\"}}],\"inLanguage\":\"sv-SE\"},{\"@type\":\"Organization\",\"@id\":\"https:\/\/www.truzzer.com\/sv\/#organization\",\"name\":\"truzzer\",\"url\":\"https:\/\/www.truzzer.com\/sv\/\",\"logo\":{\"@type\":\"ImageObject\",\"inLanguage\":\"sv-SE\",\"@id\":\"https:\/\/www.truzzer.com\/sv\/#\/schema\/logo\/image\/\",\"url\":\"https:\/\/truzzer.com\/wp-content\/uploads\/2026\/01\/truzzer-logo-black-1.svg\",\"contentUrl\":\"https:\/\/truzzer.com\/wp-content\/uploads\/2026\/01\/truzzer-logo-black-1.svg\",\"width\":938,\"height\":199,\"caption\":\"truzzer\"},\"image\":{\"@id\":\"https:\/\/www.truzzer.com\/sv\/#\/schema\/logo\/image\/\"}}]}<\/script>\n<!-- \/ Yoast SEO plugin. -->","yoast_head_json":{"title":"Tripadvisor Review Cards | truzzer","description":"St\u00e4rk ditt TripAdvisor-rykte med Tripadvisor Review Cards fr\u00e5n truzzer. Enkel installation, redo att anv\u00e4nda. Best\u00e4ll nu!","robots":{"index":"index","follow":"follow","max-snippet":"max-snippet:-1","max-image-preview":"max-image-preview:large","max-video-preview":"max-video-preview:-1"},"canonical":"https:\/\/www.truzzer.com\/sv\/produkt\/tripadvisor-review-cards\/","og_locale":"sv_SE","og_type":"article","og_title":"Tripadvisor Review Cards | truzzer","og_description":"St\u00e4rk ditt TripAdvisor-rykte med Tripadvisor Review Cards fr\u00e5n truzzer. Enkel installation, redo att anv\u00e4nda. Best\u00e4ll nu!","og_url":"https:\/\/www.truzzer.com\/sv\/produkt\/tripadvisor-review-cards\/","og_site_name":"truzzer","article_modified_time":"2026-02-13T10:01:39+00:00","og_image":[{"width":1400,"height":1400,"url":"https:\/\/www.truzzer.com\/wp-content\/uploads\/2026\/02\/review-us-on-tripadvisor-card-with-qr-code-full-front-2.jpg","type":"image\/jpeg"}],"twitter_card":"summary_large_image","twitter_misc":{"Ber\u00e4knad l\u00e4stid":"3 minuter"},"schema":{"@context":"https:\/\/schema.org","@graph":[{"@type":"WebPage","@id":"https:\/\/www.truzzer.com\/sv\/produkt\/tripadvisor-review-cards\/","url":"https:\/\/www.truzzer.com\/sv\/produkt\/tripadvisor-review-cards\/","name":"Tripadvisor Review Cards | truzzer","isPartOf":{"@id":"https:\/\/www.truzzer.com\/sv\/#website"},"primaryImageOfPage":{"@id":"https:\/\/www.truzzer.com\/sv\/produkt\/tripadvisor-review-cards\/#primaryimage"},"image":{"@id":"https:\/\/www.truzzer.com\/sv\/produkt\/tripadvisor-review-cards\/#primaryimage"},"thumbnailUrl":"https:\/\/www.truzzer.com\/wp-content\/uploads\/2026\/02\/review-us-on-tripadvisor-card-with-qr-code-full-front-2.jpg","datePublished":"2026-02-01T20:09:09+00:00","dateModified":"2026-02-13T10:01:39+00:00","description":"St\u00e4rk ditt TripAdvisor-rykte med Tripadvisor Review Cards fr\u00e5n truzzer. Enkel installation, redo att anv\u00e4nda. Best\u00e4ll nu!","breadcrumb":{"@id":"https:\/\/www.truzzer.com\/sv\/produkt\/tripadvisor-review-cards\/#breadcrumb"},"inLanguage":"sv-SE","potentialAction":[{"@type":"ReadAction","target":["https:\/\/www.truzzer.com\/sv\/produkt\/tripadvisor-review-cards\/"]}]},{"@type":"ImageObject","inLanguage":"sv-SE","@id":"https:\/\/www.truzzer.com\/sv\/produkt\/tripadvisor-review-cards\/#primaryimage","url":"https:\/\/www.truzzer.com\/wp-content\/uploads\/2026\/02\/review-us-on-tripadvisor-card-with-qr-code-full-front-2.jpg","contentUrl":"https:\/\/www.truzzer.com\/wp-content\/uploads\/2026\/02\/review-us-on-tripadvisor-card-with-qr-code-full-front-2.jpg","width":1400,"height":1400},{"@type":"BreadcrumbList","@id":"https:\/\/www.truzzer.com\/sv\/produkt\/tripadvisor-review-cards\/#breadcrumb","itemListElement":[{"@type":"ListItem","position":1,"name":"Home","item":"https:\/\/www.truzzer.com\/sv\/"},{"@type":"ListItem","position":2,"name":"Butik","item":"https:\/\/www.truzzer.com\/sv\/butik\/"},{"@type":"ListItem","position":3,"name":"Tripadvisor recensionskort"}]},{"@type":"WebSite","@id":"https:\/\/www.truzzer.com\/sv\/#website","url":"https:\/\/www.truzzer.com\/sv\/","name":"truzzer","description":"Experts for customer trust","publisher":{"@id":"https:\/\/www.truzzer.com\/sv\/#organization"},"potentialAction":[{"@type":"SearchAction","target":{"@type":"EntryPoint","urlTemplate":"https:\/\/www.truzzer.com\/sv\/?s={search_term_string}"},"query-input":{"@type":"PropertyValueSpecification","valueRequired":true,"valueName":"search_term_string"}}],"inLanguage":"sv-SE"},{"@type":"Organization","@id":"https:\/\/www.truzzer.com\/sv\/#organization","name":"truzzer","url":"https:\/\/www.truzzer.com\/sv\/","logo":{"@type":"ImageObject","inLanguage":"sv-SE","@id":"https:\/\/www.truzzer.com\/sv\/#\/schema\/logo\/image\/","url":"https:\/\/truzzer.com\/wp-content\/uploads\/2026\/01\/truzzer-logo-black-1.svg","contentUrl":"https:\/\/truzzer.com\/wp-content\/uploads\/2026\/01\/truzzer-logo-black-1.svg","width":938,"height":199,"caption":"truzzer"},"image":{"@id":"https:\/\/www.truzzer.com\/sv\/#\/schema\/logo\/image\/"}}]}},"tiered_pricing_type":"fixed","tiered_pricing_fixed_rules":[],"tiered_pricing_product_settings":{"layout":"default","base_unit_name":{"singular":null,"plural":null},"default_variation":null},"tiered_pricing_minimum_quantity":null,"tiered_pricing_roles_data":[],"tiered_pricing_percentage_rules":[],"tiered_pricing_maximum_quantity":null,"tiered_pricing_quantity_step":null,"_links":{"self":[{"href":"https:\/\/www.truzzer.com\/sv\/wp-json\/wp\/v2\/product\/93661","targetHints":{"allow":["GET"]}}],"collection":[{"href":"https:\/\/www.truzzer.com\/sv\/wp-json\/wp\/v2\/product"}],"about":[{"href":"https:\/\/www.truzzer.com\/sv\/wp-json\/wp\/v2\/types\/product"}],"replies":[{"embeddable":true,"href":"https:\/\/www.truzzer.com\/sv\/wp-json\/wp\/v2\/comments?post=93661"}],"wp:featuredmedia":[{"embeddable":true,"href":"https:\/\/www.truzzer.com\/sv\/wp-json\/wp\/v2\/media\/93662"}],"wp:attachment":[{"href":"https:\/\/www.truzzer.com\/sv\/wp-json\/wp\/v2\/media?parent=93661"}],"wp:term":[{"taxonomy":"product_brand","embeddable":true,"href":"https:\/\/www.truzzer.com\/sv\/wp-json\/wp\/v2\/product_brand?post=93661"},{"taxonomy":"product_cat","embeddable":true,"href":"https:\/\/www.truzzer.com\/sv\/wp-json\/wp\/v2\/product_cat?post=93661"},{"taxonomy":"product_tag","embeddable":true,"href":"https:\/\/www.truzzer.com\/sv\/wp-json\/wp\/v2\/product_tag?post=93661"}],"curies":[{"name":"wp","href":"https:\/\/api.w.org\/{rel}","templated":true}]}}