{"id":93708,"date":"2026-02-01T20:08:59","date_gmt":"2026-02-01T20:08:59","guid":{"rendered":"https:\/\/beta.truzzer.com\/product\/review-us-on-tripadvisor-sticker-with-qr-code-round\/"},"modified":"2026-02-13T07:59:19","modified_gmt":"2026-02-13T07:59:19","slug":"review-us-on-tripadvisor-sticker-with-qr-code-round","status":"publish","type":"product","link":"https:\/\/www.truzzer.com\/sv\/produkt\/review-us-on-tripadvisor-sticker-with-qr-code-round\/","title":{"rendered":"Recensera oss p\u00e5 Tripadvisor-dekal med QR-kodrunda"},"content":{"rendered":"<p>Med truzzer Tripadvisor recensionsdekaler med en QR kodl\u00e4nk och din egen logotyp kan du snabbt f\u00e5 positiva recensioner fr\u00e5n dina n\u00f6jda g\u00e4ster direkt p\u00e5 ditt hotell.<\/p>\n<p>I det praktiska runda formatet g\u00f6r du Tripadvisor-betyget p\u00e5tagligt f\u00f6r dina kunder.<br \/>\nPlacera klisterm\u00e4rkena v\u00e4l synligt i receptionen eller var som helst d\u00e4r dina g\u00e4ster kan se klisterm\u00e4rkena.<\/p>\n<p>-L\u00e4mplig f\u00f6r inomhus- och utomhusbruk<br \/>\n&#8211; V\u00e4derbest\u00e4ndig<br \/>\n-L\u00e4mplig f\u00f6r alla sl\u00e4ta ytor<br \/>\n-F\u00f6r butiker, d\u00f6rrar eller som en bil Tripadvisor-dekal<br \/>\n-Visar dina kunder att de ocks\u00e5 kan hitta dig p\u00e5 Tripadvisor<br \/>\n&#8211; Individuellt gjord f\u00f6r dig<\/p>\n<p>Du kan enkelt anpassa Tripadvisor-recensionsklisterm\u00e4rkena med din logotyp och anpassa dem till ditt f\u00f6retag.<\/p>\n<p><strong>Obs:<\/strong><br \/>\nObservera att du beh\u00f6ver din egen Tripadvisor-profil f\u00f6r att bli betygsatt<\/p>\n<p>&nbsp;<\/p>\n","protected":false},"excerpt":{"rendered":"<p>De sj\u00e4lvh\u00e4ftande dekalerna\/klisterm\u00e4rkena Review Us On Tripadvisor sm\u00e4lter in i alla hotell och fastnar p\u00e5 vilken plan yta som helst.<br \/>\nVi kommer att l\u00e4nka QR-koden till din Tripadvisor-profil \u00e5t dig f\u00f6r en direkt recension!<\/p>\n","protected":false},"featured_media":93709,"comment_status":"open","ping_status":"closed","template":"","meta":{"_acf_changed":false,"_yoast_wpseo_focuskw":"TripAdvisor Recension Klisterm\u00e4rke","_yoast_wpseo_title":"Review us on Tripadvisor sticker with QR code r... | truzzer","_yoast_wpseo_metadesc":"St\u00e4rk ditt TripAdvisor-rykte med Review us on Tripadvisor sticker with QR code round fr\u00e5n truzzer. Enkel installation, redo att anv\u00e4nda. Best\u00e4ll nu!"},"product_brand":[1692],"product_cat":[545,544,1079],"product_tag":[],"class_list":{"0":"post-93708","1":"product","2":"type-product","3":"status-publish","4":"has-post-thumbnail","6":"product_brand-tripadvisor","7":"product_cat-qr-kod-klistermarken","8":"product_cat-qr-kod-produkter","9":"product_cat-tripadvisor-recensioner-klistermarken-med-qr-kod","10":"pa_product-type-klistermarke","11":"pa_shape-rond","12":"pa_technology-qr-kod","14":"first","15":"instock","16":"taxable","17":"shipping-taxable","18":"purchasable","19":"product-type-variable","20":"has-default-attributes"},"acf":[],"yoast_head":"<!-- This site is optimized with the Yoast SEO plugin v27.0 - https:\/\/yoast.com\/product\/yoast-seo-wordpress\/ -->\n<title>Review us on Tripadvisor sticker with QR code r... | truzzer<\/title>\n<meta name=\"description\" content=\"St\u00e4rk ditt TripAdvisor-rykte med Review us on Tripadvisor sticker with QR code round fr\u00e5n truzzer. Enkel installation, redo att anv\u00e4nda. Best\u00e4ll nu!\" \/>\n<meta name=\"robots\" content=\"index, follow, max-snippet:-1, max-image-preview:large, max-video-preview:-1\" \/>\n<link rel=\"canonical\" href=\"https:\/\/www.truzzer.com\/sv\/produkt\/review-us-on-tripadvisor-sticker-with-qr-code-round\/\" \/>\n<meta property=\"og:locale\" content=\"sv_SE\" \/>\n<meta property=\"og:type\" content=\"article\" \/>\n<meta property=\"og:title\" content=\"Review us on Tripadvisor sticker with QR code r... | truzzer\" \/>\n<meta property=\"og:description\" content=\"St\u00e4rk ditt TripAdvisor-rykte med Review us on Tripadvisor sticker with QR code round fr\u00e5n truzzer. Enkel installation, redo att anv\u00e4nda. Best\u00e4ll nu!\" \/>\n<meta property=\"og:url\" content=\"https:\/\/www.truzzer.com\/sv\/produkt\/review-us-on-tripadvisor-sticker-with-qr-code-round\/\" \/>\n<meta property=\"og:site_name\" content=\"truzzer\" \/>\n<meta property=\"article:modified_time\" content=\"2026-02-13T07:59:19+00:00\" \/>\n<meta property=\"og:image\" content=\"https:\/\/www.truzzer.com\/wp-content\/uploads\/2026\/02\/review-us-on-tripadvisor-sticker-with-qr-code-back-1.jpg\" \/>\n\t<meta property=\"og:image:width\" content=\"1400\" \/>\n\t<meta property=\"og:image:height\" content=\"1400\" \/>\n\t<meta property=\"og:image:type\" content=\"image\/jpeg\" \/>\n<meta name=\"twitter:card\" content=\"summary_large_image\" \/>\n<meta name=\"twitter:label1\" content=\"Ber\u00e4knad l\u00e4stid\" \/>\n\t<meta name=\"twitter:data1\" content=\"1 minut\" \/>\n<script type=\"application\/ld+json\" class=\"yoast-schema-graph\">{\"@context\":\"https:\/\/schema.org\",\"@graph\":[{\"@type\":\"WebPage\",\"@id\":\"https:\/\/www.truzzer.com\/sv\/produkt\/review-us-on-tripadvisor-sticker-with-qr-code-round\/\",\"url\":\"https:\/\/www.truzzer.com\/sv\/produkt\/review-us-on-tripadvisor-sticker-with-qr-code-round\/\",\"name\":\"Review us on Tripadvisor sticker with QR code r... | truzzer\",\"isPartOf\":{\"@id\":\"https:\/\/www.truzzer.com\/sv\/#website\"},\"primaryImageOfPage\":{\"@id\":\"https:\/\/www.truzzer.com\/sv\/produkt\/review-us-on-tripadvisor-sticker-with-qr-code-round\/#primaryimage\"},\"image\":{\"@id\":\"https:\/\/www.truzzer.com\/sv\/produkt\/review-us-on-tripadvisor-sticker-with-qr-code-round\/#primaryimage\"},\"thumbnailUrl\":\"https:\/\/www.truzzer.com\/wp-content\/uploads\/2026\/02\/review-us-on-tripadvisor-sticker-with-qr-code-back-1.jpg\",\"datePublished\":\"2026-02-01T20:08:59+00:00\",\"dateModified\":\"2026-02-13T07:59:19+00:00\",\"description\":\"St\u00e4rk ditt TripAdvisor-rykte med Review us on Tripadvisor sticker with QR code round fr\u00e5n truzzer. Enkel installation, redo att anv\u00e4nda. Best\u00e4ll nu!\",\"breadcrumb\":{\"@id\":\"https:\/\/www.truzzer.com\/sv\/produkt\/review-us-on-tripadvisor-sticker-with-qr-code-round\/#breadcrumb\"},\"inLanguage\":\"sv-SE\",\"potentialAction\":[{\"@type\":\"ReadAction\",\"target\":[\"https:\/\/www.truzzer.com\/sv\/produkt\/review-us-on-tripadvisor-sticker-with-qr-code-round\/\"]}]},{\"@type\":\"ImageObject\",\"inLanguage\":\"sv-SE\",\"@id\":\"https:\/\/www.truzzer.com\/sv\/produkt\/review-us-on-tripadvisor-sticker-with-qr-code-round\/#primaryimage\",\"url\":\"https:\/\/www.truzzer.com\/wp-content\/uploads\/2026\/02\/review-us-on-tripadvisor-sticker-with-qr-code-back-1.jpg\",\"contentUrl\":\"https:\/\/www.truzzer.com\/wp-content\/uploads\/2026\/02\/review-us-on-tripadvisor-sticker-with-qr-code-back-1.jpg\",\"width\":1400,\"height\":1400},{\"@type\":\"BreadcrumbList\",\"@id\":\"https:\/\/www.truzzer.com\/sv\/produkt\/review-us-on-tripadvisor-sticker-with-qr-code-round\/#breadcrumb\",\"itemListElement\":[{\"@type\":\"ListItem\",\"position\":1,\"name\":\"Home\",\"item\":\"https:\/\/www.truzzer.com\/sv\/\"},{\"@type\":\"ListItem\",\"position\":2,\"name\":\"Butik\",\"item\":\"https:\/\/www.truzzer.com\/sv\/butik\/\"},{\"@type\":\"ListItem\",\"position\":3,\"name\":\"Recensera oss p\u00e5 Tripadvisor-dekal med QR-kodrunda\"}]},{\"@type\":\"WebSite\",\"@id\":\"https:\/\/www.truzzer.com\/sv\/#website\",\"url\":\"https:\/\/www.truzzer.com\/sv\/\",\"name\":\"truzzer\",\"description\":\"Experts for customer trust\",\"publisher\":{\"@id\":\"https:\/\/www.truzzer.com\/sv\/#organization\"},\"potentialAction\":[{\"@type\":\"SearchAction\",\"target\":{\"@type\":\"EntryPoint\",\"urlTemplate\":\"https:\/\/www.truzzer.com\/sv\/?s={search_term_string}\"},\"query-input\":{\"@type\":\"PropertyValueSpecification\",\"valueRequired\":true,\"valueName\":\"search_term_string\"}}],\"inLanguage\":\"sv-SE\"},{\"@type\":\"Organization\",\"@id\":\"https:\/\/www.truzzer.com\/sv\/#organization\",\"name\":\"truzzer\",\"url\":\"https:\/\/www.truzzer.com\/sv\/\",\"logo\":{\"@type\":\"ImageObject\",\"inLanguage\":\"sv-SE\",\"@id\":\"https:\/\/www.truzzer.com\/sv\/#\/schema\/logo\/image\/\",\"url\":\"https:\/\/truzzer.com\/wp-content\/uploads\/2026\/01\/truzzer-logo-black-1.svg\",\"contentUrl\":\"https:\/\/truzzer.com\/wp-content\/uploads\/2026\/01\/truzzer-logo-black-1.svg\",\"width\":938,\"height\":199,\"caption\":\"truzzer\"},\"image\":{\"@id\":\"https:\/\/www.truzzer.com\/sv\/#\/schema\/logo\/image\/\"}}]}<\/script>\n<!-- \/ Yoast SEO plugin. -->","yoast_head_json":{"title":"Review us on Tripadvisor sticker with QR code r... | truzzer","description":"St\u00e4rk ditt TripAdvisor-rykte med Review us on Tripadvisor sticker with QR code round fr\u00e5n truzzer. Enkel installation, redo att anv\u00e4nda. Best\u00e4ll nu!","robots":{"index":"index","follow":"follow","max-snippet":"max-snippet:-1","max-image-preview":"max-image-preview:large","max-video-preview":"max-video-preview:-1"},"canonical":"https:\/\/www.truzzer.com\/sv\/produkt\/review-us-on-tripadvisor-sticker-with-qr-code-round\/","og_locale":"sv_SE","og_type":"article","og_title":"Review us on Tripadvisor sticker with QR code r... | truzzer","og_description":"St\u00e4rk ditt TripAdvisor-rykte med Review us on Tripadvisor sticker with QR code round fr\u00e5n truzzer. Enkel installation, redo att anv\u00e4nda. Best\u00e4ll nu!","og_url":"https:\/\/www.truzzer.com\/sv\/produkt\/review-us-on-tripadvisor-sticker-with-qr-code-round\/","og_site_name":"truzzer","article_modified_time":"2026-02-13T07:59:19+00:00","og_image":[{"width":1400,"height":1400,"url":"https:\/\/www.truzzer.com\/wp-content\/uploads\/2026\/02\/review-us-on-tripadvisor-sticker-with-qr-code-back-1.jpg","type":"image\/jpeg"}],"twitter_card":"summary_large_image","twitter_misc":{"Ber\u00e4knad l\u00e4stid":"1 minut"},"schema":{"@context":"https:\/\/schema.org","@graph":[{"@type":"WebPage","@id":"https:\/\/www.truzzer.com\/sv\/produkt\/review-us-on-tripadvisor-sticker-with-qr-code-round\/","url":"https:\/\/www.truzzer.com\/sv\/produkt\/review-us-on-tripadvisor-sticker-with-qr-code-round\/","name":"Review us on Tripadvisor sticker with QR code r... | truzzer","isPartOf":{"@id":"https:\/\/www.truzzer.com\/sv\/#website"},"primaryImageOfPage":{"@id":"https:\/\/www.truzzer.com\/sv\/produkt\/review-us-on-tripadvisor-sticker-with-qr-code-round\/#primaryimage"},"image":{"@id":"https:\/\/www.truzzer.com\/sv\/produkt\/review-us-on-tripadvisor-sticker-with-qr-code-round\/#primaryimage"},"thumbnailUrl":"https:\/\/www.truzzer.com\/wp-content\/uploads\/2026\/02\/review-us-on-tripadvisor-sticker-with-qr-code-back-1.jpg","datePublished":"2026-02-01T20:08:59+00:00","dateModified":"2026-02-13T07:59:19+00:00","description":"St\u00e4rk ditt TripAdvisor-rykte med Review us on Tripadvisor sticker with QR code round fr\u00e5n truzzer. Enkel installation, redo att anv\u00e4nda. Best\u00e4ll nu!","breadcrumb":{"@id":"https:\/\/www.truzzer.com\/sv\/produkt\/review-us-on-tripadvisor-sticker-with-qr-code-round\/#breadcrumb"},"inLanguage":"sv-SE","potentialAction":[{"@type":"ReadAction","target":["https:\/\/www.truzzer.com\/sv\/produkt\/review-us-on-tripadvisor-sticker-with-qr-code-round\/"]}]},{"@type":"ImageObject","inLanguage":"sv-SE","@id":"https:\/\/www.truzzer.com\/sv\/produkt\/review-us-on-tripadvisor-sticker-with-qr-code-round\/#primaryimage","url":"https:\/\/www.truzzer.com\/wp-content\/uploads\/2026\/02\/review-us-on-tripadvisor-sticker-with-qr-code-back-1.jpg","contentUrl":"https:\/\/www.truzzer.com\/wp-content\/uploads\/2026\/02\/review-us-on-tripadvisor-sticker-with-qr-code-back-1.jpg","width":1400,"height":1400},{"@type":"BreadcrumbList","@id":"https:\/\/www.truzzer.com\/sv\/produkt\/review-us-on-tripadvisor-sticker-with-qr-code-round\/#breadcrumb","itemListElement":[{"@type":"ListItem","position":1,"name":"Home","item":"https:\/\/www.truzzer.com\/sv\/"},{"@type":"ListItem","position":2,"name":"Butik","item":"https:\/\/www.truzzer.com\/sv\/butik\/"},{"@type":"ListItem","position":3,"name":"Recensera oss p\u00e5 Tripadvisor-dekal med QR-kodrunda"}]},{"@type":"WebSite","@id":"https:\/\/www.truzzer.com\/sv\/#website","url":"https:\/\/www.truzzer.com\/sv\/","name":"truzzer","description":"Experts for customer trust","publisher":{"@id":"https:\/\/www.truzzer.com\/sv\/#organization"},"potentialAction":[{"@type":"SearchAction","target":{"@type":"EntryPoint","urlTemplate":"https:\/\/www.truzzer.com\/sv\/?s={search_term_string}"},"query-input":{"@type":"PropertyValueSpecification","valueRequired":true,"valueName":"search_term_string"}}],"inLanguage":"sv-SE"},{"@type":"Organization","@id":"https:\/\/www.truzzer.com\/sv\/#organization","name":"truzzer","url":"https:\/\/www.truzzer.com\/sv\/","logo":{"@type":"ImageObject","inLanguage":"sv-SE","@id":"https:\/\/www.truzzer.com\/sv\/#\/schema\/logo\/image\/","url":"https:\/\/truzzer.com\/wp-content\/uploads\/2026\/01\/truzzer-logo-black-1.svg","contentUrl":"https:\/\/truzzer.com\/wp-content\/uploads\/2026\/01\/truzzer-logo-black-1.svg","width":938,"height":199,"caption":"truzzer"},"image":{"@id":"https:\/\/www.truzzer.com\/sv\/#\/schema\/logo\/image\/"}}]}},"tiered_pricing_type":"fixed","tiered_pricing_fixed_rules":[],"tiered_pricing_product_settings":{"layout":"default","base_unit_name":{"singular":null,"plural":null},"default_variation":null},"tiered_pricing_minimum_quantity":null,"tiered_pricing_roles_data":[],"tiered_pricing_percentage_rules":[],"tiered_pricing_maximum_quantity":null,"tiered_pricing_quantity_step":null,"_links":{"self":[{"href":"https:\/\/www.truzzer.com\/sv\/wp-json\/wp\/v2\/product\/93708","targetHints":{"allow":["GET"]}}],"collection":[{"href":"https:\/\/www.truzzer.com\/sv\/wp-json\/wp\/v2\/product"}],"about":[{"href":"https:\/\/www.truzzer.com\/sv\/wp-json\/wp\/v2\/types\/product"}],"replies":[{"embeddable":true,"href":"https:\/\/www.truzzer.com\/sv\/wp-json\/wp\/v2\/comments?post=93708"}],"wp:featuredmedia":[{"embeddable":true,"href":"https:\/\/www.truzzer.com\/sv\/wp-json\/wp\/v2\/media\/93709"}],"wp:attachment":[{"href":"https:\/\/www.truzzer.com\/sv\/wp-json\/wp\/v2\/media?parent=93708"}],"wp:term":[{"taxonomy":"product_brand","embeddable":true,"href":"https:\/\/www.truzzer.com\/sv\/wp-json\/wp\/v2\/product_brand?post=93708"},{"taxonomy":"product_cat","embeddable":true,"href":"https:\/\/www.truzzer.com\/sv\/wp-json\/wp\/v2\/product_cat?post=93708"},{"taxonomy":"product_tag","embeddable":true,"href":"https:\/\/www.truzzer.com\/sv\/wp-json\/wp\/v2\/product_tag?post=93708"}],"curies":[{"name":"wp","href":"https:\/\/api.w.org\/{rel}","templated":true}]}}