{"id":93915,"date":"2026-02-01T20:08:13","date_gmt":"2026-02-01T20:08:13","guid":{"rendered":"https:\/\/beta.truzzer.com\/product\/follow-us-on-instagram-package\/"},"modified":"2026-02-13T08:04:22","modified_gmt":"2026-02-13T08:04:22","slug":"follow-us-on-instagram-package","status":"publish","type":"product","link":"https:\/\/www.truzzer.com\/sv\/produkt\/follow-us-on-instagram-package\/","title":{"rendered":"F\u00f6lj oss p\u00e5 Instagram Package"},"content":{"rendered":"<h2>F\u00f6rvandla helt enkelt kunder till f\u00f6ljare<\/h2>\n<p>truzzer Instagram-paketet best\u00e5ende av de absoluta stors\u00e4ljarna i v\u00e5r butik &#8211; 100 stycken f\u00f6lj oss p\u00e5 Instagram visitkort &#8221;f\u00e4rg&#8221; och 5 Instagram-klisterm\u00e4rken med en diameter p\u00e5 14,8 cm.<\/p>\n<p>Visitkorten \u00e4r personliga med din logotyp, klisterm\u00e4rkena med ditt anv\u00e4ndarnamn och QR-koden leder direkt till din Instagram-profil.<br \/>\nVi kommer att skapa och l\u00e4nka QR-koden \u00e5t dig!<\/p>\n<p> och ange ditt anv\u00e4ndarnamn<\/p>\n<p>Setet best\u00e5r av v\u00e5ra stors\u00e4ljare:<\/p>\n<ul>\n<li>100 Instagram-visitkort med logotyp och QR-kodl\u00e4nk<\/li>\n<li>5 Instagram-dekaler med QR-kod<\/li>\n<\/ul>\n<p><strong>Instagram-klisterm\u00e4rken<\/strong><\/p>\n<p>-L\u00e4mplig f\u00f6r inomhus- och utomhusbruk<br \/>\n&#8211; V\u00e4derbest\u00e4ndig<br \/>\n-L\u00e4mplig f\u00f6r alla sl\u00e4ta ytor<br \/>\n-F\u00f6r butiker, d\u00f6rrar eller som bil Instagram klisterm\u00e4rke<br \/>\n&#8211; Individuellt gjord f\u00f6r dig<\/p>\n<p>F\u00f6lj oss p\u00e5 Instagram-produkterna \u00e4r l\u00e4tta att anv\u00e4nda, vilket vi skulle vilja visa dig nedan med &#8221;F\u00f6lj oss p\u00e5 Instagram-klisterm\u00e4rken&#8221; som exempel.<\/p>\n<p>&nbsp;<\/p>\n<h3>Steg 1: Kunden skannar QR-koden<\/h3>\n<p>F\u00f6r att f\u00f6lja dig beh\u00f6ver kunden bara skanna QR-koden. Allt du beh\u00f6ver g\u00f6ra \u00e4r att h\u00e5lla smartphonekameran (ingen extra skannerapp beh\u00f6vs) \u00f6ver produkten.<\/p>\n<p><img decoding=\"async\" class=\"alignleft wp-image-22262 size-full\" src=\"https:\/\/www.truzzer.com\/wp-content\/uploads\/2026\/02\/how-to-use-the-product-truzzer.jpg.webp\" alt=\"\" width=\"1400\" height=\"\/9p>30&#8243; height<\/p>\n<p>Ett popup-f\u00f6nster kommer d\u00e5 att visas p\u00e5 sk\u00e4rmen (iPhone) eller s\u00e5 visas en QR-kod (Android \/ Google smartphones).<\/p>\n<h3>Steg 2: Kunden g\u00e5r direkt till Instagram-profilen<\/h3>\n<p>Instagram \u00f6ppnas d\u00e5 och kunden kan f\u00f6lja dig direkt. S\u00e5 enkelt Observera:<br \/>\nObservera att en Instagram-profil kr\u00e4vs f\u00f6r att f\u00e5 f\u00f6ljare.<\/p>\n<p>&nbsp;<\/p>\n","protected":false},"excerpt":{"rendered":"<p><strong>F\u00e5 fler riktiga Instagram-anh\u00e4ngare med Instagram-visitkort med QR-kod!<\/strong><\/p>\n<p>Spara pengar p\u00e5 Instagram-paketet som best\u00e5r av 100 visitkort med logotyp, QR-kod och namn och 5 klisterm\u00e4rken med QR-kod och anv\u00e4ndarnamn i designf\u00e4rgen.<br \/>\nVi kommer att l\u00e4nka QR-koden till din Instagram-profil \u00e5t dig!<br \/>\n och ange ditt Instagram-anv\u00e4ndarnamn.<\/p>\n","protected":false},"featured_media":93916,"comment_status":"open","ping_status":"closed","template":"","meta":{"_acf_changed":false,"_yoast_wpseo_focuskw":"Instagram QR-kod Paket","_yoast_wpseo_title":"Follow us on Instagram Package | truzzer","_yoast_wpseo_metadesc":"Fler Instagram-f\u00f6ljare med Follow us on Instagram Package fr\u00e5n truzzer. Enkel installation, redo att anv\u00e4nda. Best\u00e4ll nu!"},"product_brand":[1659],"product_cat":[918],"product_tag":[],"class_list":{"0":"post-93915","1":"product","2":"type-product","3":"status-publish","4":"has-post-thumbnail","6":"product_brand-instagram","7":"product_cat-instagram-foljare-visitkort-med-qr-kod","8":"pa_industry-byra-konsultverksamhet","9":"pa_industry-lokale-diensten","10":"pa_industry-onroerend-goed","11":"pa_material-karton","12":"pa_placement-balie-receptie","13":"pa_placement-broschyr","14":"pa_placement-portemonnee-personlijk","15":"pa_product-type-packages","16":"pa_technology-qr-code","18":"first","19":"instock","20":"taxable","21":"shipping-taxable","22":"product-type-simple"},"acf":[],"yoast_head":"<!-- This site is optimized with the Yoast SEO plugin v27.0 - https:\/\/yoast.com\/product\/yoast-seo-wordpress\/ -->\n<title>Follow us on Instagram Package | truzzer<\/title>\n<meta name=\"description\" content=\"Fler Instagram-f\u00f6ljare med Follow us on Instagram Package fr\u00e5n truzzer. Enkel installation, redo att anv\u00e4nda. Best\u00e4ll nu!\" \/>\n<meta name=\"robots\" content=\"index, follow, max-snippet:-1, max-image-preview:large, max-video-preview:-1\" \/>\n<link rel=\"canonical\" href=\"https:\/\/www.truzzer.com\/sv\/produkt\/follow-us-on-instagram-package\/\" \/>\n<meta property=\"og:locale\" content=\"sv_SE\" \/>\n<meta property=\"og:type\" content=\"article\" \/>\n<meta property=\"og:title\" content=\"Follow us on Instagram Package | truzzer\" \/>\n<meta property=\"og:description\" content=\"Fler Instagram-f\u00f6ljare med Follow us on Instagram Package fr\u00e5n truzzer. Enkel installation, redo att anv\u00e4nda. Best\u00e4ll nu!\" \/>\n<meta property=\"og:url\" content=\"https:\/\/www.truzzer.com\/sv\/produkt\/follow-us-on-instagram-package\/\" \/>\n<meta property=\"og:site_name\" content=\"truzzer\" \/>\n<meta property=\"article:modified_time\" content=\"2026-02-13T08:04:22+00:00\" \/>\n<meta property=\"og:image\" content=\"https:\/\/www.truzzer.com\/wp-content\/uploads\/2026\/02\/instagram-follower-package-simple-business-front-qr-code-truzzer-1-von-11-1.jpg\" \/>\n\t<meta property=\"og:image:width\" content=\"1400\" \/>\n\t<meta property=\"og:image:height\" content=\"1400\" \/>\n\t<meta property=\"og:image:type\" content=\"image\/jpeg\" \/>\n<meta name=\"twitter:card\" content=\"summary_large_image\" \/>\n<meta name=\"twitter:label1\" content=\"Ber\u00e4knad l\u00e4stid\" \/>\n\t<meta name=\"twitter:data1\" content=\"1 minut\" \/>\n<script type=\"application\/ld+json\" class=\"yoast-schema-graph\">{\"@context\":\"https:\/\/schema.org\",\"@graph\":[{\"@type\":\"WebPage\",\"@id\":\"https:\/\/www.truzzer.com\/sv\/produkt\/follow-us-on-instagram-package\/\",\"url\":\"https:\/\/www.truzzer.com\/sv\/produkt\/follow-us-on-instagram-package\/\",\"name\":\"Follow us on Instagram Package | truzzer\",\"isPartOf\":{\"@id\":\"https:\/\/www.truzzer.com\/sv\/#website\"},\"primaryImageOfPage\":{\"@id\":\"https:\/\/www.truzzer.com\/sv\/produkt\/follow-us-on-instagram-package\/#primaryimage\"},\"image\":{\"@id\":\"https:\/\/www.truzzer.com\/sv\/produkt\/follow-us-on-instagram-package\/#primaryimage\"},\"thumbnailUrl\":\"https:\/\/www.truzzer.com\/wp-content\/uploads\/2026\/02\/instagram-follower-package-simple-business-front-qr-code-truzzer-1-von-11-1.jpg\",\"datePublished\":\"2026-02-01T20:08:13+00:00\",\"dateModified\":\"2026-02-13T08:04:22+00:00\",\"description\":\"Fler Instagram-f\u00f6ljare med Follow us on Instagram Package fr\u00e5n truzzer. Enkel installation, redo att anv\u00e4nda. Best\u00e4ll nu!\",\"breadcrumb\":{\"@id\":\"https:\/\/www.truzzer.com\/sv\/produkt\/follow-us-on-instagram-package\/#breadcrumb\"},\"inLanguage\":\"sv-SE\",\"potentialAction\":[{\"@type\":\"ReadAction\",\"target\":[\"https:\/\/www.truzzer.com\/sv\/produkt\/follow-us-on-instagram-package\/\"]}]},{\"@type\":\"ImageObject\",\"inLanguage\":\"sv-SE\",\"@id\":\"https:\/\/www.truzzer.com\/sv\/produkt\/follow-us-on-instagram-package\/#primaryimage\",\"url\":\"https:\/\/www.truzzer.com\/wp-content\/uploads\/2026\/02\/instagram-follower-package-simple-business-front-qr-code-truzzer-1-von-11-1.jpg\",\"contentUrl\":\"https:\/\/www.truzzer.com\/wp-content\/uploads\/2026\/02\/instagram-follower-package-simple-business-front-qr-code-truzzer-1-von-11-1.jpg\",\"width\":1400,\"height\":1400},{\"@type\":\"BreadcrumbList\",\"@id\":\"https:\/\/www.truzzer.com\/sv\/produkt\/follow-us-on-instagram-package\/#breadcrumb\",\"itemListElement\":[{\"@type\":\"ListItem\",\"position\":1,\"name\":\"Home\",\"item\":\"https:\/\/www.truzzer.com\/sv\/\"},{\"@type\":\"ListItem\",\"position\":2,\"name\":\"Butik\",\"item\":\"https:\/\/www.truzzer.com\/sv\/butik\/\"},{\"@type\":\"ListItem\",\"position\":3,\"name\":\"F\u00f6lj oss p\u00e5 Instagram Package\"}]},{\"@type\":\"WebSite\",\"@id\":\"https:\/\/www.truzzer.com\/sv\/#website\",\"url\":\"https:\/\/www.truzzer.com\/sv\/\",\"name\":\"truzzer\",\"description\":\"Experts for customer trust\",\"publisher\":{\"@id\":\"https:\/\/www.truzzer.com\/sv\/#organization\"},\"potentialAction\":[{\"@type\":\"SearchAction\",\"target\":{\"@type\":\"EntryPoint\",\"urlTemplate\":\"https:\/\/www.truzzer.com\/sv\/?s={search_term_string}\"},\"query-input\":{\"@type\":\"PropertyValueSpecification\",\"valueRequired\":true,\"valueName\":\"search_term_string\"}}],\"inLanguage\":\"sv-SE\"},{\"@type\":\"Organization\",\"@id\":\"https:\/\/www.truzzer.com\/sv\/#organization\",\"name\":\"truzzer\",\"url\":\"https:\/\/www.truzzer.com\/sv\/\",\"logo\":{\"@type\":\"ImageObject\",\"inLanguage\":\"sv-SE\",\"@id\":\"https:\/\/www.truzzer.com\/sv\/#\/schema\/logo\/image\/\",\"url\":\"https:\/\/truzzer.com\/wp-content\/uploads\/2026\/01\/truzzer-logo-black-1.svg\",\"contentUrl\":\"https:\/\/truzzer.com\/wp-content\/uploads\/2026\/01\/truzzer-logo-black-1.svg\",\"width\":938,\"height\":199,\"caption\":\"truzzer\"},\"image\":{\"@id\":\"https:\/\/www.truzzer.com\/sv\/#\/schema\/logo\/image\/\"}}]}<\/script>\n<!-- \/ Yoast SEO plugin. -->","yoast_head_json":{"title":"Follow us on Instagram Package | truzzer","description":"Fler Instagram-f\u00f6ljare med Follow us on Instagram Package fr\u00e5n truzzer. Enkel installation, redo att anv\u00e4nda. Best\u00e4ll nu!","robots":{"index":"index","follow":"follow","max-snippet":"max-snippet:-1","max-image-preview":"max-image-preview:large","max-video-preview":"max-video-preview:-1"},"canonical":"https:\/\/www.truzzer.com\/sv\/produkt\/follow-us-on-instagram-package\/","og_locale":"sv_SE","og_type":"article","og_title":"Follow us on Instagram Package | truzzer","og_description":"Fler Instagram-f\u00f6ljare med Follow us on Instagram Package fr\u00e5n truzzer. Enkel installation, redo att anv\u00e4nda. Best\u00e4ll nu!","og_url":"https:\/\/www.truzzer.com\/sv\/produkt\/follow-us-on-instagram-package\/","og_site_name":"truzzer","article_modified_time":"2026-02-13T08:04:22+00:00","og_image":[{"width":1400,"height":1400,"url":"https:\/\/www.truzzer.com\/wp-content\/uploads\/2026\/02\/instagram-follower-package-simple-business-front-qr-code-truzzer-1-von-11-1.jpg","type":"image\/jpeg"}],"twitter_card":"summary_large_image","twitter_misc":{"Ber\u00e4knad l\u00e4stid":"1 minut"},"schema":{"@context":"https:\/\/schema.org","@graph":[{"@type":"WebPage","@id":"https:\/\/www.truzzer.com\/sv\/produkt\/follow-us-on-instagram-package\/","url":"https:\/\/www.truzzer.com\/sv\/produkt\/follow-us-on-instagram-package\/","name":"Follow us on Instagram Package | truzzer","isPartOf":{"@id":"https:\/\/www.truzzer.com\/sv\/#website"},"primaryImageOfPage":{"@id":"https:\/\/www.truzzer.com\/sv\/produkt\/follow-us-on-instagram-package\/#primaryimage"},"image":{"@id":"https:\/\/www.truzzer.com\/sv\/produkt\/follow-us-on-instagram-package\/#primaryimage"},"thumbnailUrl":"https:\/\/www.truzzer.com\/wp-content\/uploads\/2026\/02\/instagram-follower-package-simple-business-front-qr-code-truzzer-1-von-11-1.jpg","datePublished":"2026-02-01T20:08:13+00:00","dateModified":"2026-02-13T08:04:22+00:00","description":"Fler Instagram-f\u00f6ljare med Follow us on Instagram Package fr\u00e5n truzzer. Enkel installation, redo att anv\u00e4nda. Best\u00e4ll nu!","breadcrumb":{"@id":"https:\/\/www.truzzer.com\/sv\/produkt\/follow-us-on-instagram-package\/#breadcrumb"},"inLanguage":"sv-SE","potentialAction":[{"@type":"ReadAction","target":["https:\/\/www.truzzer.com\/sv\/produkt\/follow-us-on-instagram-package\/"]}]},{"@type":"ImageObject","inLanguage":"sv-SE","@id":"https:\/\/www.truzzer.com\/sv\/produkt\/follow-us-on-instagram-package\/#primaryimage","url":"https:\/\/www.truzzer.com\/wp-content\/uploads\/2026\/02\/instagram-follower-package-simple-business-front-qr-code-truzzer-1-von-11-1.jpg","contentUrl":"https:\/\/www.truzzer.com\/wp-content\/uploads\/2026\/02\/instagram-follower-package-simple-business-front-qr-code-truzzer-1-von-11-1.jpg","width":1400,"height":1400},{"@type":"BreadcrumbList","@id":"https:\/\/www.truzzer.com\/sv\/produkt\/follow-us-on-instagram-package\/#breadcrumb","itemListElement":[{"@type":"ListItem","position":1,"name":"Home","item":"https:\/\/www.truzzer.com\/sv\/"},{"@type":"ListItem","position":2,"name":"Butik","item":"https:\/\/www.truzzer.com\/sv\/butik\/"},{"@type":"ListItem","position":3,"name":"F\u00f6lj oss p\u00e5 Instagram Package"}]},{"@type":"WebSite","@id":"https:\/\/www.truzzer.com\/sv\/#website","url":"https:\/\/www.truzzer.com\/sv\/","name":"truzzer","description":"Experts for customer trust","publisher":{"@id":"https:\/\/www.truzzer.com\/sv\/#organization"},"potentialAction":[{"@type":"SearchAction","target":{"@type":"EntryPoint","urlTemplate":"https:\/\/www.truzzer.com\/sv\/?s={search_term_string}"},"query-input":{"@type":"PropertyValueSpecification","valueRequired":true,"valueName":"search_term_string"}}],"inLanguage":"sv-SE"},{"@type":"Organization","@id":"https:\/\/www.truzzer.com\/sv\/#organization","name":"truzzer","url":"https:\/\/www.truzzer.com\/sv\/","logo":{"@type":"ImageObject","inLanguage":"sv-SE","@id":"https:\/\/www.truzzer.com\/sv\/#\/schema\/logo\/image\/","url":"https:\/\/truzzer.com\/wp-content\/uploads\/2026\/01\/truzzer-logo-black-1.svg","contentUrl":"https:\/\/truzzer.com\/wp-content\/uploads\/2026\/01\/truzzer-logo-black-1.svg","width":938,"height":199,"caption":"truzzer"},"image":{"@id":"https:\/\/www.truzzer.com\/sv\/#\/schema\/logo\/image\/"}}]}},"tiered_pricing_type":"fixed","tiered_pricing_fixed_rules":[],"tiered_pricing_product_settings":{"layout":"default","base_unit_name":{"singular":null,"plural":null},"default_variation":null},"tiered_pricing_minimum_quantity":null,"tiered_pricing_roles_data":[],"tiered_pricing_percentage_rules":[],"tiered_pricing_maximum_quantity":null,"tiered_pricing_quantity_step":null,"_links":{"self":[{"href":"https:\/\/www.truzzer.com\/sv\/wp-json\/wp\/v2\/product\/93915","targetHints":{"allow":["GET"]}}],"collection":[{"href":"https:\/\/www.truzzer.com\/sv\/wp-json\/wp\/v2\/product"}],"about":[{"href":"https:\/\/www.truzzer.com\/sv\/wp-json\/wp\/v2\/types\/product"}],"replies":[{"embeddable":true,"href":"https:\/\/www.truzzer.com\/sv\/wp-json\/wp\/v2\/comments?post=93915"}],"wp:featuredmedia":[{"embeddable":true,"href":"https:\/\/www.truzzer.com\/sv\/wp-json\/wp\/v2\/media\/93916"}],"wp:attachment":[{"href":"https:\/\/www.truzzer.com\/sv\/wp-json\/wp\/v2\/media?parent=93915"}],"wp:term":[{"taxonomy":"product_brand","embeddable":true,"href":"https:\/\/www.truzzer.com\/sv\/wp-json\/wp\/v2\/product_brand?post=93915"},{"taxonomy":"product_cat","embeddable":true,"href":"https:\/\/www.truzzer.com\/sv\/wp-json\/wp\/v2\/product_cat?post=93915"},{"taxonomy":"product_tag","embeddable":true,"href":"https:\/\/www.truzzer.com\/sv\/wp-json\/wp\/v2\/product_tag?post=93915"}],"curies":[{"name":"wp","href":"https:\/\/api.w.org\/{rel}","templated":true}]}}