{"id":94001,"date":"2026-02-01T20:07:56","date_gmt":"2026-02-01T20:07:56","guid":{"rendered":"https:\/\/beta.truzzer.com\/product\/review-us-on-google-package-bold-cards-and-stickers\/"},"modified":"2026-02-13T08:06:46","modified_gmt":"2026-02-13T08:06:46","slug":"review-us-on-google-package-bold-cards-and-stickers","status":"publish","type":"product","link":"https:\/\/www.truzzer.com\/sv\/produkt\/review-us-on-google-package-bold-cards-and-stickers\/","title":{"rendered":"Recensera oss om Google Package Bold &#8211; Cards and Stickers"},"content":{"rendered":"<h2>F\u00e5 helt enkelt fler Google-recensioner fr\u00e5n kunder<\/h2>\n<p>Med truzzer Google recensionspaket kan du f\u00e5 positiva recensioner fr\u00e5n dina n\u00f6jda kunder snabbare och f\u00f6rb\u00e4ttra din image och ditt rykte.<br \/>\nDessutom \u00f6kar du bandet med ditt f\u00f6retag och din SEO-rankning genom de positiva recensionerna.<\/p>\n<p>Setet best\u00e5r av v\u00e5ra stors\u00e4ljare:<\/p>\n<ul>\n<li>100 Google recensionskort fetstil med logotyp och QR kodl\u00e4nk<\/li>\n<li>5 Google-klisterm\u00e4rken (fet design) med\u00a0 Logotyp och QR-kod<\/li>\n<\/ul>\n<p><strong>Google recensionskort fetstilt<br \/>\n<\/strong><\/p>\n<p>I det praktiska och samtidigt sl\u00e5ende vykortsformatet DIN A6 g\u00f6r du onlinerecensionen p\u00e5taglig f\u00f6r dina kunder.<br \/>\nL\u00e4gg truzzer Google recensionskort i dina kunders shoppingp\u00e5sar, ge dem till notan, skicka dem med dina produkter eller l\u00e4gg dem p\u00e5 borden i restaurangen. F\u00e4rdig.<\/p>\n<p><strong>Google recensionsdekaler feta<br \/>\n<\/strong><\/p>\n<p>-L\u00e4mplig f\u00f6r inomhus- och utomhusbruk<br \/>\n&#8211; V\u00e4derbest\u00e4ndig<br \/>\n-L\u00e4mplig f\u00f6r alla sl\u00e4ta ytor<br \/>\n-F\u00f6r butiker, d\u00f6rrar eller som bil Google-dekal<br \/>\n-Visar dina kunder att de ocks\u00e5 kan hitta dig p\u00e5 Google<br \/>\n&#8211; Individuellt gjord f\u00f6r dig<\/p>\n<p>Recension us on Google-produkterna \u00e4r l\u00e4tta att anv\u00e4nda, vilket vi skulle vilja visa dig nedan med hj\u00e4lp av exemplet med recensionsdekaler.<\/p>\n<p>&nbsp;<\/p>\n<h3>Steg 1: Kunden skannar QR-koden<\/h3>\n<p>F\u00f6r att f\u00f6lja dig beh\u00f6ver kunden bara skanna QR-koden. Allt du beh\u00f6ver g\u00f6ra \u00e4r att h\u00e5lla smartphonekameran (ingen extra skannerapp beh\u00f6vs) \u00f6ver produkten.<\/p>\n<p><img decoding=\"async\" src=\"https:\/\/www.truzzer.com\/wp-content\/uploads\/2026\/02\/how-to-use-the-product-truzzer-google.jpg.webp\" width=\"p&gt;\" class=\"alignnone wp-image-22402 size-full\" alt=\"Hand scanning a QR code for Google reviews on a smartphone.\"  > 300&#8243; height=&#8221;p>300&#8243;<\/p>\n<p>Ett popup-f\u00f6nster kommer d\u00e5 att visas p\u00e5 sk\u00e4rmen (iPhone) eller s\u00e5 visas en QR-kod (Android \/ Google smartphones).<\/p>\n<h3>Steg 2: Kunden g\u00e5r direkt till Google-granskningsformul\u00e4ret<\/h3>\n<p>Recensionsformul\u00e4ret \u00f6ppnas i smartphones webbl\u00e4sare och kunden kan granska dig direkt.<\/p>\n<p>Obs:<br \/>\nObservera att en Google My Business-profil kr\u00e4vs f\u00f6r att f\u00e5 Google-recensioner.<\/p>\n<p>&nbsp;<\/p>\n","protected":false},"excerpt":{"rendered":"<p><strong>G\u00f6r Google-recensionen p\u00e5taglig f\u00f6r dina kunder<\/strong><\/p>\n<p>truzzer Google recensionspaket &#8220;Fet&#8221;\u00a0 som best\u00e5r av de absoluta stors\u00e4ljarna i v\u00e5r butik &#8211; 100 recensera oss p\u00e5 Google-kort i dj\u00e4rv design och 5 Google-dekaler med en diameter p\u00e5 14,8 cm \/ 5,8&#8243; .<\/p>\n<p>Korten och klisterm\u00e4rkena \u00e4r personliga med din logotyp och QR-koden leder direkt till ditt recensionsformul\u00e4r p\u00e5 Google.<br \/>\nVi kommer att skapa och l\u00e4nka QR-koden f\u00f6r direkt utv\u00e4rdering p\u00e5 din Google-profil \u00e5t dig!<br \/>\nVi h\u00e4mtar denna information fr\u00e5n din f\u00f6retagsadress.<\/p>\n<p>Du kan hitta mer information om hur korten hj\u00e4lper dig h\u00e4r:\n<\/p>\n<p>&nbsp;<\/p>\n","protected":false},"featured_media":94002,"comment_status":"open","ping_status":"closed","template":"","meta":{"_acf_changed":false,"_yoast_wpseo_focuskw":"Google Recension Paket","_yoast_wpseo_title":"Review us on Google Package Bold \u2013 Cards and St... | truzzer","_yoast_wpseo_metadesc":"Fler Google-recensioner med Review us on Google Package Bold \u2013 Cards and Stickers fr\u00e5n truzzer. Enkel installation. Best\u00e4ll nu!"},"product_brand":[1657],"product_cat":[1102,803,1103,544],"product_tag":[],"class_list":{"0":"post-94001","1":"product","2":"type-product","3":"status-publish","4":"has-post-thumbnail","6":"product_brand-google","7":"product_cat-google-recension-paket","8":"product_cat-google-recension-produkter","9":"product_cat-paket","10":"product_cat-qr-kod-produkter","11":"pa_industry-detailhandel","12":"pa_industry-fitness-gym","13":"pa_industry-restaurang-cafe","14":"pa_material-vinyl","15":"pa_placement-balie-receptie","16":"pa_placement-verpakking","17":"pa_placement-window-door","18":"pa_product-type-klistermarke","19":"pa_technology-qr-code","20":"pa_technology-qr-kod","22":"first","23":"instock","24":"taxable","25":"shipping-taxable","26":"purchasable","27":"product-type-simple"},"acf":[],"yoast_head":"<!-- This site is optimized with the Yoast SEO plugin v27.0 - https:\/\/yoast.com\/product\/yoast-seo-wordpress\/ -->\n<title>Review us on Google Package Bold \u2013 Cards and St... | truzzer<\/title>\n<meta name=\"description\" content=\"Fler Google-recensioner med Review us on Google Package Bold \u2013 Cards and Stickers fr\u00e5n truzzer. Enkel installation. Best\u00e4ll nu!\" \/>\n<meta name=\"robots\" content=\"index, follow, max-snippet:-1, max-image-preview:large, max-video-preview:-1\" \/>\n<link rel=\"canonical\" href=\"https:\/\/www.truzzer.com\/sv\/produkt\/review-us-on-google-package-bold-cards-and-stickers\/\" \/>\n<meta property=\"og:locale\" content=\"sv_SE\" \/>\n<meta property=\"og:type\" content=\"article\" \/>\n<meta property=\"og:title\" content=\"Review us on Google Package Bold \u2013 Cards and St... | truzzer\" \/>\n<meta property=\"og:description\" content=\"Fler Google-recensioner med Review us on Google Package Bold \u2013 Cards and Stickers fr\u00e5n truzzer. Enkel installation. Best\u00e4ll nu!\" \/>\n<meta property=\"og:url\" content=\"https:\/\/www.truzzer.com\/sv\/produkt\/review-us-on-google-package-bold-cards-and-stickers\/\" \/>\n<meta property=\"og:site_name\" content=\"truzzer\" \/>\n<meta property=\"article:modified_time\" content=\"2026-02-13T08:06:46+00:00\" \/>\n<meta property=\"og:image\" content=\"https:\/\/www.truzzer.com\/wp-content\/uploads\/2026\/02\/review-us-on-google-package-bold-front-qr-code-truzzer-1-von-11-1.jpg\" \/>\n\t<meta property=\"og:image:width\" content=\"1400\" \/>\n\t<meta property=\"og:image:height\" content=\"1400\" \/>\n\t<meta property=\"og:image:type\" content=\"image\/jpeg\" \/>\n<meta name=\"twitter:card\" content=\"summary_large_image\" \/>\n<meta name=\"twitter:label1\" content=\"Ber\u00e4knad l\u00e4stid\" \/>\n\t<meta name=\"twitter:data1\" content=\"1 minut\" \/>\n<script type=\"application\/ld+json\" class=\"yoast-schema-graph\">{\"@context\":\"https:\/\/schema.org\",\"@graph\":[{\"@type\":\"WebPage\",\"@id\":\"https:\/\/www.truzzer.com\/sv\/produkt\/review-us-on-google-package-bold-cards-and-stickers\/\",\"url\":\"https:\/\/www.truzzer.com\/sv\/produkt\/review-us-on-google-package-bold-cards-and-stickers\/\",\"name\":\"Review us on Google Package Bold \u2013 Cards and St... | truzzer\",\"isPartOf\":{\"@id\":\"https:\/\/www.truzzer.com\/sv\/#website\"},\"primaryImageOfPage\":{\"@id\":\"https:\/\/www.truzzer.com\/sv\/produkt\/review-us-on-google-package-bold-cards-and-stickers\/#primaryimage\"},\"image\":{\"@id\":\"https:\/\/www.truzzer.com\/sv\/produkt\/review-us-on-google-package-bold-cards-and-stickers\/#primaryimage\"},\"thumbnailUrl\":\"https:\/\/www.truzzer.com\/wp-content\/uploads\/2026\/02\/review-us-on-google-package-bold-front-qr-code-truzzer-1-von-11-1.jpg\",\"datePublished\":\"2026-02-01T20:07:56+00:00\",\"dateModified\":\"2026-02-13T08:06:46+00:00\",\"description\":\"Fler Google-recensioner med Review us on Google Package Bold \u2013 Cards and Stickers fr\u00e5n truzzer. Enkel installation. Best\u00e4ll nu!\",\"breadcrumb\":{\"@id\":\"https:\/\/www.truzzer.com\/sv\/produkt\/review-us-on-google-package-bold-cards-and-stickers\/#breadcrumb\"},\"inLanguage\":\"sv-SE\",\"potentialAction\":[{\"@type\":\"ReadAction\",\"target\":[\"https:\/\/www.truzzer.com\/sv\/produkt\/review-us-on-google-package-bold-cards-and-stickers\/\"]}]},{\"@type\":\"ImageObject\",\"inLanguage\":\"sv-SE\",\"@id\":\"https:\/\/www.truzzer.com\/sv\/produkt\/review-us-on-google-package-bold-cards-and-stickers\/#primaryimage\",\"url\":\"https:\/\/www.truzzer.com\/wp-content\/uploads\/2026\/02\/review-us-on-google-package-bold-front-qr-code-truzzer-1-von-11-1.jpg\",\"contentUrl\":\"https:\/\/www.truzzer.com\/wp-content\/uploads\/2026\/02\/review-us-on-google-package-bold-front-qr-code-truzzer-1-von-11-1.jpg\",\"width\":1400,\"height\":1400},{\"@type\":\"BreadcrumbList\",\"@id\":\"https:\/\/www.truzzer.com\/sv\/produkt\/review-us-on-google-package-bold-cards-and-stickers\/#breadcrumb\",\"itemListElement\":[{\"@type\":\"ListItem\",\"position\":1,\"name\":\"Home\",\"item\":\"https:\/\/www.truzzer.com\/sv\/\"},{\"@type\":\"ListItem\",\"position\":2,\"name\":\"Butik\",\"item\":\"https:\/\/www.truzzer.com\/sv\/butik\/\"},{\"@type\":\"ListItem\",\"position\":3,\"name\":\"Recensera oss om Google Package Bold &#8211; Cards and Stickers\"}]},{\"@type\":\"WebSite\",\"@id\":\"https:\/\/www.truzzer.com\/sv\/#website\",\"url\":\"https:\/\/www.truzzer.com\/sv\/\",\"name\":\"truzzer\",\"description\":\"Experts for customer trust\",\"publisher\":{\"@id\":\"https:\/\/www.truzzer.com\/sv\/#organization\"},\"potentialAction\":[{\"@type\":\"SearchAction\",\"target\":{\"@type\":\"EntryPoint\",\"urlTemplate\":\"https:\/\/www.truzzer.com\/sv\/?s={search_term_string}\"},\"query-input\":{\"@type\":\"PropertyValueSpecification\",\"valueRequired\":true,\"valueName\":\"search_term_string\"}}],\"inLanguage\":\"sv-SE\"},{\"@type\":\"Organization\",\"@id\":\"https:\/\/www.truzzer.com\/sv\/#organization\",\"name\":\"truzzer\",\"url\":\"https:\/\/www.truzzer.com\/sv\/\",\"logo\":{\"@type\":\"ImageObject\",\"inLanguage\":\"sv-SE\",\"@id\":\"https:\/\/www.truzzer.com\/sv\/#\/schema\/logo\/image\/\",\"url\":\"https:\/\/truzzer.com\/wp-content\/uploads\/2026\/01\/truzzer-logo-black-1.svg\",\"contentUrl\":\"https:\/\/truzzer.com\/wp-content\/uploads\/2026\/01\/truzzer-logo-black-1.svg\",\"width\":938,\"height\":199,\"caption\":\"truzzer\"},\"image\":{\"@id\":\"https:\/\/www.truzzer.com\/sv\/#\/schema\/logo\/image\/\"}}]}<\/script>\n<!-- \/ Yoast SEO plugin. -->","yoast_head_json":{"title":"Review us on Google Package Bold \u2013 Cards and St... | truzzer","description":"Fler Google-recensioner med Review us on Google Package Bold \u2013 Cards and Stickers fr\u00e5n truzzer. Enkel installation. Best\u00e4ll nu!","robots":{"index":"index","follow":"follow","max-snippet":"max-snippet:-1","max-image-preview":"max-image-preview:large","max-video-preview":"max-video-preview:-1"},"canonical":"https:\/\/www.truzzer.com\/sv\/produkt\/review-us-on-google-package-bold-cards-and-stickers\/","og_locale":"sv_SE","og_type":"article","og_title":"Review us on Google Package Bold \u2013 Cards and St... | truzzer","og_description":"Fler Google-recensioner med Review us on Google Package Bold \u2013 Cards and Stickers fr\u00e5n truzzer. Enkel installation. Best\u00e4ll nu!","og_url":"https:\/\/www.truzzer.com\/sv\/produkt\/review-us-on-google-package-bold-cards-and-stickers\/","og_site_name":"truzzer","article_modified_time":"2026-02-13T08:06:46+00:00","og_image":[{"width":1400,"height":1400,"url":"https:\/\/www.truzzer.com\/wp-content\/uploads\/2026\/02\/review-us-on-google-package-bold-front-qr-code-truzzer-1-von-11-1.jpg","type":"image\/jpeg"}],"twitter_card":"summary_large_image","twitter_misc":{"Ber\u00e4knad l\u00e4stid":"1 minut"},"schema":{"@context":"https:\/\/schema.org","@graph":[{"@type":"WebPage","@id":"https:\/\/www.truzzer.com\/sv\/produkt\/review-us-on-google-package-bold-cards-and-stickers\/","url":"https:\/\/www.truzzer.com\/sv\/produkt\/review-us-on-google-package-bold-cards-and-stickers\/","name":"Review us on Google Package Bold \u2013 Cards and St... | truzzer","isPartOf":{"@id":"https:\/\/www.truzzer.com\/sv\/#website"},"primaryImageOfPage":{"@id":"https:\/\/www.truzzer.com\/sv\/produkt\/review-us-on-google-package-bold-cards-and-stickers\/#primaryimage"},"image":{"@id":"https:\/\/www.truzzer.com\/sv\/produkt\/review-us-on-google-package-bold-cards-and-stickers\/#primaryimage"},"thumbnailUrl":"https:\/\/www.truzzer.com\/wp-content\/uploads\/2026\/02\/review-us-on-google-package-bold-front-qr-code-truzzer-1-von-11-1.jpg","datePublished":"2026-02-01T20:07:56+00:00","dateModified":"2026-02-13T08:06:46+00:00","description":"Fler Google-recensioner med Review us on Google Package Bold \u2013 Cards and Stickers fr\u00e5n truzzer. Enkel installation. Best\u00e4ll nu!","breadcrumb":{"@id":"https:\/\/www.truzzer.com\/sv\/produkt\/review-us-on-google-package-bold-cards-and-stickers\/#breadcrumb"},"inLanguage":"sv-SE","potentialAction":[{"@type":"ReadAction","target":["https:\/\/www.truzzer.com\/sv\/produkt\/review-us-on-google-package-bold-cards-and-stickers\/"]}]},{"@type":"ImageObject","inLanguage":"sv-SE","@id":"https:\/\/www.truzzer.com\/sv\/produkt\/review-us-on-google-package-bold-cards-and-stickers\/#primaryimage","url":"https:\/\/www.truzzer.com\/wp-content\/uploads\/2026\/02\/review-us-on-google-package-bold-front-qr-code-truzzer-1-von-11-1.jpg","contentUrl":"https:\/\/www.truzzer.com\/wp-content\/uploads\/2026\/02\/review-us-on-google-package-bold-front-qr-code-truzzer-1-von-11-1.jpg","width":1400,"height":1400},{"@type":"BreadcrumbList","@id":"https:\/\/www.truzzer.com\/sv\/produkt\/review-us-on-google-package-bold-cards-and-stickers\/#breadcrumb","itemListElement":[{"@type":"ListItem","position":1,"name":"Home","item":"https:\/\/www.truzzer.com\/sv\/"},{"@type":"ListItem","position":2,"name":"Butik","item":"https:\/\/www.truzzer.com\/sv\/butik\/"},{"@type":"ListItem","position":3,"name":"Recensera oss om Google Package Bold &#8211; Cards and Stickers"}]},{"@type":"WebSite","@id":"https:\/\/www.truzzer.com\/sv\/#website","url":"https:\/\/www.truzzer.com\/sv\/","name":"truzzer","description":"Experts for customer trust","publisher":{"@id":"https:\/\/www.truzzer.com\/sv\/#organization"},"potentialAction":[{"@type":"SearchAction","target":{"@type":"EntryPoint","urlTemplate":"https:\/\/www.truzzer.com\/sv\/?s={search_term_string}"},"query-input":{"@type":"PropertyValueSpecification","valueRequired":true,"valueName":"search_term_string"}}],"inLanguage":"sv-SE"},{"@type":"Organization","@id":"https:\/\/www.truzzer.com\/sv\/#organization","name":"truzzer","url":"https:\/\/www.truzzer.com\/sv\/","logo":{"@type":"ImageObject","inLanguage":"sv-SE","@id":"https:\/\/www.truzzer.com\/sv\/#\/schema\/logo\/image\/","url":"https:\/\/truzzer.com\/wp-content\/uploads\/2026\/01\/truzzer-logo-black-1.svg","contentUrl":"https:\/\/truzzer.com\/wp-content\/uploads\/2026\/01\/truzzer-logo-black-1.svg","width":938,"height":199,"caption":"truzzer"},"image":{"@id":"https:\/\/www.truzzer.com\/sv\/#\/schema\/logo\/image\/"}}]}},"tiered_pricing_type":"fixed","tiered_pricing_fixed_rules":[],"tiered_pricing_product_settings":{"layout":"default","base_unit_name":{"singular":null,"plural":null},"default_variation":null},"tiered_pricing_minimum_quantity":109,"tiered_pricing_roles_data":[],"tiered_pricing_percentage_rules":[],"tiered_pricing_maximum_quantity":null,"tiered_pricing_quantity_step":null,"_links":{"self":[{"href":"https:\/\/www.truzzer.com\/sv\/wp-json\/wp\/v2\/product\/94001","targetHints":{"allow":["GET"]}}],"collection":[{"href":"https:\/\/www.truzzer.com\/sv\/wp-json\/wp\/v2\/product"}],"about":[{"href":"https:\/\/www.truzzer.com\/sv\/wp-json\/wp\/v2\/types\/product"}],"replies":[{"embeddable":true,"href":"https:\/\/www.truzzer.com\/sv\/wp-json\/wp\/v2\/comments?post=94001"}],"wp:featuredmedia":[{"embeddable":true,"href":"https:\/\/www.truzzer.com\/sv\/wp-json\/wp\/v2\/media\/94002"}],"wp:attachment":[{"href":"https:\/\/www.truzzer.com\/sv\/wp-json\/wp\/v2\/media?parent=94001"}],"wp:term":[{"taxonomy":"product_brand","embeddable":true,"href":"https:\/\/www.truzzer.com\/sv\/wp-json\/wp\/v2\/product_brand?post=94001"},{"taxonomy":"product_cat","embeddable":true,"href":"https:\/\/www.truzzer.com\/sv\/wp-json\/wp\/v2\/product_cat?post=94001"},{"taxonomy":"product_tag","embeddable":true,"href":"https:\/\/www.truzzer.com\/sv\/wp-json\/wp\/v2\/product_tag?post=94001"}],"curies":[{"name":"wp","href":"https:\/\/api.w.org\/{rel}","templated":true}]}}