{"id":94031,"date":"2026-02-01T20:07:48","date_gmt":"2026-02-01T20:07:48","guid":{"rendered":"https:\/\/beta.truzzer.com\/product\/follow-us-on-tiktok-business-card-clean\/"},"modified":"2026-02-13T08:08:00","modified_gmt":"2026-02-13T08:08:00","slug":"follow-us-on-tiktok-business-card-clean","status":"publish","type":"product","link":"https:\/\/www.truzzer.com\/sv\/produkt\/follow-us-on-tiktok-business-card-clean\/","title":{"rendered":"F\u00f6lj oss p\u00e5 TikTok Visitkort &#8221;Clean&#8221;"},"content":{"rendered":"<h2>F\u00f6rvandla helt enkelt kunder till f\u00f6ljare<\/h2>\n<p>Med truzzer TikTok visitkort kan du enkelt g\u00f6ra dina kunder till riktiga TikTok f\u00f6ljare som verkligen \u00e4r intresserade av ditt erbjudande och ditt inneh\u00e5ll.<br \/>\nP\u00e5 s\u00e5 s\u00e4tt kan du binda din m\u00e5lgrupp effektivt.<\/p>\n<p>I ett praktiskt visitkortsformat g\u00f6r du din TikTok-profil tillg\u00e4nglig f\u00f6r dina kunder n\u00e4r som helst, var som helst.<br \/>\nL\u00e4gg truzzer TikTok-visitkorten i dina kunders shoppingv\u00e4skor, ge dem till fakturan eller ge dem direkt till kunderna. F\u00e4rdig.<\/p>\n<p>QR-koden tar kunder direkt till din TikTok-profil utan att beh\u00f6va leta efter dig.<\/p>\n<p>Du kan enkelt anpassa TikTok-visitkorten med din logotyp och anpassa dem till ditt f\u00f6retag.<\/p>\n<p>F\u00f6lj oss p\u00e5 TikTok-produkterna \u00e4r l\u00e4tta att anv\u00e4nda, som vi skulle vilja visa dig nedan med &#8221;F\u00f6lj oss p\u00e5 Instagram-dekalen&#8221; som exempel.<\/p>\n<p>&nbsp;<\/p>\n<h3>Steg 1: Kunden skannar QR-koden<\/h3>\n<p>F\u00f6r att f\u00f6lja dig beh\u00f6ver kunden bara skanna QR-koden. Allt du beh\u00f6ver g\u00f6ra \u00e4r att h\u00e5lla smartphonekameran (ingen extra skannerapp beh\u00f6vs) \u00f6ver produkten.<\/p>\n<p><img decoding=\"async\" class=\"alignleft wp-image-22262 size-full\" src=\"https:\/\/www.truzzer.com\/wp-content\/uploads\/2026\/02\/how-to-use-the-product-truzzer.jpg.webp\" alt=\"\" width=\"1400\" height=\"\/9p>30&#8243; height<\/p>\n<p>Ett popup-f\u00f6nster kommer d\u00e5 att visas p\u00e5 sk\u00e4rmen (iPhone) eller s\u00e5 visas en QR-kod (Android \/ Google smartphones).<\/p>\n<h3>Steg 2: Kunden g\u00e5r direkt till Instagram-profilen<\/h3>\n<p>Instagram \u00f6ppnas d\u00e5 och kunden kan f\u00f6lja dig direkt. S\u00e5 enkelt Observera:<br \/>\nObservera att en Instagram-profil kr\u00e4vs f\u00f6r att f\u00e5 f\u00f6ljare.<\/p>\n<p>&nbsp;<\/p>\n","protected":false},"excerpt":{"rendered":"<p>G\u00f6r det enkelt f\u00f6r dina kunder att f\u00f6lja dig p\u00e5 TikTok med TikTok &#8220;Clean&#8221; visitkort i reducerad och snygg design som passar in i alla f\u00f6retag.<br \/>\nVi kommer att l\u00e4nka QR-koden till din TikTok-profil \u00e5t dig!<br \/>\n och ange ditt TikTok-anv\u00e4ndarnamn.<\/p>\n","protected":false},"featured_media":94032,"comment_status":"open","ping_status":"closed","template":"","meta":{"_acf_changed":false,"_yoast_wpseo_focuskw":"TikTok QR-kod Visitkort","_yoast_wpseo_title":"Follow us on TikTok Business Card \u201dClean\u201d | truzzer","_yoast_wpseo_metadesc":"\u00d6ka din TikTok-r\u00e4ckvidd med Follow us on TikTok Business Card \u201dClean\u201d fr\u00e5n truzzer. Enkel installation, redo att anv\u00e4nda. Best\u00e4ll nu!"},"product_brand":[1680],"product_cat":[544,616,630,1142,1143],"product_tag":[],"class_list":{"0":"post-94031","1":"product","2":"type-product","3":"status-publish","4":"has-post-thumbnail","6":"product_brand-tiktok","7":"product_cat-qr-kod-produkter","8":"product_cat-qr-kod-visitkort","9":"product_cat-tiktok-foljare-produkter","10":"product_cat-tiktok-foljare-visitkort","11":"product_cat-tiktok-foljare-visitkort-med-qr-kod","12":"pa_industry-byra-konsultverksamhet","13":"pa_industry-lokale-diensten","14":"pa_industry-onroerend-goed","15":"pa_material-karton","16":"pa_placement-balie-receptie","17":"pa_placement-broschyr","18":"pa_placement-portemonnee-personlijk","19":"pa_product-type-visitekaartjes","20":"pa_technology-qr-code","22":"first","23":"instock","24":"taxable","25":"shipping-taxable","26":"purchasable","27":"product-type-simple"},"acf":[],"yoast_head":"<!-- This site is optimized with the Yoast SEO plugin v27.0 - https:\/\/yoast.com\/product\/yoast-seo-wordpress\/ -->\n<title>Follow us on TikTok Business Card \u201dClean\u201d | truzzer<\/title>\n<meta name=\"description\" content=\"\u00d6ka din TikTok-r\u00e4ckvidd med Follow us on TikTok Business Card \u201dClean\u201d fr\u00e5n truzzer. Enkel installation, redo att anv\u00e4nda. Best\u00e4ll nu!\" \/>\n<meta name=\"robots\" content=\"index, follow, max-snippet:-1, max-image-preview:large, max-video-preview:-1\" \/>\n<link rel=\"canonical\" href=\"https:\/\/www.truzzer.com\/sv\/produkt\/follow-us-on-tiktok-business-card-clean\/\" \/>\n<meta property=\"og:locale\" content=\"sv_SE\" \/>\n<meta property=\"og:type\" content=\"article\" \/>\n<meta property=\"og:title\" content=\"Follow us on TikTok Business Card \u201dClean\u201d | truzzer\" \/>\n<meta property=\"og:description\" content=\"\u00d6ka din TikTok-r\u00e4ckvidd med Follow us on TikTok Business Card \u201dClean\u201d fr\u00e5n truzzer. Enkel installation, redo att anv\u00e4nda. Best\u00e4ll nu!\" \/>\n<meta property=\"og:url\" content=\"https:\/\/www.truzzer.com\/sv\/produkt\/follow-us-on-tiktok-business-card-clean\/\" \/>\n<meta property=\"og:site_name\" content=\"truzzer\" \/>\n<meta property=\"article:modified_time\" content=\"2026-02-13T08:08:00+00:00\" \/>\n<meta property=\"og:image\" content=\"https:\/\/www.truzzer.com\/wp-content\/uploads\/2026\/02\/follow-us-on-tiktok-business-card-front-truzzer-square-1.jpg\" \/>\n\t<meta property=\"og:image:width\" content=\"1061\" \/>\n\t<meta property=\"og:image:height\" content=\"1061\" \/>\n\t<meta property=\"og:image:type\" content=\"image\/jpeg\" \/>\n<meta name=\"twitter:card\" content=\"summary_large_image\" \/>\n<meta name=\"twitter:label1\" content=\"Ber\u00e4knad l\u00e4stid\" \/>\n\t<meta name=\"twitter:data1\" content=\"1 minut\" \/>\n<script type=\"application\/ld+json\" class=\"yoast-schema-graph\">{\"@context\":\"https:\/\/schema.org\",\"@graph\":[{\"@type\":\"WebPage\",\"@id\":\"https:\/\/www.truzzer.com\/sv\/produkt\/follow-us-on-tiktok-business-card-clean\/\",\"url\":\"https:\/\/www.truzzer.com\/sv\/produkt\/follow-us-on-tiktok-business-card-clean\/\",\"name\":\"Follow us on TikTok Business Card \u201dClean\u201d | truzzer\",\"isPartOf\":{\"@id\":\"https:\/\/www.truzzer.com\/sv\/#website\"},\"primaryImageOfPage\":{\"@id\":\"https:\/\/www.truzzer.com\/sv\/produkt\/follow-us-on-tiktok-business-card-clean\/#primaryimage\"},\"image\":{\"@id\":\"https:\/\/www.truzzer.com\/sv\/produkt\/follow-us-on-tiktok-business-card-clean\/#primaryimage\"},\"thumbnailUrl\":\"https:\/\/www.truzzer.com\/wp-content\/uploads\/2026\/02\/follow-us-on-tiktok-business-card-front-truzzer-square-1.jpg\",\"datePublished\":\"2026-02-01T20:07:48+00:00\",\"dateModified\":\"2026-02-13T08:08:00+00:00\",\"description\":\"\u00d6ka din TikTok-r\u00e4ckvidd med Follow us on TikTok Business Card \u201dClean\u201d fr\u00e5n truzzer. Enkel installation, redo att anv\u00e4nda. Best\u00e4ll nu!\",\"breadcrumb\":{\"@id\":\"https:\/\/www.truzzer.com\/sv\/produkt\/follow-us-on-tiktok-business-card-clean\/#breadcrumb\"},\"inLanguage\":\"sv-SE\",\"potentialAction\":[{\"@type\":\"ReadAction\",\"target\":[\"https:\/\/www.truzzer.com\/sv\/produkt\/follow-us-on-tiktok-business-card-clean\/\"]}]},{\"@type\":\"ImageObject\",\"inLanguage\":\"sv-SE\",\"@id\":\"https:\/\/www.truzzer.com\/sv\/produkt\/follow-us-on-tiktok-business-card-clean\/#primaryimage\",\"url\":\"https:\/\/www.truzzer.com\/wp-content\/uploads\/2026\/02\/follow-us-on-tiktok-business-card-front-truzzer-square-1.jpg\",\"contentUrl\":\"https:\/\/www.truzzer.com\/wp-content\/uploads\/2026\/02\/follow-us-on-tiktok-business-card-front-truzzer-square-1.jpg\",\"width\":1061,\"height\":1061},{\"@type\":\"BreadcrumbList\",\"@id\":\"https:\/\/www.truzzer.com\/sv\/produkt\/follow-us-on-tiktok-business-card-clean\/#breadcrumb\",\"itemListElement\":[{\"@type\":\"ListItem\",\"position\":1,\"name\":\"Home\",\"item\":\"https:\/\/www.truzzer.com\/sv\/\"},{\"@type\":\"ListItem\",\"position\":2,\"name\":\"Butik\",\"item\":\"https:\/\/www.truzzer.com\/sv\/butik\/\"},{\"@type\":\"ListItem\",\"position\":3,\"name\":\"F\u00f6lj oss p\u00e5 TikTok Visitkort &#8220;Clean&#8221;\"}]},{\"@type\":\"WebSite\",\"@id\":\"https:\/\/www.truzzer.com\/sv\/#website\",\"url\":\"https:\/\/www.truzzer.com\/sv\/\",\"name\":\"truzzer\",\"description\":\"Experts for customer trust\",\"publisher\":{\"@id\":\"https:\/\/www.truzzer.com\/sv\/#organization\"},\"potentialAction\":[{\"@type\":\"SearchAction\",\"target\":{\"@type\":\"EntryPoint\",\"urlTemplate\":\"https:\/\/www.truzzer.com\/sv\/?s={search_term_string}\"},\"query-input\":{\"@type\":\"PropertyValueSpecification\",\"valueRequired\":true,\"valueName\":\"search_term_string\"}}],\"inLanguage\":\"sv-SE\"},{\"@type\":\"Organization\",\"@id\":\"https:\/\/www.truzzer.com\/sv\/#organization\",\"name\":\"truzzer\",\"url\":\"https:\/\/www.truzzer.com\/sv\/\",\"logo\":{\"@type\":\"ImageObject\",\"inLanguage\":\"sv-SE\",\"@id\":\"https:\/\/www.truzzer.com\/sv\/#\/schema\/logo\/image\/\",\"url\":\"https:\/\/truzzer.com\/wp-content\/uploads\/2026\/01\/truzzer-logo-black-1.svg\",\"contentUrl\":\"https:\/\/truzzer.com\/wp-content\/uploads\/2026\/01\/truzzer-logo-black-1.svg\",\"width\":938,\"height\":199,\"caption\":\"truzzer\"},\"image\":{\"@id\":\"https:\/\/www.truzzer.com\/sv\/#\/schema\/logo\/image\/\"}}]}<\/script>\n<!-- \/ Yoast SEO plugin. -->","yoast_head_json":{"title":"Follow us on TikTok Business Card \u201dClean\u201d | truzzer","description":"\u00d6ka din TikTok-r\u00e4ckvidd med Follow us on TikTok Business Card \u201dClean\u201d fr\u00e5n truzzer. Enkel installation, redo att anv\u00e4nda. Best\u00e4ll nu!","robots":{"index":"index","follow":"follow","max-snippet":"max-snippet:-1","max-image-preview":"max-image-preview:large","max-video-preview":"max-video-preview:-1"},"canonical":"https:\/\/www.truzzer.com\/sv\/produkt\/follow-us-on-tiktok-business-card-clean\/","og_locale":"sv_SE","og_type":"article","og_title":"Follow us on TikTok Business Card \u201dClean\u201d | truzzer","og_description":"\u00d6ka din TikTok-r\u00e4ckvidd med Follow us on TikTok Business Card \u201dClean\u201d fr\u00e5n truzzer. Enkel installation, redo att anv\u00e4nda. Best\u00e4ll nu!","og_url":"https:\/\/www.truzzer.com\/sv\/produkt\/follow-us-on-tiktok-business-card-clean\/","og_site_name":"truzzer","article_modified_time":"2026-02-13T08:08:00+00:00","og_image":[{"width":1061,"height":1061,"url":"https:\/\/www.truzzer.com\/wp-content\/uploads\/2026\/02\/follow-us-on-tiktok-business-card-front-truzzer-square-1.jpg","type":"image\/jpeg"}],"twitter_card":"summary_large_image","twitter_misc":{"Ber\u00e4knad l\u00e4stid":"1 minut"},"schema":{"@context":"https:\/\/schema.org","@graph":[{"@type":"WebPage","@id":"https:\/\/www.truzzer.com\/sv\/produkt\/follow-us-on-tiktok-business-card-clean\/","url":"https:\/\/www.truzzer.com\/sv\/produkt\/follow-us-on-tiktok-business-card-clean\/","name":"Follow us on TikTok Business Card \u201dClean\u201d | truzzer","isPartOf":{"@id":"https:\/\/www.truzzer.com\/sv\/#website"},"primaryImageOfPage":{"@id":"https:\/\/www.truzzer.com\/sv\/produkt\/follow-us-on-tiktok-business-card-clean\/#primaryimage"},"image":{"@id":"https:\/\/www.truzzer.com\/sv\/produkt\/follow-us-on-tiktok-business-card-clean\/#primaryimage"},"thumbnailUrl":"https:\/\/www.truzzer.com\/wp-content\/uploads\/2026\/02\/follow-us-on-tiktok-business-card-front-truzzer-square-1.jpg","datePublished":"2026-02-01T20:07:48+00:00","dateModified":"2026-02-13T08:08:00+00:00","description":"\u00d6ka din TikTok-r\u00e4ckvidd med Follow us on TikTok Business Card \u201dClean\u201d fr\u00e5n truzzer. Enkel installation, redo att anv\u00e4nda. Best\u00e4ll nu!","breadcrumb":{"@id":"https:\/\/www.truzzer.com\/sv\/produkt\/follow-us-on-tiktok-business-card-clean\/#breadcrumb"},"inLanguage":"sv-SE","potentialAction":[{"@type":"ReadAction","target":["https:\/\/www.truzzer.com\/sv\/produkt\/follow-us-on-tiktok-business-card-clean\/"]}]},{"@type":"ImageObject","inLanguage":"sv-SE","@id":"https:\/\/www.truzzer.com\/sv\/produkt\/follow-us-on-tiktok-business-card-clean\/#primaryimage","url":"https:\/\/www.truzzer.com\/wp-content\/uploads\/2026\/02\/follow-us-on-tiktok-business-card-front-truzzer-square-1.jpg","contentUrl":"https:\/\/www.truzzer.com\/wp-content\/uploads\/2026\/02\/follow-us-on-tiktok-business-card-front-truzzer-square-1.jpg","width":1061,"height":1061},{"@type":"BreadcrumbList","@id":"https:\/\/www.truzzer.com\/sv\/produkt\/follow-us-on-tiktok-business-card-clean\/#breadcrumb","itemListElement":[{"@type":"ListItem","position":1,"name":"Home","item":"https:\/\/www.truzzer.com\/sv\/"},{"@type":"ListItem","position":2,"name":"Butik","item":"https:\/\/www.truzzer.com\/sv\/butik\/"},{"@type":"ListItem","position":3,"name":"F\u00f6lj oss p\u00e5 TikTok Visitkort &#8220;Clean&#8221;"}]},{"@type":"WebSite","@id":"https:\/\/www.truzzer.com\/sv\/#website","url":"https:\/\/www.truzzer.com\/sv\/","name":"truzzer","description":"Experts for customer trust","publisher":{"@id":"https:\/\/www.truzzer.com\/sv\/#organization"},"potentialAction":[{"@type":"SearchAction","target":{"@type":"EntryPoint","urlTemplate":"https:\/\/www.truzzer.com\/sv\/?s={search_term_string}"},"query-input":{"@type":"PropertyValueSpecification","valueRequired":true,"valueName":"search_term_string"}}],"inLanguage":"sv-SE"},{"@type":"Organization","@id":"https:\/\/www.truzzer.com\/sv\/#organization","name":"truzzer","url":"https:\/\/www.truzzer.com\/sv\/","logo":{"@type":"ImageObject","inLanguage":"sv-SE","@id":"https:\/\/www.truzzer.com\/sv\/#\/schema\/logo\/image\/","url":"https:\/\/truzzer.com\/wp-content\/uploads\/2026\/01\/truzzer-logo-black-1.svg","contentUrl":"https:\/\/truzzer.com\/wp-content\/uploads\/2026\/01\/truzzer-logo-black-1.svg","width":938,"height":199,"caption":"truzzer"},"image":{"@id":"https:\/\/www.truzzer.com\/sv\/#\/schema\/logo\/image\/"}}]}},"tiered_pricing_type":"fixed","tiered_pricing_fixed_rules":[],"tiered_pricing_product_settings":{"layout":"default","base_unit_name":{"singular":null,"plural":null},"default_variation":null},"tiered_pricing_minimum_quantity":null,"tiered_pricing_roles_data":[],"tiered_pricing_percentage_rules":[],"tiered_pricing_maximum_quantity":null,"tiered_pricing_quantity_step":null,"_links":{"self":[{"href":"https:\/\/www.truzzer.com\/sv\/wp-json\/wp\/v2\/product\/94031","targetHints":{"allow":["GET"]}}],"collection":[{"href":"https:\/\/www.truzzer.com\/sv\/wp-json\/wp\/v2\/product"}],"about":[{"href":"https:\/\/www.truzzer.com\/sv\/wp-json\/wp\/v2\/types\/product"}],"replies":[{"embeddable":true,"href":"https:\/\/www.truzzer.com\/sv\/wp-json\/wp\/v2\/comments?post=94031"}],"wp:featuredmedia":[{"embeddable":true,"href":"https:\/\/www.truzzer.com\/sv\/wp-json\/wp\/v2\/media\/94032"}],"wp:attachment":[{"href":"https:\/\/www.truzzer.com\/sv\/wp-json\/wp\/v2\/media?parent=94031"}],"wp:term":[{"taxonomy":"product_brand","embeddable":true,"href":"https:\/\/www.truzzer.com\/sv\/wp-json\/wp\/v2\/product_brand?post=94031"},{"taxonomy":"product_cat","embeddable":true,"href":"https:\/\/www.truzzer.com\/sv\/wp-json\/wp\/v2\/product_cat?post=94031"},{"taxonomy":"product_tag","embeddable":true,"href":"https:\/\/www.truzzer.com\/sv\/wp-json\/wp\/v2\/product_tag?post=94031"}],"curies":[{"name":"wp","href":"https:\/\/api.w.org\/{rel}","templated":true}]}}