{"id":94117,"date":"2026-02-01T20:07:30","date_gmt":"2026-02-01T20:07:30","guid":{"rendered":"https:\/\/beta.truzzer.com\/product\/google-review-business-card-clean-with-google-review-qr-code\/"},"modified":"2026-02-13T08:14:09","modified_gmt":"2026-02-13T08:14:09","slug":"google-review-business-card-clean-with-google-review-qr-code","status":"publish","type":"product","link":"https:\/\/www.truzzer.com\/sv\/produkt\/google-review-business-card-clean-with-google-review-qr-code\/","title":{"rendered":"Google Recension Visitkort &#8221;ren&#8221; med Google recension QR Kod"},"content":{"rendered":"<h2>F\u00e5 helt enkelt fler Google-recensioner fr\u00e5n kunder<\/h2>\n<p>Med truzzer Google-visitkorten minimala kan du f\u00e5 positiva recensioner fr\u00e5n dina n\u00f6jda kunder snabbare och \u00f6ka din image och ditt rykte.<br \/>\nDessutom \u00f6kar du bandet med ditt f\u00f6retag och din SEO-rankning genom de positiva Google recensionerna.<\/p>\n<p>I det praktiska visitkortsformatet har du alltid m\u00f6jlighet att f\u00e5 fler Google-recensioner till hands och g\u00f6ra onlinerecensionen tillg\u00e4nglig f\u00f6r dina kunder n\u00e4r som helst.<br \/>\nGe dina kunder truzzer Google visitkort, l\u00e4gg dem i shoppingv\u00e4skan, skicka dem med dina produkter eller l\u00e4gg dem p\u00e5 borden i restaurangen. F\u00e4rdig.<\/p>\n<p>QR-koden tar kunder direkt till din Google-recension UTAN att beh\u00f6va s\u00f6ka efter dig p\u00e5 Google f\u00f6rst. S\u00e5 h\u00e4r f\u00f6rhindrar du hopp i Google granskningsprocessen.<\/p>\n<p>Du kan enkelt anpassa Google-visitkorten med din logotyp och anpassa dem till ditt f\u00f6retag.<br \/>\nGranska oss p\u00e5 Google-produkterna \u00e4r l\u00e4tta att anv\u00e4nda, vilket vi skulle vilja visa dig nedan med hj\u00e4lp av exemplet med recensionsklisterm\u00e4rken.<\/p>\n<p>&nbsp;<\/p>\n<p>&nbsp;<\/p>\n<h3>Steg 1: Kunden skannar QR-koden<\/h3>\n<p>F\u00f6r att f\u00f6lja dig beh\u00f6ver kunden bara skanna QR-koden. Allt du beh\u00f6ver g\u00f6ra \u00e4r att h\u00e5lla smartphonekameran (ingen extra skannerapp beh\u00f6vs) \u00f6ver produkten.<\/p>\n<p><img decoding=\"async\" src=\"https:\/\/www.truzzer.com\/wp-content\/uploads\/2026\/02\/how-to-use-the-product-truzzer-google.jpg.webp\" width=\"p&gt;\" class=\"alignnone wp-image-22402 size-full\" alt=\"Hand scanning a QR code for Google reviews on a smartphone.\"  > 300&#8243; height=&#8221;p>300&#8243;<\/p>\n<p>Ett popup-f\u00f6nster kommer d\u00e5 att visas p\u00e5 sk\u00e4rmen (iPhone) eller s\u00e5 visas en QR-kod (Android \/ Google smartphones).<\/p>\n<h3>Steg 2: Kunden g\u00e5r direkt till Google-granskningsformul\u00e4ret<\/h3>\n<p>Recensionsformul\u00e4ret \u00f6ppnas i smartphones webbl\u00e4sare och kunden kan granska dig direkt.<\/p>\n<p>Obs:<br \/>\nObservera att en Google My Business-profil kr\u00e4vs f\u00f6r att f\u00e5 Google-recensioner.<\/p>\n<p>&nbsp;<\/p>\n","protected":false},"excerpt":{"rendered":"<p><strong>G\u00f6r det enkelt f\u00f6r dina kunder att recensera dig p\u00e5 Google!<\/strong><\/p>\n<p>Med Google recensionsvisitkorten &#8220;Clean&#8221; i en reducerad och snygg design, som passar in i alla f\u00f6retag, kan du enkelt vinna nya Google recensioner \u00f6verallt.<br \/>\nI ett praktiskt visitkortsformat kan &#8220;Recensera oss p\u00e5 Google&#8221; visitkort \u00e4r idealiska f\u00f6r alla som reser mycket i arbetet &#8211; till exempel f\u00f6r hantverkare och s\u00e4ljare.<\/p>\n<p><strong>S\u00e5 h\u00e4r hj\u00e4lper visitkorten fr\u00e5n Google Review dig<\/strong><\/p>\n<p>Visitkorten tar bort dina kunders st\u00f6rsta hinder i Google-recensionen:<\/p>\n<ul>\n<li>Inga obehagliga fr\u00e5gor &amp; f\u00f6rfr\u00e5gningar, bara l\u00e4mna \u00f6ver den. Uppmaningen g\u00f6r det \u00e5t dig<\/li>\n<li>Recensioner kommer inte att gl\u00f6mmas bort, eftersom kunderna kommer att p\u00e5minnas om Google-recensionen.<\/li>\n<li>Ingen s\u00f6kning och inga sv\u00e5righeter: QR-koden leder direkt till ditt utv\u00e4rderingsformul\u00e4r<\/li>\n<li>P\u00e5tagligt: Visitkorten g\u00f6r Google-recensionen p\u00e5taglig.<\/li>\n<li>Ingen extra app: QR-koden kan skannas med smarttelefonens kamera<\/li>\n<\/ul>\n<p>Vi kommer att skapa och l\u00e4nka QR-koden f\u00f6r direkt utv\u00e4rdering p\u00e5 din Google-profil \u00e5t dig! Vi h\u00e4mtar denna information fr\u00e5n din f\u00f6retagsadress.<br \/>\nDu kan hitta mer information om hur korten hj\u00e4lper dig h\u00e4r: <a href=\"#tab-description\"><\/a><\/p>\n<p> och ange dina kontaktuppgifter, som ska visas p\u00e5 visitkortet.<\/p>\n","protected":false},"featured_media":94118,"comment_status":"open","ping_status":"closed","template":"","meta":{"_acf_changed":false,"_yoast_wpseo_focuskw":"Google Recension Visitkort","_yoast_wpseo_title":"Google Review Business Card \u201dclean\u201d with Google... | truzzer","_yoast_wpseo_metadesc":"Fler Google-recensioner med Google Review Business Card \u201dclean\u201d with Google review QR Code fr\u00e5n truzzer. Enkel installation. Best\u00e4ll nu!"},"product_brand":[1657],"product_cat":[820,544,616,617],"product_tag":[],"class_list":{"0":"post-94117","1":"product","2":"type-product","3":"status-publish","4":"has-post-thumbnail","6":"product_brand-google","7":"product_cat-google-recension-visitkort-med-qr-kod","8":"product_cat-qr-kod-produkter","9":"product_cat-qr-kod-visitkort","10":"product_cat-qr-kod-visitkort-med-kontaktuppgifter","11":"pa_industry-byra-konsultverksamhet","12":"pa_industry-lokale-diensten","13":"pa_industry-onroerend-goed","14":"pa_material-karton","15":"pa_placement-balie-receptie","16":"pa_placement-broschyr","17":"pa_placement-portemonnee-personlijk","18":"pa_product-type-visitekaartjes","19":"pa_technology-qr-code","20":"pa_technology-qr-kod","22":"first","23":"instock","24":"taxable","25":"shipping-taxable","26":"purchasable","27":"product-type-simple"},"acf":[],"yoast_head":"<!-- This site is optimized with the Yoast SEO plugin v27.0 - https:\/\/yoast.com\/product\/yoast-seo-wordpress\/ -->\n<title>Google Review Business Card \u201dclean\u201d with Google... | truzzer<\/title>\n<meta name=\"description\" content=\"Fler Google-recensioner med Google Review Business Card \u201dclean\u201d with Google review QR Code fr\u00e5n truzzer. Enkel installation. Best\u00e4ll nu!\" \/>\n<meta name=\"robots\" content=\"index, follow, max-snippet:-1, max-image-preview:large, max-video-preview:-1\" \/>\n<link rel=\"canonical\" href=\"https:\/\/www.truzzer.com\/sv\/produkt\/google-review-business-card-clean-with-google-review-qr-code\/\" \/>\n<meta property=\"og:locale\" content=\"sv_SE\" \/>\n<meta property=\"og:type\" content=\"article\" \/>\n<meta property=\"og:title\" content=\"Google Review Business Card \u201dclean\u201d with Google... | truzzer\" \/>\n<meta property=\"og:description\" content=\"Fler Google-recensioner med Google Review Business Card \u201dclean\u201d with Google review QR Code fr\u00e5n truzzer. Enkel installation. Best\u00e4ll nu!\" \/>\n<meta property=\"og:url\" content=\"https:\/\/www.truzzer.com\/sv\/produkt\/google-review-business-card-clean-with-google-review-qr-code\/\" \/>\n<meta property=\"og:site_name\" content=\"truzzer\" \/>\n<meta property=\"article:modified_time\" content=\"2026-02-13T08:14:09+00:00\" \/>\n<meta property=\"og:image\" content=\"https:\/\/www.truzzer.com\/wp-content\/uploads\/2026\/02\/google-review-business-card-minimal-with-qr-code-simple-truzzer-5.jpg\" \/>\n\t<meta property=\"og:image:width\" content=\"1400\" \/>\n\t<meta property=\"og:image:height\" content=\"1400\" \/>\n\t<meta property=\"og:image:type\" content=\"image\/jpeg\" \/>\n<meta name=\"twitter:card\" content=\"summary_large_image\" \/>\n<meta name=\"twitter:label1\" content=\"Ber\u00e4knad l\u00e4stid\" \/>\n\t<meta name=\"twitter:data1\" content=\"1 minut\" \/>\n<script type=\"application\/ld+json\" class=\"yoast-schema-graph\">{\"@context\":\"https:\/\/schema.org\",\"@graph\":[{\"@type\":\"WebPage\",\"@id\":\"https:\/\/www.truzzer.com\/sv\/produkt\/google-review-business-card-clean-with-google-review-qr-code\/\",\"url\":\"https:\/\/www.truzzer.com\/sv\/produkt\/google-review-business-card-clean-with-google-review-qr-code\/\",\"name\":\"Google Review Business Card \u201dclean\u201d with Google... | truzzer\",\"isPartOf\":{\"@id\":\"https:\/\/www.truzzer.com\/sv\/#website\"},\"primaryImageOfPage\":{\"@id\":\"https:\/\/www.truzzer.com\/sv\/produkt\/google-review-business-card-clean-with-google-review-qr-code\/#primaryimage\"},\"image\":{\"@id\":\"https:\/\/www.truzzer.com\/sv\/produkt\/google-review-business-card-clean-with-google-review-qr-code\/#primaryimage\"},\"thumbnailUrl\":\"https:\/\/www.truzzer.com\/wp-content\/uploads\/2026\/02\/google-review-business-card-minimal-with-qr-code-simple-truzzer-5.jpg\",\"datePublished\":\"2026-02-01T20:07:30+00:00\",\"dateModified\":\"2026-02-13T08:14:09+00:00\",\"description\":\"Fler Google-recensioner med Google Review Business Card \u201dclean\u201d with Google review QR Code fr\u00e5n truzzer. Enkel installation. Best\u00e4ll nu!\",\"breadcrumb\":{\"@id\":\"https:\/\/www.truzzer.com\/sv\/produkt\/google-review-business-card-clean-with-google-review-qr-code\/#breadcrumb\"},\"inLanguage\":\"sv-SE\",\"potentialAction\":[{\"@type\":\"ReadAction\",\"target\":[\"https:\/\/www.truzzer.com\/sv\/produkt\/google-review-business-card-clean-with-google-review-qr-code\/\"]}]},{\"@type\":\"ImageObject\",\"inLanguage\":\"sv-SE\",\"@id\":\"https:\/\/www.truzzer.com\/sv\/produkt\/google-review-business-card-clean-with-google-review-qr-code\/#primaryimage\",\"url\":\"https:\/\/www.truzzer.com\/wp-content\/uploads\/2026\/02\/google-review-business-card-minimal-with-qr-code-simple-truzzer-5.jpg\",\"contentUrl\":\"https:\/\/www.truzzer.com\/wp-content\/uploads\/2026\/02\/google-review-business-card-minimal-with-qr-code-simple-truzzer-5.jpg\",\"width\":1400,\"height\":1400},{\"@type\":\"BreadcrumbList\",\"@id\":\"https:\/\/www.truzzer.com\/sv\/produkt\/google-review-business-card-clean-with-google-review-qr-code\/#breadcrumb\",\"itemListElement\":[{\"@type\":\"ListItem\",\"position\":1,\"name\":\"Home\",\"item\":\"https:\/\/www.truzzer.com\/sv\/\"},{\"@type\":\"ListItem\",\"position\":2,\"name\":\"Butik\",\"item\":\"https:\/\/www.truzzer.com\/sv\/butik\/\"},{\"@type\":\"ListItem\",\"position\":3,\"name\":\"Google Recension Visitkort &#8221;ren&#8221; med Google recension QR Kod\"}]},{\"@type\":\"WebSite\",\"@id\":\"https:\/\/www.truzzer.com\/sv\/#website\",\"url\":\"https:\/\/www.truzzer.com\/sv\/\",\"name\":\"truzzer\",\"description\":\"Experts for customer trust\",\"publisher\":{\"@id\":\"https:\/\/www.truzzer.com\/sv\/#organization\"},\"potentialAction\":[{\"@type\":\"SearchAction\",\"target\":{\"@type\":\"EntryPoint\",\"urlTemplate\":\"https:\/\/www.truzzer.com\/sv\/?s={search_term_string}\"},\"query-input\":{\"@type\":\"PropertyValueSpecification\",\"valueRequired\":true,\"valueName\":\"search_term_string\"}}],\"inLanguage\":\"sv-SE\"},{\"@type\":\"Organization\",\"@id\":\"https:\/\/www.truzzer.com\/sv\/#organization\",\"name\":\"truzzer\",\"url\":\"https:\/\/www.truzzer.com\/sv\/\",\"logo\":{\"@type\":\"ImageObject\",\"inLanguage\":\"sv-SE\",\"@id\":\"https:\/\/www.truzzer.com\/sv\/#\/schema\/logo\/image\/\",\"url\":\"https:\/\/truzzer.com\/wp-content\/uploads\/2026\/01\/truzzer-logo-black-1.svg\",\"contentUrl\":\"https:\/\/truzzer.com\/wp-content\/uploads\/2026\/01\/truzzer-logo-black-1.svg\",\"width\":938,\"height\":199,\"caption\":\"truzzer\"},\"image\":{\"@id\":\"https:\/\/www.truzzer.com\/sv\/#\/schema\/logo\/image\/\"}}]}<\/script>\n<!-- \/ Yoast SEO plugin. -->","yoast_head_json":{"title":"Google Review Business Card \u201dclean\u201d with Google... | truzzer","description":"Fler Google-recensioner med Google Review Business Card \u201dclean\u201d with Google review QR Code fr\u00e5n truzzer. Enkel installation. Best\u00e4ll nu!","robots":{"index":"index","follow":"follow","max-snippet":"max-snippet:-1","max-image-preview":"max-image-preview:large","max-video-preview":"max-video-preview:-1"},"canonical":"https:\/\/www.truzzer.com\/sv\/produkt\/google-review-business-card-clean-with-google-review-qr-code\/","og_locale":"sv_SE","og_type":"article","og_title":"Google Review Business Card \u201dclean\u201d with Google... | truzzer","og_description":"Fler Google-recensioner med Google Review Business Card \u201dclean\u201d with Google review QR Code fr\u00e5n truzzer. Enkel installation. Best\u00e4ll nu!","og_url":"https:\/\/www.truzzer.com\/sv\/produkt\/google-review-business-card-clean-with-google-review-qr-code\/","og_site_name":"truzzer","article_modified_time":"2026-02-13T08:14:09+00:00","og_image":[{"width":1400,"height":1400,"url":"https:\/\/www.truzzer.com\/wp-content\/uploads\/2026\/02\/google-review-business-card-minimal-with-qr-code-simple-truzzer-5.jpg","type":"image\/jpeg"}],"twitter_card":"summary_large_image","twitter_misc":{"Ber\u00e4knad l\u00e4stid":"1 minut"},"schema":{"@context":"https:\/\/schema.org","@graph":[{"@type":"WebPage","@id":"https:\/\/www.truzzer.com\/sv\/produkt\/google-review-business-card-clean-with-google-review-qr-code\/","url":"https:\/\/www.truzzer.com\/sv\/produkt\/google-review-business-card-clean-with-google-review-qr-code\/","name":"Google Review Business Card \u201dclean\u201d with Google... | truzzer","isPartOf":{"@id":"https:\/\/www.truzzer.com\/sv\/#website"},"primaryImageOfPage":{"@id":"https:\/\/www.truzzer.com\/sv\/produkt\/google-review-business-card-clean-with-google-review-qr-code\/#primaryimage"},"image":{"@id":"https:\/\/www.truzzer.com\/sv\/produkt\/google-review-business-card-clean-with-google-review-qr-code\/#primaryimage"},"thumbnailUrl":"https:\/\/www.truzzer.com\/wp-content\/uploads\/2026\/02\/google-review-business-card-minimal-with-qr-code-simple-truzzer-5.jpg","datePublished":"2026-02-01T20:07:30+00:00","dateModified":"2026-02-13T08:14:09+00:00","description":"Fler Google-recensioner med Google Review Business Card \u201dclean\u201d with Google review QR Code fr\u00e5n truzzer. Enkel installation. Best\u00e4ll nu!","breadcrumb":{"@id":"https:\/\/www.truzzer.com\/sv\/produkt\/google-review-business-card-clean-with-google-review-qr-code\/#breadcrumb"},"inLanguage":"sv-SE","potentialAction":[{"@type":"ReadAction","target":["https:\/\/www.truzzer.com\/sv\/produkt\/google-review-business-card-clean-with-google-review-qr-code\/"]}]},{"@type":"ImageObject","inLanguage":"sv-SE","@id":"https:\/\/www.truzzer.com\/sv\/produkt\/google-review-business-card-clean-with-google-review-qr-code\/#primaryimage","url":"https:\/\/www.truzzer.com\/wp-content\/uploads\/2026\/02\/google-review-business-card-minimal-with-qr-code-simple-truzzer-5.jpg","contentUrl":"https:\/\/www.truzzer.com\/wp-content\/uploads\/2026\/02\/google-review-business-card-minimal-with-qr-code-simple-truzzer-5.jpg","width":1400,"height":1400},{"@type":"BreadcrumbList","@id":"https:\/\/www.truzzer.com\/sv\/produkt\/google-review-business-card-clean-with-google-review-qr-code\/#breadcrumb","itemListElement":[{"@type":"ListItem","position":1,"name":"Home","item":"https:\/\/www.truzzer.com\/sv\/"},{"@type":"ListItem","position":2,"name":"Butik","item":"https:\/\/www.truzzer.com\/sv\/butik\/"},{"@type":"ListItem","position":3,"name":"Google Recension Visitkort &#8221;ren&#8221; med Google recension QR Kod"}]},{"@type":"WebSite","@id":"https:\/\/www.truzzer.com\/sv\/#website","url":"https:\/\/www.truzzer.com\/sv\/","name":"truzzer","description":"Experts for customer trust","publisher":{"@id":"https:\/\/www.truzzer.com\/sv\/#organization"},"potentialAction":[{"@type":"SearchAction","target":{"@type":"EntryPoint","urlTemplate":"https:\/\/www.truzzer.com\/sv\/?s={search_term_string}"},"query-input":{"@type":"PropertyValueSpecification","valueRequired":true,"valueName":"search_term_string"}}],"inLanguage":"sv-SE"},{"@type":"Organization","@id":"https:\/\/www.truzzer.com\/sv\/#organization","name":"truzzer","url":"https:\/\/www.truzzer.com\/sv\/","logo":{"@type":"ImageObject","inLanguage":"sv-SE","@id":"https:\/\/www.truzzer.com\/sv\/#\/schema\/logo\/image\/","url":"https:\/\/truzzer.com\/wp-content\/uploads\/2026\/01\/truzzer-logo-black-1.svg","contentUrl":"https:\/\/truzzer.com\/wp-content\/uploads\/2026\/01\/truzzer-logo-black-1.svg","width":938,"height":199,"caption":"truzzer"},"image":{"@id":"https:\/\/www.truzzer.com\/sv\/#\/schema\/logo\/image\/"}}]}},"tiered_pricing_type":"fixed","tiered_pricing_fixed_rules":[],"tiered_pricing_product_settings":{"layout":"default","base_unit_name":{"singular":null,"plural":null},"default_variation":null},"tiered_pricing_minimum_quantity":null,"tiered_pricing_roles_data":[],"tiered_pricing_percentage_rules":[],"tiered_pricing_maximum_quantity":null,"tiered_pricing_quantity_step":null,"_links":{"self":[{"href":"https:\/\/www.truzzer.com\/sv\/wp-json\/wp\/v2\/product\/94117","targetHints":{"allow":["GET"]}}],"collection":[{"href":"https:\/\/www.truzzer.com\/sv\/wp-json\/wp\/v2\/product"}],"about":[{"href":"https:\/\/www.truzzer.com\/sv\/wp-json\/wp\/v2\/types\/product"}],"replies":[{"embeddable":true,"href":"https:\/\/www.truzzer.com\/sv\/wp-json\/wp\/v2\/comments?post=94117"}],"wp:featuredmedia":[{"embeddable":true,"href":"https:\/\/www.truzzer.com\/sv\/wp-json\/wp\/v2\/media\/94118"}],"wp:attachment":[{"href":"https:\/\/www.truzzer.com\/sv\/wp-json\/wp\/v2\/media?parent=94117"}],"wp:term":[{"taxonomy":"product_brand","embeddable":true,"href":"https:\/\/www.truzzer.com\/sv\/wp-json\/wp\/v2\/product_brand?post=94117"},{"taxonomy":"product_cat","embeddable":true,"href":"https:\/\/www.truzzer.com\/sv\/wp-json\/wp\/v2\/product_cat?post=94117"},{"taxonomy":"product_tag","embeddable":true,"href":"https:\/\/www.truzzer.com\/sv\/wp-json\/wp\/v2\/product_tag?post=94117"}],"curies":[{"name":"wp","href":"https:\/\/api.w.org\/{rel}","templated":true}]}}