{"id":94375,"date":"2026-02-01T20:06:36","date_gmt":"2026-02-01T20:06:36","guid":{"rendered":"https:\/\/beta.truzzer.com\/product\/follow-us-on-facebook-business-card\/"},"modified":"2026-02-13T08:20:42","modified_gmt":"2026-02-13T08:20:42","slug":"follow-us-on-facebook-business-card","status":"publish","type":"product","link":"https:\/\/www.truzzer.com\/sv\/produkt\/follow-us-on-facebook-business-card\/","title":{"rendered":"F\u00f6lj oss p\u00e5 Facebook visitkort"},"content":{"rendered":"<h2>F\u00f6rvandla helt enkelt kunder till f\u00f6ljare<\/h2>\n<p>Med truzzer F\u00f6lj oss p\u00e5 Facebook visitkort kan du enkelt f\u00f6rvandla dina kunder till riktiga Facebook-prenumeranter som verkligen \u00e4r intresserade av ditt erbjudande och ditt inneh\u00e5ll.<br \/>\nP\u00e5 s\u00e5 s\u00e4tt kan du binda din m\u00e5lgrupp effektivt.<\/p>\n<p>I ett praktiskt visitkortsformat g\u00f6r du din Facebook-profil tillg\u00e4nglig f\u00f6r dina kunder utan att de beh\u00f6ver s\u00f6ka efter dig.<br \/>\nL\u00e4gg truzzer Facebook-korten i dina kunders shoppingv\u00e4skor, ge dem till notan, skicka dem med dina produkter eller l\u00e4gg dem p\u00e5 borden i restaurangen. F\u00e4rdig.<\/p>\n<p>QR-koden tar kunder direkt till din Facebook-profil utan att beh\u00f6va leta efter dig.<\/p>\n<p>Du kan enkelt anpassa Instagram-korten med din logotyp och anpassa dem till ditt f\u00f6retag.<\/p>\n<p><strong>Meddelande:<\/strong><br \/>\nObservera att du beh\u00f6ver din egen Facebook-profil f\u00f6r att f\u00e5 f\u00f6ljare.<\/p>\n<p>&nbsp;<\/p>\n","protected":false},"excerpt":{"rendered":"<p>G\u00f6r det enkelt f\u00f6r dina kunder att f\u00f6lja dig p\u00e5 Facebook med de &#8221;rena&#8221; Facebook-visitkorten i en reducerad och uppdaterad Facebook-design som passar in i alla f\u00f6retag.<br \/>\nVi kommer att l\u00e4nka QR-koden till din Facebook-profil \u00e5t dig!<br \/>\n och ange ditt Facebook-anv\u00e4ndarnamn.<\/p>\n","protected":false},"featured_media":94376,"comment_status":"open","ping_status":"closed","template":"","meta":{"_acf_changed":false,"_yoast_wpseo_focuskw":"Facebook Visitkort","_yoast_wpseo_title":"Follow us on Facebook business card | truzzer","_yoast_wpseo_metadesc":"Fler Facebook-f\u00f6ljare med Follow us on Facebook business card fr\u00e5n truzzer. Enkel installation, redo att anv\u00e4nda. Best\u00e4ll nu!"},"product_brand":[1650],"product_cat":[1165,1166,1167,544,616],"product_tag":[],"class_list":{"0":"post-94375","1":"product","2":"type-product","3":"status-publish","4":"has-post-thumbnail","6":"product_brand-facebook","7":"product_cat-facebook-fans-produkter","8":"product_cat-facebook-fans-visitkort","9":"product_cat-facebook-fans-visitkort-med-qr-kod","10":"product_cat-qr-kod-produkter","11":"product_cat-qr-kod-visitkort","12":"pa_industry-byra-konsultverksamhet","13":"pa_industry-lokale-diensten","14":"pa_industry-onroerend-goed","15":"pa_material-karton","16":"pa_placement-balie-receptie","17":"pa_placement-broschyr","18":"pa_placement-portemonnee-personlijk","19":"pa_product-type-visitekaartjes","20":"pa_technology-qr-code","22":"first","23":"instock","24":"taxable","25":"shipping-taxable","26":"purchasable","27":"product-type-simple"},"acf":[],"yoast_head":"<!-- This site is optimized with the Yoast SEO plugin v27.0 - https:\/\/yoast.com\/product\/yoast-seo-wordpress\/ -->\n<title>Follow us on Facebook business card | truzzer<\/title>\n<meta name=\"description\" content=\"Fler Facebook-f\u00f6ljare med Follow us on Facebook business card fr\u00e5n truzzer. Enkel installation, redo att anv\u00e4nda. Best\u00e4ll nu!\" \/>\n<meta name=\"robots\" content=\"index, follow, max-snippet:-1, max-image-preview:large, max-video-preview:-1\" \/>\n<link rel=\"canonical\" href=\"https:\/\/www.truzzer.com\/sv\/produkt\/follow-us-on-facebook-business-card\/\" \/>\n<meta property=\"og:locale\" content=\"sv_SE\" \/>\n<meta property=\"og:type\" content=\"article\" \/>\n<meta property=\"og:title\" content=\"Follow us on Facebook business card | truzzer\" \/>\n<meta property=\"og:description\" content=\"Fler Facebook-f\u00f6ljare med Follow us on Facebook business card fr\u00e5n truzzer. Enkel installation, redo att anv\u00e4nda. Best\u00e4ll nu!\" \/>\n<meta property=\"og:url\" content=\"https:\/\/www.truzzer.com\/sv\/produkt\/follow-us-on-facebook-business-card\/\" \/>\n<meta property=\"og:site_name\" content=\"truzzer\" \/>\n<meta property=\"article:modified_time\" content=\"2026-02-13T08:20:42+00:00\" \/>\n<meta property=\"og:image\" content=\"https:\/\/www.truzzer.com\/wp-content\/uploads\/2026\/02\/follow-us-on-facebook-business-card-qr-code-s-1.jpg\" \/>\n\t<meta property=\"og:image:width\" content=\"1400\" \/>\n\t<meta property=\"og:image:height\" content=\"1400\" \/>\n\t<meta property=\"og:image:type\" content=\"image\/jpeg\" \/>\n<meta name=\"twitter:card\" content=\"summary_large_image\" \/>\n<meta name=\"twitter:label1\" content=\"Ber\u00e4knad l\u00e4stid\" \/>\n\t<meta name=\"twitter:data1\" content=\"1 minut\" \/>\n<script type=\"application\/ld+json\" class=\"yoast-schema-graph\">{\"@context\":\"https:\/\/schema.org\",\"@graph\":[{\"@type\":\"WebPage\",\"@id\":\"https:\/\/www.truzzer.com\/sv\/produkt\/follow-us-on-facebook-business-card\/\",\"url\":\"https:\/\/www.truzzer.com\/sv\/produkt\/follow-us-on-facebook-business-card\/\",\"name\":\"Follow us on Facebook business card | truzzer\",\"isPartOf\":{\"@id\":\"https:\/\/www.truzzer.com\/sv\/#website\"},\"primaryImageOfPage\":{\"@id\":\"https:\/\/www.truzzer.com\/sv\/produkt\/follow-us-on-facebook-business-card\/#primaryimage\"},\"image\":{\"@id\":\"https:\/\/www.truzzer.com\/sv\/produkt\/follow-us-on-facebook-business-card\/#primaryimage\"},\"thumbnailUrl\":\"https:\/\/www.truzzer.com\/wp-content\/uploads\/2026\/02\/follow-us-on-facebook-business-card-qr-code-s-1.jpg\",\"datePublished\":\"2026-02-01T20:06:36+00:00\",\"dateModified\":\"2026-02-13T08:20:42+00:00\",\"description\":\"Fler Facebook-f\u00f6ljare med Follow us on Facebook business card fr\u00e5n truzzer. Enkel installation, redo att anv\u00e4nda. Best\u00e4ll nu!\",\"breadcrumb\":{\"@id\":\"https:\/\/www.truzzer.com\/sv\/produkt\/follow-us-on-facebook-business-card\/#breadcrumb\"},\"inLanguage\":\"sv-SE\",\"potentialAction\":[{\"@type\":\"ReadAction\",\"target\":[\"https:\/\/www.truzzer.com\/sv\/produkt\/follow-us-on-facebook-business-card\/\"]}]},{\"@type\":\"ImageObject\",\"inLanguage\":\"sv-SE\",\"@id\":\"https:\/\/www.truzzer.com\/sv\/produkt\/follow-us-on-facebook-business-card\/#primaryimage\",\"url\":\"https:\/\/www.truzzer.com\/wp-content\/uploads\/2026\/02\/follow-us-on-facebook-business-card-qr-code-s-1.jpg\",\"contentUrl\":\"https:\/\/www.truzzer.com\/wp-content\/uploads\/2026\/02\/follow-us-on-facebook-business-card-qr-code-s-1.jpg\",\"width\":1400,\"height\":1400},{\"@type\":\"BreadcrumbList\",\"@id\":\"https:\/\/www.truzzer.com\/sv\/produkt\/follow-us-on-facebook-business-card\/#breadcrumb\",\"itemListElement\":[{\"@type\":\"ListItem\",\"position\":1,\"name\":\"Home\",\"item\":\"https:\/\/www.truzzer.com\/sv\/\"},{\"@type\":\"ListItem\",\"position\":2,\"name\":\"Butik\",\"item\":\"https:\/\/www.truzzer.com\/sv\/butik\/\"},{\"@type\":\"ListItem\",\"position\":3,\"name\":\"F\u00f6lj oss p\u00e5 Facebook visitkort\"}]},{\"@type\":\"WebSite\",\"@id\":\"https:\/\/www.truzzer.com\/sv\/#website\",\"url\":\"https:\/\/www.truzzer.com\/sv\/\",\"name\":\"truzzer\",\"description\":\"Experts for customer trust\",\"publisher\":{\"@id\":\"https:\/\/www.truzzer.com\/sv\/#organization\"},\"potentialAction\":[{\"@type\":\"SearchAction\",\"target\":{\"@type\":\"EntryPoint\",\"urlTemplate\":\"https:\/\/www.truzzer.com\/sv\/?s={search_term_string}\"},\"query-input\":{\"@type\":\"PropertyValueSpecification\",\"valueRequired\":true,\"valueName\":\"search_term_string\"}}],\"inLanguage\":\"sv-SE\"},{\"@type\":\"Organization\",\"@id\":\"https:\/\/www.truzzer.com\/sv\/#organization\",\"name\":\"truzzer\",\"url\":\"https:\/\/www.truzzer.com\/sv\/\",\"logo\":{\"@type\":\"ImageObject\",\"inLanguage\":\"sv-SE\",\"@id\":\"https:\/\/www.truzzer.com\/sv\/#\/schema\/logo\/image\/\",\"url\":\"https:\/\/truzzer.com\/wp-content\/uploads\/2026\/01\/truzzer-logo-black-1.svg\",\"contentUrl\":\"https:\/\/truzzer.com\/wp-content\/uploads\/2026\/01\/truzzer-logo-black-1.svg\",\"width\":938,\"height\":199,\"caption\":\"truzzer\"},\"image\":{\"@id\":\"https:\/\/www.truzzer.com\/sv\/#\/schema\/logo\/image\/\"}}]}<\/script>\n<!-- \/ Yoast SEO plugin. -->","yoast_head_json":{"title":"Follow us on Facebook business card | truzzer","description":"Fler Facebook-f\u00f6ljare med Follow us on Facebook business card fr\u00e5n truzzer. Enkel installation, redo att anv\u00e4nda. Best\u00e4ll nu!","robots":{"index":"index","follow":"follow","max-snippet":"max-snippet:-1","max-image-preview":"max-image-preview:large","max-video-preview":"max-video-preview:-1"},"canonical":"https:\/\/www.truzzer.com\/sv\/produkt\/follow-us-on-facebook-business-card\/","og_locale":"sv_SE","og_type":"article","og_title":"Follow us on Facebook business card | truzzer","og_description":"Fler Facebook-f\u00f6ljare med Follow us on Facebook business card fr\u00e5n truzzer. Enkel installation, redo att anv\u00e4nda. Best\u00e4ll nu!","og_url":"https:\/\/www.truzzer.com\/sv\/produkt\/follow-us-on-facebook-business-card\/","og_site_name":"truzzer","article_modified_time":"2026-02-13T08:20:42+00:00","og_image":[{"width":1400,"height":1400,"url":"https:\/\/www.truzzer.com\/wp-content\/uploads\/2026\/02\/follow-us-on-facebook-business-card-qr-code-s-1.jpg","type":"image\/jpeg"}],"twitter_card":"summary_large_image","twitter_misc":{"Ber\u00e4knad l\u00e4stid":"1 minut"},"schema":{"@context":"https:\/\/schema.org","@graph":[{"@type":"WebPage","@id":"https:\/\/www.truzzer.com\/sv\/produkt\/follow-us-on-facebook-business-card\/","url":"https:\/\/www.truzzer.com\/sv\/produkt\/follow-us-on-facebook-business-card\/","name":"Follow us on Facebook business card | truzzer","isPartOf":{"@id":"https:\/\/www.truzzer.com\/sv\/#website"},"primaryImageOfPage":{"@id":"https:\/\/www.truzzer.com\/sv\/produkt\/follow-us-on-facebook-business-card\/#primaryimage"},"image":{"@id":"https:\/\/www.truzzer.com\/sv\/produkt\/follow-us-on-facebook-business-card\/#primaryimage"},"thumbnailUrl":"https:\/\/www.truzzer.com\/wp-content\/uploads\/2026\/02\/follow-us-on-facebook-business-card-qr-code-s-1.jpg","datePublished":"2026-02-01T20:06:36+00:00","dateModified":"2026-02-13T08:20:42+00:00","description":"Fler Facebook-f\u00f6ljare med Follow us on Facebook business card fr\u00e5n truzzer. Enkel installation, redo att anv\u00e4nda. Best\u00e4ll nu!","breadcrumb":{"@id":"https:\/\/www.truzzer.com\/sv\/produkt\/follow-us-on-facebook-business-card\/#breadcrumb"},"inLanguage":"sv-SE","potentialAction":[{"@type":"ReadAction","target":["https:\/\/www.truzzer.com\/sv\/produkt\/follow-us-on-facebook-business-card\/"]}]},{"@type":"ImageObject","inLanguage":"sv-SE","@id":"https:\/\/www.truzzer.com\/sv\/produkt\/follow-us-on-facebook-business-card\/#primaryimage","url":"https:\/\/www.truzzer.com\/wp-content\/uploads\/2026\/02\/follow-us-on-facebook-business-card-qr-code-s-1.jpg","contentUrl":"https:\/\/www.truzzer.com\/wp-content\/uploads\/2026\/02\/follow-us-on-facebook-business-card-qr-code-s-1.jpg","width":1400,"height":1400},{"@type":"BreadcrumbList","@id":"https:\/\/www.truzzer.com\/sv\/produkt\/follow-us-on-facebook-business-card\/#breadcrumb","itemListElement":[{"@type":"ListItem","position":1,"name":"Home","item":"https:\/\/www.truzzer.com\/sv\/"},{"@type":"ListItem","position":2,"name":"Butik","item":"https:\/\/www.truzzer.com\/sv\/butik\/"},{"@type":"ListItem","position":3,"name":"F\u00f6lj oss p\u00e5 Facebook visitkort"}]},{"@type":"WebSite","@id":"https:\/\/www.truzzer.com\/sv\/#website","url":"https:\/\/www.truzzer.com\/sv\/","name":"truzzer","description":"Experts for customer trust","publisher":{"@id":"https:\/\/www.truzzer.com\/sv\/#organization"},"potentialAction":[{"@type":"SearchAction","target":{"@type":"EntryPoint","urlTemplate":"https:\/\/www.truzzer.com\/sv\/?s={search_term_string}"},"query-input":{"@type":"PropertyValueSpecification","valueRequired":true,"valueName":"search_term_string"}}],"inLanguage":"sv-SE"},{"@type":"Organization","@id":"https:\/\/www.truzzer.com\/sv\/#organization","name":"truzzer","url":"https:\/\/www.truzzer.com\/sv\/","logo":{"@type":"ImageObject","inLanguage":"sv-SE","@id":"https:\/\/www.truzzer.com\/sv\/#\/schema\/logo\/image\/","url":"https:\/\/truzzer.com\/wp-content\/uploads\/2026\/01\/truzzer-logo-black-1.svg","contentUrl":"https:\/\/truzzer.com\/wp-content\/uploads\/2026\/01\/truzzer-logo-black-1.svg","width":938,"height":199,"caption":"truzzer"},"image":{"@id":"https:\/\/www.truzzer.com\/sv\/#\/schema\/logo\/image\/"}}]}},"tiered_pricing_type":"fixed","tiered_pricing_fixed_rules":[],"tiered_pricing_product_settings":{"layout":"default","base_unit_name":{"singular":null,"plural":null},"default_variation":null},"tiered_pricing_minimum_quantity":null,"tiered_pricing_roles_data":[],"tiered_pricing_percentage_rules":[],"tiered_pricing_maximum_quantity":null,"tiered_pricing_quantity_step":null,"_links":{"self":[{"href":"https:\/\/www.truzzer.com\/sv\/wp-json\/wp\/v2\/product\/94375","targetHints":{"allow":["GET"]}}],"collection":[{"href":"https:\/\/www.truzzer.com\/sv\/wp-json\/wp\/v2\/product"}],"about":[{"href":"https:\/\/www.truzzer.com\/sv\/wp-json\/wp\/v2\/types\/product"}],"replies":[{"embeddable":true,"href":"https:\/\/www.truzzer.com\/sv\/wp-json\/wp\/v2\/comments?post=94375"}],"wp:featuredmedia":[{"embeddable":true,"href":"https:\/\/www.truzzer.com\/sv\/wp-json\/wp\/v2\/media\/94376"}],"wp:attachment":[{"href":"https:\/\/www.truzzer.com\/sv\/wp-json\/wp\/v2\/media?parent=94375"}],"wp:term":[{"taxonomy":"product_brand","embeddable":true,"href":"https:\/\/www.truzzer.com\/sv\/wp-json\/wp\/v2\/product_brand?post=94375"},{"taxonomy":"product_cat","embeddable":true,"href":"https:\/\/www.truzzer.com\/sv\/wp-json\/wp\/v2\/product_cat?post=94375"},{"taxonomy":"product_tag","embeddable":true,"href":"https:\/\/www.truzzer.com\/sv\/wp-json\/wp\/v2\/product_tag?post=94375"}],"curies":[{"name":"wp","href":"https:\/\/api.w.org\/{rel}","templated":true}]}}