{"id":94653,"date":"2026-02-01T20:05:04","date_gmt":"2026-02-01T20:05:04","guid":{"rendered":"https:\/\/beta.truzzer.com\/product\/review-us-on-google-sticker-square-with-google-review-qr-code\/"},"modified":"2026-02-13T08:29:38","modified_gmt":"2026-02-13T08:29:38","slug":"review-us-on-google-sticker-square-with-google-review-qr-code","status":"publish","type":"product","link":"https:\/\/www.truzzer.com\/sv\/produkt\/review-us-on-google-sticker-square-with-google-review-qr-code\/","title":{"rendered":"Recensera oss om Google Sticker Square med Google recension QR kod"},"content":{"rendered":"<p>Med truzzer Google recensionsdekaler med en QR kodl\u00e4nk och din egen logotyp kan du snabbare f\u00e5 positiva recensioner fr\u00e5n dina n\u00f6jda kunder, direkt i din butik.<\/p>\n<p>I det praktiska runda formatet g\u00f6r du Google-recensionen p\u00e5taglig f\u00f6r dina kunder.<br \/>\nPlacera klisterm\u00e4rkena v\u00e4l synligt i kassan, p\u00e5 ytterd\u00f6rren eller var som helst d\u00e4r dina kunder kan se klisterm\u00e4rkena.<\/p>\n<p>-L\u00e4mplig f\u00f6r inomhus- och utomhusbruk<br \/>\n&#8211; V\u00e4derbest\u00e4ndig<br \/>\n-L\u00e4mplig f\u00f6r alla sl\u00e4ta ytor<br \/>\n-F\u00f6r butiker, d\u00f6rrar eller som bil Google-dekal<br \/>\n-Visar dina kunder att de ocks\u00e5 kan hitta dig p\u00e5 Google<br \/>\n&#8211; Individuellt gjord f\u00f6r dig<\/p>\n<p>Du kan enkelt anpassa Google-recensionsklisterm\u00e4rkena med din logotyp och anpassa dem till ditt f\u00f6retag.<\/p>\n<p>&nbsp;<\/p>\n<p>&nbsp;<\/p>\n<h3>Steg 1: Kunden skannar QR-koden<\/h3>\n<p>F\u00f6r att f\u00f6lja dig beh\u00f6ver kunden bara skanna QR-koden. Allt du beh\u00f6ver g\u00f6ra \u00e4r att h\u00e5lla smartphonekameran (ingen extra skannerapp beh\u00f6vs) \u00f6ver produkten.<\/p>\n<p><img decoding=\"async\" src=\"https:\/\/www.truzzer.com\/wp-content\/uploads\/2026\/02\/how-to-use-the-product-truzzer-google.jpg.webp\" width=\"p&gt;\" class=\"alignnone wp-image-22402 size-full\" alt=\"Hand scanning a QR code for Google reviews on a smartphone.\"  > 300&#8243; height=&#8221;p>300&#8243;<\/p>\n<p>Ett popup-f\u00f6nster kommer d\u00e5 att visas p\u00e5 sk\u00e4rmen (iPhone) eller s\u00e5 visas en QR-kod (Android \/ Google smartphones).<\/p>\n<h3>Steg 2: Kunden g\u00e5r direkt till Google-granskningsformul\u00e4ret<\/h3>\n<p>Recensionsformul\u00e4ret \u00f6ppnas i smartphones webbl\u00e4sare och kunden kan granska dig direkt.<\/p>\n<p>Obs:<br \/>\nObservera att en Google My Business-profil kr\u00e4vs f\u00f6r att f\u00e5 Google-recensioner.<\/p>\n<p>&nbsp;<\/p>\n","protected":false},"excerpt":{"rendered":"<p>The &#8220;Recensera oss p\u00e5 Google&#8221; klisterm\u00e4rken hj\u00e4lper dig att f\u00e5 fler Google recensioner fr\u00e5n dina kunder snabbare.<\/p>\n<p>Sj\u00e4lvh\u00e4ftande, dekalerna\/dekalerna Granska oss p\u00e5 Google sm\u00e4lter in i alla f\u00f6retag och h\u00e5ller sig p\u00e5 vilken plan yta som helst.<\/p>\n<p>-L\u00e4mplig f\u00f6r inomhus- och utomhusbruk<br \/>\n&#8211; V\u00e4derbest\u00e4ndig<br \/>\n-L\u00e4mplig f\u00f6r alla sl\u00e4ta ytor<br \/>\n-F\u00f6r butiker, d\u00f6rrar eller som bil Google-dekal<br \/>\n-Visar dina kunder att de ocks\u00e5 kan hitta dig p\u00e5 Google<br \/>\n&#8211; Individuellt gjord f\u00f6r dig<\/p>\n<p>Vi kommer att skapa och l\u00e4nka QR-koden f\u00f6r direkta recensioner p\u00e5 din Google-profil \u00e5t dig!<br \/>\nVi h\u00e4mtar denna information fr\u00e5n din f\u00f6retagsadress. Du kan hitta mer information om hur klisterm\u00e4rkena fungerar <a href=\"https:\/\/www.truzzer.com\/product\/review-us-on-google-sticker-minimal\/#tab-woodmart_custom_tab\">h\u00e4r<\/a>.\n<\/p>\n<p>&nbsp;<\/p>\n","protected":false},"featured_media":94654,"comment_status":"open","ping_status":"closed","template":"","meta":{"_acf_changed":false,"_yoast_wpseo_focuskw":"Google Recension Klisterm\u00e4rke","_yoast_wpseo_title":"Review us on Google Sticker Square with Google ... | truzzer","_yoast_wpseo_metadesc":"Fler Google-recensioner med Review us on Google Sticker Square with Google review QR code fr\u00e5n truzzer. Enkel installation. Best\u00e4ll nu!"},"product_brand":[1657],"product_cat":[904,545,544],"product_tag":[],"class_list":{"0":"post-94653","1":"product","2":"type-product","3":"status-publish","4":"has-post-thumbnail","6":"product_brand-google","7":"product_cat-google-recension-klistermarken-med-qr-kod","8":"product_cat-qr-kod-klistermarken","9":"product_cat-qr-kod-produkter","10":"pa_product-type-klistermarke","11":"pa_shape-vierkant","12":"pa_technology-qr-kod","14":"first","15":"instock","16":"taxable","17":"shipping-taxable","18":"purchasable","19":"product-type-variable","20":"has-default-attributes"},"acf":[],"yoast_head":"<!-- This site is optimized with the Yoast SEO plugin v27.0 - https:\/\/yoast.com\/product\/yoast-seo-wordpress\/ -->\n<title>Review us on Google Sticker Square with Google ... | truzzer<\/title>\n<meta name=\"description\" content=\"Fler Google-recensioner med Review us on Google Sticker Square with Google review QR code fr\u00e5n truzzer. Enkel installation. Best\u00e4ll nu!\" \/>\n<meta name=\"robots\" content=\"index, follow, max-snippet:-1, max-image-preview:large, max-video-preview:-1\" \/>\n<link rel=\"canonical\" href=\"https:\/\/www.truzzer.com\/sv\/produkt\/review-us-on-google-sticker-square-with-google-review-qr-code\/\" \/>\n<meta property=\"og:locale\" content=\"sv_SE\" \/>\n<meta property=\"og:type\" content=\"article\" \/>\n<meta property=\"og:title\" content=\"Review us on Google Sticker Square with Google ... | truzzer\" \/>\n<meta property=\"og:description\" content=\"Fler Google-recensioner med Review us on Google Sticker Square with Google review QR code fr\u00e5n truzzer. Enkel installation. Best\u00e4ll nu!\" \/>\n<meta property=\"og:url\" content=\"https:\/\/www.truzzer.com\/sv\/produkt\/review-us-on-google-sticker-square-with-google-review-qr-code\/\" \/>\n<meta property=\"og:site_name\" content=\"truzzer\" \/>\n<meta property=\"article:modified_time\" content=\"2026-02-13T08:29:38+00:00\" \/>\n<meta property=\"og:image\" content=\"https:\/\/www.truzzer.com\/wp-content\/uploads\/2026\/02\/fensteraufkleber-3-14-1.png\" \/>\n\t<meta property=\"og:image:width\" content=\"1200\" \/>\n\t<meta property=\"og:image:height\" content=\"1200\" \/>\n\t<meta property=\"og:image:type\" content=\"image\/png\" \/>\n<meta name=\"twitter:card\" content=\"summary_large_image\" \/>\n<meta name=\"twitter:label1\" content=\"Ber\u00e4knad l\u00e4stid\" \/>\n\t<meta name=\"twitter:data1\" content=\"1 minut\" \/>\n<script type=\"application\/ld+json\" class=\"yoast-schema-graph\">{\"@context\":\"https:\/\/schema.org\",\"@graph\":[{\"@type\":\"WebPage\",\"@id\":\"https:\/\/www.truzzer.com\/sv\/produkt\/review-us-on-google-sticker-square-with-google-review-qr-code\/\",\"url\":\"https:\/\/www.truzzer.com\/sv\/produkt\/review-us-on-google-sticker-square-with-google-review-qr-code\/\",\"name\":\"Review us on Google Sticker Square with Google ... | truzzer\",\"isPartOf\":{\"@id\":\"https:\/\/www.truzzer.com\/sv\/#website\"},\"primaryImageOfPage\":{\"@id\":\"https:\/\/www.truzzer.com\/sv\/produkt\/review-us-on-google-sticker-square-with-google-review-qr-code\/#primaryimage\"},\"image\":{\"@id\":\"https:\/\/www.truzzer.com\/sv\/produkt\/review-us-on-google-sticker-square-with-google-review-qr-code\/#primaryimage\"},\"thumbnailUrl\":\"https:\/\/www.truzzer.com\/wp-content\/uploads\/2026\/02\/fensteraufkleber-3-14-1.png\",\"datePublished\":\"2026-02-01T20:05:04+00:00\",\"dateModified\":\"2026-02-13T08:29:38+00:00\",\"description\":\"Fler Google-recensioner med Review us on Google Sticker Square with Google review QR code fr\u00e5n truzzer. Enkel installation. Best\u00e4ll nu!\",\"breadcrumb\":{\"@id\":\"https:\/\/www.truzzer.com\/sv\/produkt\/review-us-on-google-sticker-square-with-google-review-qr-code\/#breadcrumb\"},\"inLanguage\":\"sv-SE\",\"potentialAction\":[{\"@type\":\"ReadAction\",\"target\":[\"https:\/\/www.truzzer.com\/sv\/produkt\/review-us-on-google-sticker-square-with-google-review-qr-code\/\"]}]},{\"@type\":\"ImageObject\",\"inLanguage\":\"sv-SE\",\"@id\":\"https:\/\/www.truzzer.com\/sv\/produkt\/review-us-on-google-sticker-square-with-google-review-qr-code\/#primaryimage\",\"url\":\"https:\/\/www.truzzer.com\/wp-content\/uploads\/2026\/02\/fensteraufkleber-3-14-1.png\",\"contentUrl\":\"https:\/\/www.truzzer.com\/wp-content\/uploads\/2026\/02\/fensteraufkleber-3-14-1.png\",\"width\":1200,\"height\":1200},{\"@type\":\"BreadcrumbList\",\"@id\":\"https:\/\/www.truzzer.com\/sv\/produkt\/review-us-on-google-sticker-square-with-google-review-qr-code\/#breadcrumb\",\"itemListElement\":[{\"@type\":\"ListItem\",\"position\":1,\"name\":\"Home\",\"item\":\"https:\/\/www.truzzer.com\/sv\/\"},{\"@type\":\"ListItem\",\"position\":2,\"name\":\"Butik\",\"item\":\"https:\/\/www.truzzer.com\/sv\/butik\/\"},{\"@type\":\"ListItem\",\"position\":3,\"name\":\"Recensera oss om Google Sticker Square med Google recension QR kod\"}]},{\"@type\":\"WebSite\",\"@id\":\"https:\/\/www.truzzer.com\/sv\/#website\",\"url\":\"https:\/\/www.truzzer.com\/sv\/\",\"name\":\"truzzer\",\"description\":\"Experts for customer trust\",\"publisher\":{\"@id\":\"https:\/\/www.truzzer.com\/sv\/#organization\"},\"potentialAction\":[{\"@type\":\"SearchAction\",\"target\":{\"@type\":\"EntryPoint\",\"urlTemplate\":\"https:\/\/www.truzzer.com\/sv\/?s={search_term_string}\"},\"query-input\":{\"@type\":\"PropertyValueSpecification\",\"valueRequired\":true,\"valueName\":\"search_term_string\"}}],\"inLanguage\":\"sv-SE\"},{\"@type\":\"Organization\",\"@id\":\"https:\/\/www.truzzer.com\/sv\/#organization\",\"name\":\"truzzer\",\"url\":\"https:\/\/www.truzzer.com\/sv\/\",\"logo\":{\"@type\":\"ImageObject\",\"inLanguage\":\"sv-SE\",\"@id\":\"https:\/\/www.truzzer.com\/sv\/#\/schema\/logo\/image\/\",\"url\":\"https:\/\/truzzer.com\/wp-content\/uploads\/2026\/01\/truzzer-logo-black-1.svg\",\"contentUrl\":\"https:\/\/truzzer.com\/wp-content\/uploads\/2026\/01\/truzzer-logo-black-1.svg\",\"width\":938,\"height\":199,\"caption\":\"truzzer\"},\"image\":{\"@id\":\"https:\/\/www.truzzer.com\/sv\/#\/schema\/logo\/image\/\"}}]}<\/script>\n<!-- \/ Yoast SEO plugin. -->","yoast_head_json":{"title":"Review us on Google Sticker Square with Google ... | truzzer","description":"Fler Google-recensioner med Review us on Google Sticker Square with Google review QR code fr\u00e5n truzzer. Enkel installation. Best\u00e4ll nu!","robots":{"index":"index","follow":"follow","max-snippet":"max-snippet:-1","max-image-preview":"max-image-preview:large","max-video-preview":"max-video-preview:-1"},"canonical":"https:\/\/www.truzzer.com\/sv\/produkt\/review-us-on-google-sticker-square-with-google-review-qr-code\/","og_locale":"sv_SE","og_type":"article","og_title":"Review us on Google Sticker Square with Google ... | truzzer","og_description":"Fler Google-recensioner med Review us on Google Sticker Square with Google review QR code fr\u00e5n truzzer. Enkel installation. Best\u00e4ll nu!","og_url":"https:\/\/www.truzzer.com\/sv\/produkt\/review-us-on-google-sticker-square-with-google-review-qr-code\/","og_site_name":"truzzer","article_modified_time":"2026-02-13T08:29:38+00:00","og_image":[{"width":1200,"height":1200,"url":"https:\/\/www.truzzer.com\/wp-content\/uploads\/2026\/02\/fensteraufkleber-3-14-1.png","type":"image\/png"}],"twitter_card":"summary_large_image","twitter_misc":{"Ber\u00e4knad l\u00e4stid":"1 minut"},"schema":{"@context":"https:\/\/schema.org","@graph":[{"@type":"WebPage","@id":"https:\/\/www.truzzer.com\/sv\/produkt\/review-us-on-google-sticker-square-with-google-review-qr-code\/","url":"https:\/\/www.truzzer.com\/sv\/produkt\/review-us-on-google-sticker-square-with-google-review-qr-code\/","name":"Review us on Google Sticker Square with Google ... | truzzer","isPartOf":{"@id":"https:\/\/www.truzzer.com\/sv\/#website"},"primaryImageOfPage":{"@id":"https:\/\/www.truzzer.com\/sv\/produkt\/review-us-on-google-sticker-square-with-google-review-qr-code\/#primaryimage"},"image":{"@id":"https:\/\/www.truzzer.com\/sv\/produkt\/review-us-on-google-sticker-square-with-google-review-qr-code\/#primaryimage"},"thumbnailUrl":"https:\/\/www.truzzer.com\/wp-content\/uploads\/2026\/02\/fensteraufkleber-3-14-1.png","datePublished":"2026-02-01T20:05:04+00:00","dateModified":"2026-02-13T08:29:38+00:00","description":"Fler Google-recensioner med Review us on Google Sticker Square with Google review QR code fr\u00e5n truzzer. Enkel installation. Best\u00e4ll nu!","breadcrumb":{"@id":"https:\/\/www.truzzer.com\/sv\/produkt\/review-us-on-google-sticker-square-with-google-review-qr-code\/#breadcrumb"},"inLanguage":"sv-SE","potentialAction":[{"@type":"ReadAction","target":["https:\/\/www.truzzer.com\/sv\/produkt\/review-us-on-google-sticker-square-with-google-review-qr-code\/"]}]},{"@type":"ImageObject","inLanguage":"sv-SE","@id":"https:\/\/www.truzzer.com\/sv\/produkt\/review-us-on-google-sticker-square-with-google-review-qr-code\/#primaryimage","url":"https:\/\/www.truzzer.com\/wp-content\/uploads\/2026\/02\/fensteraufkleber-3-14-1.png","contentUrl":"https:\/\/www.truzzer.com\/wp-content\/uploads\/2026\/02\/fensteraufkleber-3-14-1.png","width":1200,"height":1200},{"@type":"BreadcrumbList","@id":"https:\/\/www.truzzer.com\/sv\/produkt\/review-us-on-google-sticker-square-with-google-review-qr-code\/#breadcrumb","itemListElement":[{"@type":"ListItem","position":1,"name":"Home","item":"https:\/\/www.truzzer.com\/sv\/"},{"@type":"ListItem","position":2,"name":"Butik","item":"https:\/\/www.truzzer.com\/sv\/butik\/"},{"@type":"ListItem","position":3,"name":"Recensera oss om Google Sticker Square med Google recension QR kod"}]},{"@type":"WebSite","@id":"https:\/\/www.truzzer.com\/sv\/#website","url":"https:\/\/www.truzzer.com\/sv\/","name":"truzzer","description":"Experts for customer trust","publisher":{"@id":"https:\/\/www.truzzer.com\/sv\/#organization"},"potentialAction":[{"@type":"SearchAction","target":{"@type":"EntryPoint","urlTemplate":"https:\/\/www.truzzer.com\/sv\/?s={search_term_string}"},"query-input":{"@type":"PropertyValueSpecification","valueRequired":true,"valueName":"search_term_string"}}],"inLanguage":"sv-SE"},{"@type":"Organization","@id":"https:\/\/www.truzzer.com\/sv\/#organization","name":"truzzer","url":"https:\/\/www.truzzer.com\/sv\/","logo":{"@type":"ImageObject","inLanguage":"sv-SE","@id":"https:\/\/www.truzzer.com\/sv\/#\/schema\/logo\/image\/","url":"https:\/\/truzzer.com\/wp-content\/uploads\/2026\/01\/truzzer-logo-black-1.svg","contentUrl":"https:\/\/truzzer.com\/wp-content\/uploads\/2026\/01\/truzzer-logo-black-1.svg","width":938,"height":199,"caption":"truzzer"},"image":{"@id":"https:\/\/www.truzzer.com\/sv\/#\/schema\/logo\/image\/"}}]}},"tiered_pricing_type":"fixed","tiered_pricing_fixed_rules":[],"tiered_pricing_product_settings":{"layout":"default","base_unit_name":{"singular":null,"plural":null},"default_variation":null},"tiered_pricing_minimum_quantity":null,"tiered_pricing_roles_data":[],"tiered_pricing_percentage_rules":[],"tiered_pricing_maximum_quantity":null,"tiered_pricing_quantity_step":null,"_links":{"self":[{"href":"https:\/\/www.truzzer.com\/sv\/wp-json\/wp\/v2\/product\/94653","targetHints":{"allow":["GET"]}}],"collection":[{"href":"https:\/\/www.truzzer.com\/sv\/wp-json\/wp\/v2\/product"}],"about":[{"href":"https:\/\/www.truzzer.com\/sv\/wp-json\/wp\/v2\/types\/product"}],"replies":[{"embeddable":true,"href":"https:\/\/www.truzzer.com\/sv\/wp-json\/wp\/v2\/comments?post=94653"}],"wp:featuredmedia":[{"embeddable":true,"href":"https:\/\/www.truzzer.com\/sv\/wp-json\/wp\/v2\/media\/94654"}],"wp:attachment":[{"href":"https:\/\/www.truzzer.com\/sv\/wp-json\/wp\/v2\/media?parent=94653"}],"wp:term":[{"taxonomy":"product_brand","embeddable":true,"href":"https:\/\/www.truzzer.com\/sv\/wp-json\/wp\/v2\/product_brand?post=94653"},{"taxonomy":"product_cat","embeddable":true,"href":"https:\/\/www.truzzer.com\/sv\/wp-json\/wp\/v2\/product_cat?post=94653"},{"taxonomy":"product_tag","embeddable":true,"href":"https:\/\/www.truzzer.com\/sv\/wp-json\/wp\/v2\/product_tag?post=94653"}],"curies":[{"name":"wp","href":"https:\/\/api.w.org\/{rel}","templated":true}]}}