{"id":94694,"date":"2026-02-01T20:04:51","date_gmt":"2026-02-01T20:04:51","guid":{"rendered":"https:\/\/beta.truzzer.com\/product\/thank-you-card-with-google-review-qr-code\/"},"modified":"2026-02-13T08:30:53","modified_gmt":"2026-02-13T08:30:53","slug":"thank-you-card-with-google-review-qr-code","status":"publish","type":"product","link":"https:\/\/www.truzzer.com\/sv\/produkt\/thank-you-card-with-google-review-qr-code\/","title":{"rendered":"Tackkort med Google recension QR kod"},"content":{"rendered":"<h2>S\u00e4g tack och f\u00e5 fler Google-recensioner fr\u00e5n kunder<\/h2>\n<p>Med <strong>truzzer-tackkorten med QR-kod f\u00f6r Google-recensioner<\/strong> kan du snabbare f\u00e5 positiva recensioner fr\u00e5n dina n\u00f6jda kunder och f\u00f6rb\u00e4ttra din image och ditt rykte.<br \/>\nDessutom \u00f6kar du bandet med ditt f\u00f6retag och din SEO-rankning genom de positiva betygen.<\/p>\n<p>I det praktiska DIN A6-vykortsformatet tackar du dina kunder och g\u00f6r onlinebetyget p\u00e5tagligt.<br \/>\nL\u00e4gg truzzer Google tackkort i dina kunders shoppingv\u00e4skor, ge dem till notan, skicka dem med dina produkter eller l\u00e4gg dem p\u00e5 borden i restaurangen. <strong>Klart<\/strong>.<\/p>\n<p>QR-koden tar kunder direkt till ditt Google-betyg UTAN att beh\u00f6va s\u00f6ka efter dig p\u00e5 Google f\u00f6rst. S\u00e5 h\u00e4r f\u00f6rhindrar du hopp i Google-betyget.<\/p>\n<p>Du kan enkelt anpassa de rekommenderade tackkorten med QR-kod f\u00f6r Google-betyg med din logotyp och anpassa dem till ditt f\u00f6retag.<\/p>\n","protected":false},"excerpt":{"rendered":"<p>S\u00e4g tack och f\u00e5 fler Google-recensioner! \u2013 Perfekt f\u00f6r onlinebutiker!<\/p>\n<p>Med truzzer tackkort med QR kodl\u00e4nk till den direkta Google recensionen, erbjuder vi dig m\u00f6jligheten att f\u00e5 fler betyg p\u00e5 Google snabbare och enklare. Inget mer att fr\u00e5ga och be om recensioner. L\u00e4mna bara \u00f6ver kortet och f\u00e5 Google-betyg fr\u00e5n kunder.<\/p>\n<p>Tackkorten \u00e4r mycket kundv\u00e4nliga och g\u00f6r Google-betyget p\u00e5tagligt f\u00f6r dina kunder<br \/>\nGe helt enkelt korten till dina kunder, st\u00e4ll ut dem i butiken eller l\u00e4gg dem i din shoppingv\u00e4ska.<br \/>\nDina kunder \u00e4r glada \u00f6ver uppskattningen, ser beg\u00e4ran om att betygs\u00e4tta dig och beh\u00f6ver bara h\u00e5lla smartphonekameran \u00f6ver QR-koden s\u00e5 kan de betygs\u00e4tta dig direkt.<\/p>\n<p>Korten \u00e4r personliga med din logotyp p\u00e5 fram- och baksidan och QR-koden leder direkt till ditt recensionsformul\u00e4r p\u00e5 Google.<br \/>\nVi kommer att skapa och l\u00e4nka QR-koden f\u00f6r direkt utv\u00e4rdering p\u00e5 din Google-profil \u00e5t dig!<br \/>\nVi h\u00e4mtar denna information fr\u00e5n din f\u00f6retagsadress.<\/p>\n","protected":false},"featured_media":94695,"comment_status":"open","ping_status":"closed","template":"","meta":{"_acf_changed":false,"_yoast_wpseo_focuskw":"Google Recension Visitkort","_yoast_wpseo_title":"Thank you card with Google review QR code | truzzer","_yoast_wpseo_metadesc":"Fler 5-stj\u00e4rniga Google-recensioner med Thank you card with Google review QR code fr\u00e5n truzzer. Enkel installation, redo att anv\u00e4nda. Best\u00e4ll nu!"},"product_brand":[1657],"product_cat":[804,803,805,806,544],"product_tag":[],"class_list":{"0":"post-94694","1":"product","2":"type-product","3":"status-publish","4":"has-post-thumbnail","6":"product_brand-google","7":"product_cat-google-recension-kort","8":"product_cat-google-recension-produkter","9":"product_cat-google-recension-recensionskort-med-qr-kod","10":"product_cat-qr-kod-kort","11":"product_cat-qr-kod-produkter","12":"pa_industry-byra-konsultverksamhet","13":"pa_industry-lokale-diensten","14":"pa_industry-onroerend-goed","15":"pa_material-karton","16":"pa_placement-balie-receptie","17":"pa_placement-broschyr","18":"pa_placement-portemonnee-personlijk","19":"pa_product-type-kaarten","20":"pa_shape-rechthoek","21":"pa_technology-qr-code","22":"pa_technology-qr-kod","24":"first","25":"instock","26":"taxable","27":"shipping-taxable","28":"purchasable","29":"product-type-simple"},"acf":[],"yoast_head":"<!-- This site is optimized with the Yoast SEO plugin v27.0 - https:\/\/yoast.com\/product\/yoast-seo-wordpress\/ -->\n<title>Thank you card with Google review QR code | truzzer<\/title>\n<meta name=\"description\" content=\"Fler 5-stj\u00e4rniga Google-recensioner med Thank you card with Google review QR code fr\u00e5n truzzer. Enkel installation, redo att anv\u00e4nda. Best\u00e4ll nu!\" \/>\n<meta name=\"robots\" content=\"index, follow, max-snippet:-1, max-image-preview:large, max-video-preview:-1\" \/>\n<link rel=\"canonical\" href=\"https:\/\/www.truzzer.com\/sv\/produkt\/thank-you-card-with-google-review-qr-code\/\" \/>\n<meta property=\"og:locale\" content=\"sv_SE\" \/>\n<meta property=\"og:type\" content=\"article\" \/>\n<meta property=\"og:title\" content=\"Thank you card with Google review QR code | truzzer\" \/>\n<meta property=\"og:description\" content=\"Fler 5-stj\u00e4rniga Google-recensioner med Thank you card with Google review QR code fr\u00e5n truzzer. Enkel installation, redo att anv\u00e4nda. Best\u00e4ll nu!\" \/>\n<meta property=\"og:url\" content=\"https:\/\/www.truzzer.com\/sv\/produkt\/thank-you-card-with-google-review-qr-code\/\" \/>\n<meta property=\"og:site_name\" content=\"truzzer\" \/>\n<meta property=\"article:modified_time\" content=\"2026-02-13T08:30:53+00:00\" \/>\n<meta property=\"og:image\" content=\"https:\/\/www.truzzer.com\/wp-content\/uploads\/2026\/02\/thank-you-card-purchase-google-review-front-1-1.jpg\" \/>\n\t<meta property=\"og:image:width\" content=\"1400\" \/>\n\t<meta property=\"og:image:height\" content=\"1400\" \/>\n\t<meta property=\"og:image:type\" content=\"image\/jpeg\" \/>\n<meta name=\"twitter:card\" content=\"summary_large_image\" \/>\n<meta name=\"twitter:label1\" content=\"Ber\u00e4knad l\u00e4stid\" \/>\n\t<meta name=\"twitter:data1\" content=\"1 minut\" \/>\n<script type=\"application\/ld+json\" class=\"yoast-schema-graph\">{\"@context\":\"https:\/\/schema.org\",\"@graph\":[{\"@type\":\"WebPage\",\"@id\":\"https:\/\/www.truzzer.com\/sv\/produkt\/thank-you-card-with-google-review-qr-code\/\",\"url\":\"https:\/\/www.truzzer.com\/sv\/produkt\/thank-you-card-with-google-review-qr-code\/\",\"name\":\"Thank you card with Google review QR code | truzzer\",\"isPartOf\":{\"@id\":\"https:\/\/www.truzzer.com\/sv\/#website\"},\"primaryImageOfPage\":{\"@id\":\"https:\/\/www.truzzer.com\/sv\/produkt\/thank-you-card-with-google-review-qr-code\/#primaryimage\"},\"image\":{\"@id\":\"https:\/\/www.truzzer.com\/sv\/produkt\/thank-you-card-with-google-review-qr-code\/#primaryimage\"},\"thumbnailUrl\":\"https:\/\/www.truzzer.com\/wp-content\/uploads\/2026\/02\/thank-you-card-purchase-google-review-front-1-1.jpg\",\"datePublished\":\"2026-02-01T20:04:51+00:00\",\"dateModified\":\"2026-02-13T08:30:53+00:00\",\"description\":\"Fler 5-stj\u00e4rniga Google-recensioner med Thank you card with Google review QR code fr\u00e5n truzzer. Enkel installation, redo att anv\u00e4nda. Best\u00e4ll nu!\",\"breadcrumb\":{\"@id\":\"https:\/\/www.truzzer.com\/sv\/produkt\/thank-you-card-with-google-review-qr-code\/#breadcrumb\"},\"inLanguage\":\"sv-SE\",\"potentialAction\":[{\"@type\":\"ReadAction\",\"target\":[\"https:\/\/www.truzzer.com\/sv\/produkt\/thank-you-card-with-google-review-qr-code\/\"]}]},{\"@type\":\"ImageObject\",\"inLanguage\":\"sv-SE\",\"@id\":\"https:\/\/www.truzzer.com\/sv\/produkt\/thank-you-card-with-google-review-qr-code\/#primaryimage\",\"url\":\"https:\/\/www.truzzer.com\/wp-content\/uploads\/2026\/02\/thank-you-card-purchase-google-review-front-1-1.jpg\",\"contentUrl\":\"https:\/\/www.truzzer.com\/wp-content\/uploads\/2026\/02\/thank-you-card-purchase-google-review-front-1-1.jpg\",\"width\":1400,\"height\":1400},{\"@type\":\"BreadcrumbList\",\"@id\":\"https:\/\/www.truzzer.com\/sv\/produkt\/thank-you-card-with-google-review-qr-code\/#breadcrumb\",\"itemListElement\":[{\"@type\":\"ListItem\",\"position\":1,\"name\":\"Home\",\"item\":\"https:\/\/www.truzzer.com\/sv\/\"},{\"@type\":\"ListItem\",\"position\":2,\"name\":\"Butik\",\"item\":\"https:\/\/www.truzzer.com\/sv\/butik\/\"},{\"@type\":\"ListItem\",\"position\":3,\"name\":\"Tackkort med Google recension QR kod\"}]},{\"@type\":\"WebSite\",\"@id\":\"https:\/\/www.truzzer.com\/sv\/#website\",\"url\":\"https:\/\/www.truzzer.com\/sv\/\",\"name\":\"truzzer\",\"description\":\"Experts for customer trust\",\"publisher\":{\"@id\":\"https:\/\/www.truzzer.com\/sv\/#organization\"},\"potentialAction\":[{\"@type\":\"SearchAction\",\"target\":{\"@type\":\"EntryPoint\",\"urlTemplate\":\"https:\/\/www.truzzer.com\/sv\/?s={search_term_string}\"},\"query-input\":{\"@type\":\"PropertyValueSpecification\",\"valueRequired\":true,\"valueName\":\"search_term_string\"}}],\"inLanguage\":\"sv-SE\"},{\"@type\":\"Organization\",\"@id\":\"https:\/\/www.truzzer.com\/sv\/#organization\",\"name\":\"truzzer\",\"url\":\"https:\/\/www.truzzer.com\/sv\/\",\"logo\":{\"@type\":\"ImageObject\",\"inLanguage\":\"sv-SE\",\"@id\":\"https:\/\/www.truzzer.com\/sv\/#\/schema\/logo\/image\/\",\"url\":\"https:\/\/truzzer.com\/wp-content\/uploads\/2026\/01\/truzzer-logo-black-1.svg\",\"contentUrl\":\"https:\/\/truzzer.com\/wp-content\/uploads\/2026\/01\/truzzer-logo-black-1.svg\",\"width\":938,\"height\":199,\"caption\":\"truzzer\"},\"image\":{\"@id\":\"https:\/\/www.truzzer.com\/sv\/#\/schema\/logo\/image\/\"}}]}<\/script>\n<!-- \/ Yoast SEO plugin. -->","yoast_head_json":{"title":"Thank you card with Google review QR code | truzzer","description":"Fler 5-stj\u00e4rniga Google-recensioner med Thank you card with Google review QR code fr\u00e5n truzzer. Enkel installation, redo att anv\u00e4nda. Best\u00e4ll nu!","robots":{"index":"index","follow":"follow","max-snippet":"max-snippet:-1","max-image-preview":"max-image-preview:large","max-video-preview":"max-video-preview:-1"},"canonical":"https:\/\/www.truzzer.com\/sv\/produkt\/thank-you-card-with-google-review-qr-code\/","og_locale":"sv_SE","og_type":"article","og_title":"Thank you card with Google review QR code | truzzer","og_description":"Fler 5-stj\u00e4rniga Google-recensioner med Thank you card with Google review QR code fr\u00e5n truzzer. Enkel installation, redo att anv\u00e4nda. Best\u00e4ll nu!","og_url":"https:\/\/www.truzzer.com\/sv\/produkt\/thank-you-card-with-google-review-qr-code\/","og_site_name":"truzzer","article_modified_time":"2026-02-13T08:30:53+00:00","og_image":[{"width":1400,"height":1400,"url":"https:\/\/www.truzzer.com\/wp-content\/uploads\/2026\/02\/thank-you-card-purchase-google-review-front-1-1.jpg","type":"image\/jpeg"}],"twitter_card":"summary_large_image","twitter_misc":{"Ber\u00e4knad l\u00e4stid":"1 minut"},"schema":{"@context":"https:\/\/schema.org","@graph":[{"@type":"WebPage","@id":"https:\/\/www.truzzer.com\/sv\/produkt\/thank-you-card-with-google-review-qr-code\/","url":"https:\/\/www.truzzer.com\/sv\/produkt\/thank-you-card-with-google-review-qr-code\/","name":"Thank you card with Google review QR code | truzzer","isPartOf":{"@id":"https:\/\/www.truzzer.com\/sv\/#website"},"primaryImageOfPage":{"@id":"https:\/\/www.truzzer.com\/sv\/produkt\/thank-you-card-with-google-review-qr-code\/#primaryimage"},"image":{"@id":"https:\/\/www.truzzer.com\/sv\/produkt\/thank-you-card-with-google-review-qr-code\/#primaryimage"},"thumbnailUrl":"https:\/\/www.truzzer.com\/wp-content\/uploads\/2026\/02\/thank-you-card-purchase-google-review-front-1-1.jpg","datePublished":"2026-02-01T20:04:51+00:00","dateModified":"2026-02-13T08:30:53+00:00","description":"Fler 5-stj\u00e4rniga Google-recensioner med Thank you card with Google review QR code fr\u00e5n truzzer. Enkel installation, redo att anv\u00e4nda. Best\u00e4ll nu!","breadcrumb":{"@id":"https:\/\/www.truzzer.com\/sv\/produkt\/thank-you-card-with-google-review-qr-code\/#breadcrumb"},"inLanguage":"sv-SE","potentialAction":[{"@type":"ReadAction","target":["https:\/\/www.truzzer.com\/sv\/produkt\/thank-you-card-with-google-review-qr-code\/"]}]},{"@type":"ImageObject","inLanguage":"sv-SE","@id":"https:\/\/www.truzzer.com\/sv\/produkt\/thank-you-card-with-google-review-qr-code\/#primaryimage","url":"https:\/\/www.truzzer.com\/wp-content\/uploads\/2026\/02\/thank-you-card-purchase-google-review-front-1-1.jpg","contentUrl":"https:\/\/www.truzzer.com\/wp-content\/uploads\/2026\/02\/thank-you-card-purchase-google-review-front-1-1.jpg","width":1400,"height":1400},{"@type":"BreadcrumbList","@id":"https:\/\/www.truzzer.com\/sv\/produkt\/thank-you-card-with-google-review-qr-code\/#breadcrumb","itemListElement":[{"@type":"ListItem","position":1,"name":"Home","item":"https:\/\/www.truzzer.com\/sv\/"},{"@type":"ListItem","position":2,"name":"Butik","item":"https:\/\/www.truzzer.com\/sv\/butik\/"},{"@type":"ListItem","position":3,"name":"Tackkort med Google recension QR kod"}]},{"@type":"WebSite","@id":"https:\/\/www.truzzer.com\/sv\/#website","url":"https:\/\/www.truzzer.com\/sv\/","name":"truzzer","description":"Experts for customer trust","publisher":{"@id":"https:\/\/www.truzzer.com\/sv\/#organization"},"potentialAction":[{"@type":"SearchAction","target":{"@type":"EntryPoint","urlTemplate":"https:\/\/www.truzzer.com\/sv\/?s={search_term_string}"},"query-input":{"@type":"PropertyValueSpecification","valueRequired":true,"valueName":"search_term_string"}}],"inLanguage":"sv-SE"},{"@type":"Organization","@id":"https:\/\/www.truzzer.com\/sv\/#organization","name":"truzzer","url":"https:\/\/www.truzzer.com\/sv\/","logo":{"@type":"ImageObject","inLanguage":"sv-SE","@id":"https:\/\/www.truzzer.com\/sv\/#\/schema\/logo\/image\/","url":"https:\/\/truzzer.com\/wp-content\/uploads\/2026\/01\/truzzer-logo-black-1.svg","contentUrl":"https:\/\/truzzer.com\/wp-content\/uploads\/2026\/01\/truzzer-logo-black-1.svg","width":938,"height":199,"caption":"truzzer"},"image":{"@id":"https:\/\/www.truzzer.com\/sv\/#\/schema\/logo\/image\/"}}]}},"tiered_pricing_type":"fixed","tiered_pricing_fixed_rules":[],"tiered_pricing_product_settings":{"layout":"default","base_unit_name":{"singular":null,"plural":null},"default_variation":null},"tiered_pricing_minimum_quantity":null,"tiered_pricing_roles_data":[],"tiered_pricing_percentage_rules":[],"tiered_pricing_maximum_quantity":null,"tiered_pricing_quantity_step":null,"_links":{"self":[{"href":"https:\/\/www.truzzer.com\/sv\/wp-json\/wp\/v2\/product\/94694","targetHints":{"allow":["GET"]}}],"collection":[{"href":"https:\/\/www.truzzer.com\/sv\/wp-json\/wp\/v2\/product"}],"about":[{"href":"https:\/\/www.truzzer.com\/sv\/wp-json\/wp\/v2\/types\/product"}],"replies":[{"embeddable":true,"href":"https:\/\/www.truzzer.com\/sv\/wp-json\/wp\/v2\/comments?post=94694"}],"wp:featuredmedia":[{"embeddable":true,"href":"https:\/\/www.truzzer.com\/sv\/wp-json\/wp\/v2\/media\/94695"}],"wp:attachment":[{"href":"https:\/\/www.truzzer.com\/sv\/wp-json\/wp\/v2\/media?parent=94694"}],"wp:term":[{"taxonomy":"product_brand","embeddable":true,"href":"https:\/\/www.truzzer.com\/sv\/wp-json\/wp\/v2\/product_brand?post=94694"},{"taxonomy":"product_cat","embeddable":true,"href":"https:\/\/www.truzzer.com\/sv\/wp-json\/wp\/v2\/product_cat?post=94694"},{"taxonomy":"product_tag","embeddable":true,"href":"https:\/\/www.truzzer.com\/sv\/wp-json\/wp\/v2\/product_tag?post=94694"}],"curies":[{"name":"wp","href":"https:\/\/api.w.org\/{rel}","templated":true}]}}