{"id":99563,"date":"2026-02-01T20:00:12","date_gmt":"2026-02-01T20:00:12","guid":{"rendered":"https:\/\/beta.truzzer.com\/product\/instagram-nfc-tag-action-button\/"},"modified":"2026-02-13T08:04:41","modified_gmt":"2026-02-13T08:04:41","slug":"instagram-nfc-tag-action-button","status":"publish","type":"product","link":"https:\/\/www.truzzer.com\/sv\/produkt\/instagram-nfc-tag-action-button\/","title":{"rendered":"Instagram NFC Tag Action-knapp"},"content":{"rendered":"","protected":false},"excerpt":{"rendered":"<p>Uppt\u00e4ck Truzzer NFC \u00e5tg\u00e4rdsknappar. Truzzer&#8217;s NFC Action Buttons \u00e4r boosten i lokal digital marknadsf\u00f6ring f\u00f6r ditt f\u00f6retag och g\u00f6r det enkelt f\u00f6r dina kunder att f\u00e5 kontakt med dig, eftersom NFC Action Buttons eliminerar barri\u00e4ren mellan offline och online.<\/p>\n<p>Allt dina kunder beh\u00f6ver g\u00f6ra \u00e4r att h\u00e5lla sin smartphone n\u00e4ra \u00e5tg\u00e4rdsknappen, s\u00e5 \u00f6ppnas din Instagram-profil p\u00e5 dina kunder&#8217; smartphones \u2013 ingen s\u00f6kning, inga f\u00f6rfr\u00e5gningar, inga fr\u00e5gor.<\/p>\n<ul>\n<li>L\u00e4tt att anv\u00e4nda, h\u00e5ll helt enkelt smarttelefonen n\u00e4ra \u00e5tg\u00e4rdsknappen och \u00e5tg\u00e4rden \u00f6ppnas f\u00f6r kunderna&#8217; smartphones.<\/li>\n<li>Ren: Action-knapparna \u00e4r vattent\u00e4ta och kan torkas rena.<\/li>\n<li>T\u00e5lig: Den sj\u00e4lvh\u00e4ftande bel\u00e4ggningen f\u00e4ster p\u00e5 alla plana ytor (bord, f\u00f6nster, etc.).<\/li>\n<li>I\u00f6gonfallande &amp; Framtr\u00e4dande: Med en h\u00f6jd p\u00e5 knappt 1 centimeter sticker Action-knapparna ut och \u00e4r ett riktigt blickf\u00e5ng.<\/li>\n<li>Bekv\u00e4mt f\u00f6r dig: Ange din information i konfigurationen nedan s\u00e5 tar vi hand om l\u00e4nkningen.<\/li>\n<\/ul>\n","protected":false},"featured_media":99567,"comment_status":"open","ping_status":"closed","template":"","meta":{"_acf_changed":false,"_yoast_wpseo_focuskw":"Instagram QR-kod NFC Tag","_yoast_wpseo_title":"Instagram NFC Tag Action Button | truzzer","_yoast_wpseo_metadesc":"Fler Instagram-f\u00f6ljare med Instagram NFC Tag Action Button fr\u00e5n truzzer. Enkel installation, redo att anv\u00e4nda. Best\u00e4ll nu!"},"product_brand":[1659],"product_cat":[1471,588],"product_tag":[],"class_list":{"0":"post-99563","1":"product","2":"type-product","3":"status-publish","4":"has-post-thumbnail","6":"product_brand-instagram","7":"product_cat-instagram-foljare-ovrigt-med-nfc","8":"product_cat-nfc-produkter","9":"pa_material-plastic","10":"pa_product-type-nfc-tags","11":"pa_technology-nfc","13":"first","14":"instock","15":"taxable","16":"shipping-taxable","17":"purchasable","18":"product-type-simple"},"acf":[],"yoast_head":"<!-- This site is optimized with the Yoast SEO plugin v27.0 - https:\/\/yoast.com\/product\/yoast-seo-wordpress\/ -->\n<title>Instagram NFC Tag Action Button | truzzer<\/title>\n<meta name=\"description\" content=\"Fler Instagram-f\u00f6ljare med Instagram NFC Tag Action Button fr\u00e5n truzzer. Enkel installation, redo att anv\u00e4nda. Best\u00e4ll nu!\" \/>\n<meta name=\"robots\" content=\"index, follow, max-snippet:-1, max-image-preview:large, max-video-preview:-1\" \/>\n<link rel=\"canonical\" href=\"https:\/\/www.truzzer.com\/sv\/produkt\/instagram-nfc-tag-action-button\/\" \/>\n<meta property=\"og:locale\" content=\"sv_SE\" \/>\n<meta property=\"og:type\" content=\"article\" \/>\n<meta property=\"og:title\" content=\"Instagram NFC Tag Action Button | truzzer\" \/>\n<meta property=\"og:description\" content=\"Fler Instagram-f\u00f6ljare med Instagram NFC Tag Action Button fr\u00e5n truzzer. Enkel installation, redo att anv\u00e4nda. Best\u00e4ll nu!\" \/>\n<meta property=\"og:url\" content=\"https:\/\/www.truzzer.com\/sv\/produkt\/instagram-nfc-tag-action-button\/\" \/>\n<meta property=\"og:site_name\" content=\"truzzer\" \/>\n<meta property=\"article:modified_time\" content=\"2026-02-13T08:04:41+00:00\" \/>\n<meta property=\"og:image\" content=\"https:\/\/www.truzzer.com\/wp-content\/uploads\/2026\/02\/NFC-ACTION-BUTTON-INSTAGRAM-empfehlio-truzzer-1-1.jpg\" \/>\n\t<meta property=\"og:image:width\" content=\"1400\" \/>\n\t<meta property=\"og:image:height\" content=\"1400\" \/>\n\t<meta property=\"og:image:type\" content=\"image\/jpeg\" \/>\n<meta name=\"twitter:card\" content=\"summary_large_image\" \/>\n<script type=\"application\/ld+json\" class=\"yoast-schema-graph\">{\"@context\":\"https:\/\/schema.org\",\"@graph\":[{\"@type\":\"WebPage\",\"@id\":\"https:\/\/www.truzzer.com\/sv\/produkt\/instagram-nfc-tag-action-button\/\",\"url\":\"https:\/\/www.truzzer.com\/sv\/produkt\/instagram-nfc-tag-action-button\/\",\"name\":\"Instagram NFC Tag Action Button | truzzer\",\"isPartOf\":{\"@id\":\"https:\/\/www.truzzer.com\/sv\/#website\"},\"primaryImageOfPage\":{\"@id\":\"https:\/\/www.truzzer.com\/sv\/produkt\/instagram-nfc-tag-action-button\/#primaryimage\"},\"image\":{\"@id\":\"https:\/\/www.truzzer.com\/sv\/produkt\/instagram-nfc-tag-action-button\/#primaryimage\"},\"thumbnailUrl\":\"https:\/\/www.truzzer.com\/wp-content\/uploads\/2026\/02\/NFC-ACTION-BUTTON-INSTAGRAM-empfehlio-truzzer-1-1.jpg\",\"datePublished\":\"2026-02-01T20:00:12+00:00\",\"dateModified\":\"2026-02-13T08:04:41+00:00\",\"description\":\"Fler Instagram-f\u00f6ljare med Instagram NFC Tag Action Button fr\u00e5n truzzer. Enkel installation, redo att anv\u00e4nda. Best\u00e4ll nu!\",\"breadcrumb\":{\"@id\":\"https:\/\/www.truzzer.com\/sv\/produkt\/instagram-nfc-tag-action-button\/#breadcrumb\"},\"inLanguage\":\"sv-SE\",\"potentialAction\":[{\"@type\":\"ReadAction\",\"target\":[\"https:\/\/www.truzzer.com\/sv\/produkt\/instagram-nfc-tag-action-button\/\"]}]},{\"@type\":\"ImageObject\",\"inLanguage\":\"sv-SE\",\"@id\":\"https:\/\/www.truzzer.com\/sv\/produkt\/instagram-nfc-tag-action-button\/#primaryimage\",\"url\":\"https:\/\/www.truzzer.com\/wp-content\/uploads\/2026\/02\/NFC-ACTION-BUTTON-INSTAGRAM-empfehlio-truzzer-1-1.jpg\",\"contentUrl\":\"https:\/\/www.truzzer.com\/wp-content\/uploads\/2026\/02\/NFC-ACTION-BUTTON-INSTAGRAM-empfehlio-truzzer-1-1.jpg\",\"width\":1400,\"height\":1400},{\"@type\":\"BreadcrumbList\",\"@id\":\"https:\/\/www.truzzer.com\/sv\/produkt\/instagram-nfc-tag-action-button\/#breadcrumb\",\"itemListElement\":[{\"@type\":\"ListItem\",\"position\":1,\"name\":\"Home\",\"item\":\"https:\/\/www.truzzer.com\/sv\/\"},{\"@type\":\"ListItem\",\"position\":2,\"name\":\"Butik\",\"item\":\"https:\/\/www.truzzer.com\/sv\/butik\/\"},{\"@type\":\"ListItem\",\"position\":3,\"name\":\"Instagram NFC Tag Action-knapp\"}]},{\"@type\":\"WebSite\",\"@id\":\"https:\/\/www.truzzer.com\/sv\/#website\",\"url\":\"https:\/\/www.truzzer.com\/sv\/\",\"name\":\"truzzer\",\"description\":\"Experts for customer trust\",\"publisher\":{\"@id\":\"https:\/\/www.truzzer.com\/sv\/#organization\"},\"potentialAction\":[{\"@type\":\"SearchAction\",\"target\":{\"@type\":\"EntryPoint\",\"urlTemplate\":\"https:\/\/www.truzzer.com\/sv\/?s={search_term_string}\"},\"query-input\":{\"@type\":\"PropertyValueSpecification\",\"valueRequired\":true,\"valueName\":\"search_term_string\"}}],\"inLanguage\":\"sv-SE\"},{\"@type\":\"Organization\",\"@id\":\"https:\/\/www.truzzer.com\/sv\/#organization\",\"name\":\"truzzer\",\"url\":\"https:\/\/www.truzzer.com\/sv\/\",\"logo\":{\"@type\":\"ImageObject\",\"inLanguage\":\"sv-SE\",\"@id\":\"https:\/\/www.truzzer.com\/sv\/#\/schema\/logo\/image\/\",\"url\":\"https:\/\/truzzer.com\/wp-content\/uploads\/2026\/01\/truzzer-logo-black-1.svg\",\"contentUrl\":\"https:\/\/truzzer.com\/wp-content\/uploads\/2026\/01\/truzzer-logo-black-1.svg\",\"width\":938,\"height\":199,\"caption\":\"truzzer\"},\"image\":{\"@id\":\"https:\/\/www.truzzer.com\/sv\/#\/schema\/logo\/image\/\"}}]}<\/script>\n<!-- \/ Yoast SEO plugin. -->","yoast_head_json":{"title":"Instagram NFC Tag Action Button | truzzer","description":"Fler Instagram-f\u00f6ljare med Instagram NFC Tag Action Button fr\u00e5n truzzer. Enkel installation, redo att anv\u00e4nda. Best\u00e4ll nu!","robots":{"index":"index","follow":"follow","max-snippet":"max-snippet:-1","max-image-preview":"max-image-preview:large","max-video-preview":"max-video-preview:-1"},"canonical":"https:\/\/www.truzzer.com\/sv\/produkt\/instagram-nfc-tag-action-button\/","og_locale":"sv_SE","og_type":"article","og_title":"Instagram NFC Tag Action Button | truzzer","og_description":"Fler Instagram-f\u00f6ljare med Instagram NFC Tag Action Button fr\u00e5n truzzer. Enkel installation, redo att anv\u00e4nda. Best\u00e4ll nu!","og_url":"https:\/\/www.truzzer.com\/sv\/produkt\/instagram-nfc-tag-action-button\/","og_site_name":"truzzer","article_modified_time":"2026-02-13T08:04:41+00:00","og_image":[{"width":1400,"height":1400,"url":"https:\/\/www.truzzer.com\/wp-content\/uploads\/2026\/02\/NFC-ACTION-BUTTON-INSTAGRAM-empfehlio-truzzer-1-1.jpg","type":"image\/jpeg"}],"twitter_card":"summary_large_image","schema":{"@context":"https:\/\/schema.org","@graph":[{"@type":"WebPage","@id":"https:\/\/www.truzzer.com\/sv\/produkt\/instagram-nfc-tag-action-button\/","url":"https:\/\/www.truzzer.com\/sv\/produkt\/instagram-nfc-tag-action-button\/","name":"Instagram NFC Tag Action Button | truzzer","isPartOf":{"@id":"https:\/\/www.truzzer.com\/sv\/#website"},"primaryImageOfPage":{"@id":"https:\/\/www.truzzer.com\/sv\/produkt\/instagram-nfc-tag-action-button\/#primaryimage"},"image":{"@id":"https:\/\/www.truzzer.com\/sv\/produkt\/instagram-nfc-tag-action-button\/#primaryimage"},"thumbnailUrl":"https:\/\/www.truzzer.com\/wp-content\/uploads\/2026\/02\/NFC-ACTION-BUTTON-INSTAGRAM-empfehlio-truzzer-1-1.jpg","datePublished":"2026-02-01T20:00:12+00:00","dateModified":"2026-02-13T08:04:41+00:00","description":"Fler Instagram-f\u00f6ljare med Instagram NFC Tag Action Button fr\u00e5n truzzer. Enkel installation, redo att anv\u00e4nda. Best\u00e4ll nu!","breadcrumb":{"@id":"https:\/\/www.truzzer.com\/sv\/produkt\/instagram-nfc-tag-action-button\/#breadcrumb"},"inLanguage":"sv-SE","potentialAction":[{"@type":"ReadAction","target":["https:\/\/www.truzzer.com\/sv\/produkt\/instagram-nfc-tag-action-button\/"]}]},{"@type":"ImageObject","inLanguage":"sv-SE","@id":"https:\/\/www.truzzer.com\/sv\/produkt\/instagram-nfc-tag-action-button\/#primaryimage","url":"https:\/\/www.truzzer.com\/wp-content\/uploads\/2026\/02\/NFC-ACTION-BUTTON-INSTAGRAM-empfehlio-truzzer-1-1.jpg","contentUrl":"https:\/\/www.truzzer.com\/wp-content\/uploads\/2026\/02\/NFC-ACTION-BUTTON-INSTAGRAM-empfehlio-truzzer-1-1.jpg","width":1400,"height":1400},{"@type":"BreadcrumbList","@id":"https:\/\/www.truzzer.com\/sv\/produkt\/instagram-nfc-tag-action-button\/#breadcrumb","itemListElement":[{"@type":"ListItem","position":1,"name":"Home","item":"https:\/\/www.truzzer.com\/sv\/"},{"@type":"ListItem","position":2,"name":"Butik","item":"https:\/\/www.truzzer.com\/sv\/butik\/"},{"@type":"ListItem","position":3,"name":"Instagram NFC Tag Action-knapp"}]},{"@type":"WebSite","@id":"https:\/\/www.truzzer.com\/sv\/#website","url":"https:\/\/www.truzzer.com\/sv\/","name":"truzzer","description":"Experts for customer trust","publisher":{"@id":"https:\/\/www.truzzer.com\/sv\/#organization"},"potentialAction":[{"@type":"SearchAction","target":{"@type":"EntryPoint","urlTemplate":"https:\/\/www.truzzer.com\/sv\/?s={search_term_string}"},"query-input":{"@type":"PropertyValueSpecification","valueRequired":true,"valueName":"search_term_string"}}],"inLanguage":"sv-SE"},{"@type":"Organization","@id":"https:\/\/www.truzzer.com\/sv\/#organization","name":"truzzer","url":"https:\/\/www.truzzer.com\/sv\/","logo":{"@type":"ImageObject","inLanguage":"sv-SE","@id":"https:\/\/www.truzzer.com\/sv\/#\/schema\/logo\/image\/","url":"https:\/\/truzzer.com\/wp-content\/uploads\/2026\/01\/truzzer-logo-black-1.svg","contentUrl":"https:\/\/truzzer.com\/wp-content\/uploads\/2026\/01\/truzzer-logo-black-1.svg","width":938,"height":199,"caption":"truzzer"},"image":{"@id":"https:\/\/www.truzzer.com\/sv\/#\/schema\/logo\/image\/"}}]}},"tiered_pricing_type":"fixed","tiered_pricing_fixed_rules":[],"tiered_pricing_product_settings":{"layout":"default","base_unit_name":{"singular":null,"plural":null},"default_variation":null},"tiered_pricing_minimum_quantity":null,"tiered_pricing_roles_data":[],"tiered_pricing_percentage_rules":[],"tiered_pricing_maximum_quantity":null,"tiered_pricing_quantity_step":null,"_links":{"self":[{"href":"https:\/\/www.truzzer.com\/sv\/wp-json\/wp\/v2\/product\/99563","targetHints":{"allow":["GET"]}}],"collection":[{"href":"https:\/\/www.truzzer.com\/sv\/wp-json\/wp\/v2\/product"}],"about":[{"href":"https:\/\/www.truzzer.com\/sv\/wp-json\/wp\/v2\/types\/product"}],"replies":[{"embeddable":true,"href":"https:\/\/www.truzzer.com\/sv\/wp-json\/wp\/v2\/comments?post=99563"}],"wp:featuredmedia":[{"embeddable":true,"href":"https:\/\/www.truzzer.com\/sv\/wp-json\/wp\/v2\/media\/99567"}],"wp:attachment":[{"href":"https:\/\/www.truzzer.com\/sv\/wp-json\/wp\/v2\/media?parent=99563"}],"wp:term":[{"taxonomy":"product_brand","embeddable":true,"href":"https:\/\/www.truzzer.com\/sv\/wp-json\/wp\/v2\/product_brand?post=99563"},{"taxonomy":"product_cat","embeddable":true,"href":"https:\/\/www.truzzer.com\/sv\/wp-json\/wp\/v2\/product_cat?post=99563"},{"taxonomy":"product_tag","embeddable":true,"href":"https:\/\/www.truzzer.com\/sv\/wp-json\/wp\/v2\/product_tag?post=99563"}],"curies":[{"name":"wp","href":"https:\/\/api.w.org\/{rel}","templated":true}]}}