{"id":99607,"date":"2026-02-01T19:58:32","date_gmt":"2026-02-01T19:58:32","guid":{"rendered":"https:\/\/beta.truzzer.com\/product\/paypal-pay-qr-code-sticker\/"},"modified":"2026-02-13T08:15:35","modified_gmt":"2026-02-13T08:15:35","slug":"paypal-pay-qr-code-sticker","status":"publish","type":"product","link":"https:\/\/www.truzzer.com\/sv\/produkt\/paypal-pay-qr-code-sticker\/","title":{"rendered":"PayPal pay QR koddekal"},"content":{"rendered":"<p><strong>Vi presenterar PayPal QR Code Sticker \u2013 Din l\u00f6sning f\u00f6r snabba, kontaktl\u00f6sa betalningar<\/strong><\/p>\n<p>F\u00f6renkla och snabba upp betalningsprocessen f\u00f6r dina kunder med PayPal QR Code-dekalen. Idealisk f\u00f6r alla typer av f\u00f6retag, inom detaljhandel, g\u00e4stfrihet eller evenemang, denna klisterm\u00e4rke underl\u00e4ttar s\u00e4kra, kontaktl\u00f6sa betalningar via PayPal. Skanna helt enkelt QR-koden och betalningen behandlas inom n\u00e5gra sekunder.<\/p>\n<p><strong>Produktegenskaper:<\/strong><\/p>\n<ul>\n<li><strong>Snabb och enkel betalning:<\/strong> Kunder beh\u00f6ver bara skanna QR-koden med sin smartphone, ange beloppet och bekr\u00e4fta betalningen. Utan kontanter eller kort inblandade \u00e4r denna process b\u00e5de enkel och effektiv.<\/li>\n<li><strong>Flexibel anv\u00e4ndning:<\/strong> Idealisk f\u00f6r anv\u00e4ndning i kassan, p\u00e5 diskar, bord eller d\u00f6rrar, PayPal QR Code-dekalen kan placeras b\u00e5de inomhus och utomhus f\u00f6r maximal m\u00e5ngsidighet.<\/li>\n<li><strong>Best\u00e4ndig mot vatten och v\u00e4der:<\/strong> Dekalen \u00e4r tillverkad av h\u00f6gkvalitativt material och \u00e4r vatten- och v\u00e4derbest\u00e4ndig, vilket s\u00e4kerst\u00e4ller att den f\u00f6rblir felfri under varierande f\u00f6rh\u00e5llanden och f\u00f6r l\u00e5ngvarig anv\u00e4ndning.<\/li>\n<li><strong>Professionell, diskret design:<\/strong> Det minimalistiska klisterm\u00e4rket med PayPal QR-koden integreras s\u00f6ml\u00f6st i vilken milj\u00f6 som helst, samtidigt som den beh\u00e5ller tydlig synlighet f\u00f6r kunderna och bibeh\u00e5ller en professionell estetik.<\/li>\n<\/ul>\n<p><strong>Varf\u00f6r ditt f\u00f6retag beh\u00f6ver ett PayPal QR-kodklisterm\u00e4rke<\/strong><\/p>\n<p>I v\u00e5r alltmer digitala v\u00e4rld \u00e4r kontaktl\u00f6sa betalningar den nya normen. Klisterm\u00e4rket PayPal QR Code ger dina kunder en snygg, hygienisk och enkel betalningsmetod. Det m\u00f6jligg\u00f6r snabba och enkla betalningar via smartphone, vilket eliminerar behovet av kontanter eller kort. Speciellt i tider d\u00e5 hygien och kontaktl\u00f6sa interaktioner \u00e4r av st\u00f6rsta vikt, \u00e4r QR Code-dekalen den perfekta l\u00f6sningen.<\/p>\n<p><strong>F\u00f6rdelar med PayPal QR Code Sticker:<\/strong><\/p>\n<ul>\n<li><strong>Kontaktl\u00f6s betalning:<\/strong> Minimera behovet av kontanter och kort, och erbjuder en s\u00e4ker och hygienisk betalningsmetod.<\/li>\n<li><strong>Bekv\u00e4m applicering:<\/strong> Den sj\u00e4lvh\u00e4ftande klisterm\u00e4rken kan snabbt och enkelt appliceras p\u00e5 vilken sl\u00e4t yta som helst \u2013 oavsett om det \u00e4r p\u00e5 kassadisken, entr\u00e9d\u00f6rren eller direkt p\u00e5 bord.<\/li>\n<li><strong>\u00d6ka kundn\u00f6jdheten:<\/strong> Erbjud dina kunder m\u00f6jligheten att betala snabbt och enkelt med hj\u00e4lp av deras f\u00f6redragna digitala tj\u00e4nst.<\/li>\n<li><strong>Kostnadseffektiv l\u00f6sning:<\/strong> Avst\u00e5 fr\u00e5n ytterligare dyra system eller enheter \u2013 PayPal QR Code-dekalen f\u00f6renklar acceptansen av moderna betalningar.<\/li>\n<\/ul>\n<p><strong>L\u00e4mplig f\u00f6r restauranger, detaljhandel, tj\u00e4nster och mer<\/strong><\/p>\n<p>Oavsett om du hanterar en <strong>restaurang, kaf\u00e9, butik eller marknadsst\u00e5nd<\/strong> ger PayPal QR Code-dekalen en enkel l\u00f6sning f\u00f6r att acceptera digitala betalningar via PayPal. Den \u00e4r ocks\u00e5 idealisk f\u00f6r tj\u00e4nsteleverant\u00f6rer eller kiosker d\u00e4r snabba, flexibla betalningar \u00e4r nyckeln.<\/p>\n<hr \/>\n<p>Genom att anv\u00e4nda <strong>PayPal QR Code-dekalen<\/strong>, erbjuder du inte bara dina kunder en modern betalningsmetod, utan s\u00e4kerst\u00e4ller ocks\u00e5 en smidig, problemfri betalningsprocess. Omfamna framtiden f\u00f6r betalningar idag!<\/p>\n","protected":false},"excerpt":{"rendered":"<p><strong>Vi presenterar PayPal QR Code Sticker \u2013 Effektivisera kontaktl\u00f6sa betalningar<\/strong><\/p>\n<p>Ge dina kunder ett snabbt, enkelt och s\u00e4kert betalningsalternativ: PayPal QR Code-dekal. Placera den vid kassan, p\u00e5 diskar eller d\u00f6rrar och f\u00f6rvandla ditt f\u00f6retag till ett nav f\u00f6r kontaktl\u00f6sa betalningar via smartphone. Bara en skanning, en inmatning av beloppet och betalningen \u00e4r klar. Det h\u00e4r verktyget \u00e4r idealiskt f\u00f6r restauranger, butiker och tj\u00e4nsteleverant\u00f6rer. Den h\u00e5llbara, vatten- och v\u00e4derbest\u00e4ndiga klisterm\u00e4rken s\u00e4kerst\u00e4ller en enkel betalningsprocess utan behov av kontanter eller kort. Upplev framtiden f\u00f6r betalningar: modern, hygienisk och effektiv!<\/p>\n<ul>\n<li><strong>Kontaktl\u00f6sa betalningar:<\/strong> Minimera behovet av fysiska kontanter och kort, vilket ger kunderna ett s\u00e4kert och hygieniskt betalningsalternativ.<\/li>\n<li><strong>Bekv\u00e4m applicering:<\/strong> Den sj\u00e4lvh\u00e4ftande klisterlappen kan snabbt f\u00e4stas p\u00e5 vilken sl\u00e4t yta som helst, oavsett om det \u00e4r kassadisken, entr\u00e9d\u00f6rren eller direkt p\u00e5 borden.<\/li>\n<li><strong>\u00d6ka kundn\u00f6jdheten:<\/strong> Erbjud din kundkrets m\u00f6jligheten att betala enkelt och snabbt med hj\u00e4lp av deras f\u00f6redragna digitala betaltj\u00e4nst.<\/li>\n<li><strong>Kostnadseffektiv l\u00f6sning:<\/strong> Undvik on\u00f6diga utgifter f\u00f6r ytterligare enheter eller komplexa system \u2013 PayPal QR Code-dekalen f\u00f6renklar acceptansen av moderna betalningsmetoder.<\/li>\n<\/ul>\n","protected":false},"featured_media":99630,"comment_status":"open","ping_status":"closed","template":"","meta":{"_acf_changed":false,"_yoast_wpseo_focuskw":"PayPal QR-kod Klisterm\u00e4rke","_yoast_wpseo_title":"PayPal pay QR code sticker | truzzer","_yoast_wpseo_metadesc":"Ta emot PayPal-betalningar med PayPal pay QR code sticker fr\u00e5n truzzer. Enkel installation, redo att anv\u00e4nda. Best\u00e4ll nu!"},"product_brand":[1675],"product_cat":[1477,545,544],"product_tag":[],"class_list":{"0":"post-99607","1":"product","2":"type-product","3":"status-publish","4":"has-post-thumbnail","6":"product_brand-paypal","7":"product_cat-paypal-betalning-klistermarken-med-qr-kod","8":"product_cat-qr-kod-klistermarken","9":"product_cat-qr-kod-produkter","10":"pa_industry-detailhandel","11":"pa_industry-fitness-gym","12":"pa_industry-restaurang-cafe","13":"pa_material-vinyl","14":"pa_placement-balie-receptie","15":"pa_placement-verpakking","16":"pa_placement-window-door","17":"pa_product-type-klistermarke","18":"pa_shape-rechthoek","19":"pa_technology-qr-code","20":"pa_technology-qr-kod","22":"first","23":"instock","24":"taxable","25":"shipping-taxable","26":"purchasable","27":"product-type-variable","28":"has-default-attributes"},"acf":[],"yoast_head":"<!-- This site is optimized with the Yoast SEO plugin v27.0 - https:\/\/yoast.com\/product\/yoast-seo-wordpress\/ -->\n<title>PayPal pay QR code sticker | truzzer<\/title>\n<meta name=\"description\" content=\"Ta emot PayPal-betalningar med PayPal pay QR code sticker fr\u00e5n truzzer. Enkel installation, redo att anv\u00e4nda. Best\u00e4ll nu!\" \/>\n<meta name=\"robots\" content=\"index, follow, max-snippet:-1, max-image-preview:large, max-video-preview:-1\" \/>\n<link rel=\"canonical\" href=\"https:\/\/www.truzzer.com\/sv\/produkt\/paypal-pay-qr-code-sticker\/\" \/>\n<meta property=\"og:locale\" content=\"sv_SE\" \/>\n<meta property=\"og:type\" content=\"article\" \/>\n<meta property=\"og:title\" content=\"PayPal pay QR code sticker | truzzer\" \/>\n<meta property=\"og:description\" content=\"Ta emot PayPal-betalningar med PayPal pay QR code sticker fr\u00e5n truzzer. Enkel installation, redo att anv\u00e4nda. Best\u00e4ll nu!\" \/>\n<meta property=\"og:url\" content=\"https:\/\/www.truzzer.com\/sv\/produkt\/paypal-pay-qr-code-sticker\/\" \/>\n<meta property=\"og:site_name\" content=\"truzzer\" \/>\n<meta property=\"article:modified_time\" content=\"2026-02-13T08:15:35+00:00\" \/>\n<meta property=\"og:image\" content=\"https:\/\/www.truzzer.com\/wp-content\/uploads\/2026\/02\/paypal-bezahlen-qr-code-sticker-old-design-empfehlio-truzzer-single-2.jpg\" \/>\n\t<meta property=\"og:image:width\" content=\"1600\" \/>\n\t<meta property=\"og:image:height\" content=\"1600\" \/>\n\t<meta property=\"og:image:type\" content=\"image\/jpeg\" \/>\n<meta name=\"twitter:card\" content=\"summary_large_image\" \/>\n<meta name=\"twitter:label1\" content=\"Ber\u00e4knad l\u00e4stid\" \/>\n\t<meta name=\"twitter:data1\" content=\"2 minuter\" \/>\n<script type=\"application\/ld+json\" class=\"yoast-schema-graph\">{\"@context\":\"https:\/\/schema.org\",\"@graph\":[{\"@type\":\"WebPage\",\"@id\":\"https:\/\/www.truzzer.com\/sv\/produkt\/paypal-pay-qr-code-sticker\/\",\"url\":\"https:\/\/www.truzzer.com\/sv\/produkt\/paypal-pay-qr-code-sticker\/\",\"name\":\"PayPal pay QR code sticker | truzzer\",\"isPartOf\":{\"@id\":\"https:\/\/www.truzzer.com\/sv\/#website\"},\"primaryImageOfPage\":{\"@id\":\"https:\/\/www.truzzer.com\/sv\/produkt\/paypal-pay-qr-code-sticker\/#primaryimage\"},\"image\":{\"@id\":\"https:\/\/www.truzzer.com\/sv\/produkt\/paypal-pay-qr-code-sticker\/#primaryimage\"},\"thumbnailUrl\":\"https:\/\/www.truzzer.com\/wp-content\/uploads\/2026\/02\/paypal-bezahlen-qr-code-sticker-old-design-empfehlio-truzzer-single-2.jpg\",\"datePublished\":\"2026-02-01T19:58:32+00:00\",\"dateModified\":\"2026-02-13T08:15:35+00:00\",\"description\":\"Ta emot PayPal-betalningar med PayPal pay QR code sticker fr\u00e5n truzzer. Enkel installation, redo att anv\u00e4nda. Best\u00e4ll nu!\",\"breadcrumb\":{\"@id\":\"https:\/\/www.truzzer.com\/sv\/produkt\/paypal-pay-qr-code-sticker\/#breadcrumb\"},\"inLanguage\":\"sv-SE\",\"potentialAction\":[{\"@type\":\"ReadAction\",\"target\":[\"https:\/\/www.truzzer.com\/sv\/produkt\/paypal-pay-qr-code-sticker\/\"]}]},{\"@type\":\"ImageObject\",\"inLanguage\":\"sv-SE\",\"@id\":\"https:\/\/www.truzzer.com\/sv\/produkt\/paypal-pay-qr-code-sticker\/#primaryimage\",\"url\":\"https:\/\/www.truzzer.com\/wp-content\/uploads\/2026\/02\/paypal-bezahlen-qr-code-sticker-old-design-empfehlio-truzzer-single-2.jpg\",\"contentUrl\":\"https:\/\/www.truzzer.com\/wp-content\/uploads\/2026\/02\/paypal-bezahlen-qr-code-sticker-old-design-empfehlio-truzzer-single-2.jpg\",\"width\":1600,\"height\":1600},{\"@type\":\"BreadcrumbList\",\"@id\":\"https:\/\/www.truzzer.com\/sv\/produkt\/paypal-pay-qr-code-sticker\/#breadcrumb\",\"itemListElement\":[{\"@type\":\"ListItem\",\"position\":1,\"name\":\"Home\",\"item\":\"https:\/\/www.truzzer.com\/sv\/\"},{\"@type\":\"ListItem\",\"position\":2,\"name\":\"Butik\",\"item\":\"https:\/\/www.truzzer.com\/sv\/butik\/\"},{\"@type\":\"ListItem\",\"position\":3,\"name\":\"PayPal pay QR koddekal\"}]},{\"@type\":\"WebSite\",\"@id\":\"https:\/\/www.truzzer.com\/sv\/#website\",\"url\":\"https:\/\/www.truzzer.com\/sv\/\",\"name\":\"truzzer\",\"description\":\"Experts for customer trust\",\"publisher\":{\"@id\":\"https:\/\/www.truzzer.com\/sv\/#organization\"},\"potentialAction\":[{\"@type\":\"SearchAction\",\"target\":{\"@type\":\"EntryPoint\",\"urlTemplate\":\"https:\/\/www.truzzer.com\/sv\/?s={search_term_string}\"},\"query-input\":{\"@type\":\"PropertyValueSpecification\",\"valueRequired\":true,\"valueName\":\"search_term_string\"}}],\"inLanguage\":\"sv-SE\"},{\"@type\":\"Organization\",\"@id\":\"https:\/\/www.truzzer.com\/sv\/#organization\",\"name\":\"truzzer\",\"url\":\"https:\/\/www.truzzer.com\/sv\/\",\"logo\":{\"@type\":\"ImageObject\",\"inLanguage\":\"sv-SE\",\"@id\":\"https:\/\/www.truzzer.com\/sv\/#\/schema\/logo\/image\/\",\"url\":\"https:\/\/truzzer.com\/wp-content\/uploads\/2026\/01\/truzzer-logo-black-1.svg\",\"contentUrl\":\"https:\/\/truzzer.com\/wp-content\/uploads\/2026\/01\/truzzer-logo-black-1.svg\",\"width\":938,\"height\":199,\"caption\":\"truzzer\"},\"image\":{\"@id\":\"https:\/\/www.truzzer.com\/sv\/#\/schema\/logo\/image\/\"}}]}<\/script>\n<!-- \/ Yoast SEO plugin. -->","yoast_head_json":{"title":"PayPal pay QR code sticker | truzzer","description":"Ta emot PayPal-betalningar med PayPal pay QR code sticker fr\u00e5n truzzer. Enkel installation, redo att anv\u00e4nda. Best\u00e4ll nu!","robots":{"index":"index","follow":"follow","max-snippet":"max-snippet:-1","max-image-preview":"max-image-preview:large","max-video-preview":"max-video-preview:-1"},"canonical":"https:\/\/www.truzzer.com\/sv\/produkt\/paypal-pay-qr-code-sticker\/","og_locale":"sv_SE","og_type":"article","og_title":"PayPal pay QR code sticker | truzzer","og_description":"Ta emot PayPal-betalningar med PayPal pay QR code sticker fr\u00e5n truzzer. Enkel installation, redo att anv\u00e4nda. Best\u00e4ll nu!","og_url":"https:\/\/www.truzzer.com\/sv\/produkt\/paypal-pay-qr-code-sticker\/","og_site_name":"truzzer","article_modified_time":"2026-02-13T08:15:35+00:00","og_image":[{"width":1600,"height":1600,"url":"https:\/\/www.truzzer.com\/wp-content\/uploads\/2026\/02\/paypal-bezahlen-qr-code-sticker-old-design-empfehlio-truzzer-single-2.jpg","type":"image\/jpeg"}],"twitter_card":"summary_large_image","twitter_misc":{"Ber\u00e4knad l\u00e4stid":"2 minuter"},"schema":{"@context":"https:\/\/schema.org","@graph":[{"@type":"WebPage","@id":"https:\/\/www.truzzer.com\/sv\/produkt\/paypal-pay-qr-code-sticker\/","url":"https:\/\/www.truzzer.com\/sv\/produkt\/paypal-pay-qr-code-sticker\/","name":"PayPal pay QR code sticker | truzzer","isPartOf":{"@id":"https:\/\/www.truzzer.com\/sv\/#website"},"primaryImageOfPage":{"@id":"https:\/\/www.truzzer.com\/sv\/produkt\/paypal-pay-qr-code-sticker\/#primaryimage"},"image":{"@id":"https:\/\/www.truzzer.com\/sv\/produkt\/paypal-pay-qr-code-sticker\/#primaryimage"},"thumbnailUrl":"https:\/\/www.truzzer.com\/wp-content\/uploads\/2026\/02\/paypal-bezahlen-qr-code-sticker-old-design-empfehlio-truzzer-single-2.jpg","datePublished":"2026-02-01T19:58:32+00:00","dateModified":"2026-02-13T08:15:35+00:00","description":"Ta emot PayPal-betalningar med PayPal pay QR code sticker fr\u00e5n truzzer. Enkel installation, redo att anv\u00e4nda. Best\u00e4ll nu!","breadcrumb":{"@id":"https:\/\/www.truzzer.com\/sv\/produkt\/paypal-pay-qr-code-sticker\/#breadcrumb"},"inLanguage":"sv-SE","potentialAction":[{"@type":"ReadAction","target":["https:\/\/www.truzzer.com\/sv\/produkt\/paypal-pay-qr-code-sticker\/"]}]},{"@type":"ImageObject","inLanguage":"sv-SE","@id":"https:\/\/www.truzzer.com\/sv\/produkt\/paypal-pay-qr-code-sticker\/#primaryimage","url":"https:\/\/www.truzzer.com\/wp-content\/uploads\/2026\/02\/paypal-bezahlen-qr-code-sticker-old-design-empfehlio-truzzer-single-2.jpg","contentUrl":"https:\/\/www.truzzer.com\/wp-content\/uploads\/2026\/02\/paypal-bezahlen-qr-code-sticker-old-design-empfehlio-truzzer-single-2.jpg","width":1600,"height":1600},{"@type":"BreadcrumbList","@id":"https:\/\/www.truzzer.com\/sv\/produkt\/paypal-pay-qr-code-sticker\/#breadcrumb","itemListElement":[{"@type":"ListItem","position":1,"name":"Home","item":"https:\/\/www.truzzer.com\/sv\/"},{"@type":"ListItem","position":2,"name":"Butik","item":"https:\/\/www.truzzer.com\/sv\/butik\/"},{"@type":"ListItem","position":3,"name":"PayPal pay QR koddekal"}]},{"@type":"WebSite","@id":"https:\/\/www.truzzer.com\/sv\/#website","url":"https:\/\/www.truzzer.com\/sv\/","name":"truzzer","description":"Experts for customer trust","publisher":{"@id":"https:\/\/www.truzzer.com\/sv\/#organization"},"potentialAction":[{"@type":"SearchAction","target":{"@type":"EntryPoint","urlTemplate":"https:\/\/www.truzzer.com\/sv\/?s={search_term_string}"},"query-input":{"@type":"PropertyValueSpecification","valueRequired":true,"valueName":"search_term_string"}}],"inLanguage":"sv-SE"},{"@type":"Organization","@id":"https:\/\/www.truzzer.com\/sv\/#organization","name":"truzzer","url":"https:\/\/www.truzzer.com\/sv\/","logo":{"@type":"ImageObject","inLanguage":"sv-SE","@id":"https:\/\/www.truzzer.com\/sv\/#\/schema\/logo\/image\/","url":"https:\/\/truzzer.com\/wp-content\/uploads\/2026\/01\/truzzer-logo-black-1.svg","contentUrl":"https:\/\/truzzer.com\/wp-content\/uploads\/2026\/01\/truzzer-logo-black-1.svg","width":938,"height":199,"caption":"truzzer"},"image":{"@id":"https:\/\/www.truzzer.com\/sv\/#\/schema\/logo\/image\/"}}]}},"tiered_pricing_type":"fixed","tiered_pricing_fixed_rules":[],"tiered_pricing_product_settings":{"layout":"default","base_unit_name":{"singular":null,"plural":null},"default_variation":null},"tiered_pricing_minimum_quantity":null,"tiered_pricing_roles_data":[],"tiered_pricing_percentage_rules":[],"tiered_pricing_maximum_quantity":null,"tiered_pricing_quantity_step":null,"_links":{"self":[{"href":"https:\/\/www.truzzer.com\/sv\/wp-json\/wp\/v2\/product\/99607","targetHints":{"allow":["GET"]}}],"collection":[{"href":"https:\/\/www.truzzer.com\/sv\/wp-json\/wp\/v2\/product"}],"about":[{"href":"https:\/\/www.truzzer.com\/sv\/wp-json\/wp\/v2\/types\/product"}],"replies":[{"embeddable":true,"href":"https:\/\/www.truzzer.com\/sv\/wp-json\/wp\/v2\/comments?post=99607"}],"wp:featuredmedia":[{"embeddable":true,"href":"https:\/\/www.truzzer.com\/sv\/wp-json\/wp\/v2\/media\/99630"}],"wp:attachment":[{"href":"https:\/\/www.truzzer.com\/sv\/wp-json\/wp\/v2\/media?parent=99607"}],"wp:term":[{"taxonomy":"product_brand","embeddable":true,"href":"https:\/\/www.truzzer.com\/sv\/wp-json\/wp\/v2\/product_brand?post=99607"},{"taxonomy":"product_cat","embeddable":true,"href":"https:\/\/www.truzzer.com\/sv\/wp-json\/wp\/v2\/product_cat?post=99607"},{"taxonomy":"product_tag","embeddable":true,"href":"https:\/\/www.truzzer.com\/sv\/wp-json\/wp\/v2\/product_tag?post=99607"}],"curies":[{"name":"wp","href":"https:\/\/api.w.org\/{rel}","templated":true}]}}