{"id":99650,"date":"2026-02-01T19:58:13","date_gmt":"2026-02-01T19:58:13","guid":{"rendered":"https:\/\/beta.truzzer.com\/product\/trustband-google-review-nfc-wristband\/"},"modified":"2026-02-13T08:18:02","modified_gmt":"2026-02-13T08:18:02","slug":"trustband-google-review-nfc-wristband","status":"publish","type":"product","link":"https:\/\/www.truzzer.com\/sv\/produkt\/trustband-google-review-nfc-wristband\/","title":{"rendered":"f\u00f6rtroendeband. &#8211; Google recension NFC armband"},"content":{"rendered":"","protected":false},"excerpt":{"rendered":"<div class=\"woocommerce-product-details__short-description\">\n<div class=\"wp-video\" style=\"width: 1920px\"><video autoplay=\"\" class=\"wp-video-shortcode\" controls=\"controls\" height=\"1080\" id=\"video-0-1\" preload=\"metadata\" width=\"1920\"><a href=\"https:\/\/www.truzzer.com\/wp-content\/uploads\/2024\/03\/trustband-eng.mp4\">https:\/\/www.truzzer.com\/wp-content\/uploads\/2024\/03\/trustband-eng.mp4<\/a><\/video><\/div>\n<h2>F\u00e5 helt enkelt fler Google-recensioner i kundkontakt med NFC trustband!<\/h2>\n<p>Utnyttja NFC-tekniken och generera fler recensioner p\u00e5 Google genom dina servitriser och anst\u00e4llda med empheilo trustband. Med det vattent\u00e4ta och elastiska NFC silikonarmbandet med integrerad NFC-tagl\u00e4nk till direkta Google-recensioner, f\u00e5r du enkelt fler Google-recensioner. Allt dina kunder beh\u00f6ver g\u00f6ra \u00e4r att h\u00e5lla sin smartphone mot armbandet, s\u00e5 kommer ett popup-f\u00f6nster med Google-recensionen att dyka upp p\u00e5 deras smartphone.<\/p>\n<p>Recensionen kan d\u00e4rmed enkelt integreras i betalningsprocessen, och med en v\u00e4nlig f\u00f6rfr\u00e5gan fr\u00e5n personalen, g\u00e4ster och kunder \u00e4r glada att f\u00f6lja.<\/p>\n<p><strong>Dina f\u00f6rdelar i korthet:<\/strong><\/p>\n<ul>\n<li>F\u00e5 snabbt fler Google-recensioner<\/li>\n<li>Ingen minimikontraktstid<\/li>\n<li>Vattent\u00e4tt armband och chip<\/li>\n<li>Flexibel storlek, l\u00e4mplig f\u00f6r b\u00e5de kvinnor och m\u00e4n<\/li>\n<li>En enkel vit Google-ikon med 5 stj\u00e4rnor pryder armbandet.<\/li>\n<li>Vi hanterar recensionsl\u00e4nken och kodningen \u00e5t dig<\/li>\n<\/ul>\n<p><strong>Vi hanterar skapandet och l\u00e4nkningen av NFC-l\u00e4nken och QR-koden f\u00f6r direkta recensioner p\u00e5 din Google-profil!<\/strong><strong><br \/>\n<\/strong><\/p>\n<\/div>\n","protected":false},"featured_media":99658,"comment_status":"open","ping_status":"closed","template":"","meta":{"_acf_changed":false,"_yoast_wpseo_focuskw":"Google Recension NFC Armband","_yoast_wpseo_title":"trustband. \u2013 Google review NFC wristband | truzzer","_yoast_wpseo_metadesc":"Fler 5-stj\u00e4rniga Google-recensioner med trustband. \u2013 Google review NFC wristband fr\u00e5n truzzer. Enkel installation, redo att anv\u00e4nda. Best\u00e4ll nu!"},"product_brand":[1657],"product_cat":[1480,1481,803,588,1482],"product_tag":[],"class_list":{"0":"post-99650","1":"product","2":"type-product","3":"status-publish","4":"has-post-thumbnail","6":"product_brand-google","7":"product_cat-google-recension-ovrigt","8":"product_cat-google-recension-ovrigt-med-nfc","9":"product_cat-google-recension-produkter","10":"product_cat-nfc-produkter","11":"product_cat-nfc-wristbands","12":"pa_industry-byra-konsultverksamhet","13":"pa_industry-lokale-diensten","14":"pa_industry-onroerend-goed","15":"pa_material-karton","16":"pa_placement-balie-receptie","17":"pa_placement-broschyr","18":"pa_placement-portemonnee-personlijk","19":"pa_product-type-wristbands","20":"pa_technology-nfc","22":"first","23":"instock","24":"taxable","25":"shipping-taxable","26":"purchasable","27":"product-type-simple"},"acf":[],"yoast_head":"<!-- This site is optimized with the Yoast SEO plugin v27.0 - https:\/\/yoast.com\/product\/yoast-seo-wordpress\/ -->\n<title>trustband. \u2013 Google review NFC wristband | truzzer<\/title>\n<meta name=\"description\" content=\"Fler 5-stj\u00e4rniga Google-recensioner med trustband. \u2013 Google review NFC wristband fr\u00e5n truzzer. Enkel installation, redo att anv\u00e4nda. Best\u00e4ll nu!\" \/>\n<meta name=\"robots\" content=\"index, follow, max-snippet:-1, max-image-preview:large, max-video-preview:-1\" \/>\n<link rel=\"canonical\" href=\"https:\/\/www.truzzer.com\/sv\/produkt\/trustband-google-review-nfc-wristband\/\" \/>\n<meta property=\"og:locale\" content=\"sv_SE\" \/>\n<meta property=\"og:type\" content=\"article\" \/>\n<meta property=\"og:title\" content=\"trustband. \u2013 Google review NFC wristband | truzzer\" \/>\n<meta property=\"og:description\" content=\"Fler 5-stj\u00e4rniga Google-recensioner med trustband. \u2013 Google review NFC wristband fr\u00e5n truzzer. Enkel installation, redo att anv\u00e4nda. Best\u00e4ll nu!\" \/>\n<meta property=\"og:url\" content=\"https:\/\/www.truzzer.com\/sv\/produkt\/trustband-google-review-nfc-wristband\/\" \/>\n<meta property=\"og:site_name\" content=\"truzzer\" \/>\n<meta property=\"article:modified_time\" content=\"2026-02-13T08:18:02+00:00\" \/>\n<meta property=\"og:image\" content=\"https:\/\/www.truzzer.com\/wp-content\/uploads\/2026\/02\/trustband-nfc-google-review-wristband-truzzer-2-4.jpg\" \/>\n\t<meta property=\"og:image:width\" content=\"1200\" \/>\n\t<meta property=\"og:image:height\" content=\"1200\" \/>\n\t<meta property=\"og:image:type\" content=\"image\/jpeg\" \/>\n<meta name=\"twitter:card\" content=\"summary_large_image\" \/>\n<script type=\"application\/ld+json\" class=\"yoast-schema-graph\">{\"@context\":\"https:\/\/schema.org\",\"@graph\":[{\"@type\":\"WebPage\",\"@id\":\"https:\/\/www.truzzer.com\/sv\/produkt\/trustband-google-review-nfc-wristband\/\",\"url\":\"https:\/\/www.truzzer.com\/sv\/produkt\/trustband-google-review-nfc-wristband\/\",\"name\":\"trustband. \u2013 Google review NFC wristband | truzzer\",\"isPartOf\":{\"@id\":\"https:\/\/www.truzzer.com\/sv\/#website\"},\"primaryImageOfPage\":{\"@id\":\"https:\/\/www.truzzer.com\/sv\/produkt\/trustband-google-review-nfc-wristband\/#primaryimage\"},\"image\":{\"@id\":\"https:\/\/www.truzzer.com\/sv\/produkt\/trustband-google-review-nfc-wristband\/#primaryimage\"},\"thumbnailUrl\":\"https:\/\/www.truzzer.com\/wp-content\/uploads\/2026\/02\/trustband-nfc-google-review-wristband-truzzer-2-4.jpg\",\"datePublished\":\"2026-02-01T19:58:13+00:00\",\"dateModified\":\"2026-02-13T08:18:02+00:00\",\"description\":\"Fler 5-stj\u00e4rniga Google-recensioner med trustband. \u2013 Google review NFC wristband fr\u00e5n truzzer. Enkel installation, redo att anv\u00e4nda. Best\u00e4ll nu!\",\"breadcrumb\":{\"@id\":\"https:\/\/www.truzzer.com\/sv\/produkt\/trustband-google-review-nfc-wristband\/#breadcrumb\"},\"inLanguage\":\"sv-SE\",\"potentialAction\":[{\"@type\":\"ReadAction\",\"target\":[\"https:\/\/www.truzzer.com\/sv\/produkt\/trustband-google-review-nfc-wristband\/\"]}]},{\"@type\":\"ImageObject\",\"inLanguage\":\"sv-SE\",\"@id\":\"https:\/\/www.truzzer.com\/sv\/produkt\/trustband-google-review-nfc-wristband\/#primaryimage\",\"url\":\"https:\/\/www.truzzer.com\/wp-content\/uploads\/2026\/02\/trustband-nfc-google-review-wristband-truzzer-2-4.jpg\",\"contentUrl\":\"https:\/\/www.truzzer.com\/wp-content\/uploads\/2026\/02\/trustband-nfc-google-review-wristband-truzzer-2-4.jpg\",\"width\":1200,\"height\":1200},{\"@type\":\"BreadcrumbList\",\"@id\":\"https:\/\/www.truzzer.com\/sv\/produkt\/trustband-google-review-nfc-wristband\/#breadcrumb\",\"itemListElement\":[{\"@type\":\"ListItem\",\"position\":1,\"name\":\"Home\",\"item\":\"https:\/\/www.truzzer.com\/sv\/\"},{\"@type\":\"ListItem\",\"position\":2,\"name\":\"Butik\",\"item\":\"https:\/\/www.truzzer.com\/sv\/butik\/\"},{\"@type\":\"ListItem\",\"position\":3,\"name\":\"f\u00f6rtroendeband. &#8211; Google recension NFC armband\"}]},{\"@type\":\"WebSite\",\"@id\":\"https:\/\/www.truzzer.com\/sv\/#website\",\"url\":\"https:\/\/www.truzzer.com\/sv\/\",\"name\":\"truzzer\",\"description\":\"Experts for customer trust\",\"publisher\":{\"@id\":\"https:\/\/www.truzzer.com\/sv\/#organization\"},\"potentialAction\":[{\"@type\":\"SearchAction\",\"target\":{\"@type\":\"EntryPoint\",\"urlTemplate\":\"https:\/\/www.truzzer.com\/sv\/?s={search_term_string}\"},\"query-input\":{\"@type\":\"PropertyValueSpecification\",\"valueRequired\":true,\"valueName\":\"search_term_string\"}}],\"inLanguage\":\"sv-SE\"},{\"@type\":\"Organization\",\"@id\":\"https:\/\/www.truzzer.com\/sv\/#organization\",\"name\":\"truzzer\",\"url\":\"https:\/\/www.truzzer.com\/sv\/\",\"logo\":{\"@type\":\"ImageObject\",\"inLanguage\":\"sv-SE\",\"@id\":\"https:\/\/www.truzzer.com\/sv\/#\/schema\/logo\/image\/\",\"url\":\"https:\/\/truzzer.com\/wp-content\/uploads\/2026\/01\/truzzer-logo-black-1.svg\",\"contentUrl\":\"https:\/\/truzzer.com\/wp-content\/uploads\/2026\/01\/truzzer-logo-black-1.svg\",\"width\":938,\"height\":199,\"caption\":\"truzzer\"},\"image\":{\"@id\":\"https:\/\/www.truzzer.com\/sv\/#\/schema\/logo\/image\/\"}}]}<\/script>\n<!-- \/ Yoast SEO plugin. -->","yoast_head_json":{"title":"trustband. \u2013 Google review NFC wristband | truzzer","description":"Fler 5-stj\u00e4rniga Google-recensioner med trustband. \u2013 Google review NFC wristband fr\u00e5n truzzer. Enkel installation, redo att anv\u00e4nda. Best\u00e4ll nu!","robots":{"index":"index","follow":"follow","max-snippet":"max-snippet:-1","max-image-preview":"max-image-preview:large","max-video-preview":"max-video-preview:-1"},"canonical":"https:\/\/www.truzzer.com\/sv\/produkt\/trustband-google-review-nfc-wristband\/","og_locale":"sv_SE","og_type":"article","og_title":"trustband. \u2013 Google review NFC wristband | truzzer","og_description":"Fler 5-stj\u00e4rniga Google-recensioner med trustband. \u2013 Google review NFC wristband fr\u00e5n truzzer. Enkel installation, redo att anv\u00e4nda. Best\u00e4ll nu!","og_url":"https:\/\/www.truzzer.com\/sv\/produkt\/trustband-google-review-nfc-wristband\/","og_site_name":"truzzer","article_modified_time":"2026-02-13T08:18:02+00:00","og_image":[{"width":1200,"height":1200,"url":"https:\/\/www.truzzer.com\/wp-content\/uploads\/2026\/02\/trustband-nfc-google-review-wristband-truzzer-2-4.jpg","type":"image\/jpeg"}],"twitter_card":"summary_large_image","schema":{"@context":"https:\/\/schema.org","@graph":[{"@type":"WebPage","@id":"https:\/\/www.truzzer.com\/sv\/produkt\/trustband-google-review-nfc-wristband\/","url":"https:\/\/www.truzzer.com\/sv\/produkt\/trustband-google-review-nfc-wristband\/","name":"trustband. \u2013 Google review NFC wristband | truzzer","isPartOf":{"@id":"https:\/\/www.truzzer.com\/sv\/#website"},"primaryImageOfPage":{"@id":"https:\/\/www.truzzer.com\/sv\/produkt\/trustband-google-review-nfc-wristband\/#primaryimage"},"image":{"@id":"https:\/\/www.truzzer.com\/sv\/produkt\/trustband-google-review-nfc-wristband\/#primaryimage"},"thumbnailUrl":"https:\/\/www.truzzer.com\/wp-content\/uploads\/2026\/02\/trustband-nfc-google-review-wristband-truzzer-2-4.jpg","datePublished":"2026-02-01T19:58:13+00:00","dateModified":"2026-02-13T08:18:02+00:00","description":"Fler 5-stj\u00e4rniga Google-recensioner med trustband. \u2013 Google review NFC wristband fr\u00e5n truzzer. Enkel installation, redo att anv\u00e4nda. Best\u00e4ll nu!","breadcrumb":{"@id":"https:\/\/www.truzzer.com\/sv\/produkt\/trustband-google-review-nfc-wristband\/#breadcrumb"},"inLanguage":"sv-SE","potentialAction":[{"@type":"ReadAction","target":["https:\/\/www.truzzer.com\/sv\/produkt\/trustband-google-review-nfc-wristband\/"]}]},{"@type":"ImageObject","inLanguage":"sv-SE","@id":"https:\/\/www.truzzer.com\/sv\/produkt\/trustband-google-review-nfc-wristband\/#primaryimage","url":"https:\/\/www.truzzer.com\/wp-content\/uploads\/2026\/02\/trustband-nfc-google-review-wristband-truzzer-2-4.jpg","contentUrl":"https:\/\/www.truzzer.com\/wp-content\/uploads\/2026\/02\/trustband-nfc-google-review-wristband-truzzer-2-4.jpg","width":1200,"height":1200},{"@type":"BreadcrumbList","@id":"https:\/\/www.truzzer.com\/sv\/produkt\/trustband-google-review-nfc-wristband\/#breadcrumb","itemListElement":[{"@type":"ListItem","position":1,"name":"Home","item":"https:\/\/www.truzzer.com\/sv\/"},{"@type":"ListItem","position":2,"name":"Butik","item":"https:\/\/www.truzzer.com\/sv\/butik\/"},{"@type":"ListItem","position":3,"name":"f\u00f6rtroendeband. &#8211; Google recension NFC armband"}]},{"@type":"WebSite","@id":"https:\/\/www.truzzer.com\/sv\/#website","url":"https:\/\/www.truzzer.com\/sv\/","name":"truzzer","description":"Experts for customer trust","publisher":{"@id":"https:\/\/www.truzzer.com\/sv\/#organization"},"potentialAction":[{"@type":"SearchAction","target":{"@type":"EntryPoint","urlTemplate":"https:\/\/www.truzzer.com\/sv\/?s={search_term_string}"},"query-input":{"@type":"PropertyValueSpecification","valueRequired":true,"valueName":"search_term_string"}}],"inLanguage":"sv-SE"},{"@type":"Organization","@id":"https:\/\/www.truzzer.com\/sv\/#organization","name":"truzzer","url":"https:\/\/www.truzzer.com\/sv\/","logo":{"@type":"ImageObject","inLanguage":"sv-SE","@id":"https:\/\/www.truzzer.com\/sv\/#\/schema\/logo\/image\/","url":"https:\/\/truzzer.com\/wp-content\/uploads\/2026\/01\/truzzer-logo-black-1.svg","contentUrl":"https:\/\/truzzer.com\/wp-content\/uploads\/2026\/01\/truzzer-logo-black-1.svg","width":938,"height":199,"caption":"truzzer"},"image":{"@id":"https:\/\/www.truzzer.com\/sv\/#\/schema\/logo\/image\/"}}]}},"tiered_pricing_type":"fixed","tiered_pricing_fixed_rules":[],"tiered_pricing_product_settings":{"layout":"default","base_unit_name":{"singular":null,"plural":null},"default_variation":null},"tiered_pricing_minimum_quantity":null,"tiered_pricing_roles_data":[],"tiered_pricing_percentage_rules":[],"tiered_pricing_maximum_quantity":null,"tiered_pricing_quantity_step":null,"_links":{"self":[{"href":"https:\/\/www.truzzer.com\/sv\/wp-json\/wp\/v2\/product\/99650","targetHints":{"allow":["GET"]}}],"collection":[{"href":"https:\/\/www.truzzer.com\/sv\/wp-json\/wp\/v2\/product"}],"about":[{"href":"https:\/\/www.truzzer.com\/sv\/wp-json\/wp\/v2\/types\/product"}],"replies":[{"embeddable":true,"href":"https:\/\/www.truzzer.com\/sv\/wp-json\/wp\/v2\/comments?post=99650"}],"wp:featuredmedia":[{"embeddable":true,"href":"https:\/\/www.truzzer.com\/sv\/wp-json\/wp\/v2\/media\/99658"}],"wp:attachment":[{"href":"https:\/\/www.truzzer.com\/sv\/wp-json\/wp\/v2\/media?parent=99650"}],"wp:term":[{"taxonomy":"product_brand","embeddable":true,"href":"https:\/\/www.truzzer.com\/sv\/wp-json\/wp\/v2\/product_brand?post=99650"},{"taxonomy":"product_cat","embeddable":true,"href":"https:\/\/www.truzzer.com\/sv\/wp-json\/wp\/v2\/product_cat?post=99650"},{"taxonomy":"product_tag","embeddable":true,"href":"https:\/\/www.truzzer.com\/sv\/wp-json\/wp\/v2\/product_tag?post=99650"}],"curies":[{"name":"wp","href":"https:\/\/api.w.org\/{rel}","templated":true}]}}