{"id":99661,"date":"2026-02-01T19:56:08","date_gmt":"2026-02-01T19:56:08","guid":{"rendered":"https:\/\/beta.truzzer.com\/product\/wifi-qr-code-sticker-clean\/"},"modified":"2026-02-13T08:19:19","modified_gmt":"2026-02-13T08:19:19","slug":"wifi-qr-code-sticker-clean","status":"publish","type":"product","link":"https:\/\/www.truzzer.com\/sv\/produkt\/wifi-qr-code-sticker-clean\/","title":{"rendered":"WIFI QR Code Sticker Clean"},"content":{"rendered":"<h3>WIFI QR Code Sticker \u2013 Det smarta, enkla s\u00e4ttet till snabb WLAN-\u00e5tkomst<\/h3>\n<p>Med v\u00e5rt <strong>WIFI QR Code-dekal<\/strong> ger du dina kunder s\u00f6ml\u00f6s och okomplicerad \u00e5tkomst till ditt WLAN. Ist\u00e4llet f\u00f6r att ange l\u00f6senord eller be om inloggningsuppgifter kan dina g\u00e4ster helt enkelt skanna den utskrivna QR-koden med sin smartphonekamera och vara online p\u00e5 n\u00e5gra sekunder. Dekalen kan flexibelt placeras p\u00e5 n\u00e4stan vilken sl\u00e4t yta som helst, vilket g\u00f6r den idealisk f\u00f6r alla typer av f\u00f6retag som vill erbjuda sina kunder en snabb, anv\u00e4ndarv\u00e4nlig WLAN-upplevelse \u2013 fr\u00e5n restauranger och kaf\u00e9er till hotell, kontor eller v\u00e4ntrum.<\/p>\n<hr \/>\n<h3><strong>Hur fungerar WIFI QR Code Sticker?<\/strong><\/h3>\n<p>Hantering kunde inte vara enklare: Placera dekalen p\u00e5 framtr\u00e4dande platser som bord, diskar eller v\u00e4ggar. Dina kunder skannar QR-koden med sin smartphonekamera, varefter de omedelbart erbjuds m\u00f6jligheten att ansluta till ditt WLAN. Manuell l\u00f6senordsinmatning kr\u00e4vs inte, vilket avsev\u00e4rt f\u00f6renklar och snabbar upp \u00e5tkomsten.<\/p>\n<hr \/>\n<h3>F\u00f6rdelar med WIFI QR Code Sticker<\/h3>\n<p><strong>1. Omedelbar WLAN-anslutning:<\/strong><\/p>\n<ul>\n<li>QR-koden l\u00e5ter dina kunder ansluta till ditt WLAN p\u00e5 n\u00e5gra sekunder. Skanna helt enkelt koden s\u00e5 \u00e4r de online \u2013 inga tr\u00e5kiga att skriva l\u00e5nga l\u00f6senord eller s\u00f6ka efter referenser.<\/li>\n<\/ul>\n<p><strong>2. Flexibel anv\u00e4ndning:<\/strong><\/p>\n<ul>\n<li>Klisterm\u00e4rket f\u00e4ster p\u00e5 alla sl\u00e4ta ytor som bord, v\u00e4ggar, d\u00f6rrar eller b\u00e4nkar. Detta g\u00f6r att du kan placera den d\u00e4r det \u00e4r mest bekv\u00e4mt f\u00f6r dina kunder. Oavsett om det \u00e4r p\u00e5 ett caf\u00e9, restaurang, hotell, gym, v\u00e4ntrum eller kontor \u2013 klisterm\u00e4rket \u00e4r universellt anv\u00e4ndbar.<\/li>\n<\/ul>\n<p><strong>3. Kostnadseffektiv l\u00f6sning:<\/strong><\/p>\n<ul>\n<li>Klisterm\u00e4rket WIFI QR Code \u00e4r ett enkelt men effektivt s\u00e4tt att erbjuda WLAN-\u00e5tkomst utan att beh\u00f6va k\u00f6pa dyr h\u00e5rdvara eller specialsystem. Du anv\u00e4nder helt enkelt ditt befintliga WLAN-n\u00e4tverk utan extra kostnader eller komplicerade installationer.<\/li>\n<\/ul>\n<p><strong>4. Diskret design:<\/strong><\/p>\n<ul>\n<li>Klisterm\u00e4rket \u00e4r diskret och st\u00f6r inte det \u00f6vergripande utseendet p\u00e5 ditt utrymme, samtidigt som QR-koden \u00e4r tydligt synlig f\u00f6r dina kunder. Detta h\u00e5ller din inredning intakt samtidigt som du tillhandah\u00e5ller en v\u00e4rdefull service.<\/li>\n<\/ul>\n<p><strong>5. Enhetskompatibilitet:<\/strong><\/p>\n<ul>\n<li>Klisterm\u00e4rket WIFI QR Code fungerar med alla vanliga enheter. Den erbjuder s\u00f6ml\u00f6s, direkt \u00e5tkomst till WLAN f\u00f6r Android- och iOS-anv\u00e4ndare. Anv\u00e4ndare av b\u00e4rbara datorer och surfplattor kan ocks\u00e5 skanna QR-koden och se autentiseringsuppgifterna f\u00f6r manuell inmatning.<\/li>\n<\/ul>\n<p><strong>6. Mer bekv\u00e4mlighet f\u00f6r dina kunder:<\/strong><\/p>\n<ul>\n<li>Ge dina g\u00e4ster och kunder en s\u00f6ml\u00f6s och bekv\u00e4m WLAN-upplevelse. De beh\u00f6ver inte hantera l\u00e5nga l\u00f6senord eller be om WLAN-detaljer \u2013 allt \u00e4r tydligt och l\u00e4ttillg\u00e4ngligt.<\/li>\n<\/ul>\n<hr \/>\n<h3>F\u00f6ljen d\u00e4r WIFI QR Code Sticker kan anv\u00e4ndas<\/h3>\n<p>WIFI QR Code-dekalen \u00e4r idealisk f\u00f6r olika typer av f\u00f6retag och milj\u00f6er:<\/p>\n<ul>\n<li><strong>Restauranger och kaf\u00e9er:<\/strong> Placera klisterm\u00e4rket p\u00e5 bord eller diskar f\u00f6r att m\u00f6jligg\u00f6ra snabb tillg\u00e5ng till internet f\u00f6r dina g\u00e4ster medan de njuter av sin mat och dryck.<\/li>\n<li><strong>Hotell och vandrarhem:<\/strong> Anv\u00e4nd klisterm\u00e4rket i lobbyr, rum eller gemensamma utrymmen s\u00e5 att dina g\u00e4ster kan g\u00e5 online utan att beh\u00f6va hj\u00e4lp fr\u00e5n personalen.<\/li>\n<li><strong>Kontor och samarbetsutrymmen:<\/strong> Ge bes\u00f6kare eller aff\u00e4rspartners enkel \u00e5tkomst till ditt WLAN utan att de beh\u00f6ver be om l\u00f6senord.<\/li>\n<li><strong>\u00c5terf\u00f6rs\u00e4ljare:<\/strong> \u00d6ka uppeh\u00e5llstiden f\u00f6r dina kunder genom att erbjuda dem enkel \u00e5tkomst till ditt WLAN n\u00e4r de \u00e4r i din butik.<\/li>\n<li><strong>Gym och fris\u00f6rsalonger:<\/strong> Ge dina kunder snabbt internet under vistelsen utan att belasta dem med komplicerade inloggningsprocesser.<\/li>\n<\/ul>\n<hr \/>\n<h3>Varf\u00f6r \u00e4r WIFI QR Code Sticker det r\u00e4tta valet f\u00f6r ditt f\u00f6retag?<\/h3>\n<p>I en digitalt uppkopplad v\u00e4rld f\u00f6rv\u00e4ntar sig kunderna m\u00f6jligheten att snabbt och enkelt komma \u00e5t internet n\u00e4stan var som helst. Med <strong>WIFI QR Code-dekalen<\/strong> erbjuder du just det \u2013 p\u00e5 ett mycket anv\u00e4ndarv\u00e4nligt s\u00e4tt. Du m\u00f6jligg\u00f6r inte bara enkel WLAN-anslutning, utan du \u00f6kar ocks\u00e5 kundn\u00f6jdheten genom att g\u00f6ra deras upplevelse i ditt f\u00f6retag roligare.<\/p>\n<p>Dessutom samlar du in v\u00e4rdefulla leads om du kombinerar klisterm\u00e4rket med en l\u00f6sning som kr\u00e4ver att kunderna uppger sin e-postadress innan de f\u00e5r \u00e5tkomst till WLAN. Detta g\u00f6r att du kan st\u00e4rka kundernas engagemang genom riktade marknadsf\u00f6ringsinitiativ.<\/p>\n","protected":false},"excerpt":{"rendered":"<h3>WIFI QR Code Sticker \u2013 Omedelbar WLAN-\u00e5tkomst f\u00f6r dina kunder<\/h3>\n<p>Med v\u00e5rt <strong>WIFI QR-kodklisterm\u00e4rke<\/strong> l\u00e5ter du dina kunder komma \u00e5t ditt WLAN p\u00e5 ett \u00f6gonblick \u2013 inget behov av l\u00f6senordsinmatning. Skanna helt enkelt QR-koden med en smartphonekamera s\u00e5 \u00e4r dina g\u00e4ster online. Denna praktiska och diskreta klisterm\u00e4rke kan placeras var som helst, till exempel p\u00e5 bord, diskar eller v\u00e4ggar, och \u00e4r idealisk f\u00f6r restauranger, kaf\u00e9er, hotell, kontor eller offentliga utrymmen.<\/p>\n<p><strong>F\u00f6rdelar med WIFI QR Code Sticker:<\/strong><\/p>\n<ul>\n<li><strong>Snabb WLAN-\u00e5tkomst:<\/strong> Skanna bara och anslut \u2013 ingen mer tr\u00e5kig l\u00f6senordsinmatning.<\/li>\n<li><strong>M\u00e5ngsidig anv\u00e4ndning:<\/strong> F\u00e4ster p\u00e5 alla sl\u00e4ta ytor, perfekt f\u00f6r bord, d\u00f6rrar, v\u00e4ggar eller b\u00e4nkar.<\/li>\n<li><strong>Kostnadseffektivt och effektivt:<\/strong> Ett enkelt s\u00e4tt att erbjuda WLAN-\u00e5tkomst utan extra h\u00e5rdvara eller dyra system.<\/li>\n<li><strong>Diskret design:<\/strong> Diskret men l\u00e4tt att hitta \u2013 QR-koden \u00e4r tydlig och synlig f\u00f6r dina kunder.<\/li>\n<li><strong>Kompatibel med alla enheter:<\/strong> Fungerar med Android- och iOS-enheter, och anv\u00e4ndare av b\u00e4rbara datorer kan manuellt ange inloggningsuppgifterna.<\/li>\n<\/ul>\n<p>Placera WIFI QR Code-dekalen p\u00e5 strategiska platser i ditt f\u00f6retag och g\u00f6r det enkelt f\u00f6r dina kunder att snabbt och enkelt ansluta till ditt WLAN.<\/p>\n","protected":false},"featured_media":99664,"comment_status":"open","ping_status":"closed","template":"","meta":{"_acf_changed":false,"_yoast_wpseo_focuskw":"WiFi QR-kod Klisterm\u00e4rke","_yoast_wpseo_title":"WIFI QR Code Sticker Clean | truzzer","_yoast_wpseo_metadesc":"Enkel WiFi-\u00e5tkomst f\u00f6r g\u00e4ster med WIFI QR Code Sticker Clean fr\u00e5n truzzer. Enkel installation, redo att anv\u00e4nda. Best\u00e4ll nu!"},"product_brand":[],"product_cat":[545,544,1483],"product_tag":[],"class_list":{"0":"post-99661","1":"product","2":"type-product","3":"status-publish","4":"has-post-thumbnail","6":"product_cat-qr-kod-klistermarken","7":"product_cat-qr-kod-produkter","8":"product_cat-wifi-klistermarken-med-qr-kod","9":"pa_industry-detailhandel","10":"pa_industry-fitness-gym","11":"pa_industry-restaurang-cafe","12":"pa_material-vinyl","13":"pa_placement-balie-receptie","14":"pa_placement-verpakking","15":"pa_placement-window-door","16":"pa_product-type-klistermarke","17":"pa_shape-vierkant","18":"pa_technology-qr-code","19":"pa_technology-qr-kod","21":"first","22":"instock","23":"taxable","24":"shipping-taxable","25":"purchasable","26":"product-type-variable","27":"has-default-attributes"},"acf":[],"yoast_head":"<!-- This site is optimized with the Yoast SEO plugin v27.0 - https:\/\/yoast.com\/product\/yoast-seo-wordpress\/ -->\n<title>WIFI QR Code Sticker Clean | truzzer<\/title>\n<meta name=\"description\" content=\"Enkel WiFi-\u00e5tkomst f\u00f6r g\u00e4ster med WIFI QR Code Sticker Clean fr\u00e5n truzzer. Enkel installation, redo att anv\u00e4nda. Best\u00e4ll nu!\" \/>\n<meta name=\"robots\" content=\"index, follow, max-snippet:-1, max-image-preview:large, max-video-preview:-1\" \/>\n<link rel=\"canonical\" href=\"https:\/\/www.truzzer.com\/sv\/produkt\/wifi-qr-code-sticker-clean\/\" \/>\n<meta property=\"og:locale\" content=\"sv_SE\" \/>\n<meta property=\"og:type\" content=\"article\" \/>\n<meta property=\"og:title\" content=\"WIFI QR Code Sticker Clean | truzzer\" \/>\n<meta property=\"og:description\" content=\"Enkel WiFi-\u00e5tkomst f\u00f6r g\u00e4ster med WIFI QR Code Sticker Clean fr\u00e5n truzzer. Enkel installation, redo att anv\u00e4nda. Best\u00e4ll nu!\" \/>\n<meta property=\"og:url\" content=\"https:\/\/www.truzzer.com\/sv\/produkt\/wifi-qr-code-sticker-clean\/\" \/>\n<meta property=\"og:site_name\" content=\"truzzer\" \/>\n<meta property=\"article:modified_time\" content=\"2026-02-13T08:19:19+00:00\" \/>\n<meta property=\"og:image\" content=\"https:\/\/www.truzzer.com\/wp-content\/uploads\/2026\/02\/sticker-wifi-regular-2.jpg\" \/>\n\t<meta property=\"og:image:width\" content=\"1400\" \/>\n\t<meta property=\"og:image:height\" content=\"1400\" \/>\n\t<meta property=\"og:image:type\" content=\"image\/jpeg\" \/>\n<meta name=\"twitter:card\" content=\"summary_large_image\" \/>\n<meta name=\"twitter:label1\" content=\"Ber\u00e4knad l\u00e4stid\" \/>\n\t<meta name=\"twitter:data1\" content=\"4 minuter\" \/>\n<script type=\"application\/ld+json\" class=\"yoast-schema-graph\">{\"@context\":\"https:\/\/schema.org\",\"@graph\":[{\"@type\":\"WebPage\",\"@id\":\"https:\/\/www.truzzer.com\/sv\/produkt\/wifi-qr-code-sticker-clean\/\",\"url\":\"https:\/\/www.truzzer.com\/sv\/produkt\/wifi-qr-code-sticker-clean\/\",\"name\":\"WIFI QR Code Sticker Clean | truzzer\",\"isPartOf\":{\"@id\":\"https:\/\/www.truzzer.com\/sv\/#website\"},\"primaryImageOfPage\":{\"@id\":\"https:\/\/www.truzzer.com\/sv\/produkt\/wifi-qr-code-sticker-clean\/#primaryimage\"},\"image\":{\"@id\":\"https:\/\/www.truzzer.com\/sv\/produkt\/wifi-qr-code-sticker-clean\/#primaryimage\"},\"thumbnailUrl\":\"https:\/\/www.truzzer.com\/wp-content\/uploads\/2026\/02\/sticker-wifi-regular-2.jpg\",\"datePublished\":\"2026-02-01T19:56:08+00:00\",\"dateModified\":\"2026-02-13T08:19:19+00:00\",\"description\":\"Enkel WiFi-\u00e5tkomst f\u00f6r g\u00e4ster med WIFI QR Code Sticker Clean fr\u00e5n truzzer. Enkel installation, redo att anv\u00e4nda. Best\u00e4ll nu!\",\"breadcrumb\":{\"@id\":\"https:\/\/www.truzzer.com\/sv\/produkt\/wifi-qr-code-sticker-clean\/#breadcrumb\"},\"inLanguage\":\"sv-SE\",\"potentialAction\":[{\"@type\":\"ReadAction\",\"target\":[\"https:\/\/www.truzzer.com\/sv\/produkt\/wifi-qr-code-sticker-clean\/\"]}]},{\"@type\":\"ImageObject\",\"inLanguage\":\"sv-SE\",\"@id\":\"https:\/\/www.truzzer.com\/sv\/produkt\/wifi-qr-code-sticker-clean\/#primaryimage\",\"url\":\"https:\/\/www.truzzer.com\/wp-content\/uploads\/2026\/02\/sticker-wifi-regular-2.jpg\",\"contentUrl\":\"https:\/\/www.truzzer.com\/wp-content\/uploads\/2026\/02\/sticker-wifi-regular-2.jpg\",\"width\":1400,\"height\":1400},{\"@type\":\"BreadcrumbList\",\"@id\":\"https:\/\/www.truzzer.com\/sv\/produkt\/wifi-qr-code-sticker-clean\/#breadcrumb\",\"itemListElement\":[{\"@type\":\"ListItem\",\"position\":1,\"name\":\"Home\",\"item\":\"https:\/\/www.truzzer.com\/sv\/\"},{\"@type\":\"ListItem\",\"position\":2,\"name\":\"Butik\",\"item\":\"https:\/\/www.truzzer.com\/sv\/butik\/\"},{\"@type\":\"ListItem\",\"position\":3,\"name\":\"WIFI QR Code Sticker Clean\"}]},{\"@type\":\"WebSite\",\"@id\":\"https:\/\/www.truzzer.com\/sv\/#website\",\"url\":\"https:\/\/www.truzzer.com\/sv\/\",\"name\":\"truzzer\",\"description\":\"Experts for customer trust\",\"publisher\":{\"@id\":\"https:\/\/www.truzzer.com\/sv\/#organization\"},\"potentialAction\":[{\"@type\":\"SearchAction\",\"target\":{\"@type\":\"EntryPoint\",\"urlTemplate\":\"https:\/\/www.truzzer.com\/sv\/?s={search_term_string}\"},\"query-input\":{\"@type\":\"PropertyValueSpecification\",\"valueRequired\":true,\"valueName\":\"search_term_string\"}}],\"inLanguage\":\"sv-SE\"},{\"@type\":\"Organization\",\"@id\":\"https:\/\/www.truzzer.com\/sv\/#organization\",\"name\":\"truzzer\",\"url\":\"https:\/\/www.truzzer.com\/sv\/\",\"logo\":{\"@type\":\"ImageObject\",\"inLanguage\":\"sv-SE\",\"@id\":\"https:\/\/www.truzzer.com\/sv\/#\/schema\/logo\/image\/\",\"url\":\"https:\/\/truzzer.com\/wp-content\/uploads\/2026\/01\/truzzer-logo-black-1.svg\",\"contentUrl\":\"https:\/\/truzzer.com\/wp-content\/uploads\/2026\/01\/truzzer-logo-black-1.svg\",\"width\":938,\"height\":199,\"caption\":\"truzzer\"},\"image\":{\"@id\":\"https:\/\/www.truzzer.com\/sv\/#\/schema\/logo\/image\/\"}}]}<\/script>\n<!-- \/ Yoast SEO plugin. -->","yoast_head_json":{"title":"WIFI QR Code Sticker Clean | truzzer","description":"Enkel WiFi-\u00e5tkomst f\u00f6r g\u00e4ster med WIFI QR Code Sticker Clean fr\u00e5n truzzer. Enkel installation, redo att anv\u00e4nda. Best\u00e4ll nu!","robots":{"index":"index","follow":"follow","max-snippet":"max-snippet:-1","max-image-preview":"max-image-preview:large","max-video-preview":"max-video-preview:-1"},"canonical":"https:\/\/www.truzzer.com\/sv\/produkt\/wifi-qr-code-sticker-clean\/","og_locale":"sv_SE","og_type":"article","og_title":"WIFI QR Code Sticker Clean | truzzer","og_description":"Enkel WiFi-\u00e5tkomst f\u00f6r g\u00e4ster med WIFI QR Code Sticker Clean fr\u00e5n truzzer. Enkel installation, redo att anv\u00e4nda. Best\u00e4ll nu!","og_url":"https:\/\/www.truzzer.com\/sv\/produkt\/wifi-qr-code-sticker-clean\/","og_site_name":"truzzer","article_modified_time":"2026-02-13T08:19:19+00:00","og_image":[{"width":1400,"height":1400,"url":"https:\/\/www.truzzer.com\/wp-content\/uploads\/2026\/02\/sticker-wifi-regular-2.jpg","type":"image\/jpeg"}],"twitter_card":"summary_large_image","twitter_misc":{"Ber\u00e4knad l\u00e4stid":"4 minuter"},"schema":{"@context":"https:\/\/schema.org","@graph":[{"@type":"WebPage","@id":"https:\/\/www.truzzer.com\/sv\/produkt\/wifi-qr-code-sticker-clean\/","url":"https:\/\/www.truzzer.com\/sv\/produkt\/wifi-qr-code-sticker-clean\/","name":"WIFI QR Code Sticker Clean | truzzer","isPartOf":{"@id":"https:\/\/www.truzzer.com\/sv\/#website"},"primaryImageOfPage":{"@id":"https:\/\/www.truzzer.com\/sv\/produkt\/wifi-qr-code-sticker-clean\/#primaryimage"},"image":{"@id":"https:\/\/www.truzzer.com\/sv\/produkt\/wifi-qr-code-sticker-clean\/#primaryimage"},"thumbnailUrl":"https:\/\/www.truzzer.com\/wp-content\/uploads\/2026\/02\/sticker-wifi-regular-2.jpg","datePublished":"2026-02-01T19:56:08+00:00","dateModified":"2026-02-13T08:19:19+00:00","description":"Enkel WiFi-\u00e5tkomst f\u00f6r g\u00e4ster med WIFI QR Code Sticker Clean fr\u00e5n truzzer. Enkel installation, redo att anv\u00e4nda. Best\u00e4ll nu!","breadcrumb":{"@id":"https:\/\/www.truzzer.com\/sv\/produkt\/wifi-qr-code-sticker-clean\/#breadcrumb"},"inLanguage":"sv-SE","potentialAction":[{"@type":"ReadAction","target":["https:\/\/www.truzzer.com\/sv\/produkt\/wifi-qr-code-sticker-clean\/"]}]},{"@type":"ImageObject","inLanguage":"sv-SE","@id":"https:\/\/www.truzzer.com\/sv\/produkt\/wifi-qr-code-sticker-clean\/#primaryimage","url":"https:\/\/www.truzzer.com\/wp-content\/uploads\/2026\/02\/sticker-wifi-regular-2.jpg","contentUrl":"https:\/\/www.truzzer.com\/wp-content\/uploads\/2026\/02\/sticker-wifi-regular-2.jpg","width":1400,"height":1400},{"@type":"BreadcrumbList","@id":"https:\/\/www.truzzer.com\/sv\/produkt\/wifi-qr-code-sticker-clean\/#breadcrumb","itemListElement":[{"@type":"ListItem","position":1,"name":"Home","item":"https:\/\/www.truzzer.com\/sv\/"},{"@type":"ListItem","position":2,"name":"Butik","item":"https:\/\/www.truzzer.com\/sv\/butik\/"},{"@type":"ListItem","position":3,"name":"WIFI QR Code Sticker Clean"}]},{"@type":"WebSite","@id":"https:\/\/www.truzzer.com\/sv\/#website","url":"https:\/\/www.truzzer.com\/sv\/","name":"truzzer","description":"Experts for customer trust","publisher":{"@id":"https:\/\/www.truzzer.com\/sv\/#organization"},"potentialAction":[{"@type":"SearchAction","target":{"@type":"EntryPoint","urlTemplate":"https:\/\/www.truzzer.com\/sv\/?s={search_term_string}"},"query-input":{"@type":"PropertyValueSpecification","valueRequired":true,"valueName":"search_term_string"}}],"inLanguage":"sv-SE"},{"@type":"Organization","@id":"https:\/\/www.truzzer.com\/sv\/#organization","name":"truzzer","url":"https:\/\/www.truzzer.com\/sv\/","logo":{"@type":"ImageObject","inLanguage":"sv-SE","@id":"https:\/\/www.truzzer.com\/sv\/#\/schema\/logo\/image\/","url":"https:\/\/truzzer.com\/wp-content\/uploads\/2026\/01\/truzzer-logo-black-1.svg","contentUrl":"https:\/\/truzzer.com\/wp-content\/uploads\/2026\/01\/truzzer-logo-black-1.svg","width":938,"height":199,"caption":"truzzer"},"image":{"@id":"https:\/\/www.truzzer.com\/sv\/#\/schema\/logo\/image\/"}}]}},"tiered_pricing_type":"fixed","tiered_pricing_fixed_rules":[],"tiered_pricing_product_settings":{"layout":"default","base_unit_name":{"singular":null,"plural":null},"default_variation":null},"tiered_pricing_minimum_quantity":null,"tiered_pricing_roles_data":[],"tiered_pricing_percentage_rules":[],"tiered_pricing_maximum_quantity":null,"tiered_pricing_quantity_step":null,"_links":{"self":[{"href":"https:\/\/www.truzzer.com\/sv\/wp-json\/wp\/v2\/product\/99661","targetHints":{"allow":["GET"]}}],"collection":[{"href":"https:\/\/www.truzzer.com\/sv\/wp-json\/wp\/v2\/product"}],"about":[{"href":"https:\/\/www.truzzer.com\/sv\/wp-json\/wp\/v2\/types\/product"}],"replies":[{"embeddable":true,"href":"https:\/\/www.truzzer.com\/sv\/wp-json\/wp\/v2\/comments?post=99661"}],"wp:featuredmedia":[{"embeddable":true,"href":"https:\/\/www.truzzer.com\/sv\/wp-json\/wp\/v2\/media\/99664"}],"wp:attachment":[{"href":"https:\/\/www.truzzer.com\/sv\/wp-json\/wp\/v2\/media?parent=99661"}],"wp:term":[{"taxonomy":"product_brand","embeddable":true,"href":"https:\/\/www.truzzer.com\/sv\/wp-json\/wp\/v2\/product_brand?post=99661"},{"taxonomy":"product_cat","embeddable":true,"href":"https:\/\/www.truzzer.com\/sv\/wp-json\/wp\/v2\/product_cat?post=99661"},{"taxonomy":"product_tag","embeddable":true,"href":"https:\/\/www.truzzer.com\/sv\/wp-json\/wp\/v2\/product_tag?post=99661"}],"curies":[{"name":"wp","href":"https:\/\/api.w.org\/{rel}","templated":true}]}}