{"id":99669,"date":"2026-02-01T19:55:57","date_gmt":"2026-02-01T19:55:57","guid":{"rendered":"https:\/\/beta.truzzer.com\/product\/smart-nfc-vcard-business-card-personal\/"},"modified":"2026-02-13T08:20:36","modified_gmt":"2026-02-13T08:20:36","slug":"smart-nfc-vcard-business-card-personal","status":"publish","type":"product","link":"https:\/\/www.truzzer.com\/sv\/produkt\/smart-nfc-vcard-business-card-personal\/","title":{"rendered":"Smart NFC VCARD Visitkort Personligt"},"content":{"rendered":"<p><strong>Vi presenterar Truzzer NFC visitkort \u2013 N\u00e4tverkens smarta framtid<\/strong><\/p>\n<p data-pm-slice=\"1 1 []\">I en allt mer digital v\u00e4rld \u00e4r det viktigt att presentera dig sj\u00e4lv p\u00e5 ett modernt och professionellt s\u00e4tt. De nya <strong>Truzzer NFC Business<\/strong>-korten erbjuder precis det: ett innovativt, h\u00e5llbart och enkelt s\u00e4tt att dela din kontaktinformation. S\u00e4g adj\u00f6 till skrymmande pappersh\u00f6gar eller den tr\u00e5kiga uppgiften att skriva ut detaljer \u2013 \u00f6verf\u00f6r ist\u00e4llet ditt digitala visitkort med ett enkelt tryck och l\u00e4mna ett best\u00e5ende intryck.<\/p>\n<h3>Varf\u00f6r v\u00e4lja Truzzer NFC visitkort?<\/h3>\n<p>Traditionella visitkort har varit en stapelvara i aff\u00e4rsv\u00e4rlden i \u00e5rhundraden, men det finns en smartare, effektivare och milj\u00f6v\u00e4nligare l\u00f6sning: NFC-teknik. NFC st\u00e5r f\u00f6r Near Field Communication och m\u00f6jligg\u00f6r snabbt, tr\u00e5dl\u00f6st datautbyte genom att tv\u00e5 enheter i n\u00e4rheten kan kommunicera. Truzzer integrerar den h\u00e4r avancerade tekniken i sina visitkort och tar med din kontaktinformation direkt till mottagarens smartphone \u2013 p\u00e5 n\u00e5gra sekunder och utan n\u00e5gon manuell anstr\u00e4ngning.<\/p>\n<p>Med <strong>Truzzer NFC visitkort<\/strong> bidrar du inte bara till digitaliseringen av ditt n\u00e4tverk utan g\u00f6r ocks\u00e5 ett tydligt uttalande om h\u00e5llbarhet. Du eliminerar papperssl\u00f6seri och minskar ditt ekologiska fotavtryck eftersom korten kan anv\u00e4ndas flera g\u00e5nger utan behov av omtryck.<\/p>\n<h3>Din personliga vCard-profil \u2013 en \u00e5terspegling av din professionalism<\/h3>\n<p>Truzzer NFC Visitkort ger dig m\u00f6jligheten att skapa en vCard-profil som \u00e4r skr\u00e4ddarsydd specifikt f\u00f6r dina behov. Ditt vCard inneh\u00e5ller all viktig information du vill dela \u2013 i ett attraktivt och l\u00e4ttillg\u00e4ngligt format. Oavsett om det \u00e4r ditt telefonnummer, e-postadress, webbplatsl\u00e4nkar, profiler p\u00e5 sociala medier eller f\u00f6retagsinformation, samlar ditt vCard allt p\u00e5 ett st\u00e4lle.<\/p>\n<p>P\u00e5 Truzzer betyder individ verkligen individ: du har friheten att anpassa layouten och inneh\u00e5llet p\u00e5 ditt vCard som du vill. Detta s\u00e4kerst\u00e4ller att ditt digitala visitkort inte bara \u00e4r funktionellt utan ocks\u00e5 speglar din personliga eller f\u00f6retagsstil. Varje tryck p\u00e5 ditt NFC visitkort \u00e4r inte bara ett informationsutbyte utan ett uttalande f\u00f6r ditt varum\u00e4rke eller persona.<\/p>\n<h3>S\u00e5 enkelt \u00e4r det<\/h3>\n<p>Att anv\u00e4nda Truzzer NFC visitkort kunde inte vara enklare: tryck bara p\u00e5 en NFC-aktiverad smartphone med kortet s\u00e5 \u00f6ppnas ditt vCard automatiskt. Mottagaren kan spara din information i sin adressbok med ett enda klick \u2013 inget tr\u00e5kigt att skriva eller skanna QR-koder. Detta sparar v\u00e4rdefull tid och g\u00f6r utbyte av kontakter mer effektivt och smidigt \u00e4n n\u00e5gonsin tidigare.<\/p>\n<ul>\n<li>\n<p data-pm-slice=\"1 1 []\"><strong>Snabb kontakt\u00f6verf\u00f6ring:<\/strong> Dina kontaktuppgifter \u00f6verf\u00f6rs till mottagarens smartphone p\u00e5 bara n\u00e5gra sekunder.<\/p>\n<\/li>\n<li>\n<p data-pm-slice=\"1 1 []\"><strong>Kompatibel med de flesta enheter:<\/strong> NFC-tekniken fungerar p\u00e5 alla moderna smartphones, oavsett om det g\u00e4ller Android eller iOS.<\/p>\n<\/li>\n<li>\n<p data-pm-slice=\"1 1 []\"><strong>Inga mer papperskr\u00e5ngel:<\/strong> S\u00e4g adj\u00f6 till bortgl\u00f6mda eller felplacerade visitkort \u2013 ditt digitala vCard \u00e4r alltid till hands och f\u00f6rblir uppdaterat.<\/p>\n<\/li>\n<\/ul>\n<h3>H\u00e5llbarhet och \u00e5teranv\u00e4ndning<\/h3>\n<p>Ett annat starkt argument f\u00f6r Truzzer NFC visitkort \u00e4r deras milj\u00f6v\u00e4nlighet. Papper \u00e4r en begr\u00e4nsad resurs, och traditionella visitkort kasseras ofta efter en enda anv\u00e4ndning. Med v\u00e5rt NFC-alternativ kan du undvika detta on\u00f6diga sl\u00f6seri. Eftersom korten kan \u00e5teranv\u00e4ndas flera g\u00e5nger och det inte finns n\u00e5gra l\u00f6pande kostnader f\u00f6r omtryck, sparar du resurser och pengar.<\/p>\n<p>Dessutom kan du uppdatera ditt NFC-visitkort n\u00e4r som helst. \u00c4ndringar i din position, ditt f\u00f6retag eller nya kontaktuppgifter? Inga problem! Din vCard-profil kan justeras i realtid utan att du beh\u00f6ver ett nytt kort. Detta inneb\u00e4r att n\u00e4r ditt Truzzer NFC visitkort v\u00e4l har skapats f\u00f6rblir det alltid uppdaterat.<\/p>\n<h3>G\u00f6r ett professionellt intryck p\u00e5 m\u00e4ssor och evenemang<\/h3>\n<p>Oavsett om det \u00e4r p\u00e5 m\u00e4ssor, konferenser eller aff\u00e4rsm\u00f6ten &#8211; med Truzzer NFC Business Card sticker du ut fr\u00e5n m\u00e4ngden. Du visar inte bara din tekniska kunskap utan ocks\u00e5 din vilja att ansluta med hj\u00e4lp av moderna, digitala l\u00f6sningar. Med en enda gest delar du dina data professionellt och h\u00e5llbart, vilket l\u00e4mnar ett best\u00e5ende intryck p\u00e5 potentiella aff\u00e4rspartners.<\/p>\n<p>I en v\u00e4rld d\u00e4r f\u00f6rsta intryck r\u00e4knas erbjuder Truzzer dig det perfekta s\u00e4ttet att optimera intrycket. V\u00e5ra NFC-visitkort \u00e4r mer \u00e4n bara ett praktiskt verktyg &#8211; de understryker din professionalism, innovation och milj\u00f6ansvar.<\/p>\n","protected":false},"excerpt":{"rendered":"<p><strong>Vi presenterar Truzzer NFC visitkort \u2013 smartkortet med personlig vCard-profil<\/strong><\/p>\n<p data-pm-slice=\"1 1 []\">Presentera dig sj\u00e4lv och ditt f\u00f6retag p\u00e5 ett s\u00e5 modernt s\u00e4tt som m\u00f6jligt &#8211; med de nya <strong>Truzzer NFC visitkorten<\/strong>. Detta innovativa kort l\u00e5ter dig \u00f6verf\u00f6ra din kontaktinformation direkt till din motparts smartphone via NFC (Near Field Communication). Inget papper, ingen skanning, inget att skriva \u2013 tryck bara s\u00e5 visas ditt digitala visitkort direkt.<\/p>\n<h3>Dina f\u00f6rdelar i korthet:<\/h3>\n<ul>\n<li><strong>Personlig vCard-profil: <\/strong>Anpassa ditt NFC-visitkort med dina personliga eller professionella kontaktuppgifter \u2013 fr\u00e5n telefonnummer och e-postadress till sociala n\u00e4tverk och webbplatsl\u00e4nkar.<\/li>\n<li><strong>L\u00e4tt att anv\u00e4nda: <\/strong>Bara ett snabbt tryck s\u00e5 sparas din kontaktinformation automatiskt p\u00e5 mottagarens smartphone.<\/li>\n<li><strong>Milj\u00f6v\u00e4nlig och h\u00e5llbar: <\/strong>Spara papper och resurser genom att v\u00e4lja detta framtidss\u00e4kra digitala alternativ.<\/li>\n<li><strong>\u00c5teranv\u00e4ndbart: <\/strong>N\u00e4r det har skapats kan du anv\u00e4nda ditt NFC-visitkort flera g\u00e5nger \u2013 perfekt f\u00f6r n\u00e4tverksevenemang, m\u00f6ten eller m\u00e4ssor.<\/li>\n<li><strong>Professionellt utseende: <\/strong>Visa dina aff\u00e4rspartners och kunder att du anammar innovativ teknik och alltid ligger steget f\u00f6re.<\/li>\n<\/ul>\n<h3>S\u00e5 fungerar det:<\/h3>\n<ol>\n<li>\n<p data-pm-slice=\"1 1 []\">Tryck p\u00e5 NFC-visitkortet mot mottagarens smartphone: NFC-tekniken initierar omedelbart \u00f6verf\u00f6ringen.<\/p>\n<\/li>\n<li>\n<p data-pm-slice=\"1 1 []\">Kontaktuppgifter visas automatiskt: Din information visas som ett vCard p\u00e5 mottagarens sk\u00e4rm.<\/p>\n<\/li>\n<li>\n<p data-pm-slice=\"1 1 []\">Besv\u00e4rligt sparande: Mottagaren kan enkelt spara dina uppgifter i sin adressbok \u2013 ingen manuell inmatning beh\u00f6vs.<\/p>\n<\/li>\n<\/ol>\n<p data-pm-slice=\"1 1 []\">Upplev n\u00e4tverkande p\u00e5 en ny niv\u00e5 och g\u00f6r ett best\u00e5ende intryck med <strong>Truzzer NFC visitkort<\/strong>!<\/p>\n<p data-pm-slice=\"1 1 []\">Du kan anpassa din vCard-profil direkt efter att du f\u00e5tt den, direkt efter den f\u00f6rsta skanningen.<\/p>\n<p data-pm-slice=\"1 1 []\">Uppt\u00e4ck de olika profiltyperna du kan v\u00e4lja nedan:<\/p>\n<p><a href=\"https:\/\/truzzer.ekomiapps.de\/test_personal\" target=\"_blank\" rel=\"noopener\">Personligt &gt;<\/a><br \/>\n<a href=\"https:\/\/truzzer.ekomiapps.de\/test_restaurant\" target=\"_blank\" rel=\"noopener\">Restaurang &gt;<\/a><br \/>\n<a href=\"https:\/\/truzzer.ekomiapps.de\/test_real_estate\" target=\"_blank\" rel=\"noopener\">M\u00e4klare &gt;<\/a><br \/>\n<a href=\"https:\/\/truzzer.ekomiapps.de\/test_shop\" target=\"_blank\" rel=\"noopener\">Handla &gt;<\/a><br \/>\n<a href=\"https:\/\/truzzer.ekomiapps.de\/test_appointment\" target=\"_blank\" rel=\"noopener\">Avbokningsschema &gt;<\/a><\/p>\n","protected":false},"featured_media":99683,"comment_status":"open","ping_status":"closed","template":"","meta":{"_acf_changed":false,"_yoast_wpseo_focuskw":"NFC VCARD NFC Kort","_yoast_wpseo_title":"Smart NFC VCARD Business Card Personal | truzzer","_yoast_wpseo_metadesc":"Dela dina kontaktuppgifter digitalt med Smart NFC VCARD Business Card Personal fr\u00e5n truzzer. Enkel installation, redo att anv\u00e4nda. Best\u00e4ll nu!"},"product_brand":[],"product_cat":[588,334],"product_tag":[],"class_list":{"0":"post-99669","1":"product","2":"type-product","3":"status-publish","4":"has-post-thumbnail","6":"product_cat-nfc-produkter","7":"product_cat-okategoriserad","8":"pa_industry-byra-konsultverksamhet","9":"pa_industry-lokale-diensten","10":"pa_industry-onroerend-goed","11":"pa_material-plastic","12":"pa_placement-balie-receptie","13":"pa_placement-broschyr","14":"pa_placement-portemonnee-personlijk","15":"pa_product-type-visitekaartjes","16":"pa_technology-nfc","18":"first","19":"instock","20":"taxable","21":"shipping-taxable","22":"product-type-simple"},"acf":[],"yoast_head":"<!-- This site is optimized with the Yoast SEO plugin v27.0 - https:\/\/yoast.com\/product\/yoast-seo-wordpress\/ -->\n<title>Smart NFC VCARD Business Card Personal | truzzer<\/title>\n<meta name=\"description\" content=\"Dela dina kontaktuppgifter digitalt med Smart NFC VCARD Business Card Personal fr\u00e5n truzzer. Enkel installation, redo att anv\u00e4nda. Best\u00e4ll nu!\" \/>\n<meta name=\"robots\" content=\"index, follow, max-snippet:-1, max-image-preview:large, max-video-preview:-1\" \/>\n<link rel=\"canonical\" href=\"https:\/\/www.truzzer.com\/sv\/produkt\/smart-nfc-vcard-business-card-personal\/\" \/>\n<meta property=\"og:locale\" content=\"sv_SE\" \/>\n<meta property=\"og:type\" content=\"article\" \/>\n<meta property=\"og:title\" content=\"Smart NFC VCARD Business Card Personal | truzzer\" \/>\n<meta property=\"og:description\" content=\"Dela dina kontaktuppgifter digitalt med Smart NFC VCARD Business Card Personal fr\u00e5n truzzer. Enkel installation, redo att anv\u00e4nda. Best\u00e4ll nu!\" \/>\n<meta property=\"og:url\" content=\"https:\/\/www.truzzer.com\/sv\/produkt\/smart-nfc-vcard-business-card-personal\/\" \/>\n<meta property=\"og:site_name\" content=\"truzzer\" \/>\n<meta property=\"article:modified_time\" content=\"2026-02-13T08:20:36+00:00\" \/>\n<meta property=\"og:image\" content=\"https:\/\/www.truzzer.com\/wp-content\/uploads\/2026\/02\/smart-nfc-vcard-placeholder-back-2.jpg\" \/>\n\t<meta property=\"og:image:width\" content=\"1400\" \/>\n\t<meta property=\"og:image:height\" content=\"1400\" \/>\n\t<meta property=\"og:image:type\" content=\"image\/jpeg\" \/>\n<meta name=\"twitter:card\" content=\"summary_large_image\" \/>\n<meta name=\"twitter:label1\" content=\"Ber\u00e4knad l\u00e4stid\" \/>\n\t<meta name=\"twitter:data1\" content=\"4 minuter\" \/>\n<script type=\"application\/ld+json\" class=\"yoast-schema-graph\">{\"@context\":\"https:\/\/schema.org\",\"@graph\":[{\"@type\":\"WebPage\",\"@id\":\"https:\/\/www.truzzer.com\/sv\/produkt\/smart-nfc-vcard-business-card-personal\/\",\"url\":\"https:\/\/www.truzzer.com\/sv\/produkt\/smart-nfc-vcard-business-card-personal\/\",\"name\":\"Smart NFC VCARD Business Card Personal | truzzer\",\"isPartOf\":{\"@id\":\"https:\/\/www.truzzer.com\/sv\/#website\"},\"primaryImageOfPage\":{\"@id\":\"https:\/\/www.truzzer.com\/sv\/produkt\/smart-nfc-vcard-business-card-personal\/#primaryimage\"},\"image\":{\"@id\":\"https:\/\/www.truzzer.com\/sv\/produkt\/smart-nfc-vcard-business-card-personal\/#primaryimage\"},\"thumbnailUrl\":\"https:\/\/www.truzzer.com\/wp-content\/uploads\/2026\/02\/smart-nfc-vcard-placeholder-back-2.jpg\",\"datePublished\":\"2026-02-01T19:55:57+00:00\",\"dateModified\":\"2026-02-13T08:20:36+00:00\",\"description\":\"Dela dina kontaktuppgifter digitalt med Smart NFC VCARD Business Card Personal fr\u00e5n truzzer. Enkel installation, redo att anv\u00e4nda. Best\u00e4ll nu!\",\"breadcrumb\":{\"@id\":\"https:\/\/www.truzzer.com\/sv\/produkt\/smart-nfc-vcard-business-card-personal\/#breadcrumb\"},\"inLanguage\":\"sv-SE\",\"potentialAction\":[{\"@type\":\"ReadAction\",\"target\":[\"https:\/\/www.truzzer.com\/sv\/produkt\/smart-nfc-vcard-business-card-personal\/\"]}]},{\"@type\":\"ImageObject\",\"inLanguage\":\"sv-SE\",\"@id\":\"https:\/\/www.truzzer.com\/sv\/produkt\/smart-nfc-vcard-business-card-personal\/#primaryimage\",\"url\":\"https:\/\/www.truzzer.com\/wp-content\/uploads\/2026\/02\/smart-nfc-vcard-placeholder-back-2.jpg\",\"contentUrl\":\"https:\/\/www.truzzer.com\/wp-content\/uploads\/2026\/02\/smart-nfc-vcard-placeholder-back-2.jpg\",\"width\":1400,\"height\":1400},{\"@type\":\"BreadcrumbList\",\"@id\":\"https:\/\/www.truzzer.com\/sv\/produkt\/smart-nfc-vcard-business-card-personal\/#breadcrumb\",\"itemListElement\":[{\"@type\":\"ListItem\",\"position\":1,\"name\":\"Home\",\"item\":\"https:\/\/www.truzzer.com\/sv\/\"},{\"@type\":\"ListItem\",\"position\":2,\"name\":\"Butik\",\"item\":\"https:\/\/www.truzzer.com\/sv\/butik\/\"},{\"@type\":\"ListItem\",\"position\":3,\"name\":\"Smart NFC VCARD Visitkort Personligt\"}]},{\"@type\":\"WebSite\",\"@id\":\"https:\/\/www.truzzer.com\/sv\/#website\",\"url\":\"https:\/\/www.truzzer.com\/sv\/\",\"name\":\"truzzer\",\"description\":\"Experts for customer trust\",\"publisher\":{\"@id\":\"https:\/\/www.truzzer.com\/sv\/#organization\"},\"potentialAction\":[{\"@type\":\"SearchAction\",\"target\":{\"@type\":\"EntryPoint\",\"urlTemplate\":\"https:\/\/www.truzzer.com\/sv\/?s={search_term_string}\"},\"query-input\":{\"@type\":\"PropertyValueSpecification\",\"valueRequired\":true,\"valueName\":\"search_term_string\"}}],\"inLanguage\":\"sv-SE\"},{\"@type\":\"Organization\",\"@id\":\"https:\/\/www.truzzer.com\/sv\/#organization\",\"name\":\"truzzer\",\"url\":\"https:\/\/www.truzzer.com\/sv\/\",\"logo\":{\"@type\":\"ImageObject\",\"inLanguage\":\"sv-SE\",\"@id\":\"https:\/\/www.truzzer.com\/sv\/#\/schema\/logo\/image\/\",\"url\":\"https:\/\/truzzer.com\/wp-content\/uploads\/2026\/01\/truzzer-logo-black-1.svg\",\"contentUrl\":\"https:\/\/truzzer.com\/wp-content\/uploads\/2026\/01\/truzzer-logo-black-1.svg\",\"width\":938,\"height\":199,\"caption\":\"truzzer\"},\"image\":{\"@id\":\"https:\/\/www.truzzer.com\/sv\/#\/schema\/logo\/image\/\"}}]}<\/script>\n<!-- \/ Yoast SEO plugin. -->","yoast_head_json":{"title":"Smart NFC VCARD Business Card Personal | truzzer","description":"Dela dina kontaktuppgifter digitalt med Smart NFC VCARD Business Card Personal fr\u00e5n truzzer. Enkel installation, redo att anv\u00e4nda. Best\u00e4ll nu!","robots":{"index":"index","follow":"follow","max-snippet":"max-snippet:-1","max-image-preview":"max-image-preview:large","max-video-preview":"max-video-preview:-1"},"canonical":"https:\/\/www.truzzer.com\/sv\/produkt\/smart-nfc-vcard-business-card-personal\/","og_locale":"sv_SE","og_type":"article","og_title":"Smart NFC VCARD Business Card Personal | truzzer","og_description":"Dela dina kontaktuppgifter digitalt med Smart NFC VCARD Business Card Personal fr\u00e5n truzzer. Enkel installation, redo att anv\u00e4nda. Best\u00e4ll nu!","og_url":"https:\/\/www.truzzer.com\/sv\/produkt\/smart-nfc-vcard-business-card-personal\/","og_site_name":"truzzer","article_modified_time":"2026-02-13T08:20:36+00:00","og_image":[{"width":1400,"height":1400,"url":"https:\/\/www.truzzer.com\/wp-content\/uploads\/2026\/02\/smart-nfc-vcard-placeholder-back-2.jpg","type":"image\/jpeg"}],"twitter_card":"summary_large_image","twitter_misc":{"Ber\u00e4knad l\u00e4stid":"4 minuter"},"schema":{"@context":"https:\/\/schema.org","@graph":[{"@type":"WebPage","@id":"https:\/\/www.truzzer.com\/sv\/produkt\/smart-nfc-vcard-business-card-personal\/","url":"https:\/\/www.truzzer.com\/sv\/produkt\/smart-nfc-vcard-business-card-personal\/","name":"Smart NFC VCARD Business Card Personal | truzzer","isPartOf":{"@id":"https:\/\/www.truzzer.com\/sv\/#website"},"primaryImageOfPage":{"@id":"https:\/\/www.truzzer.com\/sv\/produkt\/smart-nfc-vcard-business-card-personal\/#primaryimage"},"image":{"@id":"https:\/\/www.truzzer.com\/sv\/produkt\/smart-nfc-vcard-business-card-personal\/#primaryimage"},"thumbnailUrl":"https:\/\/www.truzzer.com\/wp-content\/uploads\/2026\/02\/smart-nfc-vcard-placeholder-back-2.jpg","datePublished":"2026-02-01T19:55:57+00:00","dateModified":"2026-02-13T08:20:36+00:00","description":"Dela dina kontaktuppgifter digitalt med Smart NFC VCARD Business Card Personal fr\u00e5n truzzer. Enkel installation, redo att anv\u00e4nda. Best\u00e4ll nu!","breadcrumb":{"@id":"https:\/\/www.truzzer.com\/sv\/produkt\/smart-nfc-vcard-business-card-personal\/#breadcrumb"},"inLanguage":"sv-SE","potentialAction":[{"@type":"ReadAction","target":["https:\/\/www.truzzer.com\/sv\/produkt\/smart-nfc-vcard-business-card-personal\/"]}]},{"@type":"ImageObject","inLanguage":"sv-SE","@id":"https:\/\/www.truzzer.com\/sv\/produkt\/smart-nfc-vcard-business-card-personal\/#primaryimage","url":"https:\/\/www.truzzer.com\/wp-content\/uploads\/2026\/02\/smart-nfc-vcard-placeholder-back-2.jpg","contentUrl":"https:\/\/www.truzzer.com\/wp-content\/uploads\/2026\/02\/smart-nfc-vcard-placeholder-back-2.jpg","width":1400,"height":1400},{"@type":"BreadcrumbList","@id":"https:\/\/www.truzzer.com\/sv\/produkt\/smart-nfc-vcard-business-card-personal\/#breadcrumb","itemListElement":[{"@type":"ListItem","position":1,"name":"Home","item":"https:\/\/www.truzzer.com\/sv\/"},{"@type":"ListItem","position":2,"name":"Butik","item":"https:\/\/www.truzzer.com\/sv\/butik\/"},{"@type":"ListItem","position":3,"name":"Smart NFC VCARD Visitkort Personligt"}]},{"@type":"WebSite","@id":"https:\/\/www.truzzer.com\/sv\/#website","url":"https:\/\/www.truzzer.com\/sv\/","name":"truzzer","description":"Experts for customer trust","publisher":{"@id":"https:\/\/www.truzzer.com\/sv\/#organization"},"potentialAction":[{"@type":"SearchAction","target":{"@type":"EntryPoint","urlTemplate":"https:\/\/www.truzzer.com\/sv\/?s={search_term_string}"},"query-input":{"@type":"PropertyValueSpecification","valueRequired":true,"valueName":"search_term_string"}}],"inLanguage":"sv-SE"},{"@type":"Organization","@id":"https:\/\/www.truzzer.com\/sv\/#organization","name":"truzzer","url":"https:\/\/www.truzzer.com\/sv\/","logo":{"@type":"ImageObject","inLanguage":"sv-SE","@id":"https:\/\/www.truzzer.com\/sv\/#\/schema\/logo\/image\/","url":"https:\/\/truzzer.com\/wp-content\/uploads\/2026\/01\/truzzer-logo-black-1.svg","contentUrl":"https:\/\/truzzer.com\/wp-content\/uploads\/2026\/01\/truzzer-logo-black-1.svg","width":938,"height":199,"caption":"truzzer"},"image":{"@id":"https:\/\/www.truzzer.com\/sv\/#\/schema\/logo\/image\/"}}]}},"tiered_pricing_type":"fixed","tiered_pricing_fixed_rules":[],"tiered_pricing_product_settings":{"layout":"default","base_unit_name":{"singular":null,"plural":null},"default_variation":null},"tiered_pricing_minimum_quantity":null,"tiered_pricing_roles_data":[],"tiered_pricing_percentage_rules":[],"tiered_pricing_maximum_quantity":null,"tiered_pricing_quantity_step":null,"_links":{"self":[{"href":"https:\/\/www.truzzer.com\/sv\/wp-json\/wp\/v2\/product\/99669","targetHints":{"allow":["GET"]}}],"collection":[{"href":"https:\/\/www.truzzer.com\/sv\/wp-json\/wp\/v2\/product"}],"about":[{"href":"https:\/\/www.truzzer.com\/sv\/wp-json\/wp\/v2\/types\/product"}],"replies":[{"embeddable":true,"href":"https:\/\/www.truzzer.com\/sv\/wp-json\/wp\/v2\/comments?post=99669"}],"wp:featuredmedia":[{"embeddable":true,"href":"https:\/\/www.truzzer.com\/sv\/wp-json\/wp\/v2\/media\/99683"}],"wp:attachment":[{"href":"https:\/\/www.truzzer.com\/sv\/wp-json\/wp\/v2\/media?parent=99669"}],"wp:term":[{"taxonomy":"product_brand","embeddable":true,"href":"https:\/\/www.truzzer.com\/sv\/wp-json\/wp\/v2\/product_brand?post=99669"},{"taxonomy":"product_cat","embeddable":true,"href":"https:\/\/www.truzzer.com\/sv\/wp-json\/wp\/v2\/product_cat?post=99669"},{"taxonomy":"product_tag","embeddable":true,"href":"https:\/\/www.truzzer.com\/sv\/wp-json\/wp\/v2\/product_tag?post=99669"}],"curies":[{"name":"wp","href":"https:\/\/api.w.org\/{rel}","templated":true}]}}