{"id":99694,"date":"2026-02-01T19:55:27","date_gmt":"2026-02-01T19:55:27","guid":{"rendered":"https:\/\/beta.truzzer.com\/product\/wifi-qr-code-table-stand-fancy\/"},"modified":"2026-02-13T08:22:57","modified_gmt":"2026-02-13T08:22:57","slug":"wifi-qr-code-table-stand-fancy","status":"publish","type":"product","link":"https:\/\/www.truzzer.com\/sv\/produkt\/wifi-qr-code-table-stand-fancy\/","title":{"rendered":"WIFI QR Code Bordsst\u00e4ll Fancy"},"content":{"rendered":"<h3>Bordsst\u00e4ll med WIFI QR-kod \u2013 det enklaste s\u00e4ttet att tillhandah\u00e5lla Wi-Fi till dina kunder<\/h3>\n<p><strong>Erbjud dina kunder den enklaste och snabbaste tillg\u00e5ngen till ditt Wi-Fi med v\u00e5rt praktiska bordsst\u00e4ll med en WIFI QR-kod<\/strong>. Inget kr\u00e5ngligt l\u00f6senordsinmatning, inga on\u00f6diga hinder \u2013 dina kunder skannar helt enkelt QR-koden med sin smartphonekamera och \u00e4r online p\u00e5 n\u00e5gra sekunder. Denna monter \u00e4r den perfekta l\u00f6sningen f\u00f6r f\u00f6retag som vill ge sina g\u00e4ster eller kunder en anv\u00e4ndarv\u00e4nlig och omedelbart tillg\u00e4nglig Wi-Fi-upplevelse.<\/p>\n<hr \/>\n<h3>Vad \u00e4r bordsstativet med WIFI QR-kod?<\/h3>\n<p>Bordsstativet med WIFI QR-kod \u00e4r en innovativ och okomplicerad produkt designad f\u00f6r att ge dina kunder eller g\u00e4ster snabb tillg\u00e5ng till ditt Wi-Fi-n\u00e4tverk. Den \u00e4r idealisk f\u00f6r restauranger, kaf\u00e9er, hotell, kontor, v\u00e4ntrum, gym, fris\u00f6rsalonger och alla andra typer av f\u00f6retag som vill ge sina bes\u00f6kare en trevlig Wi-Fi-upplevelse. Bordsstativet visar tydligt en QR-kod som kunder enkelt kan skanna med sina smartphones f\u00f6r att automatiskt ansluta till ditt Wi-Fi \u2013 inget l\u00f6senord kr\u00e4vs!<\/p>\n<hr \/>\n<h3>F\u00f6rdelar med bordsstativet med WIFI QR-kod<\/h3>\n<p><strong>1. Omedelbar Wi-Fi-\u00e5tkomst:<\/strong><\/p>\n<ul>\n<li>Dina kunder kan ansluta till ditt Wi-Fi direkt och utan hinder. Genom att skanna QR-koden p\u00e5 bordsstativet med sin smartphonekamera eliminerar de behovet av att manuellt ange l\u00e5nga och komplicerade l\u00f6senord. Detta f\u00f6rb\u00e4ttrar inte bara kundupplevelsen utan \u00f6kar ocks\u00e5 sannolikheten att dina kunder stannar l\u00e4ngre i din anl\u00e4ggning och anv\u00e4nder dina tj\u00e4nster.<\/li>\n<\/ul>\n<p><strong>2. Enkel anv\u00e4ndning f\u00f6r alla enheter:<\/strong><\/p>\n<ul>\n<li>QR-koden fungerar med b\u00e5de Android- och iOS-enheter (iPhones). Anv\u00e4ndare beh\u00f6ver helt enkelt \u00f6ppna kameraappen och skanna koden. Detta kommer omedelbart att uppmana dem att ansluta till Wi-Fi, vilket de bara beh\u00f6ver bekr\u00e4fta. Anv\u00e4ndare av b\u00e4rbara datorer och surfplattor gynnas ocks\u00e5, eftersom \u00e5tkomstinformationen kommer att visas f\u00f6r manuell inmatning efter skanning.<\/li>\n<\/ul>\n<p><strong>3. Anv\u00e4ndarv\u00e4nlig och tidsbesparande:<\/strong><\/p>\n<ul>\n<li>Bordsstativet eliminerar on\u00f6diga inloggningsprocesser och minskar anstr\u00e4ngningen f\u00f6r dina kunder genom att ge en s\u00f6ml\u00f6s \u00f6verg\u00e5ng till Wi-Fi. Detta sparar inte bara tid utan g\u00f6r det ocks\u00e5 l\u00e4ttare f\u00f6r din personal att fokusera p\u00e5 det som \u00e4r viktigt, eftersom inga individuella f\u00f6rfr\u00e5gningar om Wi-Fi-\u00e5tkomstinformation beh\u00f6ver hanteras.<\/li>\n<\/ul>\n<p><strong>4. Professionell och modern design:<\/strong><\/p>\n<ul>\n<li>Bordsstativet \u00e4r inte bara funktionellt utan ocks\u00e5 visuellt tilltalande. Dess enkla, moderna design passar perfekt in i estetiken hos alla f\u00f6retag eller restauranger samtidigt som den verkar professionell. QR-koden \u00e4r tydlig och l\u00e4tt synlig, vilket g\u00f6r det enkelt f\u00f6r kunder att hitta och skanna.<\/li>\n<\/ul>\n<p><strong>5. Robust material f\u00f6r dagligt bruk:<\/strong><\/p>\n<ul>\n<li>Bordsst\u00e4llet \u00e4r tillverkat av h\u00f6gkvalitativa, h\u00e5llbara material som \u00e4r perfekta f\u00f6r daglig anv\u00e4ndning i milj\u00f6er med h\u00f6g trafik. Oavsett om det \u00e4r p\u00e5 restaurangbord, receptionsdiskar eller skrivbord \u2013 stativet \u00e4r robust och sp\u00e4nstigt.<\/li>\n<\/ul>\n<p><strong>6. Ingen ytterligare maskinvara eller komplicerad installation kr\u00e4vs:<\/strong><\/p>\n<ul>\n<li>Bordsstativet med WIFI QR-kod fungerar med ditt befintliga Wi-Fi-n\u00e4tverk. Du beh\u00f6ver inte k\u00f6pa extra h\u00e5rdvara eller g\u00f6ra komplicerade n\u00e4tverksinst\u00e4llningar. QR-koden skrivs helt enkelt ut p\u00e5 stativet, s\u00e5 att dina kunder kan komma \u00e5t ditt n\u00e4tverk omedelbart.<\/li>\n<\/ul>\n<hr \/>\n<h2>Varf\u00f6r ska du anv\u00e4nda bordsstativet med WIFI QR-kod?<\/h2>\n<p>I en allt mer digital v\u00e4rld f\u00f6rv\u00e4ntar sig kunderna snabb och enkel tillg\u00e5ng till Internet \u00f6verallt. Genom att erbjuda gratis Wi-Fi i ditt f\u00f6retag skapar du inte bara en trevlig kundupplevelse utan \u00f6kar \u00e4ven uppeh\u00e5llstiden och kundn\u00f6jdheten. WIFI QR kodbordsstativ fr\u00e5n Truzzer \u00e4r den optimala l\u00f6sningen f\u00f6r att tillhandah\u00e5lla denna tj\u00e4nst p\u00e5 det mest effektiva s\u00e4ttet.<\/p>\n<p><strong>Vilka f\u00f6retag \u00e4r idealiska f\u00f6r bordsst\u00e4llet med WIFI QR-kod?<\/strong><\/p>\n<ul>\n<li><strong>Restauranger och kaf\u00e9er:<\/strong> Kunder kan snabbt ansluta till Wi-Fi medan de v\u00e4ntar p\u00e5 sina best\u00e4llningar, vilket leder till f\u00f6rb\u00e4ttrad kundn\u00f6jdhet.<\/li>\n<li><strong>Hotell:<\/strong> Ge dina g\u00e4ster enkel tillg\u00e5ng till internet i lobbyn eller frukostomr\u00e5det.<\/li>\n<li><strong>Kontor och v\u00e4ntrum:<\/strong> Skapa en trevlig atmosf\u00e4r f\u00f6r bes\u00f6kare eller kunder som v\u00e4ntar p\u00e5 m\u00f6ten eller m\u00f6ten.<\/li>\n<li><strong>\u00c5terf\u00f6rs\u00e4ljare:<\/strong> L\u00e5t dina kunder vara bekv\u00e4mt online medan de surfar i din butik.<\/li>\n<li><strong>H\u00e5rsalonger och gym:<\/strong> Se till att dina kunder kan surfa p\u00e5 Internet s\u00f6ml\u00f6st under deras bes\u00f6k.<\/li>\n<\/ul>\n<hr \/>\n<h2><strong>Hur fungerar bordet med WIFI QR-kod?<\/strong><\/h2>\n<ol>\n<li><strong>Enkel installation:<\/strong>\n<p>Placera bordsstativet p\u00e5 en synlig plats i ditt f\u00f6retag, till exempel p\u00e5 ett bord, disk eller reception.<\/li>\n<li><strong>Skanna QR-koden:<\/strong>\n<p>Dina kunder \u00f6ppnar helt enkelt kameraappen p\u00e5 sin smartphone, riktar den mot QR-koden p\u00e5 stativet och klickar p\u00e5 meddelandet som visas f\u00f6r att ansluta till Wi-Fi.<\/li>\n<li><strong>Omedelbar anslutning:<\/strong>\n<p>Efter skanningen ansluts dina kunder automatiskt till ditt Wi-Fi-n\u00e4tverk \u2013 utan att beh\u00f6va ange ett l\u00f6senord eller navigera genom ett l\u00e5ngt inloggningsformul\u00e4r.<\/li>\n<li><strong>Wi-Fi-\u00e5tkomst f\u00f6r alla enheter:<\/strong>\n<p>F\u00f6r Android- och iOS-enheter uppr\u00e4ttas anslutningen omedelbart. Anv\u00e4ndare av b\u00e4rbara datorer och surfplattor kan ocks\u00e5 skanna QR-koden f\u00f6r att manuellt ange \u00e5tkomstinformationen.<\/li>\n<\/ol>\n","protected":false},"excerpt":{"rendered":"<h3>Bordsst\u00e4ll med WIFI QR-kod \u2013 Enkelt Wi-Fi f\u00f6r dina kunder<\/h3>\n<p><strong>S\u00e4kerst\u00e4ll en s\u00f6ml\u00f6s Wi-Fi-upplevelse i ditt f\u00f6retag med v\u00e5rt bordsst\u00e4ll med en WIFI QR-kod.<\/strong><\/p>\n<p>Med detta eleganta och praktiska stativ ger du dina kunder omedelbar tillg\u00e5ng till ditt Wi-Fi. Allt de beh\u00f6ver g\u00f6ra \u00e4r att skanna den tydligt synliga QR-koden med sin smartphonekamera. Ingen mer tr\u00e5kig l\u00f6senordsinmatning eller komplicerade inloggningsprocesser! Dina kunder \u00e4r online p\u00e5 n\u00e5gra sekunder.<\/p>\n<p><strong>Funktioner:<\/strong><\/p>\n<ul>\n<li><strong>Omedelbar Wi-Fi-anslutning:<\/strong> Enkel anslutning genom att skanna QR-koden med smartphonekameran.<\/li>\n<li><strong>Smal och modern design:<\/strong> Stativet sm\u00e4lter s\u00f6ml\u00f6st in i alla milj\u00f6er \u2013 perfekt f\u00f6r kaf\u00e9er, restauranger, kontor, hotell och butiker.<\/li>\n<li><strong>Anv\u00e4ndarv\u00e4nlig:<\/strong> Inget l\u00f6senord kr\u00e4vs; QR-koden leder direkt till Wi-Fi-anslutningen.<\/li>\n<li><strong>T\u00e5liga material:<\/strong> Bordsstativet \u00e4r l\u00e5ngvarigt och robust, perfekt f\u00f6r dagligt bruk.<\/li>\n<li><strong>M\u00e5ngsidig anv\u00e4ndning:<\/strong> Perfekt f\u00f6r bord, diskar eller receptioner.<\/li>\n<\/ul>\n<p><strong>S\u00e5 fungerar det:<\/strong><\/p>\n<ol>\n<li>Placera bordsstativet p\u00e5 en synlig plats.<\/li>\n<li>Dina kunder skannar QR-koden med sin smartphonekamera.<\/li>\n<li>Efter skanning ansluts de direkt till ditt Wi-Fi \u2013 snabbt, s\u00e4kert och bekv\u00e4mt.<\/li>\n<\/ol>\n","protected":false},"featured_media":99702,"comment_status":"open","ping_status":"closed","template":"","meta":{"_acf_changed":false,"_yoast_wpseo_focuskw":"WiFi QR-kod Bordst\u00e4ll","_yoast_wpseo_title":"WIFI QR Code Table Stand Fancy | truzzer","_yoast_wpseo_metadesc":"Enkel WiFi-\u00e5tkomst f\u00f6r g\u00e4ster med WIFI QR Code Table Stand Fancy fr\u00e5n truzzer. Enkel installation, redo att anv\u00e4nda. Best\u00e4ll nu!"},"product_brand":[],"product_cat":[1487],"product_tag":[],"class_list":{"0":"post-99694","1":"product","2":"type-product","3":"status-publish","4":"has-post-thumbnail","6":"product_cat-wifi-bordsstall-med-qr-kod","7":"pa_industry-hotell","8":"pa_industry-medische-praktijk","9":"pa_industry-restaurang-cafe","10":"pa_material-karton","11":"pa_placement-balie-receptie","12":"pa_placement-kassa-pos","13":"pa_placement-tafel","14":"pa_product-type-displayer-och-stativ","15":"pa_technology-qr-code","17":"first","18":"instock","19":"taxable","20":"shipping-taxable","21":"product-type-simple"},"acf":[],"yoast_head":"<!-- This site is optimized with the Yoast SEO plugin v27.0 - https:\/\/yoast.com\/product\/yoast-seo-wordpress\/ -->\n<title>WIFI QR Code Table Stand Fancy | truzzer<\/title>\n<meta name=\"description\" content=\"Enkel WiFi-\u00e5tkomst f\u00f6r g\u00e4ster med WIFI QR Code Table Stand Fancy fr\u00e5n truzzer. Enkel installation, redo att anv\u00e4nda. Best\u00e4ll nu!\" \/>\n<meta name=\"robots\" content=\"index, follow, max-snippet:-1, max-image-preview:large, max-video-preview:-1\" \/>\n<link rel=\"canonical\" href=\"https:\/\/www.truzzer.com\/sv\/produkt\/wifi-qr-code-table-stand-fancy\/\" \/>\n<meta property=\"og:locale\" content=\"sv_SE\" \/>\n<meta property=\"og:type\" content=\"article\" \/>\n<meta property=\"og:title\" content=\"WIFI QR Code Table Stand Fancy | truzzer\" \/>\n<meta property=\"og:description\" content=\"Enkel WiFi-\u00e5tkomst f\u00f6r g\u00e4ster med WIFI QR Code Table Stand Fancy fr\u00e5n truzzer. Enkel installation, redo att anv\u00e4nda. Best\u00e4ll nu!\" \/>\n<meta property=\"og:url\" content=\"https:\/\/www.truzzer.com\/sv\/produkt\/wifi-qr-code-table-stand-fancy\/\" \/>\n<meta property=\"og:site_name\" content=\"truzzer\" \/>\n<meta property=\"article:modified_time\" content=\"2026-02-13T08:22:57+00:00\" \/>\n<meta property=\"og:image\" content=\"https:\/\/www.truzzer.com\/wp-content\/uploads\/2026\/02\/empfehlio-truzzer-wifi-stand-future-3-jpg-2.webp\" \/>\n\t<meta property=\"og:image:width\" content=\"1400\" \/>\n\t<meta property=\"og:image:height\" content=\"1400\" \/>\n\t<meta property=\"og:image:type\" content=\"image\/webp\" \/>\n<meta name=\"twitter:card\" content=\"summary_large_image\" \/>\n<meta name=\"twitter:label1\" content=\"Ber\u00e4knad l\u00e4stid\" \/>\n\t<meta name=\"twitter:data1\" content=\"4 minuter\" \/>\n<script type=\"application\/ld+json\" class=\"yoast-schema-graph\">{\"@context\":\"https:\/\/schema.org\",\"@graph\":[{\"@type\":\"WebPage\",\"@id\":\"https:\/\/www.truzzer.com\/sv\/produkt\/wifi-qr-code-table-stand-fancy\/\",\"url\":\"https:\/\/www.truzzer.com\/sv\/produkt\/wifi-qr-code-table-stand-fancy\/\",\"name\":\"WIFI QR Code Table Stand Fancy | truzzer\",\"isPartOf\":{\"@id\":\"https:\/\/www.truzzer.com\/sv\/#website\"},\"primaryImageOfPage\":{\"@id\":\"https:\/\/www.truzzer.com\/sv\/produkt\/wifi-qr-code-table-stand-fancy\/#primaryimage\"},\"image\":{\"@id\":\"https:\/\/www.truzzer.com\/sv\/produkt\/wifi-qr-code-table-stand-fancy\/#primaryimage\"},\"thumbnailUrl\":\"https:\/\/www.truzzer.com\/wp-content\/uploads\/2026\/02\/empfehlio-truzzer-wifi-stand-future-3-jpg-2.webp\",\"datePublished\":\"2026-02-01T19:55:27+00:00\",\"dateModified\":\"2026-02-13T08:22:57+00:00\",\"description\":\"Enkel WiFi-\u00e5tkomst f\u00f6r g\u00e4ster med WIFI QR Code Table Stand Fancy fr\u00e5n truzzer. Enkel installation, redo att anv\u00e4nda. Best\u00e4ll nu!\",\"breadcrumb\":{\"@id\":\"https:\/\/www.truzzer.com\/sv\/produkt\/wifi-qr-code-table-stand-fancy\/#breadcrumb\"},\"inLanguage\":\"sv-SE\",\"potentialAction\":[{\"@type\":\"ReadAction\",\"target\":[\"https:\/\/www.truzzer.com\/sv\/produkt\/wifi-qr-code-table-stand-fancy\/\"]}]},{\"@type\":\"ImageObject\",\"inLanguage\":\"sv-SE\",\"@id\":\"https:\/\/www.truzzer.com\/sv\/produkt\/wifi-qr-code-table-stand-fancy\/#primaryimage\",\"url\":\"https:\/\/www.truzzer.com\/wp-content\/uploads\/2026\/02\/empfehlio-truzzer-wifi-stand-future-3-jpg-2.webp\",\"contentUrl\":\"https:\/\/www.truzzer.com\/wp-content\/uploads\/2026\/02\/empfehlio-truzzer-wifi-stand-future-3-jpg-2.webp\",\"width\":1400,\"height\":1400},{\"@type\":\"BreadcrumbList\",\"@id\":\"https:\/\/www.truzzer.com\/sv\/produkt\/wifi-qr-code-table-stand-fancy\/#breadcrumb\",\"itemListElement\":[{\"@type\":\"ListItem\",\"position\":1,\"name\":\"Home\",\"item\":\"https:\/\/www.truzzer.com\/sv\/\"},{\"@type\":\"ListItem\",\"position\":2,\"name\":\"Butik\",\"item\":\"https:\/\/www.truzzer.com\/sv\/butik\/\"},{\"@type\":\"ListItem\",\"position\":3,\"name\":\"WIFI QR Code Bordsst\u00e4ll Fancy\"}]},{\"@type\":\"WebSite\",\"@id\":\"https:\/\/www.truzzer.com\/sv\/#website\",\"url\":\"https:\/\/www.truzzer.com\/sv\/\",\"name\":\"truzzer\",\"description\":\"Experts for customer trust\",\"publisher\":{\"@id\":\"https:\/\/www.truzzer.com\/sv\/#organization\"},\"potentialAction\":[{\"@type\":\"SearchAction\",\"target\":{\"@type\":\"EntryPoint\",\"urlTemplate\":\"https:\/\/www.truzzer.com\/sv\/?s={search_term_string}\"},\"query-input\":{\"@type\":\"PropertyValueSpecification\",\"valueRequired\":true,\"valueName\":\"search_term_string\"}}],\"inLanguage\":\"sv-SE\"},{\"@type\":\"Organization\",\"@id\":\"https:\/\/www.truzzer.com\/sv\/#organization\",\"name\":\"truzzer\",\"url\":\"https:\/\/www.truzzer.com\/sv\/\",\"logo\":{\"@type\":\"ImageObject\",\"inLanguage\":\"sv-SE\",\"@id\":\"https:\/\/www.truzzer.com\/sv\/#\/schema\/logo\/image\/\",\"url\":\"https:\/\/truzzer.com\/wp-content\/uploads\/2026\/01\/truzzer-logo-black-1.svg\",\"contentUrl\":\"https:\/\/truzzer.com\/wp-content\/uploads\/2026\/01\/truzzer-logo-black-1.svg\",\"width\":938,\"height\":199,\"caption\":\"truzzer\"},\"image\":{\"@id\":\"https:\/\/www.truzzer.com\/sv\/#\/schema\/logo\/image\/\"}}]}<\/script>\n<!-- \/ Yoast SEO plugin. -->","yoast_head_json":{"title":"WIFI QR Code Table Stand Fancy | truzzer","description":"Enkel WiFi-\u00e5tkomst f\u00f6r g\u00e4ster med WIFI QR Code Table Stand Fancy fr\u00e5n truzzer. Enkel installation, redo att anv\u00e4nda. Best\u00e4ll nu!","robots":{"index":"index","follow":"follow","max-snippet":"max-snippet:-1","max-image-preview":"max-image-preview:large","max-video-preview":"max-video-preview:-1"},"canonical":"https:\/\/www.truzzer.com\/sv\/produkt\/wifi-qr-code-table-stand-fancy\/","og_locale":"sv_SE","og_type":"article","og_title":"WIFI QR Code Table Stand Fancy | truzzer","og_description":"Enkel WiFi-\u00e5tkomst f\u00f6r g\u00e4ster med WIFI QR Code Table Stand Fancy fr\u00e5n truzzer. Enkel installation, redo att anv\u00e4nda. Best\u00e4ll nu!","og_url":"https:\/\/www.truzzer.com\/sv\/produkt\/wifi-qr-code-table-stand-fancy\/","og_site_name":"truzzer","article_modified_time":"2026-02-13T08:22:57+00:00","og_image":[{"width":1400,"height":1400,"url":"https:\/\/www.truzzer.com\/wp-content\/uploads\/2026\/02\/empfehlio-truzzer-wifi-stand-future-3-jpg-2.webp","type":"image\/webp"}],"twitter_card":"summary_large_image","twitter_misc":{"Ber\u00e4knad l\u00e4stid":"4 minuter"},"schema":{"@context":"https:\/\/schema.org","@graph":[{"@type":"WebPage","@id":"https:\/\/www.truzzer.com\/sv\/produkt\/wifi-qr-code-table-stand-fancy\/","url":"https:\/\/www.truzzer.com\/sv\/produkt\/wifi-qr-code-table-stand-fancy\/","name":"WIFI QR Code Table Stand Fancy | truzzer","isPartOf":{"@id":"https:\/\/www.truzzer.com\/sv\/#website"},"primaryImageOfPage":{"@id":"https:\/\/www.truzzer.com\/sv\/produkt\/wifi-qr-code-table-stand-fancy\/#primaryimage"},"image":{"@id":"https:\/\/www.truzzer.com\/sv\/produkt\/wifi-qr-code-table-stand-fancy\/#primaryimage"},"thumbnailUrl":"https:\/\/www.truzzer.com\/wp-content\/uploads\/2026\/02\/empfehlio-truzzer-wifi-stand-future-3-jpg-2.webp","datePublished":"2026-02-01T19:55:27+00:00","dateModified":"2026-02-13T08:22:57+00:00","description":"Enkel WiFi-\u00e5tkomst f\u00f6r g\u00e4ster med WIFI QR Code Table Stand Fancy fr\u00e5n truzzer. Enkel installation, redo att anv\u00e4nda. Best\u00e4ll nu!","breadcrumb":{"@id":"https:\/\/www.truzzer.com\/sv\/produkt\/wifi-qr-code-table-stand-fancy\/#breadcrumb"},"inLanguage":"sv-SE","potentialAction":[{"@type":"ReadAction","target":["https:\/\/www.truzzer.com\/sv\/produkt\/wifi-qr-code-table-stand-fancy\/"]}]},{"@type":"ImageObject","inLanguage":"sv-SE","@id":"https:\/\/www.truzzer.com\/sv\/produkt\/wifi-qr-code-table-stand-fancy\/#primaryimage","url":"https:\/\/www.truzzer.com\/wp-content\/uploads\/2026\/02\/empfehlio-truzzer-wifi-stand-future-3-jpg-2.webp","contentUrl":"https:\/\/www.truzzer.com\/wp-content\/uploads\/2026\/02\/empfehlio-truzzer-wifi-stand-future-3-jpg-2.webp","width":1400,"height":1400},{"@type":"BreadcrumbList","@id":"https:\/\/www.truzzer.com\/sv\/produkt\/wifi-qr-code-table-stand-fancy\/#breadcrumb","itemListElement":[{"@type":"ListItem","position":1,"name":"Home","item":"https:\/\/www.truzzer.com\/sv\/"},{"@type":"ListItem","position":2,"name":"Butik","item":"https:\/\/www.truzzer.com\/sv\/butik\/"},{"@type":"ListItem","position":3,"name":"WIFI QR Code Bordsst\u00e4ll Fancy"}]},{"@type":"WebSite","@id":"https:\/\/www.truzzer.com\/sv\/#website","url":"https:\/\/www.truzzer.com\/sv\/","name":"truzzer","description":"Experts for customer trust","publisher":{"@id":"https:\/\/www.truzzer.com\/sv\/#organization"},"potentialAction":[{"@type":"SearchAction","target":{"@type":"EntryPoint","urlTemplate":"https:\/\/www.truzzer.com\/sv\/?s={search_term_string}"},"query-input":{"@type":"PropertyValueSpecification","valueRequired":true,"valueName":"search_term_string"}}],"inLanguage":"sv-SE"},{"@type":"Organization","@id":"https:\/\/www.truzzer.com\/sv\/#organization","name":"truzzer","url":"https:\/\/www.truzzer.com\/sv\/","logo":{"@type":"ImageObject","inLanguage":"sv-SE","@id":"https:\/\/www.truzzer.com\/sv\/#\/schema\/logo\/image\/","url":"https:\/\/truzzer.com\/wp-content\/uploads\/2026\/01\/truzzer-logo-black-1.svg","contentUrl":"https:\/\/truzzer.com\/wp-content\/uploads\/2026\/01\/truzzer-logo-black-1.svg","width":938,"height":199,"caption":"truzzer"},"image":{"@id":"https:\/\/www.truzzer.com\/sv\/#\/schema\/logo\/image\/"}}]}},"tiered_pricing_type":"fixed","tiered_pricing_fixed_rules":[],"tiered_pricing_product_settings":{"layout":"default","base_unit_name":{"singular":null,"plural":null},"default_variation":null},"tiered_pricing_minimum_quantity":null,"tiered_pricing_roles_data":[],"tiered_pricing_percentage_rules":[],"tiered_pricing_maximum_quantity":null,"tiered_pricing_quantity_step":null,"_links":{"self":[{"href":"https:\/\/www.truzzer.com\/sv\/wp-json\/wp\/v2\/product\/99694","targetHints":{"allow":["GET"]}}],"collection":[{"href":"https:\/\/www.truzzer.com\/sv\/wp-json\/wp\/v2\/product"}],"about":[{"href":"https:\/\/www.truzzer.com\/sv\/wp-json\/wp\/v2\/types\/product"}],"replies":[{"embeddable":true,"href":"https:\/\/www.truzzer.com\/sv\/wp-json\/wp\/v2\/comments?post=99694"}],"wp:featuredmedia":[{"embeddable":true,"href":"https:\/\/www.truzzer.com\/sv\/wp-json\/wp\/v2\/media\/99702"}],"wp:attachment":[{"href":"https:\/\/www.truzzer.com\/sv\/wp-json\/wp\/v2\/media?parent=99694"}],"wp:term":[{"taxonomy":"product_brand","embeddable":true,"href":"https:\/\/www.truzzer.com\/sv\/wp-json\/wp\/v2\/product_brand?post=99694"},{"taxonomy":"product_cat","embeddable":true,"href":"https:\/\/www.truzzer.com\/sv\/wp-json\/wp\/v2\/product_cat?post=99694"},{"taxonomy":"product_tag","embeddable":true,"href":"https:\/\/www.truzzer.com\/sv\/wp-json\/wp\/v2\/product_tag?post=99694"}],"curies":[{"name":"wp","href":"https:\/\/api.w.org\/{rel}","templated":true}]}}