{"id":99752,"date":"2026-02-01T19:54:34","date_gmt":"2026-02-01T19:54:34","guid":{"rendered":"https:\/\/beta.truzzer.com\/product\/google-review-qr-code-sticker-roll-with-google-review-qr-code\/"},"modified":"2026-02-13T08:29:03","modified_gmt":"2026-02-13T08:29:03","slug":"google-review-qr-code-sticker-roll-with-google-review-qr-code","status":"publish","type":"product","link":"https:\/\/www.truzzer.com\/sv\/produkt\/google-review-qr-code-sticker-roll-with-google-review-qr-code\/","title":{"rendered":"Google recension QR koddekalrulle med Google recension QR kod"},"content":{"rendered":"<p data-start=\"0\" data-end=\"80\"><strong data-start=\"0\" data-end=\"80\">Betygs\u00e4tt oss p\u00e5 Google-dekaler som rulletiketter med QR-kod f\u00f6r fraktpaket<\/strong><\/p>\n<p data-start=\"82\" data-end=\"206\">Med truzzer:s &#8221;Betygs\u00e4tt oss p\u00e5 Google&#8221;-etiketter med en recension-QR-kodl\u00e4nk, samlar du enkelt in nya Google-recensioner!<\/p>\n<ul data-start=\"208\" data-end=\"374\">\n<li data-start=\"208\" data-end=\"289\">\n<p data-start=\"210\" data-end=\"289\">I ett praktiskt runt format g\u00f6r du Google-recensioner p\u00e5tagliga f\u00f6r dina kunder.<\/p>\n<\/li>\n<li data-start=\"290\" data-end=\"374\">\n<p data-start=\"292\" data-end=\"374\">Placera klisterm\u00e4rkena p\u00e5 dina paket \u2013 eller var som helst d\u00e4r dina kunder kommer att m\u00e4rka dem.<\/p>\n<\/li>\n<\/ul>\n<hr data-start=\"376\" data-end=\"379\" \/>\n<h3 data-start=\"381\" data-end=\"432\">Anv\u00e4nda dem som h\u00f6rndekaler p\u00e5 fraktkartonger<\/h3>\n<p data-start=\"434\" data-end=\"654\">Vill du f\u00e4sta klisterm\u00e4rkena i h\u00f6rnen p\u00e5 dina l\u00e5dor? Inga problem! De \u00e4r utformade s\u00e5 att det finns tillr\u00e4ckligt med tomt utrymme mellan uppmaningen och QR-koden f\u00f6r att till\u00e5ta den &#8221;vikningen&#8221; utan att b\u00f6ja n\u00e5got av elementen.<\/p>\n<hr data-start=\"656\" data-end=\"659\" \/>\n<p data-start=\"661\" data-end=\"753\">V\u00e5ra &#8221;Betygs\u00e4tt oss p\u00e5 Google&#8221;-produkter \u00e4r l\u00e4tta att anv\u00e4nda. S\u00e5 h\u00e4r fungerar det med v\u00e5ra granskningskort:<\/p>\n<p data-start=\"755\" data-end=\"895\"><strong data-start=\"755\" data-end=\"793\">Steg 1: Kunden skannar QR-koden<\/strong><br data-start=\"793\" data-end=\"796\" \/>F\u00f6r att l\u00e4mna en recension pekar kunden helt enkelt sin smartphonekamera mot koden p\u00e5 klisterm\u00e4rket.<\/p>\n<blockquote data-start=\"897\" data-end=\"1004\">\n<p data-start=\"899\" data-end=\"1004\">\u2022 P\u00e5 iPhone visas ett popup-f\u00f6nster p\u00e5 sk\u00e4rmen.<br data-start=\"943\" data-end=\"946\" \/>\u2022 P\u00e5 Android\/Google-telefoner visas en QR-kodikon.<\/p>\n<\/blockquote>\n<p data-start=\"1006\" data-end=\"1159\"><strong data-start=\"1006\" data-end=\"1063\">Steg 2: Kunden f\u00f6rs direkt till granskningsformul\u00e4ret<\/strong><br data-start=\"1063\" data-end=\"1066\" \/>Recensionsformul\u00e4ret \u00f6ppnas omedelbart och kunden kan skicka in sin feedback \u2013 precis s\u00e5 h\u00e4r!<\/p>\n<hr data-start=\"1161\" data-end=\"1164\" \/>\n<blockquote data-start=\"1166\" data-end=\"1377\" data-is-last-node=\"\" data-is-only-node=\"\">\n<p data-start=\"1168\" data-end=\"1377\" data-is-last-node=\"\"><strong data-start=\"1168\" data-end=\"1177\">Obs!<\/strong><br data-start=\"1177\" data-end=\"1180\" \/>Du beh\u00f6ver din egen Google My Business-dataprofil f\u00f6r att ta emot data-recensioner.<brAND001X My Business-data. \/>Om du inte har ett \u00e4nnu kan v\u00e5ra experter st\u00e4lla in det \u00e5t dig \u2013 klicka bara h\u00e4r efter att du har lagt till ditt Google-recensionskort i kundvagnen.<\/p>\n<\/blockquote>\n","protected":false},"excerpt":{"rendered":"<p><strong>Fullt av stil \u2013 &#8221;Betygs\u00e4tt oss p\u00e5 Google&#8221;-etiketterna fr\u00e5n truzzer, komplett med en Google Review QR-kod!<\/strong><\/p>\n<p>Den perfekta finishen f\u00f6r dina paket och ett blickf\u00e5ng p\u00e5 alla ytor! F\u00e5 fler Google-recensioner fr\u00e5n dina kunder med personliga &#8221;Betygs\u00e4tt oss p\u00e5 Google&#8221;-etiketter med en QR-l\u00e4nk f\u00f6r direkta Google-recensioner.<\/p>\n<ul>\n<li>Perfekt f\u00f6r fraktkartonger<\/li>\n<li>L\u00e4mplig f\u00f6r alla sl\u00e4ta ytor<\/li>\n<li>Perfekt f\u00f6r f\u00f6rpackningar, butiker, fakturadekaler eller var det nu passar<\/li>\n<li>Visar dina kunder hur enkelt det \u00e4r att recensera dig p\u00e5 Google<\/li>\n<li>Skr\u00e4ddarsydda just f\u00f6r dig<\/li>\n<li>Tillg\u00e4nglig i tre storlekar<\/li>\n<\/ul>\n<p>Vi skapar och l\u00e4nkar QR-koden f\u00f6r direkta recensioner p\u00e5 din Google-profil!<\/p>\n","protected":false},"featured_media":99754,"comment_status":"open","ping_status":"closed","template":"","meta":{"_acf_changed":false,"_yoast_wpseo_focuskw":"Google Recension Klisterm\u00e4rkesrulle","_yoast_wpseo_title":"Google Review QR Code Sticker Roll with Google ... | truzzer","_yoast_wpseo_metadesc":"Fler Google-recensioner med Google Review QR Code Sticker Roll with Google Review QR Code fr\u00e5n truzzer. Enkel installation. Best\u00e4ll nu!"},"product_brand":[1657],"product_cat":[1472,904,803,1491,545,1247,544],"product_tag":[],"class_list":{"0":"post-99752","1":"product","2":"type-product","3":"status-publish","4":"has-post-thumbnail","6":"product_brand-google","7":"product_cat-google-recension-klistermarken","8":"product_cat-google-recension-klistermarken-med-qr-kod","9":"product_cat-google-recension-produkter","10":"product_cat-google-recension-roll-ups-med-qr-kod","11":"product_cat-qr-kod-klistermarken","12":"product_cat-qr-kod-klistermarkesrullar","13":"product_cat-qr-kod-produkter","14":"pa_industry-detailhandel","15":"pa_industry-events-entertainment","16":"pa_industry-restaurang-cafe","17":"pa_material-karton","18":"pa_placement-bon","19":"pa_placement-broschyr","20":"pa_placement-verpakking","21":"pa_product-type-klistermarke","22":"pa_product-type-sticker-roll","23":"pa_shape-rond","24":"pa_technology-qr-code","25":"pa_technology-qr-kod","27":"first","28":"instock","29":"taxable","30":"shipping-taxable","31":"purchasable","32":"product-type-variable","33":"has-default-attributes"},"acf":[],"yoast_head":"<!-- This site is optimized with the Yoast SEO plugin v27.0 - https:\/\/yoast.com\/product\/yoast-seo-wordpress\/ -->\n<title>Google Review QR Code Sticker Roll with Google ... | truzzer<\/title>\n<meta name=\"description\" content=\"Fler Google-recensioner med Google Review QR Code Sticker Roll with Google Review QR Code fr\u00e5n truzzer. Enkel installation. Best\u00e4ll nu!\" \/>\n<meta name=\"robots\" content=\"index, follow, max-snippet:-1, max-image-preview:large, max-video-preview:-1\" \/>\n<link rel=\"canonical\" href=\"https:\/\/www.truzzer.com\/sv\/produkt\/google-review-qr-code-sticker-roll-with-google-review-qr-code\/\" \/>\n<meta property=\"og:locale\" content=\"sv_SE\" \/>\n<meta property=\"og:type\" content=\"article\" \/>\n<meta property=\"og:title\" content=\"Google Review QR Code Sticker Roll with Google ... | truzzer\" \/>\n<meta property=\"og:description\" content=\"Fler Google-recensioner med Google Review QR Code Sticker Roll with Google Review QR Code fr\u00e5n truzzer. Enkel installation. Best\u00e4ll nu!\" \/>\n<meta property=\"og:url\" content=\"https:\/\/www.truzzer.com\/sv\/produkt\/google-review-qr-code-sticker-roll-with-google-review-qr-code\/\" \/>\n<meta property=\"og:site_name\" content=\"truzzer\" \/>\n<meta property=\"article:modified_time\" content=\"2026-02-13T08:29:03+00:00\" \/>\n<meta property=\"og:image\" content=\"https:\/\/www.truzzer.com\/wp-content\/uploads\/2026\/02\/review-us-on-google-sticker-roll-with-qr-code-eng-s-5.jpg\" \/>\n\t<meta property=\"og:image:width\" content=\"1200\" \/>\n\t<meta property=\"og:image:height\" content=\"1200\" \/>\n\t<meta property=\"og:image:type\" content=\"image\/jpeg\" \/>\n<meta name=\"twitter:card\" content=\"summary_large_image\" \/>\n<meta name=\"twitter:label1\" content=\"Ber\u00e4knad l\u00e4stid\" \/>\n\t<meta name=\"twitter:data1\" content=\"1 minut\" \/>\n<script type=\"application\/ld+json\" class=\"yoast-schema-graph\">{\"@context\":\"https:\/\/schema.org\",\"@graph\":[{\"@type\":\"WebPage\",\"@id\":\"https:\/\/www.truzzer.com\/sv\/produkt\/google-review-qr-code-sticker-roll-with-google-review-qr-code\/\",\"url\":\"https:\/\/www.truzzer.com\/sv\/produkt\/google-review-qr-code-sticker-roll-with-google-review-qr-code\/\",\"name\":\"Google Review QR Code Sticker Roll with Google ... | truzzer\",\"isPartOf\":{\"@id\":\"https:\/\/www.truzzer.com\/sv\/#website\"},\"primaryImageOfPage\":{\"@id\":\"https:\/\/www.truzzer.com\/sv\/produkt\/google-review-qr-code-sticker-roll-with-google-review-qr-code\/#primaryimage\"},\"image\":{\"@id\":\"https:\/\/www.truzzer.com\/sv\/produkt\/google-review-qr-code-sticker-roll-with-google-review-qr-code\/#primaryimage\"},\"thumbnailUrl\":\"https:\/\/www.truzzer.com\/wp-content\/uploads\/2026\/02\/review-us-on-google-sticker-roll-with-qr-code-eng-s-5.jpg\",\"datePublished\":\"2026-02-01T19:54:34+00:00\",\"dateModified\":\"2026-02-13T08:29:03+00:00\",\"description\":\"Fler Google-recensioner med Google Review QR Code Sticker Roll with Google Review QR Code fr\u00e5n truzzer. Enkel installation. Best\u00e4ll nu!\",\"breadcrumb\":{\"@id\":\"https:\/\/www.truzzer.com\/sv\/produkt\/google-review-qr-code-sticker-roll-with-google-review-qr-code\/#breadcrumb\"},\"inLanguage\":\"sv-SE\",\"potentialAction\":[{\"@type\":\"ReadAction\",\"target\":[\"https:\/\/www.truzzer.com\/sv\/produkt\/google-review-qr-code-sticker-roll-with-google-review-qr-code\/\"]}]},{\"@type\":\"ImageObject\",\"inLanguage\":\"sv-SE\",\"@id\":\"https:\/\/www.truzzer.com\/sv\/produkt\/google-review-qr-code-sticker-roll-with-google-review-qr-code\/#primaryimage\",\"url\":\"https:\/\/www.truzzer.com\/wp-content\/uploads\/2026\/02\/review-us-on-google-sticker-roll-with-qr-code-eng-s-5.jpg\",\"contentUrl\":\"https:\/\/www.truzzer.com\/wp-content\/uploads\/2026\/02\/review-us-on-google-sticker-roll-with-qr-code-eng-s-5.jpg\",\"width\":1200,\"height\":1200},{\"@type\":\"BreadcrumbList\",\"@id\":\"https:\/\/www.truzzer.com\/sv\/produkt\/google-review-qr-code-sticker-roll-with-google-review-qr-code\/#breadcrumb\",\"itemListElement\":[{\"@type\":\"ListItem\",\"position\":1,\"name\":\"Home\",\"item\":\"https:\/\/www.truzzer.com\/sv\/\"},{\"@type\":\"ListItem\",\"position\":2,\"name\":\"Butik\",\"item\":\"https:\/\/www.truzzer.com\/sv\/butik\/\"},{\"@type\":\"ListItem\",\"position\":3,\"name\":\"Google recension QR koddekalrulle med Google recension QR kod\"}]},{\"@type\":\"WebSite\",\"@id\":\"https:\/\/www.truzzer.com\/sv\/#website\",\"url\":\"https:\/\/www.truzzer.com\/sv\/\",\"name\":\"truzzer\",\"description\":\"Experts for customer trust\",\"publisher\":{\"@id\":\"https:\/\/www.truzzer.com\/sv\/#organization\"},\"potentialAction\":[{\"@type\":\"SearchAction\",\"target\":{\"@type\":\"EntryPoint\",\"urlTemplate\":\"https:\/\/www.truzzer.com\/sv\/?s={search_term_string}\"},\"query-input\":{\"@type\":\"PropertyValueSpecification\",\"valueRequired\":true,\"valueName\":\"search_term_string\"}}],\"inLanguage\":\"sv-SE\"},{\"@type\":\"Organization\",\"@id\":\"https:\/\/www.truzzer.com\/sv\/#organization\",\"name\":\"truzzer\",\"url\":\"https:\/\/www.truzzer.com\/sv\/\",\"logo\":{\"@type\":\"ImageObject\",\"inLanguage\":\"sv-SE\",\"@id\":\"https:\/\/www.truzzer.com\/sv\/#\/schema\/logo\/image\/\",\"url\":\"https:\/\/truzzer.com\/wp-content\/uploads\/2026\/01\/truzzer-logo-black-1.svg\",\"contentUrl\":\"https:\/\/truzzer.com\/wp-content\/uploads\/2026\/01\/truzzer-logo-black-1.svg\",\"width\":938,\"height\":199,\"caption\":\"truzzer\"},\"image\":{\"@id\":\"https:\/\/www.truzzer.com\/sv\/#\/schema\/logo\/image\/\"}}]}<\/script>\n<!-- \/ Yoast SEO plugin. -->","yoast_head_json":{"title":"Google Review QR Code Sticker Roll with Google ... | truzzer","description":"Fler Google-recensioner med Google Review QR Code Sticker Roll with Google Review QR Code fr\u00e5n truzzer. Enkel installation. Best\u00e4ll nu!","robots":{"index":"index","follow":"follow","max-snippet":"max-snippet:-1","max-image-preview":"max-image-preview:large","max-video-preview":"max-video-preview:-1"},"canonical":"https:\/\/www.truzzer.com\/sv\/produkt\/google-review-qr-code-sticker-roll-with-google-review-qr-code\/","og_locale":"sv_SE","og_type":"article","og_title":"Google Review QR Code Sticker Roll with Google ... | truzzer","og_description":"Fler Google-recensioner med Google Review QR Code Sticker Roll with Google Review QR Code fr\u00e5n truzzer. Enkel installation. Best\u00e4ll nu!","og_url":"https:\/\/www.truzzer.com\/sv\/produkt\/google-review-qr-code-sticker-roll-with-google-review-qr-code\/","og_site_name":"truzzer","article_modified_time":"2026-02-13T08:29:03+00:00","og_image":[{"width":1200,"height":1200,"url":"https:\/\/www.truzzer.com\/wp-content\/uploads\/2026\/02\/review-us-on-google-sticker-roll-with-qr-code-eng-s-5.jpg","type":"image\/jpeg"}],"twitter_card":"summary_large_image","twitter_misc":{"Ber\u00e4knad l\u00e4stid":"1 minut"},"schema":{"@context":"https:\/\/schema.org","@graph":[{"@type":"WebPage","@id":"https:\/\/www.truzzer.com\/sv\/produkt\/google-review-qr-code-sticker-roll-with-google-review-qr-code\/","url":"https:\/\/www.truzzer.com\/sv\/produkt\/google-review-qr-code-sticker-roll-with-google-review-qr-code\/","name":"Google Review QR Code Sticker Roll with Google ... | truzzer","isPartOf":{"@id":"https:\/\/www.truzzer.com\/sv\/#website"},"primaryImageOfPage":{"@id":"https:\/\/www.truzzer.com\/sv\/produkt\/google-review-qr-code-sticker-roll-with-google-review-qr-code\/#primaryimage"},"image":{"@id":"https:\/\/www.truzzer.com\/sv\/produkt\/google-review-qr-code-sticker-roll-with-google-review-qr-code\/#primaryimage"},"thumbnailUrl":"https:\/\/www.truzzer.com\/wp-content\/uploads\/2026\/02\/review-us-on-google-sticker-roll-with-qr-code-eng-s-5.jpg","datePublished":"2026-02-01T19:54:34+00:00","dateModified":"2026-02-13T08:29:03+00:00","description":"Fler Google-recensioner med Google Review QR Code Sticker Roll with Google Review QR Code fr\u00e5n truzzer. Enkel installation. Best\u00e4ll nu!","breadcrumb":{"@id":"https:\/\/www.truzzer.com\/sv\/produkt\/google-review-qr-code-sticker-roll-with-google-review-qr-code\/#breadcrumb"},"inLanguage":"sv-SE","potentialAction":[{"@type":"ReadAction","target":["https:\/\/www.truzzer.com\/sv\/produkt\/google-review-qr-code-sticker-roll-with-google-review-qr-code\/"]}]},{"@type":"ImageObject","inLanguage":"sv-SE","@id":"https:\/\/www.truzzer.com\/sv\/produkt\/google-review-qr-code-sticker-roll-with-google-review-qr-code\/#primaryimage","url":"https:\/\/www.truzzer.com\/wp-content\/uploads\/2026\/02\/review-us-on-google-sticker-roll-with-qr-code-eng-s-5.jpg","contentUrl":"https:\/\/www.truzzer.com\/wp-content\/uploads\/2026\/02\/review-us-on-google-sticker-roll-with-qr-code-eng-s-5.jpg","width":1200,"height":1200},{"@type":"BreadcrumbList","@id":"https:\/\/www.truzzer.com\/sv\/produkt\/google-review-qr-code-sticker-roll-with-google-review-qr-code\/#breadcrumb","itemListElement":[{"@type":"ListItem","position":1,"name":"Home","item":"https:\/\/www.truzzer.com\/sv\/"},{"@type":"ListItem","position":2,"name":"Butik","item":"https:\/\/www.truzzer.com\/sv\/butik\/"},{"@type":"ListItem","position":3,"name":"Google recension QR koddekalrulle med Google recension QR kod"}]},{"@type":"WebSite","@id":"https:\/\/www.truzzer.com\/sv\/#website","url":"https:\/\/www.truzzer.com\/sv\/","name":"truzzer","description":"Experts for customer trust","publisher":{"@id":"https:\/\/www.truzzer.com\/sv\/#organization"},"potentialAction":[{"@type":"SearchAction","target":{"@type":"EntryPoint","urlTemplate":"https:\/\/www.truzzer.com\/sv\/?s={search_term_string}"},"query-input":{"@type":"PropertyValueSpecification","valueRequired":true,"valueName":"search_term_string"}}],"inLanguage":"sv-SE"},{"@type":"Organization","@id":"https:\/\/www.truzzer.com\/sv\/#organization","name":"truzzer","url":"https:\/\/www.truzzer.com\/sv\/","logo":{"@type":"ImageObject","inLanguage":"sv-SE","@id":"https:\/\/www.truzzer.com\/sv\/#\/schema\/logo\/image\/","url":"https:\/\/truzzer.com\/wp-content\/uploads\/2026\/01\/truzzer-logo-black-1.svg","contentUrl":"https:\/\/truzzer.com\/wp-content\/uploads\/2026\/01\/truzzer-logo-black-1.svg","width":938,"height":199,"caption":"truzzer"},"image":{"@id":"https:\/\/www.truzzer.com\/sv\/#\/schema\/logo\/image\/"}}]}},"tiered_pricing_type":"fixed","tiered_pricing_fixed_rules":[],"tiered_pricing_product_settings":{"layout":"default","base_unit_name":{"singular":null,"plural":null},"default_variation":null},"tiered_pricing_minimum_quantity":null,"tiered_pricing_roles_data":[],"tiered_pricing_percentage_rules":[],"tiered_pricing_maximum_quantity":null,"tiered_pricing_quantity_step":null,"_links":{"self":[{"href":"https:\/\/www.truzzer.com\/sv\/wp-json\/wp\/v2\/product\/99752","targetHints":{"allow":["GET"]}}],"collection":[{"href":"https:\/\/www.truzzer.com\/sv\/wp-json\/wp\/v2\/product"}],"about":[{"href":"https:\/\/www.truzzer.com\/sv\/wp-json\/wp\/v2\/types\/product"}],"replies":[{"embeddable":true,"href":"https:\/\/www.truzzer.com\/sv\/wp-json\/wp\/v2\/comments?post=99752"}],"wp:featuredmedia":[{"embeddable":true,"href":"https:\/\/www.truzzer.com\/sv\/wp-json\/wp\/v2\/media\/99754"}],"wp:attachment":[{"href":"https:\/\/www.truzzer.com\/sv\/wp-json\/wp\/v2\/media?parent=99752"}],"wp:term":[{"taxonomy":"product_brand","embeddable":true,"href":"https:\/\/www.truzzer.com\/sv\/wp-json\/wp\/v2\/product_brand?post=99752"},{"taxonomy":"product_cat","embeddable":true,"href":"https:\/\/www.truzzer.com\/sv\/wp-json\/wp\/v2\/product_cat?post=99752"},{"taxonomy":"product_tag","embeddable":true,"href":"https:\/\/www.truzzer.com\/sv\/wp-json\/wp\/v2\/product_tag?post=99752"}],"curies":[{"name":"wp","href":"https:\/\/api.w.org\/{rel}","templated":true}]}}