{"id":99797,"date":"2026-02-01T19:49:30","date_gmt":"2026-02-01T19:49:30","guid":{"rendered":"https:\/\/beta.truzzer.com\/product\/paypal-pay-qr-code-table-tent\/"},"modified":"2026-02-13T08:37:23","modified_gmt":"2026-02-13T08:37:23","slug":"paypal-pay-qr-code-table-tent","status":"publish","type":"product","link":"https:\/\/www.truzzer.com\/sv\/produkt\/paypal-pay-qr-code-table-tent\/","title":{"rendered":"PayPal Pay QR Code Bordst\u00e4lt"},"content":{"rendered":"<p><strong>Vi presenterar ditt anpassade PayPal QR kodbordst\u00e4lt med personlig logotyp<\/strong><\/p>\n<p>F\u00f6renkla betalningar f\u00f6r dina kunder som aldrig f\u00f6rr! Med v\u00e5rt skr\u00e4ddarsydda bordst\u00e4lt PayPal QR Code kan dina kunder enkelt betala med QR-kod \u2013 en kontantl\u00f6s, kortl\u00f6s l\u00f6sning.<\/p>\n<p><strong>Produktegenskaper:<\/strong><\/p>\n<ul>\n<li><strong>Personlig logotypintegrering:<\/strong> L\u00e4gg upp din unika logotyp p\u00e5 bordst\u00e4ltet f\u00f6r att ge en professionell och sammanh\u00e5llen bild i hela ditt f\u00f6retag.<\/li>\n<li><strong>S\u00f6ml\u00f6s betalning:<\/strong> Kunder kan snabbt skanna PayPal QR-koden med sina smartphones och omedelbart betala det \u00f6nskade beloppet. Det \u00e4r s\u00e4kert, snabbt och enkelt.<\/li>\n<li><strong>Material av h\u00f6gsta kvalitet:<\/strong> Bordst\u00e4ltet, tillverkat av robust, h\u00f6gkvalitativ kartong, t\u00e5l l\u00e4tt daglig anv\u00e4ndning. Den \u00e4r perfekt f\u00f6r restauranger, kaf\u00e9er, butiker eller m\u00e4ssor.<\/li>\n<li><strong>Samtida design:<\/strong> Den eleganta, moderna designen sm\u00e4lter l\u00e4tt in i alla milj\u00f6er och kommer s\u00e4kerligen att locka uppm\u00e4rksamhet p\u00e5 alla bord.<\/li>\n<li><strong>Brett anv\u00e4ndningsomr\u00e5de:<\/strong> Perfekt f\u00f6r bes\u00f6ksn\u00e4ringen, detaljhandeln eller evenemang, d\u00e4r ett snabbt och enkelt betalningsalternativ \u00e4r n\u00f6dv\u00e4ndigt.<\/li>\n<\/ul>\n<p><strong>F\u00f6rdelar:<\/strong><\/p>\n<ul>\n<li>Minimera v\u00e4ntetider och besv\u00e4ret med att hantera kontanter.<\/li>\n<li>Ge ditt f\u00f6retag en modern och innovativ touch.<\/li>\n<li>Fr\u00e4mja f\u00f6rtroende genom att integrera din varum\u00e4rkeslogotyp i betalningsprocessen.<\/li>\n<\/ul>\n<p>Investera i ditt personliga PayPal QR Code bordst\u00e4lt idag och utrusta dina kunder med framtidens problemfria och nuvarande betalningsmetod!<\/p>\n","protected":false},"excerpt":{"rendered":"<p><strong>Vi presenterar ditt anpassade PayPal QR kodbordst\u00e4lt med personlig logotyp<\/strong><\/p>\n<p>F\u00f6renkla betalningar f\u00f6r dina kunder som aldrig f\u00f6rr! Med v\u00e5rt skr\u00e4ddarsydda bordst\u00e4lt PayPal QR Code kan dina kunder enkelt betala med QR-kod \u2013 en kontantl\u00f6s, kortl\u00f6s l\u00f6sning.<\/p>\n<p><strong>Produktegenskaper:<\/strong><\/p>\n<ul>\n<li><strong>Personlig logotypintegrering:<\/strong> L\u00e4gg upp din unika logotyp p\u00e5 bordst\u00e4ltet f\u00f6r att ge en professionell och sammanh\u00e5llen bild i hela ditt f\u00f6retag.<\/li>\n<li><strong>S\u00f6ml\u00f6s betalning:<\/strong> Kunder kan snabbt skanna PayPal QR-koden med sina smartphones och omedelbart betala det \u00f6nskade beloppet. Det \u00e4r s\u00e4kert, snabbt och enkelt.<\/li>\n<li><strong>Material av h\u00f6gsta kvalitet:<\/strong> Bordst\u00e4ltet, tillverkat av robust, h\u00f6gkvalitativ kartong, t\u00e5l l\u00e4tt daglig anv\u00e4ndning. Den \u00e4r perfekt f\u00f6r restauranger, kaf\u00e9er, butiker eller m\u00e4ssor.<\/li>\n<li><strong>Samtida design:<\/strong> Den eleganta, moderna designen sm\u00e4lter l\u00e4tt in i alla milj\u00f6er och kommer s\u00e4kerligen att locka uppm\u00e4rksamhet p\u00e5 alla bord.<\/li>\n<li><strong>Brett anv\u00e4ndningsomr\u00e5de:<\/strong> Perfekt f\u00f6r bes\u00f6ksn\u00e4ringen, detaljhandeln eller evenemang, d\u00e4r ett snabbt och enkelt betalningsalternativ \u00e4r n\u00f6dv\u00e4ndigt.<\/li>\n<\/ul>\n<p><strong>F\u00f6rdelar:<\/strong><\/p>\n<ul>\n<li>Minimera v\u00e4ntetider och besv\u00e4ret med att hantera kontanter.<\/li>\n<li>Ge ditt f\u00f6retag en modern och innovativ touch.<\/li>\n<li>Fr\u00e4mja f\u00f6rtroende genom att integrera din varum\u00e4rkeslogotyp i betalningsprocessen.<\/li>\n<\/ul>\n<p>Investera i ditt personliga PayPal QR Code bordst\u00e4lt idag och utrusta dina kunder med framtidens problemfria och nuvarande betalningsmetod!<\/p>\n","protected":false},"featured_media":99803,"comment_status":"open","ping_status":"closed","template":"","meta":{"_acf_changed":false,"_yoast_wpseo_focuskw":"","_yoast_wpseo_title":"PayPal Pay QR Code Table Tent | truzzer","_yoast_wpseo_metadesc":"Ta emot PayPal-betalningar med PayPal Pay QR Code Table Tent fr\u00e5n truzzer. Enkel installation, redo att anv\u00e4nda. Best\u00e4ll nu!"},"product_brand":[1675],"product_cat":[1494,1009,544],"product_tag":[],"class_list":{"0":"post-99797","1":"product","2":"type-product","3":"status-publish","4":"has-post-thumbnail","6":"product_brand-paypal","7":"product_cat-paypal-betalning-bordsstall-med-qr-kod","8":"product_cat-qr-kod-displayer-stall","9":"product_cat-qr-kod-produkter","10":"pa_material-karton","11":"pa_product-type-displayer-och-stativ","12":"pa_technology-qr-code","13":"pa_technology-qr-kod","15":"first","16":"instock","17":"taxable","18":"shipping-taxable","19":"purchasable","20":"product-type-simple"},"acf":[],"yoast_head":"<!-- This site is optimized with the Yoast SEO plugin v27.0 - https:\/\/yoast.com\/product\/yoast-seo-wordpress\/ -->\n<title>PayPal Pay QR Code Table Tent | truzzer<\/title>\n<meta name=\"description\" content=\"Ta emot PayPal-betalningar med PayPal Pay QR Code Table Tent fr\u00e5n truzzer. Enkel installation, redo att anv\u00e4nda. Best\u00e4ll nu!\" \/>\n<meta name=\"robots\" content=\"index, follow, max-snippet:-1, max-image-preview:large, max-video-preview:-1\" \/>\n<link rel=\"canonical\" href=\"https:\/\/www.truzzer.com\/sv\/produkt\/paypal-pay-qr-code-table-tent\/\" \/>\n<meta property=\"og:locale\" content=\"sv_SE\" \/>\n<meta property=\"og:type\" content=\"article\" \/>\n<meta property=\"og:title\" content=\"PayPal Pay QR Code Table Tent | truzzer\" \/>\n<meta property=\"og:description\" content=\"Ta emot PayPal-betalningar med PayPal Pay QR Code Table Tent fr\u00e5n truzzer. Enkel installation, redo att anv\u00e4nda. Best\u00e4ll nu!\" \/>\n<meta property=\"og:url\" content=\"https:\/\/www.truzzer.com\/sv\/produkt\/paypal-pay-qr-code-table-tent\/\" \/>\n<meta property=\"og:site_name\" content=\"truzzer\" \/>\n<meta property=\"article:modified_time\" content=\"2026-02-13T08:37:23+00:00\" \/>\n<meta property=\"og:image\" content=\"https:\/\/www.truzzer.com\/wp-content\/uploads\/2026\/02\/paypal-pay-bezahlen-qr-code-table-tent-old-design-empfehlio-truzzer-a-iso-2.jpg\" \/>\n\t<meta property=\"og:image:width\" content=\"1400\" \/>\n\t<meta property=\"og:image:height\" content=\"1400\" \/>\n\t<meta property=\"og:image:type\" content=\"image\/jpeg\" \/>\n<meta name=\"twitter:card\" content=\"summary_large_image\" \/>\n<meta name=\"twitter:label1\" content=\"Ber\u00e4knad l\u00e4stid\" \/>\n\t<meta name=\"twitter:data1\" content=\"1 minut\" \/>\n<script type=\"application\/ld+json\" class=\"yoast-schema-graph\">{\"@context\":\"https:\/\/schema.org\",\"@graph\":[{\"@type\":\"WebPage\",\"@id\":\"https:\/\/www.truzzer.com\/sv\/produkt\/paypal-pay-qr-code-table-tent\/\",\"url\":\"https:\/\/www.truzzer.com\/sv\/produkt\/paypal-pay-qr-code-table-tent\/\",\"name\":\"PayPal Pay QR Code Table Tent | truzzer\",\"isPartOf\":{\"@id\":\"https:\/\/www.truzzer.com\/sv\/#website\"},\"primaryImageOfPage\":{\"@id\":\"https:\/\/www.truzzer.com\/sv\/produkt\/paypal-pay-qr-code-table-tent\/#primaryimage\"},\"image\":{\"@id\":\"https:\/\/www.truzzer.com\/sv\/produkt\/paypal-pay-qr-code-table-tent\/#primaryimage\"},\"thumbnailUrl\":\"https:\/\/www.truzzer.com\/wp-content\/uploads\/2026\/02\/paypal-pay-bezahlen-qr-code-table-tent-old-design-empfehlio-truzzer-a-iso-2.jpg\",\"datePublished\":\"2026-02-01T19:49:30+00:00\",\"dateModified\":\"2026-02-13T08:37:23+00:00\",\"description\":\"Ta emot PayPal-betalningar med PayPal Pay QR Code Table Tent fr\u00e5n truzzer. Enkel installation, redo att anv\u00e4nda. Best\u00e4ll nu!\",\"breadcrumb\":{\"@id\":\"https:\/\/www.truzzer.com\/sv\/produkt\/paypal-pay-qr-code-table-tent\/#breadcrumb\"},\"inLanguage\":\"sv-SE\",\"potentialAction\":[{\"@type\":\"ReadAction\",\"target\":[\"https:\/\/www.truzzer.com\/sv\/produkt\/paypal-pay-qr-code-table-tent\/\"]}]},{\"@type\":\"ImageObject\",\"inLanguage\":\"sv-SE\",\"@id\":\"https:\/\/www.truzzer.com\/sv\/produkt\/paypal-pay-qr-code-table-tent\/#primaryimage\",\"url\":\"https:\/\/www.truzzer.com\/wp-content\/uploads\/2026\/02\/paypal-pay-bezahlen-qr-code-table-tent-old-design-empfehlio-truzzer-a-iso-2.jpg\",\"contentUrl\":\"https:\/\/www.truzzer.com\/wp-content\/uploads\/2026\/02\/paypal-pay-bezahlen-qr-code-table-tent-old-design-empfehlio-truzzer-a-iso-2.jpg\",\"width\":1400,\"height\":1400},{\"@type\":\"BreadcrumbList\",\"@id\":\"https:\/\/www.truzzer.com\/sv\/produkt\/paypal-pay-qr-code-table-tent\/#breadcrumb\",\"itemListElement\":[{\"@type\":\"ListItem\",\"position\":1,\"name\":\"Home\",\"item\":\"https:\/\/www.truzzer.com\/sv\/\"},{\"@type\":\"ListItem\",\"position\":2,\"name\":\"Butik\",\"item\":\"https:\/\/www.truzzer.com\/sv\/butik\/\"},{\"@type\":\"ListItem\",\"position\":3,\"name\":\"PayPal Pay QR Code Bordst\u00e4lt\"}]},{\"@type\":\"WebSite\",\"@id\":\"https:\/\/www.truzzer.com\/sv\/#website\",\"url\":\"https:\/\/www.truzzer.com\/sv\/\",\"name\":\"truzzer\",\"description\":\"Experts for customer trust\",\"publisher\":{\"@id\":\"https:\/\/www.truzzer.com\/sv\/#organization\"},\"potentialAction\":[{\"@type\":\"SearchAction\",\"target\":{\"@type\":\"EntryPoint\",\"urlTemplate\":\"https:\/\/www.truzzer.com\/sv\/?s={search_term_string}\"},\"query-input\":{\"@type\":\"PropertyValueSpecification\",\"valueRequired\":true,\"valueName\":\"search_term_string\"}}],\"inLanguage\":\"sv-SE\"},{\"@type\":\"Organization\",\"@id\":\"https:\/\/www.truzzer.com\/sv\/#organization\",\"name\":\"truzzer\",\"url\":\"https:\/\/www.truzzer.com\/sv\/\",\"logo\":{\"@type\":\"ImageObject\",\"inLanguage\":\"sv-SE\",\"@id\":\"https:\/\/www.truzzer.com\/sv\/#\/schema\/logo\/image\/\",\"url\":\"https:\/\/truzzer.com\/wp-content\/uploads\/2026\/01\/truzzer-logo-black-1.svg\",\"contentUrl\":\"https:\/\/truzzer.com\/wp-content\/uploads\/2026\/01\/truzzer-logo-black-1.svg\",\"width\":938,\"height\":199,\"caption\":\"truzzer\"},\"image\":{\"@id\":\"https:\/\/www.truzzer.com\/sv\/#\/schema\/logo\/image\/\"}}]}<\/script>\n<!-- \/ Yoast SEO plugin. -->","yoast_head_json":{"title":"PayPal Pay QR Code Table Tent | truzzer","description":"Ta emot PayPal-betalningar med PayPal Pay QR Code Table Tent fr\u00e5n truzzer. Enkel installation, redo att anv\u00e4nda. Best\u00e4ll nu!","robots":{"index":"index","follow":"follow","max-snippet":"max-snippet:-1","max-image-preview":"max-image-preview:large","max-video-preview":"max-video-preview:-1"},"canonical":"https:\/\/www.truzzer.com\/sv\/produkt\/paypal-pay-qr-code-table-tent\/","og_locale":"sv_SE","og_type":"article","og_title":"PayPal Pay QR Code Table Tent | truzzer","og_description":"Ta emot PayPal-betalningar med PayPal Pay QR Code Table Tent fr\u00e5n truzzer. Enkel installation, redo att anv\u00e4nda. Best\u00e4ll nu!","og_url":"https:\/\/www.truzzer.com\/sv\/produkt\/paypal-pay-qr-code-table-tent\/","og_site_name":"truzzer","article_modified_time":"2026-02-13T08:37:23+00:00","og_image":[{"width":1400,"height":1400,"url":"https:\/\/www.truzzer.com\/wp-content\/uploads\/2026\/02\/paypal-pay-bezahlen-qr-code-table-tent-old-design-empfehlio-truzzer-a-iso-2.jpg","type":"image\/jpeg"}],"twitter_card":"summary_large_image","twitter_misc":{"Ber\u00e4knad l\u00e4stid":"1 minut"},"schema":{"@context":"https:\/\/schema.org","@graph":[{"@type":"WebPage","@id":"https:\/\/www.truzzer.com\/sv\/produkt\/paypal-pay-qr-code-table-tent\/","url":"https:\/\/www.truzzer.com\/sv\/produkt\/paypal-pay-qr-code-table-tent\/","name":"PayPal Pay QR Code Table Tent | truzzer","isPartOf":{"@id":"https:\/\/www.truzzer.com\/sv\/#website"},"primaryImageOfPage":{"@id":"https:\/\/www.truzzer.com\/sv\/produkt\/paypal-pay-qr-code-table-tent\/#primaryimage"},"image":{"@id":"https:\/\/www.truzzer.com\/sv\/produkt\/paypal-pay-qr-code-table-tent\/#primaryimage"},"thumbnailUrl":"https:\/\/www.truzzer.com\/wp-content\/uploads\/2026\/02\/paypal-pay-bezahlen-qr-code-table-tent-old-design-empfehlio-truzzer-a-iso-2.jpg","datePublished":"2026-02-01T19:49:30+00:00","dateModified":"2026-02-13T08:37:23+00:00","description":"Ta emot PayPal-betalningar med PayPal Pay QR Code Table Tent fr\u00e5n truzzer. Enkel installation, redo att anv\u00e4nda. Best\u00e4ll nu!","breadcrumb":{"@id":"https:\/\/www.truzzer.com\/sv\/produkt\/paypal-pay-qr-code-table-tent\/#breadcrumb"},"inLanguage":"sv-SE","potentialAction":[{"@type":"ReadAction","target":["https:\/\/www.truzzer.com\/sv\/produkt\/paypal-pay-qr-code-table-tent\/"]}]},{"@type":"ImageObject","inLanguage":"sv-SE","@id":"https:\/\/www.truzzer.com\/sv\/produkt\/paypal-pay-qr-code-table-tent\/#primaryimage","url":"https:\/\/www.truzzer.com\/wp-content\/uploads\/2026\/02\/paypal-pay-bezahlen-qr-code-table-tent-old-design-empfehlio-truzzer-a-iso-2.jpg","contentUrl":"https:\/\/www.truzzer.com\/wp-content\/uploads\/2026\/02\/paypal-pay-bezahlen-qr-code-table-tent-old-design-empfehlio-truzzer-a-iso-2.jpg","width":1400,"height":1400},{"@type":"BreadcrumbList","@id":"https:\/\/www.truzzer.com\/sv\/produkt\/paypal-pay-qr-code-table-tent\/#breadcrumb","itemListElement":[{"@type":"ListItem","position":1,"name":"Home","item":"https:\/\/www.truzzer.com\/sv\/"},{"@type":"ListItem","position":2,"name":"Butik","item":"https:\/\/www.truzzer.com\/sv\/butik\/"},{"@type":"ListItem","position":3,"name":"PayPal Pay QR Code Bordst\u00e4lt"}]},{"@type":"WebSite","@id":"https:\/\/www.truzzer.com\/sv\/#website","url":"https:\/\/www.truzzer.com\/sv\/","name":"truzzer","description":"Experts for customer trust","publisher":{"@id":"https:\/\/www.truzzer.com\/sv\/#organization"},"potentialAction":[{"@type":"SearchAction","target":{"@type":"EntryPoint","urlTemplate":"https:\/\/www.truzzer.com\/sv\/?s={search_term_string}"},"query-input":{"@type":"PropertyValueSpecification","valueRequired":true,"valueName":"search_term_string"}}],"inLanguage":"sv-SE"},{"@type":"Organization","@id":"https:\/\/www.truzzer.com\/sv\/#organization","name":"truzzer","url":"https:\/\/www.truzzer.com\/sv\/","logo":{"@type":"ImageObject","inLanguage":"sv-SE","@id":"https:\/\/www.truzzer.com\/sv\/#\/schema\/logo\/image\/","url":"https:\/\/truzzer.com\/wp-content\/uploads\/2026\/01\/truzzer-logo-black-1.svg","contentUrl":"https:\/\/truzzer.com\/wp-content\/uploads\/2026\/01\/truzzer-logo-black-1.svg","width":938,"height":199,"caption":"truzzer"},"image":{"@id":"https:\/\/www.truzzer.com\/sv\/#\/schema\/logo\/image\/"}}]}},"tiered_pricing_type":"fixed","tiered_pricing_fixed_rules":[],"tiered_pricing_product_settings":{"layout":"default","base_unit_name":{"singular":null,"plural":null},"default_variation":null},"tiered_pricing_minimum_quantity":null,"tiered_pricing_roles_data":[],"tiered_pricing_percentage_rules":[],"tiered_pricing_maximum_quantity":null,"tiered_pricing_quantity_step":null,"_links":{"self":[{"href":"https:\/\/www.truzzer.com\/sv\/wp-json\/wp\/v2\/product\/99797","targetHints":{"allow":["GET"]}}],"collection":[{"href":"https:\/\/www.truzzer.com\/sv\/wp-json\/wp\/v2\/product"}],"about":[{"href":"https:\/\/www.truzzer.com\/sv\/wp-json\/wp\/v2\/types\/product"}],"replies":[{"embeddable":true,"href":"https:\/\/www.truzzer.com\/sv\/wp-json\/wp\/v2\/comments?post=99797"}],"wp:featuredmedia":[{"embeddable":true,"href":"https:\/\/www.truzzer.com\/sv\/wp-json\/wp\/v2\/media\/99803"}],"wp:attachment":[{"href":"https:\/\/www.truzzer.com\/sv\/wp-json\/wp\/v2\/media?parent=99797"}],"wp:term":[{"taxonomy":"product_brand","embeddable":true,"href":"https:\/\/www.truzzer.com\/sv\/wp-json\/wp\/v2\/product_brand?post=99797"},{"taxonomy":"product_cat","embeddable":true,"href":"https:\/\/www.truzzer.com\/sv\/wp-json\/wp\/v2\/product_cat?post=99797"},{"taxonomy":"product_tag","embeddable":true,"href":"https:\/\/www.truzzer.com\/sv\/wp-json\/wp\/v2\/product_tag?post=99797"}],"curies":[{"name":"wp","href":"https:\/\/api.w.org\/{rel}","templated":true}]}}