{"id":99808,"date":"2026-02-01T19:48:52","date_gmt":"2026-02-01T19:48:52","guid":{"rendered":"https:\/\/beta.truzzer.com\/product\/paypal-pay-qr-code-table-tent-brand-refresh\/"},"modified":"2026-02-13T10:18:05","modified_gmt":"2026-02-13T10:18:05","slug":"paypal-pay-qr-code-table-tent-brand-refresh","status":"publish","type":"product","link":"https:\/\/www.truzzer.com\/sv\/produkt\/paypal-pay-qr-code-table-tent-brand-refresh\/","title":{"rendered":"PayPal Pay QR Kod Bordst\u00e4lt Brand Refresh"},"content":{"rendered":"<p><strong>Vi presenterar ditt personliga PayPal QR kodbordst\u00e4lt med anpassad logotyp<br \/>\n<\/strong><\/p>\n<p data-pm-slice=\"1 1 []\">G\u00f6r betalningsprocessen till en lek f\u00f6r dina kunder med v\u00e5rt anpassningsbara PayPal QR Code bordst\u00e4lt. Designad f\u00f6r att erbjuda ett bekv\u00e4mt kontantfritt och kortfritt betalningsalternativ, f\u00f6rb\u00e4ttrar den kundupplevelsen p\u00e5 din anl\u00e4ggning.<\/p>\n<p><strong>Produktegenskaper:<\/strong><\/p>\n<ul>\n<li><strong>Anpassad logotyp:<\/strong> Ditt bordst\u00e4lt kan ha din egen logotyp, vilket s\u00e4kerst\u00e4ller ett professionellt och konsekvent utseende i hela din verksamhet.<\/li>\n<li><strong>Enkel betalning<\/strong>: Kunder kan helt enkelt skanna PayPal QR-koden med sin smartphone f\u00f6r att omedelbart \u00f6verf\u00f6ra sin \u00f6nskade betalning, vilket erbjuder ett s\u00e4kert, snabbt och okomplicerat s\u00e4tt att betala.<\/li>\n<li><strong>H\u00f6gkvalitativ kartong<\/strong>: Bordst\u00e4ltet \u00e4r tillverkat av robust och h\u00f6gkvalitativ kartong och \u00e4r byggt f\u00f6r att t\u00e5la dagligt slitage, vilket g\u00f6r det till det perfekta tillbeh\u00f6ret f\u00f6r restauranger, kaf\u00e9er, butiker eller m\u00e4ssor.<\/li>\n<li><strong>Modern design<\/strong>: Dess minimalistiska men moderna design sm\u00e4lter s\u00f6ml\u00f6st in i alla milj\u00f6er och blir en tilltalande mittpunkt p\u00e5 alla bord.<\/li>\n<li><strong>M\u00e5ngsidig anv\u00e4ndning<\/strong>: Det \u00e4r en idealisk l\u00f6sning f\u00f6r bes\u00f6ksn\u00e4ringen, detaljhandeln eller evenemang d\u00e4r ett bekv\u00e4mt och snabbt betalningsalternativ \u00f6nskas.<\/li>\n<\/ul>\n<p><strong>F\u00f6rdelar:<\/strong><\/p>\n<ul>\n<li>S\u00e4g adj\u00f6 till l\u00e5nga v\u00e4ntetider och besv\u00e4ret med att hantera kontanter.<\/li>\n<li>Ge ditt f\u00f6retag ett modernt och innovativt f\u00f6rspr\u00e5ng.<\/li>\n<li>Bygg f\u00f6rtroende hos kunderna genom att inf\u00f6rliva ditt varum\u00e4rkes logotyp i betalningsprocessen.<\/li>\n<\/ul>\n<p>Investera i ett personligt anpassat PayPal QR Code bordst\u00e4lt idag och utrusta dina kunder med framtidens enkla, moderna betalningsl\u00f6sning!<\/p>\n","protected":false},"excerpt":{"rendered":"<p>G\u00f6r betalningsprocessen till en lek f\u00f6r dina kunder med v\u00e5rt anpassningsbara PayPal QR Code bordst\u00e4lt. Designad f\u00f6r att erbjuda ett bekv\u00e4mt kontantfritt och kortfritt betalningsalternativ, f\u00f6rb\u00e4ttrar den kundupplevelsen p\u00e5 din anl\u00e4ggning.<\/p>\n<p><strong>Produktegenskaper:<\/strong><\/p>\n<ul>\n<li><strong>Anpassad logotyp:<\/strong> Ditt bordst\u00e4lt kan ha din egen logotyp, vilket s\u00e4kerst\u00e4ller ett professionellt och konsekvent utseende i hela din verksamhet.<\/li>\n<li><strong>Enkel betalning<\/strong>: Kunder kan helt enkelt skanna PayPal QR-koden med sin smartphone f\u00f6r att omedelbart \u00f6verf\u00f6ra sin \u00f6nskade betalning, vilket erbjuder ett s\u00e4kert, snabbt och okomplicerat s\u00e4tt att betala.<\/li>\n<li><strong>H\u00f6gkvalitativ kartong<\/strong>: Bordst\u00e4ltet \u00e4r tillverkat av robust och h\u00f6gkvalitativ kartong och \u00e4r byggt f\u00f6r att t\u00e5la dagligt slitage, vilket g\u00f6r det till det perfekta tillbeh\u00f6ret f\u00f6r restauranger, kaf\u00e9er, butiker eller m\u00e4ssor.<\/li>\n<li><strong>Modern design<\/strong>: Dess minimalistiska men moderna design sm\u00e4lter s\u00f6ml\u00f6st in i alla milj\u00f6er och blir en tilltalande mittpunkt p\u00e5 alla bord.<\/li>\n<li><strong>M\u00e5ngsidig anv\u00e4ndning<\/strong>: Det \u00e4r en idealisk l\u00f6sning f\u00f6r bes\u00f6ksn\u00e4ringen, detaljhandeln eller evenemang d\u00e4r ett bekv\u00e4mt och snabbt betalningsalternativ \u00f6nskas.<\/li>\n<\/ul>\n<p><strong>F\u00f6rdelar:<\/strong><\/p>\n<ul>\n<li>S\u00e4g adj\u00f6 till l\u00e5nga v\u00e4ntetider och besv\u00e4ret med att hantera kontanter.<\/li>\n<li>Ge ditt f\u00f6retag ett modernt och innovativt f\u00f6rspr\u00e5ng.<\/li>\n<li>Skapa f\u00f6rtroende hos kunderna genom att inf\u00f6rliva ditt varum\u00e4rkes logotyp i betalningsprocessen.<\/li>\n<\/ul>\n<p>Investera i ett personligt anpassat PayPal QR Code bordst\u00e4lt idag och utrusta dina kunder med framtidens enkla, moderna betalningsl\u00f6sning!<\/p>\n","protected":false},"featured_media":99814,"comment_status":"open","ping_status":"closed","template":"","meta":{"_acf_changed":false,"_yoast_wpseo_focuskw":"","_yoast_wpseo_title":"PayPal Pay QR Code Table Tent Brand Refresh | truzzer","_yoast_wpseo_metadesc":"Ta emot PayPal-betalningar med PayPal Pay QR Code Table Tent Brand Refresh fr\u00e5n truzzer. Enkel installation, redo att anv\u00e4nda. Best\u00e4ll nu!"},"product_brand":[1675],"product_cat":[1494,1009,544],"product_tag":[],"class_list":{"0":"post-99808","1":"product","2":"type-product","3":"status-publish","4":"has-post-thumbnail","6":"product_brand-paypal","7":"product_cat-paypal-betalning-bordsstall-med-qr-kod","8":"product_cat-qr-kod-displayer-stall","9":"product_cat-qr-kod-produkter","10":"pa_material-karton","11":"pa_product-type-displayer-och-stativ","12":"pa_technology-qr-code","13":"pa_technology-qr-kod","15":"first","16":"instock","17":"taxable","18":"shipping-taxable","19":"purchasable","20":"product-type-simple"},"acf":[],"yoast_head":"<!-- This site is optimized with the Yoast SEO plugin v27.0 - https:\/\/yoast.com\/product\/yoast-seo-wordpress\/ -->\n<title>PayPal Pay QR Code Table Tent Brand Refresh | truzzer<\/title>\n<meta name=\"description\" content=\"Ta emot PayPal-betalningar med PayPal Pay QR Code Table Tent Brand Refresh fr\u00e5n truzzer. Enkel installation, redo att anv\u00e4nda. Best\u00e4ll nu!\" \/>\n<meta name=\"robots\" content=\"index, follow, max-snippet:-1, max-image-preview:large, max-video-preview:-1\" \/>\n<link rel=\"canonical\" href=\"https:\/\/www.truzzer.com\/sv\/produkt\/paypal-pay-qr-code-table-tent-brand-refresh\/\" \/>\n<meta property=\"og:locale\" content=\"sv_SE\" \/>\n<meta property=\"og:type\" content=\"article\" \/>\n<meta property=\"og:title\" content=\"PayPal Pay QR Code Table Tent Brand Refresh | truzzer\" \/>\n<meta property=\"og:description\" content=\"Ta emot PayPal-betalningar med PayPal Pay QR Code Table Tent Brand Refresh fr\u00e5n truzzer. Enkel installation, redo att anv\u00e4nda. Best\u00e4ll nu!\" \/>\n<meta property=\"og:url\" content=\"https:\/\/www.truzzer.com\/sv\/produkt\/paypal-pay-qr-code-table-tent-brand-refresh\/\" \/>\n<meta property=\"og:site_name\" content=\"truzzer\" \/>\n<meta property=\"article:modified_time\" content=\"2026-02-13T10:18:05+00:00\" \/>\n<meta property=\"og:image\" content=\"https:\/\/www.truzzer.com\/wp-content\/uploads\/2026\/02\/paypal-pay-bezahlen-qr-code-table-tent-new-design-empfehlio-truzzer-a-iso-2.jpg\" \/>\n\t<meta property=\"og:image:width\" content=\"1400\" \/>\n\t<meta property=\"og:image:height\" content=\"1400\" \/>\n\t<meta property=\"og:image:type\" content=\"image\/jpeg\" \/>\n<meta name=\"twitter:card\" content=\"summary_large_image\" \/>\n<meta name=\"twitter:label1\" content=\"Ber\u00e4knad l\u00e4stid\" \/>\n\t<meta name=\"twitter:data1\" content=\"1 minut\" \/>\n<script type=\"application\/ld+json\" class=\"yoast-schema-graph\">{\"@context\":\"https:\/\/schema.org\",\"@graph\":[{\"@type\":\"WebPage\",\"@id\":\"https:\/\/www.truzzer.com\/sv\/produkt\/paypal-pay-qr-code-table-tent-brand-refresh\/\",\"url\":\"https:\/\/www.truzzer.com\/sv\/produkt\/paypal-pay-qr-code-table-tent-brand-refresh\/\",\"name\":\"PayPal Pay QR Code Table Tent Brand Refresh | truzzer\",\"isPartOf\":{\"@id\":\"https:\/\/www.truzzer.com\/sv\/#website\"},\"primaryImageOfPage\":{\"@id\":\"https:\/\/www.truzzer.com\/sv\/produkt\/paypal-pay-qr-code-table-tent-brand-refresh\/#primaryimage\"},\"image\":{\"@id\":\"https:\/\/www.truzzer.com\/sv\/produkt\/paypal-pay-qr-code-table-tent-brand-refresh\/#primaryimage\"},\"thumbnailUrl\":\"https:\/\/www.truzzer.com\/wp-content\/uploads\/2026\/02\/paypal-pay-bezahlen-qr-code-table-tent-new-design-empfehlio-truzzer-a-iso-2.jpg\",\"datePublished\":\"2026-02-01T19:48:52+00:00\",\"dateModified\":\"2026-02-13T10:18:05+00:00\",\"description\":\"Ta emot PayPal-betalningar med PayPal Pay QR Code Table Tent Brand Refresh fr\u00e5n truzzer. Enkel installation, redo att anv\u00e4nda. Best\u00e4ll nu!\",\"breadcrumb\":{\"@id\":\"https:\/\/www.truzzer.com\/sv\/produkt\/paypal-pay-qr-code-table-tent-brand-refresh\/#breadcrumb\"},\"inLanguage\":\"sv-SE\",\"potentialAction\":[{\"@type\":\"ReadAction\",\"target\":[\"https:\/\/www.truzzer.com\/sv\/produkt\/paypal-pay-qr-code-table-tent-brand-refresh\/\"]}]},{\"@type\":\"ImageObject\",\"inLanguage\":\"sv-SE\",\"@id\":\"https:\/\/www.truzzer.com\/sv\/produkt\/paypal-pay-qr-code-table-tent-brand-refresh\/#primaryimage\",\"url\":\"https:\/\/www.truzzer.com\/wp-content\/uploads\/2026\/02\/paypal-pay-bezahlen-qr-code-table-tent-new-design-empfehlio-truzzer-a-iso-2.jpg\",\"contentUrl\":\"https:\/\/www.truzzer.com\/wp-content\/uploads\/2026\/02\/paypal-pay-bezahlen-qr-code-table-tent-new-design-empfehlio-truzzer-a-iso-2.jpg\",\"width\":1400,\"height\":1400},{\"@type\":\"BreadcrumbList\",\"@id\":\"https:\/\/www.truzzer.com\/sv\/produkt\/paypal-pay-qr-code-table-tent-brand-refresh\/#breadcrumb\",\"itemListElement\":[{\"@type\":\"ListItem\",\"position\":1,\"name\":\"Home\",\"item\":\"https:\/\/www.truzzer.com\/sv\/\"},{\"@type\":\"ListItem\",\"position\":2,\"name\":\"Butik\",\"item\":\"https:\/\/www.truzzer.com\/sv\/butik\/\"},{\"@type\":\"ListItem\",\"position\":3,\"name\":\"PayPal Pay QR Kod Bordst\u00e4lt Brand Refresh\"}]},{\"@type\":\"WebSite\",\"@id\":\"https:\/\/www.truzzer.com\/sv\/#website\",\"url\":\"https:\/\/www.truzzer.com\/sv\/\",\"name\":\"truzzer\",\"description\":\"Experts for customer trust\",\"publisher\":{\"@id\":\"https:\/\/www.truzzer.com\/sv\/#organization\"},\"potentialAction\":[{\"@type\":\"SearchAction\",\"target\":{\"@type\":\"EntryPoint\",\"urlTemplate\":\"https:\/\/www.truzzer.com\/sv\/?s={search_term_string}\"},\"query-input\":{\"@type\":\"PropertyValueSpecification\",\"valueRequired\":true,\"valueName\":\"search_term_string\"}}],\"inLanguage\":\"sv-SE\"},{\"@type\":\"Organization\",\"@id\":\"https:\/\/www.truzzer.com\/sv\/#organization\",\"name\":\"truzzer\",\"url\":\"https:\/\/www.truzzer.com\/sv\/\",\"logo\":{\"@type\":\"ImageObject\",\"inLanguage\":\"sv-SE\",\"@id\":\"https:\/\/www.truzzer.com\/sv\/#\/schema\/logo\/image\/\",\"url\":\"https:\/\/truzzer.com\/wp-content\/uploads\/2026\/01\/truzzer-logo-black-1.svg\",\"contentUrl\":\"https:\/\/truzzer.com\/wp-content\/uploads\/2026\/01\/truzzer-logo-black-1.svg\",\"width\":938,\"height\":199,\"caption\":\"truzzer\"},\"image\":{\"@id\":\"https:\/\/www.truzzer.com\/sv\/#\/schema\/logo\/image\/\"}}]}<\/script>\n<!-- \/ Yoast SEO plugin. -->","yoast_head_json":{"title":"PayPal Pay QR Code Table Tent Brand Refresh | truzzer","description":"Ta emot PayPal-betalningar med PayPal Pay QR Code Table Tent Brand Refresh fr\u00e5n truzzer. Enkel installation, redo att anv\u00e4nda. Best\u00e4ll nu!","robots":{"index":"index","follow":"follow","max-snippet":"max-snippet:-1","max-image-preview":"max-image-preview:large","max-video-preview":"max-video-preview:-1"},"canonical":"https:\/\/www.truzzer.com\/sv\/produkt\/paypal-pay-qr-code-table-tent-brand-refresh\/","og_locale":"sv_SE","og_type":"article","og_title":"PayPal Pay QR Code Table Tent Brand Refresh | truzzer","og_description":"Ta emot PayPal-betalningar med PayPal Pay QR Code Table Tent Brand Refresh fr\u00e5n truzzer. Enkel installation, redo att anv\u00e4nda. Best\u00e4ll nu!","og_url":"https:\/\/www.truzzer.com\/sv\/produkt\/paypal-pay-qr-code-table-tent-brand-refresh\/","og_site_name":"truzzer","article_modified_time":"2026-02-13T10:18:05+00:00","og_image":[{"width":1400,"height":1400,"url":"https:\/\/www.truzzer.com\/wp-content\/uploads\/2026\/02\/paypal-pay-bezahlen-qr-code-table-tent-new-design-empfehlio-truzzer-a-iso-2.jpg","type":"image\/jpeg"}],"twitter_card":"summary_large_image","twitter_misc":{"Ber\u00e4knad l\u00e4stid":"1 minut"},"schema":{"@context":"https:\/\/schema.org","@graph":[{"@type":"WebPage","@id":"https:\/\/www.truzzer.com\/sv\/produkt\/paypal-pay-qr-code-table-tent-brand-refresh\/","url":"https:\/\/www.truzzer.com\/sv\/produkt\/paypal-pay-qr-code-table-tent-brand-refresh\/","name":"PayPal Pay QR Code Table Tent Brand Refresh | truzzer","isPartOf":{"@id":"https:\/\/www.truzzer.com\/sv\/#website"},"primaryImageOfPage":{"@id":"https:\/\/www.truzzer.com\/sv\/produkt\/paypal-pay-qr-code-table-tent-brand-refresh\/#primaryimage"},"image":{"@id":"https:\/\/www.truzzer.com\/sv\/produkt\/paypal-pay-qr-code-table-tent-brand-refresh\/#primaryimage"},"thumbnailUrl":"https:\/\/www.truzzer.com\/wp-content\/uploads\/2026\/02\/paypal-pay-bezahlen-qr-code-table-tent-new-design-empfehlio-truzzer-a-iso-2.jpg","datePublished":"2026-02-01T19:48:52+00:00","dateModified":"2026-02-13T10:18:05+00:00","description":"Ta emot PayPal-betalningar med PayPal Pay QR Code Table Tent Brand Refresh fr\u00e5n truzzer. Enkel installation, redo att anv\u00e4nda. Best\u00e4ll nu!","breadcrumb":{"@id":"https:\/\/www.truzzer.com\/sv\/produkt\/paypal-pay-qr-code-table-tent-brand-refresh\/#breadcrumb"},"inLanguage":"sv-SE","potentialAction":[{"@type":"ReadAction","target":["https:\/\/www.truzzer.com\/sv\/produkt\/paypal-pay-qr-code-table-tent-brand-refresh\/"]}]},{"@type":"ImageObject","inLanguage":"sv-SE","@id":"https:\/\/www.truzzer.com\/sv\/produkt\/paypal-pay-qr-code-table-tent-brand-refresh\/#primaryimage","url":"https:\/\/www.truzzer.com\/wp-content\/uploads\/2026\/02\/paypal-pay-bezahlen-qr-code-table-tent-new-design-empfehlio-truzzer-a-iso-2.jpg","contentUrl":"https:\/\/www.truzzer.com\/wp-content\/uploads\/2026\/02\/paypal-pay-bezahlen-qr-code-table-tent-new-design-empfehlio-truzzer-a-iso-2.jpg","width":1400,"height":1400},{"@type":"BreadcrumbList","@id":"https:\/\/www.truzzer.com\/sv\/produkt\/paypal-pay-qr-code-table-tent-brand-refresh\/#breadcrumb","itemListElement":[{"@type":"ListItem","position":1,"name":"Home","item":"https:\/\/www.truzzer.com\/sv\/"},{"@type":"ListItem","position":2,"name":"Butik","item":"https:\/\/www.truzzer.com\/sv\/butik\/"},{"@type":"ListItem","position":3,"name":"PayPal Pay QR Kod Bordst\u00e4lt Brand Refresh"}]},{"@type":"WebSite","@id":"https:\/\/www.truzzer.com\/sv\/#website","url":"https:\/\/www.truzzer.com\/sv\/","name":"truzzer","description":"Experts for customer trust","publisher":{"@id":"https:\/\/www.truzzer.com\/sv\/#organization"},"potentialAction":[{"@type":"SearchAction","target":{"@type":"EntryPoint","urlTemplate":"https:\/\/www.truzzer.com\/sv\/?s={search_term_string}"},"query-input":{"@type":"PropertyValueSpecification","valueRequired":true,"valueName":"search_term_string"}}],"inLanguage":"sv-SE"},{"@type":"Organization","@id":"https:\/\/www.truzzer.com\/sv\/#organization","name":"truzzer","url":"https:\/\/www.truzzer.com\/sv\/","logo":{"@type":"ImageObject","inLanguage":"sv-SE","@id":"https:\/\/www.truzzer.com\/sv\/#\/schema\/logo\/image\/","url":"https:\/\/truzzer.com\/wp-content\/uploads\/2026\/01\/truzzer-logo-black-1.svg","contentUrl":"https:\/\/truzzer.com\/wp-content\/uploads\/2026\/01\/truzzer-logo-black-1.svg","width":938,"height":199,"caption":"truzzer"},"image":{"@id":"https:\/\/www.truzzer.com\/sv\/#\/schema\/logo\/image\/"}}]}},"tiered_pricing_type":"fixed","tiered_pricing_fixed_rules":[],"tiered_pricing_product_settings":{"layout":"default","base_unit_name":{"singular":null,"plural":null},"default_variation":null},"tiered_pricing_minimum_quantity":null,"tiered_pricing_roles_data":[],"tiered_pricing_percentage_rules":[],"tiered_pricing_maximum_quantity":null,"tiered_pricing_quantity_step":null,"_links":{"self":[{"href":"https:\/\/www.truzzer.com\/sv\/wp-json\/wp\/v2\/product\/99808","targetHints":{"allow":["GET"]}}],"collection":[{"href":"https:\/\/www.truzzer.com\/sv\/wp-json\/wp\/v2\/product"}],"about":[{"href":"https:\/\/www.truzzer.com\/sv\/wp-json\/wp\/v2\/types\/product"}],"replies":[{"embeddable":true,"href":"https:\/\/www.truzzer.com\/sv\/wp-json\/wp\/v2\/comments?post=99808"}],"wp:featuredmedia":[{"embeddable":true,"href":"https:\/\/www.truzzer.com\/sv\/wp-json\/wp\/v2\/media\/99814"}],"wp:attachment":[{"href":"https:\/\/www.truzzer.com\/sv\/wp-json\/wp\/v2\/media?parent=99808"}],"wp:term":[{"taxonomy":"product_brand","embeddable":true,"href":"https:\/\/www.truzzer.com\/sv\/wp-json\/wp\/v2\/product_brand?post=99808"},{"taxonomy":"product_cat","embeddable":true,"href":"https:\/\/www.truzzer.com\/sv\/wp-json\/wp\/v2\/product_cat?post=99808"},{"taxonomy":"product_tag","embeddable":true,"href":"https:\/\/www.truzzer.com\/sv\/wp-json\/wp\/v2\/product_tag?post=99808"}],"curies":[{"name":"wp","href":"https:\/\/api.w.org\/{rel}","templated":true}]}}